{"id":17296,"date":"2025-06-13T07:09:34","date_gmt":"2025-06-13T07:09:34","guid":{"rendered":"https:\/\/hakmarfrance.online\/impressum\/"},"modified":"2025-10-02T12:34:11","modified_gmt":"2025-10-02T12:34:11","slug":"impressum","status":"publish","type":"page","link":"https:\/\/hakmarfrance.online\/de\/impressum\/","title":{"rendered":"Impressum"},"content":{"rendered":"\n<h2 class=\"wp-block-heading\"><strong>Letzte Aktualisierung: 02.10.2025<\/strong><\/h2>\n\n<p><\/p>\n\n<h3 class=\"wp-block-heading\"><strong>Gem\u00e4\u00df Artikel 6 des Gesetzes Nr. 2004-575 vom 21. Juni 2004 \u00fcber das Vertrauen in die digitale Wirtschaft (LCEN)<\/strong> werden die Nutzer der Website \u00fcber die Identit\u00e4t der verschiedenen Beteiligten bei ihrer Erstellung und Pflege informiert.<\/h3>\n\n<h3 class=\"wp-block-heading\">1. Website-Herausgeber<\/h3>\n\n<ul class=\"wp-block-list\">\n<li><strong>Handelsname<\/strong>: <strong>Hakmar France Supermarch\u00e9<\/strong><\/li>\n\n\n\n<li><strong>Rechtsform<\/strong>: Einpersonen-GmbH<\/li>\n\n\n\n<li><strong>SIRET<\/strong>: 910 499 110 00021<\/li>\n\n\n\n<li><strong>Adresse<\/strong>: 41 Avenue Fran\u00e7ois Mitterrand, 68200 Mulhouse<\/li>\n\n\n\n<li><strong>E-Mail<\/strong>: <a>hakmarfrance@gmail.com<\/a><\/li>\n\n\n\n<li><strong>Telefon<\/strong>: <a href=\"tel:0369072867\">03 69 07 28 67<\/a><\/li>\n\n\n\n<li><strong>Verantwortlicher f\u00fcr die Ver\u00f6ffentlichung<\/strong>: Hakan KARGAVUS<\/li>\n<\/ul>\n\n<h3 class=\"wp-block-heading\">2. Hosting<\/h3>\n\n<p>Die Website wird gehostet von:<br\/>\n  <strong>Hostinger International Ltd<\/strong>\n  <br\/>61 Lordou Vironos Street, 6023 Larnaca, Zypern<br\/>Website: <a class=\"\" href=\"http:\/\/www.hostinger.fr\">www.hostinger.fr<\/a><br\/>E-Mail: <a>support@hostinger.com<\/a>\n<\/p>\n\n<h3 class=\"wp-block-heading\">3. Geistiges Eigentum<\/h3>\n\n<p>Alle Elemente der Website (Texte, Bilder, Grafiken, Logo, Videos, Struktur usw.) sind ausschlie\u00dfliches Eigentum von <strong><strong>Hakmar <\/strong>France Supermarch\u00e9<\/strong>, sofern nicht anders angegeben.<br\/>Jegliche Vervielf\u00e4ltigung, Verbreitung, \u00c4nderung, Anpassung oder Ver\u00f6ffentlichung, auch auszugsweise, ist ohne vorherige schriftliche Genehmigung untersagt.<\/p>\n\n<h3 class=\"wp-block-heading\">4. Haftung<\/h3>\n\n<p><strong><strong>Hakmar <\/strong>France Supermarch\u00e9<\/strong> kann nicht f\u00fcr Fehler auf der Website, technische Probleme, Unterbrechungen oder die Nichtverf\u00fcgbarkeit der Website verantwortlich gemacht werden.<br\/>Das Vorhandensein externer Links stellt keine Best\u00e4tigung des Inhalts dar, auf den sie verweisen.<strong><strong>Hakmar <\/strong>France Supermarch\u00e9<\/strong> lehnt jede Verantwortung f\u00fcr diese Inhalte ab.<\/p>\n\n<h3 class=\"wp-block-heading\">5. Pers\u00f6nliche Daten<\/h3>\n\n<p>Die Erhebung und Verarbeitung deiner pers\u00f6nlichen Daten unterliegt unserer Datenschutzrichtlinie, die auf einer speziellen Seite verf\u00fcgbar ist.<br\/>Du kannst deine Rechte auf Zugang, Berichtigung, Widerspruch und L\u00f6schung jederzeit unter folgender Adresse aus\u00fcben: <a>hakmarfrance@gmail.com<\/a><\/p>\n\n<h3 class=\"wp-block-heading\">6. Cookies<\/h3>\n\n<p>Die Website verwendet Cookies, um dein Nutzererlebnis zu verbessern, die Reichweite zu messen und den reibungslosen Betrieb der Website zu gew\u00e4hrleisten. Ein Banner erm\u00f6glicht es dir, deine Pr\u00e4ferenzen w\u00e4hrend deines Besuchs zu verwalten. <\/p>\n\n<hr class=\"wp-block-separator has-alpha-channel-opacity\"\/>\n","protected":false},"excerpt":{"rendered":"<p>Letzte Aktualisierung: 02.10.2025 Gem\u00e4\u00df Artikel 6 des Gesetzes Nr. 2004-575 vom 21. Juni 2004 \u00fcber das Vertrauen in die digitale<\/p>\n","protected":false},"author":1,"featured_media":0,"parent":0,"menu_order":0,"comment_status":"closed","ping_status":"closed","template":"","meta":{"iawp_total_views":2,"footnotes":""},"class_list":["post-17296","page","type-page","status-publish","hentry"],"yoast_head":"<!-- This site is optimized with the Yoast SEO plugin v27.3 - https:\/\/yoast.com\/product\/yoast-seo-wordpress\/ -->\n<title>Impressum - hakmarfrance.online<\/title>\n<meta name=\"robots\" content=\"index, follow, max-snippet:-1, max-image-preview:large, max-video-preview:-1\" \/>\n<link rel=\"canonical\" href=\"https:\/\/hakmarfrance.online\/de\/impressum\/\" \/>\n<meta property=\"og:locale\" content=\"de_DE\" \/>\n<meta property=\"og:type\" content=\"article\" \/>\n<meta property=\"og:title\" content=\"Impressum - hakmarfrance.online\" \/>\n<meta property=\"og:description\" content=\"Letzte Aktualisierung: 02.10.2025 Gem\u00e4\u00df Artikel 6 des Gesetzes Nr. 2004-575 vom 21. Juni 2004 \u00fcber das Vertrauen in die digitale\" \/>\n<meta property=\"og:url\" content=\"https:\/\/hakmarfrance.online\/de\/impressum\/\" \/>\n<meta property=\"og:site_name\" content=\"hakmarfrance.online\" \/>\n<meta property=\"article:publisher\" content=\"https:\/\/www.facebook.com\/HakmarFranceSupermarche\/?locale=fr_FR\" \/>\n<meta property=\"article:modified_time\" content=\"2025-10-02T12:34:11+00:00\" \/>\n<meta name=\"twitter:card\" content=\"summary_large_image\" \/>\n<meta name=\"twitter:label1\" content=\"Gesch\u00e4tzte Lesezeit\" \/>\n\t<meta name=\"twitter:data1\" content=\"1\u00a0Minute\" \/>\n<script type=\"application\/ld+json\" class=\"yoast-schema-graph\">{\"@context\":\"https:\\\/\\\/schema.org\",\"@graph\":[{\"@type\":\"WebPage\",\"@id\":\"https:\\\/\\\/hakmarfrance.online\\\/de\\\/impressum\\\/\",\"url\":\"https:\\\/\\\/hakmarfrance.online\\\/de\\\/impressum\\\/\",\"name\":\"Impressum - hakmarfrance.online\",\"isPartOf\":{\"@id\":\"https:\\\/\\\/hakmarfrance.online\\\/de\\\/#website\"},\"datePublished\":\"2025-06-13T07:09:34+00:00\",\"dateModified\":\"2025-10-02T12:34:11+00:00\",\"breadcrumb\":{\"@id\":\"https:\\\/\\\/hakmarfrance.online\\\/de\\\/impressum\\\/#breadcrumb\"},\"inLanguage\":\"de\",\"potentialAction\":[{\"@type\":\"ReadAction\",\"target\":[\"https:\\\/\\\/hakmarfrance.online\\\/de\\\/impressum\\\/\"]}]},{\"@type\":\"BreadcrumbList\",\"@id\":\"https:\\\/\\\/hakmarfrance.online\\\/de\\\/impressum\\\/#breadcrumb\",\"itemListElement\":[{\"@type\":\"ListItem\",\"position\":1,\"name\":\"Accueil\",\"item\":\"https:\\\/\\\/hakmarfrance.online\\\/de\\\/\"},{\"@type\":\"ListItem\",\"position\":2,\"name\":\"Impressum\"}]},{\"@type\":\"WebSite\",\"@id\":\"https:\\\/\\\/hakmarfrance.online\\\/de\\\/#website\",\"url\":\"https:\\\/\\\/hakmarfrance.online\\\/de\\\/\",\"name\":\"hakmarfrance.online\",\"description\":\"\",\"publisher\":{\"@id\":\"https:\\\/\\\/hakmarfrance.online\\\/de\\\/#organization\"},\"potentialAction\":[{\"@type\":\"SearchAction\",\"target\":{\"@type\":\"EntryPoint\",\"urlTemplate\":\"https:\\\/\\\/hakmarfrance.online\\\/de\\\/?s={search_term_string}\"},\"query-input\":{\"@type\":\"PropertyValueSpecification\",\"valueRequired\":true,\"valueName\":\"search_term_string\"}}],\"inLanguage\":\"de\"},{\"@type\":\"Organization\",\"@id\":\"https:\\\/\\\/hakmarfrance.online\\\/de\\\/#organization\",\"name\":\"hakmarfrance.online\",\"url\":\"https:\\\/\\\/hakmarfrance.online\\\/de\\\/\",\"logo\":{\"@type\":\"ImageObject\",\"inLanguage\":\"de\",\"@id\":\"https:\\\/\\\/hakmarfrance.online\\\/de\\\/#\\\/schema\\\/logo\\\/image\\\/\",\"url\":\"https:\\\/\\\/hakmarfrance.online\\\/wp-content\\\/uploads\\\/2025\\\/06\\\/logo-hakmarfrance.png\",\"contentUrl\":\"https:\\\/\\\/hakmarfrance.online\\\/wp-content\\\/uploads\\\/2025\\\/06\\\/logo-hakmarfrance.png\",\"width\":528,\"height\":232,\"caption\":\"hakmarfrance.online\"},\"image\":{\"@id\":\"https:\\\/\\\/hakmarfrance.online\\\/de\\\/#\\\/schema\\\/logo\\\/image\\\/\"},\"sameAs\":[\"https:\\\/\\\/www.facebook.com\\\/HakmarFranceSupermarche\\\/?locale=fr_FR\",\"https:\\\/\\\/www.instagram.com\\\/hakmarfrancesupermarche\\\/\"]}]}<\/script>\n<!-- \/ Yoast SEO plugin. -->","yoast_head_json":{"title":"Impressum - hakmarfrance.online","robots":{"index":"index","follow":"follow","max-snippet":"max-snippet:-1","max-image-preview":"max-image-preview:large","max-video-preview":"max-video-preview:-1"},"canonical":"https:\/\/hakmarfrance.online\/de\/impressum\/","og_locale":"de_DE","og_type":"article","og_title":"Impressum - hakmarfrance.online","og_description":"Letzte Aktualisierung: 02.10.2025 Gem\u00e4\u00df Artikel 6 des Gesetzes Nr. 2004-575 vom 21. Juni 2004 \u00fcber das Vertrauen in die digitale","og_url":"https:\/\/hakmarfrance.online\/de\/impressum\/","og_site_name":"hakmarfrance.online","article_publisher":"https:\/\/www.facebook.com\/HakmarFranceSupermarche\/?locale=fr_FR","article_modified_time":"2025-10-02T12:34:11+00:00","twitter_card":"summary_large_image","twitter_misc":{"Gesch\u00e4tzte Lesezeit":"1\u00a0Minute"},"schema":{"@context":"https:\/\/schema.org","@graph":[{"@type":"WebPage","@id":"https:\/\/hakmarfrance.online\/de\/impressum\/","url":"https:\/\/hakmarfrance.online\/de\/impressum\/","name":"Impressum - hakmarfrance.online","isPartOf":{"@id":"https:\/\/hakmarfrance.online\/de\/#website"},"datePublished":"2025-06-13T07:09:34+00:00","dateModified":"2025-10-02T12:34:11+00:00","breadcrumb":{"@id":"https:\/\/hakmarfrance.online\/de\/impressum\/#breadcrumb"},"inLanguage":"de","potentialAction":[{"@type":"ReadAction","target":["https:\/\/hakmarfrance.online\/de\/impressum\/"]}]},{"@type":"BreadcrumbList","@id":"https:\/\/hakmarfrance.online\/de\/impressum\/#breadcrumb","itemListElement":[{"@type":"ListItem","position":1,"name":"Accueil","item":"https:\/\/hakmarfrance.online\/de\/"},{"@type":"ListItem","position":2,"name":"Impressum"}]},{"@type":"WebSite","@id":"https:\/\/hakmarfrance.online\/de\/#website","url":"https:\/\/hakmarfrance.online\/de\/","name":"hakmarfrance.online","description":"","publisher":{"@id":"https:\/\/hakmarfrance.online\/de\/#organization"},"potentialAction":[{"@type":"SearchAction","target":{"@type":"EntryPoint","urlTemplate":"https:\/\/hakmarfrance.online\/de\/?s={search_term_string}"},"query-input":{"@type":"PropertyValueSpecification","valueRequired":true,"valueName":"search_term_string"}}],"inLanguage":"de"},{"@type":"Organization","@id":"https:\/\/hakmarfrance.online\/de\/#organization","name":"hakmarfrance.online","url":"https:\/\/hakmarfrance.online\/de\/","logo":{"@type":"ImageObject","inLanguage":"de","@id":"https:\/\/hakmarfrance.online\/de\/#\/schema\/logo\/image\/","url":"https:\/\/hakmarfrance.online\/wp-content\/uploads\/2025\/06\/logo-hakmarfrance.png","contentUrl":"https:\/\/hakmarfrance.online\/wp-content\/uploads\/2025\/06\/logo-hakmarfrance.png","width":528,"height":232,"caption":"hakmarfrance.online"},"image":{"@id":"https:\/\/hakmarfrance.online\/de\/#\/schema\/logo\/image\/"},"sameAs":["https:\/\/www.facebook.com\/HakmarFranceSupermarche\/?locale=fr_FR","https:\/\/www.instagram.com\/hakmarfrancesupermarche\/"]}]}},"_links":{"self":[{"href":"https:\/\/hakmarfrance.online\/de\/wp-json\/wp\/v2\/pages\/17296","targetHints":{"allow":["GET"]}}],"collection":[{"href":"https:\/\/hakmarfrance.online\/de\/wp-json\/wp\/v2\/pages"}],"about":[{"href":"https:\/\/hakmarfrance.online\/de\/wp-json\/wp\/v2\/types\/page"}],"author":[{"embeddable":true,"href":"https:\/\/hakmarfrance.online\/de\/wp-json\/wp\/v2\/users\/1"}],"replies":[{"embeddable":true,"href":"https:\/\/hakmarfrance.online\/de\/wp-json\/wp\/v2\/comments?post=17296"}],"version-history":[{"count":1,"href":"https:\/\/hakmarfrance.online\/de\/wp-json\/wp\/v2\/pages\/17296\/revisions"}],"predecessor-version":[{"id":17299,"href":"https:\/\/hakmarfrance.online\/de\/wp-json\/wp\/v2\/pages\/17296\/revisions\/17299"}],"wp:attachment":[{"href":"https:\/\/hakmarfrance.online\/de\/wp-json\/wp\/v2\/media?parent=17296"}],"curies":[{"name":"wp","href":"https:\/\/api.w.org\/{rel}","templated":true}]}}