{"id":17396,"date":"2024-03-01T12:52:12","date_gmt":"2024-03-01T12:52:12","guid":{"rendered":"https:\/\/hakmarfrance.online\/wer-sind-wir\/"},"modified":"2025-10-02T12:35:28","modified_gmt":"2025-10-02T12:35:28","slug":"wer-sind-wir","status":"publish","type":"page","link":"https:\/\/hakmarfrance.online\/de\/wer-sind-wir\/","title":{"rendered":"Wer sind wir"},"content":{"rendered":"\t\t<div data-elementor-type=\"wp-page\" data-elementor-id=\"17396\" class=\"elementor elementor-17396 elementor-15\">\n\t\t\t\t<div class=\"wd-negative-gap elementor-element elementor-element-5123e6c e-flex e-con-boxed e-con e-parent\" data-id=\"5123e6c\" data-element_type=\"container\" data-e-type=\"container\">\n\t\t\t\t\t<div class=\"e-con-inner\">\n\t\t<div class=\"elementor-element elementor-element-d96a18c e-con-full e-flex e-con e-child\" data-id=\"d96a18c\" data-element_type=\"container\" data-e-type=\"container\">\n\t\t\t\t<div class=\"elementor-element elementor-element-6b5e06d wd-width-100 elementor-widget elementor-widget-wd_video\" data-id=\"6b5e06d\" data-element_type=\"widget\" data-e-type=\"widget\" data-widget_type=\"wd_video.default\">\n\t\t\t\t<div class=\"elementor-widget-container\">\n\t\t\t\t\t\n\t\t<div class=\"wd-el-video wd-action-without wd-video-hosted\">\n\t\t\t\t\t\t\t<video src=\"https:\/\/hakmarfrance.online\/wp-content\/uploads\/2024\/03\/vg-about-us-vid.mp4\" playsinline loop muted autoplay poster=\"https:\/\/hakmarfrance.online\/wp-content\/uploads\/2024\/03\/vg-about-us-image-opt.jpg\"><\/video>\t\t\t\n\t\t\t\n\t\t\t\n\t\t\t\t\t<\/div>\n\t\t\t\t\t\t<\/div>\n\t\t\t\t<\/div>\n\t\t\t\t<\/div>\n\t\t<div class=\"elementor-element elementor-element-cca9ce8 e-con-full e-flex e-con e-child\" data-id=\"cca9ce8\" data-element_type=\"container\" data-e-type=\"container\">\n\t\t\t\t<div class=\"elementor-element elementor-element-df0c631 wd-width-100 elementor-widget elementor-widget-wd_title\" data-id=\"df0c631\" data-element_type=\"widget\" data-e-type=\"widget\" data-widget_type=\"wd_title.default\">\n\t\t\t\t<div class=\"elementor-widget-container\">\n\t\t\t\t\t\t\t<div class=\"title-wrapper wd-set-mb reset-last-child wd-title-color-default wd-title-style-default wd-title-size-default text-left\">\n\n\t\t\t\n\t\t\t<div class=\"liner-continer\">\n\t\t\t\t<h4 class=\"woodmart-title-container title wd-fontsize-l\">Willkommen in unserem Supermarkt<\/h4> \n\t\t\t\t\t\t\t<\/div>\n\n\t\t\t\t\t<\/div>\n\t\t\t\t\t\t<\/div>\n\t\t\t\t<\/div>\n\t\t\t\t<div class=\"elementor-element elementor-element-c8aa6fe elementor-widget elementor-widget-wd_text_block\" data-id=\"c8aa6fe\" data-element_type=\"widget\" data-e-type=\"widget\" data-widget_type=\"wd_text_block.default\">\n\t\t\t\t<div class=\"elementor-widget-container\">\n\t\t\t\t\t\t\t<div class=\"wd-text-block reset-last-child text-left\">\n\t\t\t\n\t\t\t<p><strong data-start=\"272\" data-end=\"289\">Hakmar France Supermarch\u00e9<\/strong> ist viel mehr als nur ein einfacher Online-Supermarkt.<br data-start=\"341\" data-end=\"344\">Es ist die <strong data-start=\"353\" data-end=\"388\">Br\u00fccke zwischen den Aromen des Orients<\/strong> und deinem Alltag im Elsass.<\/p><h3 data-start=\"425\" data-end=\"476\">Ein lokales Gesch\u00e4ft, Produkte aus aller Welt<\/h3><p data-start=\"478\" data-end=\"749\">Mit Sitz in <strong data-start=\"485\" data-end=\"497\">M\u00fclhausen<\/strong> w\u00e4hlen wir f\u00fcr dich eine gro\u00dfe Auswahl an <strong data-start=\"547\" data-end=\"610\">t\u00fcrkischen, orientalischen, mediterranen und internationalen Produkten<\/strong> aus:<br data-start=\"612\" data-end=\"615\">\ud83e\udd69 Halal-Fleisch, \ud83e\udd6c frisches Obst &amp; Gem\u00fcse, \ud83e\uddc0 Milchprodukte, \ud83e\udd6b Feinkost, \ud83c\udf6c S\u00fc\u00dfwaren, \ud83e\uddc3 Getr\u00e4nke und vieles mehr\u2026<\/p>\n\t\t\t\t\t<\/div>\n\t\t\t\t\t\t<\/div>\n\t\t\t\t<\/div>\n\t\t\t\t<\/div>\n\t\t\t\t\t<\/div>\n\t\t\t\t<\/div>\n\t\t<div class=\"wd-negative-gap elementor-element elementor-element-f722805 e-flex e-con-boxed e-con e-parent\" data-id=\"f722805\" data-element_type=\"container\" data-e-type=\"container\">\n\t\t\t\t\t<div class=\"e-con-inner\">\n\t\t\t\t<div class=\"elementor-element elementor-element-37001e8 elementor-widget elementor-widget-wd_text_block\" data-id=\"37001e8\" data-element_type=\"widget\" data-e-type=\"widget\" data-widget_type=\"wd_text_block.default\">\n\t\t\t\t<div class=\"elementor-widget-container\">\n\t\t\t\t\t\t\t<div class=\"wd-text-block reset-last-child text-left\">\n\t\t\t\n\t\t\t<h2 data-start=\"186\" data-end=\"210\">Starke Werte<\/h2><p data-start=\"212\" data-end=\"304\">Bei <strong data-start=\"272\" data-end=\"289\">Hakmar France Supermarch\u00e9<\/strong> stellen wir den Menschen in den Mittelpunkt unseres Handelns.<br data-start=\"284\" data-end=\"287\">Wir glauben an:<\/p><p data-start=\"306\" data-end=\"500\">\u2705 Die <strong data-start=\"311\" data-end=\"324\">N\u00e4he<\/strong> zu unseren Kunden<br data-start=\"341\" data-end=\"344\">\u2705 Die <strong data-start=\"349\" data-end=\"360\">Qualit\u00e4t<\/strong> unserer frischen und orientalischen Produkte<br data-start=\"395\" data-end=\"398\">\u2705 <strong data-start=\"402\" data-end=\"428\">Erschwingliche Preise<\/strong> f\u00fcr alle<br data-start=\"438\" data-end=\"441\">\u2705 Der <strong data-start=\"446\" data-end=\"500\">Respekt vor den kulinarischen und kulturellen Traditionen<\/strong><\/p><hr data-start=\"502\" data-end=\"505\"><h2 data-start=\"507\" data-end=\"564\">\ud83d\udc68\u200d\ud83d\udc69\u200d\ud83d\udc67\u200d\ud83d\udc66 Ein Familienunternehmen, das sich f\u00fcr dich einsetzt<\/h2><p data-start=\"566\" data-end=\"797\"><strong data-start=\"272\" data-end=\"289\">Hakmar France Supermarch\u00e9<\/strong> ist ein in M\u00fclhausen geborenes Familienunternehmen mit einer einfachen Mission:<br data-start=\"655\" data-end=\"658\">dir die besten orientalischen und t\u00fcrkischen Produkte anzubieten, mit einem <strong data-start=\"736\" data-end=\"796\">schnellen Lieferservice nach Hause in M\u00fclhausen und Umgebung<\/strong>.<\/p><p data-start=\"799\" data-end=\"946\">Jeden Tag arbeiten wir mit Sorgfalt und Wohlwollen, um dir einen <strong data-start=\"887\" data-end=\"915\">schnellen, zuverl\u00e4ssigen und menschlichen<\/strong> Service zu bieten, der deinen Erwartungen entspricht.<\/p><hr data-start=\"948\" data-end=\"951\"><h2 data-start=\"953\" data-end=\"983\">\ud83d\ude4f Danke f\u00fcr dein Vertrauen<\/h2><p data-start=\"985\" data-end=\"1169\">Deine Treue ist unser gr\u00f6\u00dfter Stolz.<br data-start=\"1029\" data-end=\"1032\">Dank dir wird <strong data-start=\"272\" data-end=\"289\">Hakmar France Supermarch\u00e9<\/strong> zu einer Referenz f\u00fcr die <strong data-start=\"1089\" data-end=\"1124\">Lieferung von orientalischen und allt\u00e4glichen Produkten nach Hause in M\u00fclhausen<\/strong>.<\/p><hr data-start=\"1171\" data-end=\"1174\"><h2 data-start=\"1176\" data-end=\"1236\">\ud83d\uded2 Kaufe online ein und lass es dir nach Hause liefern<\/h2><p data-start=\"1237\" data-end=\"1338\">Mit <strong data-start=\"272\" data-end=\"289\">Hakmar France Supermarch\u00e9<\/strong> ist die <strong data-start=\"1264\" data-end=\"1301\">Lieferung nach Hause in M\u00fclhausen<\/strong> einfach, schnell und praktisch.<\/p><p data-start=\"1340\" data-end=\"1377\">\ud83d\udc49 <a class=\"\" href=\"\/\" rel=\"noopener\" data-start=\"1343\" data-end=\"1377\">Jetzt einkaufen<\/a><\/p>\n\t\t\t\t\t<\/div>\n\t\t\t\t\t\t<\/div>\n\t\t\t\t<\/div>\n\t\t\t\t\t<\/div>\n\t\t\t\t<\/div>\n\t\t\t\t<\/div>\n\t\t","protected":false},"excerpt":{"rendered":"<p>Willkommen in unserem Supermarkt Hakmar France Supermarch\u00e9 ist viel mehr als nur ein einfacher Online-Supermarkt.Es ist die Br\u00fccke zwischen den<\/p>\n","protected":false},"author":1,"featured_media":0,"parent":0,"menu_order":0,"comment_status":"closed","ping_status":"closed","template":"","meta":{"iawp_total_views":0,"footnotes":""},"class_list":["post-17396","page","type-page","status-publish","hentry"],"yoast_head":"<!-- This site is optimized with the Yoast SEO plugin v27.3 - https:\/\/yoast.com\/product\/yoast-seo-wordpress\/ -->\n<title>Wer sind wir - hakmarfrance.online<\/title>\n<meta name=\"robots\" content=\"index, follow, max-snippet:-1, max-image-preview:large, max-video-preview:-1\" \/>\n<link rel=\"canonical\" href=\"https:\/\/hakmarfrance.online\/de\/wer-sind-wir\/\" \/>\n<meta property=\"og:locale\" content=\"de_DE\" \/>\n<meta property=\"og:type\" content=\"article\" \/>\n<meta property=\"og:title\" content=\"Wer sind wir - hakmarfrance.online\" \/>\n<meta property=\"og:description\" content=\"Willkommen in unserem Supermarkt Hakmar France Supermarch\u00e9 ist viel mehr als nur ein einfacher Online-Supermarkt.Es ist die Br\u00fccke zwischen den\" \/>\n<meta property=\"og:url\" content=\"https:\/\/hakmarfrance.online\/de\/wer-sind-wir\/\" \/>\n<meta property=\"og:site_name\" content=\"hakmarfrance.online\" \/>\n<meta property=\"article:publisher\" content=\"https:\/\/www.facebook.com\/HakmarFranceSupermarche\/?locale=fr_FR\" \/>\n<meta property=\"article:modified_time\" content=\"2025-10-02T12:35:28+00:00\" \/>\n<meta name=\"twitter:card\" content=\"summary_large_image\" \/>\n<meta name=\"twitter:label1\" content=\"Gesch\u00e4tzte Lesezeit\" \/>\n\t<meta name=\"twitter:data1\" content=\"1\u00a0Minute\" \/>\n<script type=\"application\/ld+json\" class=\"yoast-schema-graph\">{\"@context\":\"https:\\\/\\\/schema.org\",\"@graph\":[{\"@type\":\"WebPage\",\"@id\":\"https:\\\/\\\/hakmarfrance.online\\\/de\\\/wer-sind-wir\\\/\",\"url\":\"https:\\\/\\\/hakmarfrance.online\\\/de\\\/wer-sind-wir\\\/\",\"name\":\"Wer sind wir - hakmarfrance.online\",\"isPartOf\":{\"@id\":\"https:\\\/\\\/hakmarfrance.online\\\/de\\\/#website\"},\"datePublished\":\"2024-03-01T12:52:12+00:00\",\"dateModified\":\"2025-10-02T12:35:28+00:00\",\"breadcrumb\":{\"@id\":\"https:\\\/\\\/hakmarfrance.online\\\/de\\\/wer-sind-wir\\\/#breadcrumb\"},\"inLanguage\":\"de\",\"potentialAction\":[{\"@type\":\"ReadAction\",\"target\":[\"https:\\\/\\\/hakmarfrance.online\\\/de\\\/wer-sind-wir\\\/\"]}]},{\"@type\":\"BreadcrumbList\",\"@id\":\"https:\\\/\\\/hakmarfrance.online\\\/de\\\/wer-sind-wir\\\/#breadcrumb\",\"itemListElement\":[{\"@type\":\"ListItem\",\"position\":1,\"name\":\"Accueil\",\"item\":\"https:\\\/\\\/hakmarfrance.online\\\/de\\\/\"},{\"@type\":\"ListItem\",\"position\":2,\"name\":\"Wer sind wir\"}]},{\"@type\":\"WebSite\",\"@id\":\"https:\\\/\\\/hakmarfrance.online\\\/de\\\/#website\",\"url\":\"https:\\\/\\\/hakmarfrance.online\\\/de\\\/\",\"name\":\"hakmarfrance.online\",\"description\":\"\",\"publisher\":{\"@id\":\"https:\\\/\\\/hakmarfrance.online\\\/de\\\/#organization\"},\"potentialAction\":[{\"@type\":\"SearchAction\",\"target\":{\"@type\":\"EntryPoint\",\"urlTemplate\":\"https:\\\/\\\/hakmarfrance.online\\\/de\\\/?s={search_term_string}\"},\"query-input\":{\"@type\":\"PropertyValueSpecification\",\"valueRequired\":true,\"valueName\":\"search_term_string\"}}],\"inLanguage\":\"de\"},{\"@type\":\"Organization\",\"@id\":\"https:\\\/\\\/hakmarfrance.online\\\/de\\\/#organization\",\"name\":\"hakmarfrance.online\",\"url\":\"https:\\\/\\\/hakmarfrance.online\\\/de\\\/\",\"logo\":{\"@type\":\"ImageObject\",\"inLanguage\":\"de\",\"@id\":\"https:\\\/\\\/hakmarfrance.online\\\/de\\\/#\\\/schema\\\/logo\\\/image\\\/\",\"url\":\"https:\\\/\\\/hakmarfrance.online\\\/wp-content\\\/uploads\\\/2025\\\/06\\\/logo-hakmarfrance.png\",\"contentUrl\":\"https:\\\/\\\/hakmarfrance.online\\\/wp-content\\\/uploads\\\/2025\\\/06\\\/logo-hakmarfrance.png\",\"width\":528,\"height\":232,\"caption\":\"hakmarfrance.online\"},\"image\":{\"@id\":\"https:\\\/\\\/hakmarfrance.online\\\/de\\\/#\\\/schema\\\/logo\\\/image\\\/\"},\"sameAs\":[\"https:\\\/\\\/www.facebook.com\\\/HakmarFranceSupermarche\\\/?locale=fr_FR\",\"https:\\\/\\\/www.instagram.com\\\/hakmarfrancesupermarche\\\/\"]}]}<\/script>\n<!-- \/ Yoast SEO plugin. -->","yoast_head_json":{"title":"Wer sind wir - hakmarfrance.online","robots":{"index":"index","follow":"follow","max-snippet":"max-snippet:-1","max-image-preview":"max-image-preview:large","max-video-preview":"max-video-preview:-1"},"canonical":"https:\/\/hakmarfrance.online\/de\/wer-sind-wir\/","og_locale":"de_DE","og_type":"article","og_title":"Wer sind wir - hakmarfrance.online","og_description":"Willkommen in unserem Supermarkt Hakmar France Supermarch\u00e9 ist viel mehr als nur ein einfacher Online-Supermarkt.Es ist die Br\u00fccke zwischen den","og_url":"https:\/\/hakmarfrance.online\/de\/wer-sind-wir\/","og_site_name":"hakmarfrance.online","article_publisher":"https:\/\/www.facebook.com\/HakmarFranceSupermarche\/?locale=fr_FR","article_modified_time":"2025-10-02T12:35:28+00:00","twitter_card":"summary_large_image","twitter_misc":{"Gesch\u00e4tzte Lesezeit":"1\u00a0Minute"},"schema":{"@context":"https:\/\/schema.org","@graph":[{"@type":"WebPage","@id":"https:\/\/hakmarfrance.online\/de\/wer-sind-wir\/","url":"https:\/\/hakmarfrance.online\/de\/wer-sind-wir\/","name":"Wer sind wir - hakmarfrance.online","isPartOf":{"@id":"https:\/\/hakmarfrance.online\/de\/#website"},"datePublished":"2024-03-01T12:52:12+00:00","dateModified":"2025-10-02T12:35:28+00:00","breadcrumb":{"@id":"https:\/\/hakmarfrance.online\/de\/wer-sind-wir\/#breadcrumb"},"inLanguage":"de","potentialAction":[{"@type":"ReadAction","target":["https:\/\/hakmarfrance.online\/de\/wer-sind-wir\/"]}]},{"@type":"BreadcrumbList","@id":"https:\/\/hakmarfrance.online\/de\/wer-sind-wir\/#breadcrumb","itemListElement":[{"@type":"ListItem","position":1,"name":"Accueil","item":"https:\/\/hakmarfrance.online\/de\/"},{"@type":"ListItem","position":2,"name":"Wer sind wir"}]},{"@type":"WebSite","@id":"https:\/\/hakmarfrance.online\/de\/#website","url":"https:\/\/hakmarfrance.online\/de\/","name":"hakmarfrance.online","description":"","publisher":{"@id":"https:\/\/hakmarfrance.online\/de\/#organization"},"potentialAction":[{"@type":"SearchAction","target":{"@type":"EntryPoint","urlTemplate":"https:\/\/hakmarfrance.online\/de\/?s={search_term_string}"},"query-input":{"@type":"PropertyValueSpecification","valueRequired":true,"valueName":"search_term_string"}}],"inLanguage":"de"},{"@type":"Organization","@id":"https:\/\/hakmarfrance.online\/de\/#organization","name":"hakmarfrance.online","url":"https:\/\/hakmarfrance.online\/de\/","logo":{"@type":"ImageObject","inLanguage":"de","@id":"https:\/\/hakmarfrance.online\/de\/#\/schema\/logo\/image\/","url":"https:\/\/hakmarfrance.online\/wp-content\/uploads\/2025\/06\/logo-hakmarfrance.png","contentUrl":"https:\/\/hakmarfrance.online\/wp-content\/uploads\/2025\/06\/logo-hakmarfrance.png","width":528,"height":232,"caption":"hakmarfrance.online"},"image":{"@id":"https:\/\/hakmarfrance.online\/de\/#\/schema\/logo\/image\/"},"sameAs":["https:\/\/www.facebook.com\/HakmarFranceSupermarche\/?locale=fr_FR","https:\/\/www.instagram.com\/hakmarfrancesupermarche\/"]}]}},"_links":{"self":[{"href":"https:\/\/hakmarfrance.online\/de\/wp-json\/wp\/v2\/pages\/17396","targetHints":{"allow":["GET"]}}],"collection":[{"href":"https:\/\/hakmarfrance.online\/de\/wp-json\/wp\/v2\/pages"}],"about":[{"href":"https:\/\/hakmarfrance.online\/de\/wp-json\/wp\/v2\/types\/page"}],"author":[{"embeddable":true,"href":"https:\/\/hakmarfrance.online\/de\/wp-json\/wp\/v2\/users\/1"}],"replies":[{"embeddable":true,"href":"https:\/\/hakmarfrance.online\/de\/wp-json\/wp\/v2\/comments?post=17396"}],"version-history":[{"count":1,"href":"https:\/\/hakmarfrance.online\/de\/wp-json\/wp\/v2\/pages\/17396\/revisions"}],"predecessor-version":[{"id":17397,"href":"https:\/\/hakmarfrance.online\/de\/wp-json\/wp\/v2\/pages\/17396\/revisions\/17397"}],"wp:attachment":[{"href":"https:\/\/hakmarfrance.online\/de\/wp-json\/wp\/v2\/media?parent=17396"}],"curies":[{"name":"wp","href":"https:\/\/api.w.org\/{rel}","templated":true}]}}