{"id":17472,"date":"2025-06-13T10:59:21","date_gmt":"2025-06-13T10:59:21","guid":{"rendered":"https:\/\/hakmarfrance.online\/produit\/halal-haehnchenschenkel\/"},"modified":"2025-06-13T10:59:21","modified_gmt":"2025-06-13T10:59:21","slug":"halal-haehnchenschenkel","status":"publish","type":"product","link":"https:\/\/hakmarfrance.online\/de\/produit\/halal-haehnchenschenkel\/","title":{"rendered":"Halal-H\u00e4hnchenschenkel"},"content":{"rendered":"","protected":false},"excerpt":{"rendered":"<p data-start=\"396\" data-end=\"632\">Die <strong data-start=\"400\" data-end=\"427\">Halal-H\u00e4hnchenschenkel<\/strong> sind ein zartes und schmackhaftes St\u00fcck, perfekt f\u00fcr langsames Garen oder den Ofen. Ihre Haut, goldbraun und knusprig nach dem Garen, offenbart ein zartschmelzendes und saftiges Fleisch, ideal f\u00fcr deine traditionellen Gerichte. <\/p>\n<p data-start=\"634\" data-end=\"796\">Ob du sie mit Kr\u00e4utern und Gew\u00fcrzen br\u00e4tst oder in einer So\u00dfe schmorst, die Halal-H\u00e4hnchenschenkel sind eine sichere Wahl f\u00fcr deine Familienessen.<\/p>\n<p data-start=\"798\" data-end=\"972\">\ud83d\udc68\u200d\ud83c\udf73 Tipp: F\u00fcr noch schmackhaftere Schenkel, mariniere sie mit orientalischen Gew\u00fcrzen und lass sie 1 bis 2 Stunden vor dem Kochen im K\u00fchlschrank ruhen.<\/p>\n<p data-start=\"974\" data-end=\"1151\">\u27a4 <strong data-start=\"976\" data-end=\"1029\">100 % Halal-Fleisch \u2013 Fertig zum Kochen oder Einfrieren<\/strong><br data-start=\"1097\" data-end=\"1100\">\u27a4 Vakuumverpackt f\u00fcr optimale Frische<\/p>\n<p data-start=\"1153\" data-end=\"1235\">\ud83d\ude9a Schnelle Lieferung nach Hause in <strong data-start=\"1188\" data-end=\"1213\">Mulhouse und Umgebung<\/strong> \u2013 Frische garantiert.<\/p>\n","protected":false},"featured_media":18545,"comment_status":"open","ping_status":"closed","template":"","meta":{"iawp_total_views":5},"product_brand":[],"product_cat":[226,251,255,254,252],"product_tag":[],"class_list":{"0":"post-17472","1":"product","2":"type-product","3":"status-publish","4":"has-post-thumbnail","6":"product_cat-alle-unsere-produkte","7":"product_cat-fleisch-fisch-feinkost","8":"product_cat-frische-produkte-milchprodukte","9":"product_cat-frisches-fleisch-rind-lamm-huhn-2","10":"product_cat-halal-metzgerei","12":"first","13":"instock","14":"featured","15":"shipping-taxable","16":"purchasable","17":"product-type-simple"},"yoast_head":"<!-- This site is optimized with the Yoast SEO plugin v27.3 - https:\/\/yoast.com\/product\/yoast-seo-wordpress\/ -->\n<title>Halal-H\u00e4hnchenschenkel - hakmarfrance.online<\/title>\n<meta name=\"robots\" content=\"index, follow, max-snippet:-1, max-image-preview:large, max-video-preview:-1\" \/>\n<link rel=\"canonical\" href=\"https:\/\/hakmarfrance.online\/de\/produit\/halal-haehnchenschenkel\/\" \/>\n<meta property=\"og:locale\" content=\"de_DE\" \/>\n<meta property=\"og:type\" content=\"article\" \/>\n<meta property=\"og:title\" content=\"Halal-H\u00e4hnchenschenkel - hakmarfrance.online\" \/>\n<meta property=\"og:description\" content=\"Die Halal-H\u00e4hnchenschenkel sind ein zartes und schmackhaftes St\u00fcck, perfekt f\u00fcr langsames Garen oder den Ofen. Ihre Haut, goldbraun und knusprig nach dem Garen, offenbart ein zartschmelzendes und saftiges Fleisch, ideal f\u00fcr deine traditionellen Gerichte. Ob du sie mit Kr\u00e4utern und Gew\u00fcrzen br\u00e4tst oder in einer So\u00dfe schmorst, die Halal-H\u00e4hnchenschenkel sind eine sichere Wahl f\u00fcr deine Familienessen. \ud83d\udc68\u200d\ud83c\udf73 Tipp: F\u00fcr noch schmackhaftere Schenkel, mariniere sie mit orientalischen Gew\u00fcrzen und lass sie 1 bis 2 Stunden vor dem Kochen im K\u00fchlschrank ruhen. \u27a4 100 % Halal-Fleisch \u2013 Fertig zum Kochen oder Einfrieren\u27a4 Vakuumverpackt f\u00fcr optimale Frische \ud83d\ude9a Schnelle Lieferung nach Hause in Mulhouse und Umgebung \u2013 Frische garantiert.\" \/>\n<meta property=\"og:url\" content=\"https:\/\/hakmarfrance.online\/de\/produit\/halal-haehnchenschenkel\/\" \/>\n<meta property=\"og:site_name\" content=\"hakmarfrance.online\" \/>\n<meta property=\"article:publisher\" content=\"https:\/\/www.facebook.com\/HakmarFranceSupermarche\/?locale=fr_FR\" \/>\n<meta property=\"og:image\" content=\"https:\/\/hakmarfrance.online\/wp-content\/uploads\/2025\/06\/cuisse-poulet.jpg\" \/>\n\t<meta property=\"og:image:width\" content=\"708\" \/>\n\t<meta property=\"og:image:height\" content=\"465\" \/>\n\t<meta property=\"og:image:type\" content=\"image\/jpeg\" \/>\n<meta name=\"twitter:card\" content=\"summary_large_image\" \/>\n<script type=\"application\/ld+json\" class=\"yoast-schema-graph\">{\"@context\":\"https:\\\/\\\/schema.org\",\"@graph\":[{\"@type\":\"WebPage\",\"@id\":\"https:\\\/\\\/hakmarfrance.online\\\/de\\\/produit\\\/halal-haehnchenschenkel\\\/\",\"url\":\"https:\\\/\\\/hakmarfrance.online\\\/de\\\/produit\\\/halal-haehnchenschenkel\\\/\",\"name\":\"Halal-H\u00e4hnchenschenkel - hakmarfrance.online\",\"isPartOf\":{\"@id\":\"https:\\\/\\\/hakmarfrance.online\\\/de\\\/#website\"},\"primaryImageOfPage\":{\"@id\":\"https:\\\/\\\/hakmarfrance.online\\\/de\\\/produit\\\/halal-haehnchenschenkel\\\/#primaryimage\"},\"image\":{\"@id\":\"https:\\\/\\\/hakmarfrance.online\\\/de\\\/produit\\\/halal-haehnchenschenkel\\\/#primaryimage\"},\"thumbnailUrl\":\"https:\\\/\\\/hakmarfrance.online\\\/wp-content\\\/uploads\\\/2025\\\/06\\\/cuisse-poulet.jpg\",\"datePublished\":\"2025-06-13T10:59:21+00:00\",\"breadcrumb\":{\"@id\":\"https:\\\/\\\/hakmarfrance.online\\\/de\\\/produit\\\/halal-haehnchenschenkel\\\/#breadcrumb\"},\"inLanguage\":\"de\",\"potentialAction\":[{\"@type\":\"ReadAction\",\"target\":[\"https:\\\/\\\/hakmarfrance.online\\\/de\\\/produit\\\/halal-haehnchenschenkel\\\/\"]}]},{\"@type\":\"ImageObject\",\"inLanguage\":\"de\",\"@id\":\"https:\\\/\\\/hakmarfrance.online\\\/de\\\/produit\\\/halal-haehnchenschenkel\\\/#primaryimage\",\"url\":\"https:\\\/\\\/hakmarfrance.online\\\/wp-content\\\/uploads\\\/2025\\\/06\\\/cuisse-poulet.jpg\",\"contentUrl\":\"https:\\\/\\\/hakmarfrance.online\\\/wp-content\\\/uploads\\\/2025\\\/06\\\/cuisse-poulet.jpg\",\"width\":708,\"height\":465},{\"@type\":\"BreadcrumbList\",\"@id\":\"https:\\\/\\\/hakmarfrance.online\\\/de\\\/produit\\\/halal-haehnchenschenkel\\\/#breadcrumb\",\"itemListElement\":[{\"@type\":\"ListItem\",\"position\":1,\"name\":\"Accueil\",\"item\":\"https:\\\/\\\/hakmarfrance.online\\\/de\\\/\"},{\"@type\":\"ListItem\",\"position\":2,\"name\":\"Shop\",\"item\":\"https:\\\/\\\/hakmarfrance.online\\\/de\\\/shop\\\/\"},{\"@type\":\"ListItem\",\"position\":3,\"name\":\"Halal-H\u00e4hnchenschenkel\"}]},{\"@type\":\"WebSite\",\"@id\":\"https:\\\/\\\/hakmarfrance.online\\\/de\\\/#website\",\"url\":\"https:\\\/\\\/hakmarfrance.online\\\/de\\\/\",\"name\":\"hakmarfrance.online\",\"description\":\"\",\"publisher\":{\"@id\":\"https:\\\/\\\/hakmarfrance.online\\\/de\\\/#organization\"},\"potentialAction\":[{\"@type\":\"SearchAction\",\"target\":{\"@type\":\"EntryPoint\",\"urlTemplate\":\"https:\\\/\\\/hakmarfrance.online\\\/de\\\/?s={search_term_string}\"},\"query-input\":{\"@type\":\"PropertyValueSpecification\",\"valueRequired\":true,\"valueName\":\"search_term_string\"}}],\"inLanguage\":\"de\"},{\"@type\":\"Organization\",\"@id\":\"https:\\\/\\\/hakmarfrance.online\\\/de\\\/#organization\",\"name\":\"hakmarfrance.online\",\"url\":\"https:\\\/\\\/hakmarfrance.online\\\/de\\\/\",\"logo\":{\"@type\":\"ImageObject\",\"inLanguage\":\"de\",\"@id\":\"https:\\\/\\\/hakmarfrance.online\\\/de\\\/#\\\/schema\\\/logo\\\/image\\\/\",\"url\":\"https:\\\/\\\/hakmarfrance.online\\\/wp-content\\\/uploads\\\/2025\\\/06\\\/logo-hakmarfrance.png\",\"contentUrl\":\"https:\\\/\\\/hakmarfrance.online\\\/wp-content\\\/uploads\\\/2025\\\/06\\\/logo-hakmarfrance.png\",\"width\":528,\"height\":232,\"caption\":\"hakmarfrance.online\"},\"image\":{\"@id\":\"https:\\\/\\\/hakmarfrance.online\\\/de\\\/#\\\/schema\\\/logo\\\/image\\\/\"},\"sameAs\":[\"https:\\\/\\\/www.facebook.com\\\/HakmarFranceSupermarche\\\/?locale=fr_FR\",\"https:\\\/\\\/www.instagram.com\\\/hakmarfrancesupermarche\\\/\"]}]}<\/script>\n<!-- \/ Yoast SEO plugin. -->","yoast_head_json":{"title":"Halal-H\u00e4hnchenschenkel - hakmarfrance.online","robots":{"index":"index","follow":"follow","max-snippet":"max-snippet:-1","max-image-preview":"max-image-preview:large","max-video-preview":"max-video-preview:-1"},"canonical":"https:\/\/hakmarfrance.online\/de\/produit\/halal-haehnchenschenkel\/","og_locale":"de_DE","og_type":"article","og_title":"Halal-H\u00e4hnchenschenkel - hakmarfrance.online","og_description":"Die Halal-H\u00e4hnchenschenkel sind ein zartes und schmackhaftes St\u00fcck, perfekt f\u00fcr langsames Garen oder den Ofen. Ihre Haut, goldbraun und knusprig nach dem Garen, offenbart ein zartschmelzendes und saftiges Fleisch, ideal f\u00fcr deine traditionellen Gerichte. Ob du sie mit Kr\u00e4utern und Gew\u00fcrzen br\u00e4tst oder in einer So\u00dfe schmorst, die Halal-H\u00e4hnchenschenkel sind eine sichere Wahl f\u00fcr deine Familienessen. \ud83d\udc68\u200d\ud83c\udf73 Tipp: F\u00fcr noch schmackhaftere Schenkel, mariniere sie mit orientalischen Gew\u00fcrzen und lass sie 1 bis 2 Stunden vor dem Kochen im K\u00fchlschrank ruhen. \u27a4 100 % Halal-Fleisch \u2013 Fertig zum Kochen oder Einfrieren\u27a4 Vakuumverpackt f\u00fcr optimale Frische \ud83d\ude9a Schnelle Lieferung nach Hause in Mulhouse und Umgebung \u2013 Frische garantiert.","og_url":"https:\/\/hakmarfrance.online\/de\/produit\/halal-haehnchenschenkel\/","og_site_name":"hakmarfrance.online","article_publisher":"https:\/\/www.facebook.com\/HakmarFranceSupermarche\/?locale=fr_FR","og_image":[{"width":708,"height":465,"url":"https:\/\/hakmarfrance.online\/wp-content\/uploads\/2025\/06\/cuisse-poulet.jpg","type":"image\/jpeg"}],"twitter_card":"summary_large_image","schema":{"@context":"https:\/\/schema.org","@graph":[{"@type":"WebPage","@id":"https:\/\/hakmarfrance.online\/de\/produit\/halal-haehnchenschenkel\/","url":"https:\/\/hakmarfrance.online\/de\/produit\/halal-haehnchenschenkel\/","name":"Halal-H\u00e4hnchenschenkel - hakmarfrance.online","isPartOf":{"@id":"https:\/\/hakmarfrance.online\/de\/#website"},"primaryImageOfPage":{"@id":"https:\/\/hakmarfrance.online\/de\/produit\/halal-haehnchenschenkel\/#primaryimage"},"image":{"@id":"https:\/\/hakmarfrance.online\/de\/produit\/halal-haehnchenschenkel\/#primaryimage"},"thumbnailUrl":"https:\/\/hakmarfrance.online\/wp-content\/uploads\/2025\/06\/cuisse-poulet.jpg","datePublished":"2025-06-13T10:59:21+00:00","breadcrumb":{"@id":"https:\/\/hakmarfrance.online\/de\/produit\/halal-haehnchenschenkel\/#breadcrumb"},"inLanguage":"de","potentialAction":[{"@type":"ReadAction","target":["https:\/\/hakmarfrance.online\/de\/produit\/halal-haehnchenschenkel\/"]}]},{"@type":"ImageObject","inLanguage":"de","@id":"https:\/\/hakmarfrance.online\/de\/produit\/halal-haehnchenschenkel\/#primaryimage","url":"https:\/\/hakmarfrance.online\/wp-content\/uploads\/2025\/06\/cuisse-poulet.jpg","contentUrl":"https:\/\/hakmarfrance.online\/wp-content\/uploads\/2025\/06\/cuisse-poulet.jpg","width":708,"height":465},{"@type":"BreadcrumbList","@id":"https:\/\/hakmarfrance.online\/de\/produit\/halal-haehnchenschenkel\/#breadcrumb","itemListElement":[{"@type":"ListItem","position":1,"name":"Accueil","item":"https:\/\/hakmarfrance.online\/de\/"},{"@type":"ListItem","position":2,"name":"Shop","item":"https:\/\/hakmarfrance.online\/de\/shop\/"},{"@type":"ListItem","position":3,"name":"Halal-H\u00e4hnchenschenkel"}]},{"@type":"WebSite","@id":"https:\/\/hakmarfrance.online\/de\/#website","url":"https:\/\/hakmarfrance.online\/de\/","name":"hakmarfrance.online","description":"","publisher":{"@id":"https:\/\/hakmarfrance.online\/de\/#organization"},"potentialAction":[{"@type":"SearchAction","target":{"@type":"EntryPoint","urlTemplate":"https:\/\/hakmarfrance.online\/de\/?s={search_term_string}"},"query-input":{"@type":"PropertyValueSpecification","valueRequired":true,"valueName":"search_term_string"}}],"inLanguage":"de"},{"@type":"Organization","@id":"https:\/\/hakmarfrance.online\/de\/#organization","name":"hakmarfrance.online","url":"https:\/\/hakmarfrance.online\/de\/","logo":{"@type":"ImageObject","inLanguage":"de","@id":"https:\/\/hakmarfrance.online\/de\/#\/schema\/logo\/image\/","url":"https:\/\/hakmarfrance.online\/wp-content\/uploads\/2025\/06\/logo-hakmarfrance.png","contentUrl":"https:\/\/hakmarfrance.online\/wp-content\/uploads\/2025\/06\/logo-hakmarfrance.png","width":528,"height":232,"caption":"hakmarfrance.online"},"image":{"@id":"https:\/\/hakmarfrance.online\/de\/#\/schema\/logo\/image\/"},"sameAs":["https:\/\/www.facebook.com\/HakmarFranceSupermarche\/?locale=fr_FR","https:\/\/www.instagram.com\/hakmarfrancesupermarche\/"]}]}},"_links":{"self":[{"href":"https:\/\/hakmarfrance.online\/de\/wp-json\/wp\/v2\/product\/17472","targetHints":{"allow":["GET"]}}],"collection":[{"href":"https:\/\/hakmarfrance.online\/de\/wp-json\/wp\/v2\/product"}],"about":[{"href":"https:\/\/hakmarfrance.online\/de\/wp-json\/wp\/v2\/types\/product"}],"replies":[{"embeddable":true,"href":"https:\/\/hakmarfrance.online\/de\/wp-json\/wp\/v2\/comments?post=17472"}],"version-history":[{"count":0,"href":"https:\/\/hakmarfrance.online\/de\/wp-json\/wp\/v2\/product\/17472\/revisions"}],"wp:featuredmedia":[{"embeddable":true,"href":"https:\/\/hakmarfrance.online\/de\/wp-json\/wp\/v2\/media\/18545"}],"wp:attachment":[{"href":"https:\/\/hakmarfrance.online\/de\/wp-json\/wp\/v2\/media?parent=17472"}],"wp:term":[{"taxonomy":"product_brand","embeddable":true,"href":"https:\/\/hakmarfrance.online\/de\/wp-json\/wp\/v2\/product_brand?post=17472"},{"taxonomy":"product_cat","embeddable":true,"href":"https:\/\/hakmarfrance.online\/de\/wp-json\/wp\/v2\/product_cat?post=17472"},{"taxonomy":"product_tag","embeddable":true,"href":"https:\/\/hakmarfrance.online\/de\/wp-json\/wp\/v2\/product_tag?post=17472"}],"curies":[{"name":"wp","href":"https:\/\/api.w.org\/{rel}","templated":true}]}}