{"id":17473,"date":"2025-06-13T11:12:52","date_gmt":"2025-06-13T11:12:52","guid":{"rendered":"https:\/\/hakmarfrance.online\/produit\/halal-rindfleischstuecke-spezial-fuer-tajine-eintopf\/"},"modified":"2025-06-13T11:12:52","modified_gmt":"2025-06-13T11:12:52","slug":"halal-rindfleischstuecke-spezial-fuer-tajine-eintopf","status":"publish","type":"product","link":"https:\/\/hakmarfrance.online\/de\/produit\/halal-rindfleischstuecke-spezial-fuer-tajine-eintopf\/","title":{"rendered":"Halal-Rindfleischst\u00fccke \u2013 Spezial f\u00fcr Tajine &amp; Eintopf"},"content":{"rendered":"","protected":false},"excerpt":{"rendered":"<p data-start=\"462\" data-end=\"703\">Unsere <strong data-start=\"466\" data-end=\"492\">Halal-Rindfleischst\u00fccke<\/strong> werden sorgf\u00e4ltig ausgew\u00e4hlt und zugeschnitten, um ein zartes und schmackhaftes Garergebnis zu gew\u00e4hrleisten. Perfekt f\u00fcr Schmorgerichte wie Couscous, Tajines, Burgunderbraten oder langsam gekochte Saucen. <\/p>\n<p data-start=\"705\" data-end=\"817\">Jedes St\u00fcck wird so zubereitet, dass es eine gute Balance zwischen magerem Fleisch und Geschmack bietet, ohne \u00fcbersch\u00fcssiges Fett oder Sehnen.<\/p>\n<p data-start=\"819\" data-end=\"952\">\ud83d\udc68\u200d\ud83c\udf73 Tipp: 2 Stunden lang bei schwacher Hitze mit Tomaten, Zwiebeln, Knoblauch und orientalischen Gew\u00fcrzen schmoren lassen, f\u00fcr ein zartes und aromatisches Gericht.<\/p>\n<p data-start=\"819\" data-end=\"952\">\ud83d\udc49 <strong data-start=\"869\" data-end=\"921\">Das Fleisch in unserer Abteilung wird pro Kilo verkauft.<\/strong><\/p>\n<p data-start=\"954\" data-end=\"1136\">\u27a4 <strong data-start=\"956\" data-end=\"999\">100 % Halal-Fleisch \u2013 frisch und ohne Knochen<\/strong><br data-start=\"1045\" data-end=\"1048\">\u27a4 Zum Schmoren, im Topf, Ofen oder Dampf garen<br data-start=\"1101\" data-end=\"1104\">\u27a4 Fertig zum Einfrieren oder Kochen<\/p>\n<p data-start=\"1138\" data-end=\"1208\">\ud83d\ude9a Lokale Lieferung in <strong data-start=\"1162\" data-end=\"1187\">M\u00fclhausen und Umgebung<\/strong> \u2013 Frische garantiert<\/p>\n","protected":false},"featured_media":18648,"comment_status":"open","ping_status":"closed","template":"","meta":{"iawp_total_views":0},"product_brand":[],"product_cat":[226,251,254,252],"product_tag":[],"class_list":{"0":"post-17473","1":"product","2":"type-product","3":"status-publish","4":"has-post-thumbnail","6":"product_cat-alle-unsere-produkte","7":"product_cat-fleisch-fisch-feinkost","8":"product_cat-frisches-fleisch-rind-lamm-huhn-2","9":"product_cat-halal-metzgerei","11":"first","12":"instock","13":"shipping-taxable","14":"purchasable","15":"product-type-simple"},"yoast_head":"<!-- This site is optimized with the Yoast SEO plugin v27.3 - https:\/\/yoast.com\/product\/yoast-seo-wordpress\/ -->\n<title>Halal-Rindfleischst\u00fccke \u2013 Spezial f\u00fcr Tajine &amp; Eintopf - hakmarfrance.online<\/title>\n<meta name=\"robots\" content=\"index, follow, max-snippet:-1, max-image-preview:large, max-video-preview:-1\" \/>\n<link rel=\"canonical\" href=\"https:\/\/hakmarfrance.online\/de\/produit\/halal-rindfleischstuecke-spezial-fuer-tajine-eintopf\/\" \/>\n<meta property=\"og:locale\" content=\"de_DE\" \/>\n<meta property=\"og:type\" content=\"article\" \/>\n<meta property=\"og:title\" content=\"Halal-Rindfleischst\u00fccke \u2013 Spezial f\u00fcr Tajine &amp; Eintopf - hakmarfrance.online\" \/>\n<meta property=\"og:description\" content=\"Unsere Halal-Rindfleischst\u00fccke werden sorgf\u00e4ltig ausgew\u00e4hlt und zugeschnitten, um ein zartes und schmackhaftes Garergebnis zu gew\u00e4hrleisten. Perfekt f\u00fcr Schmorgerichte wie Couscous, Tajines, Burgunderbraten oder langsam gekochte Saucen. Jedes St\u00fcck wird so zubereitet, dass es eine gute Balance zwischen magerem Fleisch und Geschmack bietet, ohne \u00fcbersch\u00fcssiges Fett oder Sehnen. \ud83d\udc68\u200d\ud83c\udf73 Tipp: 2 Stunden lang bei schwacher Hitze mit Tomaten, Zwiebeln, Knoblauch und orientalischen Gew\u00fcrzen schmoren lassen, f\u00fcr ein zartes und aromatisches Gericht. \ud83d\udc49 Das Fleisch in unserer Abteilung wird pro Kilo verkauft. \u27a4 100 % Halal-Fleisch \u2013 frisch und ohne Knochen\u27a4 Zum Schmoren, im Topf, Ofen oder Dampf garen\u27a4 Fertig zum Einfrieren oder Kochen \ud83d\ude9a Lokale Lieferung in M\u00fclhausen und Umgebung \u2013 Frische garantiert\" \/>\n<meta property=\"og:url\" content=\"https:\/\/hakmarfrance.online\/de\/produit\/halal-rindfleischstuecke-spezial-fuer-tajine-eintopf\/\" \/>\n<meta property=\"og:site_name\" content=\"hakmarfrance.online\" \/>\n<meta property=\"article:publisher\" content=\"https:\/\/www.facebook.com\/HakmarFranceSupermarche\/?locale=fr_FR\" \/>\n<meta property=\"og:image\" content=\"https:\/\/hakmarfrance.online\/wp-content\/uploads\/2025\/06\/viande-boeuf-hallal-en-morceaux.jpeg\" \/>\n\t<meta property=\"og:image:width\" content=\"500\" \/>\n\t<meta property=\"og:image:height\" content=\"500\" \/>\n\t<meta property=\"og:image:type\" content=\"image\/jpeg\" \/>\n<meta name=\"twitter:card\" content=\"summary_large_image\" \/>\n<script type=\"application\/ld+json\" class=\"yoast-schema-graph\">{\"@context\":\"https:\\\/\\\/schema.org\",\"@graph\":[{\"@type\":\"WebPage\",\"@id\":\"https:\\\/\\\/hakmarfrance.online\\\/de\\\/produit\\\/halal-rindfleischstuecke-spezial-fuer-tajine-eintopf\\\/\",\"url\":\"https:\\\/\\\/hakmarfrance.online\\\/de\\\/produit\\\/halal-rindfleischstuecke-spezial-fuer-tajine-eintopf\\\/\",\"name\":\"Halal-Rindfleischst\u00fccke \u2013 Spezial f\u00fcr Tajine &amp; Eintopf - hakmarfrance.online\",\"isPartOf\":{\"@id\":\"https:\\\/\\\/hakmarfrance.online\\\/de\\\/#website\"},\"primaryImageOfPage\":{\"@id\":\"https:\\\/\\\/hakmarfrance.online\\\/de\\\/produit\\\/halal-rindfleischstuecke-spezial-fuer-tajine-eintopf\\\/#primaryimage\"},\"image\":{\"@id\":\"https:\\\/\\\/hakmarfrance.online\\\/de\\\/produit\\\/halal-rindfleischstuecke-spezial-fuer-tajine-eintopf\\\/#primaryimage\"},\"thumbnailUrl\":\"https:\\\/\\\/hakmarfrance.online\\\/wp-content\\\/uploads\\\/2025\\\/06\\\/viande-boeuf-hallal-en-morceaux.jpeg\",\"datePublished\":\"2025-06-13T11:12:52+00:00\",\"breadcrumb\":{\"@id\":\"https:\\\/\\\/hakmarfrance.online\\\/de\\\/produit\\\/halal-rindfleischstuecke-spezial-fuer-tajine-eintopf\\\/#breadcrumb\"},\"inLanguage\":\"de\",\"potentialAction\":[{\"@type\":\"ReadAction\",\"target\":[\"https:\\\/\\\/hakmarfrance.online\\\/de\\\/produit\\\/halal-rindfleischstuecke-spezial-fuer-tajine-eintopf\\\/\"]}]},{\"@type\":\"ImageObject\",\"inLanguage\":\"de\",\"@id\":\"https:\\\/\\\/hakmarfrance.online\\\/de\\\/produit\\\/halal-rindfleischstuecke-spezial-fuer-tajine-eintopf\\\/#primaryimage\",\"url\":\"https:\\\/\\\/hakmarfrance.online\\\/wp-content\\\/uploads\\\/2025\\\/06\\\/viande-boeuf-hallal-en-morceaux.jpeg\",\"contentUrl\":\"https:\\\/\\\/hakmarfrance.online\\\/wp-content\\\/uploads\\\/2025\\\/06\\\/viande-boeuf-hallal-en-morceaux.jpeg\",\"width\":500,\"height\":500},{\"@type\":\"BreadcrumbList\",\"@id\":\"https:\\\/\\\/hakmarfrance.online\\\/de\\\/produit\\\/halal-rindfleischstuecke-spezial-fuer-tajine-eintopf\\\/#breadcrumb\",\"itemListElement\":[{\"@type\":\"ListItem\",\"position\":1,\"name\":\"Accueil\",\"item\":\"https:\\\/\\\/hakmarfrance.online\\\/de\\\/\"},{\"@type\":\"ListItem\",\"position\":2,\"name\":\"Shop\",\"item\":\"https:\\\/\\\/hakmarfrance.online\\\/de\\\/shop\\\/\"},{\"@type\":\"ListItem\",\"position\":3,\"name\":\"Halal-Rindfleischst\u00fccke \u2013 Spezial f\u00fcr Tajine &amp; Eintopf\"}]},{\"@type\":\"WebSite\",\"@id\":\"https:\\\/\\\/hakmarfrance.online\\\/de\\\/#website\",\"url\":\"https:\\\/\\\/hakmarfrance.online\\\/de\\\/\",\"name\":\"hakmarfrance.online\",\"description\":\"\",\"publisher\":{\"@id\":\"https:\\\/\\\/hakmarfrance.online\\\/de\\\/#organization\"},\"potentialAction\":[{\"@type\":\"SearchAction\",\"target\":{\"@type\":\"EntryPoint\",\"urlTemplate\":\"https:\\\/\\\/hakmarfrance.online\\\/de\\\/?s={search_term_string}\"},\"query-input\":{\"@type\":\"PropertyValueSpecification\",\"valueRequired\":true,\"valueName\":\"search_term_string\"}}],\"inLanguage\":\"de\"},{\"@type\":\"Organization\",\"@id\":\"https:\\\/\\\/hakmarfrance.online\\\/de\\\/#organization\",\"name\":\"hakmarfrance.online\",\"url\":\"https:\\\/\\\/hakmarfrance.online\\\/de\\\/\",\"logo\":{\"@type\":\"ImageObject\",\"inLanguage\":\"de\",\"@id\":\"https:\\\/\\\/hakmarfrance.online\\\/de\\\/#\\\/schema\\\/logo\\\/image\\\/\",\"url\":\"https:\\\/\\\/hakmarfrance.online\\\/wp-content\\\/uploads\\\/2025\\\/06\\\/logo-hakmarfrance.png\",\"contentUrl\":\"https:\\\/\\\/hakmarfrance.online\\\/wp-content\\\/uploads\\\/2025\\\/06\\\/logo-hakmarfrance.png\",\"width\":528,\"height\":232,\"caption\":\"hakmarfrance.online\"},\"image\":{\"@id\":\"https:\\\/\\\/hakmarfrance.online\\\/de\\\/#\\\/schema\\\/logo\\\/image\\\/\"},\"sameAs\":[\"https:\\\/\\\/www.facebook.com\\\/HakmarFranceSupermarche\\\/?locale=fr_FR\",\"https:\\\/\\\/www.instagram.com\\\/hakmarfrancesupermarche\\\/\"]}]}<\/script>\n<!-- \/ Yoast SEO plugin. -->","yoast_head_json":{"title":"Halal-Rindfleischst\u00fccke \u2013 Spezial f\u00fcr Tajine &amp; Eintopf - hakmarfrance.online","robots":{"index":"index","follow":"follow","max-snippet":"max-snippet:-1","max-image-preview":"max-image-preview:large","max-video-preview":"max-video-preview:-1"},"canonical":"https:\/\/hakmarfrance.online\/de\/produit\/halal-rindfleischstuecke-spezial-fuer-tajine-eintopf\/","og_locale":"de_DE","og_type":"article","og_title":"Halal-Rindfleischst\u00fccke \u2013 Spezial f\u00fcr Tajine &amp; Eintopf - hakmarfrance.online","og_description":"Unsere Halal-Rindfleischst\u00fccke werden sorgf\u00e4ltig ausgew\u00e4hlt und zugeschnitten, um ein zartes und schmackhaftes Garergebnis zu gew\u00e4hrleisten. Perfekt f\u00fcr Schmorgerichte wie Couscous, Tajines, Burgunderbraten oder langsam gekochte Saucen. Jedes St\u00fcck wird so zubereitet, dass es eine gute Balance zwischen magerem Fleisch und Geschmack bietet, ohne \u00fcbersch\u00fcssiges Fett oder Sehnen. \ud83d\udc68\u200d\ud83c\udf73 Tipp: 2 Stunden lang bei schwacher Hitze mit Tomaten, Zwiebeln, Knoblauch und orientalischen Gew\u00fcrzen schmoren lassen, f\u00fcr ein zartes und aromatisches Gericht. \ud83d\udc49 Das Fleisch in unserer Abteilung wird pro Kilo verkauft. \u27a4 100 % Halal-Fleisch \u2013 frisch und ohne Knochen\u27a4 Zum Schmoren, im Topf, Ofen oder Dampf garen\u27a4 Fertig zum Einfrieren oder Kochen \ud83d\ude9a Lokale Lieferung in M\u00fclhausen und Umgebung \u2013 Frische garantiert","og_url":"https:\/\/hakmarfrance.online\/de\/produit\/halal-rindfleischstuecke-spezial-fuer-tajine-eintopf\/","og_site_name":"hakmarfrance.online","article_publisher":"https:\/\/www.facebook.com\/HakmarFranceSupermarche\/?locale=fr_FR","og_image":[{"width":500,"height":500,"url":"https:\/\/hakmarfrance.online\/wp-content\/uploads\/2025\/06\/viande-boeuf-hallal-en-morceaux.jpeg","type":"image\/jpeg"}],"twitter_card":"summary_large_image","schema":{"@context":"https:\/\/schema.org","@graph":[{"@type":"WebPage","@id":"https:\/\/hakmarfrance.online\/de\/produit\/halal-rindfleischstuecke-spezial-fuer-tajine-eintopf\/","url":"https:\/\/hakmarfrance.online\/de\/produit\/halal-rindfleischstuecke-spezial-fuer-tajine-eintopf\/","name":"Halal-Rindfleischst\u00fccke \u2013 Spezial f\u00fcr Tajine &amp; Eintopf - hakmarfrance.online","isPartOf":{"@id":"https:\/\/hakmarfrance.online\/de\/#website"},"primaryImageOfPage":{"@id":"https:\/\/hakmarfrance.online\/de\/produit\/halal-rindfleischstuecke-spezial-fuer-tajine-eintopf\/#primaryimage"},"image":{"@id":"https:\/\/hakmarfrance.online\/de\/produit\/halal-rindfleischstuecke-spezial-fuer-tajine-eintopf\/#primaryimage"},"thumbnailUrl":"https:\/\/hakmarfrance.online\/wp-content\/uploads\/2025\/06\/viande-boeuf-hallal-en-morceaux.jpeg","datePublished":"2025-06-13T11:12:52+00:00","breadcrumb":{"@id":"https:\/\/hakmarfrance.online\/de\/produit\/halal-rindfleischstuecke-spezial-fuer-tajine-eintopf\/#breadcrumb"},"inLanguage":"de","potentialAction":[{"@type":"ReadAction","target":["https:\/\/hakmarfrance.online\/de\/produit\/halal-rindfleischstuecke-spezial-fuer-tajine-eintopf\/"]}]},{"@type":"ImageObject","inLanguage":"de","@id":"https:\/\/hakmarfrance.online\/de\/produit\/halal-rindfleischstuecke-spezial-fuer-tajine-eintopf\/#primaryimage","url":"https:\/\/hakmarfrance.online\/wp-content\/uploads\/2025\/06\/viande-boeuf-hallal-en-morceaux.jpeg","contentUrl":"https:\/\/hakmarfrance.online\/wp-content\/uploads\/2025\/06\/viande-boeuf-hallal-en-morceaux.jpeg","width":500,"height":500},{"@type":"BreadcrumbList","@id":"https:\/\/hakmarfrance.online\/de\/produit\/halal-rindfleischstuecke-spezial-fuer-tajine-eintopf\/#breadcrumb","itemListElement":[{"@type":"ListItem","position":1,"name":"Accueil","item":"https:\/\/hakmarfrance.online\/de\/"},{"@type":"ListItem","position":2,"name":"Shop","item":"https:\/\/hakmarfrance.online\/de\/shop\/"},{"@type":"ListItem","position":3,"name":"Halal-Rindfleischst\u00fccke \u2013 Spezial f\u00fcr Tajine &amp; Eintopf"}]},{"@type":"WebSite","@id":"https:\/\/hakmarfrance.online\/de\/#website","url":"https:\/\/hakmarfrance.online\/de\/","name":"hakmarfrance.online","description":"","publisher":{"@id":"https:\/\/hakmarfrance.online\/de\/#organization"},"potentialAction":[{"@type":"SearchAction","target":{"@type":"EntryPoint","urlTemplate":"https:\/\/hakmarfrance.online\/de\/?s={search_term_string}"},"query-input":{"@type":"PropertyValueSpecification","valueRequired":true,"valueName":"search_term_string"}}],"inLanguage":"de"},{"@type":"Organization","@id":"https:\/\/hakmarfrance.online\/de\/#organization","name":"hakmarfrance.online","url":"https:\/\/hakmarfrance.online\/de\/","logo":{"@type":"ImageObject","inLanguage":"de","@id":"https:\/\/hakmarfrance.online\/de\/#\/schema\/logo\/image\/","url":"https:\/\/hakmarfrance.online\/wp-content\/uploads\/2025\/06\/logo-hakmarfrance.png","contentUrl":"https:\/\/hakmarfrance.online\/wp-content\/uploads\/2025\/06\/logo-hakmarfrance.png","width":528,"height":232,"caption":"hakmarfrance.online"},"image":{"@id":"https:\/\/hakmarfrance.online\/de\/#\/schema\/logo\/image\/"},"sameAs":["https:\/\/www.facebook.com\/HakmarFranceSupermarche\/?locale=fr_FR","https:\/\/www.instagram.com\/hakmarfrancesupermarche\/"]}]}},"_links":{"self":[{"href":"https:\/\/hakmarfrance.online\/de\/wp-json\/wp\/v2\/product\/17473","targetHints":{"allow":["GET"]}}],"collection":[{"href":"https:\/\/hakmarfrance.online\/de\/wp-json\/wp\/v2\/product"}],"about":[{"href":"https:\/\/hakmarfrance.online\/de\/wp-json\/wp\/v2\/types\/product"}],"replies":[{"embeddable":true,"href":"https:\/\/hakmarfrance.online\/de\/wp-json\/wp\/v2\/comments?post=17473"}],"version-history":[{"count":0,"href":"https:\/\/hakmarfrance.online\/de\/wp-json\/wp\/v2\/product\/17473\/revisions"}],"wp:featuredmedia":[{"embeddable":true,"href":"https:\/\/hakmarfrance.online\/de\/wp-json\/wp\/v2\/media\/18648"}],"wp:attachment":[{"href":"https:\/\/hakmarfrance.online\/de\/wp-json\/wp\/v2\/media?parent=17473"}],"wp:term":[{"taxonomy":"product_brand","embeddable":true,"href":"https:\/\/hakmarfrance.online\/de\/wp-json\/wp\/v2\/product_brand?post=17473"},{"taxonomy":"product_cat","embeddable":true,"href":"https:\/\/hakmarfrance.online\/de\/wp-json\/wp\/v2\/product_cat?post=17473"},{"taxonomy":"product_tag","embeddable":true,"href":"https:\/\/hakmarfrance.online\/de\/wp-json\/wp\/v2\/product_tag?post=17473"}],"curies":[{"name":"wp","href":"https:\/\/api.w.org\/{rel}","templated":true}]}}