{"id":17476,"date":"2025-06-13T11:16:08","date_gmt":"2025-06-13T11:16:08","guid":{"rendered":"https:\/\/hakmarfrance.online\/produit\/halal-kalbfleischstuecke-suet-dana-kusbasi\/"},"modified":"2025-06-13T11:16:08","modified_gmt":"2025-06-13T11:16:08","slug":"halal-kalbfleischstuecke-suet-dana-kusbasi","status":"publish","type":"product","link":"https:\/\/hakmarfrance.online\/de\/produit\/halal-kalbfleischstuecke-suet-dana-kusbasi\/","title":{"rendered":"Halal Kalbfleischst\u00fccke \u2013 S\u00fct Dana Ku\u015fba\u015f\u0131"},"content":{"rendered":"","protected":false},"excerpt":{"rendered":"<p data-start=\"410\" data-end=\"613\">Unsere <strong data-start=\"414\" data-end=\"459\">Halal-Kalbfleischst\u00fccke (S\u00fct Dana Ku\u015fba\u015f\u0131)<\/strong> werden sorgf\u00e4ltig aus zarten und mageren Teilen geschnitten. Sie sind gebrauchsfertig und perfekt f\u00fcr deine Schmorgerichte, Wok-Rezepte, Eint\u00f6pfe oder Tajines. <\/p>\n<p data-start=\"615\" data-end=\"733\">Zart, einfach zuzubereiten und geschmacksintensiv, sind sie in der mediterranen und orientalischen K\u00fcche sehr beliebt.<\/p>\n<p data-start=\"735\" data-end=\"893\">\ud83d\udc69\u200d\ud83c\udf73 Tipp: Brate sie mit Zwiebeln, Tomaten und Paprika f\u00fcr ein k\u00f6stliches Express-Saut\u00e9 an, oder schmore sie mit Gem\u00fcse f\u00fcr ein zartschmelzendes Gericht.<\/p>\n<p data-start=\"895\" data-end=\"1079\">\u27a4 <strong data-start=\"897\" data-end=\"946\">100 % Halal-Fleisch \u2013 ohne Knochen und \u00fcberfl\u00fcssiges Fett<\/strong><\/p>\n<p data-start=\"895\" data-end=\"1079\">\ud83d\udc49 <strong data-start=\"869\" data-end=\"921\">Das Fleisch in unserer Abteilung wird pro Kilo verkauft.<\/strong><br data-start=\"991\" data-end=\"994\">\u27a4 Schnell oder langsam garen, ganz nach deinem Wunsch<br data-start=\"1038\" data-end=\"1041\">\u27a4 Fertig zum Einfrieren oder frisch verzehren<\/p>\n<p data-start=\"1081\" data-end=\"1152\">\ud83d\ude9a Lieferung nach Hause in <strong data-start=\"1107\" data-end=\"1131\">M\u00fclhausen und Umgebung<\/strong> \u2013 Frische garantiert<\/p>\n","protected":false},"featured_media":18646,"comment_status":"open","ping_status":"closed","template":"","meta":{"iawp_total_views":1},"product_brand":[],"product_cat":[226,251,254,252],"product_tag":[],"class_list":{"0":"post-17476","1":"product","2":"type-product","3":"status-publish","4":"has-post-thumbnail","6":"product_cat-alle-unsere-produkte","7":"product_cat-fleisch-fisch-feinkost","8":"product_cat-frisches-fleisch-rind-lamm-huhn-2","9":"product_cat-halal-metzgerei","11":"first","12":"instock","13":"shipping-taxable","14":"purchasable","15":"product-type-simple"},"yoast_head":"<!-- This site is optimized with the Yoast SEO plugin v27.3 - https:\/\/yoast.com\/product\/yoast-seo-wordpress\/ -->\n<title>Halal Kalbfleischst\u00fccke \u2013 S\u00fct Dana Ku\u015fba\u015f\u0131 - hakmarfrance.online<\/title>\n<meta name=\"robots\" content=\"index, follow, max-snippet:-1, max-image-preview:large, max-video-preview:-1\" \/>\n<link rel=\"canonical\" href=\"https:\/\/hakmarfrance.online\/de\/produit\/halal-kalbfleischstuecke-suet-dana-kusbasi\/\" \/>\n<meta property=\"og:locale\" content=\"de_DE\" \/>\n<meta property=\"og:type\" content=\"article\" \/>\n<meta property=\"og:title\" content=\"Halal Kalbfleischst\u00fccke \u2013 S\u00fct Dana Ku\u015fba\u015f\u0131 - hakmarfrance.online\" \/>\n<meta property=\"og:description\" content=\"Unsere Halal-Kalbfleischst\u00fccke (S\u00fct Dana Ku\u015fba\u015f\u0131) werden sorgf\u00e4ltig aus zarten und mageren Teilen geschnitten. Sie sind gebrauchsfertig und perfekt f\u00fcr deine Schmorgerichte, Wok-Rezepte, Eint\u00f6pfe oder Tajines. Zart, einfach zuzubereiten und geschmacksintensiv, sind sie in der mediterranen und orientalischen K\u00fcche sehr beliebt. \ud83d\udc69\u200d\ud83c\udf73 Tipp: Brate sie mit Zwiebeln, Tomaten und Paprika f\u00fcr ein k\u00f6stliches Express-Saut\u00e9 an, oder schmore sie mit Gem\u00fcse f\u00fcr ein zartschmelzendes Gericht. \u27a4 100 % Halal-Fleisch \u2013 ohne Knochen und \u00fcberfl\u00fcssiges Fett \ud83d\udc49 Das Fleisch in unserer Abteilung wird pro Kilo verkauft.\u27a4 Schnell oder langsam garen, ganz nach deinem Wunsch\u27a4 Fertig zum Einfrieren oder frisch verzehren \ud83d\ude9a Lieferung nach Hause in M\u00fclhausen und Umgebung \u2013 Frische garantiert\" \/>\n<meta property=\"og:url\" content=\"https:\/\/hakmarfrance.online\/de\/produit\/halal-kalbfleischstuecke-suet-dana-kusbasi\/\" \/>\n<meta property=\"og:site_name\" content=\"hakmarfrance.online\" \/>\n<meta property=\"article:publisher\" content=\"https:\/\/www.facebook.com\/HakmarFranceSupermarche\/?locale=fr_FR\" \/>\n<meta property=\"og:image\" content=\"https:\/\/hakmarfrance.online\/wp-content\/uploads\/2025\/06\/morceaux-de-veau-sut-dana-kusbasi-halal.png\" \/>\n\t<meta property=\"og:image:width\" content=\"1000\" \/>\n\t<meta property=\"og:image:height\" content=\"800\" \/>\n\t<meta property=\"og:image:type\" content=\"image\/png\" \/>\n<meta name=\"twitter:card\" content=\"summary_large_image\" \/>\n<script type=\"application\/ld+json\" class=\"yoast-schema-graph\">{\"@context\":\"https:\\\/\\\/schema.org\",\"@graph\":[{\"@type\":\"WebPage\",\"@id\":\"https:\\\/\\\/hakmarfrance.online\\\/de\\\/produit\\\/halal-kalbfleischstuecke-suet-dana-kusbasi\\\/\",\"url\":\"https:\\\/\\\/hakmarfrance.online\\\/de\\\/produit\\\/halal-kalbfleischstuecke-suet-dana-kusbasi\\\/\",\"name\":\"Halal Kalbfleischst\u00fccke \u2013 S\u00fct Dana Ku\u015fba\u015f\u0131 - hakmarfrance.online\",\"isPartOf\":{\"@id\":\"https:\\\/\\\/hakmarfrance.online\\\/de\\\/#website\"},\"primaryImageOfPage\":{\"@id\":\"https:\\\/\\\/hakmarfrance.online\\\/de\\\/produit\\\/halal-kalbfleischstuecke-suet-dana-kusbasi\\\/#primaryimage\"},\"image\":{\"@id\":\"https:\\\/\\\/hakmarfrance.online\\\/de\\\/produit\\\/halal-kalbfleischstuecke-suet-dana-kusbasi\\\/#primaryimage\"},\"thumbnailUrl\":\"https:\\\/\\\/hakmarfrance.online\\\/wp-content\\\/uploads\\\/2025\\\/06\\\/morceaux-de-veau-sut-dana-kusbasi-halal.png\",\"datePublished\":\"2025-06-13T11:16:08+00:00\",\"breadcrumb\":{\"@id\":\"https:\\\/\\\/hakmarfrance.online\\\/de\\\/produit\\\/halal-kalbfleischstuecke-suet-dana-kusbasi\\\/#breadcrumb\"},\"inLanguage\":\"de\",\"potentialAction\":[{\"@type\":\"ReadAction\",\"target\":[\"https:\\\/\\\/hakmarfrance.online\\\/de\\\/produit\\\/halal-kalbfleischstuecke-suet-dana-kusbasi\\\/\"]}]},{\"@type\":\"ImageObject\",\"inLanguage\":\"de\",\"@id\":\"https:\\\/\\\/hakmarfrance.online\\\/de\\\/produit\\\/halal-kalbfleischstuecke-suet-dana-kusbasi\\\/#primaryimage\",\"url\":\"https:\\\/\\\/hakmarfrance.online\\\/wp-content\\\/uploads\\\/2025\\\/06\\\/morceaux-de-veau-sut-dana-kusbasi-halal.png\",\"contentUrl\":\"https:\\\/\\\/hakmarfrance.online\\\/wp-content\\\/uploads\\\/2025\\\/06\\\/morceaux-de-veau-sut-dana-kusbasi-halal.png\",\"width\":1000,\"height\":800},{\"@type\":\"BreadcrumbList\",\"@id\":\"https:\\\/\\\/hakmarfrance.online\\\/de\\\/produit\\\/halal-kalbfleischstuecke-suet-dana-kusbasi\\\/#breadcrumb\",\"itemListElement\":[{\"@type\":\"ListItem\",\"position\":1,\"name\":\"Accueil\",\"item\":\"https:\\\/\\\/hakmarfrance.online\\\/de\\\/\"},{\"@type\":\"ListItem\",\"position\":2,\"name\":\"Shop\",\"item\":\"https:\\\/\\\/hakmarfrance.online\\\/de\\\/shop\\\/\"},{\"@type\":\"ListItem\",\"position\":3,\"name\":\"Halal Kalbfleischst\u00fccke \u2013 S\u00fct Dana Ku\u015fba\u015f\u0131\"}]},{\"@type\":\"WebSite\",\"@id\":\"https:\\\/\\\/hakmarfrance.online\\\/de\\\/#website\",\"url\":\"https:\\\/\\\/hakmarfrance.online\\\/de\\\/\",\"name\":\"hakmarfrance.online\",\"description\":\"\",\"publisher\":{\"@id\":\"https:\\\/\\\/hakmarfrance.online\\\/de\\\/#organization\"},\"potentialAction\":[{\"@type\":\"SearchAction\",\"target\":{\"@type\":\"EntryPoint\",\"urlTemplate\":\"https:\\\/\\\/hakmarfrance.online\\\/de\\\/?s={search_term_string}\"},\"query-input\":{\"@type\":\"PropertyValueSpecification\",\"valueRequired\":true,\"valueName\":\"search_term_string\"}}],\"inLanguage\":\"de\"},{\"@type\":\"Organization\",\"@id\":\"https:\\\/\\\/hakmarfrance.online\\\/de\\\/#organization\",\"name\":\"hakmarfrance.online\",\"url\":\"https:\\\/\\\/hakmarfrance.online\\\/de\\\/\",\"logo\":{\"@type\":\"ImageObject\",\"inLanguage\":\"de\",\"@id\":\"https:\\\/\\\/hakmarfrance.online\\\/de\\\/#\\\/schema\\\/logo\\\/image\\\/\",\"url\":\"https:\\\/\\\/hakmarfrance.online\\\/wp-content\\\/uploads\\\/2025\\\/06\\\/logo-hakmarfrance.png\",\"contentUrl\":\"https:\\\/\\\/hakmarfrance.online\\\/wp-content\\\/uploads\\\/2025\\\/06\\\/logo-hakmarfrance.png\",\"width\":528,\"height\":232,\"caption\":\"hakmarfrance.online\"},\"image\":{\"@id\":\"https:\\\/\\\/hakmarfrance.online\\\/de\\\/#\\\/schema\\\/logo\\\/image\\\/\"},\"sameAs\":[\"https:\\\/\\\/www.facebook.com\\\/HakmarFranceSupermarche\\\/?locale=fr_FR\",\"https:\\\/\\\/www.instagram.com\\\/hakmarfrancesupermarche\\\/\"]}]}<\/script>\n<!-- \/ Yoast SEO plugin. -->","yoast_head_json":{"title":"Halal Kalbfleischst\u00fccke \u2013 S\u00fct Dana Ku\u015fba\u015f\u0131 - hakmarfrance.online","robots":{"index":"index","follow":"follow","max-snippet":"max-snippet:-1","max-image-preview":"max-image-preview:large","max-video-preview":"max-video-preview:-1"},"canonical":"https:\/\/hakmarfrance.online\/de\/produit\/halal-kalbfleischstuecke-suet-dana-kusbasi\/","og_locale":"de_DE","og_type":"article","og_title":"Halal Kalbfleischst\u00fccke \u2013 S\u00fct Dana Ku\u015fba\u015f\u0131 - hakmarfrance.online","og_description":"Unsere Halal-Kalbfleischst\u00fccke (S\u00fct Dana Ku\u015fba\u015f\u0131) werden sorgf\u00e4ltig aus zarten und mageren Teilen geschnitten. Sie sind gebrauchsfertig und perfekt f\u00fcr deine Schmorgerichte, Wok-Rezepte, Eint\u00f6pfe oder Tajines. Zart, einfach zuzubereiten und geschmacksintensiv, sind sie in der mediterranen und orientalischen K\u00fcche sehr beliebt. \ud83d\udc69\u200d\ud83c\udf73 Tipp: Brate sie mit Zwiebeln, Tomaten und Paprika f\u00fcr ein k\u00f6stliches Express-Saut\u00e9 an, oder schmore sie mit Gem\u00fcse f\u00fcr ein zartschmelzendes Gericht. \u27a4 100 % Halal-Fleisch \u2013 ohne Knochen und \u00fcberfl\u00fcssiges Fett \ud83d\udc49 Das Fleisch in unserer Abteilung wird pro Kilo verkauft.\u27a4 Schnell oder langsam garen, ganz nach deinem Wunsch\u27a4 Fertig zum Einfrieren oder frisch verzehren \ud83d\ude9a Lieferung nach Hause in M\u00fclhausen und Umgebung \u2013 Frische garantiert","og_url":"https:\/\/hakmarfrance.online\/de\/produit\/halal-kalbfleischstuecke-suet-dana-kusbasi\/","og_site_name":"hakmarfrance.online","article_publisher":"https:\/\/www.facebook.com\/HakmarFranceSupermarche\/?locale=fr_FR","og_image":[{"width":1000,"height":800,"url":"https:\/\/hakmarfrance.online\/wp-content\/uploads\/2025\/06\/morceaux-de-veau-sut-dana-kusbasi-halal.png","type":"image\/png"}],"twitter_card":"summary_large_image","schema":{"@context":"https:\/\/schema.org","@graph":[{"@type":"WebPage","@id":"https:\/\/hakmarfrance.online\/de\/produit\/halal-kalbfleischstuecke-suet-dana-kusbasi\/","url":"https:\/\/hakmarfrance.online\/de\/produit\/halal-kalbfleischstuecke-suet-dana-kusbasi\/","name":"Halal Kalbfleischst\u00fccke \u2013 S\u00fct Dana Ku\u015fba\u015f\u0131 - hakmarfrance.online","isPartOf":{"@id":"https:\/\/hakmarfrance.online\/de\/#website"},"primaryImageOfPage":{"@id":"https:\/\/hakmarfrance.online\/de\/produit\/halal-kalbfleischstuecke-suet-dana-kusbasi\/#primaryimage"},"image":{"@id":"https:\/\/hakmarfrance.online\/de\/produit\/halal-kalbfleischstuecke-suet-dana-kusbasi\/#primaryimage"},"thumbnailUrl":"https:\/\/hakmarfrance.online\/wp-content\/uploads\/2025\/06\/morceaux-de-veau-sut-dana-kusbasi-halal.png","datePublished":"2025-06-13T11:16:08+00:00","breadcrumb":{"@id":"https:\/\/hakmarfrance.online\/de\/produit\/halal-kalbfleischstuecke-suet-dana-kusbasi\/#breadcrumb"},"inLanguage":"de","potentialAction":[{"@type":"ReadAction","target":["https:\/\/hakmarfrance.online\/de\/produit\/halal-kalbfleischstuecke-suet-dana-kusbasi\/"]}]},{"@type":"ImageObject","inLanguage":"de","@id":"https:\/\/hakmarfrance.online\/de\/produit\/halal-kalbfleischstuecke-suet-dana-kusbasi\/#primaryimage","url":"https:\/\/hakmarfrance.online\/wp-content\/uploads\/2025\/06\/morceaux-de-veau-sut-dana-kusbasi-halal.png","contentUrl":"https:\/\/hakmarfrance.online\/wp-content\/uploads\/2025\/06\/morceaux-de-veau-sut-dana-kusbasi-halal.png","width":1000,"height":800},{"@type":"BreadcrumbList","@id":"https:\/\/hakmarfrance.online\/de\/produit\/halal-kalbfleischstuecke-suet-dana-kusbasi\/#breadcrumb","itemListElement":[{"@type":"ListItem","position":1,"name":"Accueil","item":"https:\/\/hakmarfrance.online\/de\/"},{"@type":"ListItem","position":2,"name":"Shop","item":"https:\/\/hakmarfrance.online\/de\/shop\/"},{"@type":"ListItem","position":3,"name":"Halal Kalbfleischst\u00fccke \u2013 S\u00fct Dana Ku\u015fba\u015f\u0131"}]},{"@type":"WebSite","@id":"https:\/\/hakmarfrance.online\/de\/#website","url":"https:\/\/hakmarfrance.online\/de\/","name":"hakmarfrance.online","description":"","publisher":{"@id":"https:\/\/hakmarfrance.online\/de\/#organization"},"potentialAction":[{"@type":"SearchAction","target":{"@type":"EntryPoint","urlTemplate":"https:\/\/hakmarfrance.online\/de\/?s={search_term_string}"},"query-input":{"@type":"PropertyValueSpecification","valueRequired":true,"valueName":"search_term_string"}}],"inLanguage":"de"},{"@type":"Organization","@id":"https:\/\/hakmarfrance.online\/de\/#organization","name":"hakmarfrance.online","url":"https:\/\/hakmarfrance.online\/de\/","logo":{"@type":"ImageObject","inLanguage":"de","@id":"https:\/\/hakmarfrance.online\/de\/#\/schema\/logo\/image\/","url":"https:\/\/hakmarfrance.online\/wp-content\/uploads\/2025\/06\/logo-hakmarfrance.png","contentUrl":"https:\/\/hakmarfrance.online\/wp-content\/uploads\/2025\/06\/logo-hakmarfrance.png","width":528,"height":232,"caption":"hakmarfrance.online"},"image":{"@id":"https:\/\/hakmarfrance.online\/de\/#\/schema\/logo\/image\/"},"sameAs":["https:\/\/www.facebook.com\/HakmarFranceSupermarche\/?locale=fr_FR","https:\/\/www.instagram.com\/hakmarfrancesupermarche\/"]}]}},"_links":{"self":[{"href":"https:\/\/hakmarfrance.online\/de\/wp-json\/wp\/v2\/product\/17476","targetHints":{"allow":["GET"]}}],"collection":[{"href":"https:\/\/hakmarfrance.online\/de\/wp-json\/wp\/v2\/product"}],"about":[{"href":"https:\/\/hakmarfrance.online\/de\/wp-json\/wp\/v2\/types\/product"}],"replies":[{"embeddable":true,"href":"https:\/\/hakmarfrance.online\/de\/wp-json\/wp\/v2\/comments?post=17476"}],"version-history":[{"count":0,"href":"https:\/\/hakmarfrance.online\/de\/wp-json\/wp\/v2\/product\/17476\/revisions"}],"wp:featuredmedia":[{"embeddable":true,"href":"https:\/\/hakmarfrance.online\/de\/wp-json\/wp\/v2\/media\/18646"}],"wp:attachment":[{"href":"https:\/\/hakmarfrance.online\/de\/wp-json\/wp\/v2\/media?parent=17476"}],"wp:term":[{"taxonomy":"product_brand","embeddable":true,"href":"https:\/\/hakmarfrance.online\/de\/wp-json\/wp\/v2\/product_brand?post=17476"},{"taxonomy":"product_cat","embeddable":true,"href":"https:\/\/hakmarfrance.online\/de\/wp-json\/wp\/v2\/product_cat?post=17476"},{"taxonomy":"product_tag","embeddable":true,"href":"https:\/\/hakmarfrance.online\/de\/wp-json\/wp\/v2\/product_tag?post=17476"}],"curies":[{"name":"wp","href":"https:\/\/api.w.org\/{rel}","templated":true}]}}