{"id":17482,"date":"2025-06-13T11:04:16","date_gmt":"2025-06-13T11:04:16","guid":{"rendered":"https:\/\/hakmarfrance.online\/produit\/halal-haehnchenschnitzel-zarte-filets\/"},"modified":"2025-06-13T11:04:16","modified_gmt":"2025-06-13T11:04:16","slug":"halal-haehnchenschnitzel-zarte-filets","status":"publish","type":"product","link":"https:\/\/hakmarfrance.online\/de\/produit\/halal-haehnchenschnitzel-zarte-filets\/","title":{"rendered":"Halal-H\u00e4hnchenschnitzel \u2013 Zarte Filets"},"content":{"rendered":"","protected":false},"excerpt":{"rendered":"<p data-start=\"445\" data-end=\"656\">Unsere <strong data-start=\"449\" data-end=\"478\">Halal-H\u00e4hnchenschnitzel<\/strong> werden aus sorgf\u00e4ltig ausgew\u00e4hlten H\u00e4hnchenfilets zubereitet, ohne Knochen und ohne Haut. Fertig zum Gebrauch, sind sie perfekt f\u00fcr schnelle, gesunde und leckere Gerichte. <\/p>\n<p data-start=\"658\" data-end=\"824\">In der Pfanne, in So\u00dfe, als hausgemachte Panade oder sogar im Wok, passen sie zu all Ihren Alltagsrezepten. Eine praktische und leckere L\u00f6sung f\u00fcr die ganze Familie! <\/p>\n<p data-start=\"826\" data-end=\"975\">\ud83d\udc68\u200d\ud83c\udf73 Tipp: Schneide sie in Streifen und brate sie mit etwas Oliven\u00f6l, Knoblauch und Zitrone an f\u00fcr eine leichte und aromatische Variante.<\/p>\n<p data-start=\"826\" data-end=\"975\">\ud83d\udc49 <strong data-start=\"869\" data-end=\"921\">Das Fleisch in unserer Abteilung wird pro Kilo verkauft.<\/strong><\/p>\n<p data-start=\"977\" data-end=\"1151\">\u27a4 <strong data-start=\"979\" data-end=\"1028\">100 % Halal-Fleisch \u2013 ohne Knochen und kochfertig<\/strong><br data-start=\"1100\" data-end=\"1103\">\u27a4 Vakuumverpackt f\u00fcr mehr Frische<\/p>\n<p data-start=\"1153\" data-end=\"1213\">\ud83d\ude9a Schnelle Lieferung nach Hause in <strong data-start=\"1188\" data-end=\"1213\">Mulhouse und Umgebung<\/strong><\/p>\n","protected":false},"featured_media":18543,"comment_status":"open","ping_status":"closed","template":"","meta":{"iawp_total_views":0},"product_brand":[],"product_cat":[226,251,255,254,252],"product_tag":[],"class_list":{"0":"post-17482","1":"product","2":"type-product","3":"status-publish","4":"has-post-thumbnail","6":"product_cat-alle-unsere-produkte","7":"product_cat-fleisch-fisch-feinkost","8":"product_cat-frische-produkte-milchprodukte","9":"product_cat-frisches-fleisch-rind-lamm-huhn-2","10":"product_cat-halal-metzgerei","12":"first","13":"instock","14":"shipping-taxable","15":"purchasable","16":"product-type-simple"},"yoast_head":"<!-- This site is optimized with the Yoast SEO plugin v27.3 - https:\/\/yoast.com\/product\/yoast-seo-wordpress\/ -->\n<title>Halal-H\u00e4hnchenschnitzel \u2013 Zarte Filets - hakmarfrance.online<\/title>\n<meta name=\"robots\" content=\"index, follow, max-snippet:-1, max-image-preview:large, max-video-preview:-1\" \/>\n<link rel=\"canonical\" href=\"https:\/\/hakmarfrance.online\/de\/produit\/halal-haehnchenschnitzel-zarte-filets\/\" \/>\n<meta property=\"og:locale\" content=\"de_DE\" \/>\n<meta property=\"og:type\" content=\"article\" \/>\n<meta property=\"og:title\" content=\"Halal-H\u00e4hnchenschnitzel \u2013 Zarte Filets - hakmarfrance.online\" \/>\n<meta property=\"og:description\" content=\"Unsere Halal-H\u00e4hnchenschnitzel werden aus sorgf\u00e4ltig ausgew\u00e4hlten H\u00e4hnchenfilets zubereitet, ohne Knochen und ohne Haut. Fertig zum Gebrauch, sind sie perfekt f\u00fcr schnelle, gesunde und leckere Gerichte. In der Pfanne, in So\u00dfe, als hausgemachte Panade oder sogar im Wok, passen sie zu all Ihren Alltagsrezepten. Eine praktische und leckere L\u00f6sung f\u00fcr die ganze Familie! \ud83d\udc68\u200d\ud83c\udf73 Tipp: Schneide sie in Streifen und brate sie mit etwas Oliven\u00f6l, Knoblauch und Zitrone an f\u00fcr eine leichte und aromatische Variante. \ud83d\udc49 Das Fleisch in unserer Abteilung wird pro Kilo verkauft. \u27a4 100 % Halal-Fleisch \u2013 ohne Knochen und kochfertig\u27a4 Vakuumverpackt f\u00fcr mehr Frische \ud83d\ude9a Schnelle Lieferung nach Hause in Mulhouse und Umgebung\" \/>\n<meta property=\"og:url\" content=\"https:\/\/hakmarfrance.online\/de\/produit\/halal-haehnchenschnitzel-zarte-filets\/\" \/>\n<meta property=\"og:site_name\" content=\"hakmarfrance.online\" \/>\n<meta property=\"article:publisher\" content=\"https:\/\/www.facebook.com\/HakmarFranceSupermarche\/?locale=fr_FR\" \/>\n<meta property=\"og:image\" content=\"https:\/\/hakmarfrance.online\/wp-content\/uploads\/2025\/06\/escalope-de-poulet.png\" \/>\n\t<meta property=\"og:image:width\" content=\"1000\" \/>\n\t<meta property=\"og:image:height\" content=\"800\" \/>\n\t<meta property=\"og:image:type\" content=\"image\/png\" \/>\n<meta name=\"twitter:card\" content=\"summary_large_image\" \/>\n<script type=\"application\/ld+json\" class=\"yoast-schema-graph\">{\"@context\":\"https:\\\/\\\/schema.org\",\"@graph\":[{\"@type\":\"WebPage\",\"@id\":\"https:\\\/\\\/hakmarfrance.online\\\/de\\\/produit\\\/halal-haehnchenschnitzel-zarte-filets\\\/\",\"url\":\"https:\\\/\\\/hakmarfrance.online\\\/de\\\/produit\\\/halal-haehnchenschnitzel-zarte-filets\\\/\",\"name\":\"Halal-H\u00e4hnchenschnitzel \u2013 Zarte Filets - hakmarfrance.online\",\"isPartOf\":{\"@id\":\"https:\\\/\\\/hakmarfrance.online\\\/de\\\/#website\"},\"primaryImageOfPage\":{\"@id\":\"https:\\\/\\\/hakmarfrance.online\\\/de\\\/produit\\\/halal-haehnchenschnitzel-zarte-filets\\\/#primaryimage\"},\"image\":{\"@id\":\"https:\\\/\\\/hakmarfrance.online\\\/de\\\/produit\\\/halal-haehnchenschnitzel-zarte-filets\\\/#primaryimage\"},\"thumbnailUrl\":\"https:\\\/\\\/hakmarfrance.online\\\/wp-content\\\/uploads\\\/2025\\\/06\\\/escalope-de-poulet.png\",\"datePublished\":\"2025-06-13T11:04:16+00:00\",\"breadcrumb\":{\"@id\":\"https:\\\/\\\/hakmarfrance.online\\\/de\\\/produit\\\/halal-haehnchenschnitzel-zarte-filets\\\/#breadcrumb\"},\"inLanguage\":\"de\",\"potentialAction\":[{\"@type\":\"ReadAction\",\"target\":[\"https:\\\/\\\/hakmarfrance.online\\\/de\\\/produit\\\/halal-haehnchenschnitzel-zarte-filets\\\/\"]}]},{\"@type\":\"ImageObject\",\"inLanguage\":\"de\",\"@id\":\"https:\\\/\\\/hakmarfrance.online\\\/de\\\/produit\\\/halal-haehnchenschnitzel-zarte-filets\\\/#primaryimage\",\"url\":\"https:\\\/\\\/hakmarfrance.online\\\/wp-content\\\/uploads\\\/2025\\\/06\\\/escalope-de-poulet.png\",\"contentUrl\":\"https:\\\/\\\/hakmarfrance.online\\\/wp-content\\\/uploads\\\/2025\\\/06\\\/escalope-de-poulet.png\",\"width\":1000,\"height\":800},{\"@type\":\"BreadcrumbList\",\"@id\":\"https:\\\/\\\/hakmarfrance.online\\\/de\\\/produit\\\/halal-haehnchenschnitzel-zarte-filets\\\/#breadcrumb\",\"itemListElement\":[{\"@type\":\"ListItem\",\"position\":1,\"name\":\"Accueil\",\"item\":\"https:\\\/\\\/hakmarfrance.online\\\/de\\\/\"},{\"@type\":\"ListItem\",\"position\":2,\"name\":\"Shop\",\"item\":\"https:\\\/\\\/hakmarfrance.online\\\/de\\\/shop\\\/\"},{\"@type\":\"ListItem\",\"position\":3,\"name\":\"Halal-H\u00e4hnchenschnitzel \u2013 Zarte Filets\"}]},{\"@type\":\"WebSite\",\"@id\":\"https:\\\/\\\/hakmarfrance.online\\\/de\\\/#website\",\"url\":\"https:\\\/\\\/hakmarfrance.online\\\/de\\\/\",\"name\":\"hakmarfrance.online\",\"description\":\"\",\"publisher\":{\"@id\":\"https:\\\/\\\/hakmarfrance.online\\\/de\\\/#organization\"},\"potentialAction\":[{\"@type\":\"SearchAction\",\"target\":{\"@type\":\"EntryPoint\",\"urlTemplate\":\"https:\\\/\\\/hakmarfrance.online\\\/de\\\/?s={search_term_string}\"},\"query-input\":{\"@type\":\"PropertyValueSpecification\",\"valueRequired\":true,\"valueName\":\"search_term_string\"}}],\"inLanguage\":\"de\"},{\"@type\":\"Organization\",\"@id\":\"https:\\\/\\\/hakmarfrance.online\\\/de\\\/#organization\",\"name\":\"hakmarfrance.online\",\"url\":\"https:\\\/\\\/hakmarfrance.online\\\/de\\\/\",\"logo\":{\"@type\":\"ImageObject\",\"inLanguage\":\"de\",\"@id\":\"https:\\\/\\\/hakmarfrance.online\\\/de\\\/#\\\/schema\\\/logo\\\/image\\\/\",\"url\":\"https:\\\/\\\/hakmarfrance.online\\\/wp-content\\\/uploads\\\/2025\\\/06\\\/logo-hakmarfrance.png\",\"contentUrl\":\"https:\\\/\\\/hakmarfrance.online\\\/wp-content\\\/uploads\\\/2025\\\/06\\\/logo-hakmarfrance.png\",\"width\":528,\"height\":232,\"caption\":\"hakmarfrance.online\"},\"image\":{\"@id\":\"https:\\\/\\\/hakmarfrance.online\\\/de\\\/#\\\/schema\\\/logo\\\/image\\\/\"},\"sameAs\":[\"https:\\\/\\\/www.facebook.com\\\/HakmarFranceSupermarche\\\/?locale=fr_FR\",\"https:\\\/\\\/www.instagram.com\\\/hakmarfrancesupermarche\\\/\"]}]}<\/script>\n<!-- \/ Yoast SEO plugin. -->","yoast_head_json":{"title":"Halal-H\u00e4hnchenschnitzel \u2013 Zarte Filets - hakmarfrance.online","robots":{"index":"index","follow":"follow","max-snippet":"max-snippet:-1","max-image-preview":"max-image-preview:large","max-video-preview":"max-video-preview:-1"},"canonical":"https:\/\/hakmarfrance.online\/de\/produit\/halal-haehnchenschnitzel-zarte-filets\/","og_locale":"de_DE","og_type":"article","og_title":"Halal-H\u00e4hnchenschnitzel \u2013 Zarte Filets - hakmarfrance.online","og_description":"Unsere Halal-H\u00e4hnchenschnitzel werden aus sorgf\u00e4ltig ausgew\u00e4hlten H\u00e4hnchenfilets zubereitet, ohne Knochen und ohne Haut. Fertig zum Gebrauch, sind sie perfekt f\u00fcr schnelle, gesunde und leckere Gerichte. In der Pfanne, in So\u00dfe, als hausgemachte Panade oder sogar im Wok, passen sie zu all Ihren Alltagsrezepten. Eine praktische und leckere L\u00f6sung f\u00fcr die ganze Familie! \ud83d\udc68\u200d\ud83c\udf73 Tipp: Schneide sie in Streifen und brate sie mit etwas Oliven\u00f6l, Knoblauch und Zitrone an f\u00fcr eine leichte und aromatische Variante. \ud83d\udc49 Das Fleisch in unserer Abteilung wird pro Kilo verkauft. \u27a4 100 % Halal-Fleisch \u2013 ohne Knochen und kochfertig\u27a4 Vakuumverpackt f\u00fcr mehr Frische \ud83d\ude9a Schnelle Lieferung nach Hause in Mulhouse und Umgebung","og_url":"https:\/\/hakmarfrance.online\/de\/produit\/halal-haehnchenschnitzel-zarte-filets\/","og_site_name":"hakmarfrance.online","article_publisher":"https:\/\/www.facebook.com\/HakmarFranceSupermarche\/?locale=fr_FR","og_image":[{"width":1000,"height":800,"url":"https:\/\/hakmarfrance.online\/wp-content\/uploads\/2025\/06\/escalope-de-poulet.png","type":"image\/png"}],"twitter_card":"summary_large_image","schema":{"@context":"https:\/\/schema.org","@graph":[{"@type":"WebPage","@id":"https:\/\/hakmarfrance.online\/de\/produit\/halal-haehnchenschnitzel-zarte-filets\/","url":"https:\/\/hakmarfrance.online\/de\/produit\/halal-haehnchenschnitzel-zarte-filets\/","name":"Halal-H\u00e4hnchenschnitzel \u2013 Zarte Filets - hakmarfrance.online","isPartOf":{"@id":"https:\/\/hakmarfrance.online\/de\/#website"},"primaryImageOfPage":{"@id":"https:\/\/hakmarfrance.online\/de\/produit\/halal-haehnchenschnitzel-zarte-filets\/#primaryimage"},"image":{"@id":"https:\/\/hakmarfrance.online\/de\/produit\/halal-haehnchenschnitzel-zarte-filets\/#primaryimage"},"thumbnailUrl":"https:\/\/hakmarfrance.online\/wp-content\/uploads\/2025\/06\/escalope-de-poulet.png","datePublished":"2025-06-13T11:04:16+00:00","breadcrumb":{"@id":"https:\/\/hakmarfrance.online\/de\/produit\/halal-haehnchenschnitzel-zarte-filets\/#breadcrumb"},"inLanguage":"de","potentialAction":[{"@type":"ReadAction","target":["https:\/\/hakmarfrance.online\/de\/produit\/halal-haehnchenschnitzel-zarte-filets\/"]}]},{"@type":"ImageObject","inLanguage":"de","@id":"https:\/\/hakmarfrance.online\/de\/produit\/halal-haehnchenschnitzel-zarte-filets\/#primaryimage","url":"https:\/\/hakmarfrance.online\/wp-content\/uploads\/2025\/06\/escalope-de-poulet.png","contentUrl":"https:\/\/hakmarfrance.online\/wp-content\/uploads\/2025\/06\/escalope-de-poulet.png","width":1000,"height":800},{"@type":"BreadcrumbList","@id":"https:\/\/hakmarfrance.online\/de\/produit\/halal-haehnchenschnitzel-zarte-filets\/#breadcrumb","itemListElement":[{"@type":"ListItem","position":1,"name":"Accueil","item":"https:\/\/hakmarfrance.online\/de\/"},{"@type":"ListItem","position":2,"name":"Shop","item":"https:\/\/hakmarfrance.online\/de\/shop\/"},{"@type":"ListItem","position":3,"name":"Halal-H\u00e4hnchenschnitzel \u2013 Zarte Filets"}]},{"@type":"WebSite","@id":"https:\/\/hakmarfrance.online\/de\/#website","url":"https:\/\/hakmarfrance.online\/de\/","name":"hakmarfrance.online","description":"","publisher":{"@id":"https:\/\/hakmarfrance.online\/de\/#organization"},"potentialAction":[{"@type":"SearchAction","target":{"@type":"EntryPoint","urlTemplate":"https:\/\/hakmarfrance.online\/de\/?s={search_term_string}"},"query-input":{"@type":"PropertyValueSpecification","valueRequired":true,"valueName":"search_term_string"}}],"inLanguage":"de"},{"@type":"Organization","@id":"https:\/\/hakmarfrance.online\/de\/#organization","name":"hakmarfrance.online","url":"https:\/\/hakmarfrance.online\/de\/","logo":{"@type":"ImageObject","inLanguage":"de","@id":"https:\/\/hakmarfrance.online\/de\/#\/schema\/logo\/image\/","url":"https:\/\/hakmarfrance.online\/wp-content\/uploads\/2025\/06\/logo-hakmarfrance.png","contentUrl":"https:\/\/hakmarfrance.online\/wp-content\/uploads\/2025\/06\/logo-hakmarfrance.png","width":528,"height":232,"caption":"hakmarfrance.online"},"image":{"@id":"https:\/\/hakmarfrance.online\/de\/#\/schema\/logo\/image\/"},"sameAs":["https:\/\/www.facebook.com\/HakmarFranceSupermarche\/?locale=fr_FR","https:\/\/www.instagram.com\/hakmarfrancesupermarche\/"]}]}},"_links":{"self":[{"href":"https:\/\/hakmarfrance.online\/de\/wp-json\/wp\/v2\/product\/17482","targetHints":{"allow":["GET"]}}],"collection":[{"href":"https:\/\/hakmarfrance.online\/de\/wp-json\/wp\/v2\/product"}],"about":[{"href":"https:\/\/hakmarfrance.online\/de\/wp-json\/wp\/v2\/types\/product"}],"replies":[{"embeddable":true,"href":"https:\/\/hakmarfrance.online\/de\/wp-json\/wp\/v2\/comments?post=17482"}],"version-history":[{"count":0,"href":"https:\/\/hakmarfrance.online\/de\/wp-json\/wp\/v2\/product\/17482\/revisions"}],"wp:featuredmedia":[{"embeddable":true,"href":"https:\/\/hakmarfrance.online\/de\/wp-json\/wp\/v2\/media\/18543"}],"wp:attachment":[{"href":"https:\/\/hakmarfrance.online\/de\/wp-json\/wp\/v2\/media?parent=17482"}],"wp:term":[{"taxonomy":"product_brand","embeddable":true,"href":"https:\/\/hakmarfrance.online\/de\/wp-json\/wp\/v2\/product_brand?post=17482"},{"taxonomy":"product_cat","embeddable":true,"href":"https:\/\/hakmarfrance.online\/de\/wp-json\/wp\/v2\/product_cat?post=17482"},{"taxonomy":"product_tag","embeddable":true,"href":"https:\/\/hakmarfrance.online\/de\/wp-json\/wp\/v2\/product_tag?post=17482"}],"curies":[{"name":"wp","href":"https:\/\/api.w.org\/{rel}","templated":true}]}}