{"id":17484,"date":"2025-06-13T11:06:02","date_gmt":"2025-06-13T11:06:02","guid":{"rendered":"https:\/\/hakmarfrance.online\/produit\/halal-haehnchenschnitzel-5kg-schale\/"},"modified":"2025-06-13T11:06:02","modified_gmt":"2025-06-13T11:06:02","slug":"halal-haehnchenschnitzel-5kg-schale","status":"publish","type":"product","link":"https:\/\/hakmarfrance.online\/de\/produit\/halal-haehnchenschnitzel-5kg-schale\/","title":{"rendered":"Halal-H\u00e4hnchenschnitzel \u2013 5kg-Schale"},"content":{"rendered":"","protected":false},"excerpt":{"rendered":"<p data-start=\"501\" data-end=\"718\">Profitiere von unserem <strong data-start=\"526\" data-end=\"552\">familienfreundlichen und sparsamen<\/strong> Format mit dieser <strong data-start=\"564\" data-end=\"612\">5kg-Schale Halal-H\u00e4hnchenschnitzel<\/strong>, ideal f\u00fcr gro\u00dfe Mahlzeiten, die Zubereitung von Batch Cooking oder die Bed\u00fcrfnisse von Gastronomen.<\/p>\n<p data-start=\"720\" data-end=\"886\">Zarte, knochenlose und kochfertige Filets, perfekt f\u00fcr deine Rezepte in der Pfanne, in So\u00dfe, paniert oder im Wok. Verpackt, um Frische und Praktikabilit\u00e4t zu gew\u00e4hrleisten. <\/p>\n<p data-start=\"985\" data-end=\"1176\">\u27a4 <strong data-start=\"987\" data-end=\"1037\">100 % Halal-Fleisch \u2013 frisch geschnitten, ohne Knochen<\/strong><br data-start=\"1037\" data-end=\"1040\">\u27a4 Vakuumverpackte Schale \u2013 <strong data-start=\"1064\" data-end=\"1096\">5 kg<\/strong><br data-start=\"1096\" data-end=\"1099\">\u27a4 Schnell verbrauchen oder einfrieren<br data-start=\"1137\" data-end=\"1140\">\u27a4 Praktisch, sparsam und hochwertig<\/p>\n<p data-start=\"1178\" data-end=\"1261\">\ud83d\ude9a Lieferung nach Hause in <strong data-start=\"1206\" data-end=\"1234\">Mulhouse und Umgebung (30 km)<\/strong> \u2013 Metzgerqualit\u00e4t.<\/p>\n","protected":false},"featured_media":16567,"comment_status":"open","ping_status":"closed","template":"","meta":{"iawp_total_views":3},"product_brand":[],"product_cat":[236,226,251,254,252],"product_tag":[],"class_list":{"0":"post-17484","1":"product","2":"type-product","3":"status-publish","4":"has-post-thumbnail","6":"product_cat-aktionen","7":"product_cat-alle-unsere-produkte","8":"product_cat-fleisch-fisch-feinkost","9":"product_cat-frisches-fleisch-rind-lamm-huhn-2","10":"product_cat-halal-metzgerei","12":"first","13":"instock","14":"shipping-taxable","15":"purchasable","16":"product-type-simple"},"yoast_head":"<!-- This site is optimized with the Yoast SEO plugin v27.3 - https:\/\/yoast.com\/product\/yoast-seo-wordpress\/ -->\n<title>Halal-H\u00e4hnchenschnitzel \u2013 5kg-Schale - hakmarfrance.online<\/title>\n<meta name=\"robots\" content=\"index, follow, max-snippet:-1, max-image-preview:large, max-video-preview:-1\" \/>\n<link rel=\"canonical\" href=\"https:\/\/hakmarfrance.online\/de\/produit\/halal-haehnchenschnitzel-5kg-schale\/\" \/>\n<meta property=\"og:locale\" content=\"de_DE\" \/>\n<meta property=\"og:type\" content=\"article\" \/>\n<meta property=\"og:title\" content=\"Halal-H\u00e4hnchenschnitzel \u2013 5kg-Schale - hakmarfrance.online\" \/>\n<meta property=\"og:description\" content=\"Profitiere von unserem familienfreundlichen und sparsamen Format mit dieser 5kg-Schale Halal-H\u00e4hnchenschnitzel, ideal f\u00fcr gro\u00dfe Mahlzeiten, die Zubereitung von Batch Cooking oder die Bed\u00fcrfnisse von Gastronomen. Zarte, knochenlose und kochfertige Filets, perfekt f\u00fcr deine Rezepte in der Pfanne, in So\u00dfe, paniert oder im Wok. Verpackt, um Frische und Praktikabilit\u00e4t zu gew\u00e4hrleisten. \u27a4 100 % Halal-Fleisch \u2013 frisch geschnitten, ohne Knochen\u27a4 Vakuumverpackte Schale \u2013 5 kg\u27a4 Schnell verbrauchen oder einfrieren\u27a4 Praktisch, sparsam und hochwertig \ud83d\ude9a Lieferung nach Hause in Mulhouse und Umgebung (30 km) \u2013 Metzgerqualit\u00e4t.\" \/>\n<meta property=\"og:url\" content=\"https:\/\/hakmarfrance.online\/de\/produit\/halal-haehnchenschnitzel-5kg-schale\/\" \/>\n<meta property=\"og:site_name\" content=\"hakmarfrance.online\" \/>\n<meta property=\"article:publisher\" content=\"https:\/\/www.facebook.com\/HakmarFranceSupermarche\/?locale=fr_FR\" \/>\n<meta property=\"og:image\" content=\"https:\/\/hakmarfrance.online\/wp-content\/uploads\/2025\/06\/Escalope-de-poulet-5kg-barquette-.png\" \/>\n\t<meta property=\"og:image:width\" content=\"1000\" \/>\n\t<meta property=\"og:image:height\" content=\"800\" \/>\n\t<meta property=\"og:image:type\" content=\"image\/png\" \/>\n<meta name=\"twitter:card\" content=\"summary_large_image\" \/>\n<script type=\"application\/ld+json\" class=\"yoast-schema-graph\">{\"@context\":\"https:\\\/\\\/schema.org\",\"@graph\":[{\"@type\":\"WebPage\",\"@id\":\"https:\\\/\\\/hakmarfrance.online\\\/de\\\/produit\\\/halal-haehnchenschnitzel-5kg-schale\\\/\",\"url\":\"https:\\\/\\\/hakmarfrance.online\\\/de\\\/produit\\\/halal-haehnchenschnitzel-5kg-schale\\\/\",\"name\":\"Halal-H\u00e4hnchenschnitzel \u2013 5kg-Schale - hakmarfrance.online\",\"isPartOf\":{\"@id\":\"https:\\\/\\\/hakmarfrance.online\\\/de\\\/#website\"},\"primaryImageOfPage\":{\"@id\":\"https:\\\/\\\/hakmarfrance.online\\\/de\\\/produit\\\/halal-haehnchenschnitzel-5kg-schale\\\/#primaryimage\"},\"image\":{\"@id\":\"https:\\\/\\\/hakmarfrance.online\\\/de\\\/produit\\\/halal-haehnchenschnitzel-5kg-schale\\\/#primaryimage\"},\"thumbnailUrl\":\"https:\\\/\\\/hakmarfrance.online\\\/wp-content\\\/uploads\\\/2025\\\/06\\\/Escalope-de-poulet-5kg-barquette-.png\",\"datePublished\":\"2025-06-13T11:06:02+00:00\",\"breadcrumb\":{\"@id\":\"https:\\\/\\\/hakmarfrance.online\\\/de\\\/produit\\\/halal-haehnchenschnitzel-5kg-schale\\\/#breadcrumb\"},\"inLanguage\":\"de\",\"potentialAction\":[{\"@type\":\"ReadAction\",\"target\":[\"https:\\\/\\\/hakmarfrance.online\\\/de\\\/produit\\\/halal-haehnchenschnitzel-5kg-schale\\\/\"]}]},{\"@type\":\"ImageObject\",\"inLanguage\":\"de\",\"@id\":\"https:\\\/\\\/hakmarfrance.online\\\/de\\\/produit\\\/halal-haehnchenschnitzel-5kg-schale\\\/#primaryimage\",\"url\":\"https:\\\/\\\/hakmarfrance.online\\\/wp-content\\\/uploads\\\/2025\\\/06\\\/Escalope-de-poulet-5kg-barquette-.png\",\"contentUrl\":\"https:\\\/\\\/hakmarfrance.online\\\/wp-content\\\/uploads\\\/2025\\\/06\\\/Escalope-de-poulet-5kg-barquette-.png\",\"width\":1000,\"height\":800},{\"@type\":\"BreadcrumbList\",\"@id\":\"https:\\\/\\\/hakmarfrance.online\\\/de\\\/produit\\\/halal-haehnchenschnitzel-5kg-schale\\\/#breadcrumb\",\"itemListElement\":[{\"@type\":\"ListItem\",\"position\":1,\"name\":\"Accueil\",\"item\":\"https:\\\/\\\/hakmarfrance.online\\\/de\\\/\"},{\"@type\":\"ListItem\",\"position\":2,\"name\":\"Shop\",\"item\":\"https:\\\/\\\/hakmarfrance.online\\\/de\\\/shop\\\/\"},{\"@type\":\"ListItem\",\"position\":3,\"name\":\"Halal-H\u00e4hnchenschnitzel \u2013 5kg-Schale\"}]},{\"@type\":\"WebSite\",\"@id\":\"https:\\\/\\\/hakmarfrance.online\\\/de\\\/#website\",\"url\":\"https:\\\/\\\/hakmarfrance.online\\\/de\\\/\",\"name\":\"hakmarfrance.online\",\"description\":\"\",\"publisher\":{\"@id\":\"https:\\\/\\\/hakmarfrance.online\\\/de\\\/#organization\"},\"potentialAction\":[{\"@type\":\"SearchAction\",\"target\":{\"@type\":\"EntryPoint\",\"urlTemplate\":\"https:\\\/\\\/hakmarfrance.online\\\/de\\\/?s={search_term_string}\"},\"query-input\":{\"@type\":\"PropertyValueSpecification\",\"valueRequired\":true,\"valueName\":\"search_term_string\"}}],\"inLanguage\":\"de\"},{\"@type\":\"Organization\",\"@id\":\"https:\\\/\\\/hakmarfrance.online\\\/de\\\/#organization\",\"name\":\"hakmarfrance.online\",\"url\":\"https:\\\/\\\/hakmarfrance.online\\\/de\\\/\",\"logo\":{\"@type\":\"ImageObject\",\"inLanguage\":\"de\",\"@id\":\"https:\\\/\\\/hakmarfrance.online\\\/de\\\/#\\\/schema\\\/logo\\\/image\\\/\",\"url\":\"https:\\\/\\\/hakmarfrance.online\\\/wp-content\\\/uploads\\\/2025\\\/06\\\/logo-hakmarfrance.png\",\"contentUrl\":\"https:\\\/\\\/hakmarfrance.online\\\/wp-content\\\/uploads\\\/2025\\\/06\\\/logo-hakmarfrance.png\",\"width\":528,\"height\":232,\"caption\":\"hakmarfrance.online\"},\"image\":{\"@id\":\"https:\\\/\\\/hakmarfrance.online\\\/de\\\/#\\\/schema\\\/logo\\\/image\\\/\"},\"sameAs\":[\"https:\\\/\\\/www.facebook.com\\\/HakmarFranceSupermarche\\\/?locale=fr_FR\",\"https:\\\/\\\/www.instagram.com\\\/hakmarfrancesupermarche\\\/\"]}]}<\/script>\n<!-- \/ Yoast SEO plugin. -->","yoast_head_json":{"title":"Halal-H\u00e4hnchenschnitzel \u2013 5kg-Schale - hakmarfrance.online","robots":{"index":"index","follow":"follow","max-snippet":"max-snippet:-1","max-image-preview":"max-image-preview:large","max-video-preview":"max-video-preview:-1"},"canonical":"https:\/\/hakmarfrance.online\/de\/produit\/halal-haehnchenschnitzel-5kg-schale\/","og_locale":"de_DE","og_type":"article","og_title":"Halal-H\u00e4hnchenschnitzel \u2013 5kg-Schale - hakmarfrance.online","og_description":"Profitiere von unserem familienfreundlichen und sparsamen Format mit dieser 5kg-Schale Halal-H\u00e4hnchenschnitzel, ideal f\u00fcr gro\u00dfe Mahlzeiten, die Zubereitung von Batch Cooking oder die Bed\u00fcrfnisse von Gastronomen. Zarte, knochenlose und kochfertige Filets, perfekt f\u00fcr deine Rezepte in der Pfanne, in So\u00dfe, paniert oder im Wok. Verpackt, um Frische und Praktikabilit\u00e4t zu gew\u00e4hrleisten. \u27a4 100 % Halal-Fleisch \u2013 frisch geschnitten, ohne Knochen\u27a4 Vakuumverpackte Schale \u2013 5 kg\u27a4 Schnell verbrauchen oder einfrieren\u27a4 Praktisch, sparsam und hochwertig \ud83d\ude9a Lieferung nach Hause in Mulhouse und Umgebung (30 km) \u2013 Metzgerqualit\u00e4t.","og_url":"https:\/\/hakmarfrance.online\/de\/produit\/halal-haehnchenschnitzel-5kg-schale\/","og_site_name":"hakmarfrance.online","article_publisher":"https:\/\/www.facebook.com\/HakmarFranceSupermarche\/?locale=fr_FR","og_image":[{"width":1000,"height":800,"url":"https:\/\/hakmarfrance.online\/wp-content\/uploads\/2025\/06\/Escalope-de-poulet-5kg-barquette-.png","type":"image\/png"}],"twitter_card":"summary_large_image","schema":{"@context":"https:\/\/schema.org","@graph":[{"@type":"WebPage","@id":"https:\/\/hakmarfrance.online\/de\/produit\/halal-haehnchenschnitzel-5kg-schale\/","url":"https:\/\/hakmarfrance.online\/de\/produit\/halal-haehnchenschnitzel-5kg-schale\/","name":"Halal-H\u00e4hnchenschnitzel \u2013 5kg-Schale - hakmarfrance.online","isPartOf":{"@id":"https:\/\/hakmarfrance.online\/de\/#website"},"primaryImageOfPage":{"@id":"https:\/\/hakmarfrance.online\/de\/produit\/halal-haehnchenschnitzel-5kg-schale\/#primaryimage"},"image":{"@id":"https:\/\/hakmarfrance.online\/de\/produit\/halal-haehnchenschnitzel-5kg-schale\/#primaryimage"},"thumbnailUrl":"https:\/\/hakmarfrance.online\/wp-content\/uploads\/2025\/06\/Escalope-de-poulet-5kg-barquette-.png","datePublished":"2025-06-13T11:06:02+00:00","breadcrumb":{"@id":"https:\/\/hakmarfrance.online\/de\/produit\/halal-haehnchenschnitzel-5kg-schale\/#breadcrumb"},"inLanguage":"de","potentialAction":[{"@type":"ReadAction","target":["https:\/\/hakmarfrance.online\/de\/produit\/halal-haehnchenschnitzel-5kg-schale\/"]}]},{"@type":"ImageObject","inLanguage":"de","@id":"https:\/\/hakmarfrance.online\/de\/produit\/halal-haehnchenschnitzel-5kg-schale\/#primaryimage","url":"https:\/\/hakmarfrance.online\/wp-content\/uploads\/2025\/06\/Escalope-de-poulet-5kg-barquette-.png","contentUrl":"https:\/\/hakmarfrance.online\/wp-content\/uploads\/2025\/06\/Escalope-de-poulet-5kg-barquette-.png","width":1000,"height":800},{"@type":"BreadcrumbList","@id":"https:\/\/hakmarfrance.online\/de\/produit\/halal-haehnchenschnitzel-5kg-schale\/#breadcrumb","itemListElement":[{"@type":"ListItem","position":1,"name":"Accueil","item":"https:\/\/hakmarfrance.online\/de\/"},{"@type":"ListItem","position":2,"name":"Shop","item":"https:\/\/hakmarfrance.online\/de\/shop\/"},{"@type":"ListItem","position":3,"name":"Halal-H\u00e4hnchenschnitzel \u2013 5kg-Schale"}]},{"@type":"WebSite","@id":"https:\/\/hakmarfrance.online\/de\/#website","url":"https:\/\/hakmarfrance.online\/de\/","name":"hakmarfrance.online","description":"","publisher":{"@id":"https:\/\/hakmarfrance.online\/de\/#organization"},"potentialAction":[{"@type":"SearchAction","target":{"@type":"EntryPoint","urlTemplate":"https:\/\/hakmarfrance.online\/de\/?s={search_term_string}"},"query-input":{"@type":"PropertyValueSpecification","valueRequired":true,"valueName":"search_term_string"}}],"inLanguage":"de"},{"@type":"Organization","@id":"https:\/\/hakmarfrance.online\/de\/#organization","name":"hakmarfrance.online","url":"https:\/\/hakmarfrance.online\/de\/","logo":{"@type":"ImageObject","inLanguage":"de","@id":"https:\/\/hakmarfrance.online\/de\/#\/schema\/logo\/image\/","url":"https:\/\/hakmarfrance.online\/wp-content\/uploads\/2025\/06\/logo-hakmarfrance.png","contentUrl":"https:\/\/hakmarfrance.online\/wp-content\/uploads\/2025\/06\/logo-hakmarfrance.png","width":528,"height":232,"caption":"hakmarfrance.online"},"image":{"@id":"https:\/\/hakmarfrance.online\/de\/#\/schema\/logo\/image\/"},"sameAs":["https:\/\/www.facebook.com\/HakmarFranceSupermarche\/?locale=fr_FR","https:\/\/www.instagram.com\/hakmarfrancesupermarche\/"]}]}},"_links":{"self":[{"href":"https:\/\/hakmarfrance.online\/de\/wp-json\/wp\/v2\/product\/17484","targetHints":{"allow":["GET"]}}],"collection":[{"href":"https:\/\/hakmarfrance.online\/de\/wp-json\/wp\/v2\/product"}],"about":[{"href":"https:\/\/hakmarfrance.online\/de\/wp-json\/wp\/v2\/types\/product"}],"replies":[{"embeddable":true,"href":"https:\/\/hakmarfrance.online\/de\/wp-json\/wp\/v2\/comments?post=17484"}],"version-history":[{"count":0,"href":"https:\/\/hakmarfrance.online\/de\/wp-json\/wp\/v2\/product\/17484\/revisions"}],"wp:featuredmedia":[{"embeddable":true,"href":"https:\/\/hakmarfrance.online\/de\/wp-json\/wp\/v2\/media\/16567"}],"wp:attachment":[{"href":"https:\/\/hakmarfrance.online\/de\/wp-json\/wp\/v2\/media?parent=17484"}],"wp:term":[{"taxonomy":"product_brand","embeddable":true,"href":"https:\/\/hakmarfrance.online\/de\/wp-json\/wp\/v2\/product_brand?post=17484"},{"taxonomy":"product_cat","embeddable":true,"href":"https:\/\/hakmarfrance.online\/de\/wp-json\/wp\/v2\/product_cat?post=17484"},{"taxonomy":"product_tag","embeddable":true,"href":"https:\/\/hakmarfrance.online\/de\/wp-json\/wp\/v2\/product_tag?post=17484"}],"curies":[{"name":"wp","href":"https:\/\/api.w.org\/{rel}","templated":true}]}}