{"id":17486,"date":"2025-06-13T10:45:03","date_gmt":"2025-06-13T10:45:03","guid":{"rendered":"https:\/\/hakmarfrance.online\/produit\/haehnchenfluegel-metzgerqualitaet-1-kg\/"},"modified":"2025-06-13T10:45:03","modified_gmt":"2025-06-13T10:45:03","slug":"haehnchenfluegel-metzgerqualitaet-1-kg","status":"publish","type":"product","link":"https:\/\/hakmarfrance.online\/de\/produit\/haehnchenfluegel-metzgerqualitaet-1-kg\/","title":{"rendered":"H\u00e4hnchenfl\u00fcgel \u2013 Metzgerqualit\u00e4t \u2013 1 kg"},"content":{"rendered":"","protected":false},"excerpt":{"rendered":"<p data-start=\"467\" data-end=\"699\">Entdecke unsere <strong data-start=\"484\" data-end=\"512\">frischen H\u00e4hnchenfl\u00fcgel<\/strong>, sorgf\u00e4ltig von unserem Metzger ausgew\u00e4hlt und zugeschnitten. Zart, saftig und voller Geschmack, dieses St\u00fcck ist perfekt f\u00fcr deine Alltagsgerichte sowie f\u00fcr deine Wochenend-Grillabende. <\/p>\n<p data-start=\"701\" data-end=\"929\">\u27a4 <strong data-start=\"703\" data-end=\"725\">100 % Halal-Fleisch<\/strong><br data-start=\"725\" data-end=\"728\">\u27a4 <strong data-start=\"730\" data-end=\"766\">Frisch vakuumverpackt<\/strong> f\u00fcr optimale Haltbarkeit<br data-start=\"797\" data-end=\"800\">\u27a4 Ideal zum Grillen, Marinieren oder Braten<br data-start=\"894\" data-end=\"897\">\u27a4 Ca. <strong data-start=\"907\" data-end=\"929\">1 kg = 8 bis 10 Fl\u00fcgel<\/strong><\/p>\n<p data-start=\"931\" data-end=\"1079\">Hol dir den vollen Geschmack, mit H\u00e4hnchenfl\u00fcgeln, die die ganze Familie zum kleinen Preis begeistern. <strong data-start=\"1025\" data-end=\"1079\">Bestell noch heute, lokale Lieferung garantiert!<\/strong><\/p>\n","protected":false},"featured_media":18577,"comment_status":"open","ping_status":"closed","template":"","meta":{"iawp_total_views":0},"product_brand":[],"product_cat":[226,251,254,252],"product_tag":[],"class_list":{"0":"post-17486","1":"product","2":"type-product","3":"status-publish","4":"has-post-thumbnail","6":"product_cat-alle-unsere-produkte","7":"product_cat-fleisch-fisch-feinkost","8":"product_cat-frisches-fleisch-rind-lamm-huhn-2","9":"product_cat-halal-metzgerei","11":"first","12":"instock","13":"shipping-taxable","14":"purchasable","15":"product-type-simple"},"yoast_head":"<!-- This site is optimized with the Yoast SEO plugin v27.3 - https:\/\/yoast.com\/product\/yoast-seo-wordpress\/ -->\n<title>H\u00e4hnchenfl\u00fcgel \u2013 Metzgerqualit\u00e4t \u2013 1 kg - hakmarfrance.online<\/title>\n<meta name=\"robots\" content=\"index, follow, max-snippet:-1, max-image-preview:large, max-video-preview:-1\" \/>\n<link rel=\"canonical\" href=\"https:\/\/hakmarfrance.online\/de\/produit\/haehnchenfluegel-metzgerqualitaet-1-kg\/\" \/>\n<meta property=\"og:locale\" content=\"de_DE\" \/>\n<meta property=\"og:type\" content=\"article\" \/>\n<meta property=\"og:title\" content=\"H\u00e4hnchenfl\u00fcgel \u2013 Metzgerqualit\u00e4t \u2013 1 kg - hakmarfrance.online\" \/>\n<meta property=\"og:description\" content=\"Entdecke unsere frischen H\u00e4hnchenfl\u00fcgel, sorgf\u00e4ltig von unserem Metzger ausgew\u00e4hlt und zugeschnitten. Zart, saftig und voller Geschmack, dieses St\u00fcck ist perfekt f\u00fcr deine Alltagsgerichte sowie f\u00fcr deine Wochenend-Grillabende. \u27a4 100 % Halal-Fleisch\u27a4 Frisch vakuumverpackt f\u00fcr optimale Haltbarkeit\u27a4 Ideal zum Grillen, Marinieren oder Braten\u27a4 Ca. 1 kg = 8 bis 10 Fl\u00fcgel Hol dir den vollen Geschmack, mit H\u00e4hnchenfl\u00fcgeln, die die ganze Familie zum kleinen Preis begeistern. Bestell noch heute, lokale Lieferung garantiert!\" \/>\n<meta property=\"og:url\" content=\"https:\/\/hakmarfrance.online\/de\/produit\/haehnchenfluegel-metzgerqualitaet-1-kg\/\" \/>\n<meta property=\"og:site_name\" content=\"hakmarfrance.online\" \/>\n<meta property=\"article:publisher\" content=\"https:\/\/www.facebook.com\/HakmarFranceSupermarche\/?locale=fr_FR\" \/>\n<meta property=\"og:image\" content=\"https:\/\/hakmarfrance.online\/wp-content\/uploads\/2025\/06\/aile-poulet-.png\" \/>\n\t<meta property=\"og:image:width\" content=\"1000\" \/>\n\t<meta property=\"og:image:height\" content=\"800\" \/>\n\t<meta property=\"og:image:type\" content=\"image\/png\" \/>\n<meta name=\"twitter:card\" content=\"summary_large_image\" \/>\n<script type=\"application\/ld+json\" class=\"yoast-schema-graph\">{\"@context\":\"https:\\\/\\\/schema.org\",\"@graph\":[{\"@type\":\"WebPage\",\"@id\":\"https:\\\/\\\/hakmarfrance.online\\\/de\\\/produit\\\/haehnchenfluegel-metzgerqualitaet-1-kg\\\/\",\"url\":\"https:\\\/\\\/hakmarfrance.online\\\/de\\\/produit\\\/haehnchenfluegel-metzgerqualitaet-1-kg\\\/\",\"name\":\"H\u00e4hnchenfl\u00fcgel \u2013 Metzgerqualit\u00e4t \u2013 1 kg - hakmarfrance.online\",\"isPartOf\":{\"@id\":\"https:\\\/\\\/hakmarfrance.online\\\/de\\\/#website\"},\"primaryImageOfPage\":{\"@id\":\"https:\\\/\\\/hakmarfrance.online\\\/de\\\/produit\\\/haehnchenfluegel-metzgerqualitaet-1-kg\\\/#primaryimage\"},\"image\":{\"@id\":\"https:\\\/\\\/hakmarfrance.online\\\/de\\\/produit\\\/haehnchenfluegel-metzgerqualitaet-1-kg\\\/#primaryimage\"},\"thumbnailUrl\":\"https:\\\/\\\/hakmarfrance.online\\\/wp-content\\\/uploads\\\/2025\\\/06\\\/aile-poulet-.png\",\"datePublished\":\"2025-06-13T10:45:03+00:00\",\"breadcrumb\":{\"@id\":\"https:\\\/\\\/hakmarfrance.online\\\/de\\\/produit\\\/haehnchenfluegel-metzgerqualitaet-1-kg\\\/#breadcrumb\"},\"inLanguage\":\"de\",\"potentialAction\":[{\"@type\":\"ReadAction\",\"target\":[\"https:\\\/\\\/hakmarfrance.online\\\/de\\\/produit\\\/haehnchenfluegel-metzgerqualitaet-1-kg\\\/\"]}]},{\"@type\":\"ImageObject\",\"inLanguage\":\"de\",\"@id\":\"https:\\\/\\\/hakmarfrance.online\\\/de\\\/produit\\\/haehnchenfluegel-metzgerqualitaet-1-kg\\\/#primaryimage\",\"url\":\"https:\\\/\\\/hakmarfrance.online\\\/wp-content\\\/uploads\\\/2025\\\/06\\\/aile-poulet-.png\",\"contentUrl\":\"https:\\\/\\\/hakmarfrance.online\\\/wp-content\\\/uploads\\\/2025\\\/06\\\/aile-poulet-.png\",\"width\":1000,\"height\":800},{\"@type\":\"BreadcrumbList\",\"@id\":\"https:\\\/\\\/hakmarfrance.online\\\/de\\\/produit\\\/haehnchenfluegel-metzgerqualitaet-1-kg\\\/#breadcrumb\",\"itemListElement\":[{\"@type\":\"ListItem\",\"position\":1,\"name\":\"Accueil\",\"item\":\"https:\\\/\\\/hakmarfrance.online\\\/de\\\/\"},{\"@type\":\"ListItem\",\"position\":2,\"name\":\"Shop\",\"item\":\"https:\\\/\\\/hakmarfrance.online\\\/de\\\/shop\\\/\"},{\"@type\":\"ListItem\",\"position\":3,\"name\":\"H\u00e4hnchenfl\u00fcgel \u2013 Metzgerqualit\u00e4t \u2013 1 kg\"}]},{\"@type\":\"WebSite\",\"@id\":\"https:\\\/\\\/hakmarfrance.online\\\/de\\\/#website\",\"url\":\"https:\\\/\\\/hakmarfrance.online\\\/de\\\/\",\"name\":\"hakmarfrance.online\",\"description\":\"\",\"publisher\":{\"@id\":\"https:\\\/\\\/hakmarfrance.online\\\/de\\\/#organization\"},\"potentialAction\":[{\"@type\":\"SearchAction\",\"target\":{\"@type\":\"EntryPoint\",\"urlTemplate\":\"https:\\\/\\\/hakmarfrance.online\\\/de\\\/?s={search_term_string}\"},\"query-input\":{\"@type\":\"PropertyValueSpecification\",\"valueRequired\":true,\"valueName\":\"search_term_string\"}}],\"inLanguage\":\"de\"},{\"@type\":\"Organization\",\"@id\":\"https:\\\/\\\/hakmarfrance.online\\\/de\\\/#organization\",\"name\":\"hakmarfrance.online\",\"url\":\"https:\\\/\\\/hakmarfrance.online\\\/de\\\/\",\"logo\":{\"@type\":\"ImageObject\",\"inLanguage\":\"de\",\"@id\":\"https:\\\/\\\/hakmarfrance.online\\\/de\\\/#\\\/schema\\\/logo\\\/image\\\/\",\"url\":\"https:\\\/\\\/hakmarfrance.online\\\/wp-content\\\/uploads\\\/2025\\\/06\\\/logo-hakmarfrance.png\",\"contentUrl\":\"https:\\\/\\\/hakmarfrance.online\\\/wp-content\\\/uploads\\\/2025\\\/06\\\/logo-hakmarfrance.png\",\"width\":528,\"height\":232,\"caption\":\"hakmarfrance.online\"},\"image\":{\"@id\":\"https:\\\/\\\/hakmarfrance.online\\\/de\\\/#\\\/schema\\\/logo\\\/image\\\/\"},\"sameAs\":[\"https:\\\/\\\/www.facebook.com\\\/HakmarFranceSupermarche\\\/?locale=fr_FR\",\"https:\\\/\\\/www.instagram.com\\\/hakmarfrancesupermarche\\\/\"]}]}<\/script>\n<!-- \/ Yoast SEO plugin. -->","yoast_head_json":{"title":"H\u00e4hnchenfl\u00fcgel \u2013 Metzgerqualit\u00e4t \u2013 1 kg - hakmarfrance.online","robots":{"index":"index","follow":"follow","max-snippet":"max-snippet:-1","max-image-preview":"max-image-preview:large","max-video-preview":"max-video-preview:-1"},"canonical":"https:\/\/hakmarfrance.online\/de\/produit\/haehnchenfluegel-metzgerqualitaet-1-kg\/","og_locale":"de_DE","og_type":"article","og_title":"H\u00e4hnchenfl\u00fcgel \u2013 Metzgerqualit\u00e4t \u2013 1 kg - hakmarfrance.online","og_description":"Entdecke unsere frischen H\u00e4hnchenfl\u00fcgel, sorgf\u00e4ltig von unserem Metzger ausgew\u00e4hlt und zugeschnitten. Zart, saftig und voller Geschmack, dieses St\u00fcck ist perfekt f\u00fcr deine Alltagsgerichte sowie f\u00fcr deine Wochenend-Grillabende. \u27a4 100 % Halal-Fleisch\u27a4 Frisch vakuumverpackt f\u00fcr optimale Haltbarkeit\u27a4 Ideal zum Grillen, Marinieren oder Braten\u27a4 Ca. 1 kg = 8 bis 10 Fl\u00fcgel Hol dir den vollen Geschmack, mit H\u00e4hnchenfl\u00fcgeln, die die ganze Familie zum kleinen Preis begeistern. Bestell noch heute, lokale Lieferung garantiert!","og_url":"https:\/\/hakmarfrance.online\/de\/produit\/haehnchenfluegel-metzgerqualitaet-1-kg\/","og_site_name":"hakmarfrance.online","article_publisher":"https:\/\/www.facebook.com\/HakmarFranceSupermarche\/?locale=fr_FR","og_image":[{"width":1000,"height":800,"url":"https:\/\/hakmarfrance.online\/wp-content\/uploads\/2025\/06\/aile-poulet-.png","type":"image\/png"}],"twitter_card":"summary_large_image","schema":{"@context":"https:\/\/schema.org","@graph":[{"@type":"WebPage","@id":"https:\/\/hakmarfrance.online\/de\/produit\/haehnchenfluegel-metzgerqualitaet-1-kg\/","url":"https:\/\/hakmarfrance.online\/de\/produit\/haehnchenfluegel-metzgerqualitaet-1-kg\/","name":"H\u00e4hnchenfl\u00fcgel \u2013 Metzgerqualit\u00e4t \u2013 1 kg - hakmarfrance.online","isPartOf":{"@id":"https:\/\/hakmarfrance.online\/de\/#website"},"primaryImageOfPage":{"@id":"https:\/\/hakmarfrance.online\/de\/produit\/haehnchenfluegel-metzgerqualitaet-1-kg\/#primaryimage"},"image":{"@id":"https:\/\/hakmarfrance.online\/de\/produit\/haehnchenfluegel-metzgerqualitaet-1-kg\/#primaryimage"},"thumbnailUrl":"https:\/\/hakmarfrance.online\/wp-content\/uploads\/2025\/06\/aile-poulet-.png","datePublished":"2025-06-13T10:45:03+00:00","breadcrumb":{"@id":"https:\/\/hakmarfrance.online\/de\/produit\/haehnchenfluegel-metzgerqualitaet-1-kg\/#breadcrumb"},"inLanguage":"de","potentialAction":[{"@type":"ReadAction","target":["https:\/\/hakmarfrance.online\/de\/produit\/haehnchenfluegel-metzgerqualitaet-1-kg\/"]}]},{"@type":"ImageObject","inLanguage":"de","@id":"https:\/\/hakmarfrance.online\/de\/produit\/haehnchenfluegel-metzgerqualitaet-1-kg\/#primaryimage","url":"https:\/\/hakmarfrance.online\/wp-content\/uploads\/2025\/06\/aile-poulet-.png","contentUrl":"https:\/\/hakmarfrance.online\/wp-content\/uploads\/2025\/06\/aile-poulet-.png","width":1000,"height":800},{"@type":"BreadcrumbList","@id":"https:\/\/hakmarfrance.online\/de\/produit\/haehnchenfluegel-metzgerqualitaet-1-kg\/#breadcrumb","itemListElement":[{"@type":"ListItem","position":1,"name":"Accueil","item":"https:\/\/hakmarfrance.online\/de\/"},{"@type":"ListItem","position":2,"name":"Shop","item":"https:\/\/hakmarfrance.online\/de\/shop\/"},{"@type":"ListItem","position":3,"name":"H\u00e4hnchenfl\u00fcgel \u2013 Metzgerqualit\u00e4t \u2013 1 kg"}]},{"@type":"WebSite","@id":"https:\/\/hakmarfrance.online\/de\/#website","url":"https:\/\/hakmarfrance.online\/de\/","name":"hakmarfrance.online","description":"","publisher":{"@id":"https:\/\/hakmarfrance.online\/de\/#organization"},"potentialAction":[{"@type":"SearchAction","target":{"@type":"EntryPoint","urlTemplate":"https:\/\/hakmarfrance.online\/de\/?s={search_term_string}"},"query-input":{"@type":"PropertyValueSpecification","valueRequired":true,"valueName":"search_term_string"}}],"inLanguage":"de"},{"@type":"Organization","@id":"https:\/\/hakmarfrance.online\/de\/#organization","name":"hakmarfrance.online","url":"https:\/\/hakmarfrance.online\/de\/","logo":{"@type":"ImageObject","inLanguage":"de","@id":"https:\/\/hakmarfrance.online\/de\/#\/schema\/logo\/image\/","url":"https:\/\/hakmarfrance.online\/wp-content\/uploads\/2025\/06\/logo-hakmarfrance.png","contentUrl":"https:\/\/hakmarfrance.online\/wp-content\/uploads\/2025\/06\/logo-hakmarfrance.png","width":528,"height":232,"caption":"hakmarfrance.online"},"image":{"@id":"https:\/\/hakmarfrance.online\/de\/#\/schema\/logo\/image\/"},"sameAs":["https:\/\/www.facebook.com\/HakmarFranceSupermarche\/?locale=fr_FR","https:\/\/www.instagram.com\/hakmarfrancesupermarche\/"]}]}},"_links":{"self":[{"href":"https:\/\/hakmarfrance.online\/de\/wp-json\/wp\/v2\/product\/17486","targetHints":{"allow":["GET"]}}],"collection":[{"href":"https:\/\/hakmarfrance.online\/de\/wp-json\/wp\/v2\/product"}],"about":[{"href":"https:\/\/hakmarfrance.online\/de\/wp-json\/wp\/v2\/types\/product"}],"replies":[{"embeddable":true,"href":"https:\/\/hakmarfrance.online\/de\/wp-json\/wp\/v2\/comments?post=17486"}],"version-history":[{"count":0,"href":"https:\/\/hakmarfrance.online\/de\/wp-json\/wp\/v2\/product\/17486\/revisions"}],"wp:featuredmedia":[{"embeddable":true,"href":"https:\/\/hakmarfrance.online\/de\/wp-json\/wp\/v2\/media\/18577"}],"wp:attachment":[{"href":"https:\/\/hakmarfrance.online\/de\/wp-json\/wp\/v2\/media?parent=17486"}],"wp:term":[{"taxonomy":"product_brand","embeddable":true,"href":"https:\/\/hakmarfrance.online\/de\/wp-json\/wp\/v2\/product_brand?post=17486"},{"taxonomy":"product_cat","embeddable":true,"href":"https:\/\/hakmarfrance.online\/de\/wp-json\/wp\/v2\/product_cat?post=17486"},{"taxonomy":"product_tag","embeddable":true,"href":"https:\/\/hakmarfrance.online\/de\/wp-json\/wp\/v2\/product_tag?post=17486"}],"curies":[{"name":"wp","href":"https:\/\/api.w.org\/{rel}","templated":true}]}}