{"id":17488,"date":"2025-06-13T10:48:29","date_gmt":"2025-06-13T10:48:29","guid":{"rendered":"https:\/\/hakmarfrance.online\/produit\/halal-kalbskoteletts\/"},"modified":"2025-06-13T10:48:29","modified_gmt":"2025-06-13T10:48:29","slug":"halal-kalbskoteletts","status":"publish","type":"product","link":"https:\/\/hakmarfrance.online\/de\/produit\/halal-kalbskoteletts\/","title":{"rendered":"Halal-Kalbskoteletts"},"content":{"rendered":"","protected":false},"excerpt":{"rendered":"<p data-start=\"515\" data-end=\"793\">Verw\u00f6hne deinen Gaumen mit unseren <strong data-start=\"554\" data-end=\"590\">Halal-Kalbskoteletts mit Knochen<\/strong>, einem edlen St\u00fcck, von Hand und nach traditioneller Metzgerkunst zugeschnitten. Mit ihrer sch\u00f6nen Dicke und nat\u00fcrlichen Marmorierung versprechen sie einen k\u00f6stlichen Garvorgang und eine au\u00dfergew\u00f6hnliche Zartheit. <\/p>\n<p data-start=\"795\" data-end=\"888\">\ud83d\udd25 Zum Grillen, Braten in der Pfanne oder Schmoren \u2013 sie veredeln deine Alltagsgerichte oder festlichen Mahlzeiten.<\/p>\n<p data-start=\"890\" data-end=\"1124\">\u27a4 <strong data-start=\"892\" data-end=\"951\">100 % Halal-Fleisch \u2013 von unserem Metzgermeister zugeschnitten<\/strong><br data-start=\"951\" data-end=\"954\">\u27a4 <strong data-start=\"956\" data-end=\"983\">Vakuumverpackt<\/strong> f\u00fcr garantierte Frische<br data-start=\"1058\" data-end=\"1061\">\u27a4 3 St\u00fcck \u2013 ca. <strong data-start=\"1082\" data-end=\"1090\">500 g<\/strong><br data-start=\"1090\" data-end=\"1093\">\u27a4 Geeignet f\u00fcr 2 bis 3 Personen<\/p>\n<p data-start=\"1126\" data-end=\"1216\">\ud83d\udc49 Lokale Lieferung in Mulhouse und Umgebung \u2013 Frische und Qualit\u00e4t garantiert bei dir zu Hause.<\/p>\n","protected":false},"featured_media":17489,"comment_status":"open","ping_status":"closed","template":"","meta":{"iawp_total_views":0},"product_brand":[],"product_cat":[226,251,254,252],"product_tag":[],"class_list":{"0":"post-17488","1":"product","2":"type-product","3":"status-publish","4":"has-post-thumbnail","6":"product_cat-alle-unsere-produkte","7":"product_cat-fleisch-fisch-feinkost","8":"product_cat-frisches-fleisch-rind-lamm-huhn-2","9":"product_cat-halal-metzgerei","11":"first","12":"instock","13":"shipping-taxable","14":"purchasable","15":"product-type-simple"},"yoast_head":"<!-- This site is optimized with the Yoast SEO plugin v27.3 - https:\/\/yoast.com\/product\/yoast-seo-wordpress\/ -->\n<title>Halal-Kalbskoteletts - hakmarfrance.online<\/title>\n<meta name=\"robots\" content=\"index, follow, max-snippet:-1, max-image-preview:large, max-video-preview:-1\" \/>\n<link rel=\"canonical\" href=\"https:\/\/hakmarfrance.online\/de\/produit\/halal-kalbskoteletts\/\" \/>\n<meta property=\"og:locale\" content=\"de_DE\" \/>\n<meta property=\"og:type\" content=\"article\" \/>\n<meta property=\"og:title\" content=\"Halal-Kalbskoteletts - hakmarfrance.online\" \/>\n<meta property=\"og:description\" content=\"Verw\u00f6hne deinen Gaumen mit unseren Halal-Kalbskoteletts mit Knochen, einem edlen St\u00fcck, von Hand und nach traditioneller Metzgerkunst zugeschnitten. Mit ihrer sch\u00f6nen Dicke und nat\u00fcrlichen Marmorierung versprechen sie einen k\u00f6stlichen Garvorgang und eine au\u00dfergew\u00f6hnliche Zartheit. \ud83d\udd25 Zum Grillen, Braten in der Pfanne oder Schmoren \u2013 sie veredeln deine Alltagsgerichte oder festlichen Mahlzeiten. \u27a4 100 % Halal-Fleisch \u2013 von unserem Metzgermeister zugeschnitten\u27a4 Vakuumverpackt f\u00fcr garantierte Frische\u27a4 3 St\u00fcck \u2013 ca. 500 g\u27a4 Geeignet f\u00fcr 2 bis 3 Personen \ud83d\udc49 Lokale Lieferung in Mulhouse und Umgebung \u2013 Frische und Qualit\u00e4t garantiert bei dir zu Hause.\" \/>\n<meta property=\"og:url\" content=\"https:\/\/hakmarfrance.online\/de\/produit\/halal-kalbskoteletts\/\" \/>\n<meta property=\"og:site_name\" content=\"hakmarfrance.online\" \/>\n<meta property=\"article:publisher\" content=\"https:\/\/www.facebook.com\/HakmarFranceSupermarche\/?locale=fr_FR\" \/>\n<meta property=\"og:image\" content=\"https:\/\/hakmarfrance.online\/wp-content\/uploads\/2025\/06\/cotelette-dana-agneau-halal.png\" \/>\n\t<meta property=\"og:image:width\" content=\"1536\" \/>\n\t<meta property=\"og:image:height\" content=\"1024\" \/>\n\t<meta property=\"og:image:type\" content=\"image\/png\" \/>\n<meta name=\"twitter:card\" content=\"summary_large_image\" \/>\n<script type=\"application\/ld+json\" class=\"yoast-schema-graph\">{\"@context\":\"https:\\\/\\\/schema.org\",\"@graph\":[{\"@type\":\"WebPage\",\"@id\":\"https:\\\/\\\/hakmarfrance.online\\\/de\\\/produit\\\/halal-kalbskoteletts\\\/\",\"url\":\"https:\\\/\\\/hakmarfrance.online\\\/de\\\/produit\\\/halal-kalbskoteletts\\\/\",\"name\":\"Halal-Kalbskoteletts - hakmarfrance.online\",\"isPartOf\":{\"@id\":\"https:\\\/\\\/hakmarfrance.online\\\/de\\\/#website\"},\"primaryImageOfPage\":{\"@id\":\"https:\\\/\\\/hakmarfrance.online\\\/de\\\/produit\\\/halal-kalbskoteletts\\\/#primaryimage\"},\"image\":{\"@id\":\"https:\\\/\\\/hakmarfrance.online\\\/de\\\/produit\\\/halal-kalbskoteletts\\\/#primaryimage\"},\"thumbnailUrl\":\"https:\\\/\\\/hakmarfrance.online\\\/wp-content\\\/uploads\\\/2025\\\/06\\\/cotelette-dana-agneau-halal.png\",\"datePublished\":\"2025-06-13T10:48:29+00:00\",\"breadcrumb\":{\"@id\":\"https:\\\/\\\/hakmarfrance.online\\\/de\\\/produit\\\/halal-kalbskoteletts\\\/#breadcrumb\"},\"inLanguage\":\"de\",\"potentialAction\":[{\"@type\":\"ReadAction\",\"target\":[\"https:\\\/\\\/hakmarfrance.online\\\/de\\\/produit\\\/halal-kalbskoteletts\\\/\"]}]},{\"@type\":\"ImageObject\",\"inLanguage\":\"de\",\"@id\":\"https:\\\/\\\/hakmarfrance.online\\\/de\\\/produit\\\/halal-kalbskoteletts\\\/#primaryimage\",\"url\":\"https:\\\/\\\/hakmarfrance.online\\\/wp-content\\\/uploads\\\/2025\\\/06\\\/cotelette-dana-agneau-halal.png\",\"contentUrl\":\"https:\\\/\\\/hakmarfrance.online\\\/wp-content\\\/uploads\\\/2025\\\/06\\\/cotelette-dana-agneau-halal.png\",\"width\":1536,\"height\":1024},{\"@type\":\"BreadcrumbList\",\"@id\":\"https:\\\/\\\/hakmarfrance.online\\\/de\\\/produit\\\/halal-kalbskoteletts\\\/#breadcrumb\",\"itemListElement\":[{\"@type\":\"ListItem\",\"position\":1,\"name\":\"Accueil\",\"item\":\"https:\\\/\\\/hakmarfrance.online\\\/de\\\/\"},{\"@type\":\"ListItem\",\"position\":2,\"name\":\"Shop\",\"item\":\"https:\\\/\\\/hakmarfrance.online\\\/de\\\/shop\\\/\"},{\"@type\":\"ListItem\",\"position\":3,\"name\":\"Halal-Kalbskoteletts\"}]},{\"@type\":\"WebSite\",\"@id\":\"https:\\\/\\\/hakmarfrance.online\\\/de\\\/#website\",\"url\":\"https:\\\/\\\/hakmarfrance.online\\\/de\\\/\",\"name\":\"hakmarfrance.online\",\"description\":\"\",\"publisher\":{\"@id\":\"https:\\\/\\\/hakmarfrance.online\\\/de\\\/#organization\"},\"potentialAction\":[{\"@type\":\"SearchAction\",\"target\":{\"@type\":\"EntryPoint\",\"urlTemplate\":\"https:\\\/\\\/hakmarfrance.online\\\/de\\\/?s={search_term_string}\"},\"query-input\":{\"@type\":\"PropertyValueSpecification\",\"valueRequired\":true,\"valueName\":\"search_term_string\"}}],\"inLanguage\":\"de\"},{\"@type\":\"Organization\",\"@id\":\"https:\\\/\\\/hakmarfrance.online\\\/de\\\/#organization\",\"name\":\"hakmarfrance.online\",\"url\":\"https:\\\/\\\/hakmarfrance.online\\\/de\\\/\",\"logo\":{\"@type\":\"ImageObject\",\"inLanguage\":\"de\",\"@id\":\"https:\\\/\\\/hakmarfrance.online\\\/de\\\/#\\\/schema\\\/logo\\\/image\\\/\",\"url\":\"https:\\\/\\\/hakmarfrance.online\\\/wp-content\\\/uploads\\\/2025\\\/06\\\/logo-hakmarfrance.png\",\"contentUrl\":\"https:\\\/\\\/hakmarfrance.online\\\/wp-content\\\/uploads\\\/2025\\\/06\\\/logo-hakmarfrance.png\",\"width\":528,\"height\":232,\"caption\":\"hakmarfrance.online\"},\"image\":{\"@id\":\"https:\\\/\\\/hakmarfrance.online\\\/de\\\/#\\\/schema\\\/logo\\\/image\\\/\"},\"sameAs\":[\"https:\\\/\\\/www.facebook.com\\\/HakmarFranceSupermarche\\\/?locale=fr_FR\",\"https:\\\/\\\/www.instagram.com\\\/hakmarfrancesupermarche\\\/\"]}]}<\/script>\n<!-- \/ Yoast SEO plugin. -->","yoast_head_json":{"title":"Halal-Kalbskoteletts - hakmarfrance.online","robots":{"index":"index","follow":"follow","max-snippet":"max-snippet:-1","max-image-preview":"max-image-preview:large","max-video-preview":"max-video-preview:-1"},"canonical":"https:\/\/hakmarfrance.online\/de\/produit\/halal-kalbskoteletts\/","og_locale":"de_DE","og_type":"article","og_title":"Halal-Kalbskoteletts - hakmarfrance.online","og_description":"Verw\u00f6hne deinen Gaumen mit unseren Halal-Kalbskoteletts mit Knochen, einem edlen St\u00fcck, von Hand und nach traditioneller Metzgerkunst zugeschnitten. Mit ihrer sch\u00f6nen Dicke und nat\u00fcrlichen Marmorierung versprechen sie einen k\u00f6stlichen Garvorgang und eine au\u00dfergew\u00f6hnliche Zartheit. \ud83d\udd25 Zum Grillen, Braten in der Pfanne oder Schmoren \u2013 sie veredeln deine Alltagsgerichte oder festlichen Mahlzeiten. \u27a4 100 % Halal-Fleisch \u2013 von unserem Metzgermeister zugeschnitten\u27a4 Vakuumverpackt f\u00fcr garantierte Frische\u27a4 3 St\u00fcck \u2013 ca. 500 g\u27a4 Geeignet f\u00fcr 2 bis 3 Personen \ud83d\udc49 Lokale Lieferung in Mulhouse und Umgebung \u2013 Frische und Qualit\u00e4t garantiert bei dir zu Hause.","og_url":"https:\/\/hakmarfrance.online\/de\/produit\/halal-kalbskoteletts\/","og_site_name":"hakmarfrance.online","article_publisher":"https:\/\/www.facebook.com\/HakmarFranceSupermarche\/?locale=fr_FR","og_image":[{"width":1536,"height":1024,"url":"https:\/\/hakmarfrance.online\/wp-content\/uploads\/2025\/06\/cotelette-dana-agneau-halal.png","type":"image\/png"}],"twitter_card":"summary_large_image","schema":{"@context":"https:\/\/schema.org","@graph":[{"@type":"WebPage","@id":"https:\/\/hakmarfrance.online\/de\/produit\/halal-kalbskoteletts\/","url":"https:\/\/hakmarfrance.online\/de\/produit\/halal-kalbskoteletts\/","name":"Halal-Kalbskoteletts - hakmarfrance.online","isPartOf":{"@id":"https:\/\/hakmarfrance.online\/de\/#website"},"primaryImageOfPage":{"@id":"https:\/\/hakmarfrance.online\/de\/produit\/halal-kalbskoteletts\/#primaryimage"},"image":{"@id":"https:\/\/hakmarfrance.online\/de\/produit\/halal-kalbskoteletts\/#primaryimage"},"thumbnailUrl":"https:\/\/hakmarfrance.online\/wp-content\/uploads\/2025\/06\/cotelette-dana-agneau-halal.png","datePublished":"2025-06-13T10:48:29+00:00","breadcrumb":{"@id":"https:\/\/hakmarfrance.online\/de\/produit\/halal-kalbskoteletts\/#breadcrumb"},"inLanguage":"de","potentialAction":[{"@type":"ReadAction","target":["https:\/\/hakmarfrance.online\/de\/produit\/halal-kalbskoteletts\/"]}]},{"@type":"ImageObject","inLanguage":"de","@id":"https:\/\/hakmarfrance.online\/de\/produit\/halal-kalbskoteletts\/#primaryimage","url":"https:\/\/hakmarfrance.online\/wp-content\/uploads\/2025\/06\/cotelette-dana-agneau-halal.png","contentUrl":"https:\/\/hakmarfrance.online\/wp-content\/uploads\/2025\/06\/cotelette-dana-agneau-halal.png","width":1536,"height":1024},{"@type":"BreadcrumbList","@id":"https:\/\/hakmarfrance.online\/de\/produit\/halal-kalbskoteletts\/#breadcrumb","itemListElement":[{"@type":"ListItem","position":1,"name":"Accueil","item":"https:\/\/hakmarfrance.online\/de\/"},{"@type":"ListItem","position":2,"name":"Shop","item":"https:\/\/hakmarfrance.online\/de\/shop\/"},{"@type":"ListItem","position":3,"name":"Halal-Kalbskoteletts"}]},{"@type":"WebSite","@id":"https:\/\/hakmarfrance.online\/de\/#website","url":"https:\/\/hakmarfrance.online\/de\/","name":"hakmarfrance.online","description":"","publisher":{"@id":"https:\/\/hakmarfrance.online\/de\/#organization"},"potentialAction":[{"@type":"SearchAction","target":{"@type":"EntryPoint","urlTemplate":"https:\/\/hakmarfrance.online\/de\/?s={search_term_string}"},"query-input":{"@type":"PropertyValueSpecification","valueRequired":true,"valueName":"search_term_string"}}],"inLanguage":"de"},{"@type":"Organization","@id":"https:\/\/hakmarfrance.online\/de\/#organization","name":"hakmarfrance.online","url":"https:\/\/hakmarfrance.online\/de\/","logo":{"@type":"ImageObject","inLanguage":"de","@id":"https:\/\/hakmarfrance.online\/de\/#\/schema\/logo\/image\/","url":"https:\/\/hakmarfrance.online\/wp-content\/uploads\/2025\/06\/logo-hakmarfrance.png","contentUrl":"https:\/\/hakmarfrance.online\/wp-content\/uploads\/2025\/06\/logo-hakmarfrance.png","width":528,"height":232,"caption":"hakmarfrance.online"},"image":{"@id":"https:\/\/hakmarfrance.online\/de\/#\/schema\/logo\/image\/"},"sameAs":["https:\/\/www.facebook.com\/HakmarFranceSupermarche\/?locale=fr_FR","https:\/\/www.instagram.com\/hakmarfrancesupermarche\/"]}]}},"_links":{"self":[{"href":"https:\/\/hakmarfrance.online\/de\/wp-json\/wp\/v2\/product\/17488","targetHints":{"allow":["GET"]}}],"collection":[{"href":"https:\/\/hakmarfrance.online\/de\/wp-json\/wp\/v2\/product"}],"about":[{"href":"https:\/\/hakmarfrance.online\/de\/wp-json\/wp\/v2\/types\/product"}],"replies":[{"embeddable":true,"href":"https:\/\/hakmarfrance.online\/de\/wp-json\/wp\/v2\/comments?post=17488"}],"version-history":[{"count":0,"href":"https:\/\/hakmarfrance.online\/de\/wp-json\/wp\/v2\/product\/17488\/revisions"}],"wp:featuredmedia":[{"embeddable":true,"href":"https:\/\/hakmarfrance.online\/de\/wp-json\/wp\/v2\/media\/17489"}],"wp:attachment":[{"href":"https:\/\/hakmarfrance.online\/de\/wp-json\/wp\/v2\/media?parent=17488"}],"wp:term":[{"taxonomy":"product_brand","embeddable":true,"href":"https:\/\/hakmarfrance.online\/de\/wp-json\/wp\/v2\/product_brand?post=17488"},{"taxonomy":"product_cat","embeddable":true,"href":"https:\/\/hakmarfrance.online\/de\/wp-json\/wp\/v2\/product_cat?post=17488"},{"taxonomy":"product_tag","embeddable":true,"href":"https:\/\/hakmarfrance.online\/de\/wp-json\/wp\/v2\/product_tag?post=17488"}],"curies":[{"name":"wp","href":"https:\/\/api.w.org\/{rel}","templated":true}]}}