{"id":17490,"date":"2025-06-13T10:52:36","date_gmt":"2025-06-13T10:52:36","guid":{"rendered":"https:\/\/hakmarfrance.online\/produit\/halal-haehnchenschenkel-2\/"},"modified":"2025-06-13T10:52:36","modified_gmt":"2025-06-13T10:52:36","slug":"halal-haehnchenschenkel-2","status":"publish","type":"product","link":"https:\/\/hakmarfrance.online\/de\/produit\/halal-haehnchenschenkel-2\/","title":{"rendered":"Halal-H\u00e4hnchenschenkel"},"content":{"rendered":"","protected":false},"excerpt":{"rendered":"<p data-start=\"397\" data-end=\"625\">Beliebt bei Gro\u00df und Klein sind unsere <strong data-start=\"440\" data-end=\"466\">Halal-H\u00e4hnchenschenkel<\/strong> eine sichere Wahl in der K\u00fcche. Bereit zum Marinieren, W\u00fcrzen oder direkten Kochen, sind sie perfekt f\u00fcr deine Alltagsgerichte oder Wochenendessen. <\/p>\n<p data-start=\"627\" data-end=\"746\">Zart, saftig, einfach zuzubereiten im Ofen, im Schmortopf oder sogar in der Fritteuse \u2013 sie passen sich all deinen W\u00fcnschen an.<\/p>\n<p data-start=\"748\" data-end=\"895\">\ud83d\udc69\u200d\ud83c\udf73 Tipp: Die Schenkel 2 Stunden vor dem Kochen mit Paprika, Oliven\u00f6l, Knoblauch und einem Spritzer Zitrone marinieren, f\u00fcr ein k\u00f6stliches Ergebnis.<\/p>\n<p data-start=\"897\" data-end=\"1076\">\u27a4 <strong data-start=\"899\" data-end=\"953\">100 % Halal-Fleisch<\/strong><br data-start=\"989\" data-end=\"992\">\u27a4 Zum Kochen oder Einfrieren nach Bedarf<br data-start=\"1031\" data-end=\"1034\">\u27a4 Perfekt f\u00fcr Familienessen oder Grillabende<\/p>\n<p data-start=\"1078\" data-end=\"1140\">\ud83d\ude9a <strong data-start=\"1081\" data-end=\"1140\">Schnelle Lieferung nach Hause \u2013 Mulhouse und Umgebung<\/strong><\/p>\n<p data-start=\"1078\" data-end=\"1140\">\ud83d\udc49 <strong data-start=\"869\" data-end=\"921\">Das Fleisch in unserer Abteilung wird pro Kilo verkauft.<\/strong><\/p>\n","protected":false},"featured_media":16571,"comment_status":"open","ping_status":"closed","template":"","meta":{"iawp_total_views":0},"product_brand":[],"product_cat":[226,251,254,252],"product_tag":[],"class_list":{"0":"post-17490","1":"product","2":"type-product","3":"status-publish","4":"has-post-thumbnail","6":"product_cat-alle-unsere-produkte","7":"product_cat-fleisch-fisch-feinkost","8":"product_cat-frisches-fleisch-rind-lamm-huhn-2","9":"product_cat-halal-metzgerei","11":"first","12":"instock","13":"shipping-taxable","14":"purchasable","15":"product-type-simple"},"yoast_head":"<!-- This site is optimized with the Yoast SEO plugin v27.3 - https:\/\/yoast.com\/product\/yoast-seo-wordpress\/ -->\n<title>Halal-H\u00e4hnchenschenkel - hakmarfrance.online<\/title>\n<meta name=\"robots\" content=\"index, follow, max-snippet:-1, max-image-preview:large, max-video-preview:-1\" \/>\n<link rel=\"canonical\" href=\"https:\/\/hakmarfrance.online\/de\/produit\/halal-haehnchenschenkel-2\/\" \/>\n<meta property=\"og:locale\" content=\"de_DE\" \/>\n<meta property=\"og:type\" content=\"article\" \/>\n<meta property=\"og:title\" content=\"Halal-H\u00e4hnchenschenkel - hakmarfrance.online\" \/>\n<meta property=\"og:description\" content=\"Beliebt bei Gro\u00df und Klein sind unsere Halal-H\u00e4hnchenschenkel eine sichere Wahl in der K\u00fcche. Bereit zum Marinieren, W\u00fcrzen oder direkten Kochen, sind sie perfekt f\u00fcr deine Alltagsgerichte oder Wochenendessen. Zart, saftig, einfach zuzubereiten im Ofen, im Schmortopf oder sogar in der Fritteuse \u2013 sie passen sich all deinen W\u00fcnschen an. \ud83d\udc69\u200d\ud83c\udf73 Tipp: Die Schenkel 2 Stunden vor dem Kochen mit Paprika, Oliven\u00f6l, Knoblauch und einem Spritzer Zitrone marinieren, f\u00fcr ein k\u00f6stliches Ergebnis. \u27a4 100 % Halal-Fleisch\u27a4 Zum Kochen oder Einfrieren nach Bedarf\u27a4 Perfekt f\u00fcr Familienessen oder Grillabende \ud83d\ude9a Schnelle Lieferung nach Hause \u2013 Mulhouse und Umgebung \ud83d\udc49 Das Fleisch in unserer Abteilung wird pro Kilo verkauft.\" \/>\n<meta property=\"og:url\" content=\"https:\/\/hakmarfrance.online\/de\/produit\/halal-haehnchenschenkel-2\/\" \/>\n<meta property=\"og:site_name\" content=\"hakmarfrance.online\" \/>\n<meta property=\"article:publisher\" content=\"https:\/\/www.facebook.com\/HakmarFranceSupermarche\/?locale=fr_FR\" \/>\n<meta property=\"og:image\" content=\"https:\/\/hakmarfrance.online\/wp-content\/uploads\/2025\/06\/pilon_de_poulet-.png\" \/>\n\t<meta property=\"og:image:width\" content=\"1000\" \/>\n\t<meta property=\"og:image:height\" content=\"800\" \/>\n\t<meta property=\"og:image:type\" content=\"image\/png\" \/>\n<meta name=\"twitter:card\" content=\"summary_large_image\" \/>\n<script type=\"application\/ld+json\" class=\"yoast-schema-graph\">{\"@context\":\"https:\\\/\\\/schema.org\",\"@graph\":[{\"@type\":\"WebPage\",\"@id\":\"https:\\\/\\\/hakmarfrance.online\\\/de\\\/produit\\\/halal-haehnchenschenkel-2\\\/\",\"url\":\"https:\\\/\\\/hakmarfrance.online\\\/de\\\/produit\\\/halal-haehnchenschenkel-2\\\/\",\"name\":\"Halal-H\u00e4hnchenschenkel - hakmarfrance.online\",\"isPartOf\":{\"@id\":\"https:\\\/\\\/hakmarfrance.online\\\/de\\\/#website\"},\"primaryImageOfPage\":{\"@id\":\"https:\\\/\\\/hakmarfrance.online\\\/de\\\/produit\\\/halal-haehnchenschenkel-2\\\/#primaryimage\"},\"image\":{\"@id\":\"https:\\\/\\\/hakmarfrance.online\\\/de\\\/produit\\\/halal-haehnchenschenkel-2\\\/#primaryimage\"},\"thumbnailUrl\":\"https:\\\/\\\/hakmarfrance.online\\\/wp-content\\\/uploads\\\/2025\\\/06\\\/pilon_de_poulet-.png\",\"datePublished\":\"2025-06-13T10:52:36+00:00\",\"breadcrumb\":{\"@id\":\"https:\\\/\\\/hakmarfrance.online\\\/de\\\/produit\\\/halal-haehnchenschenkel-2\\\/#breadcrumb\"},\"inLanguage\":\"de\",\"potentialAction\":[{\"@type\":\"ReadAction\",\"target\":[\"https:\\\/\\\/hakmarfrance.online\\\/de\\\/produit\\\/halal-haehnchenschenkel-2\\\/\"]}]},{\"@type\":\"ImageObject\",\"inLanguage\":\"de\",\"@id\":\"https:\\\/\\\/hakmarfrance.online\\\/de\\\/produit\\\/halal-haehnchenschenkel-2\\\/#primaryimage\",\"url\":\"https:\\\/\\\/hakmarfrance.online\\\/wp-content\\\/uploads\\\/2025\\\/06\\\/pilon_de_poulet-.png\",\"contentUrl\":\"https:\\\/\\\/hakmarfrance.online\\\/wp-content\\\/uploads\\\/2025\\\/06\\\/pilon_de_poulet-.png\",\"width\":1000,\"height\":800},{\"@type\":\"BreadcrumbList\",\"@id\":\"https:\\\/\\\/hakmarfrance.online\\\/de\\\/produit\\\/halal-haehnchenschenkel-2\\\/#breadcrumb\",\"itemListElement\":[{\"@type\":\"ListItem\",\"position\":1,\"name\":\"Accueil\",\"item\":\"https:\\\/\\\/hakmarfrance.online\\\/de\\\/\"},{\"@type\":\"ListItem\",\"position\":2,\"name\":\"Shop\",\"item\":\"https:\\\/\\\/hakmarfrance.online\\\/de\\\/shop\\\/\"},{\"@type\":\"ListItem\",\"position\":3,\"name\":\"Halal-H\u00e4hnchenschenkel\"}]},{\"@type\":\"WebSite\",\"@id\":\"https:\\\/\\\/hakmarfrance.online\\\/de\\\/#website\",\"url\":\"https:\\\/\\\/hakmarfrance.online\\\/de\\\/\",\"name\":\"hakmarfrance.online\",\"description\":\"\",\"publisher\":{\"@id\":\"https:\\\/\\\/hakmarfrance.online\\\/de\\\/#organization\"},\"potentialAction\":[{\"@type\":\"SearchAction\",\"target\":{\"@type\":\"EntryPoint\",\"urlTemplate\":\"https:\\\/\\\/hakmarfrance.online\\\/de\\\/?s={search_term_string}\"},\"query-input\":{\"@type\":\"PropertyValueSpecification\",\"valueRequired\":true,\"valueName\":\"search_term_string\"}}],\"inLanguage\":\"de\"},{\"@type\":\"Organization\",\"@id\":\"https:\\\/\\\/hakmarfrance.online\\\/de\\\/#organization\",\"name\":\"hakmarfrance.online\",\"url\":\"https:\\\/\\\/hakmarfrance.online\\\/de\\\/\",\"logo\":{\"@type\":\"ImageObject\",\"inLanguage\":\"de\",\"@id\":\"https:\\\/\\\/hakmarfrance.online\\\/de\\\/#\\\/schema\\\/logo\\\/image\\\/\",\"url\":\"https:\\\/\\\/hakmarfrance.online\\\/wp-content\\\/uploads\\\/2025\\\/06\\\/logo-hakmarfrance.png\",\"contentUrl\":\"https:\\\/\\\/hakmarfrance.online\\\/wp-content\\\/uploads\\\/2025\\\/06\\\/logo-hakmarfrance.png\",\"width\":528,\"height\":232,\"caption\":\"hakmarfrance.online\"},\"image\":{\"@id\":\"https:\\\/\\\/hakmarfrance.online\\\/de\\\/#\\\/schema\\\/logo\\\/image\\\/\"},\"sameAs\":[\"https:\\\/\\\/www.facebook.com\\\/HakmarFranceSupermarche\\\/?locale=fr_FR\",\"https:\\\/\\\/www.instagram.com\\\/hakmarfrancesupermarche\\\/\"]}]}<\/script>\n<!-- \/ Yoast SEO plugin. -->","yoast_head_json":{"title":"Halal-H\u00e4hnchenschenkel - hakmarfrance.online","robots":{"index":"index","follow":"follow","max-snippet":"max-snippet:-1","max-image-preview":"max-image-preview:large","max-video-preview":"max-video-preview:-1"},"canonical":"https:\/\/hakmarfrance.online\/de\/produit\/halal-haehnchenschenkel-2\/","og_locale":"de_DE","og_type":"article","og_title":"Halal-H\u00e4hnchenschenkel - hakmarfrance.online","og_description":"Beliebt bei Gro\u00df und Klein sind unsere Halal-H\u00e4hnchenschenkel eine sichere Wahl in der K\u00fcche. Bereit zum Marinieren, W\u00fcrzen oder direkten Kochen, sind sie perfekt f\u00fcr deine Alltagsgerichte oder Wochenendessen. Zart, saftig, einfach zuzubereiten im Ofen, im Schmortopf oder sogar in der Fritteuse \u2013 sie passen sich all deinen W\u00fcnschen an. \ud83d\udc69\u200d\ud83c\udf73 Tipp: Die Schenkel 2 Stunden vor dem Kochen mit Paprika, Oliven\u00f6l, Knoblauch und einem Spritzer Zitrone marinieren, f\u00fcr ein k\u00f6stliches Ergebnis. \u27a4 100 % Halal-Fleisch\u27a4 Zum Kochen oder Einfrieren nach Bedarf\u27a4 Perfekt f\u00fcr Familienessen oder Grillabende \ud83d\ude9a Schnelle Lieferung nach Hause \u2013 Mulhouse und Umgebung \ud83d\udc49 Das Fleisch in unserer Abteilung wird pro Kilo verkauft.","og_url":"https:\/\/hakmarfrance.online\/de\/produit\/halal-haehnchenschenkel-2\/","og_site_name":"hakmarfrance.online","article_publisher":"https:\/\/www.facebook.com\/HakmarFranceSupermarche\/?locale=fr_FR","og_image":[{"width":1000,"height":800,"url":"https:\/\/hakmarfrance.online\/wp-content\/uploads\/2025\/06\/pilon_de_poulet-.png","type":"image\/png"}],"twitter_card":"summary_large_image","schema":{"@context":"https:\/\/schema.org","@graph":[{"@type":"WebPage","@id":"https:\/\/hakmarfrance.online\/de\/produit\/halal-haehnchenschenkel-2\/","url":"https:\/\/hakmarfrance.online\/de\/produit\/halal-haehnchenschenkel-2\/","name":"Halal-H\u00e4hnchenschenkel - hakmarfrance.online","isPartOf":{"@id":"https:\/\/hakmarfrance.online\/de\/#website"},"primaryImageOfPage":{"@id":"https:\/\/hakmarfrance.online\/de\/produit\/halal-haehnchenschenkel-2\/#primaryimage"},"image":{"@id":"https:\/\/hakmarfrance.online\/de\/produit\/halal-haehnchenschenkel-2\/#primaryimage"},"thumbnailUrl":"https:\/\/hakmarfrance.online\/wp-content\/uploads\/2025\/06\/pilon_de_poulet-.png","datePublished":"2025-06-13T10:52:36+00:00","breadcrumb":{"@id":"https:\/\/hakmarfrance.online\/de\/produit\/halal-haehnchenschenkel-2\/#breadcrumb"},"inLanguage":"de","potentialAction":[{"@type":"ReadAction","target":["https:\/\/hakmarfrance.online\/de\/produit\/halal-haehnchenschenkel-2\/"]}]},{"@type":"ImageObject","inLanguage":"de","@id":"https:\/\/hakmarfrance.online\/de\/produit\/halal-haehnchenschenkel-2\/#primaryimage","url":"https:\/\/hakmarfrance.online\/wp-content\/uploads\/2025\/06\/pilon_de_poulet-.png","contentUrl":"https:\/\/hakmarfrance.online\/wp-content\/uploads\/2025\/06\/pilon_de_poulet-.png","width":1000,"height":800},{"@type":"BreadcrumbList","@id":"https:\/\/hakmarfrance.online\/de\/produit\/halal-haehnchenschenkel-2\/#breadcrumb","itemListElement":[{"@type":"ListItem","position":1,"name":"Accueil","item":"https:\/\/hakmarfrance.online\/de\/"},{"@type":"ListItem","position":2,"name":"Shop","item":"https:\/\/hakmarfrance.online\/de\/shop\/"},{"@type":"ListItem","position":3,"name":"Halal-H\u00e4hnchenschenkel"}]},{"@type":"WebSite","@id":"https:\/\/hakmarfrance.online\/de\/#website","url":"https:\/\/hakmarfrance.online\/de\/","name":"hakmarfrance.online","description":"","publisher":{"@id":"https:\/\/hakmarfrance.online\/de\/#organization"},"potentialAction":[{"@type":"SearchAction","target":{"@type":"EntryPoint","urlTemplate":"https:\/\/hakmarfrance.online\/de\/?s={search_term_string}"},"query-input":{"@type":"PropertyValueSpecification","valueRequired":true,"valueName":"search_term_string"}}],"inLanguage":"de"},{"@type":"Organization","@id":"https:\/\/hakmarfrance.online\/de\/#organization","name":"hakmarfrance.online","url":"https:\/\/hakmarfrance.online\/de\/","logo":{"@type":"ImageObject","inLanguage":"de","@id":"https:\/\/hakmarfrance.online\/de\/#\/schema\/logo\/image\/","url":"https:\/\/hakmarfrance.online\/wp-content\/uploads\/2025\/06\/logo-hakmarfrance.png","contentUrl":"https:\/\/hakmarfrance.online\/wp-content\/uploads\/2025\/06\/logo-hakmarfrance.png","width":528,"height":232,"caption":"hakmarfrance.online"},"image":{"@id":"https:\/\/hakmarfrance.online\/de\/#\/schema\/logo\/image\/"},"sameAs":["https:\/\/www.facebook.com\/HakmarFranceSupermarche\/?locale=fr_FR","https:\/\/www.instagram.com\/hakmarfrancesupermarche\/"]}]}},"_links":{"self":[{"href":"https:\/\/hakmarfrance.online\/de\/wp-json\/wp\/v2\/product\/17490","targetHints":{"allow":["GET"]}}],"collection":[{"href":"https:\/\/hakmarfrance.online\/de\/wp-json\/wp\/v2\/product"}],"about":[{"href":"https:\/\/hakmarfrance.online\/de\/wp-json\/wp\/v2\/types\/product"}],"replies":[{"embeddable":true,"href":"https:\/\/hakmarfrance.online\/de\/wp-json\/wp\/v2\/comments?post=17490"}],"version-history":[{"count":0,"href":"https:\/\/hakmarfrance.online\/de\/wp-json\/wp\/v2\/product\/17490\/revisions"}],"wp:featuredmedia":[{"embeddable":true,"href":"https:\/\/hakmarfrance.online\/de\/wp-json\/wp\/v2\/media\/16571"}],"wp:attachment":[{"href":"https:\/\/hakmarfrance.online\/de\/wp-json\/wp\/v2\/media?parent=17490"}],"wp:term":[{"taxonomy":"product_brand","embeddable":true,"href":"https:\/\/hakmarfrance.online\/de\/wp-json\/wp\/v2\/product_brand?post=17490"},{"taxonomy":"product_cat","embeddable":true,"href":"https:\/\/hakmarfrance.online\/de\/wp-json\/wp\/v2\/product_cat?post=17490"},{"taxonomy":"product_tag","embeddable":true,"href":"https:\/\/hakmarfrance.online\/de\/wp-json\/wp\/v2\/product_tag?post=17490"}],"curies":[{"name":"wp","href":"https:\/\/api.w.org\/{rel}","templated":true}]}}