{"id":17492,"date":"2025-06-13T10:58:16","date_gmt":"2025-06-13T10:58:16","guid":{"rendered":"https:\/\/hakmarfrance.online\/produit\/lammhals-halal-kuzu-boyun\/"},"modified":"2025-06-13T10:58:16","modified_gmt":"2025-06-13T10:58:16","slug":"lammhals-halal-kuzu-boyun","status":"publish","type":"product","link":"https:\/\/hakmarfrance.online\/de\/produit\/lammhals-halal-kuzu-boyun\/","title":{"rendered":"Lammhals Halal \u2013 Kuzu Boyun"},"content":{"rendered":"","protected":false},"excerpt":{"rendered":"<p data-start=\"415\" data-end=\"640\">Der <strong data-start=\"418\" data-end=\"432\">Kuzu Boyun<\/strong>, oder <strong data-start=\"437\" data-end=\"459\">Halal-Lammhals<\/strong>, ist ein Muss f\u00fcr Liebhaber von Schmorgerichten. Reich an Geschmack und nat\u00fcrlicher Gelatine, wird er nach langem, sanftem Garen au\u00dfergew\u00f6hnlich zart. <\/p>\n<p data-start=\"642\" data-end=\"806\">Ideal f\u00fcr traditionelle Rezepte wie Tajines, Eint\u00f6pfe, Couscous oder sogar reichhaltige Br\u00fchen, wird dieses gro\u00dfz\u00fcgige St\u00fcck selbst die anspruchsvollsten Gaumen begeistern.<\/p>\n<p data-start=\"808\" data-end=\"934\">\ud83d\udc68\u200d\ud83c\udf73 Tipp: Brate es leicht in der Pfanne an, bevor du es 2 bis 3 Stunden mit deinem Lieblingsgem\u00fcse und Gew\u00fcrzen schmoren l\u00e4sst.<\/p>\n<p data-start=\"936\" data-end=\"1112\">\u27a4 <strong data-start=\"938\" data-end=\"990\">100 % Halal-Fleisch \u2013 fertig zum Kochen oder Einfrieren<\/strong><\/p>\n<p data-start=\"1114\" data-end=\"1196\">\ud83d\ude9a Schnelle Lieferung nach Hause in <strong data-start=\"1149\" data-end=\"1174\">Mulhouse und Umgebung<\/strong> \u2013 Frische garantiert.<\/p>\n<p data-start=\"1114\" data-end=\"1196\">\ud83d\udc49 <strong data-start=\"869\" data-end=\"921\">Das Fleisch in unserer Abteilung wird pro Kilo verkauft.<\/strong><\/p>\n","protected":false},"featured_media":17493,"comment_status":"open","ping_status":"closed","template":"","meta":{"iawp_total_views":0},"product_brand":[],"product_cat":[226,251,255,254,252],"product_tag":[],"class_list":{"0":"post-17492","1":"product","2":"type-product","3":"status-publish","4":"has-post-thumbnail","6":"product_cat-alle-unsere-produkte","7":"product_cat-fleisch-fisch-feinkost","8":"product_cat-frische-produkte-milchprodukte","9":"product_cat-frisches-fleisch-rind-lamm-huhn-2","10":"product_cat-halal-metzgerei","12":"first","13":"instock","14":"shipping-taxable","15":"purchasable","16":"product-type-simple"},"yoast_head":"<!-- This site is optimized with the Yoast SEO plugin v27.3 - https:\/\/yoast.com\/product\/yoast-seo-wordpress\/ -->\n<title>Lammhals Halal \u2013 Kuzu Boyun - hakmarfrance.online<\/title>\n<meta name=\"robots\" content=\"index, follow, max-snippet:-1, max-image-preview:large, max-video-preview:-1\" \/>\n<link rel=\"canonical\" href=\"https:\/\/hakmarfrance.online\/de\/produit\/lammhals-halal-kuzu-boyun\/\" \/>\n<meta property=\"og:locale\" content=\"de_DE\" \/>\n<meta property=\"og:type\" content=\"article\" \/>\n<meta property=\"og:title\" content=\"Lammhals Halal \u2013 Kuzu Boyun - hakmarfrance.online\" \/>\n<meta property=\"og:description\" content=\"Der Kuzu Boyun, oder Halal-Lammhals, ist ein Muss f\u00fcr Liebhaber von Schmorgerichten. Reich an Geschmack und nat\u00fcrlicher Gelatine, wird er nach langem, sanftem Garen au\u00dfergew\u00f6hnlich zart. Ideal f\u00fcr traditionelle Rezepte wie Tajines, Eint\u00f6pfe, Couscous oder sogar reichhaltige Br\u00fchen, wird dieses gro\u00dfz\u00fcgige St\u00fcck selbst die anspruchsvollsten Gaumen begeistern. \ud83d\udc68\u200d\ud83c\udf73 Tipp: Brate es leicht in der Pfanne an, bevor du es 2 bis 3 Stunden mit deinem Lieblingsgem\u00fcse und Gew\u00fcrzen schmoren l\u00e4sst. \u27a4 100 % Halal-Fleisch \u2013 fertig zum Kochen oder Einfrieren \ud83d\ude9a Schnelle Lieferung nach Hause in Mulhouse und Umgebung \u2013 Frische garantiert. \ud83d\udc49 Das Fleisch in unserer Abteilung wird pro Kilo verkauft.\" \/>\n<meta property=\"og:url\" content=\"https:\/\/hakmarfrance.online\/de\/produit\/lammhals-halal-kuzu-boyun\/\" \/>\n<meta property=\"og:site_name\" content=\"hakmarfrance.online\" \/>\n<meta property=\"article:publisher\" content=\"https:\/\/www.facebook.com\/HakmarFranceSupermarche\/?locale=fr_FR\" \/>\n<meta property=\"og:image\" content=\"https:\/\/hakmarfrance.online\/wp-content\/uploads\/2025\/06\/cou-dagneau-kuzu-boyun-halal.jpg\" \/>\n\t<meta property=\"og:image:width\" content=\"500\" \/>\n\t<meta property=\"og:image:height\" content=\"500\" \/>\n\t<meta property=\"og:image:type\" content=\"image\/jpeg\" \/>\n<meta name=\"twitter:card\" content=\"summary_large_image\" \/>\n<script type=\"application\/ld+json\" class=\"yoast-schema-graph\">{\"@context\":\"https:\\\/\\\/schema.org\",\"@graph\":[{\"@type\":\"WebPage\",\"@id\":\"https:\\\/\\\/hakmarfrance.online\\\/de\\\/produit\\\/lammhals-halal-kuzu-boyun\\\/\",\"url\":\"https:\\\/\\\/hakmarfrance.online\\\/de\\\/produit\\\/lammhals-halal-kuzu-boyun\\\/\",\"name\":\"Lammhals Halal \u2013 Kuzu Boyun - hakmarfrance.online\",\"isPartOf\":{\"@id\":\"https:\\\/\\\/hakmarfrance.online\\\/de\\\/#website\"},\"primaryImageOfPage\":{\"@id\":\"https:\\\/\\\/hakmarfrance.online\\\/de\\\/produit\\\/lammhals-halal-kuzu-boyun\\\/#primaryimage\"},\"image\":{\"@id\":\"https:\\\/\\\/hakmarfrance.online\\\/de\\\/produit\\\/lammhals-halal-kuzu-boyun\\\/#primaryimage\"},\"thumbnailUrl\":\"https:\\\/\\\/hakmarfrance.online\\\/wp-content\\\/uploads\\\/2025\\\/06\\\/cou-dagneau-kuzu-boyun-halal.jpg\",\"datePublished\":\"2025-06-13T10:58:16+00:00\",\"breadcrumb\":{\"@id\":\"https:\\\/\\\/hakmarfrance.online\\\/de\\\/produit\\\/lammhals-halal-kuzu-boyun\\\/#breadcrumb\"},\"inLanguage\":\"de\",\"potentialAction\":[{\"@type\":\"ReadAction\",\"target\":[\"https:\\\/\\\/hakmarfrance.online\\\/de\\\/produit\\\/lammhals-halal-kuzu-boyun\\\/\"]}]},{\"@type\":\"ImageObject\",\"inLanguage\":\"de\",\"@id\":\"https:\\\/\\\/hakmarfrance.online\\\/de\\\/produit\\\/lammhals-halal-kuzu-boyun\\\/#primaryimage\",\"url\":\"https:\\\/\\\/hakmarfrance.online\\\/wp-content\\\/uploads\\\/2025\\\/06\\\/cou-dagneau-kuzu-boyun-halal.jpg\",\"contentUrl\":\"https:\\\/\\\/hakmarfrance.online\\\/wp-content\\\/uploads\\\/2025\\\/06\\\/cou-dagneau-kuzu-boyun-halal.jpg\",\"width\":500,\"height\":500},{\"@type\":\"BreadcrumbList\",\"@id\":\"https:\\\/\\\/hakmarfrance.online\\\/de\\\/produit\\\/lammhals-halal-kuzu-boyun\\\/#breadcrumb\",\"itemListElement\":[{\"@type\":\"ListItem\",\"position\":1,\"name\":\"Accueil\",\"item\":\"https:\\\/\\\/hakmarfrance.online\\\/de\\\/\"},{\"@type\":\"ListItem\",\"position\":2,\"name\":\"Shop\",\"item\":\"https:\\\/\\\/hakmarfrance.online\\\/de\\\/shop\\\/\"},{\"@type\":\"ListItem\",\"position\":3,\"name\":\"Lammhals Halal \u2013 Kuzu Boyun\"}]},{\"@type\":\"WebSite\",\"@id\":\"https:\\\/\\\/hakmarfrance.online\\\/de\\\/#website\",\"url\":\"https:\\\/\\\/hakmarfrance.online\\\/de\\\/\",\"name\":\"hakmarfrance.online\",\"description\":\"\",\"publisher\":{\"@id\":\"https:\\\/\\\/hakmarfrance.online\\\/de\\\/#organization\"},\"potentialAction\":[{\"@type\":\"SearchAction\",\"target\":{\"@type\":\"EntryPoint\",\"urlTemplate\":\"https:\\\/\\\/hakmarfrance.online\\\/de\\\/?s={search_term_string}\"},\"query-input\":{\"@type\":\"PropertyValueSpecification\",\"valueRequired\":true,\"valueName\":\"search_term_string\"}}],\"inLanguage\":\"de\"},{\"@type\":\"Organization\",\"@id\":\"https:\\\/\\\/hakmarfrance.online\\\/de\\\/#organization\",\"name\":\"hakmarfrance.online\",\"url\":\"https:\\\/\\\/hakmarfrance.online\\\/de\\\/\",\"logo\":{\"@type\":\"ImageObject\",\"inLanguage\":\"de\",\"@id\":\"https:\\\/\\\/hakmarfrance.online\\\/de\\\/#\\\/schema\\\/logo\\\/image\\\/\",\"url\":\"https:\\\/\\\/hakmarfrance.online\\\/wp-content\\\/uploads\\\/2025\\\/06\\\/logo-hakmarfrance.png\",\"contentUrl\":\"https:\\\/\\\/hakmarfrance.online\\\/wp-content\\\/uploads\\\/2025\\\/06\\\/logo-hakmarfrance.png\",\"width\":528,\"height\":232,\"caption\":\"hakmarfrance.online\"},\"image\":{\"@id\":\"https:\\\/\\\/hakmarfrance.online\\\/de\\\/#\\\/schema\\\/logo\\\/image\\\/\"},\"sameAs\":[\"https:\\\/\\\/www.facebook.com\\\/HakmarFranceSupermarche\\\/?locale=fr_FR\",\"https:\\\/\\\/www.instagram.com\\\/hakmarfrancesupermarche\\\/\"]}]}<\/script>\n<!-- \/ Yoast SEO plugin. -->","yoast_head_json":{"title":"Lammhals Halal \u2013 Kuzu Boyun - hakmarfrance.online","robots":{"index":"index","follow":"follow","max-snippet":"max-snippet:-1","max-image-preview":"max-image-preview:large","max-video-preview":"max-video-preview:-1"},"canonical":"https:\/\/hakmarfrance.online\/de\/produit\/lammhals-halal-kuzu-boyun\/","og_locale":"de_DE","og_type":"article","og_title":"Lammhals Halal \u2013 Kuzu Boyun - hakmarfrance.online","og_description":"Der Kuzu Boyun, oder Halal-Lammhals, ist ein Muss f\u00fcr Liebhaber von Schmorgerichten. Reich an Geschmack und nat\u00fcrlicher Gelatine, wird er nach langem, sanftem Garen au\u00dfergew\u00f6hnlich zart. Ideal f\u00fcr traditionelle Rezepte wie Tajines, Eint\u00f6pfe, Couscous oder sogar reichhaltige Br\u00fchen, wird dieses gro\u00dfz\u00fcgige St\u00fcck selbst die anspruchsvollsten Gaumen begeistern. \ud83d\udc68\u200d\ud83c\udf73 Tipp: Brate es leicht in der Pfanne an, bevor du es 2 bis 3 Stunden mit deinem Lieblingsgem\u00fcse und Gew\u00fcrzen schmoren l\u00e4sst. \u27a4 100 % Halal-Fleisch \u2013 fertig zum Kochen oder Einfrieren \ud83d\ude9a Schnelle Lieferung nach Hause in Mulhouse und Umgebung \u2013 Frische garantiert. \ud83d\udc49 Das Fleisch in unserer Abteilung wird pro Kilo verkauft.","og_url":"https:\/\/hakmarfrance.online\/de\/produit\/lammhals-halal-kuzu-boyun\/","og_site_name":"hakmarfrance.online","article_publisher":"https:\/\/www.facebook.com\/HakmarFranceSupermarche\/?locale=fr_FR","og_image":[{"width":500,"height":500,"url":"https:\/\/hakmarfrance.online\/wp-content\/uploads\/2025\/06\/cou-dagneau-kuzu-boyun-halal.jpg","type":"image\/jpeg"}],"twitter_card":"summary_large_image","schema":{"@context":"https:\/\/schema.org","@graph":[{"@type":"WebPage","@id":"https:\/\/hakmarfrance.online\/de\/produit\/lammhals-halal-kuzu-boyun\/","url":"https:\/\/hakmarfrance.online\/de\/produit\/lammhals-halal-kuzu-boyun\/","name":"Lammhals Halal \u2013 Kuzu Boyun - hakmarfrance.online","isPartOf":{"@id":"https:\/\/hakmarfrance.online\/de\/#website"},"primaryImageOfPage":{"@id":"https:\/\/hakmarfrance.online\/de\/produit\/lammhals-halal-kuzu-boyun\/#primaryimage"},"image":{"@id":"https:\/\/hakmarfrance.online\/de\/produit\/lammhals-halal-kuzu-boyun\/#primaryimage"},"thumbnailUrl":"https:\/\/hakmarfrance.online\/wp-content\/uploads\/2025\/06\/cou-dagneau-kuzu-boyun-halal.jpg","datePublished":"2025-06-13T10:58:16+00:00","breadcrumb":{"@id":"https:\/\/hakmarfrance.online\/de\/produit\/lammhals-halal-kuzu-boyun\/#breadcrumb"},"inLanguage":"de","potentialAction":[{"@type":"ReadAction","target":["https:\/\/hakmarfrance.online\/de\/produit\/lammhals-halal-kuzu-boyun\/"]}]},{"@type":"ImageObject","inLanguage":"de","@id":"https:\/\/hakmarfrance.online\/de\/produit\/lammhals-halal-kuzu-boyun\/#primaryimage","url":"https:\/\/hakmarfrance.online\/wp-content\/uploads\/2025\/06\/cou-dagneau-kuzu-boyun-halal.jpg","contentUrl":"https:\/\/hakmarfrance.online\/wp-content\/uploads\/2025\/06\/cou-dagneau-kuzu-boyun-halal.jpg","width":500,"height":500},{"@type":"BreadcrumbList","@id":"https:\/\/hakmarfrance.online\/de\/produit\/lammhals-halal-kuzu-boyun\/#breadcrumb","itemListElement":[{"@type":"ListItem","position":1,"name":"Accueil","item":"https:\/\/hakmarfrance.online\/de\/"},{"@type":"ListItem","position":2,"name":"Shop","item":"https:\/\/hakmarfrance.online\/de\/shop\/"},{"@type":"ListItem","position":3,"name":"Lammhals Halal \u2013 Kuzu Boyun"}]},{"@type":"WebSite","@id":"https:\/\/hakmarfrance.online\/de\/#website","url":"https:\/\/hakmarfrance.online\/de\/","name":"hakmarfrance.online","description":"","publisher":{"@id":"https:\/\/hakmarfrance.online\/de\/#organization"},"potentialAction":[{"@type":"SearchAction","target":{"@type":"EntryPoint","urlTemplate":"https:\/\/hakmarfrance.online\/de\/?s={search_term_string}"},"query-input":{"@type":"PropertyValueSpecification","valueRequired":true,"valueName":"search_term_string"}}],"inLanguage":"de"},{"@type":"Organization","@id":"https:\/\/hakmarfrance.online\/de\/#organization","name":"hakmarfrance.online","url":"https:\/\/hakmarfrance.online\/de\/","logo":{"@type":"ImageObject","inLanguage":"de","@id":"https:\/\/hakmarfrance.online\/de\/#\/schema\/logo\/image\/","url":"https:\/\/hakmarfrance.online\/wp-content\/uploads\/2025\/06\/logo-hakmarfrance.png","contentUrl":"https:\/\/hakmarfrance.online\/wp-content\/uploads\/2025\/06\/logo-hakmarfrance.png","width":528,"height":232,"caption":"hakmarfrance.online"},"image":{"@id":"https:\/\/hakmarfrance.online\/de\/#\/schema\/logo\/image\/"},"sameAs":["https:\/\/www.facebook.com\/HakmarFranceSupermarche\/?locale=fr_FR","https:\/\/www.instagram.com\/hakmarfrancesupermarche\/"]}]}},"_links":{"self":[{"href":"https:\/\/hakmarfrance.online\/de\/wp-json\/wp\/v2\/product\/17492","targetHints":{"allow":["GET"]}}],"collection":[{"href":"https:\/\/hakmarfrance.online\/de\/wp-json\/wp\/v2\/product"}],"about":[{"href":"https:\/\/hakmarfrance.online\/de\/wp-json\/wp\/v2\/types\/product"}],"replies":[{"embeddable":true,"href":"https:\/\/hakmarfrance.online\/de\/wp-json\/wp\/v2\/comments?post=17492"}],"version-history":[{"count":0,"href":"https:\/\/hakmarfrance.online\/de\/wp-json\/wp\/v2\/product\/17492\/revisions"}],"wp:featuredmedia":[{"embeddable":true,"href":"https:\/\/hakmarfrance.online\/de\/wp-json\/wp\/v2\/media\/17493"}],"wp:attachment":[{"href":"https:\/\/hakmarfrance.online\/de\/wp-json\/wp\/v2\/media?parent=17492"}],"wp:term":[{"taxonomy":"product_brand","embeddable":true,"href":"https:\/\/hakmarfrance.online\/de\/wp-json\/wp\/v2\/product_brand?post=17492"},{"taxonomy":"product_cat","embeddable":true,"href":"https:\/\/hakmarfrance.online\/de\/wp-json\/wp\/v2\/product_cat?post=17492"},{"taxonomy":"product_tag","embeddable":true,"href":"https:\/\/hakmarfrance.online\/de\/wp-json\/wp\/v2\/product_tag?post=17492"}],"curies":[{"name":"wp","href":"https:\/\/api.w.org\/{rel}","templated":true}]}}