{"id":17494,"date":"2025-06-13T11:11:50","date_gmt":"2025-06-13T11:11:50","guid":{"rendered":"https:\/\/hakmarfrance.online\/produit\/halal-rinderhackfleisch\/"},"modified":"2025-06-13T11:11:50","modified_gmt":"2025-06-13T11:11:50","slug":"halal-rinderhackfleisch","status":"publish","type":"product","link":"https:\/\/hakmarfrance.online\/de\/produit\/halal-rinderhackfleisch\/","title":{"rendered":"Halal Rinderhackfleisch"},"content":{"rendered":"","protected":false},"excerpt":{"rendered":"<p data-start=\"446\" data-end=\"649\">Entdecke unser <strong data-start=\"462\" data-end=\"493\">Halal Rinderhackfleisch<\/strong>, frisch zubereitet aus ausgew\u00e4hltem Fleisch, ohne \u00fcberfl\u00fcssiges Fett oder Zusatzstoffe. Metzgerqualit\u00e4t, perfekt f\u00fcr all deine Alltagsrezepte. <\/p>\n<p data-start=\"651\" data-end=\"809\">Ob f\u00fcr hausgemachte K\u00f6fte, Burger, Bolognese oder Lasagne, dieses zarte und schmackhafte Hackfleisch passt zu all deinen W\u00fcnschen.<\/p>\n<p data-start=\"811\" data-end=\"911\">\ud83d\udd25 Tipp: Gib etwas gehackte Zwiebel, Petersilie und Gew\u00fcrze hinzu f\u00fcr ein Express-K\u00f6fte, das in 5 Minuten fertig ist.<\/p>\n<p data-start=\"913\" data-end=\"1081\">\u27a4 <strong data-start=\"915\" data-end=\"964\">100 % Halal-Fleisch \u2013 reines Rindfleisch, frisch gehackt<\/strong><\/p>\n<p data-start=\"913\" data-end=\"1081\">\ud83d\udc49 <strong data-start=\"869\" data-end=\"921\">Das Fleisch in unserer Abteilung wird pro Kilo verkauft.<\/strong><br data-start=\"1010\" data-end=\"1013\">\u27a4 Schnell zubereiten oder einfrieren<br data-start=\"1048\" data-end=\"1051\">\u27a4 Ohne Zusatz- oder Konservierungsstoffe<\/p>\n<p data-start=\"1083\" data-end=\"1157\">\ud83d\ude9a Lieferung nach Hause in <strong data-start=\"1111\" data-end=\"1135\">Mulhouse und Umgebung<\/strong> \u2013 Frische garantiert.<\/p>\n","protected":false},"featured_media":17498,"comment_status":"open","ping_status":"closed","template":"","meta":{"iawp_total_views":4},"product_brand":[],"product_cat":[226,251,254,252],"product_tag":[],"class_list":{"0":"post-17494","1":"product","2":"type-product","3":"status-publish","4":"has-post-thumbnail","6":"product_cat-alle-unsere-produkte","7":"product_cat-fleisch-fisch-feinkost","8":"product_cat-frisches-fleisch-rind-lamm-huhn-2","9":"product_cat-halal-metzgerei","11":"first","12":"instock","13":"shipping-taxable","14":"purchasable","15":"product-type-variable"},"yoast_head":"<!-- This site is optimized with the Yoast SEO plugin v27.3 - https:\/\/yoast.com\/product\/yoast-seo-wordpress\/ -->\n<title>Halal Rinderhackfleisch - hakmarfrance.online<\/title>\n<meta name=\"robots\" content=\"index, follow, max-snippet:-1, max-image-preview:large, max-video-preview:-1\" \/>\n<link rel=\"canonical\" href=\"https:\/\/hakmarfrance.online\/de\/produit\/halal-rinderhackfleisch\/\" \/>\n<meta property=\"og:locale\" content=\"de_DE\" \/>\n<meta property=\"og:type\" content=\"article\" \/>\n<meta property=\"og:title\" content=\"Halal Rinderhackfleisch - hakmarfrance.online\" \/>\n<meta property=\"og:description\" content=\"Entdecke unser Halal Rinderhackfleisch, frisch zubereitet aus ausgew\u00e4hltem Fleisch, ohne \u00fcberfl\u00fcssiges Fett oder Zusatzstoffe. Metzgerqualit\u00e4t, perfekt f\u00fcr all deine Alltagsrezepte. Ob f\u00fcr hausgemachte K\u00f6fte, Burger, Bolognese oder Lasagne, dieses zarte und schmackhafte Hackfleisch passt zu all deinen W\u00fcnschen. \ud83d\udd25 Tipp: Gib etwas gehackte Zwiebel, Petersilie und Gew\u00fcrze hinzu f\u00fcr ein Express-K\u00f6fte, das in 5 Minuten fertig ist. \u27a4 100 % Halal-Fleisch \u2013 reines Rindfleisch, frisch gehackt \ud83d\udc49 Das Fleisch in unserer Abteilung wird pro Kilo verkauft.\u27a4 Schnell zubereiten oder einfrieren\u27a4 Ohne Zusatz- oder Konservierungsstoffe \ud83d\ude9a Lieferung nach Hause in Mulhouse und Umgebung \u2013 Frische garantiert.\" \/>\n<meta property=\"og:url\" content=\"https:\/\/hakmarfrance.online\/de\/produit\/halal-rinderhackfleisch\/\" \/>\n<meta property=\"og:site_name\" content=\"hakmarfrance.online\" \/>\n<meta property=\"article:publisher\" content=\"https:\/\/www.facebook.com\/HakmarFranceSupermarche\/?locale=fr_FR\" \/>\n<meta property=\"og:image\" content=\"https:\/\/hakmarfrance.online\/wp-content\/uploads\/2025\/06\/Viande-hachee-halal-1.avif\" \/>\n\t<meta property=\"og:image:width\" content=\"750\" \/>\n\t<meta property=\"og:image:height\" content=\"600\" \/>\n\t<meta property=\"og:image:type\" content=\"image\/png\" \/>\n<meta name=\"twitter:card\" content=\"summary_large_image\" \/>\n<script type=\"application\/ld+json\" class=\"yoast-schema-graph\">{\"@context\":\"https:\\\/\\\/schema.org\",\"@graph\":[{\"@type\":\"WebPage\",\"@id\":\"https:\\\/\\\/hakmarfrance.online\\\/de\\\/produit\\\/halal-rinderhackfleisch\\\/\",\"url\":\"https:\\\/\\\/hakmarfrance.online\\\/de\\\/produit\\\/halal-rinderhackfleisch\\\/\",\"name\":\"Halal Rinderhackfleisch - hakmarfrance.online\",\"isPartOf\":{\"@id\":\"https:\\\/\\\/hakmarfrance.online\\\/de\\\/#website\"},\"primaryImageOfPage\":{\"@id\":\"https:\\\/\\\/hakmarfrance.online\\\/de\\\/produit\\\/halal-rinderhackfleisch\\\/#primaryimage\"},\"image\":{\"@id\":\"https:\\\/\\\/hakmarfrance.online\\\/de\\\/produit\\\/halal-rinderhackfleisch\\\/#primaryimage\"},\"thumbnailUrl\":\"https:\\\/\\\/hakmarfrance.online\\\/wp-content\\\/uploads\\\/2025\\\/06\\\/Viande-hachee-halal-1.avif\",\"datePublished\":\"2025-06-13T11:11:50+00:00\",\"breadcrumb\":{\"@id\":\"https:\\\/\\\/hakmarfrance.online\\\/de\\\/produit\\\/halal-rinderhackfleisch\\\/#breadcrumb\"},\"inLanguage\":\"de\",\"potentialAction\":[{\"@type\":\"ReadAction\",\"target\":[\"https:\\\/\\\/hakmarfrance.online\\\/de\\\/produit\\\/halal-rinderhackfleisch\\\/\"]}]},{\"@type\":\"ImageObject\",\"inLanguage\":\"de\",\"@id\":\"https:\\\/\\\/hakmarfrance.online\\\/de\\\/produit\\\/halal-rinderhackfleisch\\\/#primaryimage\",\"url\":\"https:\\\/\\\/hakmarfrance.online\\\/wp-content\\\/uploads\\\/2025\\\/06\\\/Viande-hachee-halal-1.avif\",\"contentUrl\":\"https:\\\/\\\/hakmarfrance.online\\\/wp-content\\\/uploads\\\/2025\\\/06\\\/Viande-hachee-halal-1.avif\",\"width\":750,\"height\":600,\"caption\":\"Halal-Rinderhackfleisch\"},{\"@type\":\"BreadcrumbList\",\"@id\":\"https:\\\/\\\/hakmarfrance.online\\\/de\\\/produit\\\/halal-rinderhackfleisch\\\/#breadcrumb\",\"itemListElement\":[{\"@type\":\"ListItem\",\"position\":1,\"name\":\"Accueil\",\"item\":\"https:\\\/\\\/hakmarfrance.online\\\/de\\\/\"},{\"@type\":\"ListItem\",\"position\":2,\"name\":\"Shop\",\"item\":\"https:\\\/\\\/hakmarfrance.online\\\/de\\\/shop\\\/\"},{\"@type\":\"ListItem\",\"position\":3,\"name\":\"Halal Rinderhackfleisch\"}]},{\"@type\":\"WebSite\",\"@id\":\"https:\\\/\\\/hakmarfrance.online\\\/de\\\/#website\",\"url\":\"https:\\\/\\\/hakmarfrance.online\\\/de\\\/\",\"name\":\"hakmarfrance.online\",\"description\":\"\",\"publisher\":{\"@id\":\"https:\\\/\\\/hakmarfrance.online\\\/de\\\/#organization\"},\"potentialAction\":[{\"@type\":\"SearchAction\",\"target\":{\"@type\":\"EntryPoint\",\"urlTemplate\":\"https:\\\/\\\/hakmarfrance.online\\\/de\\\/?s={search_term_string}\"},\"query-input\":{\"@type\":\"PropertyValueSpecification\",\"valueRequired\":true,\"valueName\":\"search_term_string\"}}],\"inLanguage\":\"de\"},{\"@type\":\"Organization\",\"@id\":\"https:\\\/\\\/hakmarfrance.online\\\/de\\\/#organization\",\"name\":\"hakmarfrance.online\",\"url\":\"https:\\\/\\\/hakmarfrance.online\\\/de\\\/\",\"logo\":{\"@type\":\"ImageObject\",\"inLanguage\":\"de\",\"@id\":\"https:\\\/\\\/hakmarfrance.online\\\/de\\\/#\\\/schema\\\/logo\\\/image\\\/\",\"url\":\"https:\\\/\\\/hakmarfrance.online\\\/wp-content\\\/uploads\\\/2025\\\/06\\\/logo-hakmarfrance.png\",\"contentUrl\":\"https:\\\/\\\/hakmarfrance.online\\\/wp-content\\\/uploads\\\/2025\\\/06\\\/logo-hakmarfrance.png\",\"width\":528,\"height\":232,\"caption\":\"hakmarfrance.online\"},\"image\":{\"@id\":\"https:\\\/\\\/hakmarfrance.online\\\/de\\\/#\\\/schema\\\/logo\\\/image\\\/\"},\"sameAs\":[\"https:\\\/\\\/www.facebook.com\\\/HakmarFranceSupermarche\\\/?locale=fr_FR\",\"https:\\\/\\\/www.instagram.com\\\/hakmarfrancesupermarche\\\/\"]}]}<\/script>\n<!-- \/ Yoast SEO plugin. -->","yoast_head_json":{"title":"Halal Rinderhackfleisch - hakmarfrance.online","robots":{"index":"index","follow":"follow","max-snippet":"max-snippet:-1","max-image-preview":"max-image-preview:large","max-video-preview":"max-video-preview:-1"},"canonical":"https:\/\/hakmarfrance.online\/de\/produit\/halal-rinderhackfleisch\/","og_locale":"de_DE","og_type":"article","og_title":"Halal Rinderhackfleisch - hakmarfrance.online","og_description":"Entdecke unser Halal Rinderhackfleisch, frisch zubereitet aus ausgew\u00e4hltem Fleisch, ohne \u00fcberfl\u00fcssiges Fett oder Zusatzstoffe. Metzgerqualit\u00e4t, perfekt f\u00fcr all deine Alltagsrezepte. Ob f\u00fcr hausgemachte K\u00f6fte, Burger, Bolognese oder Lasagne, dieses zarte und schmackhafte Hackfleisch passt zu all deinen W\u00fcnschen. \ud83d\udd25 Tipp: Gib etwas gehackte Zwiebel, Petersilie und Gew\u00fcrze hinzu f\u00fcr ein Express-K\u00f6fte, das in 5 Minuten fertig ist. \u27a4 100 % Halal-Fleisch \u2013 reines Rindfleisch, frisch gehackt \ud83d\udc49 Das Fleisch in unserer Abteilung wird pro Kilo verkauft.\u27a4 Schnell zubereiten oder einfrieren\u27a4 Ohne Zusatz- oder Konservierungsstoffe \ud83d\ude9a Lieferung nach Hause in Mulhouse und Umgebung \u2013 Frische garantiert.","og_url":"https:\/\/hakmarfrance.online\/de\/produit\/halal-rinderhackfleisch\/","og_site_name":"hakmarfrance.online","article_publisher":"https:\/\/www.facebook.com\/HakmarFranceSupermarche\/?locale=fr_FR","og_image":[{"width":750,"height":600,"url":"https:\/\/hakmarfrance.online\/wp-content\/uploads\/2025\/06\/Viande-hachee-halal-1.avif","type":"image\/png"}],"twitter_card":"summary_large_image","schema":{"@context":"https:\/\/schema.org","@graph":[{"@type":"WebPage","@id":"https:\/\/hakmarfrance.online\/de\/produit\/halal-rinderhackfleisch\/","url":"https:\/\/hakmarfrance.online\/de\/produit\/halal-rinderhackfleisch\/","name":"Halal Rinderhackfleisch - hakmarfrance.online","isPartOf":{"@id":"https:\/\/hakmarfrance.online\/de\/#website"},"primaryImageOfPage":{"@id":"https:\/\/hakmarfrance.online\/de\/produit\/halal-rinderhackfleisch\/#primaryimage"},"image":{"@id":"https:\/\/hakmarfrance.online\/de\/produit\/halal-rinderhackfleisch\/#primaryimage"},"thumbnailUrl":"https:\/\/hakmarfrance.online\/wp-content\/uploads\/2025\/06\/Viande-hachee-halal-1.avif","datePublished":"2025-06-13T11:11:50+00:00","breadcrumb":{"@id":"https:\/\/hakmarfrance.online\/de\/produit\/halal-rinderhackfleisch\/#breadcrumb"},"inLanguage":"de","potentialAction":[{"@type":"ReadAction","target":["https:\/\/hakmarfrance.online\/de\/produit\/halal-rinderhackfleisch\/"]}]},{"@type":"ImageObject","inLanguage":"de","@id":"https:\/\/hakmarfrance.online\/de\/produit\/halal-rinderhackfleisch\/#primaryimage","url":"https:\/\/hakmarfrance.online\/wp-content\/uploads\/2025\/06\/Viande-hachee-halal-1.avif","contentUrl":"https:\/\/hakmarfrance.online\/wp-content\/uploads\/2025\/06\/Viande-hachee-halal-1.avif","width":750,"height":600,"caption":"Halal-Rinderhackfleisch"},{"@type":"BreadcrumbList","@id":"https:\/\/hakmarfrance.online\/de\/produit\/halal-rinderhackfleisch\/#breadcrumb","itemListElement":[{"@type":"ListItem","position":1,"name":"Accueil","item":"https:\/\/hakmarfrance.online\/de\/"},{"@type":"ListItem","position":2,"name":"Shop","item":"https:\/\/hakmarfrance.online\/de\/shop\/"},{"@type":"ListItem","position":3,"name":"Halal Rinderhackfleisch"}]},{"@type":"WebSite","@id":"https:\/\/hakmarfrance.online\/de\/#website","url":"https:\/\/hakmarfrance.online\/de\/","name":"hakmarfrance.online","description":"","publisher":{"@id":"https:\/\/hakmarfrance.online\/de\/#organization"},"potentialAction":[{"@type":"SearchAction","target":{"@type":"EntryPoint","urlTemplate":"https:\/\/hakmarfrance.online\/de\/?s={search_term_string}"},"query-input":{"@type":"PropertyValueSpecification","valueRequired":true,"valueName":"search_term_string"}}],"inLanguage":"de"},{"@type":"Organization","@id":"https:\/\/hakmarfrance.online\/de\/#organization","name":"hakmarfrance.online","url":"https:\/\/hakmarfrance.online\/de\/","logo":{"@type":"ImageObject","inLanguage":"de","@id":"https:\/\/hakmarfrance.online\/de\/#\/schema\/logo\/image\/","url":"https:\/\/hakmarfrance.online\/wp-content\/uploads\/2025\/06\/logo-hakmarfrance.png","contentUrl":"https:\/\/hakmarfrance.online\/wp-content\/uploads\/2025\/06\/logo-hakmarfrance.png","width":528,"height":232,"caption":"hakmarfrance.online"},"image":{"@id":"https:\/\/hakmarfrance.online\/de\/#\/schema\/logo\/image\/"},"sameAs":["https:\/\/www.facebook.com\/HakmarFranceSupermarche\/?locale=fr_FR","https:\/\/www.instagram.com\/hakmarfrancesupermarche\/"]}]}},"_links":{"self":[{"href":"https:\/\/hakmarfrance.online\/de\/wp-json\/wp\/v2\/product\/17494","targetHints":{"allow":["GET"]}}],"collection":[{"href":"https:\/\/hakmarfrance.online\/de\/wp-json\/wp\/v2\/product"}],"about":[{"href":"https:\/\/hakmarfrance.online\/de\/wp-json\/wp\/v2\/types\/product"}],"replies":[{"embeddable":true,"href":"https:\/\/hakmarfrance.online\/de\/wp-json\/wp\/v2\/comments?post=17494"}],"version-history":[{"count":0,"href":"https:\/\/hakmarfrance.online\/de\/wp-json\/wp\/v2\/product\/17494\/revisions"}],"wp:featuredmedia":[{"embeddable":true,"href":"https:\/\/hakmarfrance.online\/de\/wp-json\/wp\/v2\/media\/17498"}],"wp:attachment":[{"href":"https:\/\/hakmarfrance.online\/de\/wp-json\/wp\/v2\/media?parent=17494"}],"wp:term":[{"taxonomy":"product_brand","embeddable":true,"href":"https:\/\/hakmarfrance.online\/de\/wp-json\/wp\/v2\/product_brand?post=17494"},{"taxonomy":"product_cat","embeddable":true,"href":"https:\/\/hakmarfrance.online\/de\/wp-json\/wp\/v2\/product_cat?post=17494"},{"taxonomy":"product_tag","embeddable":true,"href":"https:\/\/hakmarfrance.online\/de\/wp-json\/wp\/v2\/product_tag?post=17494"}],"curies":[{"name":"wp","href":"https:\/\/api.w.org\/{rel}","templated":true}]}}