{"id":17501,"date":"2025-06-13T10:55:53","date_gmt":"2025-06-13T10:55:53","guid":{"rendered":"https:\/\/hakmarfrance.online\/produit\/halal-kalbskotelett-suet-dana-pirzola\/"},"modified":"2025-06-13T10:55:53","modified_gmt":"2025-06-13T10:55:53","slug":"halal-kalbskotelett-suet-dana-pirzola","status":"publish","type":"product","link":"https:\/\/hakmarfrance.online\/de\/produit\/halal-kalbskotelett-suet-dana-pirzola\/","title":{"rendered":"Halal-Kalbskotelett \u2013 S\u00fct Dana Pirzola"},"content":{"rendered":"","protected":false},"excerpt":{"rendered":"<p data-start=\"501\" data-end=\"745\">Genie\u00dfe die ganze Finesse der <strong data-start=\"534\" data-end=\"554\">S\u00fct Dana Pirzola<\/strong>, ein zartes Halal-Kalbskotelett, aus dem Lendenst\u00fcck mit langem Knochen geschnitten. Seine zartschmelzende Textur und sein delikater Geschmack machen es zu einer erstklassigen Wahl f\u00fcr Liebhaber au\u00dfergew\u00f6hnlichen Fleisches. <\/p>\n<p data-start=\"747\" data-end=\"919\">Perfekt f\u00fcr die Pfanne, die Plancha oder den Grill, passt dieses Premiumst\u00fcck hervorragend zu gegrilltem Gem\u00fcse, einem Schuss Oliven\u00f6l und frischen Kr\u00e4utern.<\/p>\n<p data-start=\"921\" data-end=\"977\">\u2728 Ideal f\u00fcr ein raffiniertes Essen oder einen besonderen Anlass.<\/p>\n<p data-start=\"979\" data-end=\"1124\">\u27a4 <strong data-start=\"981\" data-end=\"1022\">100 % Halal-Fleisch \u2013 Metzgerqualit\u00e4t<\/strong><br data-start=\"1053\" data-end=\"1056\">\u27a4 Zum Einfrieren geeignet<br data-start=\"1083\" data-end=\"1086\">\u27a4 Einfach zu w\u00fcrzen, schnelle Zubereitung<\/p>\n<p data-start=\"1126\" data-end=\"1199\">\ud83d\ude9a Lieferung nach Hause in <strong data-start=\"1152\" data-end=\"1177\">M\u00fclhausen und Umgebung<\/strong> \u2013 Frische garantiert.<\/p>\n<p data-start=\"1126\" data-end=\"1199\">\ud83d\udc49 <strong data-start=\"869\" data-end=\"921\">Das Fleisch in unserer Abteilung wird pro Kilo verkauft.<\/strong><\/p>\n","protected":false},"featured_media":17502,"comment_status":"open","ping_status":"closed","template":"","meta":{"iawp_total_views":0},"product_brand":[],"product_cat":[226,251,254,252],"product_tag":[],"class_list":{"0":"post-17501","1":"product","2":"type-product","3":"status-publish","4":"has-post-thumbnail","6":"product_cat-alle-unsere-produkte","7":"product_cat-fleisch-fisch-feinkost","8":"product_cat-frisches-fleisch-rind-lamm-huhn-2","9":"product_cat-halal-metzgerei","11":"first","12":"instock","13":"shipping-taxable","14":"purchasable","15":"product-type-simple"},"yoast_head":"<!-- This site is optimized with the Yoast SEO plugin v27.3 - https:\/\/yoast.com\/product\/yoast-seo-wordpress\/ -->\n<title>Halal-Kalbskotelett \u2013 S\u00fct Dana Pirzola - hakmarfrance.online<\/title>\n<meta name=\"robots\" content=\"index, follow, max-snippet:-1, max-image-preview:large, max-video-preview:-1\" \/>\n<link rel=\"canonical\" href=\"https:\/\/hakmarfrance.online\/de\/produit\/halal-kalbskotelett-suet-dana-pirzola\/\" \/>\n<meta property=\"og:locale\" content=\"de_DE\" \/>\n<meta property=\"og:type\" content=\"article\" \/>\n<meta property=\"og:title\" content=\"Halal-Kalbskotelett \u2013 S\u00fct Dana Pirzola - hakmarfrance.online\" \/>\n<meta property=\"og:description\" content=\"Genie\u00dfe die ganze Finesse der S\u00fct Dana Pirzola, ein zartes Halal-Kalbskotelett, aus dem Lendenst\u00fcck mit langem Knochen geschnitten. Seine zartschmelzende Textur und sein delikater Geschmack machen es zu einer erstklassigen Wahl f\u00fcr Liebhaber au\u00dfergew\u00f6hnlichen Fleisches. Perfekt f\u00fcr die Pfanne, die Plancha oder den Grill, passt dieses Premiumst\u00fcck hervorragend zu gegrilltem Gem\u00fcse, einem Schuss Oliven\u00f6l und frischen Kr\u00e4utern. \u2728 Ideal f\u00fcr ein raffiniertes Essen oder einen besonderen Anlass. \u27a4 100 % Halal-Fleisch \u2013 Metzgerqualit\u00e4t\u27a4 Zum Einfrieren geeignet\u27a4 Einfach zu w\u00fcrzen, schnelle Zubereitung \ud83d\ude9a Lieferung nach Hause in M\u00fclhausen und Umgebung \u2013 Frische garantiert. \ud83d\udc49 Das Fleisch in unserer Abteilung wird pro Kilo verkauft.\" \/>\n<meta property=\"og:url\" content=\"https:\/\/hakmarfrance.online\/de\/produit\/halal-kalbskotelett-suet-dana-pirzola\/\" \/>\n<meta property=\"og:site_name\" content=\"hakmarfrance.online\" \/>\n<meta property=\"article:publisher\" content=\"https:\/\/www.facebook.com\/HakmarFranceSupermarche\/?locale=fr_FR\" \/>\n<meta property=\"og:image\" content=\"https:\/\/hakmarfrance.online\/wp-content\/uploads\/2025\/06\/cotelettes-de-veau-sut-dana-pirzola-halal.jpeg\" \/>\n\t<meta property=\"og:image:width\" content=\"225\" \/>\n\t<meta property=\"og:image:height\" content=\"225\" \/>\n\t<meta property=\"og:image:type\" content=\"image\/jpeg\" \/>\n<meta name=\"twitter:card\" content=\"summary_large_image\" \/>\n<script type=\"application\/ld+json\" class=\"yoast-schema-graph\">{\"@context\":\"https:\\\/\\\/schema.org\",\"@graph\":[{\"@type\":\"WebPage\",\"@id\":\"https:\\\/\\\/hakmarfrance.online\\\/de\\\/produit\\\/halal-kalbskotelett-suet-dana-pirzola\\\/\",\"url\":\"https:\\\/\\\/hakmarfrance.online\\\/de\\\/produit\\\/halal-kalbskotelett-suet-dana-pirzola\\\/\",\"name\":\"Halal-Kalbskotelett \u2013 S\u00fct Dana Pirzola - hakmarfrance.online\",\"isPartOf\":{\"@id\":\"https:\\\/\\\/hakmarfrance.online\\\/de\\\/#website\"},\"primaryImageOfPage\":{\"@id\":\"https:\\\/\\\/hakmarfrance.online\\\/de\\\/produit\\\/halal-kalbskotelett-suet-dana-pirzola\\\/#primaryimage\"},\"image\":{\"@id\":\"https:\\\/\\\/hakmarfrance.online\\\/de\\\/produit\\\/halal-kalbskotelett-suet-dana-pirzola\\\/#primaryimage\"},\"thumbnailUrl\":\"https:\\\/\\\/hakmarfrance.online\\\/wp-content\\\/uploads\\\/2025\\\/06\\\/cotelettes-de-veau-sut-dana-pirzola-halal.jpeg\",\"datePublished\":\"2025-06-13T10:55:53+00:00\",\"breadcrumb\":{\"@id\":\"https:\\\/\\\/hakmarfrance.online\\\/de\\\/produit\\\/halal-kalbskotelett-suet-dana-pirzola\\\/#breadcrumb\"},\"inLanguage\":\"de\",\"potentialAction\":[{\"@type\":\"ReadAction\",\"target\":[\"https:\\\/\\\/hakmarfrance.online\\\/de\\\/produit\\\/halal-kalbskotelett-suet-dana-pirzola\\\/\"]}]},{\"@type\":\"ImageObject\",\"inLanguage\":\"de\",\"@id\":\"https:\\\/\\\/hakmarfrance.online\\\/de\\\/produit\\\/halal-kalbskotelett-suet-dana-pirzola\\\/#primaryimage\",\"url\":\"https:\\\/\\\/hakmarfrance.online\\\/wp-content\\\/uploads\\\/2025\\\/06\\\/cotelettes-de-veau-sut-dana-pirzola-halal.jpeg\",\"contentUrl\":\"https:\\\/\\\/hakmarfrance.online\\\/wp-content\\\/uploads\\\/2025\\\/06\\\/cotelettes-de-veau-sut-dana-pirzola-halal.jpeg\",\"width\":225,\"height\":225},{\"@type\":\"BreadcrumbList\",\"@id\":\"https:\\\/\\\/hakmarfrance.online\\\/de\\\/produit\\\/halal-kalbskotelett-suet-dana-pirzola\\\/#breadcrumb\",\"itemListElement\":[{\"@type\":\"ListItem\",\"position\":1,\"name\":\"Accueil\",\"item\":\"https:\\\/\\\/hakmarfrance.online\\\/de\\\/\"},{\"@type\":\"ListItem\",\"position\":2,\"name\":\"Shop\",\"item\":\"https:\\\/\\\/hakmarfrance.online\\\/de\\\/shop\\\/\"},{\"@type\":\"ListItem\",\"position\":3,\"name\":\"Halal-Kalbskotelett \u2013 S\u00fct Dana Pirzola\"}]},{\"@type\":\"WebSite\",\"@id\":\"https:\\\/\\\/hakmarfrance.online\\\/de\\\/#website\",\"url\":\"https:\\\/\\\/hakmarfrance.online\\\/de\\\/\",\"name\":\"hakmarfrance.online\",\"description\":\"\",\"publisher\":{\"@id\":\"https:\\\/\\\/hakmarfrance.online\\\/de\\\/#organization\"},\"potentialAction\":[{\"@type\":\"SearchAction\",\"target\":{\"@type\":\"EntryPoint\",\"urlTemplate\":\"https:\\\/\\\/hakmarfrance.online\\\/de\\\/?s={search_term_string}\"},\"query-input\":{\"@type\":\"PropertyValueSpecification\",\"valueRequired\":true,\"valueName\":\"search_term_string\"}}],\"inLanguage\":\"de\"},{\"@type\":\"Organization\",\"@id\":\"https:\\\/\\\/hakmarfrance.online\\\/de\\\/#organization\",\"name\":\"hakmarfrance.online\",\"url\":\"https:\\\/\\\/hakmarfrance.online\\\/de\\\/\",\"logo\":{\"@type\":\"ImageObject\",\"inLanguage\":\"de\",\"@id\":\"https:\\\/\\\/hakmarfrance.online\\\/de\\\/#\\\/schema\\\/logo\\\/image\\\/\",\"url\":\"https:\\\/\\\/hakmarfrance.online\\\/wp-content\\\/uploads\\\/2025\\\/06\\\/logo-hakmarfrance.png\",\"contentUrl\":\"https:\\\/\\\/hakmarfrance.online\\\/wp-content\\\/uploads\\\/2025\\\/06\\\/logo-hakmarfrance.png\",\"width\":528,\"height\":232,\"caption\":\"hakmarfrance.online\"},\"image\":{\"@id\":\"https:\\\/\\\/hakmarfrance.online\\\/de\\\/#\\\/schema\\\/logo\\\/image\\\/\"},\"sameAs\":[\"https:\\\/\\\/www.facebook.com\\\/HakmarFranceSupermarche\\\/?locale=fr_FR\",\"https:\\\/\\\/www.instagram.com\\\/hakmarfrancesupermarche\\\/\"]}]}<\/script>\n<!-- \/ Yoast SEO plugin. -->","yoast_head_json":{"title":"Halal-Kalbskotelett \u2013 S\u00fct Dana Pirzola - hakmarfrance.online","robots":{"index":"index","follow":"follow","max-snippet":"max-snippet:-1","max-image-preview":"max-image-preview:large","max-video-preview":"max-video-preview:-1"},"canonical":"https:\/\/hakmarfrance.online\/de\/produit\/halal-kalbskotelett-suet-dana-pirzola\/","og_locale":"de_DE","og_type":"article","og_title":"Halal-Kalbskotelett \u2013 S\u00fct Dana Pirzola - hakmarfrance.online","og_description":"Genie\u00dfe die ganze Finesse der S\u00fct Dana Pirzola, ein zartes Halal-Kalbskotelett, aus dem Lendenst\u00fcck mit langem Knochen geschnitten. Seine zartschmelzende Textur und sein delikater Geschmack machen es zu einer erstklassigen Wahl f\u00fcr Liebhaber au\u00dfergew\u00f6hnlichen Fleisches. Perfekt f\u00fcr die Pfanne, die Plancha oder den Grill, passt dieses Premiumst\u00fcck hervorragend zu gegrilltem Gem\u00fcse, einem Schuss Oliven\u00f6l und frischen Kr\u00e4utern. \u2728 Ideal f\u00fcr ein raffiniertes Essen oder einen besonderen Anlass. \u27a4 100 % Halal-Fleisch \u2013 Metzgerqualit\u00e4t\u27a4 Zum Einfrieren geeignet\u27a4 Einfach zu w\u00fcrzen, schnelle Zubereitung \ud83d\ude9a Lieferung nach Hause in M\u00fclhausen und Umgebung \u2013 Frische garantiert. \ud83d\udc49 Das Fleisch in unserer Abteilung wird pro Kilo verkauft.","og_url":"https:\/\/hakmarfrance.online\/de\/produit\/halal-kalbskotelett-suet-dana-pirzola\/","og_site_name":"hakmarfrance.online","article_publisher":"https:\/\/www.facebook.com\/HakmarFranceSupermarche\/?locale=fr_FR","og_image":[{"width":225,"height":225,"url":"https:\/\/hakmarfrance.online\/wp-content\/uploads\/2025\/06\/cotelettes-de-veau-sut-dana-pirzola-halal.jpeg","type":"image\/jpeg"}],"twitter_card":"summary_large_image","schema":{"@context":"https:\/\/schema.org","@graph":[{"@type":"WebPage","@id":"https:\/\/hakmarfrance.online\/de\/produit\/halal-kalbskotelett-suet-dana-pirzola\/","url":"https:\/\/hakmarfrance.online\/de\/produit\/halal-kalbskotelett-suet-dana-pirzola\/","name":"Halal-Kalbskotelett \u2013 S\u00fct Dana Pirzola - hakmarfrance.online","isPartOf":{"@id":"https:\/\/hakmarfrance.online\/de\/#website"},"primaryImageOfPage":{"@id":"https:\/\/hakmarfrance.online\/de\/produit\/halal-kalbskotelett-suet-dana-pirzola\/#primaryimage"},"image":{"@id":"https:\/\/hakmarfrance.online\/de\/produit\/halal-kalbskotelett-suet-dana-pirzola\/#primaryimage"},"thumbnailUrl":"https:\/\/hakmarfrance.online\/wp-content\/uploads\/2025\/06\/cotelettes-de-veau-sut-dana-pirzola-halal.jpeg","datePublished":"2025-06-13T10:55:53+00:00","breadcrumb":{"@id":"https:\/\/hakmarfrance.online\/de\/produit\/halal-kalbskotelett-suet-dana-pirzola\/#breadcrumb"},"inLanguage":"de","potentialAction":[{"@type":"ReadAction","target":["https:\/\/hakmarfrance.online\/de\/produit\/halal-kalbskotelett-suet-dana-pirzola\/"]}]},{"@type":"ImageObject","inLanguage":"de","@id":"https:\/\/hakmarfrance.online\/de\/produit\/halal-kalbskotelett-suet-dana-pirzola\/#primaryimage","url":"https:\/\/hakmarfrance.online\/wp-content\/uploads\/2025\/06\/cotelettes-de-veau-sut-dana-pirzola-halal.jpeg","contentUrl":"https:\/\/hakmarfrance.online\/wp-content\/uploads\/2025\/06\/cotelettes-de-veau-sut-dana-pirzola-halal.jpeg","width":225,"height":225},{"@type":"BreadcrumbList","@id":"https:\/\/hakmarfrance.online\/de\/produit\/halal-kalbskotelett-suet-dana-pirzola\/#breadcrumb","itemListElement":[{"@type":"ListItem","position":1,"name":"Accueil","item":"https:\/\/hakmarfrance.online\/de\/"},{"@type":"ListItem","position":2,"name":"Shop","item":"https:\/\/hakmarfrance.online\/de\/shop\/"},{"@type":"ListItem","position":3,"name":"Halal-Kalbskotelett \u2013 S\u00fct Dana Pirzola"}]},{"@type":"WebSite","@id":"https:\/\/hakmarfrance.online\/de\/#website","url":"https:\/\/hakmarfrance.online\/de\/","name":"hakmarfrance.online","description":"","publisher":{"@id":"https:\/\/hakmarfrance.online\/de\/#organization"},"potentialAction":[{"@type":"SearchAction","target":{"@type":"EntryPoint","urlTemplate":"https:\/\/hakmarfrance.online\/de\/?s={search_term_string}"},"query-input":{"@type":"PropertyValueSpecification","valueRequired":true,"valueName":"search_term_string"}}],"inLanguage":"de"},{"@type":"Organization","@id":"https:\/\/hakmarfrance.online\/de\/#organization","name":"hakmarfrance.online","url":"https:\/\/hakmarfrance.online\/de\/","logo":{"@type":"ImageObject","inLanguage":"de","@id":"https:\/\/hakmarfrance.online\/de\/#\/schema\/logo\/image\/","url":"https:\/\/hakmarfrance.online\/wp-content\/uploads\/2025\/06\/logo-hakmarfrance.png","contentUrl":"https:\/\/hakmarfrance.online\/wp-content\/uploads\/2025\/06\/logo-hakmarfrance.png","width":528,"height":232,"caption":"hakmarfrance.online"},"image":{"@id":"https:\/\/hakmarfrance.online\/de\/#\/schema\/logo\/image\/"},"sameAs":["https:\/\/www.facebook.com\/HakmarFranceSupermarche\/?locale=fr_FR","https:\/\/www.instagram.com\/hakmarfrancesupermarche\/"]}]}},"_links":{"self":[{"href":"https:\/\/hakmarfrance.online\/de\/wp-json\/wp\/v2\/product\/17501","targetHints":{"allow":["GET"]}}],"collection":[{"href":"https:\/\/hakmarfrance.online\/de\/wp-json\/wp\/v2\/product"}],"about":[{"href":"https:\/\/hakmarfrance.online\/de\/wp-json\/wp\/v2\/types\/product"}],"replies":[{"embeddable":true,"href":"https:\/\/hakmarfrance.online\/de\/wp-json\/wp\/v2\/comments?post=17501"}],"version-history":[{"count":0,"href":"https:\/\/hakmarfrance.online\/de\/wp-json\/wp\/v2\/product\/17501\/revisions"}],"wp:featuredmedia":[{"embeddable":true,"href":"https:\/\/hakmarfrance.online\/de\/wp-json\/wp\/v2\/media\/17502"}],"wp:attachment":[{"href":"https:\/\/hakmarfrance.online\/de\/wp-json\/wp\/v2\/media?parent=17501"}],"wp:term":[{"taxonomy":"product_brand","embeddable":true,"href":"https:\/\/hakmarfrance.online\/de\/wp-json\/wp\/v2\/product_brand?post=17501"},{"taxonomy":"product_cat","embeddable":true,"href":"https:\/\/hakmarfrance.online\/de\/wp-json\/wp\/v2\/product_cat?post=17501"},{"taxonomy":"product_tag","embeddable":true,"href":"https:\/\/hakmarfrance.online\/de\/wp-json\/wp\/v2\/product_tag?post=17501"}],"curies":[{"name":"wp","href":"https:\/\/api.w.org\/{rel}","templated":true}]}}