{"id":17503,"date":"2025-06-13T10:56:51","date_gmt":"2025-06-13T10:56:51","guid":{"rendered":"https:\/\/hakmarfrance.online\/produit\/halal-lammbrust-kuzu-kaburga\/"},"modified":"2025-06-13T10:56:51","modified_gmt":"2025-06-13T10:56:51","slug":"halal-lammbrust-kuzu-kaburga","status":"publish","type":"product","link":"https:\/\/hakmarfrance.online\/de\/produit\/halal-lammbrust-kuzu-kaburga\/","title":{"rendered":"Halal Lammbrust \u2013 Kuzu Kaburga"},"content":{"rendered":"","protected":false},"excerpt":{"rendered":"<p data-start=\"450\" data-end=\"728\">Tauche ein in die Tradition mit unseren <strong data-start=\"485\" data-end=\"524\">Halal-Lammrippchen (Kuzu Kaburga)<\/strong>, sorgf\u00e4ltig zugeschnitten, um ihr volles Potenzial beim langsamen Garen oder Grillen zu entfalten. Dieses zarte und schmackhafte St\u00fcck ist ideal f\u00fcr deine Schmorgerichte, sommerlichen Grillabende oder sogar Ofenrezepte. <\/p>\n<p data-start=\"730\" data-end=\"896\">Dank des ausgewogenen Verh\u00e4ltnisses von Fleisch und Fett garantiert es ein saftiges Garergebnis und einen authentischen Geschmack, der in der orientalischen und mediterranen K\u00fcche gesch\u00e4tzt wird.<\/p>\n<p data-start=\"898\" data-end=\"983\">\ud83d\udd25 Perfekt f\u00fcr: Grill, Ofen, Schmortopf oder langsames Garen mit Gem\u00fcse und Gew\u00fcrzen.<\/p>\n<p data-start=\"985\" data-end=\"1160\">\u27a4 <strong data-start=\"987\" data-end=\"1032\">100 % Halal-Fleisch \u2013 frisch zugeschnitten<\/strong><br data-start=\"1090\" data-end=\"1093\">\u27a4 K\u00fchl lagern oder einfrieren<\/p>\n<p data-start=\"1162\" data-end=\"1251\">\ud83d\ude9a <strong data-start=\"1165\" data-end=\"1209\">Lokale Lieferung in Mulhouse und Umgebung<\/strong> \u2013 Frische garantiert bis an deine T\u00fcr.<\/p>\n<p data-start=\"1162\" data-end=\"1251\">\ud83d\udc49 <strong data-start=\"869\" data-end=\"921\">Das Fleisch in unserer Abteilung wird pro Kilo verkauft.<\/strong><\/p>\n","protected":false},"featured_media":17506,"comment_status":"open","ping_status":"closed","template":"","meta":{"iawp_total_views":0},"product_brand":[],"product_cat":[226,251,255,254,252],"product_tag":[],"class_list":{"0":"post-17503","1":"product","2":"type-product","3":"status-publish","4":"has-post-thumbnail","6":"product_cat-alle-unsere-produkte","7":"product_cat-fleisch-fisch-feinkost","8":"product_cat-frische-produkte-milchprodukte","9":"product_cat-frisches-fleisch-rind-lamm-huhn-2","10":"product_cat-halal-metzgerei","12":"first","13":"instock","14":"shipping-taxable","15":"purchasable","16":"product-type-simple"},"yoast_head":"<!-- This site is optimized with the Yoast SEO plugin v27.3 - https:\/\/yoast.com\/product\/yoast-seo-wordpress\/ -->\n<title>Halal Lammbrust \u2013 Kuzu Kaburga - hakmarfrance.online<\/title>\n<meta name=\"robots\" content=\"index, follow, max-snippet:-1, max-image-preview:large, max-video-preview:-1\" \/>\n<link rel=\"canonical\" href=\"https:\/\/hakmarfrance.online\/de\/produit\/halal-lammbrust-kuzu-kaburga\/\" \/>\n<meta property=\"og:locale\" content=\"de_DE\" \/>\n<meta property=\"og:type\" content=\"article\" \/>\n<meta property=\"og:title\" content=\"Halal Lammbrust \u2013 Kuzu Kaburga - hakmarfrance.online\" \/>\n<meta property=\"og:description\" content=\"Tauche ein in die Tradition mit unseren Halal-Lammrippchen (Kuzu Kaburga), sorgf\u00e4ltig zugeschnitten, um ihr volles Potenzial beim langsamen Garen oder Grillen zu entfalten. Dieses zarte und schmackhafte St\u00fcck ist ideal f\u00fcr deine Schmorgerichte, sommerlichen Grillabende oder sogar Ofenrezepte. Dank des ausgewogenen Verh\u00e4ltnisses von Fleisch und Fett garantiert es ein saftiges Garergebnis und einen authentischen Geschmack, der in der orientalischen und mediterranen K\u00fcche gesch\u00e4tzt wird. \ud83d\udd25 Perfekt f\u00fcr: Grill, Ofen, Schmortopf oder langsames Garen mit Gem\u00fcse und Gew\u00fcrzen. \u27a4 100 % Halal-Fleisch \u2013 frisch zugeschnitten\u27a4 K\u00fchl lagern oder einfrieren \ud83d\ude9a Lokale Lieferung in Mulhouse und Umgebung \u2013 Frische garantiert bis an deine T\u00fcr. \ud83d\udc49 Das Fleisch in unserer Abteilung wird pro Kilo verkauft.\" \/>\n<meta property=\"og:url\" content=\"https:\/\/hakmarfrance.online\/de\/produit\/halal-lammbrust-kuzu-kaburga\/\" \/>\n<meta property=\"og:site_name\" content=\"hakmarfrance.online\" \/>\n<meta property=\"article:publisher\" content=\"https:\/\/www.facebook.com\/HakmarFranceSupermarche\/?locale=fr_FR\" \/>\n<meta property=\"og:image\" content=\"https:\/\/hakmarfrance.online\/wp-content\/uploads\/2025\/06\/cotes-dagneau-kuzu-kaburga-halal-1-1.png\" \/>\n\t<meta property=\"og:image:width\" content=\"1000\" \/>\n\t<meta property=\"og:image:height\" content=\"800\" \/>\n\t<meta property=\"og:image:type\" content=\"image\/png\" \/>\n<meta name=\"twitter:card\" content=\"summary_large_image\" \/>\n<script type=\"application\/ld+json\" class=\"yoast-schema-graph\">{\"@context\":\"https:\\\/\\\/schema.org\",\"@graph\":[{\"@type\":\"WebPage\",\"@id\":\"https:\\\/\\\/hakmarfrance.online\\\/de\\\/produit\\\/halal-lammbrust-kuzu-kaburga\\\/\",\"url\":\"https:\\\/\\\/hakmarfrance.online\\\/de\\\/produit\\\/halal-lammbrust-kuzu-kaburga\\\/\",\"name\":\"Halal Lammbrust \u2013 Kuzu Kaburga - hakmarfrance.online\",\"isPartOf\":{\"@id\":\"https:\\\/\\\/hakmarfrance.online\\\/de\\\/#website\"},\"primaryImageOfPage\":{\"@id\":\"https:\\\/\\\/hakmarfrance.online\\\/de\\\/produit\\\/halal-lammbrust-kuzu-kaburga\\\/#primaryimage\"},\"image\":{\"@id\":\"https:\\\/\\\/hakmarfrance.online\\\/de\\\/produit\\\/halal-lammbrust-kuzu-kaburga\\\/#primaryimage\"},\"thumbnailUrl\":\"https:\\\/\\\/hakmarfrance.online\\\/wp-content\\\/uploads\\\/2025\\\/06\\\/cotes-dagneau-kuzu-kaburga-halal-1-1.png\",\"datePublished\":\"2025-06-13T10:56:51+00:00\",\"breadcrumb\":{\"@id\":\"https:\\\/\\\/hakmarfrance.online\\\/de\\\/produit\\\/halal-lammbrust-kuzu-kaburga\\\/#breadcrumb\"},\"inLanguage\":\"de\",\"potentialAction\":[{\"@type\":\"ReadAction\",\"target\":[\"https:\\\/\\\/hakmarfrance.online\\\/de\\\/produit\\\/halal-lammbrust-kuzu-kaburga\\\/\"]}]},{\"@type\":\"ImageObject\",\"inLanguage\":\"de\",\"@id\":\"https:\\\/\\\/hakmarfrance.online\\\/de\\\/produit\\\/halal-lammbrust-kuzu-kaburga\\\/#primaryimage\",\"url\":\"https:\\\/\\\/hakmarfrance.online\\\/wp-content\\\/uploads\\\/2025\\\/06\\\/cotes-dagneau-kuzu-kaburga-halal-1-1.png\",\"contentUrl\":\"https:\\\/\\\/hakmarfrance.online\\\/wp-content\\\/uploads\\\/2025\\\/06\\\/cotes-dagneau-kuzu-kaburga-halal-1-1.png\",\"width\":1000,\"height\":800},{\"@type\":\"BreadcrumbList\",\"@id\":\"https:\\\/\\\/hakmarfrance.online\\\/de\\\/produit\\\/halal-lammbrust-kuzu-kaburga\\\/#breadcrumb\",\"itemListElement\":[{\"@type\":\"ListItem\",\"position\":1,\"name\":\"Accueil\",\"item\":\"https:\\\/\\\/hakmarfrance.online\\\/de\\\/\"},{\"@type\":\"ListItem\",\"position\":2,\"name\":\"Shop\",\"item\":\"https:\\\/\\\/hakmarfrance.online\\\/de\\\/shop\\\/\"},{\"@type\":\"ListItem\",\"position\":3,\"name\":\"Halal Lammbrust \u2013 Kuzu Kaburga\"}]},{\"@type\":\"WebSite\",\"@id\":\"https:\\\/\\\/hakmarfrance.online\\\/de\\\/#website\",\"url\":\"https:\\\/\\\/hakmarfrance.online\\\/de\\\/\",\"name\":\"hakmarfrance.online\",\"description\":\"\",\"publisher\":{\"@id\":\"https:\\\/\\\/hakmarfrance.online\\\/de\\\/#organization\"},\"potentialAction\":[{\"@type\":\"SearchAction\",\"target\":{\"@type\":\"EntryPoint\",\"urlTemplate\":\"https:\\\/\\\/hakmarfrance.online\\\/de\\\/?s={search_term_string}\"},\"query-input\":{\"@type\":\"PropertyValueSpecification\",\"valueRequired\":true,\"valueName\":\"search_term_string\"}}],\"inLanguage\":\"de\"},{\"@type\":\"Organization\",\"@id\":\"https:\\\/\\\/hakmarfrance.online\\\/de\\\/#organization\",\"name\":\"hakmarfrance.online\",\"url\":\"https:\\\/\\\/hakmarfrance.online\\\/de\\\/\",\"logo\":{\"@type\":\"ImageObject\",\"inLanguage\":\"de\",\"@id\":\"https:\\\/\\\/hakmarfrance.online\\\/de\\\/#\\\/schema\\\/logo\\\/image\\\/\",\"url\":\"https:\\\/\\\/hakmarfrance.online\\\/wp-content\\\/uploads\\\/2025\\\/06\\\/logo-hakmarfrance.png\",\"contentUrl\":\"https:\\\/\\\/hakmarfrance.online\\\/wp-content\\\/uploads\\\/2025\\\/06\\\/logo-hakmarfrance.png\",\"width\":528,\"height\":232,\"caption\":\"hakmarfrance.online\"},\"image\":{\"@id\":\"https:\\\/\\\/hakmarfrance.online\\\/de\\\/#\\\/schema\\\/logo\\\/image\\\/\"},\"sameAs\":[\"https:\\\/\\\/www.facebook.com\\\/HakmarFranceSupermarche\\\/?locale=fr_FR\",\"https:\\\/\\\/www.instagram.com\\\/hakmarfrancesupermarche\\\/\"]}]}<\/script>\n<!-- \/ Yoast SEO plugin. -->","yoast_head_json":{"title":"Halal Lammbrust \u2013 Kuzu Kaburga - hakmarfrance.online","robots":{"index":"index","follow":"follow","max-snippet":"max-snippet:-1","max-image-preview":"max-image-preview:large","max-video-preview":"max-video-preview:-1"},"canonical":"https:\/\/hakmarfrance.online\/de\/produit\/halal-lammbrust-kuzu-kaburga\/","og_locale":"de_DE","og_type":"article","og_title":"Halal Lammbrust \u2013 Kuzu Kaburga - hakmarfrance.online","og_description":"Tauche ein in die Tradition mit unseren Halal-Lammrippchen (Kuzu Kaburga), sorgf\u00e4ltig zugeschnitten, um ihr volles Potenzial beim langsamen Garen oder Grillen zu entfalten. Dieses zarte und schmackhafte St\u00fcck ist ideal f\u00fcr deine Schmorgerichte, sommerlichen Grillabende oder sogar Ofenrezepte. Dank des ausgewogenen Verh\u00e4ltnisses von Fleisch und Fett garantiert es ein saftiges Garergebnis und einen authentischen Geschmack, der in der orientalischen und mediterranen K\u00fcche gesch\u00e4tzt wird. \ud83d\udd25 Perfekt f\u00fcr: Grill, Ofen, Schmortopf oder langsames Garen mit Gem\u00fcse und Gew\u00fcrzen. \u27a4 100 % Halal-Fleisch \u2013 frisch zugeschnitten\u27a4 K\u00fchl lagern oder einfrieren \ud83d\ude9a Lokale Lieferung in Mulhouse und Umgebung \u2013 Frische garantiert bis an deine T\u00fcr. \ud83d\udc49 Das Fleisch in unserer Abteilung wird pro Kilo verkauft.","og_url":"https:\/\/hakmarfrance.online\/de\/produit\/halal-lammbrust-kuzu-kaburga\/","og_site_name":"hakmarfrance.online","article_publisher":"https:\/\/www.facebook.com\/HakmarFranceSupermarche\/?locale=fr_FR","og_image":[{"width":1000,"height":800,"url":"https:\/\/hakmarfrance.online\/wp-content\/uploads\/2025\/06\/cotes-dagneau-kuzu-kaburga-halal-1-1.png","type":"image\/png"}],"twitter_card":"summary_large_image","schema":{"@context":"https:\/\/schema.org","@graph":[{"@type":"WebPage","@id":"https:\/\/hakmarfrance.online\/de\/produit\/halal-lammbrust-kuzu-kaburga\/","url":"https:\/\/hakmarfrance.online\/de\/produit\/halal-lammbrust-kuzu-kaburga\/","name":"Halal Lammbrust \u2013 Kuzu Kaburga - hakmarfrance.online","isPartOf":{"@id":"https:\/\/hakmarfrance.online\/de\/#website"},"primaryImageOfPage":{"@id":"https:\/\/hakmarfrance.online\/de\/produit\/halal-lammbrust-kuzu-kaburga\/#primaryimage"},"image":{"@id":"https:\/\/hakmarfrance.online\/de\/produit\/halal-lammbrust-kuzu-kaburga\/#primaryimage"},"thumbnailUrl":"https:\/\/hakmarfrance.online\/wp-content\/uploads\/2025\/06\/cotes-dagneau-kuzu-kaburga-halal-1-1.png","datePublished":"2025-06-13T10:56:51+00:00","breadcrumb":{"@id":"https:\/\/hakmarfrance.online\/de\/produit\/halal-lammbrust-kuzu-kaburga\/#breadcrumb"},"inLanguage":"de","potentialAction":[{"@type":"ReadAction","target":["https:\/\/hakmarfrance.online\/de\/produit\/halal-lammbrust-kuzu-kaburga\/"]}]},{"@type":"ImageObject","inLanguage":"de","@id":"https:\/\/hakmarfrance.online\/de\/produit\/halal-lammbrust-kuzu-kaburga\/#primaryimage","url":"https:\/\/hakmarfrance.online\/wp-content\/uploads\/2025\/06\/cotes-dagneau-kuzu-kaburga-halal-1-1.png","contentUrl":"https:\/\/hakmarfrance.online\/wp-content\/uploads\/2025\/06\/cotes-dagneau-kuzu-kaburga-halal-1-1.png","width":1000,"height":800},{"@type":"BreadcrumbList","@id":"https:\/\/hakmarfrance.online\/de\/produit\/halal-lammbrust-kuzu-kaburga\/#breadcrumb","itemListElement":[{"@type":"ListItem","position":1,"name":"Accueil","item":"https:\/\/hakmarfrance.online\/de\/"},{"@type":"ListItem","position":2,"name":"Shop","item":"https:\/\/hakmarfrance.online\/de\/shop\/"},{"@type":"ListItem","position":3,"name":"Halal Lammbrust \u2013 Kuzu Kaburga"}]},{"@type":"WebSite","@id":"https:\/\/hakmarfrance.online\/de\/#website","url":"https:\/\/hakmarfrance.online\/de\/","name":"hakmarfrance.online","description":"","publisher":{"@id":"https:\/\/hakmarfrance.online\/de\/#organization"},"potentialAction":[{"@type":"SearchAction","target":{"@type":"EntryPoint","urlTemplate":"https:\/\/hakmarfrance.online\/de\/?s={search_term_string}"},"query-input":{"@type":"PropertyValueSpecification","valueRequired":true,"valueName":"search_term_string"}}],"inLanguage":"de"},{"@type":"Organization","@id":"https:\/\/hakmarfrance.online\/de\/#organization","name":"hakmarfrance.online","url":"https:\/\/hakmarfrance.online\/de\/","logo":{"@type":"ImageObject","inLanguage":"de","@id":"https:\/\/hakmarfrance.online\/de\/#\/schema\/logo\/image\/","url":"https:\/\/hakmarfrance.online\/wp-content\/uploads\/2025\/06\/logo-hakmarfrance.png","contentUrl":"https:\/\/hakmarfrance.online\/wp-content\/uploads\/2025\/06\/logo-hakmarfrance.png","width":528,"height":232,"caption":"hakmarfrance.online"},"image":{"@id":"https:\/\/hakmarfrance.online\/de\/#\/schema\/logo\/image\/"},"sameAs":["https:\/\/www.facebook.com\/HakmarFranceSupermarche\/?locale=fr_FR","https:\/\/www.instagram.com\/hakmarfrancesupermarche\/"]}]}},"_links":{"self":[{"href":"https:\/\/hakmarfrance.online\/de\/wp-json\/wp\/v2\/product\/17503","targetHints":{"allow":["GET"]}}],"collection":[{"href":"https:\/\/hakmarfrance.online\/de\/wp-json\/wp\/v2\/product"}],"about":[{"href":"https:\/\/hakmarfrance.online\/de\/wp-json\/wp\/v2\/types\/product"}],"replies":[{"embeddable":true,"href":"https:\/\/hakmarfrance.online\/de\/wp-json\/wp\/v2\/comments?post=17503"}],"version-history":[{"count":0,"href":"https:\/\/hakmarfrance.online\/de\/wp-json\/wp\/v2\/product\/17503\/revisions"}],"wp:featuredmedia":[{"embeddable":true,"href":"https:\/\/hakmarfrance.online\/de\/wp-json\/wp\/v2\/media\/17506"}],"wp:attachment":[{"href":"https:\/\/hakmarfrance.online\/de\/wp-json\/wp\/v2\/media?parent=17503"}],"wp:term":[{"taxonomy":"product_brand","embeddable":true,"href":"https:\/\/hakmarfrance.online\/de\/wp-json\/wp\/v2\/product_brand?post=17503"},{"taxonomy":"product_cat","embeddable":true,"href":"https:\/\/hakmarfrance.online\/de\/wp-json\/wp\/v2\/product_cat?post=17503"},{"taxonomy":"product_tag","embeddable":true,"href":"https:\/\/hakmarfrance.online\/de\/wp-json\/wp\/v2\/product_tag?post=17503"}],"curies":[{"name":"wp","href":"https:\/\/api.w.org\/{rel}","templated":true}]}}