{"id":17509,"date":"2025-06-13T10:50:18","date_gmt":"2025-06-13T10:50:18","guid":{"rendered":"https:\/\/hakmarfrance.online\/produit\/halal-lammkoteletts-kuzu-pirzola\/"},"modified":"2025-06-13T10:50:18","modified_gmt":"2025-06-13T10:50:18","slug":"halal-lammkoteletts-kuzu-pirzola","status":"publish","type":"product","link":"https:\/\/hakmarfrance.online\/de\/produit\/halal-lammkoteletts-kuzu-pirzola\/","title":{"rendered":"Halal Lammkoteletts \u2013 Kuzu Pirzola"},"content":{"rendered":"","protected":false},"excerpt":{"rendered":"<p data-start=\"426\" data-end=\"677\">Genie\u00dfe die unvergleichlichen <strong data-start=\"452\" data-end=\"468\">Kuzu Pirzola<\/strong>, diese <strong data-start=\"474\" data-end=\"503\">Halal-Lammkoteletts<\/strong>, bekannt f\u00fcr ihre Zartheit und ihren raffinierten Geschmack. Ideal f\u00fcr Liebhaber von schmackhaftem Fleisch, eignen sie sich f\u00fcr alle Zubereitungsarten: Grill, Pfanne, Ofen oder Plancha. <\/p>\n<p data-start=\"679\" data-end=\"797\">Sorgf\u00e4ltig zugeschnitten, bieten sie eine gute Balance zwischen Fleisch und Fett f\u00fcr ein perfektes Garen, ohne auszutrocknen.<\/p>\n<p data-start=\"799\" data-end=\"927\">\ud83c\udf74 Tipp: Mariniere sie mit Oliven\u00f6l, Zitrone, Knoblauch und Rosmarin f\u00fcr einen noch unwiderstehlicheren Geschmack.<\/p>\n<p data-start=\"929\" data-end=\"1088\">\u27a4 <strong data-start=\"931\" data-end=\"978\">100 % Halal-Fleisch<\/strong><br data-start=\"1014\" data-end=\"1017\">\u27a4 Schnell verbrauchen oder einfrieren<\/p>\n<p data-start=\"1090\" data-end=\"1171\">\ud83d\ude9a <strong data-start=\"1093\" data-end=\"1137\">Lokale Lieferung in Mulhouse und Umgebung<\/strong> \u2013 Frische und Qualit\u00e4t garantiert.<\/p>\n<p data-start=\"1090\" data-end=\"1171\">\ud83d\udc49 <strong data-start=\"869\" data-end=\"921\">Das Fleisch in unserer Abteilung wird pro Kilo verkauft.<\/strong><\/p>\n","protected":false},"featured_media":18591,"comment_status":"open","ping_status":"closed","template":"","meta":{"iawp_total_views":0},"product_brand":[],"product_cat":[226,251,254,252],"product_tag":[],"class_list":{"0":"post-17509","1":"product","2":"type-product","3":"status-publish","4":"has-post-thumbnail","6":"product_cat-alle-unsere-produkte","7":"product_cat-fleisch-fisch-feinkost","8":"product_cat-frisches-fleisch-rind-lamm-huhn-2","9":"product_cat-halal-metzgerei","11":"first","12":"instock","13":"shipping-taxable","14":"purchasable","15":"product-type-simple"},"yoast_head":"<!-- This site is optimized with the Yoast SEO plugin v27.3 - https:\/\/yoast.com\/product\/yoast-seo-wordpress\/ -->\n<title>Halal Lammkoteletts \u2013 Kuzu Pirzola - hakmarfrance.online<\/title>\n<meta name=\"robots\" content=\"index, follow, max-snippet:-1, max-image-preview:large, max-video-preview:-1\" \/>\n<link rel=\"canonical\" href=\"https:\/\/hakmarfrance.online\/de\/produit\/halal-lammkoteletts-kuzu-pirzola\/\" \/>\n<meta property=\"og:locale\" content=\"de_DE\" \/>\n<meta property=\"og:type\" content=\"article\" \/>\n<meta property=\"og:title\" content=\"Halal Lammkoteletts \u2013 Kuzu Pirzola - hakmarfrance.online\" \/>\n<meta property=\"og:description\" content=\"Genie\u00dfe die unvergleichlichen Kuzu Pirzola, diese Halal-Lammkoteletts, bekannt f\u00fcr ihre Zartheit und ihren raffinierten Geschmack. Ideal f\u00fcr Liebhaber von schmackhaftem Fleisch, eignen sie sich f\u00fcr alle Zubereitungsarten: Grill, Pfanne, Ofen oder Plancha. Sorgf\u00e4ltig zugeschnitten, bieten sie eine gute Balance zwischen Fleisch und Fett f\u00fcr ein perfektes Garen, ohne auszutrocknen. \ud83c\udf74 Tipp: Mariniere sie mit Oliven\u00f6l, Zitrone, Knoblauch und Rosmarin f\u00fcr einen noch unwiderstehlicheren Geschmack. \u27a4 100 % Halal-Fleisch\u27a4 Schnell verbrauchen oder einfrieren \ud83d\ude9a Lokale Lieferung in Mulhouse und Umgebung \u2013 Frische und Qualit\u00e4t garantiert. \ud83d\udc49 Das Fleisch in unserer Abteilung wird pro Kilo verkauft.\" \/>\n<meta property=\"og:url\" content=\"https:\/\/hakmarfrance.online\/de\/produit\/halal-lammkoteletts-kuzu-pirzola\/\" \/>\n<meta property=\"og:site_name\" content=\"hakmarfrance.online\" \/>\n<meta property=\"article:publisher\" content=\"https:\/\/www.facebook.com\/HakmarFranceSupermarche\/?locale=fr_FR\" \/>\n<meta property=\"og:image\" content=\"https:\/\/hakmarfrance.online\/wp-content\/uploads\/2025\/06\/cotelettes-dagneau-kuzu-pirzola-halal-1.png\" \/>\n\t<meta property=\"og:image:width\" content=\"1000\" \/>\n\t<meta property=\"og:image:height\" content=\"800\" \/>\n\t<meta property=\"og:image:type\" content=\"image\/png\" \/>\n<meta name=\"twitter:card\" content=\"summary_large_image\" \/>\n<script type=\"application\/ld+json\" class=\"yoast-schema-graph\">{\"@context\":\"https:\\\/\\\/schema.org\",\"@graph\":[{\"@type\":\"WebPage\",\"@id\":\"https:\\\/\\\/hakmarfrance.online\\\/de\\\/produit\\\/halal-lammkoteletts-kuzu-pirzola\\\/\",\"url\":\"https:\\\/\\\/hakmarfrance.online\\\/de\\\/produit\\\/halal-lammkoteletts-kuzu-pirzola\\\/\",\"name\":\"Halal Lammkoteletts \u2013 Kuzu Pirzola - hakmarfrance.online\",\"isPartOf\":{\"@id\":\"https:\\\/\\\/hakmarfrance.online\\\/de\\\/#website\"},\"primaryImageOfPage\":{\"@id\":\"https:\\\/\\\/hakmarfrance.online\\\/de\\\/produit\\\/halal-lammkoteletts-kuzu-pirzola\\\/#primaryimage\"},\"image\":{\"@id\":\"https:\\\/\\\/hakmarfrance.online\\\/de\\\/produit\\\/halal-lammkoteletts-kuzu-pirzola\\\/#primaryimage\"},\"thumbnailUrl\":\"https:\\\/\\\/hakmarfrance.online\\\/wp-content\\\/uploads\\\/2025\\\/06\\\/cotelettes-dagneau-kuzu-pirzola-halal-1.png\",\"datePublished\":\"2025-06-13T10:50:18+00:00\",\"breadcrumb\":{\"@id\":\"https:\\\/\\\/hakmarfrance.online\\\/de\\\/produit\\\/halal-lammkoteletts-kuzu-pirzola\\\/#breadcrumb\"},\"inLanguage\":\"de\",\"potentialAction\":[{\"@type\":\"ReadAction\",\"target\":[\"https:\\\/\\\/hakmarfrance.online\\\/de\\\/produit\\\/halal-lammkoteletts-kuzu-pirzola\\\/\"]}]},{\"@type\":\"ImageObject\",\"inLanguage\":\"de\",\"@id\":\"https:\\\/\\\/hakmarfrance.online\\\/de\\\/produit\\\/halal-lammkoteletts-kuzu-pirzola\\\/#primaryimage\",\"url\":\"https:\\\/\\\/hakmarfrance.online\\\/wp-content\\\/uploads\\\/2025\\\/06\\\/cotelettes-dagneau-kuzu-pirzola-halal-1.png\",\"contentUrl\":\"https:\\\/\\\/hakmarfrance.online\\\/wp-content\\\/uploads\\\/2025\\\/06\\\/cotelettes-dagneau-kuzu-pirzola-halal-1.png\",\"width\":1000,\"height\":800},{\"@type\":\"BreadcrumbList\",\"@id\":\"https:\\\/\\\/hakmarfrance.online\\\/de\\\/produit\\\/halal-lammkoteletts-kuzu-pirzola\\\/#breadcrumb\",\"itemListElement\":[{\"@type\":\"ListItem\",\"position\":1,\"name\":\"Accueil\",\"item\":\"https:\\\/\\\/hakmarfrance.online\\\/de\\\/\"},{\"@type\":\"ListItem\",\"position\":2,\"name\":\"Shop\",\"item\":\"https:\\\/\\\/hakmarfrance.online\\\/de\\\/shop\\\/\"},{\"@type\":\"ListItem\",\"position\":3,\"name\":\"Halal Lammkoteletts \u2013 Kuzu Pirzola\"}]},{\"@type\":\"WebSite\",\"@id\":\"https:\\\/\\\/hakmarfrance.online\\\/de\\\/#website\",\"url\":\"https:\\\/\\\/hakmarfrance.online\\\/de\\\/\",\"name\":\"hakmarfrance.online\",\"description\":\"\",\"publisher\":{\"@id\":\"https:\\\/\\\/hakmarfrance.online\\\/de\\\/#organization\"},\"potentialAction\":[{\"@type\":\"SearchAction\",\"target\":{\"@type\":\"EntryPoint\",\"urlTemplate\":\"https:\\\/\\\/hakmarfrance.online\\\/de\\\/?s={search_term_string}\"},\"query-input\":{\"@type\":\"PropertyValueSpecification\",\"valueRequired\":true,\"valueName\":\"search_term_string\"}}],\"inLanguage\":\"de\"},{\"@type\":\"Organization\",\"@id\":\"https:\\\/\\\/hakmarfrance.online\\\/de\\\/#organization\",\"name\":\"hakmarfrance.online\",\"url\":\"https:\\\/\\\/hakmarfrance.online\\\/de\\\/\",\"logo\":{\"@type\":\"ImageObject\",\"inLanguage\":\"de\",\"@id\":\"https:\\\/\\\/hakmarfrance.online\\\/de\\\/#\\\/schema\\\/logo\\\/image\\\/\",\"url\":\"https:\\\/\\\/hakmarfrance.online\\\/wp-content\\\/uploads\\\/2025\\\/06\\\/logo-hakmarfrance.png\",\"contentUrl\":\"https:\\\/\\\/hakmarfrance.online\\\/wp-content\\\/uploads\\\/2025\\\/06\\\/logo-hakmarfrance.png\",\"width\":528,\"height\":232,\"caption\":\"hakmarfrance.online\"},\"image\":{\"@id\":\"https:\\\/\\\/hakmarfrance.online\\\/de\\\/#\\\/schema\\\/logo\\\/image\\\/\"},\"sameAs\":[\"https:\\\/\\\/www.facebook.com\\\/HakmarFranceSupermarche\\\/?locale=fr_FR\",\"https:\\\/\\\/www.instagram.com\\\/hakmarfrancesupermarche\\\/\"]}]}<\/script>\n<!-- \/ Yoast SEO plugin. -->","yoast_head_json":{"title":"Halal Lammkoteletts \u2013 Kuzu Pirzola - hakmarfrance.online","robots":{"index":"index","follow":"follow","max-snippet":"max-snippet:-1","max-image-preview":"max-image-preview:large","max-video-preview":"max-video-preview:-1"},"canonical":"https:\/\/hakmarfrance.online\/de\/produit\/halal-lammkoteletts-kuzu-pirzola\/","og_locale":"de_DE","og_type":"article","og_title":"Halal Lammkoteletts \u2013 Kuzu Pirzola - hakmarfrance.online","og_description":"Genie\u00dfe die unvergleichlichen Kuzu Pirzola, diese Halal-Lammkoteletts, bekannt f\u00fcr ihre Zartheit und ihren raffinierten Geschmack. Ideal f\u00fcr Liebhaber von schmackhaftem Fleisch, eignen sie sich f\u00fcr alle Zubereitungsarten: Grill, Pfanne, Ofen oder Plancha. Sorgf\u00e4ltig zugeschnitten, bieten sie eine gute Balance zwischen Fleisch und Fett f\u00fcr ein perfektes Garen, ohne auszutrocknen. \ud83c\udf74 Tipp: Mariniere sie mit Oliven\u00f6l, Zitrone, Knoblauch und Rosmarin f\u00fcr einen noch unwiderstehlicheren Geschmack. \u27a4 100 % Halal-Fleisch\u27a4 Schnell verbrauchen oder einfrieren \ud83d\ude9a Lokale Lieferung in Mulhouse und Umgebung \u2013 Frische und Qualit\u00e4t garantiert. \ud83d\udc49 Das Fleisch in unserer Abteilung wird pro Kilo verkauft.","og_url":"https:\/\/hakmarfrance.online\/de\/produit\/halal-lammkoteletts-kuzu-pirzola\/","og_site_name":"hakmarfrance.online","article_publisher":"https:\/\/www.facebook.com\/HakmarFranceSupermarche\/?locale=fr_FR","og_image":[{"width":1000,"height":800,"url":"https:\/\/hakmarfrance.online\/wp-content\/uploads\/2025\/06\/cotelettes-dagneau-kuzu-pirzola-halal-1.png","type":"image\/png"}],"twitter_card":"summary_large_image","schema":{"@context":"https:\/\/schema.org","@graph":[{"@type":"WebPage","@id":"https:\/\/hakmarfrance.online\/de\/produit\/halal-lammkoteletts-kuzu-pirzola\/","url":"https:\/\/hakmarfrance.online\/de\/produit\/halal-lammkoteletts-kuzu-pirzola\/","name":"Halal Lammkoteletts \u2013 Kuzu Pirzola - hakmarfrance.online","isPartOf":{"@id":"https:\/\/hakmarfrance.online\/de\/#website"},"primaryImageOfPage":{"@id":"https:\/\/hakmarfrance.online\/de\/produit\/halal-lammkoteletts-kuzu-pirzola\/#primaryimage"},"image":{"@id":"https:\/\/hakmarfrance.online\/de\/produit\/halal-lammkoteletts-kuzu-pirzola\/#primaryimage"},"thumbnailUrl":"https:\/\/hakmarfrance.online\/wp-content\/uploads\/2025\/06\/cotelettes-dagneau-kuzu-pirzola-halal-1.png","datePublished":"2025-06-13T10:50:18+00:00","breadcrumb":{"@id":"https:\/\/hakmarfrance.online\/de\/produit\/halal-lammkoteletts-kuzu-pirzola\/#breadcrumb"},"inLanguage":"de","potentialAction":[{"@type":"ReadAction","target":["https:\/\/hakmarfrance.online\/de\/produit\/halal-lammkoteletts-kuzu-pirzola\/"]}]},{"@type":"ImageObject","inLanguage":"de","@id":"https:\/\/hakmarfrance.online\/de\/produit\/halal-lammkoteletts-kuzu-pirzola\/#primaryimage","url":"https:\/\/hakmarfrance.online\/wp-content\/uploads\/2025\/06\/cotelettes-dagneau-kuzu-pirzola-halal-1.png","contentUrl":"https:\/\/hakmarfrance.online\/wp-content\/uploads\/2025\/06\/cotelettes-dagneau-kuzu-pirzola-halal-1.png","width":1000,"height":800},{"@type":"BreadcrumbList","@id":"https:\/\/hakmarfrance.online\/de\/produit\/halal-lammkoteletts-kuzu-pirzola\/#breadcrumb","itemListElement":[{"@type":"ListItem","position":1,"name":"Accueil","item":"https:\/\/hakmarfrance.online\/de\/"},{"@type":"ListItem","position":2,"name":"Shop","item":"https:\/\/hakmarfrance.online\/de\/shop\/"},{"@type":"ListItem","position":3,"name":"Halal Lammkoteletts \u2013 Kuzu Pirzola"}]},{"@type":"WebSite","@id":"https:\/\/hakmarfrance.online\/de\/#website","url":"https:\/\/hakmarfrance.online\/de\/","name":"hakmarfrance.online","description":"","publisher":{"@id":"https:\/\/hakmarfrance.online\/de\/#organization"},"potentialAction":[{"@type":"SearchAction","target":{"@type":"EntryPoint","urlTemplate":"https:\/\/hakmarfrance.online\/de\/?s={search_term_string}"},"query-input":{"@type":"PropertyValueSpecification","valueRequired":true,"valueName":"search_term_string"}}],"inLanguage":"de"},{"@type":"Organization","@id":"https:\/\/hakmarfrance.online\/de\/#organization","name":"hakmarfrance.online","url":"https:\/\/hakmarfrance.online\/de\/","logo":{"@type":"ImageObject","inLanguage":"de","@id":"https:\/\/hakmarfrance.online\/de\/#\/schema\/logo\/image\/","url":"https:\/\/hakmarfrance.online\/wp-content\/uploads\/2025\/06\/logo-hakmarfrance.png","contentUrl":"https:\/\/hakmarfrance.online\/wp-content\/uploads\/2025\/06\/logo-hakmarfrance.png","width":528,"height":232,"caption":"hakmarfrance.online"},"image":{"@id":"https:\/\/hakmarfrance.online\/de\/#\/schema\/logo\/image\/"},"sameAs":["https:\/\/www.facebook.com\/HakmarFranceSupermarche\/?locale=fr_FR","https:\/\/www.instagram.com\/hakmarfrancesupermarche\/"]}]}},"_links":{"self":[{"href":"https:\/\/hakmarfrance.online\/de\/wp-json\/wp\/v2\/product\/17509","targetHints":{"allow":["GET"]}}],"collection":[{"href":"https:\/\/hakmarfrance.online\/de\/wp-json\/wp\/v2\/product"}],"about":[{"href":"https:\/\/hakmarfrance.online\/de\/wp-json\/wp\/v2\/types\/product"}],"replies":[{"embeddable":true,"href":"https:\/\/hakmarfrance.online\/de\/wp-json\/wp\/v2\/comments?post=17509"}],"version-history":[{"count":0,"href":"https:\/\/hakmarfrance.online\/de\/wp-json\/wp\/v2\/product\/17509\/revisions"}],"wp:featuredmedia":[{"embeddable":true,"href":"https:\/\/hakmarfrance.online\/de\/wp-json\/wp\/v2\/media\/18591"}],"wp:attachment":[{"href":"https:\/\/hakmarfrance.online\/de\/wp-json\/wp\/v2\/media?parent=17509"}],"wp:term":[{"taxonomy":"product_brand","embeddable":true,"href":"https:\/\/hakmarfrance.online\/de\/wp-json\/wp\/v2\/product_brand?post=17509"},{"taxonomy":"product_cat","embeddable":true,"href":"https:\/\/hakmarfrance.online\/de\/wp-json\/wp\/v2\/product_cat?post=17509"},{"taxonomy":"product_tag","embeddable":true,"href":"https:\/\/hakmarfrance.online\/de\/wp-json\/wp\/v2\/product_tag?post=17509"}],"curies":[{"name":"wp","href":"https:\/\/api.w.org\/{rel}","templated":true}]}}