{"id":17511,"date":"2025-06-13T10:51:21","date_gmt":"2025-06-13T10:51:21","guid":{"rendered":"https:\/\/hakmarfrance.online\/produit\/halal-lammhaxe-kuzu-incik\/"},"modified":"2025-06-13T10:51:21","modified_gmt":"2025-06-13T10:51:21","slug":"halal-lammhaxe-kuzu-incik","status":"publish","type":"product","link":"https:\/\/hakmarfrance.online\/de\/produit\/halal-lammhaxe-kuzu-incik\/","title":{"rendered":"Halal-Lammhaxe \u2013 Kuzu Incik"},"content":{"rendered":"","protected":false},"excerpt":{"rendered":"<p data-start=\"433\" data-end=\"695\">Entdecke die <strong data-start=\"446\" data-end=\"484\">Halal-Lammhaxe (Kuzu Incik)<\/strong>, ein edles St\u00fcck, das f\u00fcr seine au\u00dfergew\u00f6hnliche Zartheit nach langsamem Garen gesch\u00e4tzt wird. Ideal f\u00fcr deine traditionellen Rezepte, Schmorgerichte, Couscous oder Tajines, wird dieses gro\u00dfz\u00fcgige St\u00fcck zartschmelzend und voller Geschmack. <\/p>\n<p data-start=\"697\" data-end=\"820\">\ud83d\udc68\u200d\ud83c\udf73 Tipp: langes Garen im Ofen oder im Schmortopf mit Gem\u00fcse, Knoblauch, Zwiebeln und Kr\u00e4utern f\u00fcr ein w\u00e4rmendes Familiengericht.<\/p>\n<p data-start=\"822\" data-end=\"959\">\u27a4 <strong data-start=\"824\" data-end=\"864\">100 % Halal-Fleisch \u2013 kochfertig<\/strong><br data-start=\"929\" data-end=\"932\">\u27a4 Zum Einfrieren geeignet<\/p>\n<p data-start=\"961\" data-end=\"1062\">\ud83d\udce6 Lieferung nach Hause in <strong data-start=\"989\" data-end=\"1013\">M\u00fclhausen und Umgebung<\/strong> \u2013 Frische garantiert, Metzgerqualit\u00e4t.<\/p>\n<p data-start=\"961\" data-end=\"1062\">\ud83d\udc49 <strong data-start=\"869\" data-end=\"921\">Das Fleisch in unserer Abteilung wird pro Kilo verkauft.<\/strong><\/p>\n","protected":false},"featured_media":17512,"comment_status":"open","ping_status":"closed","template":"","meta":{"iawp_total_views":0},"product_brand":[],"product_cat":[226,251,254,252],"product_tag":[],"class_list":{"0":"post-17511","1":"product","2":"type-product","3":"status-publish","4":"has-post-thumbnail","6":"product_cat-alle-unsere-produkte","7":"product_cat-fleisch-fisch-feinkost","8":"product_cat-frisches-fleisch-rind-lamm-huhn-2","9":"product_cat-halal-metzgerei","11":"first","12":"instock","13":"shipping-taxable","14":"purchasable","15":"product-type-simple"},"yoast_head":"<!-- This site is optimized with the Yoast SEO plugin v27.3 - https:\/\/yoast.com\/product\/yoast-seo-wordpress\/ -->\n<title>Halal-Lammhaxe \u2013 Kuzu Incik - hakmarfrance.online<\/title>\n<meta name=\"robots\" content=\"index, follow, max-snippet:-1, max-image-preview:large, max-video-preview:-1\" \/>\n<link rel=\"canonical\" href=\"https:\/\/hakmarfrance.online\/de\/produit\/halal-lammhaxe-kuzu-incik\/\" \/>\n<meta property=\"og:locale\" content=\"de_DE\" \/>\n<meta property=\"og:type\" content=\"article\" \/>\n<meta property=\"og:title\" content=\"Halal-Lammhaxe \u2013 Kuzu Incik - hakmarfrance.online\" \/>\n<meta property=\"og:description\" content=\"Entdecke die Halal-Lammhaxe (Kuzu Incik), ein edles St\u00fcck, das f\u00fcr seine au\u00dfergew\u00f6hnliche Zartheit nach langsamem Garen gesch\u00e4tzt wird. Ideal f\u00fcr deine traditionellen Rezepte, Schmorgerichte, Couscous oder Tajines, wird dieses gro\u00dfz\u00fcgige St\u00fcck zartschmelzend und voller Geschmack. \ud83d\udc68\u200d\ud83c\udf73 Tipp: langes Garen im Ofen oder im Schmortopf mit Gem\u00fcse, Knoblauch, Zwiebeln und Kr\u00e4utern f\u00fcr ein w\u00e4rmendes Familiengericht. \u27a4 100 % Halal-Fleisch \u2013 kochfertig\u27a4 Zum Einfrieren geeignet \ud83d\udce6 Lieferung nach Hause in M\u00fclhausen und Umgebung \u2013 Frische garantiert, Metzgerqualit\u00e4t. \ud83d\udc49 Das Fleisch in unserer Abteilung wird pro Kilo verkauft.\" \/>\n<meta property=\"og:url\" content=\"https:\/\/hakmarfrance.online\/de\/produit\/halal-lammhaxe-kuzu-incik\/\" \/>\n<meta property=\"og:site_name\" content=\"hakmarfrance.online\" \/>\n<meta property=\"article:publisher\" content=\"https:\/\/www.facebook.com\/HakmarFranceSupermarche\/?locale=fr_FR\" \/>\n<meta property=\"og:image\" content=\"https:\/\/hakmarfrance.online\/wp-content\/uploads\/2025\/06\/jarret-dagneau-kuzu-incik-halal.png\" \/>\n\t<meta property=\"og:image:width\" content=\"500\" \/>\n\t<meta property=\"og:image:height\" content=\"500\" \/>\n\t<meta property=\"og:image:type\" content=\"image\/png\" \/>\n<meta name=\"twitter:card\" content=\"summary_large_image\" \/>\n<script type=\"application\/ld+json\" class=\"yoast-schema-graph\">{\"@context\":\"https:\\\/\\\/schema.org\",\"@graph\":[{\"@type\":\"WebPage\",\"@id\":\"https:\\\/\\\/hakmarfrance.online\\\/de\\\/produit\\\/halal-lammhaxe-kuzu-incik\\\/\",\"url\":\"https:\\\/\\\/hakmarfrance.online\\\/de\\\/produit\\\/halal-lammhaxe-kuzu-incik\\\/\",\"name\":\"Halal-Lammhaxe \u2013 Kuzu Incik - hakmarfrance.online\",\"isPartOf\":{\"@id\":\"https:\\\/\\\/hakmarfrance.online\\\/de\\\/#website\"},\"primaryImageOfPage\":{\"@id\":\"https:\\\/\\\/hakmarfrance.online\\\/de\\\/produit\\\/halal-lammhaxe-kuzu-incik\\\/#primaryimage\"},\"image\":{\"@id\":\"https:\\\/\\\/hakmarfrance.online\\\/de\\\/produit\\\/halal-lammhaxe-kuzu-incik\\\/#primaryimage\"},\"thumbnailUrl\":\"https:\\\/\\\/hakmarfrance.online\\\/wp-content\\\/uploads\\\/2025\\\/06\\\/jarret-dagneau-kuzu-incik-halal.png\",\"datePublished\":\"2025-06-13T10:51:21+00:00\",\"breadcrumb\":{\"@id\":\"https:\\\/\\\/hakmarfrance.online\\\/de\\\/produit\\\/halal-lammhaxe-kuzu-incik\\\/#breadcrumb\"},\"inLanguage\":\"de\",\"potentialAction\":[{\"@type\":\"ReadAction\",\"target\":[\"https:\\\/\\\/hakmarfrance.online\\\/de\\\/produit\\\/halal-lammhaxe-kuzu-incik\\\/\"]}]},{\"@type\":\"ImageObject\",\"inLanguage\":\"de\",\"@id\":\"https:\\\/\\\/hakmarfrance.online\\\/de\\\/produit\\\/halal-lammhaxe-kuzu-incik\\\/#primaryimage\",\"url\":\"https:\\\/\\\/hakmarfrance.online\\\/wp-content\\\/uploads\\\/2025\\\/06\\\/jarret-dagneau-kuzu-incik-halal.png\",\"contentUrl\":\"https:\\\/\\\/hakmarfrance.online\\\/wp-content\\\/uploads\\\/2025\\\/06\\\/jarret-dagneau-kuzu-incik-halal.png\",\"width\":500,\"height\":500},{\"@type\":\"BreadcrumbList\",\"@id\":\"https:\\\/\\\/hakmarfrance.online\\\/de\\\/produit\\\/halal-lammhaxe-kuzu-incik\\\/#breadcrumb\",\"itemListElement\":[{\"@type\":\"ListItem\",\"position\":1,\"name\":\"Accueil\",\"item\":\"https:\\\/\\\/hakmarfrance.online\\\/de\\\/\"},{\"@type\":\"ListItem\",\"position\":2,\"name\":\"Shop\",\"item\":\"https:\\\/\\\/hakmarfrance.online\\\/de\\\/shop\\\/\"},{\"@type\":\"ListItem\",\"position\":3,\"name\":\"Halal-Lammhaxe \u2013 Kuzu Incik\"}]},{\"@type\":\"WebSite\",\"@id\":\"https:\\\/\\\/hakmarfrance.online\\\/de\\\/#website\",\"url\":\"https:\\\/\\\/hakmarfrance.online\\\/de\\\/\",\"name\":\"hakmarfrance.online\",\"description\":\"\",\"publisher\":{\"@id\":\"https:\\\/\\\/hakmarfrance.online\\\/de\\\/#organization\"},\"potentialAction\":[{\"@type\":\"SearchAction\",\"target\":{\"@type\":\"EntryPoint\",\"urlTemplate\":\"https:\\\/\\\/hakmarfrance.online\\\/de\\\/?s={search_term_string}\"},\"query-input\":{\"@type\":\"PropertyValueSpecification\",\"valueRequired\":true,\"valueName\":\"search_term_string\"}}],\"inLanguage\":\"de\"},{\"@type\":\"Organization\",\"@id\":\"https:\\\/\\\/hakmarfrance.online\\\/de\\\/#organization\",\"name\":\"hakmarfrance.online\",\"url\":\"https:\\\/\\\/hakmarfrance.online\\\/de\\\/\",\"logo\":{\"@type\":\"ImageObject\",\"inLanguage\":\"de\",\"@id\":\"https:\\\/\\\/hakmarfrance.online\\\/de\\\/#\\\/schema\\\/logo\\\/image\\\/\",\"url\":\"https:\\\/\\\/hakmarfrance.online\\\/wp-content\\\/uploads\\\/2025\\\/06\\\/logo-hakmarfrance.png\",\"contentUrl\":\"https:\\\/\\\/hakmarfrance.online\\\/wp-content\\\/uploads\\\/2025\\\/06\\\/logo-hakmarfrance.png\",\"width\":528,\"height\":232,\"caption\":\"hakmarfrance.online\"},\"image\":{\"@id\":\"https:\\\/\\\/hakmarfrance.online\\\/de\\\/#\\\/schema\\\/logo\\\/image\\\/\"},\"sameAs\":[\"https:\\\/\\\/www.facebook.com\\\/HakmarFranceSupermarche\\\/?locale=fr_FR\",\"https:\\\/\\\/www.instagram.com\\\/hakmarfrancesupermarche\\\/\"]}]}<\/script>\n<!-- \/ Yoast SEO plugin. -->","yoast_head_json":{"title":"Halal-Lammhaxe \u2013 Kuzu Incik - hakmarfrance.online","robots":{"index":"index","follow":"follow","max-snippet":"max-snippet:-1","max-image-preview":"max-image-preview:large","max-video-preview":"max-video-preview:-1"},"canonical":"https:\/\/hakmarfrance.online\/de\/produit\/halal-lammhaxe-kuzu-incik\/","og_locale":"de_DE","og_type":"article","og_title":"Halal-Lammhaxe \u2013 Kuzu Incik - hakmarfrance.online","og_description":"Entdecke die Halal-Lammhaxe (Kuzu Incik), ein edles St\u00fcck, das f\u00fcr seine au\u00dfergew\u00f6hnliche Zartheit nach langsamem Garen gesch\u00e4tzt wird. Ideal f\u00fcr deine traditionellen Rezepte, Schmorgerichte, Couscous oder Tajines, wird dieses gro\u00dfz\u00fcgige St\u00fcck zartschmelzend und voller Geschmack. \ud83d\udc68\u200d\ud83c\udf73 Tipp: langes Garen im Ofen oder im Schmortopf mit Gem\u00fcse, Knoblauch, Zwiebeln und Kr\u00e4utern f\u00fcr ein w\u00e4rmendes Familiengericht. \u27a4 100 % Halal-Fleisch \u2013 kochfertig\u27a4 Zum Einfrieren geeignet \ud83d\udce6 Lieferung nach Hause in M\u00fclhausen und Umgebung \u2013 Frische garantiert, Metzgerqualit\u00e4t. \ud83d\udc49 Das Fleisch in unserer Abteilung wird pro Kilo verkauft.","og_url":"https:\/\/hakmarfrance.online\/de\/produit\/halal-lammhaxe-kuzu-incik\/","og_site_name":"hakmarfrance.online","article_publisher":"https:\/\/www.facebook.com\/HakmarFranceSupermarche\/?locale=fr_FR","og_image":[{"width":500,"height":500,"url":"https:\/\/hakmarfrance.online\/wp-content\/uploads\/2025\/06\/jarret-dagneau-kuzu-incik-halal.png","type":"image\/png"}],"twitter_card":"summary_large_image","schema":{"@context":"https:\/\/schema.org","@graph":[{"@type":"WebPage","@id":"https:\/\/hakmarfrance.online\/de\/produit\/halal-lammhaxe-kuzu-incik\/","url":"https:\/\/hakmarfrance.online\/de\/produit\/halal-lammhaxe-kuzu-incik\/","name":"Halal-Lammhaxe \u2013 Kuzu Incik - hakmarfrance.online","isPartOf":{"@id":"https:\/\/hakmarfrance.online\/de\/#website"},"primaryImageOfPage":{"@id":"https:\/\/hakmarfrance.online\/de\/produit\/halal-lammhaxe-kuzu-incik\/#primaryimage"},"image":{"@id":"https:\/\/hakmarfrance.online\/de\/produit\/halal-lammhaxe-kuzu-incik\/#primaryimage"},"thumbnailUrl":"https:\/\/hakmarfrance.online\/wp-content\/uploads\/2025\/06\/jarret-dagneau-kuzu-incik-halal.png","datePublished":"2025-06-13T10:51:21+00:00","breadcrumb":{"@id":"https:\/\/hakmarfrance.online\/de\/produit\/halal-lammhaxe-kuzu-incik\/#breadcrumb"},"inLanguage":"de","potentialAction":[{"@type":"ReadAction","target":["https:\/\/hakmarfrance.online\/de\/produit\/halal-lammhaxe-kuzu-incik\/"]}]},{"@type":"ImageObject","inLanguage":"de","@id":"https:\/\/hakmarfrance.online\/de\/produit\/halal-lammhaxe-kuzu-incik\/#primaryimage","url":"https:\/\/hakmarfrance.online\/wp-content\/uploads\/2025\/06\/jarret-dagneau-kuzu-incik-halal.png","contentUrl":"https:\/\/hakmarfrance.online\/wp-content\/uploads\/2025\/06\/jarret-dagneau-kuzu-incik-halal.png","width":500,"height":500},{"@type":"BreadcrumbList","@id":"https:\/\/hakmarfrance.online\/de\/produit\/halal-lammhaxe-kuzu-incik\/#breadcrumb","itemListElement":[{"@type":"ListItem","position":1,"name":"Accueil","item":"https:\/\/hakmarfrance.online\/de\/"},{"@type":"ListItem","position":2,"name":"Shop","item":"https:\/\/hakmarfrance.online\/de\/shop\/"},{"@type":"ListItem","position":3,"name":"Halal-Lammhaxe \u2013 Kuzu Incik"}]},{"@type":"WebSite","@id":"https:\/\/hakmarfrance.online\/de\/#website","url":"https:\/\/hakmarfrance.online\/de\/","name":"hakmarfrance.online","description":"","publisher":{"@id":"https:\/\/hakmarfrance.online\/de\/#organization"},"potentialAction":[{"@type":"SearchAction","target":{"@type":"EntryPoint","urlTemplate":"https:\/\/hakmarfrance.online\/de\/?s={search_term_string}"},"query-input":{"@type":"PropertyValueSpecification","valueRequired":true,"valueName":"search_term_string"}}],"inLanguage":"de"},{"@type":"Organization","@id":"https:\/\/hakmarfrance.online\/de\/#organization","name":"hakmarfrance.online","url":"https:\/\/hakmarfrance.online\/de\/","logo":{"@type":"ImageObject","inLanguage":"de","@id":"https:\/\/hakmarfrance.online\/de\/#\/schema\/logo\/image\/","url":"https:\/\/hakmarfrance.online\/wp-content\/uploads\/2025\/06\/logo-hakmarfrance.png","contentUrl":"https:\/\/hakmarfrance.online\/wp-content\/uploads\/2025\/06\/logo-hakmarfrance.png","width":528,"height":232,"caption":"hakmarfrance.online"},"image":{"@id":"https:\/\/hakmarfrance.online\/de\/#\/schema\/logo\/image\/"},"sameAs":["https:\/\/www.facebook.com\/HakmarFranceSupermarche\/?locale=fr_FR","https:\/\/www.instagram.com\/hakmarfrancesupermarche\/"]}]}},"_links":{"self":[{"href":"https:\/\/hakmarfrance.online\/de\/wp-json\/wp\/v2\/product\/17511","targetHints":{"allow":["GET"]}}],"collection":[{"href":"https:\/\/hakmarfrance.online\/de\/wp-json\/wp\/v2\/product"}],"about":[{"href":"https:\/\/hakmarfrance.online\/de\/wp-json\/wp\/v2\/types\/product"}],"replies":[{"embeddable":true,"href":"https:\/\/hakmarfrance.online\/de\/wp-json\/wp\/v2\/comments?post=17511"}],"version-history":[{"count":0,"href":"https:\/\/hakmarfrance.online\/de\/wp-json\/wp\/v2\/product\/17511\/revisions"}],"wp:featuredmedia":[{"embeddable":true,"href":"https:\/\/hakmarfrance.online\/de\/wp-json\/wp\/v2\/media\/17512"}],"wp:attachment":[{"href":"https:\/\/hakmarfrance.online\/de\/wp-json\/wp\/v2\/media?parent=17511"}],"wp:term":[{"taxonomy":"product_brand","embeddable":true,"href":"https:\/\/hakmarfrance.online\/de\/wp-json\/wp\/v2\/product_brand?post=17511"},{"taxonomy":"product_cat","embeddable":true,"href":"https:\/\/hakmarfrance.online\/de\/wp-json\/wp\/v2\/product_cat?post=17511"},{"taxonomy":"product_tag","embeddable":true,"href":"https:\/\/hakmarfrance.online\/de\/wp-json\/wp\/v2\/product_tag?post=17511"}],"curies":[{"name":"wp","href":"https:\/\/api.w.org\/{rel}","templated":true}]}}