{"id":17513,"date":"2025-06-13T10:54:08","date_gmt":"2025-06-13T10:54:08","guid":{"rendered":"https:\/\/hakmarfrance.online\/produit\/ganzes-halal-bauernhaehnchen\/"},"modified":"2025-06-13T10:54:08","modified_gmt":"2025-06-13T10:54:08","slug":"ganzes-halal-bauernhaehnchen","status":"publish","type":"product","link":"https:\/\/hakmarfrance.online\/de\/produit\/ganzes-halal-bauernhaehnchen\/","title":{"rendered":"Ganzes Halal-Bauernh\u00e4hnchen"},"content":{"rendered":"","protected":false},"excerpt":{"rendered":"<p data-start=\"420\" data-end=\"680\">Verw\u00f6hne die ganze Familie mit unserem <strong data-start=\"456\" data-end=\"492\">ganzen, k\u00fcchenfertigen Halal-H\u00e4hnchen<\/strong>, einem gro\u00dfz\u00fcgigen St\u00fcck, perfekt f\u00fcr Sonntagsessen, Feiern oder gro\u00dfe Tafeln. Sein zartes Fleisch und seine goldbraune Haut nach dem Braten machen dieses H\u00e4hnchen zu einem Muss in der K\u00fcche. <\/p>\n<p data-start=\"682\" data-end=\"777\">Einfach zu w\u00fcrzen, du kannst es im Ofen, im Topf oder am Spie\u00df garen, gef\u00fcllt oder natur.<\/p>\n<p data-start=\"779\" data-end=\"914\">\ud83d\udc68\u200d\ud83c\udf73 Tipp: Bestreiche es vor dem Garen mit geschmolzener Butter, Knoblauch, Zitrone und Kr\u00e4utern f\u00fcr eine knusprige Haut und einen unwiderstehlichen Geschmack.<\/p>\n<p data-start=\"916\" data-end=\"1134\">\u27a4 <strong data-start=\"918\" data-end=\"964\">100 % Halal-Fleisch<\/strong><br data-start=\"1024\" data-end=\"1027\">\u27a4 Zum Braten, F\u00fcllen oder Zerlegen nach Belieben<br data-start=\"1073\" data-end=\"1076\">\u27a4 Ungefrorenes Produkt \u2013 schnell verbrauchen oder einfrieren<\/p>\n<p data-start=\"1136\" data-end=\"1215\">\ud83d\ude9a <strong data-start=\"1139\" data-end=\"1187\">Lieferung nach Hause in Mulhouse und Umgebung<\/strong> \u2013 Metzgerqualit\u00e4t<\/p>\n","protected":false},"featured_media":18651,"comment_status":"open","ping_status":"closed","template":"","meta":{"iawp_total_views":0},"product_brand":[],"product_cat":[226,251,254,252],"product_tag":[],"class_list":{"0":"post-17513","1":"product","2":"type-product","3":"status-publish","4":"has-post-thumbnail","6":"product_cat-alle-unsere-produkte","7":"product_cat-fleisch-fisch-feinkost","8":"product_cat-frisches-fleisch-rind-lamm-huhn-2","9":"product_cat-halal-metzgerei","11":"first","12":"instock","13":"shipping-taxable","14":"purchasable","15":"product-type-simple"},"yoast_head":"<!-- This site is optimized with the Yoast SEO plugin v27.3 - https:\/\/yoast.com\/product\/yoast-seo-wordpress\/ -->\n<title>Ganzes Halal-Bauernh\u00e4hnchen - hakmarfrance.online<\/title>\n<meta name=\"robots\" content=\"index, follow, max-snippet:-1, max-image-preview:large, max-video-preview:-1\" \/>\n<link rel=\"canonical\" href=\"https:\/\/hakmarfrance.online\/de\/produit\/ganzes-halal-bauernhaehnchen\/\" \/>\n<meta property=\"og:locale\" content=\"de_DE\" \/>\n<meta property=\"og:type\" content=\"article\" \/>\n<meta property=\"og:title\" content=\"Ganzes Halal-Bauernh\u00e4hnchen - hakmarfrance.online\" \/>\n<meta property=\"og:description\" content=\"Verw\u00f6hne die ganze Familie mit unserem ganzen, k\u00fcchenfertigen Halal-H\u00e4hnchen, einem gro\u00dfz\u00fcgigen St\u00fcck, perfekt f\u00fcr Sonntagsessen, Feiern oder gro\u00dfe Tafeln. Sein zartes Fleisch und seine goldbraune Haut nach dem Braten machen dieses H\u00e4hnchen zu einem Muss in der K\u00fcche. Einfach zu w\u00fcrzen, du kannst es im Ofen, im Topf oder am Spie\u00df garen, gef\u00fcllt oder natur. \ud83d\udc68\u200d\ud83c\udf73 Tipp: Bestreiche es vor dem Garen mit geschmolzener Butter, Knoblauch, Zitrone und Kr\u00e4utern f\u00fcr eine knusprige Haut und einen unwiderstehlichen Geschmack. \u27a4 100 % Halal-Fleisch\u27a4 Zum Braten, F\u00fcllen oder Zerlegen nach Belieben\u27a4 Ungefrorenes Produkt \u2013 schnell verbrauchen oder einfrieren \ud83d\ude9a Lieferung nach Hause in Mulhouse und Umgebung \u2013 Metzgerqualit\u00e4t\" \/>\n<meta property=\"og:url\" content=\"https:\/\/hakmarfrance.online\/de\/produit\/ganzes-halal-bauernhaehnchen\/\" \/>\n<meta property=\"og:site_name\" content=\"hakmarfrance.online\" \/>\n<meta property=\"article:publisher\" content=\"https:\/\/www.facebook.com\/HakmarFranceSupermarche\/?locale=fr_FR\" \/>\n<meta property=\"og:image\" content=\"https:\/\/hakmarfrance.online\/wp-content\/uploads\/2025\/06\/poulet-fermier-entier-frais-prete-a-cuire-1.png\" \/>\n\t<meta property=\"og:image:width\" content=\"1000\" \/>\n\t<meta property=\"og:image:height\" content=\"800\" \/>\n\t<meta property=\"og:image:type\" content=\"image\/png\" \/>\n<meta name=\"twitter:card\" content=\"summary_large_image\" \/>\n<script type=\"application\/ld+json\" class=\"yoast-schema-graph\">{\"@context\":\"https:\\\/\\\/schema.org\",\"@graph\":[{\"@type\":\"WebPage\",\"@id\":\"https:\\\/\\\/hakmarfrance.online\\\/de\\\/produit\\\/ganzes-halal-bauernhaehnchen\\\/\",\"url\":\"https:\\\/\\\/hakmarfrance.online\\\/de\\\/produit\\\/ganzes-halal-bauernhaehnchen\\\/\",\"name\":\"Ganzes Halal-Bauernh\u00e4hnchen - hakmarfrance.online\",\"isPartOf\":{\"@id\":\"https:\\\/\\\/hakmarfrance.online\\\/de\\\/#website\"},\"primaryImageOfPage\":{\"@id\":\"https:\\\/\\\/hakmarfrance.online\\\/de\\\/produit\\\/ganzes-halal-bauernhaehnchen\\\/#primaryimage\"},\"image\":{\"@id\":\"https:\\\/\\\/hakmarfrance.online\\\/de\\\/produit\\\/ganzes-halal-bauernhaehnchen\\\/#primaryimage\"},\"thumbnailUrl\":\"https:\\\/\\\/hakmarfrance.online\\\/wp-content\\\/uploads\\\/2025\\\/06\\\/poulet-fermier-entier-frais-prete-a-cuire-1.png\",\"datePublished\":\"2025-06-13T10:54:08+00:00\",\"breadcrumb\":{\"@id\":\"https:\\\/\\\/hakmarfrance.online\\\/de\\\/produit\\\/ganzes-halal-bauernhaehnchen\\\/#breadcrumb\"},\"inLanguage\":\"de\",\"potentialAction\":[{\"@type\":\"ReadAction\",\"target\":[\"https:\\\/\\\/hakmarfrance.online\\\/de\\\/produit\\\/ganzes-halal-bauernhaehnchen\\\/\"]}]},{\"@type\":\"ImageObject\",\"inLanguage\":\"de\",\"@id\":\"https:\\\/\\\/hakmarfrance.online\\\/de\\\/produit\\\/ganzes-halal-bauernhaehnchen\\\/#primaryimage\",\"url\":\"https:\\\/\\\/hakmarfrance.online\\\/wp-content\\\/uploads\\\/2025\\\/06\\\/poulet-fermier-entier-frais-prete-a-cuire-1.png\",\"contentUrl\":\"https:\\\/\\\/hakmarfrance.online\\\/wp-content\\\/uploads\\\/2025\\\/06\\\/poulet-fermier-entier-frais-prete-a-cuire-1.png\",\"width\":1000,\"height\":800},{\"@type\":\"BreadcrumbList\",\"@id\":\"https:\\\/\\\/hakmarfrance.online\\\/de\\\/produit\\\/ganzes-halal-bauernhaehnchen\\\/#breadcrumb\",\"itemListElement\":[{\"@type\":\"ListItem\",\"position\":1,\"name\":\"Accueil\",\"item\":\"https:\\\/\\\/hakmarfrance.online\\\/de\\\/\"},{\"@type\":\"ListItem\",\"position\":2,\"name\":\"Shop\",\"item\":\"https:\\\/\\\/hakmarfrance.online\\\/de\\\/shop\\\/\"},{\"@type\":\"ListItem\",\"position\":3,\"name\":\"Ganzes Halal-Bauernh\u00e4hnchen\"}]},{\"@type\":\"WebSite\",\"@id\":\"https:\\\/\\\/hakmarfrance.online\\\/de\\\/#website\",\"url\":\"https:\\\/\\\/hakmarfrance.online\\\/de\\\/\",\"name\":\"hakmarfrance.online\",\"description\":\"\",\"publisher\":{\"@id\":\"https:\\\/\\\/hakmarfrance.online\\\/de\\\/#organization\"},\"potentialAction\":[{\"@type\":\"SearchAction\",\"target\":{\"@type\":\"EntryPoint\",\"urlTemplate\":\"https:\\\/\\\/hakmarfrance.online\\\/de\\\/?s={search_term_string}\"},\"query-input\":{\"@type\":\"PropertyValueSpecification\",\"valueRequired\":true,\"valueName\":\"search_term_string\"}}],\"inLanguage\":\"de\"},{\"@type\":\"Organization\",\"@id\":\"https:\\\/\\\/hakmarfrance.online\\\/de\\\/#organization\",\"name\":\"hakmarfrance.online\",\"url\":\"https:\\\/\\\/hakmarfrance.online\\\/de\\\/\",\"logo\":{\"@type\":\"ImageObject\",\"inLanguage\":\"de\",\"@id\":\"https:\\\/\\\/hakmarfrance.online\\\/de\\\/#\\\/schema\\\/logo\\\/image\\\/\",\"url\":\"https:\\\/\\\/hakmarfrance.online\\\/wp-content\\\/uploads\\\/2025\\\/06\\\/logo-hakmarfrance.png\",\"contentUrl\":\"https:\\\/\\\/hakmarfrance.online\\\/wp-content\\\/uploads\\\/2025\\\/06\\\/logo-hakmarfrance.png\",\"width\":528,\"height\":232,\"caption\":\"hakmarfrance.online\"},\"image\":{\"@id\":\"https:\\\/\\\/hakmarfrance.online\\\/de\\\/#\\\/schema\\\/logo\\\/image\\\/\"},\"sameAs\":[\"https:\\\/\\\/www.facebook.com\\\/HakmarFranceSupermarche\\\/?locale=fr_FR\",\"https:\\\/\\\/www.instagram.com\\\/hakmarfrancesupermarche\\\/\"]}]}<\/script>\n<!-- \/ Yoast SEO plugin. -->","yoast_head_json":{"title":"Ganzes Halal-Bauernh\u00e4hnchen - hakmarfrance.online","robots":{"index":"index","follow":"follow","max-snippet":"max-snippet:-1","max-image-preview":"max-image-preview:large","max-video-preview":"max-video-preview:-1"},"canonical":"https:\/\/hakmarfrance.online\/de\/produit\/ganzes-halal-bauernhaehnchen\/","og_locale":"de_DE","og_type":"article","og_title":"Ganzes Halal-Bauernh\u00e4hnchen - hakmarfrance.online","og_description":"Verw\u00f6hne die ganze Familie mit unserem ganzen, k\u00fcchenfertigen Halal-H\u00e4hnchen, einem gro\u00dfz\u00fcgigen St\u00fcck, perfekt f\u00fcr Sonntagsessen, Feiern oder gro\u00dfe Tafeln. Sein zartes Fleisch und seine goldbraune Haut nach dem Braten machen dieses H\u00e4hnchen zu einem Muss in der K\u00fcche. Einfach zu w\u00fcrzen, du kannst es im Ofen, im Topf oder am Spie\u00df garen, gef\u00fcllt oder natur. \ud83d\udc68\u200d\ud83c\udf73 Tipp: Bestreiche es vor dem Garen mit geschmolzener Butter, Knoblauch, Zitrone und Kr\u00e4utern f\u00fcr eine knusprige Haut und einen unwiderstehlichen Geschmack. \u27a4 100 % Halal-Fleisch\u27a4 Zum Braten, F\u00fcllen oder Zerlegen nach Belieben\u27a4 Ungefrorenes Produkt \u2013 schnell verbrauchen oder einfrieren \ud83d\ude9a Lieferung nach Hause in Mulhouse und Umgebung \u2013 Metzgerqualit\u00e4t","og_url":"https:\/\/hakmarfrance.online\/de\/produit\/ganzes-halal-bauernhaehnchen\/","og_site_name":"hakmarfrance.online","article_publisher":"https:\/\/www.facebook.com\/HakmarFranceSupermarche\/?locale=fr_FR","og_image":[{"width":1000,"height":800,"url":"https:\/\/hakmarfrance.online\/wp-content\/uploads\/2025\/06\/poulet-fermier-entier-frais-prete-a-cuire-1.png","type":"image\/png"}],"twitter_card":"summary_large_image","schema":{"@context":"https:\/\/schema.org","@graph":[{"@type":"WebPage","@id":"https:\/\/hakmarfrance.online\/de\/produit\/ganzes-halal-bauernhaehnchen\/","url":"https:\/\/hakmarfrance.online\/de\/produit\/ganzes-halal-bauernhaehnchen\/","name":"Ganzes Halal-Bauernh\u00e4hnchen - hakmarfrance.online","isPartOf":{"@id":"https:\/\/hakmarfrance.online\/de\/#website"},"primaryImageOfPage":{"@id":"https:\/\/hakmarfrance.online\/de\/produit\/ganzes-halal-bauernhaehnchen\/#primaryimage"},"image":{"@id":"https:\/\/hakmarfrance.online\/de\/produit\/ganzes-halal-bauernhaehnchen\/#primaryimage"},"thumbnailUrl":"https:\/\/hakmarfrance.online\/wp-content\/uploads\/2025\/06\/poulet-fermier-entier-frais-prete-a-cuire-1.png","datePublished":"2025-06-13T10:54:08+00:00","breadcrumb":{"@id":"https:\/\/hakmarfrance.online\/de\/produit\/ganzes-halal-bauernhaehnchen\/#breadcrumb"},"inLanguage":"de","potentialAction":[{"@type":"ReadAction","target":["https:\/\/hakmarfrance.online\/de\/produit\/ganzes-halal-bauernhaehnchen\/"]}]},{"@type":"ImageObject","inLanguage":"de","@id":"https:\/\/hakmarfrance.online\/de\/produit\/ganzes-halal-bauernhaehnchen\/#primaryimage","url":"https:\/\/hakmarfrance.online\/wp-content\/uploads\/2025\/06\/poulet-fermier-entier-frais-prete-a-cuire-1.png","contentUrl":"https:\/\/hakmarfrance.online\/wp-content\/uploads\/2025\/06\/poulet-fermier-entier-frais-prete-a-cuire-1.png","width":1000,"height":800},{"@type":"BreadcrumbList","@id":"https:\/\/hakmarfrance.online\/de\/produit\/ganzes-halal-bauernhaehnchen\/#breadcrumb","itemListElement":[{"@type":"ListItem","position":1,"name":"Accueil","item":"https:\/\/hakmarfrance.online\/de\/"},{"@type":"ListItem","position":2,"name":"Shop","item":"https:\/\/hakmarfrance.online\/de\/shop\/"},{"@type":"ListItem","position":3,"name":"Ganzes Halal-Bauernh\u00e4hnchen"}]},{"@type":"WebSite","@id":"https:\/\/hakmarfrance.online\/de\/#website","url":"https:\/\/hakmarfrance.online\/de\/","name":"hakmarfrance.online","description":"","publisher":{"@id":"https:\/\/hakmarfrance.online\/de\/#organization"},"potentialAction":[{"@type":"SearchAction","target":{"@type":"EntryPoint","urlTemplate":"https:\/\/hakmarfrance.online\/de\/?s={search_term_string}"},"query-input":{"@type":"PropertyValueSpecification","valueRequired":true,"valueName":"search_term_string"}}],"inLanguage":"de"},{"@type":"Organization","@id":"https:\/\/hakmarfrance.online\/de\/#organization","name":"hakmarfrance.online","url":"https:\/\/hakmarfrance.online\/de\/","logo":{"@type":"ImageObject","inLanguage":"de","@id":"https:\/\/hakmarfrance.online\/de\/#\/schema\/logo\/image\/","url":"https:\/\/hakmarfrance.online\/wp-content\/uploads\/2025\/06\/logo-hakmarfrance.png","contentUrl":"https:\/\/hakmarfrance.online\/wp-content\/uploads\/2025\/06\/logo-hakmarfrance.png","width":528,"height":232,"caption":"hakmarfrance.online"},"image":{"@id":"https:\/\/hakmarfrance.online\/de\/#\/schema\/logo\/image\/"},"sameAs":["https:\/\/www.facebook.com\/HakmarFranceSupermarche\/?locale=fr_FR","https:\/\/www.instagram.com\/hakmarfrancesupermarche\/"]}]}},"_links":{"self":[{"href":"https:\/\/hakmarfrance.online\/de\/wp-json\/wp\/v2\/product\/17513","targetHints":{"allow":["GET"]}}],"collection":[{"href":"https:\/\/hakmarfrance.online\/de\/wp-json\/wp\/v2\/product"}],"about":[{"href":"https:\/\/hakmarfrance.online\/de\/wp-json\/wp\/v2\/types\/product"}],"replies":[{"embeddable":true,"href":"https:\/\/hakmarfrance.online\/de\/wp-json\/wp\/v2\/comments?post=17513"}],"version-history":[{"count":0,"href":"https:\/\/hakmarfrance.online\/de\/wp-json\/wp\/v2\/product\/17513\/revisions"}],"wp:featuredmedia":[{"embeddable":true,"href":"https:\/\/hakmarfrance.online\/de\/wp-json\/wp\/v2\/media\/18651"}],"wp:attachment":[{"href":"https:\/\/hakmarfrance.online\/de\/wp-json\/wp\/v2\/media?parent=17513"}],"wp:term":[{"taxonomy":"product_brand","embeddable":true,"href":"https:\/\/hakmarfrance.online\/de\/wp-json\/wp\/v2\/product_brand?post=17513"},{"taxonomy":"product_cat","embeddable":true,"href":"https:\/\/hakmarfrance.online\/de\/wp-json\/wp\/v2\/product_cat?post=17513"},{"taxonomy":"product_tag","embeddable":true,"href":"https:\/\/hakmarfrance.online\/de\/wp-json\/wp\/v2\/product_tag?post=17513"}],"curies":[{"name":"wp","href":"https:\/\/api.w.org\/{rel}","templated":true}]}}