{"id":17515,"date":"2025-06-13T11:17:41","date_gmt":"2025-06-13T11:17:41","guid":{"rendered":"https:\/\/hakmarfrance.online\/produit\/rispen-tomaten-frisch-lecker-1kg\/"},"modified":"2025-06-13T11:17:41","modified_gmt":"2025-06-13T11:17:41","slug":"rispen-tomaten-frisch-lecker-1kg","status":"publish","type":"product","link":"https:\/\/hakmarfrance.online\/de\/produit\/rispen-tomaten-frisch-lecker-1kg\/","title":{"rendered":"Rispen-Tomaten \u2013 Frisch &amp; Lecker \u2013 1kg"},"content":{"rendered":"","protected":false},"excerpt":{"rendered":"<p data-start=\"396\" data-end=\"659\">Entdecke unsere <strong data-start=\"410\" data-end=\"438\">frischen Rispen-Tomaten<\/strong>, ausgew\u00e4hlt nach ihrer Qualit\u00e4t, ihrer sch\u00f6nen leuchtend roten Farbe und ihrem nat\u00fcrlich s\u00fc\u00dfen Geschmack. Sorgf\u00e4ltig angebaut, sind sie ideal f\u00fcr all deine Zubereitungen: Salate, hausgemachte Saucen, Gratins oder Ofengerichte. <\/p>\n<p data-start=\"661\" data-end=\"740\">Ihre Konsistenz und ihr Aroma machen sie zu einem unverzichtbaren Bestandteil der Alltagsk\u00fcche.<\/p>\n<p data-start=\"742\" data-end=\"847\">\ud83c\udf7d\ufe0f Tipp: roh mit einem Schuss Oliven\u00f6l genie\u00dfen oder im Ofen mit frischen Kr\u00e4utern ger\u00f6stet.<\/p>\n<p data-start=\"849\" data-end=\"1077\">\u27a4 Kategorie: <strong data-start=\"863\" data-end=\"913\">frisches Gem\u00fcse \u2013 Herkunft je nach Lieferung variabel<\/strong><br data-start=\"913\" data-end=\"916\">\u27a4 Verpackt als <strong data-start=\"936\" data-end=\"960\">Rispe \u2013 ca. 1kg<\/strong><br data-start=\"960\" data-end=\"963\">\u27a4 K\u00fchl lagern (nicht im K\u00fchlschrank, um den Geschmack zu erhalten)<br data-start=\"1029\" data-end=\"1032\">\u27a4 Ideal f\u00fcr Privat- oder Gesch\u00e4ftskunden<\/p>\n<p data-start=\"1079\" data-end=\"1147\">\ud83d\ude9a Lokale Lieferung in <strong data-start=\"1101\" data-end=\"1126\">M\u00fclhausen und Umgebung<\/strong> \u2013 Frische garantiert<\/p>\n","protected":false},"featured_media":16552,"comment_status":"open","ping_status":"closed","template":"","meta":{"iawp_total_views":1},"product_brand":[],"product_cat":[226,234,233],"product_tag":[],"class_list":{"0":"post-17515","1":"product","2":"type-product","3":"status-publish","4":"has-post-thumbnail","6":"product_cat-alle-unsere-produkte","7":"product_cat-frisches-gemuse","8":"product_cat-obst-gemuse","10":"first","11":"instock","12":"shipping-taxable","13":"purchasable","14":"product-type-simple"},"yoast_head":"<!-- This site is optimized with the Yoast SEO plugin v27.3 - https:\/\/yoast.com\/product\/yoast-seo-wordpress\/ -->\n<title>Rispen-Tomaten \u2013 Frisch &amp; Lecker \u2013 1kg - hakmarfrance.online<\/title>\n<meta name=\"robots\" content=\"index, follow, max-snippet:-1, max-image-preview:large, max-video-preview:-1\" \/>\n<link rel=\"canonical\" href=\"https:\/\/hakmarfrance.online\/de\/produit\/rispen-tomaten-frisch-lecker-1kg\/\" \/>\n<meta property=\"og:locale\" content=\"de_DE\" \/>\n<meta property=\"og:type\" content=\"article\" \/>\n<meta property=\"og:title\" content=\"Rispen-Tomaten \u2013 Frisch &amp; Lecker \u2013 1kg - hakmarfrance.online\" \/>\n<meta property=\"og:description\" content=\"Entdecke unsere frischen Rispen-Tomaten, ausgew\u00e4hlt nach ihrer Qualit\u00e4t, ihrer sch\u00f6nen leuchtend roten Farbe und ihrem nat\u00fcrlich s\u00fc\u00dfen Geschmack. Sorgf\u00e4ltig angebaut, sind sie ideal f\u00fcr all deine Zubereitungen: Salate, hausgemachte Saucen, Gratins oder Ofengerichte. Ihre Konsistenz und ihr Aroma machen sie zu einem unverzichtbaren Bestandteil der Alltagsk\u00fcche. \ud83c\udf7d\ufe0f Tipp: roh mit einem Schuss Oliven\u00f6l genie\u00dfen oder im Ofen mit frischen Kr\u00e4utern ger\u00f6stet. \u27a4 Kategorie: frisches Gem\u00fcse \u2013 Herkunft je nach Lieferung variabel\u27a4 Verpackt als Rispe \u2013 ca. 1kg\u27a4 K\u00fchl lagern (nicht im K\u00fchlschrank, um den Geschmack zu erhalten)\u27a4 Ideal f\u00fcr Privat- oder Gesch\u00e4ftskunden \ud83d\ude9a Lokale Lieferung in M\u00fclhausen und Umgebung \u2013 Frische garantiert\" \/>\n<meta property=\"og:url\" content=\"https:\/\/hakmarfrance.online\/de\/produit\/rispen-tomaten-frisch-lecker-1kg\/\" \/>\n<meta property=\"og:site_name\" content=\"hakmarfrance.online\" \/>\n<meta property=\"article:publisher\" content=\"https:\/\/www.facebook.com\/HakmarFranceSupermarche\/?locale=fr_FR\" \/>\n<meta property=\"og:image\" content=\"https:\/\/hakmarfrance.online\/wp-content\/uploads\/2025\/06\/Grappes-tomates-rouge.png\" \/>\n\t<meta property=\"og:image:width\" content=\"1000\" \/>\n\t<meta property=\"og:image:height\" content=\"800\" \/>\n\t<meta property=\"og:image:type\" content=\"image\/png\" \/>\n<meta name=\"twitter:card\" content=\"summary_large_image\" \/>\n<script type=\"application\/ld+json\" class=\"yoast-schema-graph\">{\"@context\":\"https:\\\/\\\/schema.org\",\"@graph\":[{\"@type\":\"WebPage\",\"@id\":\"https:\\\/\\\/hakmarfrance.online\\\/de\\\/produit\\\/rispen-tomaten-frisch-lecker-1kg\\\/\",\"url\":\"https:\\\/\\\/hakmarfrance.online\\\/de\\\/produit\\\/rispen-tomaten-frisch-lecker-1kg\\\/\",\"name\":\"Rispen-Tomaten \u2013 Frisch &amp; Lecker \u2013 1kg - hakmarfrance.online\",\"isPartOf\":{\"@id\":\"https:\\\/\\\/hakmarfrance.online\\\/de\\\/#website\"},\"primaryImageOfPage\":{\"@id\":\"https:\\\/\\\/hakmarfrance.online\\\/de\\\/produit\\\/rispen-tomaten-frisch-lecker-1kg\\\/#primaryimage\"},\"image\":{\"@id\":\"https:\\\/\\\/hakmarfrance.online\\\/de\\\/produit\\\/rispen-tomaten-frisch-lecker-1kg\\\/#primaryimage\"},\"thumbnailUrl\":\"https:\\\/\\\/hakmarfrance.online\\\/wp-content\\\/uploads\\\/2025\\\/06\\\/Grappes-tomates-rouge.png\",\"datePublished\":\"2025-06-13T11:17:41+00:00\",\"breadcrumb\":{\"@id\":\"https:\\\/\\\/hakmarfrance.online\\\/de\\\/produit\\\/rispen-tomaten-frisch-lecker-1kg\\\/#breadcrumb\"},\"inLanguage\":\"de\",\"potentialAction\":[{\"@type\":\"ReadAction\",\"target\":[\"https:\\\/\\\/hakmarfrance.online\\\/de\\\/produit\\\/rispen-tomaten-frisch-lecker-1kg\\\/\"]}]},{\"@type\":\"ImageObject\",\"inLanguage\":\"de\",\"@id\":\"https:\\\/\\\/hakmarfrance.online\\\/de\\\/produit\\\/rispen-tomaten-frisch-lecker-1kg\\\/#primaryimage\",\"url\":\"https:\\\/\\\/hakmarfrance.online\\\/wp-content\\\/uploads\\\/2025\\\/06\\\/Grappes-tomates-rouge.png\",\"contentUrl\":\"https:\\\/\\\/hakmarfrance.online\\\/wp-content\\\/uploads\\\/2025\\\/06\\\/Grappes-tomates-rouge.png\",\"width\":1000,\"height\":800},{\"@type\":\"BreadcrumbList\",\"@id\":\"https:\\\/\\\/hakmarfrance.online\\\/de\\\/produit\\\/rispen-tomaten-frisch-lecker-1kg\\\/#breadcrumb\",\"itemListElement\":[{\"@type\":\"ListItem\",\"position\":1,\"name\":\"Accueil\",\"item\":\"https:\\\/\\\/hakmarfrance.online\\\/de\\\/\"},{\"@type\":\"ListItem\",\"position\":2,\"name\":\"Shop\",\"item\":\"https:\\\/\\\/hakmarfrance.online\\\/de\\\/shop\\\/\"},{\"@type\":\"ListItem\",\"position\":3,\"name\":\"Rispen-Tomaten \u2013 Frisch &amp; Lecker \u2013 1kg\"}]},{\"@type\":\"WebSite\",\"@id\":\"https:\\\/\\\/hakmarfrance.online\\\/de\\\/#website\",\"url\":\"https:\\\/\\\/hakmarfrance.online\\\/de\\\/\",\"name\":\"hakmarfrance.online\",\"description\":\"\",\"publisher\":{\"@id\":\"https:\\\/\\\/hakmarfrance.online\\\/de\\\/#organization\"},\"potentialAction\":[{\"@type\":\"SearchAction\",\"target\":{\"@type\":\"EntryPoint\",\"urlTemplate\":\"https:\\\/\\\/hakmarfrance.online\\\/de\\\/?s={search_term_string}\"},\"query-input\":{\"@type\":\"PropertyValueSpecification\",\"valueRequired\":true,\"valueName\":\"search_term_string\"}}],\"inLanguage\":\"de\"},{\"@type\":\"Organization\",\"@id\":\"https:\\\/\\\/hakmarfrance.online\\\/de\\\/#organization\",\"name\":\"hakmarfrance.online\",\"url\":\"https:\\\/\\\/hakmarfrance.online\\\/de\\\/\",\"logo\":{\"@type\":\"ImageObject\",\"inLanguage\":\"de\",\"@id\":\"https:\\\/\\\/hakmarfrance.online\\\/de\\\/#\\\/schema\\\/logo\\\/image\\\/\",\"url\":\"https:\\\/\\\/hakmarfrance.online\\\/wp-content\\\/uploads\\\/2025\\\/06\\\/logo-hakmarfrance.png\",\"contentUrl\":\"https:\\\/\\\/hakmarfrance.online\\\/wp-content\\\/uploads\\\/2025\\\/06\\\/logo-hakmarfrance.png\",\"width\":528,\"height\":232,\"caption\":\"hakmarfrance.online\"},\"image\":{\"@id\":\"https:\\\/\\\/hakmarfrance.online\\\/de\\\/#\\\/schema\\\/logo\\\/image\\\/\"},\"sameAs\":[\"https:\\\/\\\/www.facebook.com\\\/HakmarFranceSupermarche\\\/?locale=fr_FR\",\"https:\\\/\\\/www.instagram.com\\\/hakmarfrancesupermarche\\\/\"]}]}<\/script>\n<!-- \/ Yoast SEO plugin. -->","yoast_head_json":{"title":"Rispen-Tomaten \u2013 Frisch &amp; Lecker \u2013 1kg - hakmarfrance.online","robots":{"index":"index","follow":"follow","max-snippet":"max-snippet:-1","max-image-preview":"max-image-preview:large","max-video-preview":"max-video-preview:-1"},"canonical":"https:\/\/hakmarfrance.online\/de\/produit\/rispen-tomaten-frisch-lecker-1kg\/","og_locale":"de_DE","og_type":"article","og_title":"Rispen-Tomaten \u2013 Frisch &amp; Lecker \u2013 1kg - hakmarfrance.online","og_description":"Entdecke unsere frischen Rispen-Tomaten, ausgew\u00e4hlt nach ihrer Qualit\u00e4t, ihrer sch\u00f6nen leuchtend roten Farbe und ihrem nat\u00fcrlich s\u00fc\u00dfen Geschmack. Sorgf\u00e4ltig angebaut, sind sie ideal f\u00fcr all deine Zubereitungen: Salate, hausgemachte Saucen, Gratins oder Ofengerichte. Ihre Konsistenz und ihr Aroma machen sie zu einem unverzichtbaren Bestandteil der Alltagsk\u00fcche. \ud83c\udf7d\ufe0f Tipp: roh mit einem Schuss Oliven\u00f6l genie\u00dfen oder im Ofen mit frischen Kr\u00e4utern ger\u00f6stet. \u27a4 Kategorie: frisches Gem\u00fcse \u2013 Herkunft je nach Lieferung variabel\u27a4 Verpackt als Rispe \u2013 ca. 1kg\u27a4 K\u00fchl lagern (nicht im K\u00fchlschrank, um den Geschmack zu erhalten)\u27a4 Ideal f\u00fcr Privat- oder Gesch\u00e4ftskunden \ud83d\ude9a Lokale Lieferung in M\u00fclhausen und Umgebung \u2013 Frische garantiert","og_url":"https:\/\/hakmarfrance.online\/de\/produit\/rispen-tomaten-frisch-lecker-1kg\/","og_site_name":"hakmarfrance.online","article_publisher":"https:\/\/www.facebook.com\/HakmarFranceSupermarche\/?locale=fr_FR","og_image":[{"width":1000,"height":800,"url":"https:\/\/hakmarfrance.online\/wp-content\/uploads\/2025\/06\/Grappes-tomates-rouge.png","type":"image\/png"}],"twitter_card":"summary_large_image","schema":{"@context":"https:\/\/schema.org","@graph":[{"@type":"WebPage","@id":"https:\/\/hakmarfrance.online\/de\/produit\/rispen-tomaten-frisch-lecker-1kg\/","url":"https:\/\/hakmarfrance.online\/de\/produit\/rispen-tomaten-frisch-lecker-1kg\/","name":"Rispen-Tomaten \u2013 Frisch &amp; Lecker \u2013 1kg - hakmarfrance.online","isPartOf":{"@id":"https:\/\/hakmarfrance.online\/de\/#website"},"primaryImageOfPage":{"@id":"https:\/\/hakmarfrance.online\/de\/produit\/rispen-tomaten-frisch-lecker-1kg\/#primaryimage"},"image":{"@id":"https:\/\/hakmarfrance.online\/de\/produit\/rispen-tomaten-frisch-lecker-1kg\/#primaryimage"},"thumbnailUrl":"https:\/\/hakmarfrance.online\/wp-content\/uploads\/2025\/06\/Grappes-tomates-rouge.png","datePublished":"2025-06-13T11:17:41+00:00","breadcrumb":{"@id":"https:\/\/hakmarfrance.online\/de\/produit\/rispen-tomaten-frisch-lecker-1kg\/#breadcrumb"},"inLanguage":"de","potentialAction":[{"@type":"ReadAction","target":["https:\/\/hakmarfrance.online\/de\/produit\/rispen-tomaten-frisch-lecker-1kg\/"]}]},{"@type":"ImageObject","inLanguage":"de","@id":"https:\/\/hakmarfrance.online\/de\/produit\/rispen-tomaten-frisch-lecker-1kg\/#primaryimage","url":"https:\/\/hakmarfrance.online\/wp-content\/uploads\/2025\/06\/Grappes-tomates-rouge.png","contentUrl":"https:\/\/hakmarfrance.online\/wp-content\/uploads\/2025\/06\/Grappes-tomates-rouge.png","width":1000,"height":800},{"@type":"BreadcrumbList","@id":"https:\/\/hakmarfrance.online\/de\/produit\/rispen-tomaten-frisch-lecker-1kg\/#breadcrumb","itemListElement":[{"@type":"ListItem","position":1,"name":"Accueil","item":"https:\/\/hakmarfrance.online\/de\/"},{"@type":"ListItem","position":2,"name":"Shop","item":"https:\/\/hakmarfrance.online\/de\/shop\/"},{"@type":"ListItem","position":3,"name":"Rispen-Tomaten \u2013 Frisch &amp; Lecker \u2013 1kg"}]},{"@type":"WebSite","@id":"https:\/\/hakmarfrance.online\/de\/#website","url":"https:\/\/hakmarfrance.online\/de\/","name":"hakmarfrance.online","description":"","publisher":{"@id":"https:\/\/hakmarfrance.online\/de\/#organization"},"potentialAction":[{"@type":"SearchAction","target":{"@type":"EntryPoint","urlTemplate":"https:\/\/hakmarfrance.online\/de\/?s={search_term_string}"},"query-input":{"@type":"PropertyValueSpecification","valueRequired":true,"valueName":"search_term_string"}}],"inLanguage":"de"},{"@type":"Organization","@id":"https:\/\/hakmarfrance.online\/de\/#organization","name":"hakmarfrance.online","url":"https:\/\/hakmarfrance.online\/de\/","logo":{"@type":"ImageObject","inLanguage":"de","@id":"https:\/\/hakmarfrance.online\/de\/#\/schema\/logo\/image\/","url":"https:\/\/hakmarfrance.online\/wp-content\/uploads\/2025\/06\/logo-hakmarfrance.png","contentUrl":"https:\/\/hakmarfrance.online\/wp-content\/uploads\/2025\/06\/logo-hakmarfrance.png","width":528,"height":232,"caption":"hakmarfrance.online"},"image":{"@id":"https:\/\/hakmarfrance.online\/de\/#\/schema\/logo\/image\/"},"sameAs":["https:\/\/www.facebook.com\/HakmarFranceSupermarche\/?locale=fr_FR","https:\/\/www.instagram.com\/hakmarfrancesupermarche\/"]}]}},"_links":{"self":[{"href":"https:\/\/hakmarfrance.online\/de\/wp-json\/wp\/v2\/product\/17515","targetHints":{"allow":["GET"]}}],"collection":[{"href":"https:\/\/hakmarfrance.online\/de\/wp-json\/wp\/v2\/product"}],"about":[{"href":"https:\/\/hakmarfrance.online\/de\/wp-json\/wp\/v2\/types\/product"}],"replies":[{"embeddable":true,"href":"https:\/\/hakmarfrance.online\/de\/wp-json\/wp\/v2\/comments?post=17515"}],"version-history":[{"count":0,"href":"https:\/\/hakmarfrance.online\/de\/wp-json\/wp\/v2\/product\/17515\/revisions"}],"wp:featuredmedia":[{"embeddable":true,"href":"https:\/\/hakmarfrance.online\/de\/wp-json\/wp\/v2\/media\/16552"}],"wp:attachment":[{"href":"https:\/\/hakmarfrance.online\/de\/wp-json\/wp\/v2\/media?parent=17515"}],"wp:term":[{"taxonomy":"product_brand","embeddable":true,"href":"https:\/\/hakmarfrance.online\/de\/wp-json\/wp\/v2\/product_brand?post=17515"},{"taxonomy":"product_cat","embeddable":true,"href":"https:\/\/hakmarfrance.online\/de\/wp-json\/wp\/v2\/product_cat?post=17515"},{"taxonomy":"product_tag","embeddable":true,"href":"https:\/\/hakmarfrance.online\/de\/wp-json\/wp\/v2\/product_tag?post=17515"}],"curies":[{"name":"wp","href":"https:\/\/api.w.org\/{rel}","templated":true}]}}