{"id":17519,"date":"2025-06-13T11:18:37","date_gmt":"2025-06-13T11:18:37","guid":{"rendered":"https:\/\/hakmarfrance.online\/produit\/frische-petersilie-aromatischer-bund-einzeln-erhaeltlich\/"},"modified":"2025-06-13T11:18:37","modified_gmt":"2025-06-13T11:18:37","slug":"frische-petersilie-aromatischer-bund-einzeln-erhaeltlich","status":"publish","type":"product","link":"https:\/\/hakmarfrance.online\/de\/produit\/frische-petersilie-aromatischer-bund-einzeln-erhaeltlich\/","title":{"rendered":"Frische Petersilie \u2013 Aromatischer Bund \u2013 Einzeln erh\u00e4ltlich"},"content":{"rendered":"","protected":false},"excerpt":{"rendered":"<p data-start=\"414\" data-end=\"727\">Verleihe deinen Gerichten eine frische Note mit unserer <strong data-start=\"469\" data-end=\"500\">frischen Petersilie im Bund<\/strong>. Tagesfrisch geerntet, ist sie ideal, um den Geschmack deiner Salate, Fleischgerichte, Gem\u00fcse, Suppen oder Saucen zu verfeinern. Als unverzichtbarer Bestandteil der mediterranen, orientalischen und europ\u00e4ischen K\u00fcche kann sie roh oder gekocht nach Belieben verzehrt werden.  <\/p>\n<p data-start=\"729\" data-end=\"823\">\ud83c\udf3f Tipp: Hacke ihn fein und gib ihn am Ende der Garzeit hinzu, um alle seine Aromen zu bewahren.<\/p>\n<p data-start=\"825\" data-end=\"990\">\u27a4 Erh\u00e4ltlich <strong data-start=\"835\" data-end=\"857\">st\u00fcckweise (1 Bund)<\/strong><br data-start=\"857\" data-end=\"860\">\u27a4 K\u00fchl und in einem feuchten Tuch aufbewahren<br data-start=\"903\" data-end=\"906\">\u27a4 Ideal f\u00fcr die Hausk\u00fcche, Grillabende, Tajines usw.<br data-start=\"959\" data-end=\"962\">\u27a4 Tagesfrisch \u2013 unbehandelt<\/p>\n<p data-start=\"992\" data-end=\"1062\">\ud83d\ude9a <strong data-start=\"995\" data-end=\"1041\">Lokale Lieferung in Mulhouse und Umgebung<\/strong> \u2013 Frische garantiert<\/p>\n","protected":false},"featured_media":15965,"comment_status":"open","ping_status":"closed","template":"","meta":{"iawp_total_views":0},"product_brand":[],"product_cat":[226,256,233],"product_tag":[],"class_list":{"0":"post-17519","1":"product","2":"type-product","3":"status-publish","4":"has-post-thumbnail","6":"product_cat-alle-unsere-produkte","7":"product_cat-frische-kraeuter","8":"product_cat-obst-gemuse","10":"first","11":"instock","12":"shipping-taxable","13":"purchasable","14":"product-type-simple"},"yoast_head":"<!-- This site is optimized with the Yoast SEO plugin v27.3 - https:\/\/yoast.com\/product\/yoast-seo-wordpress\/ -->\n<title>Frische Petersilie \u2013 Aromatischer Bund \u2013 Einzeln erh\u00e4ltlich - hakmarfrance.online<\/title>\n<meta name=\"robots\" content=\"index, follow, max-snippet:-1, max-image-preview:large, max-video-preview:-1\" \/>\n<link rel=\"canonical\" href=\"https:\/\/hakmarfrance.online\/de\/produit\/frische-petersilie-aromatischer-bund-einzeln-erhaeltlich\/\" \/>\n<meta property=\"og:locale\" content=\"de_DE\" \/>\n<meta property=\"og:type\" content=\"article\" \/>\n<meta property=\"og:title\" content=\"Frische Petersilie \u2013 Aromatischer Bund \u2013 Einzeln erh\u00e4ltlich - hakmarfrance.online\" \/>\n<meta property=\"og:description\" content=\"Verleihe deinen Gerichten eine frische Note mit unserer frischen Petersilie im Bund. Tagesfrisch geerntet, ist sie ideal, um den Geschmack deiner Salate, Fleischgerichte, Gem\u00fcse, Suppen oder Saucen zu verfeinern. Als unverzichtbarer Bestandteil der mediterranen, orientalischen und europ\u00e4ischen K\u00fcche kann sie roh oder gekocht nach Belieben verzehrt werden.  \ud83c\udf3f Tipp: Hacke ihn fein und gib ihn am Ende der Garzeit hinzu, um alle seine Aromen zu bewahren. \u27a4 Erh\u00e4ltlich st\u00fcckweise (1 Bund)\u27a4 K\u00fchl und in einem feuchten Tuch aufbewahren\u27a4 Ideal f\u00fcr die Hausk\u00fcche, Grillabende, Tajines usw.\u27a4 Tagesfrisch \u2013 unbehandelt \ud83d\ude9a Lokale Lieferung in Mulhouse und Umgebung \u2013 Frische garantiert\" \/>\n<meta property=\"og:url\" content=\"https:\/\/hakmarfrance.online\/de\/produit\/frische-petersilie-aromatischer-bund-einzeln-erhaeltlich\/\" \/>\n<meta property=\"og:site_name\" content=\"hakmarfrance.online\" \/>\n<meta property=\"article:publisher\" content=\"https:\/\/www.facebook.com\/HakmarFranceSupermarche\/?locale=fr_FR\" \/>\n<meta name=\"twitter:card\" content=\"summary_large_image\" \/>\n<script type=\"application\/ld+json\" class=\"yoast-schema-graph\">{\"@context\":\"https:\\\/\\\/schema.org\",\"@graph\":[{\"@type\":\"WebPage\",\"@id\":\"https:\\\/\\\/hakmarfrance.online\\\/de\\\/produit\\\/frische-petersilie-aromatischer-bund-einzeln-erhaeltlich\\\/\",\"url\":\"https:\\\/\\\/hakmarfrance.online\\\/de\\\/produit\\\/frische-petersilie-aromatischer-bund-einzeln-erhaeltlich\\\/\",\"name\":\"Frische Petersilie \u2013 Aromatischer Bund \u2013 Einzeln erh\u00e4ltlich - hakmarfrance.online\",\"isPartOf\":{\"@id\":\"https:\\\/\\\/hakmarfrance.online\\\/de\\\/#website\"},\"primaryImageOfPage\":{\"@id\":\"https:\\\/\\\/hakmarfrance.online\\\/de\\\/produit\\\/frische-petersilie-aromatischer-bund-einzeln-erhaeltlich\\\/#primaryimage\"},\"image\":{\"@id\":\"https:\\\/\\\/hakmarfrance.online\\\/de\\\/produit\\\/frische-petersilie-aromatischer-bund-einzeln-erhaeltlich\\\/#primaryimage\"},\"thumbnailUrl\":\"https:\\\/\\\/hakmarfrance.online\\\/wp-content\\\/uploads\\\/2025\\\/06\\\/persil-botte-piece.jpg\",\"datePublished\":\"2025-06-13T11:18:37+00:00\",\"breadcrumb\":{\"@id\":\"https:\\\/\\\/hakmarfrance.online\\\/de\\\/produit\\\/frische-petersilie-aromatischer-bund-einzeln-erhaeltlich\\\/#breadcrumb\"},\"inLanguage\":\"de\",\"potentialAction\":[{\"@type\":\"ReadAction\",\"target\":[\"https:\\\/\\\/hakmarfrance.online\\\/de\\\/produit\\\/frische-petersilie-aromatischer-bund-einzeln-erhaeltlich\\\/\"]}]},{\"@type\":\"ImageObject\",\"inLanguage\":\"de\",\"@id\":\"https:\\\/\\\/hakmarfrance.online\\\/de\\\/produit\\\/frische-petersilie-aromatischer-bund-einzeln-erhaeltlich\\\/#primaryimage\",\"url\":\"https:\\\/\\\/hakmarfrance.online\\\/wp-content\\\/uploads\\\/2025\\\/06\\\/persil-botte-piece.jpg\",\"contentUrl\":\"https:\\\/\\\/hakmarfrance.online\\\/wp-content\\\/uploads\\\/2025\\\/06\\\/persil-botte-piece.jpg\",\"width\":800,\"height\":800},{\"@type\":\"BreadcrumbList\",\"@id\":\"https:\\\/\\\/hakmarfrance.online\\\/de\\\/produit\\\/frische-petersilie-aromatischer-bund-einzeln-erhaeltlich\\\/#breadcrumb\",\"itemListElement\":[{\"@type\":\"ListItem\",\"position\":1,\"name\":\"Accueil\",\"item\":\"https:\\\/\\\/hakmarfrance.online\\\/de\\\/\"},{\"@type\":\"ListItem\",\"position\":2,\"name\":\"Shop\",\"item\":\"https:\\\/\\\/hakmarfrance.online\\\/de\\\/shop\\\/\"},{\"@type\":\"ListItem\",\"position\":3,\"name\":\"Frische Petersilie \u2013 Aromatischer Bund \u2013 Einzeln erh\u00e4ltlich\"}]},{\"@type\":\"WebSite\",\"@id\":\"https:\\\/\\\/hakmarfrance.online\\\/de\\\/#website\",\"url\":\"https:\\\/\\\/hakmarfrance.online\\\/de\\\/\",\"name\":\"hakmarfrance.online\",\"description\":\"\",\"publisher\":{\"@id\":\"https:\\\/\\\/hakmarfrance.online\\\/de\\\/#organization\"},\"potentialAction\":[{\"@type\":\"SearchAction\",\"target\":{\"@type\":\"EntryPoint\",\"urlTemplate\":\"https:\\\/\\\/hakmarfrance.online\\\/de\\\/?s={search_term_string}\"},\"query-input\":{\"@type\":\"PropertyValueSpecification\",\"valueRequired\":true,\"valueName\":\"search_term_string\"}}],\"inLanguage\":\"de\"},{\"@type\":\"Organization\",\"@id\":\"https:\\\/\\\/hakmarfrance.online\\\/de\\\/#organization\",\"name\":\"hakmarfrance.online\",\"url\":\"https:\\\/\\\/hakmarfrance.online\\\/de\\\/\",\"logo\":{\"@type\":\"ImageObject\",\"inLanguage\":\"de\",\"@id\":\"https:\\\/\\\/hakmarfrance.online\\\/de\\\/#\\\/schema\\\/logo\\\/image\\\/\",\"url\":\"https:\\\/\\\/hakmarfrance.online\\\/wp-content\\\/uploads\\\/2025\\\/06\\\/logo-hakmarfrance.png\",\"contentUrl\":\"https:\\\/\\\/hakmarfrance.online\\\/wp-content\\\/uploads\\\/2025\\\/06\\\/logo-hakmarfrance.png\",\"width\":528,\"height\":232,\"caption\":\"hakmarfrance.online\"},\"image\":{\"@id\":\"https:\\\/\\\/hakmarfrance.online\\\/de\\\/#\\\/schema\\\/logo\\\/image\\\/\"},\"sameAs\":[\"https:\\\/\\\/www.facebook.com\\\/HakmarFranceSupermarche\\\/?locale=fr_FR\",\"https:\\\/\\\/www.instagram.com\\\/hakmarfrancesupermarche\\\/\"]}]}<\/script>\n<!-- \/ Yoast SEO plugin. -->","yoast_head_json":{"title":"Frische Petersilie \u2013 Aromatischer Bund \u2013 Einzeln erh\u00e4ltlich - hakmarfrance.online","robots":{"index":"index","follow":"follow","max-snippet":"max-snippet:-1","max-image-preview":"max-image-preview:large","max-video-preview":"max-video-preview:-1"},"canonical":"https:\/\/hakmarfrance.online\/de\/produit\/frische-petersilie-aromatischer-bund-einzeln-erhaeltlich\/","og_locale":"de_DE","og_type":"article","og_title":"Frische Petersilie \u2013 Aromatischer Bund \u2013 Einzeln erh\u00e4ltlich - hakmarfrance.online","og_description":"Verleihe deinen Gerichten eine frische Note mit unserer frischen Petersilie im Bund. Tagesfrisch geerntet, ist sie ideal, um den Geschmack deiner Salate, Fleischgerichte, Gem\u00fcse, Suppen oder Saucen zu verfeinern. Als unverzichtbarer Bestandteil der mediterranen, orientalischen und europ\u00e4ischen K\u00fcche kann sie roh oder gekocht nach Belieben verzehrt werden.  \ud83c\udf3f Tipp: Hacke ihn fein und gib ihn am Ende der Garzeit hinzu, um alle seine Aromen zu bewahren. \u27a4 Erh\u00e4ltlich st\u00fcckweise (1 Bund)\u27a4 K\u00fchl und in einem feuchten Tuch aufbewahren\u27a4 Ideal f\u00fcr die Hausk\u00fcche, Grillabende, Tajines usw.\u27a4 Tagesfrisch \u2013 unbehandelt \ud83d\ude9a Lokale Lieferung in Mulhouse und Umgebung \u2013 Frische garantiert","og_url":"https:\/\/hakmarfrance.online\/de\/produit\/frische-petersilie-aromatischer-bund-einzeln-erhaeltlich\/","og_site_name":"hakmarfrance.online","article_publisher":"https:\/\/www.facebook.com\/HakmarFranceSupermarche\/?locale=fr_FR","twitter_card":"summary_large_image","schema":{"@context":"https:\/\/schema.org","@graph":[{"@type":"WebPage","@id":"https:\/\/hakmarfrance.online\/de\/produit\/frische-petersilie-aromatischer-bund-einzeln-erhaeltlich\/","url":"https:\/\/hakmarfrance.online\/de\/produit\/frische-petersilie-aromatischer-bund-einzeln-erhaeltlich\/","name":"Frische Petersilie \u2013 Aromatischer Bund \u2013 Einzeln erh\u00e4ltlich - hakmarfrance.online","isPartOf":{"@id":"https:\/\/hakmarfrance.online\/de\/#website"},"primaryImageOfPage":{"@id":"https:\/\/hakmarfrance.online\/de\/produit\/frische-petersilie-aromatischer-bund-einzeln-erhaeltlich\/#primaryimage"},"image":{"@id":"https:\/\/hakmarfrance.online\/de\/produit\/frische-petersilie-aromatischer-bund-einzeln-erhaeltlich\/#primaryimage"},"thumbnailUrl":"https:\/\/hakmarfrance.online\/wp-content\/uploads\/2025\/06\/persil-botte-piece.jpg","datePublished":"2025-06-13T11:18:37+00:00","breadcrumb":{"@id":"https:\/\/hakmarfrance.online\/de\/produit\/frische-petersilie-aromatischer-bund-einzeln-erhaeltlich\/#breadcrumb"},"inLanguage":"de","potentialAction":[{"@type":"ReadAction","target":["https:\/\/hakmarfrance.online\/de\/produit\/frische-petersilie-aromatischer-bund-einzeln-erhaeltlich\/"]}]},{"@type":"ImageObject","inLanguage":"de","@id":"https:\/\/hakmarfrance.online\/de\/produit\/frische-petersilie-aromatischer-bund-einzeln-erhaeltlich\/#primaryimage","url":"https:\/\/hakmarfrance.online\/wp-content\/uploads\/2025\/06\/persil-botte-piece.jpg","contentUrl":"https:\/\/hakmarfrance.online\/wp-content\/uploads\/2025\/06\/persil-botte-piece.jpg","width":800,"height":800},{"@type":"BreadcrumbList","@id":"https:\/\/hakmarfrance.online\/de\/produit\/frische-petersilie-aromatischer-bund-einzeln-erhaeltlich\/#breadcrumb","itemListElement":[{"@type":"ListItem","position":1,"name":"Accueil","item":"https:\/\/hakmarfrance.online\/de\/"},{"@type":"ListItem","position":2,"name":"Shop","item":"https:\/\/hakmarfrance.online\/de\/shop\/"},{"@type":"ListItem","position":3,"name":"Frische Petersilie \u2013 Aromatischer Bund \u2013 Einzeln erh\u00e4ltlich"}]},{"@type":"WebSite","@id":"https:\/\/hakmarfrance.online\/de\/#website","url":"https:\/\/hakmarfrance.online\/de\/","name":"hakmarfrance.online","description":"","publisher":{"@id":"https:\/\/hakmarfrance.online\/de\/#organization"},"potentialAction":[{"@type":"SearchAction","target":{"@type":"EntryPoint","urlTemplate":"https:\/\/hakmarfrance.online\/de\/?s={search_term_string}"},"query-input":{"@type":"PropertyValueSpecification","valueRequired":true,"valueName":"search_term_string"}}],"inLanguage":"de"},{"@type":"Organization","@id":"https:\/\/hakmarfrance.online\/de\/#organization","name":"hakmarfrance.online","url":"https:\/\/hakmarfrance.online\/de\/","logo":{"@type":"ImageObject","inLanguage":"de","@id":"https:\/\/hakmarfrance.online\/de\/#\/schema\/logo\/image\/","url":"https:\/\/hakmarfrance.online\/wp-content\/uploads\/2025\/06\/logo-hakmarfrance.png","contentUrl":"https:\/\/hakmarfrance.online\/wp-content\/uploads\/2025\/06\/logo-hakmarfrance.png","width":528,"height":232,"caption":"hakmarfrance.online"},"image":{"@id":"https:\/\/hakmarfrance.online\/de\/#\/schema\/logo\/image\/"},"sameAs":["https:\/\/www.facebook.com\/HakmarFranceSupermarche\/?locale=fr_FR","https:\/\/www.instagram.com\/hakmarfrancesupermarche\/"]}]}},"_links":{"self":[{"href":"https:\/\/hakmarfrance.online\/de\/wp-json\/wp\/v2\/product\/17519","targetHints":{"allow":["GET"]}}],"collection":[{"href":"https:\/\/hakmarfrance.online\/de\/wp-json\/wp\/v2\/product"}],"about":[{"href":"https:\/\/hakmarfrance.online\/de\/wp-json\/wp\/v2\/types\/product"}],"replies":[{"embeddable":true,"href":"https:\/\/hakmarfrance.online\/de\/wp-json\/wp\/v2\/comments?post=17519"}],"version-history":[{"count":0,"href":"https:\/\/hakmarfrance.online\/de\/wp-json\/wp\/v2\/product\/17519\/revisions"}],"wp:featuredmedia":[{"embeddable":true,"href":"https:\/\/hakmarfrance.online\/de\/wp-json\/wp\/v2\/media\/15965"}],"wp:attachment":[{"href":"https:\/\/hakmarfrance.online\/de\/wp-json\/wp\/v2\/media?parent=17519"}],"wp:term":[{"taxonomy":"product_brand","embeddable":true,"href":"https:\/\/hakmarfrance.online\/de\/wp-json\/wp\/v2\/product_brand?post=17519"},{"taxonomy":"product_cat","embeddable":true,"href":"https:\/\/hakmarfrance.online\/de\/wp-json\/wp\/v2\/product_cat?post=17519"},{"taxonomy":"product_tag","embeddable":true,"href":"https:\/\/hakmarfrance.online\/de\/wp-json\/wp\/v2\/product_tag?post=17519"}],"curies":[{"name":"wp","href":"https:\/\/api.w.org\/{rel}","templated":true}]}}