{"id":17521,"date":"2025-06-13T11:19:26","date_gmt":"2025-06-13T11:19:26","guid":{"rendered":"https:\/\/hakmarfrance.online\/produit\/frische-minze-aromatisches-bund-bundweise-erhaeltlich\/"},"modified":"2025-06-13T11:19:26","modified_gmt":"2025-06-13T11:19:26","slug":"frische-minze-aromatisches-bund-bundweise-erhaeltlich","status":"publish","type":"product","link":"https:\/\/hakmarfrance.online\/de\/produit\/frische-minze-aromatisches-bund-bundweise-erhaeltlich\/","title":{"rendered":"Frische Minze \u2013 Aromatisches Bund \u2013 Bundweise erh\u00e4ltlich"},"content":{"rendered":"","protected":false},"excerpt":{"rendered":"<p data-start=\"389\" data-end=\"650\">Verleihe deinen Rezepten eine frische Note mit unserem <strong data-start=\"448\" data-end=\"475\">Bund frischer Minze<\/strong>. Unverzichtbar f\u00fcr Minztee, Taboul\u00e9 oder orientalische Gerichte, passt sie auch perfekt zu Obst, Desserts oder erfrischenden Getr\u00e4nken. <\/p>\n<p data-start=\"652\" data-end=\"760\">\ud83c\udf3f Tipp: Lagere sie in einem Glas Wasser k\u00fchl, um ihre Haltbarkeit zu verl\u00e4ngern und ihr Aroma zu bewahren.<\/p>\n<p data-start=\"762\" data-end=\"970\">\u27a4 Verkauf pro <strong data-start=\"772\" data-end=\"806\">St\u00fcck (1 gut gef\u00fclltes Bund)<\/strong><br data-start=\"806\" data-end=\"809\">\u27a4 Ideal f\u00fcr Aufg\u00fcsse, orientalische K\u00fcche, Geb\u00e4ck oder Cocktails<br data-start=\"876\" data-end=\"879\">\u27a4 Unbehandeltes Produkt \u2013 tagesfrisch<br data-start=\"919\" data-end=\"922\">\u27a4 K\u00fchl lagern oder zum Aufgie\u00dfen trocknen<\/p>\n<p data-start=\"972\" data-end=\"1046\">\ud83d\ude9a Hauslieferung in <strong data-start=\"1000\" data-end=\"1025\">M\u00fclhausen und Umgebung<\/strong> \u2013 Frische garantiert<\/p>\n","protected":false},"featured_media":16814,"comment_status":"open","ping_status":"closed","template":"","meta":{"iawp_total_views":0},"product_brand":[],"product_cat":[226,256,233],"product_tag":[],"class_list":{"0":"post-17521","1":"product","2":"type-product","3":"status-publish","4":"has-post-thumbnail","6":"product_cat-alle-unsere-produkte","7":"product_cat-frische-kraeuter","8":"product_cat-obst-gemuse","10":"first","11":"instock","12":"shipping-taxable","13":"purchasable","14":"product-type-simple"},"yoast_head":"<!-- This site is optimized with the Yoast SEO plugin v27.3 - https:\/\/yoast.com\/product\/yoast-seo-wordpress\/ -->\n<title>Frische Minze \u2013 Aromatisches Bund \u2013 Bundweise erh\u00e4ltlich - hakmarfrance.online<\/title>\n<meta name=\"robots\" content=\"index, follow, max-snippet:-1, max-image-preview:large, max-video-preview:-1\" \/>\n<link rel=\"canonical\" href=\"https:\/\/hakmarfrance.online\/de\/produit\/frische-minze-aromatisches-bund-bundweise-erhaeltlich\/\" \/>\n<meta property=\"og:locale\" content=\"de_DE\" \/>\n<meta property=\"og:type\" content=\"article\" \/>\n<meta property=\"og:title\" content=\"Frische Minze \u2013 Aromatisches Bund \u2013 Bundweise erh\u00e4ltlich - hakmarfrance.online\" \/>\n<meta property=\"og:description\" content=\"Verleihe deinen Rezepten eine frische Note mit unserem Bund frischer Minze. Unverzichtbar f\u00fcr Minztee, Taboul\u00e9 oder orientalische Gerichte, passt sie auch perfekt zu Obst, Desserts oder erfrischenden Getr\u00e4nken. \ud83c\udf3f Tipp: Lagere sie in einem Glas Wasser k\u00fchl, um ihre Haltbarkeit zu verl\u00e4ngern und ihr Aroma zu bewahren. \u27a4 Verkauf pro St\u00fcck (1 gut gef\u00fclltes Bund)\u27a4 Ideal f\u00fcr Aufg\u00fcsse, orientalische K\u00fcche, Geb\u00e4ck oder Cocktails\u27a4 Unbehandeltes Produkt \u2013 tagesfrisch\u27a4 K\u00fchl lagern oder zum Aufgie\u00dfen trocknen \ud83d\ude9a Hauslieferung in M\u00fclhausen und Umgebung \u2013 Frische garantiert\" \/>\n<meta property=\"og:url\" content=\"https:\/\/hakmarfrance.online\/de\/produit\/frische-minze-aromatisches-bund-bundweise-erhaeltlich\/\" \/>\n<meta property=\"og:site_name\" content=\"hakmarfrance.online\" \/>\n<meta property=\"article:publisher\" content=\"https:\/\/www.facebook.com\/HakmarFranceSupermarche\/?locale=fr_FR\" \/>\n<meta property=\"og:image\" content=\"https:\/\/hakmarfrance.online\/wp-content\/uploads\/2025\/06\/botte-menthe.avif\" \/>\n\t<meta property=\"og:image:width\" content=\"1000\" \/>\n\t<meta property=\"og:image:height\" content=\"800\" \/>\n\t<meta property=\"og:image:type\" content=\"image\/png\" \/>\n<meta name=\"twitter:card\" content=\"summary_large_image\" \/>\n<script type=\"application\/ld+json\" class=\"yoast-schema-graph\">{\"@context\":\"https:\\\/\\\/schema.org\",\"@graph\":[{\"@type\":\"WebPage\",\"@id\":\"https:\\\/\\\/hakmarfrance.online\\\/de\\\/produit\\\/frische-minze-aromatisches-bund-bundweise-erhaeltlich\\\/\",\"url\":\"https:\\\/\\\/hakmarfrance.online\\\/de\\\/produit\\\/frische-minze-aromatisches-bund-bundweise-erhaeltlich\\\/\",\"name\":\"Frische Minze \u2013 Aromatisches Bund \u2013 Bundweise erh\u00e4ltlich - hakmarfrance.online\",\"isPartOf\":{\"@id\":\"https:\\\/\\\/hakmarfrance.online\\\/de\\\/#website\"},\"primaryImageOfPage\":{\"@id\":\"https:\\\/\\\/hakmarfrance.online\\\/de\\\/produit\\\/frische-minze-aromatisches-bund-bundweise-erhaeltlich\\\/#primaryimage\"},\"image\":{\"@id\":\"https:\\\/\\\/hakmarfrance.online\\\/de\\\/produit\\\/frische-minze-aromatisches-bund-bundweise-erhaeltlich\\\/#primaryimage\"},\"thumbnailUrl\":\"https:\\\/\\\/hakmarfrance.online\\\/wp-content\\\/uploads\\\/2025\\\/06\\\/botte-menthe.avif\",\"datePublished\":\"2025-06-13T11:19:26+00:00\",\"breadcrumb\":{\"@id\":\"https:\\\/\\\/hakmarfrance.online\\\/de\\\/produit\\\/frische-minze-aromatisches-bund-bundweise-erhaeltlich\\\/#breadcrumb\"},\"inLanguage\":\"de\",\"potentialAction\":[{\"@type\":\"ReadAction\",\"target\":[\"https:\\\/\\\/hakmarfrance.online\\\/de\\\/produit\\\/frische-minze-aromatisches-bund-bundweise-erhaeltlich\\\/\"]}]},{\"@type\":\"ImageObject\",\"inLanguage\":\"de\",\"@id\":\"https:\\\/\\\/hakmarfrance.online\\\/de\\\/produit\\\/frische-minze-aromatisches-bund-bundweise-erhaeltlich\\\/#primaryimage\",\"url\":\"https:\\\/\\\/hakmarfrance.online\\\/wp-content\\\/uploads\\\/2025\\\/06\\\/botte-menthe.avif\",\"contentUrl\":\"https:\\\/\\\/hakmarfrance.online\\\/wp-content\\\/uploads\\\/2025\\\/06\\\/botte-menthe.avif\",\"width\":1000,\"height\":800},{\"@type\":\"BreadcrumbList\",\"@id\":\"https:\\\/\\\/hakmarfrance.online\\\/de\\\/produit\\\/frische-minze-aromatisches-bund-bundweise-erhaeltlich\\\/#breadcrumb\",\"itemListElement\":[{\"@type\":\"ListItem\",\"position\":1,\"name\":\"Accueil\",\"item\":\"https:\\\/\\\/hakmarfrance.online\\\/de\\\/\"},{\"@type\":\"ListItem\",\"position\":2,\"name\":\"Shop\",\"item\":\"https:\\\/\\\/hakmarfrance.online\\\/de\\\/shop\\\/\"},{\"@type\":\"ListItem\",\"position\":3,\"name\":\"Frische Minze \u2013 Aromatisches Bund \u2013 Bundweise erh\u00e4ltlich\"}]},{\"@type\":\"WebSite\",\"@id\":\"https:\\\/\\\/hakmarfrance.online\\\/de\\\/#website\",\"url\":\"https:\\\/\\\/hakmarfrance.online\\\/de\\\/\",\"name\":\"hakmarfrance.online\",\"description\":\"\",\"publisher\":{\"@id\":\"https:\\\/\\\/hakmarfrance.online\\\/de\\\/#organization\"},\"potentialAction\":[{\"@type\":\"SearchAction\",\"target\":{\"@type\":\"EntryPoint\",\"urlTemplate\":\"https:\\\/\\\/hakmarfrance.online\\\/de\\\/?s={search_term_string}\"},\"query-input\":{\"@type\":\"PropertyValueSpecification\",\"valueRequired\":true,\"valueName\":\"search_term_string\"}}],\"inLanguage\":\"de\"},{\"@type\":\"Organization\",\"@id\":\"https:\\\/\\\/hakmarfrance.online\\\/de\\\/#organization\",\"name\":\"hakmarfrance.online\",\"url\":\"https:\\\/\\\/hakmarfrance.online\\\/de\\\/\",\"logo\":{\"@type\":\"ImageObject\",\"inLanguage\":\"de\",\"@id\":\"https:\\\/\\\/hakmarfrance.online\\\/de\\\/#\\\/schema\\\/logo\\\/image\\\/\",\"url\":\"https:\\\/\\\/hakmarfrance.online\\\/wp-content\\\/uploads\\\/2025\\\/06\\\/logo-hakmarfrance.png\",\"contentUrl\":\"https:\\\/\\\/hakmarfrance.online\\\/wp-content\\\/uploads\\\/2025\\\/06\\\/logo-hakmarfrance.png\",\"width\":528,\"height\":232,\"caption\":\"hakmarfrance.online\"},\"image\":{\"@id\":\"https:\\\/\\\/hakmarfrance.online\\\/de\\\/#\\\/schema\\\/logo\\\/image\\\/\"},\"sameAs\":[\"https:\\\/\\\/www.facebook.com\\\/HakmarFranceSupermarche\\\/?locale=fr_FR\",\"https:\\\/\\\/www.instagram.com\\\/hakmarfrancesupermarche\\\/\"]}]}<\/script>\n<!-- \/ Yoast SEO plugin. -->","yoast_head_json":{"title":"Frische Minze \u2013 Aromatisches Bund \u2013 Bundweise erh\u00e4ltlich - hakmarfrance.online","robots":{"index":"index","follow":"follow","max-snippet":"max-snippet:-1","max-image-preview":"max-image-preview:large","max-video-preview":"max-video-preview:-1"},"canonical":"https:\/\/hakmarfrance.online\/de\/produit\/frische-minze-aromatisches-bund-bundweise-erhaeltlich\/","og_locale":"de_DE","og_type":"article","og_title":"Frische Minze \u2013 Aromatisches Bund \u2013 Bundweise erh\u00e4ltlich - hakmarfrance.online","og_description":"Verleihe deinen Rezepten eine frische Note mit unserem Bund frischer Minze. Unverzichtbar f\u00fcr Minztee, Taboul\u00e9 oder orientalische Gerichte, passt sie auch perfekt zu Obst, Desserts oder erfrischenden Getr\u00e4nken. \ud83c\udf3f Tipp: Lagere sie in einem Glas Wasser k\u00fchl, um ihre Haltbarkeit zu verl\u00e4ngern und ihr Aroma zu bewahren. \u27a4 Verkauf pro St\u00fcck (1 gut gef\u00fclltes Bund)\u27a4 Ideal f\u00fcr Aufg\u00fcsse, orientalische K\u00fcche, Geb\u00e4ck oder Cocktails\u27a4 Unbehandeltes Produkt \u2013 tagesfrisch\u27a4 K\u00fchl lagern oder zum Aufgie\u00dfen trocknen \ud83d\ude9a Hauslieferung in M\u00fclhausen und Umgebung \u2013 Frische garantiert","og_url":"https:\/\/hakmarfrance.online\/de\/produit\/frische-minze-aromatisches-bund-bundweise-erhaeltlich\/","og_site_name":"hakmarfrance.online","article_publisher":"https:\/\/www.facebook.com\/HakmarFranceSupermarche\/?locale=fr_FR","og_image":[{"width":1000,"height":800,"url":"https:\/\/hakmarfrance.online\/wp-content\/uploads\/2025\/06\/botte-menthe.avif","type":"image\/png"}],"twitter_card":"summary_large_image","schema":{"@context":"https:\/\/schema.org","@graph":[{"@type":"WebPage","@id":"https:\/\/hakmarfrance.online\/de\/produit\/frische-minze-aromatisches-bund-bundweise-erhaeltlich\/","url":"https:\/\/hakmarfrance.online\/de\/produit\/frische-minze-aromatisches-bund-bundweise-erhaeltlich\/","name":"Frische Minze \u2013 Aromatisches Bund \u2013 Bundweise erh\u00e4ltlich - hakmarfrance.online","isPartOf":{"@id":"https:\/\/hakmarfrance.online\/de\/#website"},"primaryImageOfPage":{"@id":"https:\/\/hakmarfrance.online\/de\/produit\/frische-minze-aromatisches-bund-bundweise-erhaeltlich\/#primaryimage"},"image":{"@id":"https:\/\/hakmarfrance.online\/de\/produit\/frische-minze-aromatisches-bund-bundweise-erhaeltlich\/#primaryimage"},"thumbnailUrl":"https:\/\/hakmarfrance.online\/wp-content\/uploads\/2025\/06\/botte-menthe.avif","datePublished":"2025-06-13T11:19:26+00:00","breadcrumb":{"@id":"https:\/\/hakmarfrance.online\/de\/produit\/frische-minze-aromatisches-bund-bundweise-erhaeltlich\/#breadcrumb"},"inLanguage":"de","potentialAction":[{"@type":"ReadAction","target":["https:\/\/hakmarfrance.online\/de\/produit\/frische-minze-aromatisches-bund-bundweise-erhaeltlich\/"]}]},{"@type":"ImageObject","inLanguage":"de","@id":"https:\/\/hakmarfrance.online\/de\/produit\/frische-minze-aromatisches-bund-bundweise-erhaeltlich\/#primaryimage","url":"https:\/\/hakmarfrance.online\/wp-content\/uploads\/2025\/06\/botte-menthe.avif","contentUrl":"https:\/\/hakmarfrance.online\/wp-content\/uploads\/2025\/06\/botte-menthe.avif","width":1000,"height":800},{"@type":"BreadcrumbList","@id":"https:\/\/hakmarfrance.online\/de\/produit\/frische-minze-aromatisches-bund-bundweise-erhaeltlich\/#breadcrumb","itemListElement":[{"@type":"ListItem","position":1,"name":"Accueil","item":"https:\/\/hakmarfrance.online\/de\/"},{"@type":"ListItem","position":2,"name":"Shop","item":"https:\/\/hakmarfrance.online\/de\/shop\/"},{"@type":"ListItem","position":3,"name":"Frische Minze \u2013 Aromatisches Bund \u2013 Bundweise erh\u00e4ltlich"}]},{"@type":"WebSite","@id":"https:\/\/hakmarfrance.online\/de\/#website","url":"https:\/\/hakmarfrance.online\/de\/","name":"hakmarfrance.online","description":"","publisher":{"@id":"https:\/\/hakmarfrance.online\/de\/#organization"},"potentialAction":[{"@type":"SearchAction","target":{"@type":"EntryPoint","urlTemplate":"https:\/\/hakmarfrance.online\/de\/?s={search_term_string}"},"query-input":{"@type":"PropertyValueSpecification","valueRequired":true,"valueName":"search_term_string"}}],"inLanguage":"de"},{"@type":"Organization","@id":"https:\/\/hakmarfrance.online\/de\/#organization","name":"hakmarfrance.online","url":"https:\/\/hakmarfrance.online\/de\/","logo":{"@type":"ImageObject","inLanguage":"de","@id":"https:\/\/hakmarfrance.online\/de\/#\/schema\/logo\/image\/","url":"https:\/\/hakmarfrance.online\/wp-content\/uploads\/2025\/06\/logo-hakmarfrance.png","contentUrl":"https:\/\/hakmarfrance.online\/wp-content\/uploads\/2025\/06\/logo-hakmarfrance.png","width":528,"height":232,"caption":"hakmarfrance.online"},"image":{"@id":"https:\/\/hakmarfrance.online\/de\/#\/schema\/logo\/image\/"},"sameAs":["https:\/\/www.facebook.com\/HakmarFranceSupermarche\/?locale=fr_FR","https:\/\/www.instagram.com\/hakmarfrancesupermarche\/"]}]}},"_links":{"self":[{"href":"https:\/\/hakmarfrance.online\/de\/wp-json\/wp\/v2\/product\/17521","targetHints":{"allow":["GET"]}}],"collection":[{"href":"https:\/\/hakmarfrance.online\/de\/wp-json\/wp\/v2\/product"}],"about":[{"href":"https:\/\/hakmarfrance.online\/de\/wp-json\/wp\/v2\/types\/product"}],"replies":[{"embeddable":true,"href":"https:\/\/hakmarfrance.online\/de\/wp-json\/wp\/v2\/comments?post=17521"}],"version-history":[{"count":0,"href":"https:\/\/hakmarfrance.online\/de\/wp-json\/wp\/v2\/product\/17521\/revisions"}],"wp:featuredmedia":[{"embeddable":true,"href":"https:\/\/hakmarfrance.online\/de\/wp-json\/wp\/v2\/media\/16814"}],"wp:attachment":[{"href":"https:\/\/hakmarfrance.online\/de\/wp-json\/wp\/v2\/media?parent=17521"}],"wp:term":[{"taxonomy":"product_brand","embeddable":true,"href":"https:\/\/hakmarfrance.online\/de\/wp-json\/wp\/v2\/product_brand?post=17521"},{"taxonomy":"product_cat","embeddable":true,"href":"https:\/\/hakmarfrance.online\/de\/wp-json\/wp\/v2\/product_cat?post=17521"},{"taxonomy":"product_tag","embeddable":true,"href":"https:\/\/hakmarfrance.online\/de\/wp-json\/wp\/v2\/product_tag?post=17521"}],"curies":[{"name":"wp","href":"https:\/\/api.w.org\/{rel}","templated":true}]}}