{"id":17569,"date":"2025-07-04T20:56:11","date_gmt":"2025-07-04T20:56:11","guid":{"rendered":"https:\/\/hakmarfrance.online\/produit\/ayran-nefis-natuerliches-tuerkisches-milchgetraenk-250-g\/"},"modified":"2025-07-04T20:56:11","modified_gmt":"2025-07-04T20:56:11","slug":"ayran-nefis-natuerliches-tuerkisches-milchgetraenk-250-g","status":"publish","type":"product","link":"https:\/\/hakmarfrance.online\/de\/produit\/ayran-nefis-natuerliches-tuerkisches-milchgetraenk-250-g\/","title":{"rendered":"Ayran Nefis \u2013 Nat\u00fcrliches t\u00fcrkisches Milchgetr\u00e4nk 250 g"},"content":{"rendered":"","protected":false},"excerpt":{"rendered":"<p data-start=\"291\" data-end=\"541\">Erfrische dich mit <strong data-start=\"317\" data-end=\"332\">Ayran Nefis<\/strong>, einem traditionellen t\u00fcrkischen Joghurtgetr\u00e4nk, leicht und nat\u00fcrlich. Dieses 250-g-Format ist ideal f\u00fcr eine gesunde und durstl\u00f6schende Pause, perfekt im Sommer oder als Begleitung zu deinen mediterranen und orientalischen Gerichten. <\/p>\n<p data-start=\"543\" data-end=\"696\">\u2714\ufe0f Nat\u00fcrliche und cremige Rezeptur<br data-start=\"576\" data-end=\"579\">\u2714\ufe0f Reich an n\u00fctzlichen Milchs\u00e4urebakterien<br data-start=\"620\" data-end=\"623\">\u2714\ufe0f Ohne Zusatzstoffe und Konservierungsmittel<br data-start=\"656\" data-end=\"659\">\u2714\ufe0f Fl\u00fcssige Textur und ausgewogener Geschmack<\/p>\n<p data-start=\"698\" data-end=\"768\">Gut gek\u00fchlt genie\u00dfen f\u00fcr ein <strong data-start=\"730\" data-end=\"766\">sofortiges Frischegef\u00fchl<\/strong>!<\/p>\n","protected":false},"featured_media":17571,"comment_status":"open","ping_status":"closed","template":"","meta":{"iawp_total_views":0},"product_brand":[202],"product_cat":[226,257,231],"product_tag":[],"class_list":{"0":"post-17569","1":"product","2":"type-product","3":"status-publish","4":"has-post-thumbnail","6":"product_brand-nefis","7":"product_cat-alle-unsere-produkte","8":"product_cat-ayran-tuerkische-limonade","9":"product_cat-getranke","11":"first","12":"instock","13":"shipping-taxable","14":"purchasable","15":"product-type-simple"},"yoast_head":"<!-- This site is optimized with the Yoast SEO plugin v27.3 - https:\/\/yoast.com\/product\/yoast-seo-wordpress\/ -->\n<title>Ayran Nefis \u2013 Nat\u00fcrliches t\u00fcrkisches Milchgetr\u00e4nk 250 g - hakmarfrance.online<\/title>\n<meta name=\"robots\" content=\"index, follow, max-snippet:-1, max-image-preview:large, max-video-preview:-1\" \/>\n<link rel=\"canonical\" href=\"https:\/\/hakmarfrance.online\/de\/produit\/ayran-nefis-natuerliches-tuerkisches-milchgetraenk-250-g\/\" \/>\n<meta property=\"og:locale\" content=\"de_DE\" \/>\n<meta property=\"og:type\" content=\"article\" \/>\n<meta property=\"og:title\" content=\"Ayran Nefis \u2013 Nat\u00fcrliches t\u00fcrkisches Milchgetr\u00e4nk 250 g - hakmarfrance.online\" \/>\n<meta property=\"og:description\" content=\"Erfrische dich mit Ayran Nefis, einem traditionellen t\u00fcrkischen Joghurtgetr\u00e4nk, leicht und nat\u00fcrlich. Dieses 250-g-Format ist ideal f\u00fcr eine gesunde und durstl\u00f6schende Pause, perfekt im Sommer oder als Begleitung zu deinen mediterranen und orientalischen Gerichten. \u2714\ufe0f Nat\u00fcrliche und cremige Rezeptur\u2714\ufe0f Reich an n\u00fctzlichen Milchs\u00e4urebakterien\u2714\ufe0f Ohne Zusatzstoffe und Konservierungsmittel\u2714\ufe0f Fl\u00fcssige Textur und ausgewogener Geschmack Gut gek\u00fchlt genie\u00dfen f\u00fcr ein sofortiges Frischegef\u00fchl!\" \/>\n<meta property=\"og:url\" content=\"https:\/\/hakmarfrance.online\/de\/produit\/ayran-nefis-natuerliches-tuerkisches-milchgetraenk-250-g\/\" \/>\n<meta property=\"og:site_name\" content=\"hakmarfrance.online\" \/>\n<meta property=\"article:publisher\" content=\"https:\/\/www.facebook.com\/HakmarFranceSupermarche\/?locale=fr_FR\" \/>\n<meta property=\"og:image\" content=\"https:\/\/hakmarfrance.online\/wp-content\/uploads\/2025\/07\/ayran-nefis-250g.avif\" \/>\n\t<meta property=\"og:image:width\" content=\"1000\" \/>\n\t<meta property=\"og:image:height\" content=\"800\" \/>\n\t<meta property=\"og:image:type\" content=\"image\/png\" \/>\n<meta name=\"twitter:card\" content=\"summary_large_image\" \/>\n<script type=\"application\/ld+json\" class=\"yoast-schema-graph\">{\"@context\":\"https:\\\/\\\/schema.org\",\"@graph\":[{\"@type\":\"WebPage\",\"@id\":\"https:\\\/\\\/hakmarfrance.online\\\/de\\\/produit\\\/ayran-nefis-natuerliches-tuerkisches-milchgetraenk-250-g\\\/\",\"url\":\"https:\\\/\\\/hakmarfrance.online\\\/de\\\/produit\\\/ayran-nefis-natuerliches-tuerkisches-milchgetraenk-250-g\\\/\",\"name\":\"Ayran Nefis \u2013 Nat\u00fcrliches t\u00fcrkisches Milchgetr\u00e4nk 250 g - hakmarfrance.online\",\"isPartOf\":{\"@id\":\"https:\\\/\\\/hakmarfrance.online\\\/de\\\/#website\"},\"primaryImageOfPage\":{\"@id\":\"https:\\\/\\\/hakmarfrance.online\\\/de\\\/produit\\\/ayran-nefis-natuerliches-tuerkisches-milchgetraenk-250-g\\\/#primaryimage\"},\"image\":{\"@id\":\"https:\\\/\\\/hakmarfrance.online\\\/de\\\/produit\\\/ayran-nefis-natuerliches-tuerkisches-milchgetraenk-250-g\\\/#primaryimage\"},\"thumbnailUrl\":\"https:\\\/\\\/hakmarfrance.online\\\/wp-content\\\/uploads\\\/2025\\\/07\\\/ayran-nefis-250g.avif\",\"datePublished\":\"2025-07-04T20:56:11+00:00\",\"breadcrumb\":{\"@id\":\"https:\\\/\\\/hakmarfrance.online\\\/de\\\/produit\\\/ayran-nefis-natuerliches-tuerkisches-milchgetraenk-250-g\\\/#breadcrumb\"},\"inLanguage\":\"de\",\"potentialAction\":[{\"@type\":\"ReadAction\",\"target\":[\"https:\\\/\\\/hakmarfrance.online\\\/de\\\/produit\\\/ayran-nefis-natuerliches-tuerkisches-milchgetraenk-250-g\\\/\"]}]},{\"@type\":\"ImageObject\",\"inLanguage\":\"de\",\"@id\":\"https:\\\/\\\/hakmarfrance.online\\\/de\\\/produit\\\/ayran-nefis-natuerliches-tuerkisches-milchgetraenk-250-g\\\/#primaryimage\",\"url\":\"https:\\\/\\\/hakmarfrance.online\\\/wp-content\\\/uploads\\\/2025\\\/07\\\/ayran-nefis-250g.avif\",\"contentUrl\":\"https:\\\/\\\/hakmarfrance.online\\\/wp-content\\\/uploads\\\/2025\\\/07\\\/ayran-nefis-250g.avif\",\"width\":1000,\"height\":800,\"caption\":\"Ayran Nefis 250 g \u2013 traditionelles t\u00fcrkisches Joghurtgetr\u00e4nk\"},{\"@type\":\"BreadcrumbList\",\"@id\":\"https:\\\/\\\/hakmarfrance.online\\\/de\\\/produit\\\/ayran-nefis-natuerliches-tuerkisches-milchgetraenk-250-g\\\/#breadcrumb\",\"itemListElement\":[{\"@type\":\"ListItem\",\"position\":1,\"name\":\"Accueil\",\"item\":\"https:\\\/\\\/hakmarfrance.online\\\/de\\\/\"},{\"@type\":\"ListItem\",\"position\":2,\"name\":\"Shop\",\"item\":\"https:\\\/\\\/hakmarfrance.online\\\/de\\\/shop\\\/\"},{\"@type\":\"ListItem\",\"position\":3,\"name\":\"Ayran Nefis \u2013 Nat\u00fcrliches t\u00fcrkisches Milchgetr\u00e4nk 250 g\"}]},{\"@type\":\"WebSite\",\"@id\":\"https:\\\/\\\/hakmarfrance.online\\\/de\\\/#website\",\"url\":\"https:\\\/\\\/hakmarfrance.online\\\/de\\\/\",\"name\":\"hakmarfrance.online\",\"description\":\"\",\"publisher\":{\"@id\":\"https:\\\/\\\/hakmarfrance.online\\\/de\\\/#organization\"},\"potentialAction\":[{\"@type\":\"SearchAction\",\"target\":{\"@type\":\"EntryPoint\",\"urlTemplate\":\"https:\\\/\\\/hakmarfrance.online\\\/de\\\/?s={search_term_string}\"},\"query-input\":{\"@type\":\"PropertyValueSpecification\",\"valueRequired\":true,\"valueName\":\"search_term_string\"}}],\"inLanguage\":\"de\"},{\"@type\":\"Organization\",\"@id\":\"https:\\\/\\\/hakmarfrance.online\\\/de\\\/#organization\",\"name\":\"hakmarfrance.online\",\"url\":\"https:\\\/\\\/hakmarfrance.online\\\/de\\\/\",\"logo\":{\"@type\":\"ImageObject\",\"inLanguage\":\"de\",\"@id\":\"https:\\\/\\\/hakmarfrance.online\\\/de\\\/#\\\/schema\\\/logo\\\/image\\\/\",\"url\":\"https:\\\/\\\/hakmarfrance.online\\\/wp-content\\\/uploads\\\/2025\\\/06\\\/logo-hakmarfrance.png\",\"contentUrl\":\"https:\\\/\\\/hakmarfrance.online\\\/wp-content\\\/uploads\\\/2025\\\/06\\\/logo-hakmarfrance.png\",\"width\":528,\"height\":232,\"caption\":\"hakmarfrance.online\"},\"image\":{\"@id\":\"https:\\\/\\\/hakmarfrance.online\\\/de\\\/#\\\/schema\\\/logo\\\/image\\\/\"},\"sameAs\":[\"https:\\\/\\\/www.facebook.com\\\/HakmarFranceSupermarche\\\/?locale=fr_FR\",\"https:\\\/\\\/www.instagram.com\\\/hakmarfrancesupermarche\\\/\"]}]}<\/script>\n<!-- \/ Yoast SEO plugin. -->","yoast_head_json":{"title":"Ayran Nefis \u2013 Nat\u00fcrliches t\u00fcrkisches Milchgetr\u00e4nk 250 g - hakmarfrance.online","robots":{"index":"index","follow":"follow","max-snippet":"max-snippet:-1","max-image-preview":"max-image-preview:large","max-video-preview":"max-video-preview:-1"},"canonical":"https:\/\/hakmarfrance.online\/de\/produit\/ayran-nefis-natuerliches-tuerkisches-milchgetraenk-250-g\/","og_locale":"de_DE","og_type":"article","og_title":"Ayran Nefis \u2013 Nat\u00fcrliches t\u00fcrkisches Milchgetr\u00e4nk 250 g - hakmarfrance.online","og_description":"Erfrische dich mit Ayran Nefis, einem traditionellen t\u00fcrkischen Joghurtgetr\u00e4nk, leicht und nat\u00fcrlich. Dieses 250-g-Format ist ideal f\u00fcr eine gesunde und durstl\u00f6schende Pause, perfekt im Sommer oder als Begleitung zu deinen mediterranen und orientalischen Gerichten. \u2714\ufe0f Nat\u00fcrliche und cremige Rezeptur\u2714\ufe0f Reich an n\u00fctzlichen Milchs\u00e4urebakterien\u2714\ufe0f Ohne Zusatzstoffe und Konservierungsmittel\u2714\ufe0f Fl\u00fcssige Textur und ausgewogener Geschmack Gut gek\u00fchlt genie\u00dfen f\u00fcr ein sofortiges Frischegef\u00fchl!","og_url":"https:\/\/hakmarfrance.online\/de\/produit\/ayran-nefis-natuerliches-tuerkisches-milchgetraenk-250-g\/","og_site_name":"hakmarfrance.online","article_publisher":"https:\/\/www.facebook.com\/HakmarFranceSupermarche\/?locale=fr_FR","og_image":[{"width":1000,"height":800,"url":"https:\/\/hakmarfrance.online\/wp-content\/uploads\/2025\/07\/ayran-nefis-250g.avif","type":"image\/png"}],"twitter_card":"summary_large_image","schema":{"@context":"https:\/\/schema.org","@graph":[{"@type":"WebPage","@id":"https:\/\/hakmarfrance.online\/de\/produit\/ayran-nefis-natuerliches-tuerkisches-milchgetraenk-250-g\/","url":"https:\/\/hakmarfrance.online\/de\/produit\/ayran-nefis-natuerliches-tuerkisches-milchgetraenk-250-g\/","name":"Ayran Nefis \u2013 Nat\u00fcrliches t\u00fcrkisches Milchgetr\u00e4nk 250 g - hakmarfrance.online","isPartOf":{"@id":"https:\/\/hakmarfrance.online\/de\/#website"},"primaryImageOfPage":{"@id":"https:\/\/hakmarfrance.online\/de\/produit\/ayran-nefis-natuerliches-tuerkisches-milchgetraenk-250-g\/#primaryimage"},"image":{"@id":"https:\/\/hakmarfrance.online\/de\/produit\/ayran-nefis-natuerliches-tuerkisches-milchgetraenk-250-g\/#primaryimage"},"thumbnailUrl":"https:\/\/hakmarfrance.online\/wp-content\/uploads\/2025\/07\/ayran-nefis-250g.avif","datePublished":"2025-07-04T20:56:11+00:00","breadcrumb":{"@id":"https:\/\/hakmarfrance.online\/de\/produit\/ayran-nefis-natuerliches-tuerkisches-milchgetraenk-250-g\/#breadcrumb"},"inLanguage":"de","potentialAction":[{"@type":"ReadAction","target":["https:\/\/hakmarfrance.online\/de\/produit\/ayran-nefis-natuerliches-tuerkisches-milchgetraenk-250-g\/"]}]},{"@type":"ImageObject","inLanguage":"de","@id":"https:\/\/hakmarfrance.online\/de\/produit\/ayran-nefis-natuerliches-tuerkisches-milchgetraenk-250-g\/#primaryimage","url":"https:\/\/hakmarfrance.online\/wp-content\/uploads\/2025\/07\/ayran-nefis-250g.avif","contentUrl":"https:\/\/hakmarfrance.online\/wp-content\/uploads\/2025\/07\/ayran-nefis-250g.avif","width":1000,"height":800,"caption":"Ayran Nefis 250 g \u2013 traditionelles t\u00fcrkisches Joghurtgetr\u00e4nk"},{"@type":"BreadcrumbList","@id":"https:\/\/hakmarfrance.online\/de\/produit\/ayran-nefis-natuerliches-tuerkisches-milchgetraenk-250-g\/#breadcrumb","itemListElement":[{"@type":"ListItem","position":1,"name":"Accueil","item":"https:\/\/hakmarfrance.online\/de\/"},{"@type":"ListItem","position":2,"name":"Shop","item":"https:\/\/hakmarfrance.online\/de\/shop\/"},{"@type":"ListItem","position":3,"name":"Ayran Nefis \u2013 Nat\u00fcrliches t\u00fcrkisches Milchgetr\u00e4nk 250 g"}]},{"@type":"WebSite","@id":"https:\/\/hakmarfrance.online\/de\/#website","url":"https:\/\/hakmarfrance.online\/de\/","name":"hakmarfrance.online","description":"","publisher":{"@id":"https:\/\/hakmarfrance.online\/de\/#organization"},"potentialAction":[{"@type":"SearchAction","target":{"@type":"EntryPoint","urlTemplate":"https:\/\/hakmarfrance.online\/de\/?s={search_term_string}"},"query-input":{"@type":"PropertyValueSpecification","valueRequired":true,"valueName":"search_term_string"}}],"inLanguage":"de"},{"@type":"Organization","@id":"https:\/\/hakmarfrance.online\/de\/#organization","name":"hakmarfrance.online","url":"https:\/\/hakmarfrance.online\/de\/","logo":{"@type":"ImageObject","inLanguage":"de","@id":"https:\/\/hakmarfrance.online\/de\/#\/schema\/logo\/image\/","url":"https:\/\/hakmarfrance.online\/wp-content\/uploads\/2025\/06\/logo-hakmarfrance.png","contentUrl":"https:\/\/hakmarfrance.online\/wp-content\/uploads\/2025\/06\/logo-hakmarfrance.png","width":528,"height":232,"caption":"hakmarfrance.online"},"image":{"@id":"https:\/\/hakmarfrance.online\/de\/#\/schema\/logo\/image\/"},"sameAs":["https:\/\/www.facebook.com\/HakmarFranceSupermarche\/?locale=fr_FR","https:\/\/www.instagram.com\/hakmarfrancesupermarche\/"]}]}},"_links":{"self":[{"href":"https:\/\/hakmarfrance.online\/de\/wp-json\/wp\/v2\/product\/17569","targetHints":{"allow":["GET"]}}],"collection":[{"href":"https:\/\/hakmarfrance.online\/de\/wp-json\/wp\/v2\/product"}],"about":[{"href":"https:\/\/hakmarfrance.online\/de\/wp-json\/wp\/v2\/types\/product"}],"replies":[{"embeddable":true,"href":"https:\/\/hakmarfrance.online\/de\/wp-json\/wp\/v2\/comments?post=17569"}],"version-history":[{"count":0,"href":"https:\/\/hakmarfrance.online\/de\/wp-json\/wp\/v2\/product\/17569\/revisions"}],"wp:featuredmedia":[{"embeddable":true,"href":"https:\/\/hakmarfrance.online\/de\/wp-json\/wp\/v2\/media\/17571"}],"wp:attachment":[{"href":"https:\/\/hakmarfrance.online\/de\/wp-json\/wp\/v2\/media?parent=17569"}],"wp:term":[{"taxonomy":"product_brand","embeddable":true,"href":"https:\/\/hakmarfrance.online\/de\/wp-json\/wp\/v2\/product_brand?post=17569"},{"taxonomy":"product_cat","embeddable":true,"href":"https:\/\/hakmarfrance.online\/de\/wp-json\/wp\/v2\/product_cat?post=17569"},{"taxonomy":"product_tag","embeddable":true,"href":"https:\/\/hakmarfrance.online\/de\/wp-json\/wp\/v2\/product_tag?post=17569"}],"curies":[{"name":"wp","href":"https:\/\/api.w.org\/{rel}","templated":true}]}}