{"id":17570,"date":"2025-07-09T11:20:56","date_gmt":"2025-07-09T11:20:56","guid":{"rendered":"https:\/\/hakmarfrance.online\/produit\/lipton-ice-tea-pfirsichgeschmack-125-l-kalorienarmer-eistee\/"},"modified":"2025-07-09T11:20:56","modified_gmt":"2025-07-09T11:20:56","slug":"lipton-ice-tea-pfirsichgeschmack-125-l-kalorienarmer-eistee","status":"publish","type":"product","link":"https:\/\/hakmarfrance.online\/de\/produit\/lipton-ice-tea-pfirsichgeschmack-125-l-kalorienarmer-eistee\/","title":{"rendered":"Lipton Ice Tea Pfirsichgeschmack 1,25 L \u2013 Kalorienarmer Eistee"},"content":{"rendered":"<p data-start=\"247\" data-end=\"593\">Erfrische dich mit dem <strong data-start=\"330\" data-end=\"366\">Lipton Ice Tea Pfirsichgeschmack 1,25L<\/strong>, einem fruchtigen, kalorienarmen Eistee mit einem k\u00f6stlich erfrischenden Geschmack. Ideal zu deinen Mahlzeiten oder f\u00fcr eine erfrischende Pause, dieser Eistee verbindet den Geschmack von aufgebr\u00fchtem Schwarztee mit der nat\u00fcrlichen S\u00fc\u00dfe des Pfirsichs. <\/p>\n<p data-start=\"595\" data-end=\"631\">\u2705 <strong data-start=\"597\" data-end=\"631\">Hauptmerkmale:<\/strong><\/p>\n<ul data-start=\"632\" data-end=\"777\">\n<li data-start=\"632\" data-end=\"656\">\n<p data-start=\"634\" data-end=\"656\">K\u00f6stlicher Pfirsichgeschmack<\/p>\n<\/li>\n<li data-start=\"657\" data-end=\"692\">\n<p data-start=\"659\" data-end=\"692\">Getr\u00e4nk auf Basis von aufgebr\u00fchtem Schwarztee<\/p>\n<\/li>\n<li data-start=\"693\" data-end=\"713\">\n<p data-start=\"695\" data-end=\"713\">Kalorienarm<\/p>\n<\/li>\n<li data-start=\"714\" data-end=\"752\">\n<p data-start=\"716\" data-end=\"752\">1,25 L Flasche \u2013 Familienformat<\/p>\n<\/li>\n<li data-start=\"753\" data-end=\"777\">\n<p data-start=\"755\" data-end=\"777\">Sehr kalt genie\u00dfen<\/p>\n<\/li>\n<\/ul>\n","protected":false},"excerpt":{"rendered":"<p>Lipton Ice Tea Pfirsich 1,5L \u2013 erfrischender Eistee mit gutem Pfirsichgeschmack, perfekt, um sich gesund zu erfrischen.<\/p>\n","protected":false},"featured_media":17572,"comment_status":"open","ping_status":"closed","template":"","meta":{"iawp_total_views":0},"product_brand":[215],"product_cat":[226,232,231],"product_tag":[],"class_list":{"0":"post-17570","1":"product","2":"type-product","3":"status-publish","4":"has-post-thumbnail","6":"product_brand-lipton","7":"product_cat-alle-unsere-produkte","8":"product_cat-erfrischungsgetrank","9":"product_cat-getranke","11":"first","12":"instock","13":"shipping-taxable","14":"purchasable","15":"product-type-simple"},"yoast_head":"<!-- This site is optimized with the Yoast SEO plugin v27.3 - https:\/\/yoast.com\/product\/yoast-seo-wordpress\/ -->\n<title>Lipton Ice Tea Pfirsichgeschmack 1,25 L \u2013 Kalorienarmer Eistee - hakmarfrance.online<\/title>\n<meta name=\"robots\" content=\"index, follow, max-snippet:-1, max-image-preview:large, max-video-preview:-1\" \/>\n<link rel=\"canonical\" href=\"https:\/\/hakmarfrance.online\/de\/produit\/lipton-ice-tea-pfirsichgeschmack-125-l-kalorienarmer-eistee\/\" \/>\n<meta property=\"og:locale\" content=\"de_DE\" \/>\n<meta property=\"og:type\" content=\"article\" \/>\n<meta property=\"og:title\" content=\"Lipton Ice Tea Pfirsichgeschmack 1,25 L \u2013 Kalorienarmer Eistee - hakmarfrance.online\" \/>\n<meta property=\"og:description\" content=\"Lipton Ice Tea Pfirsich 1,5L \u2013 erfrischender Eistee mit gutem Pfirsichgeschmack, perfekt, um sich gesund zu erfrischen.\" \/>\n<meta property=\"og:url\" content=\"https:\/\/hakmarfrance.online\/de\/produit\/lipton-ice-tea-pfirsichgeschmack-125-l-kalorienarmer-eistee\/\" \/>\n<meta property=\"og:site_name\" content=\"hakmarfrance.online\" \/>\n<meta property=\"article:publisher\" content=\"https:\/\/www.facebook.com\/HakmarFranceSupermarche\/?locale=fr_FR\" \/>\n<meta property=\"og:image\" content=\"https:\/\/hakmarfrance.online\/wp-content\/uploads\/2025\/07\/lipton-ice-tea-peche-1-5l.avif\" \/>\n\t<meta property=\"og:image:width\" content=\"1000\" \/>\n\t<meta property=\"og:image:height\" content=\"800\" \/>\n\t<meta property=\"og:image:type\" content=\"image\/png\" \/>\n<meta name=\"twitter:card\" content=\"summary_large_image\" \/>\n<script type=\"application\/ld+json\" class=\"yoast-schema-graph\">{\"@context\":\"https:\\\/\\\/schema.org\",\"@graph\":[{\"@type\":\"WebPage\",\"@id\":\"https:\\\/\\\/hakmarfrance.online\\\/de\\\/produit\\\/lipton-ice-tea-pfirsichgeschmack-125-l-kalorienarmer-eistee\\\/\",\"url\":\"https:\\\/\\\/hakmarfrance.online\\\/de\\\/produit\\\/lipton-ice-tea-pfirsichgeschmack-125-l-kalorienarmer-eistee\\\/\",\"name\":\"Lipton Ice Tea Pfirsichgeschmack 1,25 L \u2013 Kalorienarmer Eistee - hakmarfrance.online\",\"isPartOf\":{\"@id\":\"https:\\\/\\\/hakmarfrance.online\\\/de\\\/#website\"},\"primaryImageOfPage\":{\"@id\":\"https:\\\/\\\/hakmarfrance.online\\\/de\\\/produit\\\/lipton-ice-tea-pfirsichgeschmack-125-l-kalorienarmer-eistee\\\/#primaryimage\"},\"image\":{\"@id\":\"https:\\\/\\\/hakmarfrance.online\\\/de\\\/produit\\\/lipton-ice-tea-pfirsichgeschmack-125-l-kalorienarmer-eistee\\\/#primaryimage\"},\"thumbnailUrl\":\"https:\\\/\\\/hakmarfrance.online\\\/wp-content\\\/uploads\\\/2025\\\/07\\\/lipton-ice-tea-peche-1-5l.avif\",\"datePublished\":\"2025-07-09T11:20:56+00:00\",\"breadcrumb\":{\"@id\":\"https:\\\/\\\/hakmarfrance.online\\\/de\\\/produit\\\/lipton-ice-tea-pfirsichgeschmack-125-l-kalorienarmer-eistee\\\/#breadcrumb\"},\"inLanguage\":\"de\",\"potentialAction\":[{\"@type\":\"ReadAction\",\"target\":[\"https:\\\/\\\/hakmarfrance.online\\\/de\\\/produit\\\/lipton-ice-tea-pfirsichgeschmack-125-l-kalorienarmer-eistee\\\/\"]}]},{\"@type\":\"ImageObject\",\"inLanguage\":\"de\",\"@id\":\"https:\\\/\\\/hakmarfrance.online\\\/de\\\/produit\\\/lipton-ice-tea-pfirsichgeschmack-125-l-kalorienarmer-eistee\\\/#primaryimage\",\"url\":\"https:\\\/\\\/hakmarfrance.online\\\/wp-content\\\/uploads\\\/2025\\\/07\\\/lipton-ice-tea-peche-1-5l.avif\",\"contentUrl\":\"https:\\\/\\\/hakmarfrance.online\\\/wp-content\\\/uploads\\\/2025\\\/07\\\/lipton-ice-tea-peche-1-5l.avif\",\"width\":1000,\"height\":800,\"caption\":\"Lipton Ice Tea Pfirsich \u2013 Erfrischendes Getr\u00e4nk mit Schwarztee und Pfirsich\"},{\"@type\":\"BreadcrumbList\",\"@id\":\"https:\\\/\\\/hakmarfrance.online\\\/de\\\/produit\\\/lipton-ice-tea-pfirsichgeschmack-125-l-kalorienarmer-eistee\\\/#breadcrumb\",\"itemListElement\":[{\"@type\":\"ListItem\",\"position\":1,\"name\":\"Accueil\",\"item\":\"https:\\\/\\\/hakmarfrance.online\\\/de\\\/\"},{\"@type\":\"ListItem\",\"position\":2,\"name\":\"Shop\",\"item\":\"https:\\\/\\\/hakmarfrance.online\\\/de\\\/shop\\\/\"},{\"@type\":\"ListItem\",\"position\":3,\"name\":\"Lipton Ice Tea Pfirsichgeschmack 1,25 L \u2013 Kalorienarmer Eistee\"}]},{\"@type\":\"WebSite\",\"@id\":\"https:\\\/\\\/hakmarfrance.online\\\/de\\\/#website\",\"url\":\"https:\\\/\\\/hakmarfrance.online\\\/de\\\/\",\"name\":\"hakmarfrance.online\",\"description\":\"\",\"publisher\":{\"@id\":\"https:\\\/\\\/hakmarfrance.online\\\/de\\\/#organization\"},\"potentialAction\":[{\"@type\":\"SearchAction\",\"target\":{\"@type\":\"EntryPoint\",\"urlTemplate\":\"https:\\\/\\\/hakmarfrance.online\\\/de\\\/?s={search_term_string}\"},\"query-input\":{\"@type\":\"PropertyValueSpecification\",\"valueRequired\":true,\"valueName\":\"search_term_string\"}}],\"inLanguage\":\"de\"},{\"@type\":\"Organization\",\"@id\":\"https:\\\/\\\/hakmarfrance.online\\\/de\\\/#organization\",\"name\":\"hakmarfrance.online\",\"url\":\"https:\\\/\\\/hakmarfrance.online\\\/de\\\/\",\"logo\":{\"@type\":\"ImageObject\",\"inLanguage\":\"de\",\"@id\":\"https:\\\/\\\/hakmarfrance.online\\\/de\\\/#\\\/schema\\\/logo\\\/image\\\/\",\"url\":\"https:\\\/\\\/hakmarfrance.online\\\/wp-content\\\/uploads\\\/2025\\\/06\\\/logo-hakmarfrance.png\",\"contentUrl\":\"https:\\\/\\\/hakmarfrance.online\\\/wp-content\\\/uploads\\\/2025\\\/06\\\/logo-hakmarfrance.png\",\"width\":528,\"height\":232,\"caption\":\"hakmarfrance.online\"},\"image\":{\"@id\":\"https:\\\/\\\/hakmarfrance.online\\\/de\\\/#\\\/schema\\\/logo\\\/image\\\/\"},\"sameAs\":[\"https:\\\/\\\/www.facebook.com\\\/HakmarFranceSupermarche\\\/?locale=fr_FR\",\"https:\\\/\\\/www.instagram.com\\\/hakmarfrancesupermarche\\\/\"]}]}<\/script>\n<!-- \/ Yoast SEO plugin. -->","yoast_head_json":{"title":"Lipton Ice Tea Pfirsichgeschmack 1,25 L \u2013 Kalorienarmer Eistee - hakmarfrance.online","robots":{"index":"index","follow":"follow","max-snippet":"max-snippet:-1","max-image-preview":"max-image-preview:large","max-video-preview":"max-video-preview:-1"},"canonical":"https:\/\/hakmarfrance.online\/de\/produit\/lipton-ice-tea-pfirsichgeschmack-125-l-kalorienarmer-eistee\/","og_locale":"de_DE","og_type":"article","og_title":"Lipton Ice Tea Pfirsichgeschmack 1,25 L \u2013 Kalorienarmer Eistee - hakmarfrance.online","og_description":"Lipton Ice Tea Pfirsich 1,5L \u2013 erfrischender Eistee mit gutem Pfirsichgeschmack, perfekt, um sich gesund zu erfrischen.","og_url":"https:\/\/hakmarfrance.online\/de\/produit\/lipton-ice-tea-pfirsichgeschmack-125-l-kalorienarmer-eistee\/","og_site_name":"hakmarfrance.online","article_publisher":"https:\/\/www.facebook.com\/HakmarFranceSupermarche\/?locale=fr_FR","og_image":[{"width":1000,"height":800,"url":"https:\/\/hakmarfrance.online\/wp-content\/uploads\/2025\/07\/lipton-ice-tea-peche-1-5l.avif","type":"image\/png"}],"twitter_card":"summary_large_image","schema":{"@context":"https:\/\/schema.org","@graph":[{"@type":"WebPage","@id":"https:\/\/hakmarfrance.online\/de\/produit\/lipton-ice-tea-pfirsichgeschmack-125-l-kalorienarmer-eistee\/","url":"https:\/\/hakmarfrance.online\/de\/produit\/lipton-ice-tea-pfirsichgeschmack-125-l-kalorienarmer-eistee\/","name":"Lipton Ice Tea Pfirsichgeschmack 1,25 L \u2013 Kalorienarmer Eistee - hakmarfrance.online","isPartOf":{"@id":"https:\/\/hakmarfrance.online\/de\/#website"},"primaryImageOfPage":{"@id":"https:\/\/hakmarfrance.online\/de\/produit\/lipton-ice-tea-pfirsichgeschmack-125-l-kalorienarmer-eistee\/#primaryimage"},"image":{"@id":"https:\/\/hakmarfrance.online\/de\/produit\/lipton-ice-tea-pfirsichgeschmack-125-l-kalorienarmer-eistee\/#primaryimage"},"thumbnailUrl":"https:\/\/hakmarfrance.online\/wp-content\/uploads\/2025\/07\/lipton-ice-tea-peche-1-5l.avif","datePublished":"2025-07-09T11:20:56+00:00","breadcrumb":{"@id":"https:\/\/hakmarfrance.online\/de\/produit\/lipton-ice-tea-pfirsichgeschmack-125-l-kalorienarmer-eistee\/#breadcrumb"},"inLanguage":"de","potentialAction":[{"@type":"ReadAction","target":["https:\/\/hakmarfrance.online\/de\/produit\/lipton-ice-tea-pfirsichgeschmack-125-l-kalorienarmer-eistee\/"]}]},{"@type":"ImageObject","inLanguage":"de","@id":"https:\/\/hakmarfrance.online\/de\/produit\/lipton-ice-tea-pfirsichgeschmack-125-l-kalorienarmer-eistee\/#primaryimage","url":"https:\/\/hakmarfrance.online\/wp-content\/uploads\/2025\/07\/lipton-ice-tea-peche-1-5l.avif","contentUrl":"https:\/\/hakmarfrance.online\/wp-content\/uploads\/2025\/07\/lipton-ice-tea-peche-1-5l.avif","width":1000,"height":800,"caption":"Lipton Ice Tea Pfirsich \u2013 Erfrischendes Getr\u00e4nk mit Schwarztee und Pfirsich"},{"@type":"BreadcrumbList","@id":"https:\/\/hakmarfrance.online\/de\/produit\/lipton-ice-tea-pfirsichgeschmack-125-l-kalorienarmer-eistee\/#breadcrumb","itemListElement":[{"@type":"ListItem","position":1,"name":"Accueil","item":"https:\/\/hakmarfrance.online\/de\/"},{"@type":"ListItem","position":2,"name":"Shop","item":"https:\/\/hakmarfrance.online\/de\/shop\/"},{"@type":"ListItem","position":3,"name":"Lipton Ice Tea Pfirsichgeschmack 1,25 L \u2013 Kalorienarmer Eistee"}]},{"@type":"WebSite","@id":"https:\/\/hakmarfrance.online\/de\/#website","url":"https:\/\/hakmarfrance.online\/de\/","name":"hakmarfrance.online","description":"","publisher":{"@id":"https:\/\/hakmarfrance.online\/de\/#organization"},"potentialAction":[{"@type":"SearchAction","target":{"@type":"EntryPoint","urlTemplate":"https:\/\/hakmarfrance.online\/de\/?s={search_term_string}"},"query-input":{"@type":"PropertyValueSpecification","valueRequired":true,"valueName":"search_term_string"}}],"inLanguage":"de"},{"@type":"Organization","@id":"https:\/\/hakmarfrance.online\/de\/#organization","name":"hakmarfrance.online","url":"https:\/\/hakmarfrance.online\/de\/","logo":{"@type":"ImageObject","inLanguage":"de","@id":"https:\/\/hakmarfrance.online\/de\/#\/schema\/logo\/image\/","url":"https:\/\/hakmarfrance.online\/wp-content\/uploads\/2025\/06\/logo-hakmarfrance.png","contentUrl":"https:\/\/hakmarfrance.online\/wp-content\/uploads\/2025\/06\/logo-hakmarfrance.png","width":528,"height":232,"caption":"hakmarfrance.online"},"image":{"@id":"https:\/\/hakmarfrance.online\/de\/#\/schema\/logo\/image\/"},"sameAs":["https:\/\/www.facebook.com\/HakmarFranceSupermarche\/?locale=fr_FR","https:\/\/www.instagram.com\/hakmarfrancesupermarche\/"]}]}},"_links":{"self":[{"href":"https:\/\/hakmarfrance.online\/de\/wp-json\/wp\/v2\/product\/17570","targetHints":{"allow":["GET"]}}],"collection":[{"href":"https:\/\/hakmarfrance.online\/de\/wp-json\/wp\/v2\/product"}],"about":[{"href":"https:\/\/hakmarfrance.online\/de\/wp-json\/wp\/v2\/types\/product"}],"replies":[{"embeddable":true,"href":"https:\/\/hakmarfrance.online\/de\/wp-json\/wp\/v2\/comments?post=17570"}],"version-history":[{"count":0,"href":"https:\/\/hakmarfrance.online\/de\/wp-json\/wp\/v2\/product\/17570\/revisions"}],"wp:featuredmedia":[{"embeddable":true,"href":"https:\/\/hakmarfrance.online\/de\/wp-json\/wp\/v2\/media\/17572"}],"wp:attachment":[{"href":"https:\/\/hakmarfrance.online\/de\/wp-json\/wp\/v2\/media?parent=17570"}],"wp:term":[{"taxonomy":"product_brand","embeddable":true,"href":"https:\/\/hakmarfrance.online\/de\/wp-json\/wp\/v2\/product_brand?post=17570"},{"taxonomy":"product_cat","embeddable":true,"href":"https:\/\/hakmarfrance.online\/de\/wp-json\/wp\/v2\/product_cat?post=17570"},{"taxonomy":"product_tag","embeddable":true,"href":"https:\/\/hakmarfrance.online\/de\/wp-json\/wp\/v2\/product_tag?post=17570"}],"curies":[{"name":"wp","href":"https:\/\/api.w.org\/{rel}","templated":true}]}}