{"id":17573,"date":"2025-07-04T20:56:11","date_gmt":"2025-07-04T20:56:11","guid":{"rendered":"https:\/\/hakmarfrance.online\/produit\/lydia-natives-olivenoel-extra-500-ml-trilie-exclusive\/"},"modified":"2025-07-04T20:56:11","modified_gmt":"2025-07-04T20:56:11","slug":"lydia-natives-olivenoel-extra-500-ml-trilie-exclusive","status":"publish","type":"product","link":"https:\/\/hakmarfrance.online\/de\/produit\/lydia-natives-olivenoel-extra-500-ml-trilie-exclusive\/","title":{"rendered":"Lydia \u2013 Natives Oliven\u00f6l Extra \u2013 500 ml \u2013 Trilie Exclusive"},"content":{"rendered":"","protected":false},"excerpt":{"rendered":"<p data-start=\"317\" data-end=\"585\">Genie\u00dfe den mediterranen Reichtum mit dem nativen Oliven\u00f6l Extra Olea Lydia. Kaltgepresst aus ausgew\u00e4hlten Oliven, ist dieses nat\u00fcrliche \u00d6l der ideale Begleiter f\u00fcr deine gesunde und raffinierte K\u00fcche. <\/p>\n<p data-start=\"587\" data-end=\"787\">\ud83c\udf3f Zart-fruchtiger Geschmack, ideal f\u00fcr rohe oder gekochte Speisen<br data-start=\"648\" data-end=\"651\">\ud83e\uddf4 Elegante wei\u00dfe Keramikflasche, 500 ml Flaschengr\u00f6\u00dfe<br data-start=\"708\" data-end=\"711\">\ud83c\uddf9\ud83c\uddf7 T\u00fcrkisches Qualit\u00e4tsprodukt, aus traditioneller Handwerkskunst<\/p>\n<p data-start=\"789\" data-end=\"825\">\u2705 <strong data-start=\"791\" data-end=\"823\">Hauptmerkmale<\/strong>:<\/p>\n<ul data-start=\"827\" data-end=\"1035\">\n<li data-start=\"827\" data-end=\"850\">\n<p data-start=\"829\" data-end=\"850\">Inhalt: 500 ml<\/p>\n<\/li>\n<li data-start=\"851\" data-end=\"915\">\n<p data-start=\"853\" data-end=\"915\">Typ: Natives Oliven\u00f6l Extra (Naturel S\u0131zma Zeytinya\u011f\u0131)<\/p>\n<\/li>\n<li data-start=\"916\" data-end=\"956\">\n<p data-start=\"918\" data-end=\"956\">Kaltgepresst \u2013 First Cold Pressed<\/p>\n<\/li>\n<li data-start=\"957\" data-end=\"978\">\n<p data-start=\"959\" data-end=\"978\">Herkunft: T\u00fcrkei<\/p>\n<\/li>\n<li data-start=\"979\" data-end=\"1035\">\n<p data-start=\"981\" data-end=\"1035\">Keramikflasche f\u00fcr bessere Haltbarkeit<\/p>\n<\/li>\n<\/ul>\n","protected":false},"featured_media":17574,"comment_status":"open","ping_status":"closed","template":"","meta":{"iawp_total_views":0},"product_brand":[],"product_cat":[226,268],"product_tag":[],"class_list":{"0":"post-17573","1":"product","2":"type-product","3":"status-publish","4":"has-post-thumbnail","6":"product_cat-alle-unsere-produkte","7":"product_cat-herzhafte-lebensmittel","9":"first","10":"instock","11":"shipping-taxable","12":"purchasable","13":"product-type-simple"},"yoast_head":"<!-- This site is optimized with the Yoast SEO plugin v27.3 - https:\/\/yoast.com\/product\/yoast-seo-wordpress\/ -->\n<title>Lydia \u2013 Natives Oliven\u00f6l Extra \u2013 500 ml \u2013 Trilie Exclusive - hakmarfrance.online<\/title>\n<meta name=\"robots\" content=\"index, follow, max-snippet:-1, max-image-preview:large, max-video-preview:-1\" \/>\n<link rel=\"canonical\" href=\"https:\/\/hakmarfrance.online\/de\/produit\/lydia-natives-olivenoel-extra-500-ml-trilie-exclusive\/\" \/>\n<meta property=\"og:locale\" content=\"de_DE\" \/>\n<meta property=\"og:type\" content=\"article\" \/>\n<meta property=\"og:title\" content=\"Lydia \u2013 Natives Oliven\u00f6l Extra \u2013 500 ml \u2013 Trilie Exclusive - hakmarfrance.online\" \/>\n<meta property=\"og:description\" content=\"Genie\u00dfe den mediterranen Reichtum mit dem nativen Oliven\u00f6l Extra Olea Lydia. Kaltgepresst aus ausgew\u00e4hlten Oliven, ist dieses nat\u00fcrliche \u00d6l der ideale Begleiter f\u00fcr deine gesunde und raffinierte K\u00fcche. \ud83c\udf3f Zart-fruchtiger Geschmack, ideal f\u00fcr rohe oder gekochte Speisen\ud83e\uddf4 Elegante wei\u00dfe Keramikflasche, 500 ml Flaschengr\u00f6\u00dfe\ud83c\uddf9\ud83c\uddf7 T\u00fcrkisches Qualit\u00e4tsprodukt, aus traditioneller Handwerkskunst \u2705 Hauptmerkmale:   Inhalt: 500 ml   Typ: Natives Oliven\u00f6l Extra (Naturel S\u0131zma Zeytinya\u011f\u0131)   Kaltgepresst \u2013 First Cold Pressed   Herkunft: T\u00fcrkei   Keramikflasche f\u00fcr bessere Haltbarkeit\" \/>\n<meta property=\"og:url\" content=\"https:\/\/hakmarfrance.online\/de\/produit\/lydia-natives-olivenoel-extra-500-ml-trilie-exclusive\/\" \/>\n<meta property=\"og:site_name\" content=\"hakmarfrance.online\" \/>\n<meta property=\"article:publisher\" content=\"https:\/\/www.facebook.com\/HakmarFranceSupermarche\/?locale=fr_FR\" \/>\n<meta property=\"og:image\" content=\"https:\/\/hakmarfrance.online\/wp-content\/uploads\/2025\/07\/huile-olive-olea-lydia-naturel-sizma-500ml.avif\" \/>\n\t<meta property=\"og:image:width\" content=\"1000\" \/>\n\t<meta property=\"og:image:height\" content=\"800\" \/>\n\t<meta property=\"og:image:type\" content=\"image\/png\" \/>\n<meta name=\"twitter:card\" content=\"summary_large_image\" \/>\n<script type=\"application\/ld+json\" class=\"yoast-schema-graph\">{\"@context\":\"https:\\\/\\\/schema.org\",\"@graph\":[{\"@type\":\"WebPage\",\"@id\":\"https:\\\/\\\/hakmarfrance.online\\\/de\\\/produit\\\/lydia-natives-olivenoel-extra-500-ml-trilie-exclusive\\\/\",\"url\":\"https:\\\/\\\/hakmarfrance.online\\\/de\\\/produit\\\/lydia-natives-olivenoel-extra-500-ml-trilie-exclusive\\\/\",\"name\":\"Lydia \u2013 Natives Oliven\u00f6l Extra \u2013 500 ml \u2013 Trilie Exclusive - hakmarfrance.online\",\"isPartOf\":{\"@id\":\"https:\\\/\\\/hakmarfrance.online\\\/de\\\/#website\"},\"primaryImageOfPage\":{\"@id\":\"https:\\\/\\\/hakmarfrance.online\\\/de\\\/produit\\\/lydia-natives-olivenoel-extra-500-ml-trilie-exclusive\\\/#primaryimage\"},\"image\":{\"@id\":\"https:\\\/\\\/hakmarfrance.online\\\/de\\\/produit\\\/lydia-natives-olivenoel-extra-500-ml-trilie-exclusive\\\/#primaryimage\"},\"thumbnailUrl\":\"https:\\\/\\\/hakmarfrance.online\\\/wp-content\\\/uploads\\\/2025\\\/07\\\/huile-olive-olea-lydia-naturel-sizma-500ml.avif\",\"datePublished\":\"2025-07-04T20:56:11+00:00\",\"breadcrumb\":{\"@id\":\"https:\\\/\\\/hakmarfrance.online\\\/de\\\/produit\\\/lydia-natives-olivenoel-extra-500-ml-trilie-exclusive\\\/#breadcrumb\"},\"inLanguage\":\"de\",\"potentialAction\":[{\"@type\":\"ReadAction\",\"target\":[\"https:\\\/\\\/hakmarfrance.online\\\/de\\\/produit\\\/lydia-natives-olivenoel-extra-500-ml-trilie-exclusive\\\/\"]}]},{\"@type\":\"ImageObject\",\"inLanguage\":\"de\",\"@id\":\"https:\\\/\\\/hakmarfrance.online\\\/de\\\/produit\\\/lydia-natives-olivenoel-extra-500-ml-trilie-exclusive\\\/#primaryimage\",\"url\":\"https:\\\/\\\/hakmarfrance.online\\\/wp-content\\\/uploads\\\/2025\\\/07\\\/huile-olive-olea-lydia-naturel-sizma-500ml.avif\",\"contentUrl\":\"https:\\\/\\\/hakmarfrance.online\\\/wp-content\\\/uploads\\\/2025\\\/07\\\/huile-olive-olea-lydia-naturel-sizma-500ml.avif\",\"width\":1000,\"height\":800,\"caption\":\"Olea Lydia \u2013 Natives Oliven\u00f6l Extra \u2013 500 ml \u2013 Trilie Exclusive\"},{\"@type\":\"BreadcrumbList\",\"@id\":\"https:\\\/\\\/hakmarfrance.online\\\/de\\\/produit\\\/lydia-natives-olivenoel-extra-500-ml-trilie-exclusive\\\/#breadcrumb\",\"itemListElement\":[{\"@type\":\"ListItem\",\"position\":1,\"name\":\"Accueil\",\"item\":\"https:\\\/\\\/hakmarfrance.online\\\/de\\\/\"},{\"@type\":\"ListItem\",\"position\":2,\"name\":\"Shop\",\"item\":\"https:\\\/\\\/hakmarfrance.online\\\/de\\\/shop\\\/\"},{\"@type\":\"ListItem\",\"position\":3,\"name\":\"Lydia \u2013 Natives Oliven\u00f6l Extra \u2013 500 ml \u2013 Trilie Exclusive\"}]},{\"@type\":\"WebSite\",\"@id\":\"https:\\\/\\\/hakmarfrance.online\\\/de\\\/#website\",\"url\":\"https:\\\/\\\/hakmarfrance.online\\\/de\\\/\",\"name\":\"hakmarfrance.online\",\"description\":\"\",\"publisher\":{\"@id\":\"https:\\\/\\\/hakmarfrance.online\\\/de\\\/#organization\"},\"potentialAction\":[{\"@type\":\"SearchAction\",\"target\":{\"@type\":\"EntryPoint\",\"urlTemplate\":\"https:\\\/\\\/hakmarfrance.online\\\/de\\\/?s={search_term_string}\"},\"query-input\":{\"@type\":\"PropertyValueSpecification\",\"valueRequired\":true,\"valueName\":\"search_term_string\"}}],\"inLanguage\":\"de\"},{\"@type\":\"Organization\",\"@id\":\"https:\\\/\\\/hakmarfrance.online\\\/de\\\/#organization\",\"name\":\"hakmarfrance.online\",\"url\":\"https:\\\/\\\/hakmarfrance.online\\\/de\\\/\",\"logo\":{\"@type\":\"ImageObject\",\"inLanguage\":\"de\",\"@id\":\"https:\\\/\\\/hakmarfrance.online\\\/de\\\/#\\\/schema\\\/logo\\\/image\\\/\",\"url\":\"https:\\\/\\\/hakmarfrance.online\\\/wp-content\\\/uploads\\\/2025\\\/06\\\/logo-hakmarfrance.png\",\"contentUrl\":\"https:\\\/\\\/hakmarfrance.online\\\/wp-content\\\/uploads\\\/2025\\\/06\\\/logo-hakmarfrance.png\",\"width\":528,\"height\":232,\"caption\":\"hakmarfrance.online\"},\"image\":{\"@id\":\"https:\\\/\\\/hakmarfrance.online\\\/de\\\/#\\\/schema\\\/logo\\\/image\\\/\"},\"sameAs\":[\"https:\\\/\\\/www.facebook.com\\\/HakmarFranceSupermarche\\\/?locale=fr_FR\",\"https:\\\/\\\/www.instagram.com\\\/hakmarfrancesupermarche\\\/\"]}]}<\/script>\n<!-- \/ Yoast SEO plugin. -->","yoast_head_json":{"title":"Lydia \u2013 Natives Oliven\u00f6l Extra \u2013 500 ml \u2013 Trilie Exclusive - hakmarfrance.online","robots":{"index":"index","follow":"follow","max-snippet":"max-snippet:-1","max-image-preview":"max-image-preview:large","max-video-preview":"max-video-preview:-1"},"canonical":"https:\/\/hakmarfrance.online\/de\/produit\/lydia-natives-olivenoel-extra-500-ml-trilie-exclusive\/","og_locale":"de_DE","og_type":"article","og_title":"Lydia \u2013 Natives Oliven\u00f6l Extra \u2013 500 ml \u2013 Trilie Exclusive - hakmarfrance.online","og_description":"Genie\u00dfe den mediterranen Reichtum mit dem nativen Oliven\u00f6l Extra Olea Lydia. Kaltgepresst aus ausgew\u00e4hlten Oliven, ist dieses nat\u00fcrliche \u00d6l der ideale Begleiter f\u00fcr deine gesunde und raffinierte K\u00fcche. \ud83c\udf3f Zart-fruchtiger Geschmack, ideal f\u00fcr rohe oder gekochte Speisen\ud83e\uddf4 Elegante wei\u00dfe Keramikflasche, 500 ml Flaschengr\u00f6\u00dfe\ud83c\uddf9\ud83c\uddf7 T\u00fcrkisches Qualit\u00e4tsprodukt, aus traditioneller Handwerkskunst \u2705 Hauptmerkmale:   Inhalt: 500 ml   Typ: Natives Oliven\u00f6l Extra (Naturel S\u0131zma Zeytinya\u011f\u0131)   Kaltgepresst \u2013 First Cold Pressed   Herkunft: T\u00fcrkei   Keramikflasche f\u00fcr bessere Haltbarkeit","og_url":"https:\/\/hakmarfrance.online\/de\/produit\/lydia-natives-olivenoel-extra-500-ml-trilie-exclusive\/","og_site_name":"hakmarfrance.online","article_publisher":"https:\/\/www.facebook.com\/HakmarFranceSupermarche\/?locale=fr_FR","og_image":[{"width":1000,"height":800,"url":"https:\/\/hakmarfrance.online\/wp-content\/uploads\/2025\/07\/huile-olive-olea-lydia-naturel-sizma-500ml.avif","type":"image\/png"}],"twitter_card":"summary_large_image","schema":{"@context":"https:\/\/schema.org","@graph":[{"@type":"WebPage","@id":"https:\/\/hakmarfrance.online\/de\/produit\/lydia-natives-olivenoel-extra-500-ml-trilie-exclusive\/","url":"https:\/\/hakmarfrance.online\/de\/produit\/lydia-natives-olivenoel-extra-500-ml-trilie-exclusive\/","name":"Lydia \u2013 Natives Oliven\u00f6l Extra \u2013 500 ml \u2013 Trilie Exclusive - hakmarfrance.online","isPartOf":{"@id":"https:\/\/hakmarfrance.online\/de\/#website"},"primaryImageOfPage":{"@id":"https:\/\/hakmarfrance.online\/de\/produit\/lydia-natives-olivenoel-extra-500-ml-trilie-exclusive\/#primaryimage"},"image":{"@id":"https:\/\/hakmarfrance.online\/de\/produit\/lydia-natives-olivenoel-extra-500-ml-trilie-exclusive\/#primaryimage"},"thumbnailUrl":"https:\/\/hakmarfrance.online\/wp-content\/uploads\/2025\/07\/huile-olive-olea-lydia-naturel-sizma-500ml.avif","datePublished":"2025-07-04T20:56:11+00:00","breadcrumb":{"@id":"https:\/\/hakmarfrance.online\/de\/produit\/lydia-natives-olivenoel-extra-500-ml-trilie-exclusive\/#breadcrumb"},"inLanguage":"de","potentialAction":[{"@type":"ReadAction","target":["https:\/\/hakmarfrance.online\/de\/produit\/lydia-natives-olivenoel-extra-500-ml-trilie-exclusive\/"]}]},{"@type":"ImageObject","inLanguage":"de","@id":"https:\/\/hakmarfrance.online\/de\/produit\/lydia-natives-olivenoel-extra-500-ml-trilie-exclusive\/#primaryimage","url":"https:\/\/hakmarfrance.online\/wp-content\/uploads\/2025\/07\/huile-olive-olea-lydia-naturel-sizma-500ml.avif","contentUrl":"https:\/\/hakmarfrance.online\/wp-content\/uploads\/2025\/07\/huile-olive-olea-lydia-naturel-sizma-500ml.avif","width":1000,"height":800,"caption":"Olea Lydia \u2013 Natives Oliven\u00f6l Extra \u2013 500 ml \u2013 Trilie Exclusive"},{"@type":"BreadcrumbList","@id":"https:\/\/hakmarfrance.online\/de\/produit\/lydia-natives-olivenoel-extra-500-ml-trilie-exclusive\/#breadcrumb","itemListElement":[{"@type":"ListItem","position":1,"name":"Accueil","item":"https:\/\/hakmarfrance.online\/de\/"},{"@type":"ListItem","position":2,"name":"Shop","item":"https:\/\/hakmarfrance.online\/de\/shop\/"},{"@type":"ListItem","position":3,"name":"Lydia \u2013 Natives Oliven\u00f6l Extra \u2013 500 ml \u2013 Trilie Exclusive"}]},{"@type":"WebSite","@id":"https:\/\/hakmarfrance.online\/de\/#website","url":"https:\/\/hakmarfrance.online\/de\/","name":"hakmarfrance.online","description":"","publisher":{"@id":"https:\/\/hakmarfrance.online\/de\/#organization"},"potentialAction":[{"@type":"SearchAction","target":{"@type":"EntryPoint","urlTemplate":"https:\/\/hakmarfrance.online\/de\/?s={search_term_string}"},"query-input":{"@type":"PropertyValueSpecification","valueRequired":true,"valueName":"search_term_string"}}],"inLanguage":"de"},{"@type":"Organization","@id":"https:\/\/hakmarfrance.online\/de\/#organization","name":"hakmarfrance.online","url":"https:\/\/hakmarfrance.online\/de\/","logo":{"@type":"ImageObject","inLanguage":"de","@id":"https:\/\/hakmarfrance.online\/de\/#\/schema\/logo\/image\/","url":"https:\/\/hakmarfrance.online\/wp-content\/uploads\/2025\/06\/logo-hakmarfrance.png","contentUrl":"https:\/\/hakmarfrance.online\/wp-content\/uploads\/2025\/06\/logo-hakmarfrance.png","width":528,"height":232,"caption":"hakmarfrance.online"},"image":{"@id":"https:\/\/hakmarfrance.online\/de\/#\/schema\/logo\/image\/"},"sameAs":["https:\/\/www.facebook.com\/HakmarFranceSupermarche\/?locale=fr_FR","https:\/\/www.instagram.com\/hakmarfrancesupermarche\/"]}]}},"_links":{"self":[{"href":"https:\/\/hakmarfrance.online\/de\/wp-json\/wp\/v2\/product\/17573","targetHints":{"allow":["GET"]}}],"collection":[{"href":"https:\/\/hakmarfrance.online\/de\/wp-json\/wp\/v2\/product"}],"about":[{"href":"https:\/\/hakmarfrance.online\/de\/wp-json\/wp\/v2\/types\/product"}],"replies":[{"embeddable":true,"href":"https:\/\/hakmarfrance.online\/de\/wp-json\/wp\/v2\/comments?post=17573"}],"version-history":[{"count":0,"href":"https:\/\/hakmarfrance.online\/de\/wp-json\/wp\/v2\/product\/17573\/revisions"}],"wp:featuredmedia":[{"embeddable":true,"href":"https:\/\/hakmarfrance.online\/de\/wp-json\/wp\/v2\/media\/17574"}],"wp:attachment":[{"href":"https:\/\/hakmarfrance.online\/de\/wp-json\/wp\/v2\/media?parent=17573"}],"wp:term":[{"taxonomy":"product_brand","embeddable":true,"href":"https:\/\/hakmarfrance.online\/de\/wp-json\/wp\/v2\/product_brand?post=17573"},{"taxonomy":"product_cat","embeddable":true,"href":"https:\/\/hakmarfrance.online\/de\/wp-json\/wp\/v2\/product_cat?post=17573"},{"taxonomy":"product_tag","embeddable":true,"href":"https:\/\/hakmarfrance.online\/de\/wp-json\/wp\/v2\/product_tag?post=17573"}],"curies":[{"name":"wp","href":"https:\/\/api.w.org\/{rel}","templated":true}]}}