{"id":17575,"date":"2025-07-09T07:05:57","date_gmt":"2025-07-09T07:05:57","guid":{"rendered":"https:\/\/hakmarfrance.online\/produit\/freez-mix-granatapfel-kohlensaeurehaltiges-getraenk-275ml\/"},"modified":"2025-07-09T07:05:57","modified_gmt":"2025-07-09T07:05:57","slug":"freez-mix-granatapfel-kohlensaeurehaltiges-getraenk-275ml","status":"publish","type":"product","link":"https:\/\/hakmarfrance.online\/de\/produit\/freez-mix-granatapfel-kohlensaeurehaltiges-getraenk-275ml\/","title":{"rendered":"Freez Mix Granatapfel \u2013 Kohlens\u00e4urehaltiges Getr\u00e4nk \u2013 275ml"},"content":{"rendered":"","protected":false},"excerpt":{"rendered":"<p data-start=\"345\" data-end=\"546\">Entdecke die intensive Frische des Granatapfels neu mit <strong data-start=\"397\" data-end=\"422\">Freez Mix Pomegranate<\/strong>, einem <strong data-start=\"428\" data-end=\"459\">alkoholfreien kohlens\u00e4urehaltigen Getr\u00e4nk<\/strong>, nat\u00fcrlich gef\u00e4rbt, perfekt, um deine Momente des Genusses und Stils zu begleiten.<\/p>\n<p data-start=\"548\" data-end=\"785\">\u2714\ufe0f Fruchtiger Granatapfelgeschmack, leicht s\u00e4uerlich<br data-start=\"597\" data-end=\"600\">\u2714\ufe0f Alkoholfrei \u2013 f\u00fcr jeden geeignet<br data-start=\"631\" data-end=\"634\">\u2714\ufe0f Nat\u00fcrliche F\u00e4rbung \u2013 ohne k\u00fcnstliche Zusatzstoffe<br data-start=\"685\" data-end=\"688\">\u2714\ufe0f Lustiges und modernes Design \u2013 275 ml in Glas<br data-start=\"730\" data-end=\"733\">\u2714\ufe0f Gut gek\u00fchlt genie\u00dfen f\u00fcr ein optimales Gef\u00fchl<\/p>\n<p data-start=\"787\" data-end=\"888\">Ein k\u00fchner Look, ein ausgepr\u00e4gter Geschmack \u2013 <strong data-start=\"824\" data-end=\"845\">Freez Mix Granatapfel<\/strong>, das ist fruchtige Energie bei jedem Schluck!<\/p>\n","protected":false},"featured_media":17576,"comment_status":"open","ping_status":"closed","template":"","meta":{"iawp_total_views":0},"product_brand":[200],"product_cat":[226,232,231],"product_tag":[],"class_list":{"0":"post-17575","1":"product","2":"type-product","3":"status-publish","4":"has-post-thumbnail","6":"product_brand-freez","7":"product_cat-alle-unsere-produkte","8":"product_cat-erfrischungsgetrank","9":"product_cat-getranke","11":"first","12":"instock","13":"shipping-taxable","14":"purchasable","15":"product-type-simple"},"yoast_head":"<!-- This site is optimized with the Yoast SEO plugin v27.3 - https:\/\/yoast.com\/product\/yoast-seo-wordpress\/ -->\n<title>Freez Mix Granatapfel \u2013 Kohlens\u00e4urehaltiges Getr\u00e4nk \u2013 275ml - hakmarfrance.online<\/title>\n<meta name=\"robots\" content=\"index, follow, max-snippet:-1, max-image-preview:large, max-video-preview:-1\" \/>\n<link rel=\"canonical\" href=\"https:\/\/hakmarfrance.online\/de\/produit\/freez-mix-granatapfel-kohlensaeurehaltiges-getraenk-275ml\/\" \/>\n<meta property=\"og:locale\" content=\"de_DE\" \/>\n<meta property=\"og:type\" content=\"article\" \/>\n<meta property=\"og:title\" content=\"Freez Mix Granatapfel \u2013 Kohlens\u00e4urehaltiges Getr\u00e4nk \u2013 275ml - hakmarfrance.online\" \/>\n<meta property=\"og:description\" content=\"Entdecke die intensive Frische des Granatapfels neu mit Freez Mix Pomegranate, einem alkoholfreien kohlens\u00e4urehaltigen Getr\u00e4nk, nat\u00fcrlich gef\u00e4rbt, perfekt, um deine Momente des Genusses und Stils zu begleiten. \u2714\ufe0f Fruchtiger Granatapfelgeschmack, leicht s\u00e4uerlich\u2714\ufe0f Alkoholfrei \u2013 f\u00fcr jeden geeignet\u2714\ufe0f Nat\u00fcrliche F\u00e4rbung \u2013 ohne k\u00fcnstliche Zusatzstoffe\u2714\ufe0f Lustiges und modernes Design \u2013 275 ml in Glas\u2714\ufe0f Gut gek\u00fchlt genie\u00dfen f\u00fcr ein optimales Gef\u00fchl Ein k\u00fchner Look, ein ausgepr\u00e4gter Geschmack \u2013 Freez Mix Granatapfel, das ist fruchtige Energie bei jedem Schluck!\" \/>\n<meta property=\"og:url\" content=\"https:\/\/hakmarfrance.online\/de\/produit\/freez-mix-granatapfel-kohlensaeurehaltiges-getraenk-275ml\/\" \/>\n<meta property=\"og:site_name\" content=\"hakmarfrance.online\" \/>\n<meta property=\"article:publisher\" content=\"https:\/\/www.facebook.com\/HakmarFranceSupermarche\/?locale=fr_FR\" \/>\n<meta property=\"og:image\" content=\"https:\/\/hakmarfrance.online\/wp-content\/uploads\/2025\/07\/freez-mix-grenade-boisson-gazeuse-275ml.avif\" \/>\n\t<meta property=\"og:image:width\" content=\"1000\" \/>\n\t<meta property=\"og:image:height\" content=\"800\" \/>\n\t<meta property=\"og:image:type\" content=\"image\/png\" \/>\n<meta name=\"twitter:card\" content=\"summary_large_image\" \/>\n<script type=\"application\/ld+json\" class=\"yoast-schema-graph\">{\"@context\":\"https:\\\/\\\/schema.org\",\"@graph\":[{\"@type\":\"WebPage\",\"@id\":\"https:\\\/\\\/hakmarfrance.online\\\/de\\\/produit\\\/freez-mix-granatapfel-kohlensaeurehaltiges-getraenk-275ml\\\/\",\"url\":\"https:\\\/\\\/hakmarfrance.online\\\/de\\\/produit\\\/freez-mix-granatapfel-kohlensaeurehaltiges-getraenk-275ml\\\/\",\"name\":\"Freez Mix Granatapfel \u2013 Kohlens\u00e4urehaltiges Getr\u00e4nk \u2013 275ml - hakmarfrance.online\",\"isPartOf\":{\"@id\":\"https:\\\/\\\/hakmarfrance.online\\\/de\\\/#website\"},\"primaryImageOfPage\":{\"@id\":\"https:\\\/\\\/hakmarfrance.online\\\/de\\\/produit\\\/freez-mix-granatapfel-kohlensaeurehaltiges-getraenk-275ml\\\/#primaryimage\"},\"image\":{\"@id\":\"https:\\\/\\\/hakmarfrance.online\\\/de\\\/produit\\\/freez-mix-granatapfel-kohlensaeurehaltiges-getraenk-275ml\\\/#primaryimage\"},\"thumbnailUrl\":\"https:\\\/\\\/hakmarfrance.online\\\/wp-content\\\/uploads\\\/2025\\\/07\\\/freez-mix-grenade-boisson-gazeuse-275ml.avif\",\"datePublished\":\"2025-07-09T07:05:57+00:00\",\"breadcrumb\":{\"@id\":\"https:\\\/\\\/hakmarfrance.online\\\/de\\\/produit\\\/freez-mix-granatapfel-kohlensaeurehaltiges-getraenk-275ml\\\/#breadcrumb\"},\"inLanguage\":\"de\",\"potentialAction\":[{\"@type\":\"ReadAction\",\"target\":[\"https:\\\/\\\/hakmarfrance.online\\\/de\\\/produit\\\/freez-mix-granatapfel-kohlensaeurehaltiges-getraenk-275ml\\\/\"]}]},{\"@type\":\"ImageObject\",\"inLanguage\":\"de\",\"@id\":\"https:\\\/\\\/hakmarfrance.online\\\/de\\\/produit\\\/freez-mix-granatapfel-kohlensaeurehaltiges-getraenk-275ml\\\/#primaryimage\",\"url\":\"https:\\\/\\\/hakmarfrance.online\\\/wp-content\\\/uploads\\\/2025\\\/07\\\/freez-mix-grenade-boisson-gazeuse-275ml.avif\",\"contentUrl\":\"https:\\\/\\\/hakmarfrance.online\\\/wp-content\\\/uploads\\\/2025\\\/07\\\/freez-mix-grenade-boisson-gazeuse-275ml.avif\",\"width\":1000,\"height\":800,\"caption\":\"Freez Mix Granatapfel \u2013 275 ml, alkoholfreies kohlens\u00e4urehaltiges Getr\u00e4nk mit kr\u00e4ftigem Granatapfelgeschmack\"},{\"@type\":\"BreadcrumbList\",\"@id\":\"https:\\\/\\\/hakmarfrance.online\\\/de\\\/produit\\\/freez-mix-granatapfel-kohlensaeurehaltiges-getraenk-275ml\\\/#breadcrumb\",\"itemListElement\":[{\"@type\":\"ListItem\",\"position\":1,\"name\":\"Accueil\",\"item\":\"https:\\\/\\\/hakmarfrance.online\\\/de\\\/\"},{\"@type\":\"ListItem\",\"position\":2,\"name\":\"Shop\",\"item\":\"https:\\\/\\\/hakmarfrance.online\\\/de\\\/shop\\\/\"},{\"@type\":\"ListItem\",\"position\":3,\"name\":\"Freez Mix Granatapfel \u2013 Kohlens\u00e4urehaltiges Getr\u00e4nk \u2013 275ml\"}]},{\"@type\":\"WebSite\",\"@id\":\"https:\\\/\\\/hakmarfrance.online\\\/de\\\/#website\",\"url\":\"https:\\\/\\\/hakmarfrance.online\\\/de\\\/\",\"name\":\"hakmarfrance.online\",\"description\":\"\",\"publisher\":{\"@id\":\"https:\\\/\\\/hakmarfrance.online\\\/de\\\/#organization\"},\"potentialAction\":[{\"@type\":\"SearchAction\",\"target\":{\"@type\":\"EntryPoint\",\"urlTemplate\":\"https:\\\/\\\/hakmarfrance.online\\\/de\\\/?s={search_term_string}\"},\"query-input\":{\"@type\":\"PropertyValueSpecification\",\"valueRequired\":true,\"valueName\":\"search_term_string\"}}],\"inLanguage\":\"de\"},{\"@type\":\"Organization\",\"@id\":\"https:\\\/\\\/hakmarfrance.online\\\/de\\\/#organization\",\"name\":\"hakmarfrance.online\",\"url\":\"https:\\\/\\\/hakmarfrance.online\\\/de\\\/\",\"logo\":{\"@type\":\"ImageObject\",\"inLanguage\":\"de\",\"@id\":\"https:\\\/\\\/hakmarfrance.online\\\/de\\\/#\\\/schema\\\/logo\\\/image\\\/\",\"url\":\"https:\\\/\\\/hakmarfrance.online\\\/wp-content\\\/uploads\\\/2025\\\/06\\\/logo-hakmarfrance.png\",\"contentUrl\":\"https:\\\/\\\/hakmarfrance.online\\\/wp-content\\\/uploads\\\/2025\\\/06\\\/logo-hakmarfrance.png\",\"width\":528,\"height\":232,\"caption\":\"hakmarfrance.online\"},\"image\":{\"@id\":\"https:\\\/\\\/hakmarfrance.online\\\/de\\\/#\\\/schema\\\/logo\\\/image\\\/\"},\"sameAs\":[\"https:\\\/\\\/www.facebook.com\\\/HakmarFranceSupermarche\\\/?locale=fr_FR\",\"https:\\\/\\\/www.instagram.com\\\/hakmarfrancesupermarche\\\/\"]}]}<\/script>\n<!-- \/ Yoast SEO plugin. -->","yoast_head_json":{"title":"Freez Mix Granatapfel \u2013 Kohlens\u00e4urehaltiges Getr\u00e4nk \u2013 275ml - hakmarfrance.online","robots":{"index":"index","follow":"follow","max-snippet":"max-snippet:-1","max-image-preview":"max-image-preview:large","max-video-preview":"max-video-preview:-1"},"canonical":"https:\/\/hakmarfrance.online\/de\/produit\/freez-mix-granatapfel-kohlensaeurehaltiges-getraenk-275ml\/","og_locale":"de_DE","og_type":"article","og_title":"Freez Mix Granatapfel \u2013 Kohlens\u00e4urehaltiges Getr\u00e4nk \u2013 275ml - hakmarfrance.online","og_description":"Entdecke die intensive Frische des Granatapfels neu mit Freez Mix Pomegranate, einem alkoholfreien kohlens\u00e4urehaltigen Getr\u00e4nk, nat\u00fcrlich gef\u00e4rbt, perfekt, um deine Momente des Genusses und Stils zu begleiten. \u2714\ufe0f Fruchtiger Granatapfelgeschmack, leicht s\u00e4uerlich\u2714\ufe0f Alkoholfrei \u2013 f\u00fcr jeden geeignet\u2714\ufe0f Nat\u00fcrliche F\u00e4rbung \u2013 ohne k\u00fcnstliche Zusatzstoffe\u2714\ufe0f Lustiges und modernes Design \u2013 275 ml in Glas\u2714\ufe0f Gut gek\u00fchlt genie\u00dfen f\u00fcr ein optimales Gef\u00fchl Ein k\u00fchner Look, ein ausgepr\u00e4gter Geschmack \u2013 Freez Mix Granatapfel, das ist fruchtige Energie bei jedem Schluck!","og_url":"https:\/\/hakmarfrance.online\/de\/produit\/freez-mix-granatapfel-kohlensaeurehaltiges-getraenk-275ml\/","og_site_name":"hakmarfrance.online","article_publisher":"https:\/\/www.facebook.com\/HakmarFranceSupermarche\/?locale=fr_FR","og_image":[{"width":1000,"height":800,"url":"https:\/\/hakmarfrance.online\/wp-content\/uploads\/2025\/07\/freez-mix-grenade-boisson-gazeuse-275ml.avif","type":"image\/png"}],"twitter_card":"summary_large_image","schema":{"@context":"https:\/\/schema.org","@graph":[{"@type":"WebPage","@id":"https:\/\/hakmarfrance.online\/de\/produit\/freez-mix-granatapfel-kohlensaeurehaltiges-getraenk-275ml\/","url":"https:\/\/hakmarfrance.online\/de\/produit\/freez-mix-granatapfel-kohlensaeurehaltiges-getraenk-275ml\/","name":"Freez Mix Granatapfel \u2013 Kohlens\u00e4urehaltiges Getr\u00e4nk \u2013 275ml - hakmarfrance.online","isPartOf":{"@id":"https:\/\/hakmarfrance.online\/de\/#website"},"primaryImageOfPage":{"@id":"https:\/\/hakmarfrance.online\/de\/produit\/freez-mix-granatapfel-kohlensaeurehaltiges-getraenk-275ml\/#primaryimage"},"image":{"@id":"https:\/\/hakmarfrance.online\/de\/produit\/freez-mix-granatapfel-kohlensaeurehaltiges-getraenk-275ml\/#primaryimage"},"thumbnailUrl":"https:\/\/hakmarfrance.online\/wp-content\/uploads\/2025\/07\/freez-mix-grenade-boisson-gazeuse-275ml.avif","datePublished":"2025-07-09T07:05:57+00:00","breadcrumb":{"@id":"https:\/\/hakmarfrance.online\/de\/produit\/freez-mix-granatapfel-kohlensaeurehaltiges-getraenk-275ml\/#breadcrumb"},"inLanguage":"de","potentialAction":[{"@type":"ReadAction","target":["https:\/\/hakmarfrance.online\/de\/produit\/freez-mix-granatapfel-kohlensaeurehaltiges-getraenk-275ml\/"]}]},{"@type":"ImageObject","inLanguage":"de","@id":"https:\/\/hakmarfrance.online\/de\/produit\/freez-mix-granatapfel-kohlensaeurehaltiges-getraenk-275ml\/#primaryimage","url":"https:\/\/hakmarfrance.online\/wp-content\/uploads\/2025\/07\/freez-mix-grenade-boisson-gazeuse-275ml.avif","contentUrl":"https:\/\/hakmarfrance.online\/wp-content\/uploads\/2025\/07\/freez-mix-grenade-boisson-gazeuse-275ml.avif","width":1000,"height":800,"caption":"Freez Mix Granatapfel \u2013 275 ml, alkoholfreies kohlens\u00e4urehaltiges Getr\u00e4nk mit kr\u00e4ftigem Granatapfelgeschmack"},{"@type":"BreadcrumbList","@id":"https:\/\/hakmarfrance.online\/de\/produit\/freez-mix-granatapfel-kohlensaeurehaltiges-getraenk-275ml\/#breadcrumb","itemListElement":[{"@type":"ListItem","position":1,"name":"Accueil","item":"https:\/\/hakmarfrance.online\/de\/"},{"@type":"ListItem","position":2,"name":"Shop","item":"https:\/\/hakmarfrance.online\/de\/shop\/"},{"@type":"ListItem","position":3,"name":"Freez Mix Granatapfel \u2013 Kohlens\u00e4urehaltiges Getr\u00e4nk \u2013 275ml"}]},{"@type":"WebSite","@id":"https:\/\/hakmarfrance.online\/de\/#website","url":"https:\/\/hakmarfrance.online\/de\/","name":"hakmarfrance.online","description":"","publisher":{"@id":"https:\/\/hakmarfrance.online\/de\/#organization"},"potentialAction":[{"@type":"SearchAction","target":{"@type":"EntryPoint","urlTemplate":"https:\/\/hakmarfrance.online\/de\/?s={search_term_string}"},"query-input":{"@type":"PropertyValueSpecification","valueRequired":true,"valueName":"search_term_string"}}],"inLanguage":"de"},{"@type":"Organization","@id":"https:\/\/hakmarfrance.online\/de\/#organization","name":"hakmarfrance.online","url":"https:\/\/hakmarfrance.online\/de\/","logo":{"@type":"ImageObject","inLanguage":"de","@id":"https:\/\/hakmarfrance.online\/de\/#\/schema\/logo\/image\/","url":"https:\/\/hakmarfrance.online\/wp-content\/uploads\/2025\/06\/logo-hakmarfrance.png","contentUrl":"https:\/\/hakmarfrance.online\/wp-content\/uploads\/2025\/06\/logo-hakmarfrance.png","width":528,"height":232,"caption":"hakmarfrance.online"},"image":{"@id":"https:\/\/hakmarfrance.online\/de\/#\/schema\/logo\/image\/"},"sameAs":["https:\/\/www.facebook.com\/HakmarFranceSupermarche\/?locale=fr_FR","https:\/\/www.instagram.com\/hakmarfrancesupermarche\/"]}]}},"_links":{"self":[{"href":"https:\/\/hakmarfrance.online\/de\/wp-json\/wp\/v2\/product\/17575","targetHints":{"allow":["GET"]}}],"collection":[{"href":"https:\/\/hakmarfrance.online\/de\/wp-json\/wp\/v2\/product"}],"about":[{"href":"https:\/\/hakmarfrance.online\/de\/wp-json\/wp\/v2\/types\/product"}],"replies":[{"embeddable":true,"href":"https:\/\/hakmarfrance.online\/de\/wp-json\/wp\/v2\/comments?post=17575"}],"version-history":[{"count":0,"href":"https:\/\/hakmarfrance.online\/de\/wp-json\/wp\/v2\/product\/17575\/revisions"}],"wp:featuredmedia":[{"embeddable":true,"href":"https:\/\/hakmarfrance.online\/de\/wp-json\/wp\/v2\/media\/17576"}],"wp:attachment":[{"href":"https:\/\/hakmarfrance.online\/de\/wp-json\/wp\/v2\/media?parent=17575"}],"wp:term":[{"taxonomy":"product_brand","embeddable":true,"href":"https:\/\/hakmarfrance.online\/de\/wp-json\/wp\/v2\/product_brand?post=17575"},{"taxonomy":"product_cat","embeddable":true,"href":"https:\/\/hakmarfrance.online\/de\/wp-json\/wp\/v2\/product_cat?post=17575"},{"taxonomy":"product_tag","embeddable":true,"href":"https:\/\/hakmarfrance.online\/de\/wp-json\/wp\/v2\/product_tag?post=17575"}],"curies":[{"name":"wp","href":"https:\/\/api.w.org\/{rel}","templated":true}]}}