{"id":17579,"date":"2025-07-09T07:26:40","date_gmt":"2025-07-09T07:26:40","guid":{"rendered":"https:\/\/hakmarfrance.online\/produit\/sweet-chef-pfeffersauce-speziell-fuer-burger-500-ml\/"},"modified":"2025-07-09T07:26:40","modified_gmt":"2025-07-09T07:26:40","slug":"sweet-chef-pfeffersauce-speziell-fuer-burger-500-ml","status":"publish","type":"product","link":"https:\/\/hakmarfrance.online\/de\/produit\/sweet-chef-pfeffersauce-speziell-fuer-burger-500-ml\/","title":{"rendered":"Sweet Chef Pfeffersauce \u2013 Speziell f\u00fcr Burger \u2013 500 ml"},"content":{"rendered":"<p data-start=\"254\" data-end=\"644\">Verleihe deinen Gerichten mit der Sweet Chef Pfeffersauce eine w\u00fcrzige und raffinierte Note. Ideal zu Burgern, gegrilltem Fleisch oder Pommes Frites, diese cremige schwarze Pfeffersauce wird dich mit ihrer perfekten Balance aus S\u00fc\u00dfe und Sch\u00e4rfe begeistern. Ihr gro\u00dfz\u00fcgiges 500-ml-Format ist perfekt f\u00fcr zu Hause und f\u00fcr Snacks.  <\/p>\n<p data-start=\"646\" data-end=\"771\">\ud83c\udf54 Einzigartiger, cremiger und w\u00fcrziger Pfeffergeschmack<br data-start=\"686\" data-end=\"689\">\ud83d\udc4c Perfekt f\u00fcr Burger, Sandwiches und Pommes Frites<br data-start=\"733\" data-end=\"736\">\ud83c\udde7\ud83c\uddea Sorgf\u00e4ltig in Belgien hergestellt<\/p>\n<p data-start=\"773\" data-end=\"809\">\u2705 <strong data-start=\"775\" data-end=\"807\">Hauptmerkmale<\/strong>:<\/p>\n<ul data-start=\"811\" data-end=\"950\">\n<li data-start=\"811\" data-end=\"834\">\n<p data-start=\"813\" data-end=\"834\">Inhalt: 500 ml<\/p>\n<\/li>\n<li data-start=\"835\" data-end=\"870\">\n<p data-start=\"837\" data-end=\"870\">Cremige Textur und pfeffriger Geschmack<\/p>\n<\/li>\n<li data-start=\"871\" data-end=\"911\">\n<p data-start=\"873\" data-end=\"911\">Quetschflasche mit Dosierverschluss<\/p>\n<\/li>\n<li data-start=\"912\" data-end=\"950\">\n<p data-start=\"914\" data-end=\"950\">Nach dem \u00d6ffnen k\u00fchl lagern<\/p>\n<\/li>\n<\/ul>\n","protected":false},"excerpt":{"rendered":"<p><strong data-start=\"1370\" data-end=\"1414\">Sweet Chef Pfeffer-Burger-Sauce 500 ml<\/strong> \u2013 Verleihe deinen Burgern mit dieser cremigen Pfeffersauce das gewisse Etwas, ideal, um all deinen hausgemachten Gerichten eine w\u00fcrzige Note zu verleihen.<\/p>\n","protected":false},"featured_media":17580,"comment_status":"open","ping_status":"closed","template":"","meta":{"iawp_total_views":0},"product_brand":[],"product_cat":[226,235,268,269],"product_tag":[],"class_list":{"0":"post-17579","1":"product","2":"type-product","3":"status-publish","4":"has-post-thumbnail","6":"product_cat-alle-unsere-produkte","7":"product_cat-gewurze-gewurzmischungen","8":"product_cat-herzhafte-lebensmittel","9":"product_cat-orientalische-lebensmittel","11":"first","12":"instock","13":"shipping-taxable","14":"purchasable","15":"product-type-simple"},"yoast_head":"<!-- This site is optimized with the Yoast SEO plugin v27.3 - https:\/\/yoast.com\/product\/yoast-seo-wordpress\/ -->\n<title>Sweet Chef Pfeffersauce \u2013 Speziell f\u00fcr Burger \u2013 500 ml - hakmarfrance.online<\/title>\n<meta name=\"robots\" content=\"index, follow, max-snippet:-1, max-image-preview:large, max-video-preview:-1\" \/>\n<link rel=\"canonical\" href=\"https:\/\/hakmarfrance.online\/de\/produit\/sweet-chef-pfeffersauce-speziell-fuer-burger-500-ml\/\" \/>\n<meta property=\"og:locale\" content=\"de_DE\" \/>\n<meta property=\"og:type\" content=\"article\" \/>\n<meta property=\"og:title\" content=\"Sweet Chef Pfeffersauce \u2013 Speziell f\u00fcr Burger \u2013 500 ml - hakmarfrance.online\" \/>\n<meta property=\"og:description\" content=\"Sweet Chef Pfeffer-Burger-Sauce 500 ml \u2013 Verleihe deinen Burgern mit dieser cremigen Pfeffersauce das gewisse Etwas, ideal, um all deinen hausgemachten Gerichten eine w\u00fcrzige Note zu verleihen.\" \/>\n<meta property=\"og:url\" content=\"https:\/\/hakmarfrance.online\/de\/produit\/sweet-chef-pfeffersauce-speziell-fuer-burger-500-ml\/\" \/>\n<meta property=\"og:site_name\" content=\"hakmarfrance.online\" \/>\n<meta property=\"article:publisher\" content=\"https:\/\/www.facebook.com\/HakmarFranceSupermarche\/?locale=fr_FR\" \/>\n<meta property=\"og:image\" content=\"https:\/\/hakmarfrance.online\/wp-content\/uploads\/2025\/07\/sauce-pepper-burger-sweet-chef-500ml.avif\" \/>\n\t<meta property=\"og:image:width\" content=\"1000\" \/>\n\t<meta property=\"og:image:height\" content=\"800\" \/>\n\t<meta property=\"og:image:type\" content=\"image\/png\" \/>\n<meta name=\"twitter:card\" content=\"summary_large_image\" \/>\n<script type=\"application\/ld+json\" class=\"yoast-schema-graph\">{\"@context\":\"https:\\\/\\\/schema.org\",\"@graph\":[{\"@type\":\"WebPage\",\"@id\":\"https:\\\/\\\/hakmarfrance.online\\\/de\\\/produit\\\/sweet-chef-pfeffersauce-speziell-fuer-burger-500-ml\\\/\",\"url\":\"https:\\\/\\\/hakmarfrance.online\\\/de\\\/produit\\\/sweet-chef-pfeffersauce-speziell-fuer-burger-500-ml\\\/\",\"name\":\"Sweet Chef Pfeffersauce \u2013 Speziell f\u00fcr Burger \u2013 500 ml - hakmarfrance.online\",\"isPartOf\":{\"@id\":\"https:\\\/\\\/hakmarfrance.online\\\/de\\\/#website\"},\"primaryImageOfPage\":{\"@id\":\"https:\\\/\\\/hakmarfrance.online\\\/de\\\/produit\\\/sweet-chef-pfeffersauce-speziell-fuer-burger-500-ml\\\/#primaryimage\"},\"image\":{\"@id\":\"https:\\\/\\\/hakmarfrance.online\\\/de\\\/produit\\\/sweet-chef-pfeffersauce-speziell-fuer-burger-500-ml\\\/#primaryimage\"},\"thumbnailUrl\":\"https:\\\/\\\/hakmarfrance.online\\\/wp-content\\\/uploads\\\/2025\\\/07\\\/sauce-pepper-burger-sweet-chef-500ml.avif\",\"datePublished\":\"2025-07-09T07:26:40+00:00\",\"breadcrumb\":{\"@id\":\"https:\\\/\\\/hakmarfrance.online\\\/de\\\/produit\\\/sweet-chef-pfeffersauce-speziell-fuer-burger-500-ml\\\/#breadcrumb\"},\"inLanguage\":\"de\",\"potentialAction\":[{\"@type\":\"ReadAction\",\"target\":[\"https:\\\/\\\/hakmarfrance.online\\\/de\\\/produit\\\/sweet-chef-pfeffersauce-speziell-fuer-burger-500-ml\\\/\"]}]},{\"@type\":\"ImageObject\",\"inLanguage\":\"de\",\"@id\":\"https:\\\/\\\/hakmarfrance.online\\\/de\\\/produit\\\/sweet-chef-pfeffersauce-speziell-fuer-burger-500-ml\\\/#primaryimage\",\"url\":\"https:\\\/\\\/hakmarfrance.online\\\/wp-content\\\/uploads\\\/2025\\\/07\\\/sauce-pepper-burger-sweet-chef-500ml.avif\",\"contentUrl\":\"https:\\\/\\\/hakmarfrance.online\\\/wp-content\\\/uploads\\\/2025\\\/07\\\/sauce-pepper-burger-sweet-chef-500ml.avif\",\"width\":1000,\"height\":800,\"caption\":\"Sweet Chef Pfeffersauce \u2013 500-ml-Format, ideal f\u00fcr deine Burger\"},{\"@type\":\"BreadcrumbList\",\"@id\":\"https:\\\/\\\/hakmarfrance.online\\\/de\\\/produit\\\/sweet-chef-pfeffersauce-speziell-fuer-burger-500-ml\\\/#breadcrumb\",\"itemListElement\":[{\"@type\":\"ListItem\",\"position\":1,\"name\":\"Accueil\",\"item\":\"https:\\\/\\\/hakmarfrance.online\\\/de\\\/\"},{\"@type\":\"ListItem\",\"position\":2,\"name\":\"Shop\",\"item\":\"https:\\\/\\\/hakmarfrance.online\\\/de\\\/shop\\\/\"},{\"@type\":\"ListItem\",\"position\":3,\"name\":\"Sweet Chef Pfeffersauce \u2013 Speziell f\u00fcr Burger \u2013 500 ml\"}]},{\"@type\":\"WebSite\",\"@id\":\"https:\\\/\\\/hakmarfrance.online\\\/de\\\/#website\",\"url\":\"https:\\\/\\\/hakmarfrance.online\\\/de\\\/\",\"name\":\"hakmarfrance.online\",\"description\":\"\",\"publisher\":{\"@id\":\"https:\\\/\\\/hakmarfrance.online\\\/de\\\/#organization\"},\"potentialAction\":[{\"@type\":\"SearchAction\",\"target\":{\"@type\":\"EntryPoint\",\"urlTemplate\":\"https:\\\/\\\/hakmarfrance.online\\\/de\\\/?s={search_term_string}\"},\"query-input\":{\"@type\":\"PropertyValueSpecification\",\"valueRequired\":true,\"valueName\":\"search_term_string\"}}],\"inLanguage\":\"de\"},{\"@type\":\"Organization\",\"@id\":\"https:\\\/\\\/hakmarfrance.online\\\/de\\\/#organization\",\"name\":\"hakmarfrance.online\",\"url\":\"https:\\\/\\\/hakmarfrance.online\\\/de\\\/\",\"logo\":{\"@type\":\"ImageObject\",\"inLanguage\":\"de\",\"@id\":\"https:\\\/\\\/hakmarfrance.online\\\/de\\\/#\\\/schema\\\/logo\\\/image\\\/\",\"url\":\"https:\\\/\\\/hakmarfrance.online\\\/wp-content\\\/uploads\\\/2025\\\/06\\\/logo-hakmarfrance.png\",\"contentUrl\":\"https:\\\/\\\/hakmarfrance.online\\\/wp-content\\\/uploads\\\/2025\\\/06\\\/logo-hakmarfrance.png\",\"width\":528,\"height\":232,\"caption\":\"hakmarfrance.online\"},\"image\":{\"@id\":\"https:\\\/\\\/hakmarfrance.online\\\/de\\\/#\\\/schema\\\/logo\\\/image\\\/\"},\"sameAs\":[\"https:\\\/\\\/www.facebook.com\\\/HakmarFranceSupermarche\\\/?locale=fr_FR\",\"https:\\\/\\\/www.instagram.com\\\/hakmarfrancesupermarche\\\/\"]}]}<\/script>\n<!-- \/ Yoast SEO plugin. -->","yoast_head_json":{"title":"Sweet Chef Pfeffersauce \u2013 Speziell f\u00fcr Burger \u2013 500 ml - hakmarfrance.online","robots":{"index":"index","follow":"follow","max-snippet":"max-snippet:-1","max-image-preview":"max-image-preview:large","max-video-preview":"max-video-preview:-1"},"canonical":"https:\/\/hakmarfrance.online\/de\/produit\/sweet-chef-pfeffersauce-speziell-fuer-burger-500-ml\/","og_locale":"de_DE","og_type":"article","og_title":"Sweet Chef Pfeffersauce \u2013 Speziell f\u00fcr Burger \u2013 500 ml - hakmarfrance.online","og_description":"Sweet Chef Pfeffer-Burger-Sauce 500 ml \u2013 Verleihe deinen Burgern mit dieser cremigen Pfeffersauce das gewisse Etwas, ideal, um all deinen hausgemachten Gerichten eine w\u00fcrzige Note zu verleihen.","og_url":"https:\/\/hakmarfrance.online\/de\/produit\/sweet-chef-pfeffersauce-speziell-fuer-burger-500-ml\/","og_site_name":"hakmarfrance.online","article_publisher":"https:\/\/www.facebook.com\/HakmarFranceSupermarche\/?locale=fr_FR","og_image":[{"width":1000,"height":800,"url":"https:\/\/hakmarfrance.online\/wp-content\/uploads\/2025\/07\/sauce-pepper-burger-sweet-chef-500ml.avif","type":"image\/png"}],"twitter_card":"summary_large_image","schema":{"@context":"https:\/\/schema.org","@graph":[{"@type":"WebPage","@id":"https:\/\/hakmarfrance.online\/de\/produit\/sweet-chef-pfeffersauce-speziell-fuer-burger-500-ml\/","url":"https:\/\/hakmarfrance.online\/de\/produit\/sweet-chef-pfeffersauce-speziell-fuer-burger-500-ml\/","name":"Sweet Chef Pfeffersauce \u2013 Speziell f\u00fcr Burger \u2013 500 ml - hakmarfrance.online","isPartOf":{"@id":"https:\/\/hakmarfrance.online\/de\/#website"},"primaryImageOfPage":{"@id":"https:\/\/hakmarfrance.online\/de\/produit\/sweet-chef-pfeffersauce-speziell-fuer-burger-500-ml\/#primaryimage"},"image":{"@id":"https:\/\/hakmarfrance.online\/de\/produit\/sweet-chef-pfeffersauce-speziell-fuer-burger-500-ml\/#primaryimage"},"thumbnailUrl":"https:\/\/hakmarfrance.online\/wp-content\/uploads\/2025\/07\/sauce-pepper-burger-sweet-chef-500ml.avif","datePublished":"2025-07-09T07:26:40+00:00","breadcrumb":{"@id":"https:\/\/hakmarfrance.online\/de\/produit\/sweet-chef-pfeffersauce-speziell-fuer-burger-500-ml\/#breadcrumb"},"inLanguage":"de","potentialAction":[{"@type":"ReadAction","target":["https:\/\/hakmarfrance.online\/de\/produit\/sweet-chef-pfeffersauce-speziell-fuer-burger-500-ml\/"]}]},{"@type":"ImageObject","inLanguage":"de","@id":"https:\/\/hakmarfrance.online\/de\/produit\/sweet-chef-pfeffersauce-speziell-fuer-burger-500-ml\/#primaryimage","url":"https:\/\/hakmarfrance.online\/wp-content\/uploads\/2025\/07\/sauce-pepper-burger-sweet-chef-500ml.avif","contentUrl":"https:\/\/hakmarfrance.online\/wp-content\/uploads\/2025\/07\/sauce-pepper-burger-sweet-chef-500ml.avif","width":1000,"height":800,"caption":"Sweet Chef Pfeffersauce \u2013 500-ml-Format, ideal f\u00fcr deine Burger"},{"@type":"BreadcrumbList","@id":"https:\/\/hakmarfrance.online\/de\/produit\/sweet-chef-pfeffersauce-speziell-fuer-burger-500-ml\/#breadcrumb","itemListElement":[{"@type":"ListItem","position":1,"name":"Accueil","item":"https:\/\/hakmarfrance.online\/de\/"},{"@type":"ListItem","position":2,"name":"Shop","item":"https:\/\/hakmarfrance.online\/de\/shop\/"},{"@type":"ListItem","position":3,"name":"Sweet Chef Pfeffersauce \u2013 Speziell f\u00fcr Burger \u2013 500 ml"}]},{"@type":"WebSite","@id":"https:\/\/hakmarfrance.online\/de\/#website","url":"https:\/\/hakmarfrance.online\/de\/","name":"hakmarfrance.online","description":"","publisher":{"@id":"https:\/\/hakmarfrance.online\/de\/#organization"},"potentialAction":[{"@type":"SearchAction","target":{"@type":"EntryPoint","urlTemplate":"https:\/\/hakmarfrance.online\/de\/?s={search_term_string}"},"query-input":{"@type":"PropertyValueSpecification","valueRequired":true,"valueName":"search_term_string"}}],"inLanguage":"de"},{"@type":"Organization","@id":"https:\/\/hakmarfrance.online\/de\/#organization","name":"hakmarfrance.online","url":"https:\/\/hakmarfrance.online\/de\/","logo":{"@type":"ImageObject","inLanguage":"de","@id":"https:\/\/hakmarfrance.online\/de\/#\/schema\/logo\/image\/","url":"https:\/\/hakmarfrance.online\/wp-content\/uploads\/2025\/06\/logo-hakmarfrance.png","contentUrl":"https:\/\/hakmarfrance.online\/wp-content\/uploads\/2025\/06\/logo-hakmarfrance.png","width":528,"height":232,"caption":"hakmarfrance.online"},"image":{"@id":"https:\/\/hakmarfrance.online\/de\/#\/schema\/logo\/image\/"},"sameAs":["https:\/\/www.facebook.com\/HakmarFranceSupermarche\/?locale=fr_FR","https:\/\/www.instagram.com\/hakmarfrancesupermarche\/"]}]}},"_links":{"self":[{"href":"https:\/\/hakmarfrance.online\/de\/wp-json\/wp\/v2\/product\/17579","targetHints":{"allow":["GET"]}}],"collection":[{"href":"https:\/\/hakmarfrance.online\/de\/wp-json\/wp\/v2\/product"}],"about":[{"href":"https:\/\/hakmarfrance.online\/de\/wp-json\/wp\/v2\/types\/product"}],"replies":[{"embeddable":true,"href":"https:\/\/hakmarfrance.online\/de\/wp-json\/wp\/v2\/comments?post=17579"}],"version-history":[{"count":0,"href":"https:\/\/hakmarfrance.online\/de\/wp-json\/wp\/v2\/product\/17579\/revisions"}],"wp:featuredmedia":[{"embeddable":true,"href":"https:\/\/hakmarfrance.online\/de\/wp-json\/wp\/v2\/media\/17580"}],"wp:attachment":[{"href":"https:\/\/hakmarfrance.online\/de\/wp-json\/wp\/v2\/media?parent=17579"}],"wp:term":[{"taxonomy":"product_brand","embeddable":true,"href":"https:\/\/hakmarfrance.online\/de\/wp-json\/wp\/v2\/product_brand?post=17579"},{"taxonomy":"product_cat","embeddable":true,"href":"https:\/\/hakmarfrance.online\/de\/wp-json\/wp\/v2\/product_cat?post=17579"},{"taxonomy":"product_tag","embeddable":true,"href":"https:\/\/hakmarfrance.online\/de\/wp-json\/wp\/v2\/product_tag?post=17579"}],"curies":[{"name":"wp","href":"https:\/\/api.w.org\/{rel}","templated":true}]}}