{"id":17583,"date":"2025-07-04T20:56:11","date_gmt":"2025-07-04T20:56:11","guid":{"rendered":"https:\/\/hakmarfrance.online\/produit\/yoerem-natives-olivenoel-extra-sizma-750-ml-premium-qualitaet\/"},"modified":"2025-07-04T20:56:11","modified_gmt":"2025-07-04T20:56:11","slug":"yoerem-natives-olivenoel-extra-sizma-750-ml-premium-qualitaet","status":"publish","type":"product","link":"https:\/\/hakmarfrance.online\/de\/produit\/yoerem-natives-olivenoel-extra-sizma-750-ml-premium-qualitaet\/","title":{"rendered":"Y\u00f6rem \u2013 Natives Oliven\u00f6l Extra S\u0131zma \u2013 750 ml \u2013 Premium-Qualit\u00e4t"},"content":{"rendered":"","protected":false},"excerpt":{"rendered":"<p data-start=\"305\" data-end=\"563\">Entdecke die Authentizit\u00e4t des Y\u00f6rem S\u0131zma Nativen Oliven\u00f6ls Extra, ein Premium-\u00d6l aus sorgf\u00e4ltig kaltgepressten Oliven. Ein Muss in deiner mediterranen K\u00fcche! <\/p>\n<p data-start=\"565\" data-end=\"767\">\ud83c\udf43 Geschmacksintensiv, perfekt f\u00fcr Salate, Gegrilltes oder roh<br data-start=\"628\" data-end=\"631\">\ud83e\uddf4 Gro\u00dfz\u00fcgiges 750 ml Format f\u00fcr die ganze Familie<br data-start=\"690\" data-end=\"693\">\ud83c\uddf9\ud83c\uddf7 T\u00fcrkische Spezialit\u00e4t, gesch\u00e4tzt f\u00fcr ihre Milde und ihr reiches Aroma<\/p>\n<p data-start=\"769\" data-end=\"805\">\u2705 <strong data-start=\"771\" data-end=\"803\">Hauptmerkmale<\/strong>:<\/p>\n<ul data-start=\"807\" data-end=\"990\">\n<li data-start=\"807\" data-end=\"830\">\n<p data-start=\"809\" data-end=\"830\">Inhalt: 750 ml<\/p>\n<\/li>\n<li data-start=\"831\" data-end=\"887\">\n<p data-start=\"833\" data-end=\"887\">Typ: Natives Oliven\u00f6l Extra (S\u0131zma Zeytinya\u011f\u0131)<\/p>\n<\/li>\n<li data-start=\"888\" data-end=\"909\">\n<p data-start=\"890\" data-end=\"909\">Herkunft: T\u00fcrkei<\/p>\n<\/li>\n<li data-start=\"910\" data-end=\"947\">\n<p data-start=\"912\" data-end=\"947\">Kaltgepresst \u2013 Premium-Qualit\u00e4t<\/p>\n<\/li>\n<li data-start=\"948\" data-end=\"990\">\n<p data-start=\"950\" data-end=\"990\">Abgef\u00fcllt in dunkler Glasflasche<\/p>\n<\/li>\n<\/ul>\n","protected":false},"featured_media":17584,"comment_status":"open","ping_status":"closed","template":"","meta":{"iawp_total_views":0},"product_brand":[173],"product_cat":[226,268],"product_tag":[],"class_list":{"0":"post-17583","1":"product","2":"type-product","3":"status-publish","4":"has-post-thumbnail","6":"product_brand-yorem","7":"product_cat-alle-unsere-produkte","8":"product_cat-herzhafte-lebensmittel","10":"first","11":"instock","12":"shipping-taxable","13":"purchasable","14":"product-type-simple"},"yoast_head":"<!-- This site is optimized with the Yoast SEO plugin v27.3 - https:\/\/yoast.com\/product\/yoast-seo-wordpress\/ -->\n<title>Y\u00f6rem \u2013 Natives Oliven\u00f6l Extra S\u0131zma \u2013 750 ml \u2013 Premium-Qualit\u00e4t - hakmarfrance.online<\/title>\n<meta name=\"robots\" content=\"index, follow, max-snippet:-1, max-image-preview:large, max-video-preview:-1\" \/>\n<link rel=\"canonical\" href=\"https:\/\/hakmarfrance.online\/de\/produit\/yoerem-natives-olivenoel-extra-sizma-750-ml-premium-qualitaet\/\" \/>\n<meta property=\"og:locale\" content=\"de_DE\" \/>\n<meta property=\"og:type\" content=\"article\" \/>\n<meta property=\"og:title\" content=\"Y\u00f6rem \u2013 Natives Oliven\u00f6l Extra S\u0131zma \u2013 750 ml \u2013 Premium-Qualit\u00e4t - hakmarfrance.online\" \/>\n<meta property=\"og:description\" content=\"Entdecke die Authentizit\u00e4t des Y\u00f6rem S\u0131zma Nativen Oliven\u00f6ls Extra, ein Premium-\u00d6l aus sorgf\u00e4ltig kaltgepressten Oliven. Ein Muss in deiner mediterranen K\u00fcche! \ud83c\udf43 Geschmacksintensiv, perfekt f\u00fcr Salate, Gegrilltes oder roh\ud83e\uddf4 Gro\u00dfz\u00fcgiges 750 ml Format f\u00fcr die ganze Familie\ud83c\uddf9\ud83c\uddf7 T\u00fcrkische Spezialit\u00e4t, gesch\u00e4tzt f\u00fcr ihre Milde und ihr reiches Aroma \u2705 Hauptmerkmale:   Inhalt: 750 ml   Typ: Natives Oliven\u00f6l Extra (S\u0131zma Zeytinya\u011f\u0131)   Herkunft: T\u00fcrkei   Kaltgepresst \u2013 Premium-Qualit\u00e4t   Abgef\u00fcllt in dunkler Glasflasche\" \/>\n<meta property=\"og:url\" content=\"https:\/\/hakmarfrance.online\/de\/produit\/yoerem-natives-olivenoel-extra-sizma-750-ml-premium-qualitaet\/\" \/>\n<meta property=\"og:site_name\" content=\"hakmarfrance.online\" \/>\n<meta property=\"article:publisher\" content=\"https:\/\/www.facebook.com\/HakmarFranceSupermarche\/?locale=fr_FR\" \/>\n<meta property=\"og:image\" content=\"https:\/\/hakmarfrance.online\/wp-content\/uploads\/2025\/07\/huile-olive-yorem-sizma-zeytinyagi-750ml.avif\" \/>\n\t<meta property=\"og:image:width\" content=\"1000\" \/>\n\t<meta property=\"og:image:height\" content=\"800\" \/>\n\t<meta property=\"og:image:type\" content=\"image\/png\" \/>\n<meta name=\"twitter:card\" content=\"summary_large_image\" \/>\n<script type=\"application\/ld+json\" class=\"yoast-schema-graph\">{\"@context\":\"https:\\\/\\\/schema.org\",\"@graph\":[{\"@type\":\"WebPage\",\"@id\":\"https:\\\/\\\/hakmarfrance.online\\\/de\\\/produit\\\/yoerem-natives-olivenoel-extra-sizma-750-ml-premium-qualitaet\\\/\",\"url\":\"https:\\\/\\\/hakmarfrance.online\\\/de\\\/produit\\\/yoerem-natives-olivenoel-extra-sizma-750-ml-premium-qualitaet\\\/\",\"name\":\"Y\u00f6rem \u2013 Natives Oliven\u00f6l Extra S\u0131zma \u2013 750 ml \u2013 Premium-Qualit\u00e4t - hakmarfrance.online\",\"isPartOf\":{\"@id\":\"https:\\\/\\\/hakmarfrance.online\\\/de\\\/#website\"},\"primaryImageOfPage\":{\"@id\":\"https:\\\/\\\/hakmarfrance.online\\\/de\\\/produit\\\/yoerem-natives-olivenoel-extra-sizma-750-ml-premium-qualitaet\\\/#primaryimage\"},\"image\":{\"@id\":\"https:\\\/\\\/hakmarfrance.online\\\/de\\\/produit\\\/yoerem-natives-olivenoel-extra-sizma-750-ml-premium-qualitaet\\\/#primaryimage\"},\"thumbnailUrl\":\"https:\\\/\\\/hakmarfrance.online\\\/wp-content\\\/uploads\\\/2025\\\/07\\\/huile-olive-yorem-sizma-zeytinyagi-750ml.avif\",\"datePublished\":\"2025-07-04T20:56:11+00:00\",\"breadcrumb\":{\"@id\":\"https:\\\/\\\/hakmarfrance.online\\\/de\\\/produit\\\/yoerem-natives-olivenoel-extra-sizma-750-ml-premium-qualitaet\\\/#breadcrumb\"},\"inLanguage\":\"de\",\"potentialAction\":[{\"@type\":\"ReadAction\",\"target\":[\"https:\\\/\\\/hakmarfrance.online\\\/de\\\/produit\\\/yoerem-natives-olivenoel-extra-sizma-750-ml-premium-qualitaet\\\/\"]}]},{\"@type\":\"ImageObject\",\"inLanguage\":\"de\",\"@id\":\"https:\\\/\\\/hakmarfrance.online\\\/de\\\/produit\\\/yoerem-natives-olivenoel-extra-sizma-750-ml-premium-qualitaet\\\/#primaryimage\",\"url\":\"https:\\\/\\\/hakmarfrance.online\\\/wp-content\\\/uploads\\\/2025\\\/07\\\/huile-olive-yorem-sizma-zeytinyagi-750ml.avif\",\"contentUrl\":\"https:\\\/\\\/hakmarfrance.online\\\/wp-content\\\/uploads\\\/2025\\\/07\\\/huile-olive-yorem-sizma-zeytinyagi-750ml.avif\",\"width\":1000,\"height\":800,\"caption\":\"Y\u00f6rem \u2013 Natives Oliven\u00f6l Extra \u2013 750 ml \u2013 T\u00fcrkisches Premium-Produkt\"},{\"@type\":\"BreadcrumbList\",\"@id\":\"https:\\\/\\\/hakmarfrance.online\\\/de\\\/produit\\\/yoerem-natives-olivenoel-extra-sizma-750-ml-premium-qualitaet\\\/#breadcrumb\",\"itemListElement\":[{\"@type\":\"ListItem\",\"position\":1,\"name\":\"Accueil\",\"item\":\"https:\\\/\\\/hakmarfrance.online\\\/de\\\/\"},{\"@type\":\"ListItem\",\"position\":2,\"name\":\"Shop\",\"item\":\"https:\\\/\\\/hakmarfrance.online\\\/de\\\/shop\\\/\"},{\"@type\":\"ListItem\",\"position\":3,\"name\":\"Y\u00f6rem \u2013 Natives Oliven\u00f6l Extra S\u0131zma \u2013 750 ml \u2013 Premium-Qualit\u00e4t\"}]},{\"@type\":\"WebSite\",\"@id\":\"https:\\\/\\\/hakmarfrance.online\\\/de\\\/#website\",\"url\":\"https:\\\/\\\/hakmarfrance.online\\\/de\\\/\",\"name\":\"hakmarfrance.online\",\"description\":\"\",\"publisher\":{\"@id\":\"https:\\\/\\\/hakmarfrance.online\\\/de\\\/#organization\"},\"potentialAction\":[{\"@type\":\"SearchAction\",\"target\":{\"@type\":\"EntryPoint\",\"urlTemplate\":\"https:\\\/\\\/hakmarfrance.online\\\/de\\\/?s={search_term_string}\"},\"query-input\":{\"@type\":\"PropertyValueSpecification\",\"valueRequired\":true,\"valueName\":\"search_term_string\"}}],\"inLanguage\":\"de\"},{\"@type\":\"Organization\",\"@id\":\"https:\\\/\\\/hakmarfrance.online\\\/de\\\/#organization\",\"name\":\"hakmarfrance.online\",\"url\":\"https:\\\/\\\/hakmarfrance.online\\\/de\\\/\",\"logo\":{\"@type\":\"ImageObject\",\"inLanguage\":\"de\",\"@id\":\"https:\\\/\\\/hakmarfrance.online\\\/de\\\/#\\\/schema\\\/logo\\\/image\\\/\",\"url\":\"https:\\\/\\\/hakmarfrance.online\\\/wp-content\\\/uploads\\\/2025\\\/06\\\/logo-hakmarfrance.png\",\"contentUrl\":\"https:\\\/\\\/hakmarfrance.online\\\/wp-content\\\/uploads\\\/2025\\\/06\\\/logo-hakmarfrance.png\",\"width\":528,\"height\":232,\"caption\":\"hakmarfrance.online\"},\"image\":{\"@id\":\"https:\\\/\\\/hakmarfrance.online\\\/de\\\/#\\\/schema\\\/logo\\\/image\\\/\"},\"sameAs\":[\"https:\\\/\\\/www.facebook.com\\\/HakmarFranceSupermarche\\\/?locale=fr_FR\",\"https:\\\/\\\/www.instagram.com\\\/hakmarfrancesupermarche\\\/\"]}]}<\/script>\n<!-- \/ Yoast SEO plugin. -->","yoast_head_json":{"title":"Y\u00f6rem \u2013 Natives Oliven\u00f6l Extra S\u0131zma \u2013 750 ml \u2013 Premium-Qualit\u00e4t - hakmarfrance.online","robots":{"index":"index","follow":"follow","max-snippet":"max-snippet:-1","max-image-preview":"max-image-preview:large","max-video-preview":"max-video-preview:-1"},"canonical":"https:\/\/hakmarfrance.online\/de\/produit\/yoerem-natives-olivenoel-extra-sizma-750-ml-premium-qualitaet\/","og_locale":"de_DE","og_type":"article","og_title":"Y\u00f6rem \u2013 Natives Oliven\u00f6l Extra S\u0131zma \u2013 750 ml \u2013 Premium-Qualit\u00e4t - hakmarfrance.online","og_description":"Entdecke die Authentizit\u00e4t des Y\u00f6rem S\u0131zma Nativen Oliven\u00f6ls Extra, ein Premium-\u00d6l aus sorgf\u00e4ltig kaltgepressten Oliven. Ein Muss in deiner mediterranen K\u00fcche! \ud83c\udf43 Geschmacksintensiv, perfekt f\u00fcr Salate, Gegrilltes oder roh\ud83e\uddf4 Gro\u00dfz\u00fcgiges 750 ml Format f\u00fcr die ganze Familie\ud83c\uddf9\ud83c\uddf7 T\u00fcrkische Spezialit\u00e4t, gesch\u00e4tzt f\u00fcr ihre Milde und ihr reiches Aroma \u2705 Hauptmerkmale:   Inhalt: 750 ml   Typ: Natives Oliven\u00f6l Extra (S\u0131zma Zeytinya\u011f\u0131)   Herkunft: T\u00fcrkei   Kaltgepresst \u2013 Premium-Qualit\u00e4t   Abgef\u00fcllt in dunkler Glasflasche","og_url":"https:\/\/hakmarfrance.online\/de\/produit\/yoerem-natives-olivenoel-extra-sizma-750-ml-premium-qualitaet\/","og_site_name":"hakmarfrance.online","article_publisher":"https:\/\/www.facebook.com\/HakmarFranceSupermarche\/?locale=fr_FR","og_image":[{"width":1000,"height":800,"url":"https:\/\/hakmarfrance.online\/wp-content\/uploads\/2025\/07\/huile-olive-yorem-sizma-zeytinyagi-750ml.avif","type":"image\/png"}],"twitter_card":"summary_large_image","schema":{"@context":"https:\/\/schema.org","@graph":[{"@type":"WebPage","@id":"https:\/\/hakmarfrance.online\/de\/produit\/yoerem-natives-olivenoel-extra-sizma-750-ml-premium-qualitaet\/","url":"https:\/\/hakmarfrance.online\/de\/produit\/yoerem-natives-olivenoel-extra-sizma-750-ml-premium-qualitaet\/","name":"Y\u00f6rem \u2013 Natives Oliven\u00f6l Extra S\u0131zma \u2013 750 ml \u2013 Premium-Qualit\u00e4t - hakmarfrance.online","isPartOf":{"@id":"https:\/\/hakmarfrance.online\/de\/#website"},"primaryImageOfPage":{"@id":"https:\/\/hakmarfrance.online\/de\/produit\/yoerem-natives-olivenoel-extra-sizma-750-ml-premium-qualitaet\/#primaryimage"},"image":{"@id":"https:\/\/hakmarfrance.online\/de\/produit\/yoerem-natives-olivenoel-extra-sizma-750-ml-premium-qualitaet\/#primaryimage"},"thumbnailUrl":"https:\/\/hakmarfrance.online\/wp-content\/uploads\/2025\/07\/huile-olive-yorem-sizma-zeytinyagi-750ml.avif","datePublished":"2025-07-04T20:56:11+00:00","breadcrumb":{"@id":"https:\/\/hakmarfrance.online\/de\/produit\/yoerem-natives-olivenoel-extra-sizma-750-ml-premium-qualitaet\/#breadcrumb"},"inLanguage":"de","potentialAction":[{"@type":"ReadAction","target":["https:\/\/hakmarfrance.online\/de\/produit\/yoerem-natives-olivenoel-extra-sizma-750-ml-premium-qualitaet\/"]}]},{"@type":"ImageObject","inLanguage":"de","@id":"https:\/\/hakmarfrance.online\/de\/produit\/yoerem-natives-olivenoel-extra-sizma-750-ml-premium-qualitaet\/#primaryimage","url":"https:\/\/hakmarfrance.online\/wp-content\/uploads\/2025\/07\/huile-olive-yorem-sizma-zeytinyagi-750ml.avif","contentUrl":"https:\/\/hakmarfrance.online\/wp-content\/uploads\/2025\/07\/huile-olive-yorem-sizma-zeytinyagi-750ml.avif","width":1000,"height":800,"caption":"Y\u00f6rem \u2013 Natives Oliven\u00f6l Extra \u2013 750 ml \u2013 T\u00fcrkisches Premium-Produkt"},{"@type":"BreadcrumbList","@id":"https:\/\/hakmarfrance.online\/de\/produit\/yoerem-natives-olivenoel-extra-sizma-750-ml-premium-qualitaet\/#breadcrumb","itemListElement":[{"@type":"ListItem","position":1,"name":"Accueil","item":"https:\/\/hakmarfrance.online\/de\/"},{"@type":"ListItem","position":2,"name":"Shop","item":"https:\/\/hakmarfrance.online\/de\/shop\/"},{"@type":"ListItem","position":3,"name":"Y\u00f6rem \u2013 Natives Oliven\u00f6l Extra S\u0131zma \u2013 750 ml \u2013 Premium-Qualit\u00e4t"}]},{"@type":"WebSite","@id":"https:\/\/hakmarfrance.online\/de\/#website","url":"https:\/\/hakmarfrance.online\/de\/","name":"hakmarfrance.online","description":"","publisher":{"@id":"https:\/\/hakmarfrance.online\/de\/#organization"},"potentialAction":[{"@type":"SearchAction","target":{"@type":"EntryPoint","urlTemplate":"https:\/\/hakmarfrance.online\/de\/?s={search_term_string}"},"query-input":{"@type":"PropertyValueSpecification","valueRequired":true,"valueName":"search_term_string"}}],"inLanguage":"de"},{"@type":"Organization","@id":"https:\/\/hakmarfrance.online\/de\/#organization","name":"hakmarfrance.online","url":"https:\/\/hakmarfrance.online\/de\/","logo":{"@type":"ImageObject","inLanguage":"de","@id":"https:\/\/hakmarfrance.online\/de\/#\/schema\/logo\/image\/","url":"https:\/\/hakmarfrance.online\/wp-content\/uploads\/2025\/06\/logo-hakmarfrance.png","contentUrl":"https:\/\/hakmarfrance.online\/wp-content\/uploads\/2025\/06\/logo-hakmarfrance.png","width":528,"height":232,"caption":"hakmarfrance.online"},"image":{"@id":"https:\/\/hakmarfrance.online\/de\/#\/schema\/logo\/image\/"},"sameAs":["https:\/\/www.facebook.com\/HakmarFranceSupermarche\/?locale=fr_FR","https:\/\/www.instagram.com\/hakmarfrancesupermarche\/"]}]}},"_links":{"self":[{"href":"https:\/\/hakmarfrance.online\/de\/wp-json\/wp\/v2\/product\/17583","targetHints":{"allow":["GET"]}}],"collection":[{"href":"https:\/\/hakmarfrance.online\/de\/wp-json\/wp\/v2\/product"}],"about":[{"href":"https:\/\/hakmarfrance.online\/de\/wp-json\/wp\/v2\/types\/product"}],"replies":[{"embeddable":true,"href":"https:\/\/hakmarfrance.online\/de\/wp-json\/wp\/v2\/comments?post=17583"}],"version-history":[{"count":0,"href":"https:\/\/hakmarfrance.online\/de\/wp-json\/wp\/v2\/product\/17583\/revisions"}],"wp:featuredmedia":[{"embeddable":true,"href":"https:\/\/hakmarfrance.online\/de\/wp-json\/wp\/v2\/media\/17584"}],"wp:attachment":[{"href":"https:\/\/hakmarfrance.online\/de\/wp-json\/wp\/v2\/media?parent=17583"}],"wp:term":[{"taxonomy":"product_brand","embeddable":true,"href":"https:\/\/hakmarfrance.online\/de\/wp-json\/wp\/v2\/product_brand?post=17583"},{"taxonomy":"product_cat","embeddable":true,"href":"https:\/\/hakmarfrance.online\/de\/wp-json\/wp\/v2\/product_cat?post=17583"},{"taxonomy":"product_tag","embeddable":true,"href":"https:\/\/hakmarfrance.online\/de\/wp-json\/wp\/v2\/product_tag?post=17583"}],"curies":[{"name":"wp","href":"https:\/\/api.w.org\/{rel}","templated":true}]}}