{"id":17587,"date":"2025-07-09T10:57:26","date_gmt":"2025-07-09T10:57:26","guid":{"rendered":"https:\/\/hakmarfrance.online\/produit\/coca-cola-cherry-15-l-erfrischungsgetraenk-mit-kirschgeschmack\/"},"modified":"2025-07-09T10:57:26","modified_gmt":"2025-07-09T10:57:26","slug":"coca-cola-cherry-15-l-erfrischungsgetraenk-mit-kirschgeschmack","status":"publish","type":"product","link":"https:\/\/hakmarfrance.online\/de\/produit\/coca-cola-cherry-15-l-erfrischungsgetraenk-mit-kirschgeschmack\/","title":{"rendered":"Coca-Cola Cherry 1,5 L \u2013 Erfrischungsgetr\u00e4nk mit Kirschgeschmack"},"content":{"rendered":"<p data-start=\"229\" data-end=\"669\">Genie\u00dfe die unwiderstehliche Kombination aus klassischem Coca-Cola mit einer fruchtigen Kirsch-Note. <strong data-start=\"379\" data-end=\"404\">Coca-Cola Cherry 1,5L<\/strong> ist das ideale prickelnde Getr\u00e4nk f\u00fcr alle, die eine originelle und leckere Alternative suchen. Mit seinem gro\u00dfz\u00fcgigen Format ist es perfekt, um deine Mahlzeiten zu begleiten oder deine Pausen mit Freunden zu erfrischen. Eine Explosion von Frische und S\u00fc\u00dfe bei jedem Schluck.  <\/p>\n<p data-start=\"671\" data-end=\"707\">\u2705 <strong data-start=\"673\" data-end=\"707\">Hauptmerkmale:<\/strong><\/p>\n<ul data-start=\"708\" data-end=\"860\">\n<li data-start=\"708\" data-end=\"725\">\n<p data-start=\"710\" data-end=\"725\">Geschmack: Kirsche<\/p>\n<\/li>\n<li data-start=\"726\" data-end=\"750\">\n<p data-start=\"728\" data-end=\"750\">Inhalt: 1,5 Liter<\/p>\n<\/li>\n<li data-start=\"751\" data-end=\"775\">\n<p data-start=\"753\" data-end=\"775\">Zuckerhaltiges Erfrischungsgetr\u00e4nk<\/p>\n<\/li>\n<li data-start=\"776\" data-end=\"810\">\n<p data-start=\"778\" data-end=\"810\">Original Coca-Cola Geschmack + Kirsche<\/p>\n<\/li>\n<li data-start=\"811\" data-end=\"860\">\n<p data-start=\"813\" data-end=\"860\">Ideal zum Teilen oder f\u00fcr besondere Anl\u00e4sse<\/p>\n<\/li>\n<\/ul>\n","protected":false},"excerpt":{"rendered":"<p>Coca-Cola Cherry 1,5L \u2013 ein kohlens\u00e4urehaltiges Getr\u00e4nk mit Coca-Cola-Geschmack, verfeinert mit Kirsche, f\u00fcr frische und fruchtige Pausen.<\/p>\n","protected":false},"featured_media":17588,"comment_status":"open","ping_status":"closed","template":"","meta":{"iawp_total_views":0},"product_brand":[213],"product_cat":[226,232,231],"product_tag":[],"class_list":{"0":"post-17587","1":"product","2":"type-product","3":"status-publish","4":"has-post-thumbnail","6":"product_brand-coca-cola","7":"product_cat-alle-unsere-produkte","8":"product_cat-erfrischungsgetrank","9":"product_cat-getranke","11":"first","12":"instock","13":"shipping-taxable","14":"purchasable","15":"product-type-simple"},"yoast_head":"<!-- This site is optimized with the Yoast SEO plugin v27.3 - https:\/\/yoast.com\/product\/yoast-seo-wordpress\/ -->\n<title>Coca-Cola Cherry 1,5 L \u2013 Erfrischungsgetr\u00e4nk mit Kirschgeschmack - hakmarfrance.online<\/title>\n<meta name=\"robots\" content=\"index, follow, max-snippet:-1, max-image-preview:large, max-video-preview:-1\" \/>\n<link rel=\"canonical\" href=\"https:\/\/hakmarfrance.online\/de\/produit\/coca-cola-cherry-15-l-erfrischungsgetraenk-mit-kirschgeschmack\/\" \/>\n<meta property=\"og:locale\" content=\"de_DE\" \/>\n<meta property=\"og:type\" content=\"article\" \/>\n<meta property=\"og:title\" content=\"Coca-Cola Cherry 1,5 L \u2013 Erfrischungsgetr\u00e4nk mit Kirschgeschmack - hakmarfrance.online\" \/>\n<meta property=\"og:description\" content=\"Coca-Cola Cherry 1,5L \u2013 ein kohlens\u00e4urehaltiges Getr\u00e4nk mit Coca-Cola-Geschmack, verfeinert mit Kirsche, f\u00fcr frische und fruchtige Pausen.\" \/>\n<meta property=\"og:url\" content=\"https:\/\/hakmarfrance.online\/de\/produit\/coca-cola-cherry-15-l-erfrischungsgetraenk-mit-kirschgeschmack\/\" \/>\n<meta property=\"og:site_name\" content=\"hakmarfrance.online\" \/>\n<meta property=\"article:publisher\" content=\"https:\/\/www.facebook.com\/HakmarFranceSupermarche\/?locale=fr_FR\" \/>\n<meta property=\"og:image\" content=\"https:\/\/hakmarfrance.online\/wp-content\/uploads\/2025\/07\/coca-cola-cherry-1-5l.avif\" \/>\n\t<meta property=\"og:image:width\" content=\"1000\" \/>\n\t<meta property=\"og:image:height\" content=\"800\" \/>\n\t<meta property=\"og:image:type\" content=\"image\/png\" \/>\n<meta name=\"twitter:card\" content=\"summary_large_image\" \/>\n<script type=\"application\/ld+json\" class=\"yoast-schema-graph\">{\"@context\":\"https:\\\/\\\/schema.org\",\"@graph\":[{\"@type\":\"WebPage\",\"@id\":\"https:\\\/\\\/hakmarfrance.online\\\/de\\\/produit\\\/coca-cola-cherry-15-l-erfrischungsgetraenk-mit-kirschgeschmack\\\/\",\"url\":\"https:\\\/\\\/hakmarfrance.online\\\/de\\\/produit\\\/coca-cola-cherry-15-l-erfrischungsgetraenk-mit-kirschgeschmack\\\/\",\"name\":\"Coca-Cola Cherry 1,5 L \u2013 Erfrischungsgetr\u00e4nk mit Kirschgeschmack - hakmarfrance.online\",\"isPartOf\":{\"@id\":\"https:\\\/\\\/hakmarfrance.online\\\/de\\\/#website\"},\"primaryImageOfPage\":{\"@id\":\"https:\\\/\\\/hakmarfrance.online\\\/de\\\/produit\\\/coca-cola-cherry-15-l-erfrischungsgetraenk-mit-kirschgeschmack\\\/#primaryimage\"},\"image\":{\"@id\":\"https:\\\/\\\/hakmarfrance.online\\\/de\\\/produit\\\/coca-cola-cherry-15-l-erfrischungsgetraenk-mit-kirschgeschmack\\\/#primaryimage\"},\"thumbnailUrl\":\"https:\\\/\\\/hakmarfrance.online\\\/wp-content\\\/uploads\\\/2025\\\/07\\\/coca-cola-cherry-1-5l.avif\",\"datePublished\":\"2025-07-09T10:57:26+00:00\",\"breadcrumb\":{\"@id\":\"https:\\\/\\\/hakmarfrance.online\\\/de\\\/produit\\\/coca-cola-cherry-15-l-erfrischungsgetraenk-mit-kirschgeschmack\\\/#breadcrumb\"},\"inLanguage\":\"de\",\"potentialAction\":[{\"@type\":\"ReadAction\",\"target\":[\"https:\\\/\\\/hakmarfrance.online\\\/de\\\/produit\\\/coca-cola-cherry-15-l-erfrischungsgetraenk-mit-kirschgeschmack\\\/\"]}]},{\"@type\":\"ImageObject\",\"inLanguage\":\"de\",\"@id\":\"https:\\\/\\\/hakmarfrance.online\\\/de\\\/produit\\\/coca-cola-cherry-15-l-erfrischungsgetraenk-mit-kirschgeschmack\\\/#primaryimage\",\"url\":\"https:\\\/\\\/hakmarfrance.online\\\/wp-content\\\/uploads\\\/2025\\\/07\\\/coca-cola-cherry-1-5l.avif\",\"contentUrl\":\"https:\\\/\\\/hakmarfrance.online\\\/wp-content\\\/uploads\\\/2025\\\/07\\\/coca-cola-cherry-1-5l.avif\",\"width\":1000,\"height\":800,\"caption\":\"Coca-Cola Cherry \u2013 1,5L Flasche Kirschgeschmack\"},{\"@type\":\"BreadcrumbList\",\"@id\":\"https:\\\/\\\/hakmarfrance.online\\\/de\\\/produit\\\/coca-cola-cherry-15-l-erfrischungsgetraenk-mit-kirschgeschmack\\\/#breadcrumb\",\"itemListElement\":[{\"@type\":\"ListItem\",\"position\":1,\"name\":\"Accueil\",\"item\":\"https:\\\/\\\/hakmarfrance.online\\\/de\\\/\"},{\"@type\":\"ListItem\",\"position\":2,\"name\":\"Shop\",\"item\":\"https:\\\/\\\/hakmarfrance.online\\\/de\\\/shop\\\/\"},{\"@type\":\"ListItem\",\"position\":3,\"name\":\"Coca-Cola Cherry 1,5 L \u2013 Erfrischungsgetr\u00e4nk mit Kirschgeschmack\"}]},{\"@type\":\"WebSite\",\"@id\":\"https:\\\/\\\/hakmarfrance.online\\\/de\\\/#website\",\"url\":\"https:\\\/\\\/hakmarfrance.online\\\/de\\\/\",\"name\":\"hakmarfrance.online\",\"description\":\"\",\"publisher\":{\"@id\":\"https:\\\/\\\/hakmarfrance.online\\\/de\\\/#organization\"},\"potentialAction\":[{\"@type\":\"SearchAction\",\"target\":{\"@type\":\"EntryPoint\",\"urlTemplate\":\"https:\\\/\\\/hakmarfrance.online\\\/de\\\/?s={search_term_string}\"},\"query-input\":{\"@type\":\"PropertyValueSpecification\",\"valueRequired\":true,\"valueName\":\"search_term_string\"}}],\"inLanguage\":\"de\"},{\"@type\":\"Organization\",\"@id\":\"https:\\\/\\\/hakmarfrance.online\\\/de\\\/#organization\",\"name\":\"hakmarfrance.online\",\"url\":\"https:\\\/\\\/hakmarfrance.online\\\/de\\\/\",\"logo\":{\"@type\":\"ImageObject\",\"inLanguage\":\"de\",\"@id\":\"https:\\\/\\\/hakmarfrance.online\\\/de\\\/#\\\/schema\\\/logo\\\/image\\\/\",\"url\":\"https:\\\/\\\/hakmarfrance.online\\\/wp-content\\\/uploads\\\/2025\\\/06\\\/logo-hakmarfrance.png\",\"contentUrl\":\"https:\\\/\\\/hakmarfrance.online\\\/wp-content\\\/uploads\\\/2025\\\/06\\\/logo-hakmarfrance.png\",\"width\":528,\"height\":232,\"caption\":\"hakmarfrance.online\"},\"image\":{\"@id\":\"https:\\\/\\\/hakmarfrance.online\\\/de\\\/#\\\/schema\\\/logo\\\/image\\\/\"},\"sameAs\":[\"https:\\\/\\\/www.facebook.com\\\/HakmarFranceSupermarche\\\/?locale=fr_FR\",\"https:\\\/\\\/www.instagram.com\\\/hakmarfrancesupermarche\\\/\"]}]}<\/script>\n<!-- \/ Yoast SEO plugin. -->","yoast_head_json":{"title":"Coca-Cola Cherry 1,5 L \u2013 Erfrischungsgetr\u00e4nk mit Kirschgeschmack - hakmarfrance.online","robots":{"index":"index","follow":"follow","max-snippet":"max-snippet:-1","max-image-preview":"max-image-preview:large","max-video-preview":"max-video-preview:-1"},"canonical":"https:\/\/hakmarfrance.online\/de\/produit\/coca-cola-cherry-15-l-erfrischungsgetraenk-mit-kirschgeschmack\/","og_locale":"de_DE","og_type":"article","og_title":"Coca-Cola Cherry 1,5 L \u2013 Erfrischungsgetr\u00e4nk mit Kirschgeschmack - hakmarfrance.online","og_description":"Coca-Cola Cherry 1,5L \u2013 ein kohlens\u00e4urehaltiges Getr\u00e4nk mit Coca-Cola-Geschmack, verfeinert mit Kirsche, f\u00fcr frische und fruchtige Pausen.","og_url":"https:\/\/hakmarfrance.online\/de\/produit\/coca-cola-cherry-15-l-erfrischungsgetraenk-mit-kirschgeschmack\/","og_site_name":"hakmarfrance.online","article_publisher":"https:\/\/www.facebook.com\/HakmarFranceSupermarche\/?locale=fr_FR","og_image":[{"width":1000,"height":800,"url":"https:\/\/hakmarfrance.online\/wp-content\/uploads\/2025\/07\/coca-cola-cherry-1-5l.avif","type":"image\/png"}],"twitter_card":"summary_large_image","schema":{"@context":"https:\/\/schema.org","@graph":[{"@type":"WebPage","@id":"https:\/\/hakmarfrance.online\/de\/produit\/coca-cola-cherry-15-l-erfrischungsgetraenk-mit-kirschgeschmack\/","url":"https:\/\/hakmarfrance.online\/de\/produit\/coca-cola-cherry-15-l-erfrischungsgetraenk-mit-kirschgeschmack\/","name":"Coca-Cola Cherry 1,5 L \u2013 Erfrischungsgetr\u00e4nk mit Kirschgeschmack - hakmarfrance.online","isPartOf":{"@id":"https:\/\/hakmarfrance.online\/de\/#website"},"primaryImageOfPage":{"@id":"https:\/\/hakmarfrance.online\/de\/produit\/coca-cola-cherry-15-l-erfrischungsgetraenk-mit-kirschgeschmack\/#primaryimage"},"image":{"@id":"https:\/\/hakmarfrance.online\/de\/produit\/coca-cola-cherry-15-l-erfrischungsgetraenk-mit-kirschgeschmack\/#primaryimage"},"thumbnailUrl":"https:\/\/hakmarfrance.online\/wp-content\/uploads\/2025\/07\/coca-cola-cherry-1-5l.avif","datePublished":"2025-07-09T10:57:26+00:00","breadcrumb":{"@id":"https:\/\/hakmarfrance.online\/de\/produit\/coca-cola-cherry-15-l-erfrischungsgetraenk-mit-kirschgeschmack\/#breadcrumb"},"inLanguage":"de","potentialAction":[{"@type":"ReadAction","target":["https:\/\/hakmarfrance.online\/de\/produit\/coca-cola-cherry-15-l-erfrischungsgetraenk-mit-kirschgeschmack\/"]}]},{"@type":"ImageObject","inLanguage":"de","@id":"https:\/\/hakmarfrance.online\/de\/produit\/coca-cola-cherry-15-l-erfrischungsgetraenk-mit-kirschgeschmack\/#primaryimage","url":"https:\/\/hakmarfrance.online\/wp-content\/uploads\/2025\/07\/coca-cola-cherry-1-5l.avif","contentUrl":"https:\/\/hakmarfrance.online\/wp-content\/uploads\/2025\/07\/coca-cola-cherry-1-5l.avif","width":1000,"height":800,"caption":"Coca-Cola Cherry \u2013 1,5L Flasche Kirschgeschmack"},{"@type":"BreadcrumbList","@id":"https:\/\/hakmarfrance.online\/de\/produit\/coca-cola-cherry-15-l-erfrischungsgetraenk-mit-kirschgeschmack\/#breadcrumb","itemListElement":[{"@type":"ListItem","position":1,"name":"Accueil","item":"https:\/\/hakmarfrance.online\/de\/"},{"@type":"ListItem","position":2,"name":"Shop","item":"https:\/\/hakmarfrance.online\/de\/shop\/"},{"@type":"ListItem","position":3,"name":"Coca-Cola Cherry 1,5 L \u2013 Erfrischungsgetr\u00e4nk mit Kirschgeschmack"}]},{"@type":"WebSite","@id":"https:\/\/hakmarfrance.online\/de\/#website","url":"https:\/\/hakmarfrance.online\/de\/","name":"hakmarfrance.online","description":"","publisher":{"@id":"https:\/\/hakmarfrance.online\/de\/#organization"},"potentialAction":[{"@type":"SearchAction","target":{"@type":"EntryPoint","urlTemplate":"https:\/\/hakmarfrance.online\/de\/?s={search_term_string}"},"query-input":{"@type":"PropertyValueSpecification","valueRequired":true,"valueName":"search_term_string"}}],"inLanguage":"de"},{"@type":"Organization","@id":"https:\/\/hakmarfrance.online\/de\/#organization","name":"hakmarfrance.online","url":"https:\/\/hakmarfrance.online\/de\/","logo":{"@type":"ImageObject","inLanguage":"de","@id":"https:\/\/hakmarfrance.online\/de\/#\/schema\/logo\/image\/","url":"https:\/\/hakmarfrance.online\/wp-content\/uploads\/2025\/06\/logo-hakmarfrance.png","contentUrl":"https:\/\/hakmarfrance.online\/wp-content\/uploads\/2025\/06\/logo-hakmarfrance.png","width":528,"height":232,"caption":"hakmarfrance.online"},"image":{"@id":"https:\/\/hakmarfrance.online\/de\/#\/schema\/logo\/image\/"},"sameAs":["https:\/\/www.facebook.com\/HakmarFranceSupermarche\/?locale=fr_FR","https:\/\/www.instagram.com\/hakmarfrancesupermarche\/"]}]}},"_links":{"self":[{"href":"https:\/\/hakmarfrance.online\/de\/wp-json\/wp\/v2\/product\/17587","targetHints":{"allow":["GET"]}}],"collection":[{"href":"https:\/\/hakmarfrance.online\/de\/wp-json\/wp\/v2\/product"}],"about":[{"href":"https:\/\/hakmarfrance.online\/de\/wp-json\/wp\/v2\/types\/product"}],"replies":[{"embeddable":true,"href":"https:\/\/hakmarfrance.online\/de\/wp-json\/wp\/v2\/comments?post=17587"}],"version-history":[{"count":0,"href":"https:\/\/hakmarfrance.online\/de\/wp-json\/wp\/v2\/product\/17587\/revisions"}],"wp:featuredmedia":[{"embeddable":true,"href":"https:\/\/hakmarfrance.online\/de\/wp-json\/wp\/v2\/media\/17588"}],"wp:attachment":[{"href":"https:\/\/hakmarfrance.online\/de\/wp-json\/wp\/v2\/media?parent=17587"}],"wp:term":[{"taxonomy":"product_brand","embeddable":true,"href":"https:\/\/hakmarfrance.online\/de\/wp-json\/wp\/v2\/product_brand?post=17587"},{"taxonomy":"product_cat","embeddable":true,"href":"https:\/\/hakmarfrance.online\/de\/wp-json\/wp\/v2\/product_cat?post=17587"},{"taxonomy":"product_tag","embeddable":true,"href":"https:\/\/hakmarfrance.online\/de\/wp-json\/wp\/v2\/product_tag?post=17587"}],"curies":[{"name":"wp","href":"https:\/\/api.w.org\/{rel}","templated":true}]}}