{"id":17589,"date":"2025-07-09T11:13:13","date_gmt":"2025-07-09T11:13:13","guid":{"rendered":"https:\/\/hakmarfrance.online\/produit\/coca-cola-originalgeschmack-15-l-erfrischendes-kohlensaeurehaltiges-getraenk\/"},"modified":"2025-07-09T11:13:13","modified_gmt":"2025-07-09T11:13:13","slug":"coca-cola-originalgeschmack-15-l-erfrischendes-kohlensaeurehaltiges-getraenk","status":"publish","type":"product","link":"https:\/\/hakmarfrance.online\/de\/produit\/coca-cola-originalgeschmack-15-l-erfrischendes-kohlensaeurehaltiges-getraenk\/","title":{"rendered":"Coca-Cola Originalgeschmack 1,5 L \u2013 Erfrischendes kohlens\u00e4urehaltiges Getr\u00e4nk"},"content":{"rendered":"<p data-start=\"252\" data-end=\"613\">Entdecke den zeitlosen Genuss von <strong data-start=\"348\" data-end=\"380\">Coca-Cola Originalgeschmack 1,5L<\/strong>, dem ikonischen kohlens\u00e4urehaltigen Getr\u00e4nk mit einzigartigem und erfrischendem Geschmack. Perfekt, um deine Mahlzeiten, Partys oder entspannte Momente zu begleiten, dieses Gro\u00dfformat garantiert dir Momente der Frische, die du mit Familie oder Freunden teilen kannst. <\/p>\n<p data-start=\"615\" data-end=\"651\">\u2705 <strong data-start=\"617\" data-end=\"651\">Hauptmerkmale:<\/strong><\/p>\n<ul data-start=\"652\" data-end=\"794\">\n<li data-start=\"652\" data-end=\"690\">\n<p data-start=\"654\" data-end=\"690\">Ikonischer Originalgeschmack<\/p>\n<\/li>\n<li data-start=\"691\" data-end=\"715\">\n<p data-start=\"693\" data-end=\"715\">Inhalt: 1,5 Liter<\/p>\n<\/li>\n<li data-start=\"716\" data-end=\"740\">\n<p data-start=\"718\" data-end=\"740\">Ges\u00fc\u00dftes kohlens\u00e4urehaltiges Getr\u00e4nk<\/p>\n<\/li>\n<li data-start=\"741\" data-end=\"762\">\n<p data-start=\"743\" data-end=\"762\">Gut gek\u00fchlt servieren<\/p>\n<\/li>\n<li data-start=\"763\" data-end=\"794\">\n<p data-start=\"765\" data-end=\"794\">Praktische wiederverschlie\u00dfbare Flasche<\/p>\n<\/li>\n<\/ul>\n","protected":false},"excerpt":{"rendered":"<p>Coca-Cola Originalgeschmack 1,5L \u2013 das klassische und erfrischende Soda, jederzeit zum Teilen.<\/p>\n","protected":false},"featured_media":17590,"comment_status":"open","ping_status":"closed","template":"","meta":{"iawp_total_views":0},"product_brand":[213],"product_cat":[226,232,231],"product_tag":[],"class_list":{"0":"post-17589","1":"product","2":"type-product","3":"status-publish","4":"has-post-thumbnail","6":"product_brand-coca-cola","7":"product_cat-alle-unsere-produkte","8":"product_cat-erfrischungsgetrank","9":"product_cat-getranke","11":"first","12":"instock","13":"shipping-taxable","14":"purchasable","15":"product-type-simple"},"yoast_head":"<!-- This site is optimized with the Yoast SEO plugin v27.3 - https:\/\/yoast.com\/product\/yoast-seo-wordpress\/ -->\n<title>Coca-Cola Originalgeschmack 1,5 L \u2013 Erfrischendes kohlens\u00e4urehaltiges Getr\u00e4nk - hakmarfrance.online<\/title>\n<meta name=\"robots\" content=\"index, follow, max-snippet:-1, max-image-preview:large, max-video-preview:-1\" \/>\n<link rel=\"canonical\" href=\"https:\/\/hakmarfrance.online\/de\/produit\/coca-cola-originalgeschmack-15-l-erfrischendes-kohlensaeurehaltiges-getraenk\/\" \/>\n<meta property=\"og:locale\" content=\"de_DE\" \/>\n<meta property=\"og:type\" content=\"article\" \/>\n<meta property=\"og:title\" content=\"Coca-Cola Originalgeschmack 1,5 L \u2013 Erfrischendes kohlens\u00e4urehaltiges Getr\u00e4nk - hakmarfrance.online\" \/>\n<meta property=\"og:description\" content=\"Coca-Cola Originalgeschmack 1,5L \u2013 das klassische und erfrischende Soda, jederzeit zum Teilen.\" \/>\n<meta property=\"og:url\" content=\"https:\/\/hakmarfrance.online\/de\/produit\/coca-cola-originalgeschmack-15-l-erfrischendes-kohlensaeurehaltiges-getraenk\/\" \/>\n<meta property=\"og:site_name\" content=\"hakmarfrance.online\" \/>\n<meta property=\"article:publisher\" content=\"https:\/\/www.facebook.com\/HakmarFranceSupermarche\/?locale=fr_FR\" \/>\n<meta property=\"og:image\" content=\"https:\/\/hakmarfrance.online\/wp-content\/uploads\/2025\/07\/coca-cola-gout-original-1-5l.avif\" \/>\n\t<meta property=\"og:image:width\" content=\"1000\" \/>\n\t<meta property=\"og:image:height\" content=\"800\" \/>\n\t<meta property=\"og:image:type\" content=\"image\/png\" \/>\n<meta name=\"twitter:card\" content=\"summary_large_image\" \/>\n<script type=\"application\/ld+json\" class=\"yoast-schema-graph\">{\"@context\":\"https:\\\/\\\/schema.org\",\"@graph\":[{\"@type\":\"WebPage\",\"@id\":\"https:\\\/\\\/hakmarfrance.online\\\/de\\\/produit\\\/coca-cola-originalgeschmack-15-l-erfrischendes-kohlensaeurehaltiges-getraenk\\\/\",\"url\":\"https:\\\/\\\/hakmarfrance.online\\\/de\\\/produit\\\/coca-cola-originalgeschmack-15-l-erfrischendes-kohlensaeurehaltiges-getraenk\\\/\",\"name\":\"Coca-Cola Originalgeschmack 1,5 L \u2013 Erfrischendes kohlens\u00e4urehaltiges Getr\u00e4nk - hakmarfrance.online\",\"isPartOf\":{\"@id\":\"https:\\\/\\\/hakmarfrance.online\\\/de\\\/#website\"},\"primaryImageOfPage\":{\"@id\":\"https:\\\/\\\/hakmarfrance.online\\\/de\\\/produit\\\/coca-cola-originalgeschmack-15-l-erfrischendes-kohlensaeurehaltiges-getraenk\\\/#primaryimage\"},\"image\":{\"@id\":\"https:\\\/\\\/hakmarfrance.online\\\/de\\\/produit\\\/coca-cola-originalgeschmack-15-l-erfrischendes-kohlensaeurehaltiges-getraenk\\\/#primaryimage\"},\"thumbnailUrl\":\"https:\\\/\\\/hakmarfrance.online\\\/wp-content\\\/uploads\\\/2025\\\/07\\\/coca-cola-gout-original-1-5l.avif\",\"datePublished\":\"2025-07-09T11:13:13+00:00\",\"breadcrumb\":{\"@id\":\"https:\\\/\\\/hakmarfrance.online\\\/de\\\/produit\\\/coca-cola-originalgeschmack-15-l-erfrischendes-kohlensaeurehaltiges-getraenk\\\/#breadcrumb\"},\"inLanguage\":\"de\",\"potentialAction\":[{\"@type\":\"ReadAction\",\"target\":[\"https:\\\/\\\/hakmarfrance.online\\\/de\\\/produit\\\/coca-cola-originalgeschmack-15-l-erfrischendes-kohlensaeurehaltiges-getraenk\\\/\"]}]},{\"@type\":\"ImageObject\",\"inLanguage\":\"de\",\"@id\":\"https:\\\/\\\/hakmarfrance.online\\\/de\\\/produit\\\/coca-cola-originalgeschmack-15-l-erfrischendes-kohlensaeurehaltiges-getraenk\\\/#primaryimage\",\"url\":\"https:\\\/\\\/hakmarfrance.online\\\/wp-content\\\/uploads\\\/2025\\\/07\\\/coca-cola-gout-original-1-5l.avif\",\"contentUrl\":\"https:\\\/\\\/hakmarfrance.online\\\/wp-content\\\/uploads\\\/2025\\\/07\\\/coca-cola-gout-original-1-5l.avif\",\"width\":1000,\"height\":800,\"caption\":\"Coca-Cola Originalgeschmack \u2013 1,5L Flasche mit unnachahmlichem Geschmack\"},{\"@type\":\"BreadcrumbList\",\"@id\":\"https:\\\/\\\/hakmarfrance.online\\\/de\\\/produit\\\/coca-cola-originalgeschmack-15-l-erfrischendes-kohlensaeurehaltiges-getraenk\\\/#breadcrumb\",\"itemListElement\":[{\"@type\":\"ListItem\",\"position\":1,\"name\":\"Accueil\",\"item\":\"https:\\\/\\\/hakmarfrance.online\\\/de\\\/\"},{\"@type\":\"ListItem\",\"position\":2,\"name\":\"Shop\",\"item\":\"https:\\\/\\\/hakmarfrance.online\\\/de\\\/shop\\\/\"},{\"@type\":\"ListItem\",\"position\":3,\"name\":\"Coca-Cola Originalgeschmack 1,5 L \u2013 Erfrischendes kohlens\u00e4urehaltiges Getr\u00e4nk\"}]},{\"@type\":\"WebSite\",\"@id\":\"https:\\\/\\\/hakmarfrance.online\\\/de\\\/#website\",\"url\":\"https:\\\/\\\/hakmarfrance.online\\\/de\\\/\",\"name\":\"hakmarfrance.online\",\"description\":\"\",\"publisher\":{\"@id\":\"https:\\\/\\\/hakmarfrance.online\\\/de\\\/#organization\"},\"potentialAction\":[{\"@type\":\"SearchAction\",\"target\":{\"@type\":\"EntryPoint\",\"urlTemplate\":\"https:\\\/\\\/hakmarfrance.online\\\/de\\\/?s={search_term_string}\"},\"query-input\":{\"@type\":\"PropertyValueSpecification\",\"valueRequired\":true,\"valueName\":\"search_term_string\"}}],\"inLanguage\":\"de\"},{\"@type\":\"Organization\",\"@id\":\"https:\\\/\\\/hakmarfrance.online\\\/de\\\/#organization\",\"name\":\"hakmarfrance.online\",\"url\":\"https:\\\/\\\/hakmarfrance.online\\\/de\\\/\",\"logo\":{\"@type\":\"ImageObject\",\"inLanguage\":\"de\",\"@id\":\"https:\\\/\\\/hakmarfrance.online\\\/de\\\/#\\\/schema\\\/logo\\\/image\\\/\",\"url\":\"https:\\\/\\\/hakmarfrance.online\\\/wp-content\\\/uploads\\\/2025\\\/06\\\/logo-hakmarfrance.png\",\"contentUrl\":\"https:\\\/\\\/hakmarfrance.online\\\/wp-content\\\/uploads\\\/2025\\\/06\\\/logo-hakmarfrance.png\",\"width\":528,\"height\":232,\"caption\":\"hakmarfrance.online\"},\"image\":{\"@id\":\"https:\\\/\\\/hakmarfrance.online\\\/de\\\/#\\\/schema\\\/logo\\\/image\\\/\"},\"sameAs\":[\"https:\\\/\\\/www.facebook.com\\\/HakmarFranceSupermarche\\\/?locale=fr_FR\",\"https:\\\/\\\/www.instagram.com\\\/hakmarfrancesupermarche\\\/\"]}]}<\/script>\n<!-- \/ Yoast SEO plugin. -->","yoast_head_json":{"title":"Coca-Cola Originalgeschmack 1,5 L \u2013 Erfrischendes kohlens\u00e4urehaltiges Getr\u00e4nk - hakmarfrance.online","robots":{"index":"index","follow":"follow","max-snippet":"max-snippet:-1","max-image-preview":"max-image-preview:large","max-video-preview":"max-video-preview:-1"},"canonical":"https:\/\/hakmarfrance.online\/de\/produit\/coca-cola-originalgeschmack-15-l-erfrischendes-kohlensaeurehaltiges-getraenk\/","og_locale":"de_DE","og_type":"article","og_title":"Coca-Cola Originalgeschmack 1,5 L \u2013 Erfrischendes kohlens\u00e4urehaltiges Getr\u00e4nk - hakmarfrance.online","og_description":"Coca-Cola Originalgeschmack 1,5L \u2013 das klassische und erfrischende Soda, jederzeit zum Teilen.","og_url":"https:\/\/hakmarfrance.online\/de\/produit\/coca-cola-originalgeschmack-15-l-erfrischendes-kohlensaeurehaltiges-getraenk\/","og_site_name":"hakmarfrance.online","article_publisher":"https:\/\/www.facebook.com\/HakmarFranceSupermarche\/?locale=fr_FR","og_image":[{"width":1000,"height":800,"url":"https:\/\/hakmarfrance.online\/wp-content\/uploads\/2025\/07\/coca-cola-gout-original-1-5l.avif","type":"image\/png"}],"twitter_card":"summary_large_image","schema":{"@context":"https:\/\/schema.org","@graph":[{"@type":"WebPage","@id":"https:\/\/hakmarfrance.online\/de\/produit\/coca-cola-originalgeschmack-15-l-erfrischendes-kohlensaeurehaltiges-getraenk\/","url":"https:\/\/hakmarfrance.online\/de\/produit\/coca-cola-originalgeschmack-15-l-erfrischendes-kohlensaeurehaltiges-getraenk\/","name":"Coca-Cola Originalgeschmack 1,5 L \u2013 Erfrischendes kohlens\u00e4urehaltiges Getr\u00e4nk - hakmarfrance.online","isPartOf":{"@id":"https:\/\/hakmarfrance.online\/de\/#website"},"primaryImageOfPage":{"@id":"https:\/\/hakmarfrance.online\/de\/produit\/coca-cola-originalgeschmack-15-l-erfrischendes-kohlensaeurehaltiges-getraenk\/#primaryimage"},"image":{"@id":"https:\/\/hakmarfrance.online\/de\/produit\/coca-cola-originalgeschmack-15-l-erfrischendes-kohlensaeurehaltiges-getraenk\/#primaryimage"},"thumbnailUrl":"https:\/\/hakmarfrance.online\/wp-content\/uploads\/2025\/07\/coca-cola-gout-original-1-5l.avif","datePublished":"2025-07-09T11:13:13+00:00","breadcrumb":{"@id":"https:\/\/hakmarfrance.online\/de\/produit\/coca-cola-originalgeschmack-15-l-erfrischendes-kohlensaeurehaltiges-getraenk\/#breadcrumb"},"inLanguage":"de","potentialAction":[{"@type":"ReadAction","target":["https:\/\/hakmarfrance.online\/de\/produit\/coca-cola-originalgeschmack-15-l-erfrischendes-kohlensaeurehaltiges-getraenk\/"]}]},{"@type":"ImageObject","inLanguage":"de","@id":"https:\/\/hakmarfrance.online\/de\/produit\/coca-cola-originalgeschmack-15-l-erfrischendes-kohlensaeurehaltiges-getraenk\/#primaryimage","url":"https:\/\/hakmarfrance.online\/wp-content\/uploads\/2025\/07\/coca-cola-gout-original-1-5l.avif","contentUrl":"https:\/\/hakmarfrance.online\/wp-content\/uploads\/2025\/07\/coca-cola-gout-original-1-5l.avif","width":1000,"height":800,"caption":"Coca-Cola Originalgeschmack \u2013 1,5L Flasche mit unnachahmlichem Geschmack"},{"@type":"BreadcrumbList","@id":"https:\/\/hakmarfrance.online\/de\/produit\/coca-cola-originalgeschmack-15-l-erfrischendes-kohlensaeurehaltiges-getraenk\/#breadcrumb","itemListElement":[{"@type":"ListItem","position":1,"name":"Accueil","item":"https:\/\/hakmarfrance.online\/de\/"},{"@type":"ListItem","position":2,"name":"Shop","item":"https:\/\/hakmarfrance.online\/de\/shop\/"},{"@type":"ListItem","position":3,"name":"Coca-Cola Originalgeschmack 1,5 L \u2013 Erfrischendes kohlens\u00e4urehaltiges Getr\u00e4nk"}]},{"@type":"WebSite","@id":"https:\/\/hakmarfrance.online\/de\/#website","url":"https:\/\/hakmarfrance.online\/de\/","name":"hakmarfrance.online","description":"","publisher":{"@id":"https:\/\/hakmarfrance.online\/de\/#organization"},"potentialAction":[{"@type":"SearchAction","target":{"@type":"EntryPoint","urlTemplate":"https:\/\/hakmarfrance.online\/de\/?s={search_term_string}"},"query-input":{"@type":"PropertyValueSpecification","valueRequired":true,"valueName":"search_term_string"}}],"inLanguage":"de"},{"@type":"Organization","@id":"https:\/\/hakmarfrance.online\/de\/#organization","name":"hakmarfrance.online","url":"https:\/\/hakmarfrance.online\/de\/","logo":{"@type":"ImageObject","inLanguage":"de","@id":"https:\/\/hakmarfrance.online\/de\/#\/schema\/logo\/image\/","url":"https:\/\/hakmarfrance.online\/wp-content\/uploads\/2025\/06\/logo-hakmarfrance.png","contentUrl":"https:\/\/hakmarfrance.online\/wp-content\/uploads\/2025\/06\/logo-hakmarfrance.png","width":528,"height":232,"caption":"hakmarfrance.online"},"image":{"@id":"https:\/\/hakmarfrance.online\/de\/#\/schema\/logo\/image\/"},"sameAs":["https:\/\/www.facebook.com\/HakmarFranceSupermarche\/?locale=fr_FR","https:\/\/www.instagram.com\/hakmarfrancesupermarche\/"]}]}},"_links":{"self":[{"href":"https:\/\/hakmarfrance.online\/de\/wp-json\/wp\/v2\/product\/17589","targetHints":{"allow":["GET"]}}],"collection":[{"href":"https:\/\/hakmarfrance.online\/de\/wp-json\/wp\/v2\/product"}],"about":[{"href":"https:\/\/hakmarfrance.online\/de\/wp-json\/wp\/v2\/types\/product"}],"replies":[{"embeddable":true,"href":"https:\/\/hakmarfrance.online\/de\/wp-json\/wp\/v2\/comments?post=17589"}],"version-history":[{"count":0,"href":"https:\/\/hakmarfrance.online\/de\/wp-json\/wp\/v2\/product\/17589\/revisions"}],"wp:featuredmedia":[{"embeddable":true,"href":"https:\/\/hakmarfrance.online\/de\/wp-json\/wp\/v2\/media\/17590"}],"wp:attachment":[{"href":"https:\/\/hakmarfrance.online\/de\/wp-json\/wp\/v2\/media?parent=17589"}],"wp:term":[{"taxonomy":"product_brand","embeddable":true,"href":"https:\/\/hakmarfrance.online\/de\/wp-json\/wp\/v2\/product_brand?post=17589"},{"taxonomy":"product_cat","embeddable":true,"href":"https:\/\/hakmarfrance.online\/de\/wp-json\/wp\/v2\/product_cat?post=17589"},{"taxonomy":"product_tag","embeddable":true,"href":"https:\/\/hakmarfrance.online\/de\/wp-json\/wp\/v2\/product_tag?post=17589"}],"curies":[{"name":"wp","href":"https:\/\/api.w.org\/{rel}","templated":true}]}}