{"id":17597,"date":"2025-07-04T20:56:11","date_gmt":"2025-07-04T20:56:11","guid":{"rendered":"https:\/\/hakmarfrance.online\/produit\/yumos-textil-raumspray-lilie-frische-duftspray-500-ml\/"},"modified":"2025-07-04T20:56:11","modified_gmt":"2025-07-04T20:56:11","slug":"yumos-textil-raumspray-lilie-frische-duftspray-500-ml","status":"publish","type":"product","link":"https:\/\/hakmarfrance.online\/de\/produit\/yumos-textil-raumspray-lilie-frische-duftspray-500-ml\/","title":{"rendered":"Yumo\u015f Textil- &amp; Raumspray Lilie \u2013 Frische-Duftspray 500 ml"},"content":{"rendered":"","protected":false},"excerpt":{"rendered":"<p data-start=\"343\" data-end=\"443\">Verleihe deinen Textilien eine <strong data-start=\"354\" data-end=\"388\">florale und beruhigende Frische<\/strong> mit dem <strong data-start=\"412\" data-end=\"442\">Yumo\u015f Lilyum Textilspray<\/strong>.<\/p>\n<p data-start=\"445\" data-end=\"620\">Angereichert mit einem <strong data-start=\"458\" data-end=\"491\">sanften und eleganten Lilien-Duft<\/strong>, neutralisiert dieses Spray effektiv Ger\u00fcche und erfrischt deine Textilien: Sofas, Vorh\u00e4nge, Bettw\u00e4sche, Kleidung und Textiloberfl\u00e4chen.<\/p>\n<p data-start=\"622\" data-end=\"775\">\u2714\ufe0f Ideal f\u00fcr schwer waschbare Textilien<br data-start=\"665\" data-end=\"668\">\u2714\ufe0f Schnelle Trocknung, r\u00fcckstandsfrei<br data-start=\"698\" data-end=\"701\">\u2714\ufe0f Lang anhaltender Duft auf floraler Basis<br data-start=\"738\" data-end=\"741\">\u2714\ufe0f F\u00fcr den t\u00e4glichen Gebrauch geeignet<\/p>\n<p data-start=\"777\" data-end=\"847\"><strong data-start=\"777\" data-end=\"847\">Hinterlasse eine Spur von Frische in jedem Raum deines Zuhauses.<\/strong><\/p>\n","protected":false},"featured_media":17598,"comment_status":"open","ping_status":"closed","template":"","meta":{"iawp_total_views":0},"product_brand":[203],"product_cat":[226,260],"product_tag":[],"class_list":{"0":"post-17597","1":"product","2":"type-product","3":"status-publish","4":"has-post-thumbnail","6":"product_brand-yumos","7":"product_cat-alle-unsere-produkte","8":"product_cat-hygiene-pflege","10":"first","11":"instock","12":"shipping-taxable","13":"purchasable","14":"product-type-simple"},"yoast_head":"<!-- This site is optimized with the Yoast SEO plugin v27.3 - https:\/\/yoast.com\/product\/yoast-seo-wordpress\/ -->\n<title>Yumo\u015f Textil- &amp; Raumspray Lilie \u2013 Frische-Duftspray 500 ml - hakmarfrance.online<\/title>\n<meta name=\"robots\" content=\"index, follow, max-snippet:-1, max-image-preview:large, max-video-preview:-1\" \/>\n<link rel=\"canonical\" href=\"https:\/\/hakmarfrance.online\/de\/produit\/yumos-textil-raumspray-lilie-frische-duftspray-500-ml\/\" \/>\n<meta property=\"og:locale\" content=\"de_DE\" \/>\n<meta property=\"og:type\" content=\"article\" \/>\n<meta property=\"og:title\" content=\"Yumo\u015f Textil- &amp; Raumspray Lilie \u2013 Frische-Duftspray 500 ml - hakmarfrance.online\" \/>\n<meta property=\"og:description\" content=\"Verleihe deinen Textilien eine florale und beruhigende Frische mit dem Yumo\u015f Lilyum Textilspray. Angereichert mit einem sanften und eleganten Lilien-Duft, neutralisiert dieses Spray effektiv Ger\u00fcche und erfrischt deine Textilien: Sofas, Vorh\u00e4nge, Bettw\u00e4sche, Kleidung und Textiloberfl\u00e4chen. \u2714\ufe0f Ideal f\u00fcr schwer waschbare Textilien\u2714\ufe0f Schnelle Trocknung, r\u00fcckstandsfrei\u2714\ufe0f Lang anhaltender Duft auf floraler Basis\u2714\ufe0f F\u00fcr den t\u00e4glichen Gebrauch geeignet Hinterlasse eine Spur von Frische in jedem Raum deines Zuhauses.\" \/>\n<meta property=\"og:url\" content=\"https:\/\/hakmarfrance.online\/de\/produit\/yumos-textil-raumspray-lilie-frische-duftspray-500-ml\/\" \/>\n<meta property=\"og:site_name\" content=\"hakmarfrance.online\" \/>\n<meta property=\"article:publisher\" content=\"https:\/\/www.facebook.com\/HakmarFranceSupermarche\/?locale=fr_FR\" \/>\n<meta property=\"og:image\" content=\"https:\/\/hakmarfrance.online\/wp-content\/uploads\/2025\/07\/yumos-spray-textile-lilyum.avif\" \/>\n\t<meta property=\"og:image:width\" content=\"1000\" \/>\n\t<meta property=\"og:image:height\" content=\"800\" \/>\n\t<meta property=\"og:image:type\" content=\"image\/png\" \/>\n<meta name=\"twitter:card\" content=\"summary_large_image\" \/>\n<script type=\"application\/ld+json\" class=\"yoast-schema-graph\">{\"@context\":\"https:\\\/\\\/schema.org\",\"@graph\":[{\"@type\":\"WebPage\",\"@id\":\"https:\\\/\\\/hakmarfrance.online\\\/de\\\/produit\\\/yumos-textil-raumspray-lilie-frische-duftspray-500-ml\\\/\",\"url\":\"https:\\\/\\\/hakmarfrance.online\\\/de\\\/produit\\\/yumos-textil-raumspray-lilie-frische-duftspray-500-ml\\\/\",\"name\":\"Yumo\u015f Textil- &amp; Raumspray Lilie \u2013 Frische-Duftspray 500 ml - hakmarfrance.online\",\"isPartOf\":{\"@id\":\"https:\\\/\\\/hakmarfrance.online\\\/de\\\/#website\"},\"primaryImageOfPage\":{\"@id\":\"https:\\\/\\\/hakmarfrance.online\\\/de\\\/produit\\\/yumos-textil-raumspray-lilie-frische-duftspray-500-ml\\\/#primaryimage\"},\"image\":{\"@id\":\"https:\\\/\\\/hakmarfrance.online\\\/de\\\/produit\\\/yumos-textil-raumspray-lilie-frische-duftspray-500-ml\\\/#primaryimage\"},\"thumbnailUrl\":\"https:\\\/\\\/hakmarfrance.online\\\/wp-content\\\/uploads\\\/2025\\\/07\\\/yumos-spray-textile-lilyum.avif\",\"datePublished\":\"2025-07-04T20:56:11+00:00\",\"breadcrumb\":{\"@id\":\"https:\\\/\\\/hakmarfrance.online\\\/de\\\/produit\\\/yumos-textil-raumspray-lilie-frische-duftspray-500-ml\\\/#breadcrumb\"},\"inLanguage\":\"de\",\"potentialAction\":[{\"@type\":\"ReadAction\",\"target\":[\"https:\\\/\\\/hakmarfrance.online\\\/de\\\/produit\\\/yumos-textil-raumspray-lilie-frische-duftspray-500-ml\\\/\"]}]},{\"@type\":\"ImageObject\",\"inLanguage\":\"de\",\"@id\":\"https:\\\/\\\/hakmarfrance.online\\\/de\\\/produit\\\/yumos-textil-raumspray-lilie-frische-duftspray-500-ml\\\/#primaryimage\",\"url\":\"https:\\\/\\\/hakmarfrance.online\\\/wp-content\\\/uploads\\\/2025\\\/07\\\/yumos-spray-textile-lilyum.avif\",\"contentUrl\":\"https:\\\/\\\/hakmarfrance.online\\\/wp-content\\\/uploads\\\/2025\\\/07\\\/yumos-spray-textile-lilyum.avif\",\"width\":1000,\"height\":800,\"caption\":\"Yumo\u015f Textil- und Raumspray \u2013 Lilyum (Lilie): zarte Frische f\u00fcr all deine Textilien\"},{\"@type\":\"BreadcrumbList\",\"@id\":\"https:\\\/\\\/hakmarfrance.online\\\/de\\\/produit\\\/yumos-textil-raumspray-lilie-frische-duftspray-500-ml\\\/#breadcrumb\",\"itemListElement\":[{\"@type\":\"ListItem\",\"position\":1,\"name\":\"Accueil\",\"item\":\"https:\\\/\\\/hakmarfrance.online\\\/de\\\/\"},{\"@type\":\"ListItem\",\"position\":2,\"name\":\"Shop\",\"item\":\"https:\\\/\\\/hakmarfrance.online\\\/de\\\/shop\\\/\"},{\"@type\":\"ListItem\",\"position\":3,\"name\":\"Yumo\u015f Textil- &amp; Raumspray Lilie \u2013 Frische-Duftspray 500 ml\"}]},{\"@type\":\"WebSite\",\"@id\":\"https:\\\/\\\/hakmarfrance.online\\\/de\\\/#website\",\"url\":\"https:\\\/\\\/hakmarfrance.online\\\/de\\\/\",\"name\":\"hakmarfrance.online\",\"description\":\"\",\"publisher\":{\"@id\":\"https:\\\/\\\/hakmarfrance.online\\\/de\\\/#organization\"},\"potentialAction\":[{\"@type\":\"SearchAction\",\"target\":{\"@type\":\"EntryPoint\",\"urlTemplate\":\"https:\\\/\\\/hakmarfrance.online\\\/de\\\/?s={search_term_string}\"},\"query-input\":{\"@type\":\"PropertyValueSpecification\",\"valueRequired\":true,\"valueName\":\"search_term_string\"}}],\"inLanguage\":\"de\"},{\"@type\":\"Organization\",\"@id\":\"https:\\\/\\\/hakmarfrance.online\\\/de\\\/#organization\",\"name\":\"hakmarfrance.online\",\"url\":\"https:\\\/\\\/hakmarfrance.online\\\/de\\\/\",\"logo\":{\"@type\":\"ImageObject\",\"inLanguage\":\"de\",\"@id\":\"https:\\\/\\\/hakmarfrance.online\\\/de\\\/#\\\/schema\\\/logo\\\/image\\\/\",\"url\":\"https:\\\/\\\/hakmarfrance.online\\\/wp-content\\\/uploads\\\/2025\\\/06\\\/logo-hakmarfrance.png\",\"contentUrl\":\"https:\\\/\\\/hakmarfrance.online\\\/wp-content\\\/uploads\\\/2025\\\/06\\\/logo-hakmarfrance.png\",\"width\":528,\"height\":232,\"caption\":\"hakmarfrance.online\"},\"image\":{\"@id\":\"https:\\\/\\\/hakmarfrance.online\\\/de\\\/#\\\/schema\\\/logo\\\/image\\\/\"},\"sameAs\":[\"https:\\\/\\\/www.facebook.com\\\/HakmarFranceSupermarche\\\/?locale=fr_FR\",\"https:\\\/\\\/www.instagram.com\\\/hakmarfrancesupermarche\\\/\"]}]}<\/script>\n<!-- \/ Yoast SEO plugin. -->","yoast_head_json":{"title":"Yumo\u015f Textil- &amp; Raumspray Lilie \u2013 Frische-Duftspray 500 ml - hakmarfrance.online","robots":{"index":"index","follow":"follow","max-snippet":"max-snippet:-1","max-image-preview":"max-image-preview:large","max-video-preview":"max-video-preview:-1"},"canonical":"https:\/\/hakmarfrance.online\/de\/produit\/yumos-textil-raumspray-lilie-frische-duftspray-500-ml\/","og_locale":"de_DE","og_type":"article","og_title":"Yumo\u015f Textil- &amp; Raumspray Lilie \u2013 Frische-Duftspray 500 ml - hakmarfrance.online","og_description":"Verleihe deinen Textilien eine florale und beruhigende Frische mit dem Yumo\u015f Lilyum Textilspray. Angereichert mit einem sanften und eleganten Lilien-Duft, neutralisiert dieses Spray effektiv Ger\u00fcche und erfrischt deine Textilien: Sofas, Vorh\u00e4nge, Bettw\u00e4sche, Kleidung und Textiloberfl\u00e4chen. \u2714\ufe0f Ideal f\u00fcr schwer waschbare Textilien\u2714\ufe0f Schnelle Trocknung, r\u00fcckstandsfrei\u2714\ufe0f Lang anhaltender Duft auf floraler Basis\u2714\ufe0f F\u00fcr den t\u00e4glichen Gebrauch geeignet Hinterlasse eine Spur von Frische in jedem Raum deines Zuhauses.","og_url":"https:\/\/hakmarfrance.online\/de\/produit\/yumos-textil-raumspray-lilie-frische-duftspray-500-ml\/","og_site_name":"hakmarfrance.online","article_publisher":"https:\/\/www.facebook.com\/HakmarFranceSupermarche\/?locale=fr_FR","og_image":[{"width":1000,"height":800,"url":"https:\/\/hakmarfrance.online\/wp-content\/uploads\/2025\/07\/yumos-spray-textile-lilyum.avif","type":"image\/png"}],"twitter_card":"summary_large_image","schema":{"@context":"https:\/\/schema.org","@graph":[{"@type":"WebPage","@id":"https:\/\/hakmarfrance.online\/de\/produit\/yumos-textil-raumspray-lilie-frische-duftspray-500-ml\/","url":"https:\/\/hakmarfrance.online\/de\/produit\/yumos-textil-raumspray-lilie-frische-duftspray-500-ml\/","name":"Yumo\u015f Textil- &amp; Raumspray Lilie \u2013 Frische-Duftspray 500 ml - hakmarfrance.online","isPartOf":{"@id":"https:\/\/hakmarfrance.online\/de\/#website"},"primaryImageOfPage":{"@id":"https:\/\/hakmarfrance.online\/de\/produit\/yumos-textil-raumspray-lilie-frische-duftspray-500-ml\/#primaryimage"},"image":{"@id":"https:\/\/hakmarfrance.online\/de\/produit\/yumos-textil-raumspray-lilie-frische-duftspray-500-ml\/#primaryimage"},"thumbnailUrl":"https:\/\/hakmarfrance.online\/wp-content\/uploads\/2025\/07\/yumos-spray-textile-lilyum.avif","datePublished":"2025-07-04T20:56:11+00:00","breadcrumb":{"@id":"https:\/\/hakmarfrance.online\/de\/produit\/yumos-textil-raumspray-lilie-frische-duftspray-500-ml\/#breadcrumb"},"inLanguage":"de","potentialAction":[{"@type":"ReadAction","target":["https:\/\/hakmarfrance.online\/de\/produit\/yumos-textil-raumspray-lilie-frische-duftspray-500-ml\/"]}]},{"@type":"ImageObject","inLanguage":"de","@id":"https:\/\/hakmarfrance.online\/de\/produit\/yumos-textil-raumspray-lilie-frische-duftspray-500-ml\/#primaryimage","url":"https:\/\/hakmarfrance.online\/wp-content\/uploads\/2025\/07\/yumos-spray-textile-lilyum.avif","contentUrl":"https:\/\/hakmarfrance.online\/wp-content\/uploads\/2025\/07\/yumos-spray-textile-lilyum.avif","width":1000,"height":800,"caption":"Yumo\u015f Textil- und Raumspray \u2013 Lilyum (Lilie): zarte Frische f\u00fcr all deine Textilien"},{"@type":"BreadcrumbList","@id":"https:\/\/hakmarfrance.online\/de\/produit\/yumos-textil-raumspray-lilie-frische-duftspray-500-ml\/#breadcrumb","itemListElement":[{"@type":"ListItem","position":1,"name":"Accueil","item":"https:\/\/hakmarfrance.online\/de\/"},{"@type":"ListItem","position":2,"name":"Shop","item":"https:\/\/hakmarfrance.online\/de\/shop\/"},{"@type":"ListItem","position":3,"name":"Yumo\u015f Textil- &amp; Raumspray Lilie \u2013 Frische-Duftspray 500 ml"}]},{"@type":"WebSite","@id":"https:\/\/hakmarfrance.online\/de\/#website","url":"https:\/\/hakmarfrance.online\/de\/","name":"hakmarfrance.online","description":"","publisher":{"@id":"https:\/\/hakmarfrance.online\/de\/#organization"},"potentialAction":[{"@type":"SearchAction","target":{"@type":"EntryPoint","urlTemplate":"https:\/\/hakmarfrance.online\/de\/?s={search_term_string}"},"query-input":{"@type":"PropertyValueSpecification","valueRequired":true,"valueName":"search_term_string"}}],"inLanguage":"de"},{"@type":"Organization","@id":"https:\/\/hakmarfrance.online\/de\/#organization","name":"hakmarfrance.online","url":"https:\/\/hakmarfrance.online\/de\/","logo":{"@type":"ImageObject","inLanguage":"de","@id":"https:\/\/hakmarfrance.online\/de\/#\/schema\/logo\/image\/","url":"https:\/\/hakmarfrance.online\/wp-content\/uploads\/2025\/06\/logo-hakmarfrance.png","contentUrl":"https:\/\/hakmarfrance.online\/wp-content\/uploads\/2025\/06\/logo-hakmarfrance.png","width":528,"height":232,"caption":"hakmarfrance.online"},"image":{"@id":"https:\/\/hakmarfrance.online\/de\/#\/schema\/logo\/image\/"},"sameAs":["https:\/\/www.facebook.com\/HakmarFranceSupermarche\/?locale=fr_FR","https:\/\/www.instagram.com\/hakmarfrancesupermarche\/"]}]}},"_links":{"self":[{"href":"https:\/\/hakmarfrance.online\/de\/wp-json\/wp\/v2\/product\/17597","targetHints":{"allow":["GET"]}}],"collection":[{"href":"https:\/\/hakmarfrance.online\/de\/wp-json\/wp\/v2\/product"}],"about":[{"href":"https:\/\/hakmarfrance.online\/de\/wp-json\/wp\/v2\/types\/product"}],"replies":[{"embeddable":true,"href":"https:\/\/hakmarfrance.online\/de\/wp-json\/wp\/v2\/comments?post=17597"}],"version-history":[{"count":0,"href":"https:\/\/hakmarfrance.online\/de\/wp-json\/wp\/v2\/product\/17597\/revisions"}],"wp:featuredmedia":[{"embeddable":true,"href":"https:\/\/hakmarfrance.online\/de\/wp-json\/wp\/v2\/media\/17598"}],"wp:attachment":[{"href":"https:\/\/hakmarfrance.online\/de\/wp-json\/wp\/v2\/media?parent=17597"}],"wp:term":[{"taxonomy":"product_brand","embeddable":true,"href":"https:\/\/hakmarfrance.online\/de\/wp-json\/wp\/v2\/product_brand?post=17597"},{"taxonomy":"product_cat","embeddable":true,"href":"https:\/\/hakmarfrance.online\/de\/wp-json\/wp\/v2\/product_cat?post=17597"},{"taxonomy":"product_tag","embeddable":true,"href":"https:\/\/hakmarfrance.online\/de\/wp-json\/wp\/v2\/product_tag?post=17597"}],"curies":[{"name":"wp","href":"https:\/\/api.w.org\/{rel}","templated":true}]}}