{"id":17599,"date":"2025-07-04T20:56:11","date_gmt":"2025-07-04T20:56:11","guid":{"rendered":"https:\/\/hakmarfrance.online\/produit\/ayran-destan-gesalzenes-milchgetraenk-250-ml\/"},"modified":"2025-07-04T20:56:11","modified_gmt":"2025-07-04T20:56:11","slug":"ayran-destan-gesalzenes-milchgetraenk-250-ml","status":"publish","type":"product","link":"https:\/\/hakmarfrance.online\/de\/produit\/ayran-destan-gesalzenes-milchgetraenk-250-ml\/","title":{"rendered":"Ayran Destan \u2013 Gesalzenes Milchgetr\u00e4nk 250 ml"},"content":{"rendered":"","protected":false},"excerpt":{"rendered":"<p data-start=\"319\" data-end=\"582\">Entdecke die authentische Frische von <strong data-start=\"359\" data-end=\"381\">Ayran Destan \u00c7oban<\/strong>, einem traditionellen t\u00fcrkischen Getr\u00e4nk aus Joghurt, Wasser und Salz. Perfekt ausgewogen und erfrischend, ist dieses Milchgetr\u00e4nk ideal, um deine Mahlzeiten zu begleiten oder sich gesund zu erfrischen. <\/p>\n<p data-start=\"584\" data-end=\"736\">\u2714\ufe0f Milder und leicht salziger Geschmack<br data-start=\"615\" data-end=\"618\">\u2714\ufe0f Reich an nat\u00fcrlichen Probiotika<br data-start=\"651\" data-end=\"654\">\u2714\ufe0f Cremige Textur, gut gek\u00fchlt servieren<br data-start=\"694\" data-end=\"697\">\u2714\ufe0f 250 ml Format, praktisch f\u00fcr unterwegs<\/p>\n<p data-start=\"738\" data-end=\"869\"><strong data-start=\"740\" data-end=\"756\">Ayran Destan<\/strong> ist die pastorale (\u00c7oban) Tradition in einem modernen Format, am besten <strong data-start=\"830\" data-end=\"839\">kalt<\/strong> genie\u00dfen f\u00fcr ein optimales Erlebnis.<\/p>\n","protected":false},"featured_media":17600,"comment_status":"open","ping_status":"closed","template":"","meta":{"iawp_total_views":0},"product_brand":[192],"product_cat":[226,257,231],"product_tag":[],"class_list":{"0":"post-17599","1":"product","2":"type-product","3":"status-publish","4":"has-post-thumbnail","6":"product_brand-destan","7":"product_cat-alle-unsere-produkte","8":"product_cat-ayran-tuerkische-limonade","9":"product_cat-getranke","11":"first","12":"instock","13":"shipping-taxable","14":"purchasable","15":"product-type-simple"},"yoast_head":"<!-- This site is optimized with the Yoast SEO plugin v27.3 - https:\/\/yoast.com\/product\/yoast-seo-wordpress\/ -->\n<title>Ayran Destan \u2013 Gesalzenes Milchgetr\u00e4nk 250 ml - hakmarfrance.online<\/title>\n<meta name=\"robots\" content=\"index, follow, max-snippet:-1, max-image-preview:large, max-video-preview:-1\" \/>\n<link rel=\"canonical\" href=\"https:\/\/hakmarfrance.online\/de\/produit\/ayran-destan-gesalzenes-milchgetraenk-250-ml\/\" \/>\n<meta property=\"og:locale\" content=\"de_DE\" \/>\n<meta property=\"og:type\" content=\"article\" \/>\n<meta property=\"og:title\" content=\"Ayran Destan \u2013 Gesalzenes Milchgetr\u00e4nk 250 ml - hakmarfrance.online\" \/>\n<meta property=\"og:description\" content=\"Entdecke die authentische Frische von Ayran Destan \u00c7oban, einem traditionellen t\u00fcrkischen Getr\u00e4nk aus Joghurt, Wasser und Salz. Perfekt ausgewogen und erfrischend, ist dieses Milchgetr\u00e4nk ideal, um deine Mahlzeiten zu begleiten oder sich gesund zu erfrischen. \u2714\ufe0f Milder und leicht salziger Geschmack\u2714\ufe0f Reich an nat\u00fcrlichen Probiotika\u2714\ufe0f Cremige Textur, gut gek\u00fchlt servieren\u2714\ufe0f 250 ml Format, praktisch f\u00fcr unterwegs Ayran Destan ist die pastorale (\u00c7oban) Tradition in einem modernen Format, am besten kalt genie\u00dfen f\u00fcr ein optimales Erlebnis.\" \/>\n<meta property=\"og:url\" content=\"https:\/\/hakmarfrance.online\/de\/produit\/ayran-destan-gesalzenes-milchgetraenk-250-ml\/\" \/>\n<meta property=\"og:site_name\" content=\"hakmarfrance.online\" \/>\n<meta property=\"article:publisher\" content=\"https:\/\/www.facebook.com\/HakmarFranceSupermarche\/?locale=fr_FR\" \/>\n<meta property=\"og:image\" content=\"https:\/\/hakmarfrance.online\/wp-content\/uploads\/2025\/07\/ayran-destan-coban-250ml.avif\" \/>\n\t<meta property=\"og:image:width\" content=\"1000\" \/>\n\t<meta property=\"og:image:height\" content=\"800\" \/>\n\t<meta property=\"og:image:type\" content=\"image\/png\" \/>\n<meta name=\"twitter:card\" content=\"summary_large_image\" \/>\n<script type=\"application\/ld+json\" class=\"yoast-schema-graph\">{\"@context\":\"https:\\\/\\\/schema.org\",\"@graph\":[{\"@type\":\"WebPage\",\"@id\":\"https:\\\/\\\/hakmarfrance.online\\\/de\\\/produit\\\/ayran-destan-gesalzenes-milchgetraenk-250-ml\\\/\",\"url\":\"https:\\\/\\\/hakmarfrance.online\\\/de\\\/produit\\\/ayran-destan-gesalzenes-milchgetraenk-250-ml\\\/\",\"name\":\"Ayran Destan \u2013 Gesalzenes Milchgetr\u00e4nk 250 ml - hakmarfrance.online\",\"isPartOf\":{\"@id\":\"https:\\\/\\\/hakmarfrance.online\\\/de\\\/#website\"},\"primaryImageOfPage\":{\"@id\":\"https:\\\/\\\/hakmarfrance.online\\\/de\\\/produit\\\/ayran-destan-gesalzenes-milchgetraenk-250-ml\\\/#primaryimage\"},\"image\":{\"@id\":\"https:\\\/\\\/hakmarfrance.online\\\/de\\\/produit\\\/ayran-destan-gesalzenes-milchgetraenk-250-ml\\\/#primaryimage\"},\"thumbnailUrl\":\"https:\\\/\\\/hakmarfrance.online\\\/wp-content\\\/uploads\\\/2025\\\/07\\\/ayran-destan-coban-250ml.avif\",\"datePublished\":\"2025-07-04T20:56:11+00:00\",\"breadcrumb\":{\"@id\":\"https:\\\/\\\/hakmarfrance.online\\\/de\\\/produit\\\/ayran-destan-gesalzenes-milchgetraenk-250-ml\\\/#breadcrumb\"},\"inLanguage\":\"de\",\"potentialAction\":[{\"@type\":\"ReadAction\",\"target\":[\"https:\\\/\\\/hakmarfrance.online\\\/de\\\/produit\\\/ayran-destan-gesalzenes-milchgetraenk-250-ml\\\/\"]}]},{\"@type\":\"ImageObject\",\"inLanguage\":\"de\",\"@id\":\"https:\\\/\\\/hakmarfrance.online\\\/de\\\/produit\\\/ayran-destan-gesalzenes-milchgetraenk-250-ml\\\/#primaryimage\",\"url\":\"https:\\\/\\\/hakmarfrance.online\\\/wp-content\\\/uploads\\\/2025\\\/07\\\/ayran-destan-coban-250ml.avif\",\"contentUrl\":\"https:\\\/\\\/hakmarfrance.online\\\/wp-content\\\/uploads\\\/2025\\\/07\\\/ayran-destan-coban-250ml.avif\",\"width\":1000,\"height\":800,\"caption\":\"Ayran \u00c7oban Destan \u2013 250 ml, erfrischendes t\u00fcrkisches Joghurtgetr\u00e4nk\"},{\"@type\":\"BreadcrumbList\",\"@id\":\"https:\\\/\\\/hakmarfrance.online\\\/de\\\/produit\\\/ayran-destan-gesalzenes-milchgetraenk-250-ml\\\/#breadcrumb\",\"itemListElement\":[{\"@type\":\"ListItem\",\"position\":1,\"name\":\"Accueil\",\"item\":\"https:\\\/\\\/hakmarfrance.online\\\/de\\\/\"},{\"@type\":\"ListItem\",\"position\":2,\"name\":\"Shop\",\"item\":\"https:\\\/\\\/hakmarfrance.online\\\/de\\\/shop\\\/\"},{\"@type\":\"ListItem\",\"position\":3,\"name\":\"Ayran Destan \u2013 Gesalzenes Milchgetr\u00e4nk 250 ml\"}]},{\"@type\":\"WebSite\",\"@id\":\"https:\\\/\\\/hakmarfrance.online\\\/de\\\/#website\",\"url\":\"https:\\\/\\\/hakmarfrance.online\\\/de\\\/\",\"name\":\"hakmarfrance.online\",\"description\":\"\",\"publisher\":{\"@id\":\"https:\\\/\\\/hakmarfrance.online\\\/de\\\/#organization\"},\"potentialAction\":[{\"@type\":\"SearchAction\",\"target\":{\"@type\":\"EntryPoint\",\"urlTemplate\":\"https:\\\/\\\/hakmarfrance.online\\\/de\\\/?s={search_term_string}\"},\"query-input\":{\"@type\":\"PropertyValueSpecification\",\"valueRequired\":true,\"valueName\":\"search_term_string\"}}],\"inLanguage\":\"de\"},{\"@type\":\"Organization\",\"@id\":\"https:\\\/\\\/hakmarfrance.online\\\/de\\\/#organization\",\"name\":\"hakmarfrance.online\",\"url\":\"https:\\\/\\\/hakmarfrance.online\\\/de\\\/\",\"logo\":{\"@type\":\"ImageObject\",\"inLanguage\":\"de\",\"@id\":\"https:\\\/\\\/hakmarfrance.online\\\/de\\\/#\\\/schema\\\/logo\\\/image\\\/\",\"url\":\"https:\\\/\\\/hakmarfrance.online\\\/wp-content\\\/uploads\\\/2025\\\/06\\\/logo-hakmarfrance.png\",\"contentUrl\":\"https:\\\/\\\/hakmarfrance.online\\\/wp-content\\\/uploads\\\/2025\\\/06\\\/logo-hakmarfrance.png\",\"width\":528,\"height\":232,\"caption\":\"hakmarfrance.online\"},\"image\":{\"@id\":\"https:\\\/\\\/hakmarfrance.online\\\/de\\\/#\\\/schema\\\/logo\\\/image\\\/\"},\"sameAs\":[\"https:\\\/\\\/www.facebook.com\\\/HakmarFranceSupermarche\\\/?locale=fr_FR\",\"https:\\\/\\\/www.instagram.com\\\/hakmarfrancesupermarche\\\/\"]}]}<\/script>\n<!-- \/ Yoast SEO plugin. -->","yoast_head_json":{"title":"Ayran Destan \u2013 Gesalzenes Milchgetr\u00e4nk 250 ml - hakmarfrance.online","robots":{"index":"index","follow":"follow","max-snippet":"max-snippet:-1","max-image-preview":"max-image-preview:large","max-video-preview":"max-video-preview:-1"},"canonical":"https:\/\/hakmarfrance.online\/de\/produit\/ayran-destan-gesalzenes-milchgetraenk-250-ml\/","og_locale":"de_DE","og_type":"article","og_title":"Ayran Destan \u2013 Gesalzenes Milchgetr\u00e4nk 250 ml - hakmarfrance.online","og_description":"Entdecke die authentische Frische von Ayran Destan \u00c7oban, einem traditionellen t\u00fcrkischen Getr\u00e4nk aus Joghurt, Wasser und Salz. Perfekt ausgewogen und erfrischend, ist dieses Milchgetr\u00e4nk ideal, um deine Mahlzeiten zu begleiten oder sich gesund zu erfrischen. \u2714\ufe0f Milder und leicht salziger Geschmack\u2714\ufe0f Reich an nat\u00fcrlichen Probiotika\u2714\ufe0f Cremige Textur, gut gek\u00fchlt servieren\u2714\ufe0f 250 ml Format, praktisch f\u00fcr unterwegs Ayran Destan ist die pastorale (\u00c7oban) Tradition in einem modernen Format, am besten kalt genie\u00dfen f\u00fcr ein optimales Erlebnis.","og_url":"https:\/\/hakmarfrance.online\/de\/produit\/ayran-destan-gesalzenes-milchgetraenk-250-ml\/","og_site_name":"hakmarfrance.online","article_publisher":"https:\/\/www.facebook.com\/HakmarFranceSupermarche\/?locale=fr_FR","og_image":[{"width":1000,"height":800,"url":"https:\/\/hakmarfrance.online\/wp-content\/uploads\/2025\/07\/ayran-destan-coban-250ml.avif","type":"image\/png"}],"twitter_card":"summary_large_image","schema":{"@context":"https:\/\/schema.org","@graph":[{"@type":"WebPage","@id":"https:\/\/hakmarfrance.online\/de\/produit\/ayran-destan-gesalzenes-milchgetraenk-250-ml\/","url":"https:\/\/hakmarfrance.online\/de\/produit\/ayran-destan-gesalzenes-milchgetraenk-250-ml\/","name":"Ayran Destan \u2013 Gesalzenes Milchgetr\u00e4nk 250 ml - hakmarfrance.online","isPartOf":{"@id":"https:\/\/hakmarfrance.online\/de\/#website"},"primaryImageOfPage":{"@id":"https:\/\/hakmarfrance.online\/de\/produit\/ayran-destan-gesalzenes-milchgetraenk-250-ml\/#primaryimage"},"image":{"@id":"https:\/\/hakmarfrance.online\/de\/produit\/ayran-destan-gesalzenes-milchgetraenk-250-ml\/#primaryimage"},"thumbnailUrl":"https:\/\/hakmarfrance.online\/wp-content\/uploads\/2025\/07\/ayran-destan-coban-250ml.avif","datePublished":"2025-07-04T20:56:11+00:00","breadcrumb":{"@id":"https:\/\/hakmarfrance.online\/de\/produit\/ayran-destan-gesalzenes-milchgetraenk-250-ml\/#breadcrumb"},"inLanguage":"de","potentialAction":[{"@type":"ReadAction","target":["https:\/\/hakmarfrance.online\/de\/produit\/ayran-destan-gesalzenes-milchgetraenk-250-ml\/"]}]},{"@type":"ImageObject","inLanguage":"de","@id":"https:\/\/hakmarfrance.online\/de\/produit\/ayran-destan-gesalzenes-milchgetraenk-250-ml\/#primaryimage","url":"https:\/\/hakmarfrance.online\/wp-content\/uploads\/2025\/07\/ayran-destan-coban-250ml.avif","contentUrl":"https:\/\/hakmarfrance.online\/wp-content\/uploads\/2025\/07\/ayran-destan-coban-250ml.avif","width":1000,"height":800,"caption":"Ayran \u00c7oban Destan \u2013 250 ml, erfrischendes t\u00fcrkisches Joghurtgetr\u00e4nk"},{"@type":"BreadcrumbList","@id":"https:\/\/hakmarfrance.online\/de\/produit\/ayran-destan-gesalzenes-milchgetraenk-250-ml\/#breadcrumb","itemListElement":[{"@type":"ListItem","position":1,"name":"Accueil","item":"https:\/\/hakmarfrance.online\/de\/"},{"@type":"ListItem","position":2,"name":"Shop","item":"https:\/\/hakmarfrance.online\/de\/shop\/"},{"@type":"ListItem","position":3,"name":"Ayran Destan \u2013 Gesalzenes Milchgetr\u00e4nk 250 ml"}]},{"@type":"WebSite","@id":"https:\/\/hakmarfrance.online\/de\/#website","url":"https:\/\/hakmarfrance.online\/de\/","name":"hakmarfrance.online","description":"","publisher":{"@id":"https:\/\/hakmarfrance.online\/de\/#organization"},"potentialAction":[{"@type":"SearchAction","target":{"@type":"EntryPoint","urlTemplate":"https:\/\/hakmarfrance.online\/de\/?s={search_term_string}"},"query-input":{"@type":"PropertyValueSpecification","valueRequired":true,"valueName":"search_term_string"}}],"inLanguage":"de"},{"@type":"Organization","@id":"https:\/\/hakmarfrance.online\/de\/#organization","name":"hakmarfrance.online","url":"https:\/\/hakmarfrance.online\/de\/","logo":{"@type":"ImageObject","inLanguage":"de","@id":"https:\/\/hakmarfrance.online\/de\/#\/schema\/logo\/image\/","url":"https:\/\/hakmarfrance.online\/wp-content\/uploads\/2025\/06\/logo-hakmarfrance.png","contentUrl":"https:\/\/hakmarfrance.online\/wp-content\/uploads\/2025\/06\/logo-hakmarfrance.png","width":528,"height":232,"caption":"hakmarfrance.online"},"image":{"@id":"https:\/\/hakmarfrance.online\/de\/#\/schema\/logo\/image\/"},"sameAs":["https:\/\/www.facebook.com\/HakmarFranceSupermarche\/?locale=fr_FR","https:\/\/www.instagram.com\/hakmarfrancesupermarche\/"]}]}},"_links":{"self":[{"href":"https:\/\/hakmarfrance.online\/de\/wp-json\/wp\/v2\/product\/17599","targetHints":{"allow":["GET"]}}],"collection":[{"href":"https:\/\/hakmarfrance.online\/de\/wp-json\/wp\/v2\/product"}],"about":[{"href":"https:\/\/hakmarfrance.online\/de\/wp-json\/wp\/v2\/types\/product"}],"replies":[{"embeddable":true,"href":"https:\/\/hakmarfrance.online\/de\/wp-json\/wp\/v2\/comments?post=17599"}],"version-history":[{"count":0,"href":"https:\/\/hakmarfrance.online\/de\/wp-json\/wp\/v2\/product\/17599\/revisions"}],"wp:featuredmedia":[{"embeddable":true,"href":"https:\/\/hakmarfrance.online\/de\/wp-json\/wp\/v2\/media\/17600"}],"wp:attachment":[{"href":"https:\/\/hakmarfrance.online\/de\/wp-json\/wp\/v2\/media?parent=17599"}],"wp:term":[{"taxonomy":"product_brand","embeddable":true,"href":"https:\/\/hakmarfrance.online\/de\/wp-json\/wp\/v2\/product_brand?post=17599"},{"taxonomy":"product_cat","embeddable":true,"href":"https:\/\/hakmarfrance.online\/de\/wp-json\/wp\/v2\/product_cat?post=17599"},{"taxonomy":"product_tag","embeddable":true,"href":"https:\/\/hakmarfrance.online\/de\/wp-json\/wp\/v2\/product_tag?post=17599"}],"curies":[{"name":"wp","href":"https:\/\/api.w.org\/{rel}","templated":true}]}}