{"id":17605,"date":"2025-07-09T07:40:11","date_gmt":"2025-07-09T07:40:11","guid":{"rendered":"https:\/\/hakmarfrance.online\/produit\/yoerem-vollmilch-35-uht-lange-haltbar-1-liter\/"},"modified":"2025-07-09T07:40:11","modified_gmt":"2025-07-09T07:40:11","slug":"yoerem-vollmilch-35-uht-lange-haltbar-1-liter","status":"publish","type":"product","link":"https:\/\/hakmarfrance.online\/de\/produit\/yoerem-vollmilch-35-uht-lange-haltbar-1-liter\/","title":{"rendered":"Y\u00f6rem Vollmilch 3,5 % \u2013 UHT lange haltbar \u2013 1 Liter"},"content":{"rendered":"<p data-start=\"257\" data-end=\"643\">Die <strong data-start=\"319\" data-end=\"346\">Y\u00f6rem Vollmilch 3,5 %<\/strong> ist eine schmackhafte und reichhaltige Milch, ideal f\u00fcr dein Fr\u00fchst\u00fcck, deine Rezepte oder Hei\u00dfgetr\u00e4nke. Ihr Fettgehalt von 3,5 % macht sie besonders cremig und perfekt f\u00fcr Liebhaber authentischen Geschmacks. Die UHT-Sterilisation garantiert eine lange Haltbarkeit ohne Qualit\u00e4tseinbu\u00dfen.  <\/p>\n<p data-start=\"645\" data-end=\"681\">\u2705 <strong data-start=\"647\" data-end=\"679\">Hauptmerkmale<\/strong>:<\/p>\n<ul data-start=\"683\" data-end=\"850\">\n<li data-start=\"683\" data-end=\"712\">\n<p data-start=\"685\" data-end=\"712\">UHT-sterilisierte Vollmilch<\/p>\n<\/li>\n<li data-start=\"713\" data-end=\"740\">\n<p data-start=\"715\" data-end=\"740\">3,5 % Fett<\/p>\n<\/li>\n<li data-start=\"741\" data-end=\"786\">\n<p data-start=\"743\" data-end=\"786\">1-Liter-Packung mit wiederverschlie\u00dfbarem Verschluss<\/p>\n<\/li>\n<li data-start=\"787\" data-end=\"805\">\n<p data-start=\"789\" data-end=\"805\">Marke: Y\u00f6rem<\/p>\n<\/li>\n<li data-start=\"806\" data-end=\"828\">\n<p data-start=\"808\" data-end=\"828\">Europ\u00e4ische Herkunft<\/p>\n<\/li>\n<li data-start=\"829\" data-end=\"850\">\n<p data-start=\"831\" data-end=\"850\">Lange Haltbarkeit<\/p>\n<\/li>\n<\/ul>\n","protected":false},"excerpt":{"rendered":"<p><strong data-start=\"1229\" data-end=\"1264\">Y\u00f6rem Vollmilch UHT 3,5 % 1 L<\/strong>: Eine reichhaltige und cremige Milch, ideal f\u00fcr die ganze Familie. Bei Raumtemperatur lagern, jederzeit genussbereit. <\/p>\n","protected":false},"featured_media":17606,"comment_status":"open","ping_status":"closed","template":"","meta":{"iawp_total_views":0},"product_brand":[173],"product_cat":[226,251,255,231],"product_tag":[],"class_list":{"0":"post-17605","1":"product","2":"type-product","3":"status-publish","4":"has-post-thumbnail","6":"product_brand-yorem","7":"product_cat-alle-unsere-produkte","8":"product_cat-fleisch-fisch-feinkost","9":"product_cat-frische-produkte-milchprodukte","10":"product_cat-getranke","12":"first","13":"instock","14":"shipping-taxable","15":"purchasable","16":"product-type-simple"},"yoast_head":"<!-- This site is optimized with the Yoast SEO plugin v27.3 - https:\/\/yoast.com\/product\/yoast-seo-wordpress\/ -->\n<title>Y\u00f6rem Vollmilch 3,5 % \u2013 UHT lange haltbar \u2013 1 Liter - hakmarfrance.online<\/title>\n<meta name=\"robots\" content=\"index, follow, max-snippet:-1, max-image-preview:large, max-video-preview:-1\" \/>\n<link rel=\"canonical\" href=\"https:\/\/hakmarfrance.online\/de\/produit\/yoerem-vollmilch-35-uht-lange-haltbar-1-liter\/\" \/>\n<meta property=\"og:locale\" content=\"de_DE\" \/>\n<meta property=\"og:type\" content=\"article\" \/>\n<meta property=\"og:title\" content=\"Y\u00f6rem Vollmilch 3,5 % \u2013 UHT lange haltbar \u2013 1 Liter - hakmarfrance.online\" \/>\n<meta property=\"og:description\" content=\"Y\u00f6rem Vollmilch UHT 3,5 % 1 L: Eine reichhaltige und cremige Milch, ideal f\u00fcr die ganze Familie. Bei Raumtemperatur lagern, jederzeit genussbereit.\" \/>\n<meta property=\"og:url\" content=\"https:\/\/hakmarfrance.online\/de\/produit\/yoerem-vollmilch-35-uht-lange-haltbar-1-liter\/\" \/>\n<meta property=\"og:site_name\" content=\"hakmarfrance.online\" \/>\n<meta property=\"article:publisher\" content=\"https:\/\/www.facebook.com\/HakmarFranceSupermarche\/?locale=fr_FR\" \/>\n<meta property=\"og:image\" content=\"https:\/\/hakmarfrance.online\/wp-content\/uploads\/2025\/07\/lait-entier-yorem-uht-3-5-1l.avif\" \/>\n\t<meta property=\"og:image:width\" content=\"1000\" \/>\n\t<meta property=\"og:image:height\" content=\"800\" \/>\n\t<meta property=\"og:image:type\" content=\"image\/png\" \/>\n<meta name=\"twitter:card\" content=\"summary_large_image\" \/>\n<script type=\"application\/ld+json\" class=\"yoast-schema-graph\">{\"@context\":\"https:\\\/\\\/schema.org\",\"@graph\":[{\"@type\":\"WebPage\",\"@id\":\"https:\\\/\\\/hakmarfrance.online\\\/de\\\/produit\\\/yoerem-vollmilch-35-uht-lange-haltbar-1-liter\\\/\",\"url\":\"https:\\\/\\\/hakmarfrance.online\\\/de\\\/produit\\\/yoerem-vollmilch-35-uht-lange-haltbar-1-liter\\\/\",\"name\":\"Y\u00f6rem Vollmilch 3,5 % \u2013 UHT lange haltbar \u2013 1 Liter - hakmarfrance.online\",\"isPartOf\":{\"@id\":\"https:\\\/\\\/hakmarfrance.online\\\/de\\\/#website\"},\"primaryImageOfPage\":{\"@id\":\"https:\\\/\\\/hakmarfrance.online\\\/de\\\/produit\\\/yoerem-vollmilch-35-uht-lange-haltbar-1-liter\\\/#primaryimage\"},\"image\":{\"@id\":\"https:\\\/\\\/hakmarfrance.online\\\/de\\\/produit\\\/yoerem-vollmilch-35-uht-lange-haltbar-1-liter\\\/#primaryimage\"},\"thumbnailUrl\":\"https:\\\/\\\/hakmarfrance.online\\\/wp-content\\\/uploads\\\/2025\\\/07\\\/lait-entier-yorem-uht-3-5-1l.avif\",\"datePublished\":\"2025-07-09T07:40:11+00:00\",\"breadcrumb\":{\"@id\":\"https:\\\/\\\/hakmarfrance.online\\\/de\\\/produit\\\/yoerem-vollmilch-35-uht-lange-haltbar-1-liter\\\/#breadcrumb\"},\"inLanguage\":\"de\",\"potentialAction\":[{\"@type\":\"ReadAction\",\"target\":[\"https:\\\/\\\/hakmarfrance.online\\\/de\\\/produit\\\/yoerem-vollmilch-35-uht-lange-haltbar-1-liter\\\/\"]}]},{\"@type\":\"ImageObject\",\"inLanguage\":\"de\",\"@id\":\"https:\\\/\\\/hakmarfrance.online\\\/de\\\/produit\\\/yoerem-vollmilch-35-uht-lange-haltbar-1-liter\\\/#primaryimage\",\"url\":\"https:\\\/\\\/hakmarfrance.online\\\/wp-content\\\/uploads\\\/2025\\\/07\\\/lait-entier-yorem-uht-3-5-1l.avif\",\"contentUrl\":\"https:\\\/\\\/hakmarfrance.online\\\/wp-content\\\/uploads\\\/2025\\\/07\\\/lait-entier-yorem-uht-3-5-1l.avif\",\"width\":1000,\"height\":800,\"caption\":\"Y\u00f6rem Vollmilch UHT 3,5 % \u2013 1 L \u2013 Reicher und cremiger Geschmack\"},{\"@type\":\"BreadcrumbList\",\"@id\":\"https:\\\/\\\/hakmarfrance.online\\\/de\\\/produit\\\/yoerem-vollmilch-35-uht-lange-haltbar-1-liter\\\/#breadcrumb\",\"itemListElement\":[{\"@type\":\"ListItem\",\"position\":1,\"name\":\"Accueil\",\"item\":\"https:\\\/\\\/hakmarfrance.online\\\/de\\\/\"},{\"@type\":\"ListItem\",\"position\":2,\"name\":\"Shop\",\"item\":\"https:\\\/\\\/hakmarfrance.online\\\/de\\\/shop\\\/\"},{\"@type\":\"ListItem\",\"position\":3,\"name\":\"Y\u00f6rem Vollmilch 3,5 % \u2013 UHT lange haltbar \u2013 1 Liter\"}]},{\"@type\":\"WebSite\",\"@id\":\"https:\\\/\\\/hakmarfrance.online\\\/de\\\/#website\",\"url\":\"https:\\\/\\\/hakmarfrance.online\\\/de\\\/\",\"name\":\"hakmarfrance.online\",\"description\":\"\",\"publisher\":{\"@id\":\"https:\\\/\\\/hakmarfrance.online\\\/de\\\/#organization\"},\"potentialAction\":[{\"@type\":\"SearchAction\",\"target\":{\"@type\":\"EntryPoint\",\"urlTemplate\":\"https:\\\/\\\/hakmarfrance.online\\\/de\\\/?s={search_term_string}\"},\"query-input\":{\"@type\":\"PropertyValueSpecification\",\"valueRequired\":true,\"valueName\":\"search_term_string\"}}],\"inLanguage\":\"de\"},{\"@type\":\"Organization\",\"@id\":\"https:\\\/\\\/hakmarfrance.online\\\/de\\\/#organization\",\"name\":\"hakmarfrance.online\",\"url\":\"https:\\\/\\\/hakmarfrance.online\\\/de\\\/\",\"logo\":{\"@type\":\"ImageObject\",\"inLanguage\":\"de\",\"@id\":\"https:\\\/\\\/hakmarfrance.online\\\/de\\\/#\\\/schema\\\/logo\\\/image\\\/\",\"url\":\"https:\\\/\\\/hakmarfrance.online\\\/wp-content\\\/uploads\\\/2025\\\/06\\\/logo-hakmarfrance.png\",\"contentUrl\":\"https:\\\/\\\/hakmarfrance.online\\\/wp-content\\\/uploads\\\/2025\\\/06\\\/logo-hakmarfrance.png\",\"width\":528,\"height\":232,\"caption\":\"hakmarfrance.online\"},\"image\":{\"@id\":\"https:\\\/\\\/hakmarfrance.online\\\/de\\\/#\\\/schema\\\/logo\\\/image\\\/\"},\"sameAs\":[\"https:\\\/\\\/www.facebook.com\\\/HakmarFranceSupermarche\\\/?locale=fr_FR\",\"https:\\\/\\\/www.instagram.com\\\/hakmarfrancesupermarche\\\/\"]}]}<\/script>\n<!-- \/ Yoast SEO plugin. -->","yoast_head_json":{"title":"Y\u00f6rem Vollmilch 3,5 % \u2013 UHT lange haltbar \u2013 1 Liter - hakmarfrance.online","robots":{"index":"index","follow":"follow","max-snippet":"max-snippet:-1","max-image-preview":"max-image-preview:large","max-video-preview":"max-video-preview:-1"},"canonical":"https:\/\/hakmarfrance.online\/de\/produit\/yoerem-vollmilch-35-uht-lange-haltbar-1-liter\/","og_locale":"de_DE","og_type":"article","og_title":"Y\u00f6rem Vollmilch 3,5 % \u2013 UHT lange haltbar \u2013 1 Liter - hakmarfrance.online","og_description":"Y\u00f6rem Vollmilch UHT 3,5 % 1 L: Eine reichhaltige und cremige Milch, ideal f\u00fcr die ganze Familie. Bei Raumtemperatur lagern, jederzeit genussbereit.","og_url":"https:\/\/hakmarfrance.online\/de\/produit\/yoerem-vollmilch-35-uht-lange-haltbar-1-liter\/","og_site_name":"hakmarfrance.online","article_publisher":"https:\/\/www.facebook.com\/HakmarFranceSupermarche\/?locale=fr_FR","og_image":[{"width":1000,"height":800,"url":"https:\/\/hakmarfrance.online\/wp-content\/uploads\/2025\/07\/lait-entier-yorem-uht-3-5-1l.avif","type":"image\/png"}],"twitter_card":"summary_large_image","schema":{"@context":"https:\/\/schema.org","@graph":[{"@type":"WebPage","@id":"https:\/\/hakmarfrance.online\/de\/produit\/yoerem-vollmilch-35-uht-lange-haltbar-1-liter\/","url":"https:\/\/hakmarfrance.online\/de\/produit\/yoerem-vollmilch-35-uht-lange-haltbar-1-liter\/","name":"Y\u00f6rem Vollmilch 3,5 % \u2013 UHT lange haltbar \u2013 1 Liter - hakmarfrance.online","isPartOf":{"@id":"https:\/\/hakmarfrance.online\/de\/#website"},"primaryImageOfPage":{"@id":"https:\/\/hakmarfrance.online\/de\/produit\/yoerem-vollmilch-35-uht-lange-haltbar-1-liter\/#primaryimage"},"image":{"@id":"https:\/\/hakmarfrance.online\/de\/produit\/yoerem-vollmilch-35-uht-lange-haltbar-1-liter\/#primaryimage"},"thumbnailUrl":"https:\/\/hakmarfrance.online\/wp-content\/uploads\/2025\/07\/lait-entier-yorem-uht-3-5-1l.avif","datePublished":"2025-07-09T07:40:11+00:00","breadcrumb":{"@id":"https:\/\/hakmarfrance.online\/de\/produit\/yoerem-vollmilch-35-uht-lange-haltbar-1-liter\/#breadcrumb"},"inLanguage":"de","potentialAction":[{"@type":"ReadAction","target":["https:\/\/hakmarfrance.online\/de\/produit\/yoerem-vollmilch-35-uht-lange-haltbar-1-liter\/"]}]},{"@type":"ImageObject","inLanguage":"de","@id":"https:\/\/hakmarfrance.online\/de\/produit\/yoerem-vollmilch-35-uht-lange-haltbar-1-liter\/#primaryimage","url":"https:\/\/hakmarfrance.online\/wp-content\/uploads\/2025\/07\/lait-entier-yorem-uht-3-5-1l.avif","contentUrl":"https:\/\/hakmarfrance.online\/wp-content\/uploads\/2025\/07\/lait-entier-yorem-uht-3-5-1l.avif","width":1000,"height":800,"caption":"Y\u00f6rem Vollmilch UHT 3,5 % \u2013 1 L \u2013 Reicher und cremiger Geschmack"},{"@type":"BreadcrumbList","@id":"https:\/\/hakmarfrance.online\/de\/produit\/yoerem-vollmilch-35-uht-lange-haltbar-1-liter\/#breadcrumb","itemListElement":[{"@type":"ListItem","position":1,"name":"Accueil","item":"https:\/\/hakmarfrance.online\/de\/"},{"@type":"ListItem","position":2,"name":"Shop","item":"https:\/\/hakmarfrance.online\/de\/shop\/"},{"@type":"ListItem","position":3,"name":"Y\u00f6rem Vollmilch 3,5 % \u2013 UHT lange haltbar \u2013 1 Liter"}]},{"@type":"WebSite","@id":"https:\/\/hakmarfrance.online\/de\/#website","url":"https:\/\/hakmarfrance.online\/de\/","name":"hakmarfrance.online","description":"","publisher":{"@id":"https:\/\/hakmarfrance.online\/de\/#organization"},"potentialAction":[{"@type":"SearchAction","target":{"@type":"EntryPoint","urlTemplate":"https:\/\/hakmarfrance.online\/de\/?s={search_term_string}"},"query-input":{"@type":"PropertyValueSpecification","valueRequired":true,"valueName":"search_term_string"}}],"inLanguage":"de"},{"@type":"Organization","@id":"https:\/\/hakmarfrance.online\/de\/#organization","name":"hakmarfrance.online","url":"https:\/\/hakmarfrance.online\/de\/","logo":{"@type":"ImageObject","inLanguage":"de","@id":"https:\/\/hakmarfrance.online\/de\/#\/schema\/logo\/image\/","url":"https:\/\/hakmarfrance.online\/wp-content\/uploads\/2025\/06\/logo-hakmarfrance.png","contentUrl":"https:\/\/hakmarfrance.online\/wp-content\/uploads\/2025\/06\/logo-hakmarfrance.png","width":528,"height":232,"caption":"hakmarfrance.online"},"image":{"@id":"https:\/\/hakmarfrance.online\/de\/#\/schema\/logo\/image\/"},"sameAs":["https:\/\/www.facebook.com\/HakmarFranceSupermarche\/?locale=fr_FR","https:\/\/www.instagram.com\/hakmarfrancesupermarche\/"]}]}},"_links":{"self":[{"href":"https:\/\/hakmarfrance.online\/de\/wp-json\/wp\/v2\/product\/17605","targetHints":{"allow":["GET"]}}],"collection":[{"href":"https:\/\/hakmarfrance.online\/de\/wp-json\/wp\/v2\/product"}],"about":[{"href":"https:\/\/hakmarfrance.online\/de\/wp-json\/wp\/v2\/types\/product"}],"replies":[{"embeddable":true,"href":"https:\/\/hakmarfrance.online\/de\/wp-json\/wp\/v2\/comments?post=17605"}],"version-history":[{"count":0,"href":"https:\/\/hakmarfrance.online\/de\/wp-json\/wp\/v2\/product\/17605\/revisions"}],"wp:featuredmedia":[{"embeddable":true,"href":"https:\/\/hakmarfrance.online\/de\/wp-json\/wp\/v2\/media\/17606"}],"wp:attachment":[{"href":"https:\/\/hakmarfrance.online\/de\/wp-json\/wp\/v2\/media?parent=17605"}],"wp:term":[{"taxonomy":"product_brand","embeddable":true,"href":"https:\/\/hakmarfrance.online\/de\/wp-json\/wp\/v2\/product_brand?post=17605"},{"taxonomy":"product_cat","embeddable":true,"href":"https:\/\/hakmarfrance.online\/de\/wp-json\/wp\/v2\/product_cat?post=17605"},{"taxonomy":"product_tag","embeddable":true,"href":"https:\/\/hakmarfrance.online\/de\/wp-json\/wp\/v2\/product_tag?post=17605"}],"curies":[{"name":"wp","href":"https:\/\/api.w.org\/{rel}","templated":true}]}}