{"id":17607,"date":"2025-07-09T07:44:16","date_gmt":"2025-07-09T07:44:16","guid":{"rendered":"https:\/\/hakmarfrance.online\/produit\/tuerkischer-tulum-kaese-yoerem-erzincan-peynir-450g\/"},"modified":"2025-07-09T07:44:16","modified_gmt":"2025-07-09T07:44:16","slug":"tuerkischer-tulum-kaese-yoerem-erzincan-peynir-450g","status":"publish","type":"product","link":"https:\/\/hakmarfrance.online\/de\/produit\/tuerkischer-tulum-kaese-yoerem-erzincan-peynir-450g\/","title":{"rendered":"T\u00fcrkischer Tulum-K\u00e4se Y\u00f6rem \u2013 Erzincan Peynir 450g"},"content":{"rendered":"<p data-start=\"260\" data-end=\"642\">Genie\u00dfe den traditionellen Geschmack des <strong data-start=\"352\" data-end=\"380\">Erzincan Tulum-K\u00e4ses<\/strong>, einem t\u00fcrkischen br\u00f6seligen K\u00e4se, der f\u00fcr eine reiche Textur und einen intensiven Geschmack gereift ist. Dieser Schafsk\u00e4se, nach traditionellen Methoden gereift, passt perfekt zu deinem Fr\u00fchst\u00fcck, Salaten oder B\u00f6rek. Ein Muss der t\u00fcrkischen Gastronomie.  <\/p>\n<p data-start=\"644\" data-end=\"680\">\u2705 <strong data-start=\"646\" data-end=\"678\">Hauptmerkmale<\/strong>:<\/p>\n<ul data-start=\"682\" data-end=\"878\">\n<li data-start=\"682\" data-end=\"717\">\n<p data-start=\"684\" data-end=\"717\">Traditioneller t\u00fcrkischer Tulum-K\u00e4se<\/p>\n<\/li>\n<li data-start=\"718\" data-end=\"750\">\n<p data-start=\"720\" data-end=\"750\">Herkunft: Erzincan \u2013 T\u00fcrkei<\/p>\n<\/li>\n<li data-start=\"751\" data-end=\"790\">\n<p data-start=\"753\" data-end=\"790\">Br\u00f6selige Textur, ausgepr\u00e4gter salziger Geschmack<\/p>\n<\/li>\n<li data-start=\"791\" data-end=\"839\">\n<p data-start=\"793\" data-end=\"839\">Ideal f\u00fcr Fr\u00fchst\u00fcck, Salate, B\u00f6rek<\/p>\n<\/li>\n<li data-start=\"840\" data-end=\"861\">\n<p data-start=\"842\" data-end=\"861\">Nettogewicht: 450 g<\/p>\n<\/li>\n<li data-start=\"862\" data-end=\"878\">\n<p data-start=\"864\" data-end=\"878\">Marke: Y\u00f6rem<\/p>\n<\/li>\n<\/ul>\n","protected":false},"excerpt":{"rendered":"<p><strong data-start=\"1320\" data-end=\"1357\">Tulum-K\u00e4se Erzincan Y\u00f6rem 450g<\/strong> \u2013 Der authentische Geschmack der T\u00fcrkei, ein reichhaltiger und salziger K\u00e4se, um deine mediterranen Gerichte zu verfeinern.<\/p>\n","protected":false},"featured_media":17608,"comment_status":"open","ping_status":"closed","template":"","meta":{"iawp_total_views":0},"product_brand":[173],"product_cat":[226,251,255,268,269],"product_tag":[],"class_list":{"0":"post-17607","1":"product","2":"type-product","3":"status-publish","4":"has-post-thumbnail","6":"product_brand-yorem","7":"product_cat-alle-unsere-produkte","8":"product_cat-fleisch-fisch-feinkost","9":"product_cat-frische-produkte-milchprodukte","10":"product_cat-herzhafte-lebensmittel","11":"product_cat-orientalische-lebensmittel","13":"first","14":"instock","15":"shipping-taxable","16":"purchasable","17":"product-type-simple"},"yoast_head":"<!-- This site is optimized with the Yoast SEO plugin v27.3 - https:\/\/yoast.com\/product\/yoast-seo-wordpress\/ -->\n<title>T\u00fcrkischer Tulum-K\u00e4se Y\u00f6rem \u2013 Erzincan Peynir 450g - hakmarfrance.online<\/title>\n<meta name=\"robots\" content=\"index, follow, max-snippet:-1, max-image-preview:large, max-video-preview:-1\" \/>\n<link rel=\"canonical\" href=\"https:\/\/hakmarfrance.online\/de\/produit\/tuerkischer-tulum-kaese-yoerem-erzincan-peynir-450g\/\" \/>\n<meta property=\"og:locale\" content=\"de_DE\" \/>\n<meta property=\"og:type\" content=\"article\" \/>\n<meta property=\"og:title\" content=\"T\u00fcrkischer Tulum-K\u00e4se Y\u00f6rem \u2013 Erzincan Peynir 450g - hakmarfrance.online\" \/>\n<meta property=\"og:description\" content=\"Tulum-K\u00e4se Erzincan Y\u00f6rem 450g \u2013 Der authentische Geschmack der T\u00fcrkei, ein reichhaltiger und salziger K\u00e4se, um deine mediterranen Gerichte zu verfeinern.\" \/>\n<meta property=\"og:url\" content=\"https:\/\/hakmarfrance.online\/de\/produit\/tuerkischer-tulum-kaese-yoerem-erzincan-peynir-450g\/\" \/>\n<meta property=\"og:site_name\" content=\"hakmarfrance.online\" \/>\n<meta property=\"article:publisher\" content=\"https:\/\/www.facebook.com\/HakmarFranceSupermarche\/?locale=fr_FR\" \/>\n<meta property=\"og:image\" content=\"https:\/\/hakmarfrance.online\/wp-content\/uploads\/2025\/07\/fromage-turc-tulum-erzincan-yorem-450-1g.avif\" \/>\n\t<meta property=\"og:image:width\" content=\"1000\" \/>\n\t<meta property=\"og:image:height\" content=\"800\" \/>\n\t<meta property=\"og:image:type\" content=\"image\/png\" \/>\n<meta name=\"twitter:card\" content=\"summary_large_image\" \/>\n<script type=\"application\/ld+json\" class=\"yoast-schema-graph\">{\"@context\":\"https:\\\/\\\/schema.org\",\"@graph\":[{\"@type\":\"WebPage\",\"@id\":\"https:\\\/\\\/hakmarfrance.online\\\/de\\\/produit\\\/tuerkischer-tulum-kaese-yoerem-erzincan-peynir-450g\\\/\",\"url\":\"https:\\\/\\\/hakmarfrance.online\\\/de\\\/produit\\\/tuerkischer-tulum-kaese-yoerem-erzincan-peynir-450g\\\/\",\"name\":\"T\u00fcrkischer Tulum-K\u00e4se Y\u00f6rem \u2013 Erzincan Peynir 450g - hakmarfrance.online\",\"isPartOf\":{\"@id\":\"https:\\\/\\\/hakmarfrance.online\\\/de\\\/#website\"},\"primaryImageOfPage\":{\"@id\":\"https:\\\/\\\/hakmarfrance.online\\\/de\\\/produit\\\/tuerkischer-tulum-kaese-yoerem-erzincan-peynir-450g\\\/#primaryimage\"},\"image\":{\"@id\":\"https:\\\/\\\/hakmarfrance.online\\\/de\\\/produit\\\/tuerkischer-tulum-kaese-yoerem-erzincan-peynir-450g\\\/#primaryimage\"},\"thumbnailUrl\":\"https:\\\/\\\/hakmarfrance.online\\\/wp-content\\\/uploads\\\/2025\\\/07\\\/fromage-turc-tulum-erzincan-yorem-450-1g.avif\",\"datePublished\":\"2025-07-09T07:44:16+00:00\",\"breadcrumb\":{\"@id\":\"https:\\\/\\\/hakmarfrance.online\\\/de\\\/produit\\\/tuerkischer-tulum-kaese-yoerem-erzincan-peynir-450g\\\/#breadcrumb\"},\"inLanguage\":\"de\",\"potentialAction\":[{\"@type\":\"ReadAction\",\"target\":[\"https:\\\/\\\/hakmarfrance.online\\\/de\\\/produit\\\/tuerkischer-tulum-kaese-yoerem-erzincan-peynir-450g\\\/\"]}]},{\"@type\":\"ImageObject\",\"inLanguage\":\"de\",\"@id\":\"https:\\\/\\\/hakmarfrance.online\\\/de\\\/produit\\\/tuerkischer-tulum-kaese-yoerem-erzincan-peynir-450g\\\/#primaryimage\",\"url\":\"https:\\\/\\\/hakmarfrance.online\\\/wp-content\\\/uploads\\\/2025\\\/07\\\/fromage-turc-tulum-erzincan-yorem-450-1g.avif\",\"contentUrl\":\"https:\\\/\\\/hakmarfrance.online\\\/wp-content\\\/uploads\\\/2025\\\/07\\\/fromage-turc-tulum-erzincan-yorem-450-1g.avif\",\"width\":1000,\"height\":800,\"caption\":\"Traditioneller t\u00fcrkischer Tulum-K\u00e4se Y\u00f6rem \u2013 Authentischer Geschmack aus Erzincan\"},{\"@type\":\"BreadcrumbList\",\"@id\":\"https:\\\/\\\/hakmarfrance.online\\\/de\\\/produit\\\/tuerkischer-tulum-kaese-yoerem-erzincan-peynir-450g\\\/#breadcrumb\",\"itemListElement\":[{\"@type\":\"ListItem\",\"position\":1,\"name\":\"Accueil\",\"item\":\"https:\\\/\\\/hakmarfrance.online\\\/de\\\/\"},{\"@type\":\"ListItem\",\"position\":2,\"name\":\"Shop\",\"item\":\"https:\\\/\\\/hakmarfrance.online\\\/de\\\/shop\\\/\"},{\"@type\":\"ListItem\",\"position\":3,\"name\":\"T\u00fcrkischer Tulum-K\u00e4se Y\u00f6rem \u2013 Erzincan Peynir 450g\"}]},{\"@type\":\"WebSite\",\"@id\":\"https:\\\/\\\/hakmarfrance.online\\\/de\\\/#website\",\"url\":\"https:\\\/\\\/hakmarfrance.online\\\/de\\\/\",\"name\":\"hakmarfrance.online\",\"description\":\"\",\"publisher\":{\"@id\":\"https:\\\/\\\/hakmarfrance.online\\\/de\\\/#organization\"},\"potentialAction\":[{\"@type\":\"SearchAction\",\"target\":{\"@type\":\"EntryPoint\",\"urlTemplate\":\"https:\\\/\\\/hakmarfrance.online\\\/de\\\/?s={search_term_string}\"},\"query-input\":{\"@type\":\"PropertyValueSpecification\",\"valueRequired\":true,\"valueName\":\"search_term_string\"}}],\"inLanguage\":\"de\"},{\"@type\":\"Organization\",\"@id\":\"https:\\\/\\\/hakmarfrance.online\\\/de\\\/#organization\",\"name\":\"hakmarfrance.online\",\"url\":\"https:\\\/\\\/hakmarfrance.online\\\/de\\\/\",\"logo\":{\"@type\":\"ImageObject\",\"inLanguage\":\"de\",\"@id\":\"https:\\\/\\\/hakmarfrance.online\\\/de\\\/#\\\/schema\\\/logo\\\/image\\\/\",\"url\":\"https:\\\/\\\/hakmarfrance.online\\\/wp-content\\\/uploads\\\/2025\\\/06\\\/logo-hakmarfrance.png\",\"contentUrl\":\"https:\\\/\\\/hakmarfrance.online\\\/wp-content\\\/uploads\\\/2025\\\/06\\\/logo-hakmarfrance.png\",\"width\":528,\"height\":232,\"caption\":\"hakmarfrance.online\"},\"image\":{\"@id\":\"https:\\\/\\\/hakmarfrance.online\\\/de\\\/#\\\/schema\\\/logo\\\/image\\\/\"},\"sameAs\":[\"https:\\\/\\\/www.facebook.com\\\/HakmarFranceSupermarche\\\/?locale=fr_FR\",\"https:\\\/\\\/www.instagram.com\\\/hakmarfrancesupermarche\\\/\"]}]}<\/script>\n<!-- \/ Yoast SEO plugin. -->","yoast_head_json":{"title":"T\u00fcrkischer Tulum-K\u00e4se Y\u00f6rem \u2013 Erzincan Peynir 450g - hakmarfrance.online","robots":{"index":"index","follow":"follow","max-snippet":"max-snippet:-1","max-image-preview":"max-image-preview:large","max-video-preview":"max-video-preview:-1"},"canonical":"https:\/\/hakmarfrance.online\/de\/produit\/tuerkischer-tulum-kaese-yoerem-erzincan-peynir-450g\/","og_locale":"de_DE","og_type":"article","og_title":"T\u00fcrkischer Tulum-K\u00e4se Y\u00f6rem \u2013 Erzincan Peynir 450g - hakmarfrance.online","og_description":"Tulum-K\u00e4se Erzincan Y\u00f6rem 450g \u2013 Der authentische Geschmack der T\u00fcrkei, ein reichhaltiger und salziger K\u00e4se, um deine mediterranen Gerichte zu verfeinern.","og_url":"https:\/\/hakmarfrance.online\/de\/produit\/tuerkischer-tulum-kaese-yoerem-erzincan-peynir-450g\/","og_site_name":"hakmarfrance.online","article_publisher":"https:\/\/www.facebook.com\/HakmarFranceSupermarche\/?locale=fr_FR","og_image":[{"width":1000,"height":800,"url":"https:\/\/hakmarfrance.online\/wp-content\/uploads\/2025\/07\/fromage-turc-tulum-erzincan-yorem-450-1g.avif","type":"image\/png"}],"twitter_card":"summary_large_image","schema":{"@context":"https:\/\/schema.org","@graph":[{"@type":"WebPage","@id":"https:\/\/hakmarfrance.online\/de\/produit\/tuerkischer-tulum-kaese-yoerem-erzincan-peynir-450g\/","url":"https:\/\/hakmarfrance.online\/de\/produit\/tuerkischer-tulum-kaese-yoerem-erzincan-peynir-450g\/","name":"T\u00fcrkischer Tulum-K\u00e4se Y\u00f6rem \u2013 Erzincan Peynir 450g - hakmarfrance.online","isPartOf":{"@id":"https:\/\/hakmarfrance.online\/de\/#website"},"primaryImageOfPage":{"@id":"https:\/\/hakmarfrance.online\/de\/produit\/tuerkischer-tulum-kaese-yoerem-erzincan-peynir-450g\/#primaryimage"},"image":{"@id":"https:\/\/hakmarfrance.online\/de\/produit\/tuerkischer-tulum-kaese-yoerem-erzincan-peynir-450g\/#primaryimage"},"thumbnailUrl":"https:\/\/hakmarfrance.online\/wp-content\/uploads\/2025\/07\/fromage-turc-tulum-erzincan-yorem-450-1g.avif","datePublished":"2025-07-09T07:44:16+00:00","breadcrumb":{"@id":"https:\/\/hakmarfrance.online\/de\/produit\/tuerkischer-tulum-kaese-yoerem-erzincan-peynir-450g\/#breadcrumb"},"inLanguage":"de","potentialAction":[{"@type":"ReadAction","target":["https:\/\/hakmarfrance.online\/de\/produit\/tuerkischer-tulum-kaese-yoerem-erzincan-peynir-450g\/"]}]},{"@type":"ImageObject","inLanguage":"de","@id":"https:\/\/hakmarfrance.online\/de\/produit\/tuerkischer-tulum-kaese-yoerem-erzincan-peynir-450g\/#primaryimage","url":"https:\/\/hakmarfrance.online\/wp-content\/uploads\/2025\/07\/fromage-turc-tulum-erzincan-yorem-450-1g.avif","contentUrl":"https:\/\/hakmarfrance.online\/wp-content\/uploads\/2025\/07\/fromage-turc-tulum-erzincan-yorem-450-1g.avif","width":1000,"height":800,"caption":"Traditioneller t\u00fcrkischer Tulum-K\u00e4se Y\u00f6rem \u2013 Authentischer Geschmack aus Erzincan"},{"@type":"BreadcrumbList","@id":"https:\/\/hakmarfrance.online\/de\/produit\/tuerkischer-tulum-kaese-yoerem-erzincan-peynir-450g\/#breadcrumb","itemListElement":[{"@type":"ListItem","position":1,"name":"Accueil","item":"https:\/\/hakmarfrance.online\/de\/"},{"@type":"ListItem","position":2,"name":"Shop","item":"https:\/\/hakmarfrance.online\/de\/shop\/"},{"@type":"ListItem","position":3,"name":"T\u00fcrkischer Tulum-K\u00e4se Y\u00f6rem \u2013 Erzincan Peynir 450g"}]},{"@type":"WebSite","@id":"https:\/\/hakmarfrance.online\/de\/#website","url":"https:\/\/hakmarfrance.online\/de\/","name":"hakmarfrance.online","description":"","publisher":{"@id":"https:\/\/hakmarfrance.online\/de\/#organization"},"potentialAction":[{"@type":"SearchAction","target":{"@type":"EntryPoint","urlTemplate":"https:\/\/hakmarfrance.online\/de\/?s={search_term_string}"},"query-input":{"@type":"PropertyValueSpecification","valueRequired":true,"valueName":"search_term_string"}}],"inLanguage":"de"},{"@type":"Organization","@id":"https:\/\/hakmarfrance.online\/de\/#organization","name":"hakmarfrance.online","url":"https:\/\/hakmarfrance.online\/de\/","logo":{"@type":"ImageObject","inLanguage":"de","@id":"https:\/\/hakmarfrance.online\/de\/#\/schema\/logo\/image\/","url":"https:\/\/hakmarfrance.online\/wp-content\/uploads\/2025\/06\/logo-hakmarfrance.png","contentUrl":"https:\/\/hakmarfrance.online\/wp-content\/uploads\/2025\/06\/logo-hakmarfrance.png","width":528,"height":232,"caption":"hakmarfrance.online"},"image":{"@id":"https:\/\/hakmarfrance.online\/de\/#\/schema\/logo\/image\/"},"sameAs":["https:\/\/www.facebook.com\/HakmarFranceSupermarche\/?locale=fr_FR","https:\/\/www.instagram.com\/hakmarfrancesupermarche\/"]}]}},"_links":{"self":[{"href":"https:\/\/hakmarfrance.online\/de\/wp-json\/wp\/v2\/product\/17607","targetHints":{"allow":["GET"]}}],"collection":[{"href":"https:\/\/hakmarfrance.online\/de\/wp-json\/wp\/v2\/product"}],"about":[{"href":"https:\/\/hakmarfrance.online\/de\/wp-json\/wp\/v2\/types\/product"}],"replies":[{"embeddable":true,"href":"https:\/\/hakmarfrance.online\/de\/wp-json\/wp\/v2\/comments?post=17607"}],"version-history":[{"count":0,"href":"https:\/\/hakmarfrance.online\/de\/wp-json\/wp\/v2\/product\/17607\/revisions"}],"wp:featuredmedia":[{"embeddable":true,"href":"https:\/\/hakmarfrance.online\/de\/wp-json\/wp\/v2\/media\/17608"}],"wp:attachment":[{"href":"https:\/\/hakmarfrance.online\/de\/wp-json\/wp\/v2\/media?parent=17607"}],"wp:term":[{"taxonomy":"product_brand","embeddable":true,"href":"https:\/\/hakmarfrance.online\/de\/wp-json\/wp\/v2\/product_brand?post=17607"},{"taxonomy":"product_cat","embeddable":true,"href":"https:\/\/hakmarfrance.online\/de\/wp-json\/wp\/v2\/product_cat?post=17607"},{"taxonomy":"product_tag","embeddable":true,"href":"https:\/\/hakmarfrance.online\/de\/wp-json\/wp\/v2\/product_tag?post=17607"}],"curies":[{"name":"wp","href":"https:\/\/api.w.org\/{rel}","templated":true}]}}