{"id":17615,"date":"2025-07-09T07:48:59","date_gmt":"2025-07-09T07:48:59","guid":{"rendered":"https:\/\/hakmarfrance.online\/produit\/marmarabirlik-gold-schwarze-oliven-800g-premium-qualitaet\/"},"modified":"2025-07-09T07:48:59","modified_gmt":"2025-07-09T07:48:59","slug":"marmarabirlik-gold-schwarze-oliven-800g-premium-qualitaet","status":"publish","type":"product","link":"https:\/\/hakmarfrance.online\/de\/produit\/marmarabirlik-gold-schwarze-oliven-800g-premium-qualitaet\/","title":{"rendered":"Marmarabirlik Gold Schwarze Oliven \u2013 800g \u2013 Premium-Qualit\u00e4t"},"content":{"rendered":"<p data-start=\"268\" data-end=\"646\">Genie\u00dfe den Reichtum der <strong data-start=\"352\" data-end=\"388\">Marmarabirlik Gold Schwarze Oliven<\/strong>, nat\u00fcrlich in Salzlake fermentiert. Diese in der T\u00fcrkei angebauten Oliven bieten einen authentischen, milden und salzarmen Geschmack (2,5 %), ideal f\u00fcr dein mediterranes Fr\u00fchst\u00fcck, Salate oder Vorspeisen. Die perfekte Wahl f\u00fcr eine gesunde und leckere Ern\u00e4hrung.  <\/p>\n<p data-start=\"648\" data-end=\"684\">\u2705 <strong data-start=\"650\" data-end=\"682\">Hauptmerkmale<\/strong>:<\/p>\n<ul data-start=\"686\" data-end=\"906\">\n<li data-start=\"686\" data-end=\"730\">\n<p data-start=\"688\" data-end=\"730\">Nat\u00fcrliche schwarze Oliven in Gold-Qualit\u00e4t<\/p>\n<\/li>\n<li data-start=\"731\" data-end=\"763\">\n<p data-start=\"733\" data-end=\"763\">Niedriger Salzgehalt (2,5 %)<\/p>\n<\/li>\n<li data-start=\"764\" data-end=\"806\">\n<p data-start=\"766\" data-end=\"806\">Kalibergr\u00f6\u00dfe: 201\u2013230 Oliven\/kg<\/p>\n<\/li>\n<li data-start=\"807\" data-end=\"841\">\n<p data-start=\"809\" data-end=\"841\">Ohne Konservierungsstoffe und Zusatzstoffe<\/p>\n<\/li>\n<li data-start=\"842\" data-end=\"886\">\n<p data-start=\"844\" data-end=\"886\">Herkunft: T\u00fcrkei \u2013 Marke Marmarabirlik<\/p>\n<\/li>\n<li data-start=\"887\" data-end=\"906\">\n<p data-start=\"889\" data-end=\"906\">Nettogewicht: 800 g<\/p>\n<\/li>\n<\/ul>\n","protected":false},"excerpt":{"rendered":"<p><strong data-start=\"1399\" data-end=\"1433\">Marmarabirlik Gold Oliven 800g<\/strong> \u2013 Nat\u00fcrliche t\u00fcrkische schwarze Oliven mit zartem und salzarmem Geschmack, perfekt f\u00fcr eine gesunde Ern\u00e4hrung.<\/p>\n","protected":false},"featured_media":17616,"comment_status":"open","ping_status":"closed","template":"","meta":{"iawp_total_views":0},"product_brand":[],"product_cat":[226,268,270,269,230],"product_tag":[],"class_list":{"0":"post-17615","1":"product","2":"type-product","3":"status-publish","4":"has-post-thumbnail","6":"product_cat-alle-unsere-produkte","7":"product_cat-herzhafte-lebensmittel","8":"product_cat-konserven-glaeser","9":"product_cat-orientalische-lebensmittel","10":"product_cat-traditionelle-turkische-produkte","12":"first","13":"instock","14":"shipping-taxable","15":"purchasable","16":"product-type-simple"},"yoast_head":"<!-- This site is optimized with the Yoast SEO plugin v27.3 - https:\/\/yoast.com\/product\/yoast-seo-wordpress\/ -->\n<title>Marmarabirlik Gold Schwarze Oliven \u2013 800g \u2013 Premium-Qualit\u00e4t - hakmarfrance.online<\/title>\n<meta name=\"robots\" content=\"index, follow, max-snippet:-1, max-image-preview:large, max-video-preview:-1\" \/>\n<link rel=\"canonical\" href=\"https:\/\/hakmarfrance.online\/de\/produit\/marmarabirlik-gold-schwarze-oliven-800g-premium-qualitaet\/\" \/>\n<meta property=\"og:locale\" content=\"de_DE\" \/>\n<meta property=\"og:type\" content=\"article\" \/>\n<meta property=\"og:title\" content=\"Marmarabirlik Gold Schwarze Oliven \u2013 800g \u2013 Premium-Qualit\u00e4t - hakmarfrance.online\" \/>\n<meta property=\"og:description\" content=\"Marmarabirlik Gold Oliven 800g \u2013 Nat\u00fcrliche t\u00fcrkische schwarze Oliven mit zartem und salzarmem Geschmack, perfekt f\u00fcr eine gesunde Ern\u00e4hrung.\" \/>\n<meta property=\"og:url\" content=\"https:\/\/hakmarfrance.online\/de\/produit\/marmarabirlik-gold-schwarze-oliven-800g-premium-qualitaet\/\" \/>\n<meta property=\"og:site_name\" content=\"hakmarfrance.online\" \/>\n<meta property=\"article:publisher\" content=\"https:\/\/www.facebook.com\/HakmarFranceSupermarche\/?locale=fr_FR\" \/>\n<meta property=\"og:image\" content=\"https:\/\/hakmarfrance.online\/wp-content\/uploads\/2025\/07\/olives-noires-marmarabirlik-gold-800g.avif\" \/>\n\t<meta property=\"og:image:width\" content=\"1000\" \/>\n\t<meta property=\"og:image:height\" content=\"800\" \/>\n\t<meta property=\"og:image:type\" content=\"image\/png\" \/>\n<meta name=\"twitter:card\" content=\"summary_large_image\" \/>\n<script type=\"application\/ld+json\" class=\"yoast-schema-graph\">{\"@context\":\"https:\\\/\\\/schema.org\",\"@graph\":[{\"@type\":\"WebPage\",\"@id\":\"https:\\\/\\\/hakmarfrance.online\\\/de\\\/produit\\\/marmarabirlik-gold-schwarze-oliven-800g-premium-qualitaet\\\/\",\"url\":\"https:\\\/\\\/hakmarfrance.online\\\/de\\\/produit\\\/marmarabirlik-gold-schwarze-oliven-800g-premium-qualitaet\\\/\",\"name\":\"Marmarabirlik Gold Schwarze Oliven \u2013 800g \u2013 Premium-Qualit\u00e4t - hakmarfrance.online\",\"isPartOf\":{\"@id\":\"https:\\\/\\\/hakmarfrance.online\\\/de\\\/#website\"},\"primaryImageOfPage\":{\"@id\":\"https:\\\/\\\/hakmarfrance.online\\\/de\\\/produit\\\/marmarabirlik-gold-schwarze-oliven-800g-premium-qualitaet\\\/#primaryimage\"},\"image\":{\"@id\":\"https:\\\/\\\/hakmarfrance.online\\\/de\\\/produit\\\/marmarabirlik-gold-schwarze-oliven-800g-premium-qualitaet\\\/#primaryimage\"},\"thumbnailUrl\":\"https:\\\/\\\/hakmarfrance.online\\\/wp-content\\\/uploads\\\/2025\\\/07\\\/olives-noires-marmarabirlik-gold-800g.avif\",\"datePublished\":\"2025-07-09T07:48:59+00:00\",\"breadcrumb\":{\"@id\":\"https:\\\/\\\/hakmarfrance.online\\\/de\\\/produit\\\/marmarabirlik-gold-schwarze-oliven-800g-premium-qualitaet\\\/#breadcrumb\"},\"inLanguage\":\"de\",\"potentialAction\":[{\"@type\":\"ReadAction\",\"target\":[\"https:\\\/\\\/hakmarfrance.online\\\/de\\\/produit\\\/marmarabirlik-gold-schwarze-oliven-800g-premium-qualitaet\\\/\"]}]},{\"@type\":\"ImageObject\",\"inLanguage\":\"de\",\"@id\":\"https:\\\/\\\/hakmarfrance.online\\\/de\\\/produit\\\/marmarabirlik-gold-schwarze-oliven-800g-premium-qualitaet\\\/#primaryimage\",\"url\":\"https:\\\/\\\/hakmarfrance.online\\\/wp-content\\\/uploads\\\/2025\\\/07\\\/olives-noires-marmarabirlik-gold-800g.avif\",\"contentUrl\":\"https:\\\/\\\/hakmarfrance.online\\\/wp-content\\\/uploads\\\/2025\\\/07\\\/olives-noires-marmarabirlik-gold-800g.avif\",\"width\":1000,\"height\":800,\"caption\":\"Nat\u00fcrliche schwarze Oliven Marmarabirlik \u2013 milder und authentischer Geschmack\"},{\"@type\":\"BreadcrumbList\",\"@id\":\"https:\\\/\\\/hakmarfrance.online\\\/de\\\/produit\\\/marmarabirlik-gold-schwarze-oliven-800g-premium-qualitaet\\\/#breadcrumb\",\"itemListElement\":[{\"@type\":\"ListItem\",\"position\":1,\"name\":\"Accueil\",\"item\":\"https:\\\/\\\/hakmarfrance.online\\\/de\\\/\"},{\"@type\":\"ListItem\",\"position\":2,\"name\":\"Shop\",\"item\":\"https:\\\/\\\/hakmarfrance.online\\\/de\\\/shop\\\/\"},{\"@type\":\"ListItem\",\"position\":3,\"name\":\"Marmarabirlik Gold Schwarze Oliven \u2013 800g \u2013 Premium-Qualit\u00e4t\"}]},{\"@type\":\"WebSite\",\"@id\":\"https:\\\/\\\/hakmarfrance.online\\\/de\\\/#website\",\"url\":\"https:\\\/\\\/hakmarfrance.online\\\/de\\\/\",\"name\":\"hakmarfrance.online\",\"description\":\"\",\"publisher\":{\"@id\":\"https:\\\/\\\/hakmarfrance.online\\\/de\\\/#organization\"},\"potentialAction\":[{\"@type\":\"SearchAction\",\"target\":{\"@type\":\"EntryPoint\",\"urlTemplate\":\"https:\\\/\\\/hakmarfrance.online\\\/de\\\/?s={search_term_string}\"},\"query-input\":{\"@type\":\"PropertyValueSpecification\",\"valueRequired\":true,\"valueName\":\"search_term_string\"}}],\"inLanguage\":\"de\"},{\"@type\":\"Organization\",\"@id\":\"https:\\\/\\\/hakmarfrance.online\\\/de\\\/#organization\",\"name\":\"hakmarfrance.online\",\"url\":\"https:\\\/\\\/hakmarfrance.online\\\/de\\\/\",\"logo\":{\"@type\":\"ImageObject\",\"inLanguage\":\"de\",\"@id\":\"https:\\\/\\\/hakmarfrance.online\\\/de\\\/#\\\/schema\\\/logo\\\/image\\\/\",\"url\":\"https:\\\/\\\/hakmarfrance.online\\\/wp-content\\\/uploads\\\/2025\\\/06\\\/logo-hakmarfrance.png\",\"contentUrl\":\"https:\\\/\\\/hakmarfrance.online\\\/wp-content\\\/uploads\\\/2025\\\/06\\\/logo-hakmarfrance.png\",\"width\":528,\"height\":232,\"caption\":\"hakmarfrance.online\"},\"image\":{\"@id\":\"https:\\\/\\\/hakmarfrance.online\\\/de\\\/#\\\/schema\\\/logo\\\/image\\\/\"},\"sameAs\":[\"https:\\\/\\\/www.facebook.com\\\/HakmarFranceSupermarche\\\/?locale=fr_FR\",\"https:\\\/\\\/www.instagram.com\\\/hakmarfrancesupermarche\\\/\"]}]}<\/script>\n<!-- \/ Yoast SEO plugin. -->","yoast_head_json":{"title":"Marmarabirlik Gold Schwarze Oliven \u2013 800g \u2013 Premium-Qualit\u00e4t - hakmarfrance.online","robots":{"index":"index","follow":"follow","max-snippet":"max-snippet:-1","max-image-preview":"max-image-preview:large","max-video-preview":"max-video-preview:-1"},"canonical":"https:\/\/hakmarfrance.online\/de\/produit\/marmarabirlik-gold-schwarze-oliven-800g-premium-qualitaet\/","og_locale":"de_DE","og_type":"article","og_title":"Marmarabirlik Gold Schwarze Oliven \u2013 800g \u2013 Premium-Qualit\u00e4t - hakmarfrance.online","og_description":"Marmarabirlik Gold Oliven 800g \u2013 Nat\u00fcrliche t\u00fcrkische schwarze Oliven mit zartem und salzarmem Geschmack, perfekt f\u00fcr eine gesunde Ern\u00e4hrung.","og_url":"https:\/\/hakmarfrance.online\/de\/produit\/marmarabirlik-gold-schwarze-oliven-800g-premium-qualitaet\/","og_site_name":"hakmarfrance.online","article_publisher":"https:\/\/www.facebook.com\/HakmarFranceSupermarche\/?locale=fr_FR","og_image":[{"width":1000,"height":800,"url":"https:\/\/hakmarfrance.online\/wp-content\/uploads\/2025\/07\/olives-noires-marmarabirlik-gold-800g.avif","type":"image\/png"}],"twitter_card":"summary_large_image","schema":{"@context":"https:\/\/schema.org","@graph":[{"@type":"WebPage","@id":"https:\/\/hakmarfrance.online\/de\/produit\/marmarabirlik-gold-schwarze-oliven-800g-premium-qualitaet\/","url":"https:\/\/hakmarfrance.online\/de\/produit\/marmarabirlik-gold-schwarze-oliven-800g-premium-qualitaet\/","name":"Marmarabirlik Gold Schwarze Oliven \u2013 800g \u2013 Premium-Qualit\u00e4t - hakmarfrance.online","isPartOf":{"@id":"https:\/\/hakmarfrance.online\/de\/#website"},"primaryImageOfPage":{"@id":"https:\/\/hakmarfrance.online\/de\/produit\/marmarabirlik-gold-schwarze-oliven-800g-premium-qualitaet\/#primaryimage"},"image":{"@id":"https:\/\/hakmarfrance.online\/de\/produit\/marmarabirlik-gold-schwarze-oliven-800g-premium-qualitaet\/#primaryimage"},"thumbnailUrl":"https:\/\/hakmarfrance.online\/wp-content\/uploads\/2025\/07\/olives-noires-marmarabirlik-gold-800g.avif","datePublished":"2025-07-09T07:48:59+00:00","breadcrumb":{"@id":"https:\/\/hakmarfrance.online\/de\/produit\/marmarabirlik-gold-schwarze-oliven-800g-premium-qualitaet\/#breadcrumb"},"inLanguage":"de","potentialAction":[{"@type":"ReadAction","target":["https:\/\/hakmarfrance.online\/de\/produit\/marmarabirlik-gold-schwarze-oliven-800g-premium-qualitaet\/"]}]},{"@type":"ImageObject","inLanguage":"de","@id":"https:\/\/hakmarfrance.online\/de\/produit\/marmarabirlik-gold-schwarze-oliven-800g-premium-qualitaet\/#primaryimage","url":"https:\/\/hakmarfrance.online\/wp-content\/uploads\/2025\/07\/olives-noires-marmarabirlik-gold-800g.avif","contentUrl":"https:\/\/hakmarfrance.online\/wp-content\/uploads\/2025\/07\/olives-noires-marmarabirlik-gold-800g.avif","width":1000,"height":800,"caption":"Nat\u00fcrliche schwarze Oliven Marmarabirlik \u2013 milder und authentischer Geschmack"},{"@type":"BreadcrumbList","@id":"https:\/\/hakmarfrance.online\/de\/produit\/marmarabirlik-gold-schwarze-oliven-800g-premium-qualitaet\/#breadcrumb","itemListElement":[{"@type":"ListItem","position":1,"name":"Accueil","item":"https:\/\/hakmarfrance.online\/de\/"},{"@type":"ListItem","position":2,"name":"Shop","item":"https:\/\/hakmarfrance.online\/de\/shop\/"},{"@type":"ListItem","position":3,"name":"Marmarabirlik Gold Schwarze Oliven \u2013 800g \u2013 Premium-Qualit\u00e4t"}]},{"@type":"WebSite","@id":"https:\/\/hakmarfrance.online\/de\/#website","url":"https:\/\/hakmarfrance.online\/de\/","name":"hakmarfrance.online","description":"","publisher":{"@id":"https:\/\/hakmarfrance.online\/de\/#organization"},"potentialAction":[{"@type":"SearchAction","target":{"@type":"EntryPoint","urlTemplate":"https:\/\/hakmarfrance.online\/de\/?s={search_term_string}"},"query-input":{"@type":"PropertyValueSpecification","valueRequired":true,"valueName":"search_term_string"}}],"inLanguage":"de"},{"@type":"Organization","@id":"https:\/\/hakmarfrance.online\/de\/#organization","name":"hakmarfrance.online","url":"https:\/\/hakmarfrance.online\/de\/","logo":{"@type":"ImageObject","inLanguage":"de","@id":"https:\/\/hakmarfrance.online\/de\/#\/schema\/logo\/image\/","url":"https:\/\/hakmarfrance.online\/wp-content\/uploads\/2025\/06\/logo-hakmarfrance.png","contentUrl":"https:\/\/hakmarfrance.online\/wp-content\/uploads\/2025\/06\/logo-hakmarfrance.png","width":528,"height":232,"caption":"hakmarfrance.online"},"image":{"@id":"https:\/\/hakmarfrance.online\/de\/#\/schema\/logo\/image\/"},"sameAs":["https:\/\/www.facebook.com\/HakmarFranceSupermarche\/?locale=fr_FR","https:\/\/www.instagram.com\/hakmarfrancesupermarche\/"]}]}},"_links":{"self":[{"href":"https:\/\/hakmarfrance.online\/de\/wp-json\/wp\/v2\/product\/17615","targetHints":{"allow":["GET"]}}],"collection":[{"href":"https:\/\/hakmarfrance.online\/de\/wp-json\/wp\/v2\/product"}],"about":[{"href":"https:\/\/hakmarfrance.online\/de\/wp-json\/wp\/v2\/types\/product"}],"replies":[{"embeddable":true,"href":"https:\/\/hakmarfrance.online\/de\/wp-json\/wp\/v2\/comments?post=17615"}],"version-history":[{"count":0,"href":"https:\/\/hakmarfrance.online\/de\/wp-json\/wp\/v2\/product\/17615\/revisions"}],"wp:featuredmedia":[{"embeddable":true,"href":"https:\/\/hakmarfrance.online\/de\/wp-json\/wp\/v2\/media\/17616"}],"wp:attachment":[{"href":"https:\/\/hakmarfrance.online\/de\/wp-json\/wp\/v2\/media?parent=17615"}],"wp:term":[{"taxonomy":"product_brand","embeddable":true,"href":"https:\/\/hakmarfrance.online\/de\/wp-json\/wp\/v2\/product_brand?post=17615"},{"taxonomy":"product_cat","embeddable":true,"href":"https:\/\/hakmarfrance.online\/de\/wp-json\/wp\/v2\/product_cat?post=17615"},{"taxonomy":"product_tag","embeddable":true,"href":"https:\/\/hakmarfrance.online\/de\/wp-json\/wp\/v2\/product_tag?post=17615"}],"curies":[{"name":"wp","href":"https:\/\/api.w.org\/{rel}","templated":true}]}}