{"id":17623,"date":"2025-07-09T07:06:16","date_gmt":"2025-07-09T07:06:16","guid":{"rendered":"https:\/\/hakmarfrance.online\/produit\/freez-mix-apfel-traube-erfrischungsgetraenk-275ml\/"},"modified":"2025-07-09T07:06:16","modified_gmt":"2025-07-09T07:06:16","slug":"freez-mix-apfel-traube-erfrischungsgetraenk-275ml","status":"publish","type":"product","link":"https:\/\/hakmarfrance.online\/de\/produit\/freez-mix-apfel-traube-erfrischungsgetraenk-275ml\/","title":{"rendered":"Freez Mix Apfel &amp; Traube \u2013 Erfrischungsgetr\u00e4nk \u2013 275ml"},"content":{"rendered":"","protected":false},"excerpt":{"rendered":"<p data-start=\"339\" data-end=\"515\">Genie\u00dfe den fruchtigen und erfrischenden Geschmack von <strong data-start=\"388\" data-end=\"416\">Freez Mix Apfel &amp; Traube<\/strong>, einem <strong data-start=\"422\" data-end=\"453\">alkoholfreien Erfrischungsgetr\u00e4nk<\/strong>, nat\u00fcrlich gef\u00e4rbt und ideal f\u00fcr jede Tageszeit.<\/p>\n<p data-start=\"517\" data-end=\"733\">\u2714\ufe0f Intensiver Apfel- und Traubengeschmack<br data-start=\"555\" data-end=\"558\">\u2714\ufe0f Alkoholfrei \u2013 perfekt f\u00fcr jedes Alter<br data-start=\"601\" data-end=\"604\">\u2714\ufe0f Nat\u00fcrliche Aromen und nat\u00fcrliche F\u00e4rbung<br data-start=\"646\" data-end=\"649\">\u2714\ufe0f 275 ml Glasflasche<br data-start=\"680\" data-end=\"683\">\u2714\ufe0f Sehr kalt servieren f\u00fcr ein optimales Geschmackserlebnis<\/p>\n<p data-start=\"735\" data-end=\"814\">Ein cooles Design, ein originelles Getr\u00e4nk und ein echter prickelnder Genuss zum Teilen!<\/p>\n","protected":false},"featured_media":17624,"comment_status":"open","ping_status":"closed","template":"","meta":{"iawp_total_views":0},"product_brand":[200],"product_cat":[226,232,231],"product_tag":[],"class_list":{"0":"post-17623","1":"product","2":"type-product","3":"status-publish","4":"has-post-thumbnail","6":"product_brand-freez","7":"product_cat-alle-unsere-produkte","8":"product_cat-erfrischungsgetrank","9":"product_cat-getranke","11":"first","12":"instock","13":"shipping-taxable","14":"purchasable","15":"product-type-simple"},"yoast_head":"<!-- This site is optimized with the Yoast SEO plugin v27.3 - https:\/\/yoast.com\/product\/yoast-seo-wordpress\/ -->\n<title>Freez Mix Apfel &amp; Traube \u2013 Erfrischungsgetr\u00e4nk \u2013 275ml - hakmarfrance.online<\/title>\n<meta name=\"robots\" content=\"index, follow, max-snippet:-1, max-image-preview:large, max-video-preview:-1\" \/>\n<link rel=\"canonical\" href=\"https:\/\/hakmarfrance.online\/de\/produit\/freez-mix-apfel-traube-erfrischungsgetraenk-275ml\/\" \/>\n<meta property=\"og:locale\" content=\"de_DE\" \/>\n<meta property=\"og:type\" content=\"article\" \/>\n<meta property=\"og:title\" content=\"Freez Mix Apfel &amp; Traube \u2013 Erfrischungsgetr\u00e4nk \u2013 275ml - hakmarfrance.online\" \/>\n<meta property=\"og:description\" content=\"Genie\u00dfe den fruchtigen und erfrischenden Geschmack von Freez Mix Apfel &amp; Traube, einem alkoholfreien Erfrischungsgetr\u00e4nk, nat\u00fcrlich gef\u00e4rbt und ideal f\u00fcr jede Tageszeit. \u2714\ufe0f Intensiver Apfel- und Traubengeschmack\u2714\ufe0f Alkoholfrei \u2013 perfekt f\u00fcr jedes Alter\u2714\ufe0f Nat\u00fcrliche Aromen und nat\u00fcrliche F\u00e4rbung\u2714\ufe0f 275 ml Glasflasche\u2714\ufe0f Sehr kalt servieren f\u00fcr ein optimales Geschmackserlebnis Ein cooles Design, ein originelles Getr\u00e4nk und ein echter prickelnder Genuss zum Teilen!\" \/>\n<meta property=\"og:url\" content=\"https:\/\/hakmarfrance.online\/de\/produit\/freez-mix-apfel-traube-erfrischungsgetraenk-275ml\/\" \/>\n<meta property=\"og:site_name\" content=\"hakmarfrance.online\" \/>\n<meta property=\"article:publisher\" content=\"https:\/\/www.facebook.com\/HakmarFranceSupermarche\/?locale=fr_FR\" \/>\n<meta property=\"og:image\" content=\"https:\/\/hakmarfrance.online\/wp-content\/uploads\/2025\/07\/freez-mix-pomme-raisin-boisson-gazeuse-275ml.avif\" \/>\n\t<meta property=\"og:image:width\" content=\"1000\" \/>\n\t<meta property=\"og:image:height\" content=\"800\" \/>\n\t<meta property=\"og:image:type\" content=\"image\/png\" \/>\n<meta name=\"twitter:card\" content=\"summary_large_image\" \/>\n<script type=\"application\/ld+json\" class=\"yoast-schema-graph\">{\"@context\":\"https:\\\/\\\/schema.org\",\"@graph\":[{\"@type\":\"WebPage\",\"@id\":\"https:\\\/\\\/hakmarfrance.online\\\/de\\\/produit\\\/freez-mix-apfel-traube-erfrischungsgetraenk-275ml\\\/\",\"url\":\"https:\\\/\\\/hakmarfrance.online\\\/de\\\/produit\\\/freez-mix-apfel-traube-erfrischungsgetraenk-275ml\\\/\",\"name\":\"Freez Mix Apfel &amp; Traube \u2013 Erfrischungsgetr\u00e4nk \u2013 275ml - hakmarfrance.online\",\"isPartOf\":{\"@id\":\"https:\\\/\\\/hakmarfrance.online\\\/de\\\/#website\"},\"primaryImageOfPage\":{\"@id\":\"https:\\\/\\\/hakmarfrance.online\\\/de\\\/produit\\\/freez-mix-apfel-traube-erfrischungsgetraenk-275ml\\\/#primaryimage\"},\"image\":{\"@id\":\"https:\\\/\\\/hakmarfrance.online\\\/de\\\/produit\\\/freez-mix-apfel-traube-erfrischungsgetraenk-275ml\\\/#primaryimage\"},\"thumbnailUrl\":\"https:\\\/\\\/hakmarfrance.online\\\/wp-content\\\/uploads\\\/2025\\\/07\\\/freez-mix-pomme-raisin-boisson-gazeuse-275ml.avif\",\"datePublished\":\"2025-07-09T07:06:16+00:00\",\"breadcrumb\":{\"@id\":\"https:\\\/\\\/hakmarfrance.online\\\/de\\\/produit\\\/freez-mix-apfel-traube-erfrischungsgetraenk-275ml\\\/#breadcrumb\"},\"inLanguage\":\"de\",\"potentialAction\":[{\"@type\":\"ReadAction\",\"target\":[\"https:\\\/\\\/hakmarfrance.online\\\/de\\\/produit\\\/freez-mix-apfel-traube-erfrischungsgetraenk-275ml\\\/\"]}]},{\"@type\":\"ImageObject\",\"inLanguage\":\"de\",\"@id\":\"https:\\\/\\\/hakmarfrance.online\\\/de\\\/produit\\\/freez-mix-apfel-traube-erfrischungsgetraenk-275ml\\\/#primaryimage\",\"url\":\"https:\\\/\\\/hakmarfrance.online\\\/wp-content\\\/uploads\\\/2025\\\/07\\\/freez-mix-pomme-raisin-boisson-gazeuse-275ml.avif\",\"contentUrl\":\"https:\\\/\\\/hakmarfrance.online\\\/wp-content\\\/uploads\\\/2025\\\/07\\\/freez-mix-pomme-raisin-boisson-gazeuse-275ml.avif\",\"width\":1000,\"height\":800,\"caption\":\"Freez Mix Apfel &amp; Traube \u2013 275 ml, fruchtiges alkoholfreies Erfrischungsgetr\u00e4nk\"},{\"@type\":\"BreadcrumbList\",\"@id\":\"https:\\\/\\\/hakmarfrance.online\\\/de\\\/produit\\\/freez-mix-apfel-traube-erfrischungsgetraenk-275ml\\\/#breadcrumb\",\"itemListElement\":[{\"@type\":\"ListItem\",\"position\":1,\"name\":\"Accueil\",\"item\":\"https:\\\/\\\/hakmarfrance.online\\\/de\\\/\"},{\"@type\":\"ListItem\",\"position\":2,\"name\":\"Shop\",\"item\":\"https:\\\/\\\/hakmarfrance.online\\\/de\\\/shop\\\/\"},{\"@type\":\"ListItem\",\"position\":3,\"name\":\"Freez Mix Apfel &amp; Traube \u2013 Erfrischungsgetr\u00e4nk \u2013 275ml\"}]},{\"@type\":\"WebSite\",\"@id\":\"https:\\\/\\\/hakmarfrance.online\\\/de\\\/#website\",\"url\":\"https:\\\/\\\/hakmarfrance.online\\\/de\\\/\",\"name\":\"hakmarfrance.online\",\"description\":\"\",\"publisher\":{\"@id\":\"https:\\\/\\\/hakmarfrance.online\\\/de\\\/#organization\"},\"potentialAction\":[{\"@type\":\"SearchAction\",\"target\":{\"@type\":\"EntryPoint\",\"urlTemplate\":\"https:\\\/\\\/hakmarfrance.online\\\/de\\\/?s={search_term_string}\"},\"query-input\":{\"@type\":\"PropertyValueSpecification\",\"valueRequired\":true,\"valueName\":\"search_term_string\"}}],\"inLanguage\":\"de\"},{\"@type\":\"Organization\",\"@id\":\"https:\\\/\\\/hakmarfrance.online\\\/de\\\/#organization\",\"name\":\"hakmarfrance.online\",\"url\":\"https:\\\/\\\/hakmarfrance.online\\\/de\\\/\",\"logo\":{\"@type\":\"ImageObject\",\"inLanguage\":\"de\",\"@id\":\"https:\\\/\\\/hakmarfrance.online\\\/de\\\/#\\\/schema\\\/logo\\\/image\\\/\",\"url\":\"https:\\\/\\\/hakmarfrance.online\\\/wp-content\\\/uploads\\\/2025\\\/06\\\/logo-hakmarfrance.png\",\"contentUrl\":\"https:\\\/\\\/hakmarfrance.online\\\/wp-content\\\/uploads\\\/2025\\\/06\\\/logo-hakmarfrance.png\",\"width\":528,\"height\":232,\"caption\":\"hakmarfrance.online\"},\"image\":{\"@id\":\"https:\\\/\\\/hakmarfrance.online\\\/de\\\/#\\\/schema\\\/logo\\\/image\\\/\"},\"sameAs\":[\"https:\\\/\\\/www.facebook.com\\\/HakmarFranceSupermarche\\\/?locale=fr_FR\",\"https:\\\/\\\/www.instagram.com\\\/hakmarfrancesupermarche\\\/\"]}]}<\/script>\n<!-- \/ Yoast SEO plugin. -->","yoast_head_json":{"title":"Freez Mix Apfel &amp; Traube \u2013 Erfrischungsgetr\u00e4nk \u2013 275ml - hakmarfrance.online","robots":{"index":"index","follow":"follow","max-snippet":"max-snippet:-1","max-image-preview":"max-image-preview:large","max-video-preview":"max-video-preview:-1"},"canonical":"https:\/\/hakmarfrance.online\/de\/produit\/freez-mix-apfel-traube-erfrischungsgetraenk-275ml\/","og_locale":"de_DE","og_type":"article","og_title":"Freez Mix Apfel &amp; Traube \u2013 Erfrischungsgetr\u00e4nk \u2013 275ml - hakmarfrance.online","og_description":"Genie\u00dfe den fruchtigen und erfrischenden Geschmack von Freez Mix Apfel &amp; Traube, einem alkoholfreien Erfrischungsgetr\u00e4nk, nat\u00fcrlich gef\u00e4rbt und ideal f\u00fcr jede Tageszeit. \u2714\ufe0f Intensiver Apfel- und Traubengeschmack\u2714\ufe0f Alkoholfrei \u2013 perfekt f\u00fcr jedes Alter\u2714\ufe0f Nat\u00fcrliche Aromen und nat\u00fcrliche F\u00e4rbung\u2714\ufe0f 275 ml Glasflasche\u2714\ufe0f Sehr kalt servieren f\u00fcr ein optimales Geschmackserlebnis Ein cooles Design, ein originelles Getr\u00e4nk und ein echter prickelnder Genuss zum Teilen!","og_url":"https:\/\/hakmarfrance.online\/de\/produit\/freez-mix-apfel-traube-erfrischungsgetraenk-275ml\/","og_site_name":"hakmarfrance.online","article_publisher":"https:\/\/www.facebook.com\/HakmarFranceSupermarche\/?locale=fr_FR","og_image":[{"width":1000,"height":800,"url":"https:\/\/hakmarfrance.online\/wp-content\/uploads\/2025\/07\/freez-mix-pomme-raisin-boisson-gazeuse-275ml.avif","type":"image\/png"}],"twitter_card":"summary_large_image","schema":{"@context":"https:\/\/schema.org","@graph":[{"@type":"WebPage","@id":"https:\/\/hakmarfrance.online\/de\/produit\/freez-mix-apfel-traube-erfrischungsgetraenk-275ml\/","url":"https:\/\/hakmarfrance.online\/de\/produit\/freez-mix-apfel-traube-erfrischungsgetraenk-275ml\/","name":"Freez Mix Apfel &amp; Traube \u2013 Erfrischungsgetr\u00e4nk \u2013 275ml - hakmarfrance.online","isPartOf":{"@id":"https:\/\/hakmarfrance.online\/de\/#website"},"primaryImageOfPage":{"@id":"https:\/\/hakmarfrance.online\/de\/produit\/freez-mix-apfel-traube-erfrischungsgetraenk-275ml\/#primaryimage"},"image":{"@id":"https:\/\/hakmarfrance.online\/de\/produit\/freez-mix-apfel-traube-erfrischungsgetraenk-275ml\/#primaryimage"},"thumbnailUrl":"https:\/\/hakmarfrance.online\/wp-content\/uploads\/2025\/07\/freez-mix-pomme-raisin-boisson-gazeuse-275ml.avif","datePublished":"2025-07-09T07:06:16+00:00","breadcrumb":{"@id":"https:\/\/hakmarfrance.online\/de\/produit\/freez-mix-apfel-traube-erfrischungsgetraenk-275ml\/#breadcrumb"},"inLanguage":"de","potentialAction":[{"@type":"ReadAction","target":["https:\/\/hakmarfrance.online\/de\/produit\/freez-mix-apfel-traube-erfrischungsgetraenk-275ml\/"]}]},{"@type":"ImageObject","inLanguage":"de","@id":"https:\/\/hakmarfrance.online\/de\/produit\/freez-mix-apfel-traube-erfrischungsgetraenk-275ml\/#primaryimage","url":"https:\/\/hakmarfrance.online\/wp-content\/uploads\/2025\/07\/freez-mix-pomme-raisin-boisson-gazeuse-275ml.avif","contentUrl":"https:\/\/hakmarfrance.online\/wp-content\/uploads\/2025\/07\/freez-mix-pomme-raisin-boisson-gazeuse-275ml.avif","width":1000,"height":800,"caption":"Freez Mix Apfel &amp; Traube \u2013 275 ml, fruchtiges alkoholfreies Erfrischungsgetr\u00e4nk"},{"@type":"BreadcrumbList","@id":"https:\/\/hakmarfrance.online\/de\/produit\/freez-mix-apfel-traube-erfrischungsgetraenk-275ml\/#breadcrumb","itemListElement":[{"@type":"ListItem","position":1,"name":"Accueil","item":"https:\/\/hakmarfrance.online\/de\/"},{"@type":"ListItem","position":2,"name":"Shop","item":"https:\/\/hakmarfrance.online\/de\/shop\/"},{"@type":"ListItem","position":3,"name":"Freez Mix Apfel &amp; Traube \u2013 Erfrischungsgetr\u00e4nk \u2013 275ml"}]},{"@type":"WebSite","@id":"https:\/\/hakmarfrance.online\/de\/#website","url":"https:\/\/hakmarfrance.online\/de\/","name":"hakmarfrance.online","description":"","publisher":{"@id":"https:\/\/hakmarfrance.online\/de\/#organization"},"potentialAction":[{"@type":"SearchAction","target":{"@type":"EntryPoint","urlTemplate":"https:\/\/hakmarfrance.online\/de\/?s={search_term_string}"},"query-input":{"@type":"PropertyValueSpecification","valueRequired":true,"valueName":"search_term_string"}}],"inLanguage":"de"},{"@type":"Organization","@id":"https:\/\/hakmarfrance.online\/de\/#organization","name":"hakmarfrance.online","url":"https:\/\/hakmarfrance.online\/de\/","logo":{"@type":"ImageObject","inLanguage":"de","@id":"https:\/\/hakmarfrance.online\/de\/#\/schema\/logo\/image\/","url":"https:\/\/hakmarfrance.online\/wp-content\/uploads\/2025\/06\/logo-hakmarfrance.png","contentUrl":"https:\/\/hakmarfrance.online\/wp-content\/uploads\/2025\/06\/logo-hakmarfrance.png","width":528,"height":232,"caption":"hakmarfrance.online"},"image":{"@id":"https:\/\/hakmarfrance.online\/de\/#\/schema\/logo\/image\/"},"sameAs":["https:\/\/www.facebook.com\/HakmarFranceSupermarche\/?locale=fr_FR","https:\/\/www.instagram.com\/hakmarfrancesupermarche\/"]}]}},"_links":{"self":[{"href":"https:\/\/hakmarfrance.online\/de\/wp-json\/wp\/v2\/product\/17623","targetHints":{"allow":["GET"]}}],"collection":[{"href":"https:\/\/hakmarfrance.online\/de\/wp-json\/wp\/v2\/product"}],"about":[{"href":"https:\/\/hakmarfrance.online\/de\/wp-json\/wp\/v2\/types\/product"}],"replies":[{"embeddable":true,"href":"https:\/\/hakmarfrance.online\/de\/wp-json\/wp\/v2\/comments?post=17623"}],"version-history":[{"count":0,"href":"https:\/\/hakmarfrance.online\/de\/wp-json\/wp\/v2\/product\/17623\/revisions"}],"wp:featuredmedia":[{"embeddable":true,"href":"https:\/\/hakmarfrance.online\/de\/wp-json\/wp\/v2\/media\/17624"}],"wp:attachment":[{"href":"https:\/\/hakmarfrance.online\/de\/wp-json\/wp\/v2\/media?parent=17623"}],"wp:term":[{"taxonomy":"product_brand","embeddable":true,"href":"https:\/\/hakmarfrance.online\/de\/wp-json\/wp\/v2\/product_brand?post=17623"},{"taxonomy":"product_cat","embeddable":true,"href":"https:\/\/hakmarfrance.online\/de\/wp-json\/wp\/v2\/product_cat?post=17623"},{"taxonomy":"product_tag","embeddable":true,"href":"https:\/\/hakmarfrance.online\/de\/wp-json\/wp\/v2\/product_tag?post=17623"}],"curies":[{"name":"wp","href":"https:\/\/api.w.org\/{rel}","templated":true}]}}