{"id":17629,"date":"2025-07-09T08:33:50","date_gmt":"2025-07-09T08:33:50","guid":{"rendered":"https:\/\/hakmarfrance.online\/produit\/oeztad-entsteinte-gegrillte-gruene-oliven-glas-440g\/"},"modified":"2025-07-09T08:33:50","modified_gmt":"2025-07-09T08:33:50","slug":"oeztad-entsteinte-gegrillte-gruene-oliven-glas-440g","status":"publish","type":"product","link":"https:\/\/hakmarfrance.online\/de\/produit\/oeztad-entsteinte-gegrillte-gruene-oliven-glas-440g\/","title":{"rendered":"\u00d6ztad Entsteinte Gegrillte Gr\u00fcne Oliven \u2013 Glas 440g"},"content":{"rendered":"<p data-start=\"243\" data-end=\"630\">Lass dich von diesen k\u00f6stlichen <strong data-start=\"331\" data-end=\"363\">gegrillten gr\u00fcnen \u00d6ztad-Oliven<\/strong> verf\u00fchren, sorgf\u00e4ltig entsteint und mariniert, um einen einzigartigen Geschmack zu entfalten. Ihr rauchiger Geschmack und ihre fleischige Textur machen sie zu einem idealen Snack oder einer hervorragenden Zutat f\u00fcr deine Salate, Vorspeisen oder mediterranen Gerichte. Eine k\u00f6stliche und authentische Note in deiner K\u00fcche!  <\/p>\n<p data-start=\"632\" data-end=\"668\">\u2705 <strong data-start=\"634\" data-end=\"668\">Hauptmerkmale:<\/strong><\/p>\n<ul data-start=\"669\" data-end=\"878\">\n<li data-start=\"669\" data-end=\"705\">\n<p data-start=\"671\" data-end=\"705\">Entsteinte gegrillte gr\u00fcne Oliven<\/p>\n<\/li>\n<li data-start=\"706\" data-end=\"731\">\n<p data-start=\"708\" data-end=\"731\">Rauchiger und intensiver Geschmack<\/p>\n<\/li>\n<li data-start=\"732\" data-end=\"759\">\n<p data-start=\"734\" data-end=\"759\">Ohne Kerne (\u00e7ekirdeksiz)<\/p>\n<\/li>\n<li data-start=\"760\" data-end=\"794\">\n<p data-start=\"762\" data-end=\"794\">Wiederverschlie\u00dfbares Glas \u2013 440g<\/p>\n<\/li>\n<li data-start=\"795\" data-end=\"844\">\n<p data-start=\"797\" data-end=\"844\">Ideal f\u00fcr Vorspeisen, Salate, warme Gerichte<\/p>\n<\/li>\n<li data-start=\"845\" data-end=\"878\">\n<p data-start=\"847\" data-end=\"878\">Halal-Produkt (gem\u00e4\u00df Verpackung)<\/p>\n<\/li>\n<\/ul>\n","protected":false},"excerpt":{"rendered":"<p><strong data-start=\"1309\" data-end=\"1346\">Gegrillte gr\u00fcne \u00d6ztad-Oliven 440g<\/strong>, ohne Kerne, mit intensivem Rauchgeschmack, perfekt f\u00fcr deine mediterranen Mahlzeiten.<\/p>\n","protected":false},"featured_media":17630,"comment_status":"open","ping_status":"closed","template":"","meta":{"iawp_total_views":0},"product_brand":[210],"product_cat":[226,268,270,269],"product_tag":[],"class_list":{"0":"post-17629","1":"product","2":"type-product","3":"status-publish","4":"has-post-thumbnail","6":"product_brand-oztad","7":"product_cat-alle-unsere-produkte","8":"product_cat-herzhafte-lebensmittel","9":"product_cat-konserven-glaeser","10":"product_cat-orientalische-lebensmittel","12":"first","13":"instock","14":"shipping-taxable","15":"purchasable","16":"product-type-simple"},"yoast_head":"<!-- This site is optimized with the Yoast SEO plugin v27.3 - https:\/\/yoast.com\/product\/yoast-seo-wordpress\/ -->\n<title>\u00d6ztad Entsteinte Gegrillte Gr\u00fcne Oliven \u2013 Glas 440g - hakmarfrance.online<\/title>\n<meta name=\"robots\" content=\"index, follow, max-snippet:-1, max-image-preview:large, max-video-preview:-1\" \/>\n<link rel=\"canonical\" href=\"https:\/\/hakmarfrance.online\/de\/produit\/oeztad-entsteinte-gegrillte-gruene-oliven-glas-440g\/\" \/>\n<meta property=\"og:locale\" content=\"de_DE\" \/>\n<meta property=\"og:type\" content=\"article\" \/>\n<meta property=\"og:title\" content=\"\u00d6ztad Entsteinte Gegrillte Gr\u00fcne Oliven \u2013 Glas 440g - hakmarfrance.online\" \/>\n<meta property=\"og:description\" content=\"Gegrillte gr\u00fcne \u00d6ztad-Oliven 440g, ohne Kerne, mit intensivem Rauchgeschmack, perfekt f\u00fcr deine mediterranen Mahlzeiten.\" \/>\n<meta property=\"og:url\" content=\"https:\/\/hakmarfrance.online\/de\/produit\/oeztad-entsteinte-gegrillte-gruene-oliven-glas-440g\/\" \/>\n<meta property=\"og:site_name\" content=\"hakmarfrance.online\" \/>\n<meta property=\"article:publisher\" content=\"https:\/\/www.facebook.com\/HakmarFranceSupermarche\/?locale=fr_FR\" \/>\n<meta property=\"og:image\" content=\"https:\/\/hakmarfrance.online\/wp-content\/uploads\/2025\/07\/olives-vertes-grillees-oztad.avif\" \/>\n\t<meta property=\"og:image:width\" content=\"1000\" \/>\n\t<meta property=\"og:image:height\" content=\"800\" \/>\n\t<meta property=\"og:image:type\" content=\"image\/png\" \/>\n<meta name=\"twitter:card\" content=\"summary_large_image\" \/>\n<script type=\"application\/ld+json\" class=\"yoast-schema-graph\">{\"@context\":\"https:\\\/\\\/schema.org\",\"@graph\":[{\"@type\":\"WebPage\",\"@id\":\"https:\\\/\\\/hakmarfrance.online\\\/de\\\/produit\\\/oeztad-entsteinte-gegrillte-gruene-oliven-glas-440g\\\/\",\"url\":\"https:\\\/\\\/hakmarfrance.online\\\/de\\\/produit\\\/oeztad-entsteinte-gegrillte-gruene-oliven-glas-440g\\\/\",\"name\":\"\u00d6ztad Entsteinte Gegrillte Gr\u00fcne Oliven \u2013 Glas 440g - hakmarfrance.online\",\"isPartOf\":{\"@id\":\"https:\\\/\\\/hakmarfrance.online\\\/de\\\/#website\"},\"primaryImageOfPage\":{\"@id\":\"https:\\\/\\\/hakmarfrance.online\\\/de\\\/produit\\\/oeztad-entsteinte-gegrillte-gruene-oliven-glas-440g\\\/#primaryimage\"},\"image\":{\"@id\":\"https:\\\/\\\/hakmarfrance.online\\\/de\\\/produit\\\/oeztad-entsteinte-gegrillte-gruene-oliven-glas-440g\\\/#primaryimage\"},\"thumbnailUrl\":\"https:\\\/\\\/hakmarfrance.online\\\/wp-content\\\/uploads\\\/2025\\\/07\\\/olives-vertes-grillees-oztad.avif\",\"datePublished\":\"2025-07-09T08:33:50+00:00\",\"breadcrumb\":{\"@id\":\"https:\\\/\\\/hakmarfrance.online\\\/de\\\/produit\\\/oeztad-entsteinte-gegrillte-gruene-oliven-glas-440g\\\/#breadcrumb\"},\"inLanguage\":\"de\",\"potentialAction\":[{\"@type\":\"ReadAction\",\"target\":[\"https:\\\/\\\/hakmarfrance.online\\\/de\\\/produit\\\/oeztad-entsteinte-gegrillte-gruene-oliven-glas-440g\\\/\"]}]},{\"@type\":\"ImageObject\",\"inLanguage\":\"de\",\"@id\":\"https:\\\/\\\/hakmarfrance.online\\\/de\\\/produit\\\/oeztad-entsteinte-gegrillte-gruene-oliven-glas-440g\\\/#primaryimage\",\"url\":\"https:\\\/\\\/hakmarfrance.online\\\/wp-content\\\/uploads\\\/2025\\\/07\\\/olives-vertes-grillees-oztad.avif\",\"contentUrl\":\"https:\\\/\\\/hakmarfrance.online\\\/wp-content\\\/uploads\\\/2025\\\/07\\\/olives-vertes-grillees-oztad.avif\",\"width\":1000,\"height\":800,\"caption\":\"Gegrillte gr\u00fcne \u00d6ztad-Oliven \u2013 Authentischer Geschmack und praktisch im Glas\"},{\"@type\":\"BreadcrumbList\",\"@id\":\"https:\\\/\\\/hakmarfrance.online\\\/de\\\/produit\\\/oeztad-entsteinte-gegrillte-gruene-oliven-glas-440g\\\/#breadcrumb\",\"itemListElement\":[{\"@type\":\"ListItem\",\"position\":1,\"name\":\"Accueil\",\"item\":\"https:\\\/\\\/hakmarfrance.online\\\/de\\\/\"},{\"@type\":\"ListItem\",\"position\":2,\"name\":\"Shop\",\"item\":\"https:\\\/\\\/hakmarfrance.online\\\/de\\\/shop\\\/\"},{\"@type\":\"ListItem\",\"position\":3,\"name\":\"\u00d6ztad Entsteinte Gegrillte Gr\u00fcne Oliven \u2013 Glas 440g\"}]},{\"@type\":\"WebSite\",\"@id\":\"https:\\\/\\\/hakmarfrance.online\\\/de\\\/#website\",\"url\":\"https:\\\/\\\/hakmarfrance.online\\\/de\\\/\",\"name\":\"hakmarfrance.online\",\"description\":\"\",\"publisher\":{\"@id\":\"https:\\\/\\\/hakmarfrance.online\\\/de\\\/#organization\"},\"potentialAction\":[{\"@type\":\"SearchAction\",\"target\":{\"@type\":\"EntryPoint\",\"urlTemplate\":\"https:\\\/\\\/hakmarfrance.online\\\/de\\\/?s={search_term_string}\"},\"query-input\":{\"@type\":\"PropertyValueSpecification\",\"valueRequired\":true,\"valueName\":\"search_term_string\"}}],\"inLanguage\":\"de\"},{\"@type\":\"Organization\",\"@id\":\"https:\\\/\\\/hakmarfrance.online\\\/de\\\/#organization\",\"name\":\"hakmarfrance.online\",\"url\":\"https:\\\/\\\/hakmarfrance.online\\\/de\\\/\",\"logo\":{\"@type\":\"ImageObject\",\"inLanguage\":\"de\",\"@id\":\"https:\\\/\\\/hakmarfrance.online\\\/de\\\/#\\\/schema\\\/logo\\\/image\\\/\",\"url\":\"https:\\\/\\\/hakmarfrance.online\\\/wp-content\\\/uploads\\\/2025\\\/06\\\/logo-hakmarfrance.png\",\"contentUrl\":\"https:\\\/\\\/hakmarfrance.online\\\/wp-content\\\/uploads\\\/2025\\\/06\\\/logo-hakmarfrance.png\",\"width\":528,\"height\":232,\"caption\":\"hakmarfrance.online\"},\"image\":{\"@id\":\"https:\\\/\\\/hakmarfrance.online\\\/de\\\/#\\\/schema\\\/logo\\\/image\\\/\"},\"sameAs\":[\"https:\\\/\\\/www.facebook.com\\\/HakmarFranceSupermarche\\\/?locale=fr_FR\",\"https:\\\/\\\/www.instagram.com\\\/hakmarfrancesupermarche\\\/\"]}]}<\/script>\n<!-- \/ Yoast SEO plugin. -->","yoast_head_json":{"title":"\u00d6ztad Entsteinte Gegrillte Gr\u00fcne Oliven \u2013 Glas 440g - hakmarfrance.online","robots":{"index":"index","follow":"follow","max-snippet":"max-snippet:-1","max-image-preview":"max-image-preview:large","max-video-preview":"max-video-preview:-1"},"canonical":"https:\/\/hakmarfrance.online\/de\/produit\/oeztad-entsteinte-gegrillte-gruene-oliven-glas-440g\/","og_locale":"de_DE","og_type":"article","og_title":"\u00d6ztad Entsteinte Gegrillte Gr\u00fcne Oliven \u2013 Glas 440g - hakmarfrance.online","og_description":"Gegrillte gr\u00fcne \u00d6ztad-Oliven 440g, ohne Kerne, mit intensivem Rauchgeschmack, perfekt f\u00fcr deine mediterranen Mahlzeiten.","og_url":"https:\/\/hakmarfrance.online\/de\/produit\/oeztad-entsteinte-gegrillte-gruene-oliven-glas-440g\/","og_site_name":"hakmarfrance.online","article_publisher":"https:\/\/www.facebook.com\/HakmarFranceSupermarche\/?locale=fr_FR","og_image":[{"width":1000,"height":800,"url":"https:\/\/hakmarfrance.online\/wp-content\/uploads\/2025\/07\/olives-vertes-grillees-oztad.avif","type":"image\/png"}],"twitter_card":"summary_large_image","schema":{"@context":"https:\/\/schema.org","@graph":[{"@type":"WebPage","@id":"https:\/\/hakmarfrance.online\/de\/produit\/oeztad-entsteinte-gegrillte-gruene-oliven-glas-440g\/","url":"https:\/\/hakmarfrance.online\/de\/produit\/oeztad-entsteinte-gegrillte-gruene-oliven-glas-440g\/","name":"\u00d6ztad Entsteinte Gegrillte Gr\u00fcne Oliven \u2013 Glas 440g - hakmarfrance.online","isPartOf":{"@id":"https:\/\/hakmarfrance.online\/de\/#website"},"primaryImageOfPage":{"@id":"https:\/\/hakmarfrance.online\/de\/produit\/oeztad-entsteinte-gegrillte-gruene-oliven-glas-440g\/#primaryimage"},"image":{"@id":"https:\/\/hakmarfrance.online\/de\/produit\/oeztad-entsteinte-gegrillte-gruene-oliven-glas-440g\/#primaryimage"},"thumbnailUrl":"https:\/\/hakmarfrance.online\/wp-content\/uploads\/2025\/07\/olives-vertes-grillees-oztad.avif","datePublished":"2025-07-09T08:33:50+00:00","breadcrumb":{"@id":"https:\/\/hakmarfrance.online\/de\/produit\/oeztad-entsteinte-gegrillte-gruene-oliven-glas-440g\/#breadcrumb"},"inLanguage":"de","potentialAction":[{"@type":"ReadAction","target":["https:\/\/hakmarfrance.online\/de\/produit\/oeztad-entsteinte-gegrillte-gruene-oliven-glas-440g\/"]}]},{"@type":"ImageObject","inLanguage":"de","@id":"https:\/\/hakmarfrance.online\/de\/produit\/oeztad-entsteinte-gegrillte-gruene-oliven-glas-440g\/#primaryimage","url":"https:\/\/hakmarfrance.online\/wp-content\/uploads\/2025\/07\/olives-vertes-grillees-oztad.avif","contentUrl":"https:\/\/hakmarfrance.online\/wp-content\/uploads\/2025\/07\/olives-vertes-grillees-oztad.avif","width":1000,"height":800,"caption":"Gegrillte gr\u00fcne \u00d6ztad-Oliven \u2013 Authentischer Geschmack und praktisch im Glas"},{"@type":"BreadcrumbList","@id":"https:\/\/hakmarfrance.online\/de\/produit\/oeztad-entsteinte-gegrillte-gruene-oliven-glas-440g\/#breadcrumb","itemListElement":[{"@type":"ListItem","position":1,"name":"Accueil","item":"https:\/\/hakmarfrance.online\/de\/"},{"@type":"ListItem","position":2,"name":"Shop","item":"https:\/\/hakmarfrance.online\/de\/shop\/"},{"@type":"ListItem","position":3,"name":"\u00d6ztad Entsteinte Gegrillte Gr\u00fcne Oliven \u2013 Glas 440g"}]},{"@type":"WebSite","@id":"https:\/\/hakmarfrance.online\/de\/#website","url":"https:\/\/hakmarfrance.online\/de\/","name":"hakmarfrance.online","description":"","publisher":{"@id":"https:\/\/hakmarfrance.online\/de\/#organization"},"potentialAction":[{"@type":"SearchAction","target":{"@type":"EntryPoint","urlTemplate":"https:\/\/hakmarfrance.online\/de\/?s={search_term_string}"},"query-input":{"@type":"PropertyValueSpecification","valueRequired":true,"valueName":"search_term_string"}}],"inLanguage":"de"},{"@type":"Organization","@id":"https:\/\/hakmarfrance.online\/de\/#organization","name":"hakmarfrance.online","url":"https:\/\/hakmarfrance.online\/de\/","logo":{"@type":"ImageObject","inLanguage":"de","@id":"https:\/\/hakmarfrance.online\/de\/#\/schema\/logo\/image\/","url":"https:\/\/hakmarfrance.online\/wp-content\/uploads\/2025\/06\/logo-hakmarfrance.png","contentUrl":"https:\/\/hakmarfrance.online\/wp-content\/uploads\/2025\/06\/logo-hakmarfrance.png","width":528,"height":232,"caption":"hakmarfrance.online"},"image":{"@id":"https:\/\/hakmarfrance.online\/de\/#\/schema\/logo\/image\/"},"sameAs":["https:\/\/www.facebook.com\/HakmarFranceSupermarche\/?locale=fr_FR","https:\/\/www.instagram.com\/hakmarfrancesupermarche\/"]}]}},"_links":{"self":[{"href":"https:\/\/hakmarfrance.online\/de\/wp-json\/wp\/v2\/product\/17629","targetHints":{"allow":["GET"]}}],"collection":[{"href":"https:\/\/hakmarfrance.online\/de\/wp-json\/wp\/v2\/product"}],"about":[{"href":"https:\/\/hakmarfrance.online\/de\/wp-json\/wp\/v2\/types\/product"}],"replies":[{"embeddable":true,"href":"https:\/\/hakmarfrance.online\/de\/wp-json\/wp\/v2\/comments?post=17629"}],"version-history":[{"count":0,"href":"https:\/\/hakmarfrance.online\/de\/wp-json\/wp\/v2\/product\/17629\/revisions"}],"wp:featuredmedia":[{"embeddable":true,"href":"https:\/\/hakmarfrance.online\/de\/wp-json\/wp\/v2\/media\/17630"}],"wp:attachment":[{"href":"https:\/\/hakmarfrance.online\/de\/wp-json\/wp\/v2\/media?parent=17629"}],"wp:term":[{"taxonomy":"product_brand","embeddable":true,"href":"https:\/\/hakmarfrance.online\/de\/wp-json\/wp\/v2\/product_brand?post=17629"},{"taxonomy":"product_cat","embeddable":true,"href":"https:\/\/hakmarfrance.online\/de\/wp-json\/wp\/v2\/product_cat?post=17629"},{"taxonomy":"product_tag","embeddable":true,"href":"https:\/\/hakmarfrance.online\/de\/wp-json\/wp\/v2\/product_tag?post=17629"}],"curies":[{"name":"wp","href":"https:\/\/api.w.org\/{rel}","templated":true}]}}