{"id":17631,"date":"2025-07-09T07:05:31","date_gmt":"2025-07-09T07:05:31","guid":{"rendered":"https:\/\/hakmarfrance.online\/produit\/freez-mix-ananas-kokos-erfrischungsgetraenk-275ml\/"},"modified":"2025-07-09T07:05:31","modified_gmt":"2025-07-09T07:05:31","slug":"freez-mix-ananas-kokos-erfrischungsgetraenk-275ml","status":"publish","type":"product","link":"https:\/\/hakmarfrance.online\/de\/produit\/freez-mix-ananas-kokos-erfrischungsgetraenk-275ml\/","title":{"rendered":"Freez Mix Ananas &amp; Kokos \u2013 Erfrischungsgetr\u00e4nk \u2013 275ml"},"content":{"rendered":"","protected":false},"excerpt":{"rendered":"<p data-start=\"357\" data-end=\"541\">G\u00f6nn dir eine tropische Auszeit mit <strong data-start=\"399\" data-end=\"434\">Freez Mix Ananas &amp; Kokosnuss<\/strong>, einem <strong data-start=\"440\" data-end=\"471\">alkoholfreien Erfrischungsgetr\u00e4nk<\/strong> mit einem s\u00fc\u00dfen und fruchtigen Geschmack, perfekt, um mit jedem Schluck zu entfliehen.<\/p>\n<p data-start=\"543\" data-end=\"769\">\u2714\ufe0f Exotische Aromen von Ananas und Kokos<br data-start=\"582\" data-end=\"585\">\u2714\ufe0f Alkoholfrei, ohne k\u00fcnstliche Farbstoffe<br data-start=\"625\" data-end=\"628\">\u2714\ufe0f Erfrischend und leicht s\u00fc\u00df<br data-start=\"667\" data-end=\"670\">\u2714\ufe0f Flasche aus Glas mit farbenfrohem Design \u2013 275 ml<br data-start=\"717\" data-end=\"720\">\u2714\ufe0f Gut gek\u00fchlt servieren f\u00fcr maximalen Genuss<\/p>\n<p data-start=\"771\" data-end=\"873\">Eine tropische Sinnesreise in einer trendigen Flasche, f\u00fcr jedes Alter und jeden Anlass!<\/p>\n","protected":false},"featured_media":17632,"comment_status":"open","ping_status":"closed","template":"","meta":{"iawp_total_views":0},"product_brand":[200],"product_cat":[226,232,231],"product_tag":[],"class_list":{"0":"post-17631","1":"product","2":"type-product","3":"status-publish","4":"has-post-thumbnail","6":"product_brand-freez","7":"product_cat-alle-unsere-produkte","8":"product_cat-erfrischungsgetrank","9":"product_cat-getranke","11":"first","12":"instock","13":"shipping-taxable","14":"purchasable","15":"product-type-simple"},"yoast_head":"<!-- This site is optimized with the Yoast SEO plugin v27.3 - https:\/\/yoast.com\/product\/yoast-seo-wordpress\/ -->\n<title>Freez Mix Ananas &amp; Kokos \u2013 Erfrischungsgetr\u00e4nk \u2013 275ml - hakmarfrance.online<\/title>\n<meta name=\"robots\" content=\"index, follow, max-snippet:-1, max-image-preview:large, max-video-preview:-1\" \/>\n<link rel=\"canonical\" href=\"https:\/\/hakmarfrance.online\/de\/produit\/freez-mix-ananas-kokos-erfrischungsgetraenk-275ml\/\" \/>\n<meta property=\"og:locale\" content=\"de_DE\" \/>\n<meta property=\"og:type\" content=\"article\" \/>\n<meta property=\"og:title\" content=\"Freez Mix Ananas &amp; Kokos \u2013 Erfrischungsgetr\u00e4nk \u2013 275ml - hakmarfrance.online\" \/>\n<meta property=\"og:description\" content=\"G\u00f6nn dir eine tropische Auszeit mit Freez Mix Ananas &amp; Kokosnuss, einem alkoholfreien Erfrischungsgetr\u00e4nk mit einem s\u00fc\u00dfen und fruchtigen Geschmack, perfekt, um mit jedem Schluck zu entfliehen. \u2714\ufe0f Exotische Aromen von Ananas und Kokos\u2714\ufe0f Alkoholfrei, ohne k\u00fcnstliche Farbstoffe\u2714\ufe0f Erfrischend und leicht s\u00fc\u00df\u2714\ufe0f Flasche aus Glas mit farbenfrohem Design \u2013 275 ml\u2714\ufe0f Gut gek\u00fchlt servieren f\u00fcr maximalen Genuss Eine tropische Sinnesreise in einer trendigen Flasche, f\u00fcr jedes Alter und jeden Anlass!\" \/>\n<meta property=\"og:url\" content=\"https:\/\/hakmarfrance.online\/de\/produit\/freez-mix-ananas-kokos-erfrischungsgetraenk-275ml\/\" \/>\n<meta property=\"og:site_name\" content=\"hakmarfrance.online\" \/>\n<meta property=\"article:publisher\" content=\"https:\/\/www.facebook.com\/HakmarFranceSupermarche\/?locale=fr_FR\" \/>\n<meta property=\"og:image\" content=\"https:\/\/hakmarfrance.online\/wp-content\/uploads\/2025\/07\/freez-mix-ananas-coco-boisson-gazeuse-275ml.avif\" \/>\n\t<meta property=\"og:image:width\" content=\"1000\" \/>\n\t<meta property=\"og:image:height\" content=\"800\" \/>\n\t<meta property=\"og:image:type\" content=\"image\/png\" \/>\n<meta name=\"twitter:card\" content=\"summary_large_image\" \/>\n<script type=\"application\/ld+json\" class=\"yoast-schema-graph\">{\"@context\":\"https:\\\/\\\/schema.org\",\"@graph\":[{\"@type\":\"WebPage\",\"@id\":\"https:\\\/\\\/hakmarfrance.online\\\/de\\\/produit\\\/freez-mix-ananas-kokos-erfrischungsgetraenk-275ml\\\/\",\"url\":\"https:\\\/\\\/hakmarfrance.online\\\/de\\\/produit\\\/freez-mix-ananas-kokos-erfrischungsgetraenk-275ml\\\/\",\"name\":\"Freez Mix Ananas &amp; Kokos \u2013 Erfrischungsgetr\u00e4nk \u2013 275ml - hakmarfrance.online\",\"isPartOf\":{\"@id\":\"https:\\\/\\\/hakmarfrance.online\\\/de\\\/#website\"},\"primaryImageOfPage\":{\"@id\":\"https:\\\/\\\/hakmarfrance.online\\\/de\\\/produit\\\/freez-mix-ananas-kokos-erfrischungsgetraenk-275ml\\\/#primaryimage\"},\"image\":{\"@id\":\"https:\\\/\\\/hakmarfrance.online\\\/de\\\/produit\\\/freez-mix-ananas-kokos-erfrischungsgetraenk-275ml\\\/#primaryimage\"},\"thumbnailUrl\":\"https:\\\/\\\/hakmarfrance.online\\\/wp-content\\\/uploads\\\/2025\\\/07\\\/freez-mix-ananas-coco-boisson-gazeuse-275ml.avif\",\"datePublished\":\"2025-07-09T07:05:31+00:00\",\"breadcrumb\":{\"@id\":\"https:\\\/\\\/hakmarfrance.online\\\/de\\\/produit\\\/freez-mix-ananas-kokos-erfrischungsgetraenk-275ml\\\/#breadcrumb\"},\"inLanguage\":\"de\",\"potentialAction\":[{\"@type\":\"ReadAction\",\"target\":[\"https:\\\/\\\/hakmarfrance.online\\\/de\\\/produit\\\/freez-mix-ananas-kokos-erfrischungsgetraenk-275ml\\\/\"]}]},{\"@type\":\"ImageObject\",\"inLanguage\":\"de\",\"@id\":\"https:\\\/\\\/hakmarfrance.online\\\/de\\\/produit\\\/freez-mix-ananas-kokos-erfrischungsgetraenk-275ml\\\/#primaryimage\",\"url\":\"https:\\\/\\\/hakmarfrance.online\\\/wp-content\\\/uploads\\\/2025\\\/07\\\/freez-mix-ananas-coco-boisson-gazeuse-275ml.avif\",\"contentUrl\":\"https:\\\/\\\/hakmarfrance.online\\\/wp-content\\\/uploads\\\/2025\\\/07\\\/freez-mix-ananas-coco-boisson-gazeuse-275ml.avif\",\"width\":1000,\"height\":800,\"caption\":\"Freez Mix Ananas &amp; Kokos \u2013 275 ml, alkoholfreies Erfrischungsgetr\u00e4nk mit exotischen Geschmacksrichtungen\"},{\"@type\":\"BreadcrumbList\",\"@id\":\"https:\\\/\\\/hakmarfrance.online\\\/de\\\/produit\\\/freez-mix-ananas-kokos-erfrischungsgetraenk-275ml\\\/#breadcrumb\",\"itemListElement\":[{\"@type\":\"ListItem\",\"position\":1,\"name\":\"Accueil\",\"item\":\"https:\\\/\\\/hakmarfrance.online\\\/de\\\/\"},{\"@type\":\"ListItem\",\"position\":2,\"name\":\"Shop\",\"item\":\"https:\\\/\\\/hakmarfrance.online\\\/de\\\/shop\\\/\"},{\"@type\":\"ListItem\",\"position\":3,\"name\":\"Freez Mix Ananas &amp; Kokos \u2013 Erfrischungsgetr\u00e4nk \u2013 275ml\"}]},{\"@type\":\"WebSite\",\"@id\":\"https:\\\/\\\/hakmarfrance.online\\\/de\\\/#website\",\"url\":\"https:\\\/\\\/hakmarfrance.online\\\/de\\\/\",\"name\":\"hakmarfrance.online\",\"description\":\"\",\"publisher\":{\"@id\":\"https:\\\/\\\/hakmarfrance.online\\\/de\\\/#organization\"},\"potentialAction\":[{\"@type\":\"SearchAction\",\"target\":{\"@type\":\"EntryPoint\",\"urlTemplate\":\"https:\\\/\\\/hakmarfrance.online\\\/de\\\/?s={search_term_string}\"},\"query-input\":{\"@type\":\"PropertyValueSpecification\",\"valueRequired\":true,\"valueName\":\"search_term_string\"}}],\"inLanguage\":\"de\"},{\"@type\":\"Organization\",\"@id\":\"https:\\\/\\\/hakmarfrance.online\\\/de\\\/#organization\",\"name\":\"hakmarfrance.online\",\"url\":\"https:\\\/\\\/hakmarfrance.online\\\/de\\\/\",\"logo\":{\"@type\":\"ImageObject\",\"inLanguage\":\"de\",\"@id\":\"https:\\\/\\\/hakmarfrance.online\\\/de\\\/#\\\/schema\\\/logo\\\/image\\\/\",\"url\":\"https:\\\/\\\/hakmarfrance.online\\\/wp-content\\\/uploads\\\/2025\\\/06\\\/logo-hakmarfrance.png\",\"contentUrl\":\"https:\\\/\\\/hakmarfrance.online\\\/wp-content\\\/uploads\\\/2025\\\/06\\\/logo-hakmarfrance.png\",\"width\":528,\"height\":232,\"caption\":\"hakmarfrance.online\"},\"image\":{\"@id\":\"https:\\\/\\\/hakmarfrance.online\\\/de\\\/#\\\/schema\\\/logo\\\/image\\\/\"},\"sameAs\":[\"https:\\\/\\\/www.facebook.com\\\/HakmarFranceSupermarche\\\/?locale=fr_FR\",\"https:\\\/\\\/www.instagram.com\\\/hakmarfrancesupermarche\\\/\"]}]}<\/script>\n<!-- \/ Yoast SEO plugin. -->","yoast_head_json":{"title":"Freez Mix Ananas &amp; Kokos \u2013 Erfrischungsgetr\u00e4nk \u2013 275ml - hakmarfrance.online","robots":{"index":"index","follow":"follow","max-snippet":"max-snippet:-1","max-image-preview":"max-image-preview:large","max-video-preview":"max-video-preview:-1"},"canonical":"https:\/\/hakmarfrance.online\/de\/produit\/freez-mix-ananas-kokos-erfrischungsgetraenk-275ml\/","og_locale":"de_DE","og_type":"article","og_title":"Freez Mix Ananas &amp; Kokos \u2013 Erfrischungsgetr\u00e4nk \u2013 275ml - hakmarfrance.online","og_description":"G\u00f6nn dir eine tropische Auszeit mit Freez Mix Ananas &amp; Kokosnuss, einem alkoholfreien Erfrischungsgetr\u00e4nk mit einem s\u00fc\u00dfen und fruchtigen Geschmack, perfekt, um mit jedem Schluck zu entfliehen. \u2714\ufe0f Exotische Aromen von Ananas und Kokos\u2714\ufe0f Alkoholfrei, ohne k\u00fcnstliche Farbstoffe\u2714\ufe0f Erfrischend und leicht s\u00fc\u00df\u2714\ufe0f Flasche aus Glas mit farbenfrohem Design \u2013 275 ml\u2714\ufe0f Gut gek\u00fchlt servieren f\u00fcr maximalen Genuss Eine tropische Sinnesreise in einer trendigen Flasche, f\u00fcr jedes Alter und jeden Anlass!","og_url":"https:\/\/hakmarfrance.online\/de\/produit\/freez-mix-ananas-kokos-erfrischungsgetraenk-275ml\/","og_site_name":"hakmarfrance.online","article_publisher":"https:\/\/www.facebook.com\/HakmarFranceSupermarche\/?locale=fr_FR","og_image":[{"width":1000,"height":800,"url":"https:\/\/hakmarfrance.online\/wp-content\/uploads\/2025\/07\/freez-mix-ananas-coco-boisson-gazeuse-275ml.avif","type":"image\/png"}],"twitter_card":"summary_large_image","schema":{"@context":"https:\/\/schema.org","@graph":[{"@type":"WebPage","@id":"https:\/\/hakmarfrance.online\/de\/produit\/freez-mix-ananas-kokos-erfrischungsgetraenk-275ml\/","url":"https:\/\/hakmarfrance.online\/de\/produit\/freez-mix-ananas-kokos-erfrischungsgetraenk-275ml\/","name":"Freez Mix Ananas &amp; Kokos \u2013 Erfrischungsgetr\u00e4nk \u2013 275ml - hakmarfrance.online","isPartOf":{"@id":"https:\/\/hakmarfrance.online\/de\/#website"},"primaryImageOfPage":{"@id":"https:\/\/hakmarfrance.online\/de\/produit\/freez-mix-ananas-kokos-erfrischungsgetraenk-275ml\/#primaryimage"},"image":{"@id":"https:\/\/hakmarfrance.online\/de\/produit\/freez-mix-ananas-kokos-erfrischungsgetraenk-275ml\/#primaryimage"},"thumbnailUrl":"https:\/\/hakmarfrance.online\/wp-content\/uploads\/2025\/07\/freez-mix-ananas-coco-boisson-gazeuse-275ml.avif","datePublished":"2025-07-09T07:05:31+00:00","breadcrumb":{"@id":"https:\/\/hakmarfrance.online\/de\/produit\/freez-mix-ananas-kokos-erfrischungsgetraenk-275ml\/#breadcrumb"},"inLanguage":"de","potentialAction":[{"@type":"ReadAction","target":["https:\/\/hakmarfrance.online\/de\/produit\/freez-mix-ananas-kokos-erfrischungsgetraenk-275ml\/"]}]},{"@type":"ImageObject","inLanguage":"de","@id":"https:\/\/hakmarfrance.online\/de\/produit\/freez-mix-ananas-kokos-erfrischungsgetraenk-275ml\/#primaryimage","url":"https:\/\/hakmarfrance.online\/wp-content\/uploads\/2025\/07\/freez-mix-ananas-coco-boisson-gazeuse-275ml.avif","contentUrl":"https:\/\/hakmarfrance.online\/wp-content\/uploads\/2025\/07\/freez-mix-ananas-coco-boisson-gazeuse-275ml.avif","width":1000,"height":800,"caption":"Freez Mix Ananas &amp; Kokos \u2013 275 ml, alkoholfreies Erfrischungsgetr\u00e4nk mit exotischen Geschmacksrichtungen"},{"@type":"BreadcrumbList","@id":"https:\/\/hakmarfrance.online\/de\/produit\/freez-mix-ananas-kokos-erfrischungsgetraenk-275ml\/#breadcrumb","itemListElement":[{"@type":"ListItem","position":1,"name":"Accueil","item":"https:\/\/hakmarfrance.online\/de\/"},{"@type":"ListItem","position":2,"name":"Shop","item":"https:\/\/hakmarfrance.online\/de\/shop\/"},{"@type":"ListItem","position":3,"name":"Freez Mix Ananas &amp; Kokos \u2013 Erfrischungsgetr\u00e4nk \u2013 275ml"}]},{"@type":"WebSite","@id":"https:\/\/hakmarfrance.online\/de\/#website","url":"https:\/\/hakmarfrance.online\/de\/","name":"hakmarfrance.online","description":"","publisher":{"@id":"https:\/\/hakmarfrance.online\/de\/#organization"},"potentialAction":[{"@type":"SearchAction","target":{"@type":"EntryPoint","urlTemplate":"https:\/\/hakmarfrance.online\/de\/?s={search_term_string}"},"query-input":{"@type":"PropertyValueSpecification","valueRequired":true,"valueName":"search_term_string"}}],"inLanguage":"de"},{"@type":"Organization","@id":"https:\/\/hakmarfrance.online\/de\/#organization","name":"hakmarfrance.online","url":"https:\/\/hakmarfrance.online\/de\/","logo":{"@type":"ImageObject","inLanguage":"de","@id":"https:\/\/hakmarfrance.online\/de\/#\/schema\/logo\/image\/","url":"https:\/\/hakmarfrance.online\/wp-content\/uploads\/2025\/06\/logo-hakmarfrance.png","contentUrl":"https:\/\/hakmarfrance.online\/wp-content\/uploads\/2025\/06\/logo-hakmarfrance.png","width":528,"height":232,"caption":"hakmarfrance.online"},"image":{"@id":"https:\/\/hakmarfrance.online\/de\/#\/schema\/logo\/image\/"},"sameAs":["https:\/\/www.facebook.com\/HakmarFranceSupermarche\/?locale=fr_FR","https:\/\/www.instagram.com\/hakmarfrancesupermarche\/"]}]}},"_links":{"self":[{"href":"https:\/\/hakmarfrance.online\/de\/wp-json\/wp\/v2\/product\/17631","targetHints":{"allow":["GET"]}}],"collection":[{"href":"https:\/\/hakmarfrance.online\/de\/wp-json\/wp\/v2\/product"}],"about":[{"href":"https:\/\/hakmarfrance.online\/de\/wp-json\/wp\/v2\/types\/product"}],"replies":[{"embeddable":true,"href":"https:\/\/hakmarfrance.online\/de\/wp-json\/wp\/v2\/comments?post=17631"}],"version-history":[{"count":0,"href":"https:\/\/hakmarfrance.online\/de\/wp-json\/wp\/v2\/product\/17631\/revisions"}],"wp:featuredmedia":[{"embeddable":true,"href":"https:\/\/hakmarfrance.online\/de\/wp-json\/wp\/v2\/media\/17632"}],"wp:attachment":[{"href":"https:\/\/hakmarfrance.online\/de\/wp-json\/wp\/v2\/media?parent=17631"}],"wp:term":[{"taxonomy":"product_brand","embeddable":true,"href":"https:\/\/hakmarfrance.online\/de\/wp-json\/wp\/v2\/product_brand?post=17631"},{"taxonomy":"product_cat","embeddable":true,"href":"https:\/\/hakmarfrance.online\/de\/wp-json\/wp\/v2\/product_cat?post=17631"},{"taxonomy":"product_tag","embeddable":true,"href":"https:\/\/hakmarfrance.online\/de\/wp-json\/wp\/v2\/product_tag?post=17631"}],"curies":[{"name":"wp","href":"https:\/\/api.w.org\/{rel}","templated":true}]}}