{"id":17633,"date":"2025-07-09T08:30:34","date_gmt":"2025-07-09T08:30:34","guid":{"rendered":"https:\/\/hakmarfrance.online\/produit\/gruener-tee-verre-dor-220g-chinesischer-gruentee\/"},"modified":"2025-07-09T08:30:34","modified_gmt":"2025-07-09T08:30:34","slug":"gruener-tee-verre-dor-220g-chinesischer-gruentee","status":"publish","type":"product","link":"https:\/\/hakmarfrance.online\/de\/produit\/gruener-tee-verre-dor-220g-chinesischer-gruentee\/","title":{"rendered":"Gr\u00fcner Tee Verre d\u2019Or \u2013 220g (Chinesischer Gr\u00fcntee)"},"content":{"rendered":"<p data-start=\"219\" data-end=\"584\">Genie\u00dfe den Reichtum des <strong data-start=\"302\" data-end=\"325\">Gr\u00fcntees Verre d\u2019Or<\/strong>, ein chinesischer Tee, bekannt f\u00fcr seine nat\u00fcrlichen Vorz\u00fcge. Verpackt in einer eleganten Verpackung, bietet dir dieser Tee ein leichtes Getr\u00e4nk, ideal, um deine Mahlzeiten zu begleiten oder einen Moment der Entspannung zu genie\u00dfen. Profitiere von <strong data-start=\"536\" data-end=\"564\">10 % gratis<\/strong> auf jeder Packung!  <\/p>\n<p data-start=\"586\" data-end=\"622\">\u2705 <strong data-start=\"588\" data-end=\"622\">Hauptmerkmale:<\/strong><\/p>\n<ul data-start=\"623\" data-end=\"838\">\n<li data-start=\"623\" data-end=\"653\">\n<p data-start=\"625\" data-end=\"653\">Qualit\u00e4ts-Gr\u00fcntee aus China<\/p>\n<\/li>\n<li data-start=\"654\" data-end=\"678\">\n<p data-start=\"656\" data-end=\"678\">Gro\u00dfpackung: 220g<\/p>\n<\/li>\n<li data-start=\"679\" data-end=\"702\">\n<p data-start=\"681\" data-end=\"702\">10 % Produkt gratis<\/p>\n<\/li>\n<li data-start=\"703\" data-end=\"741\">\n<p data-start=\"705\" data-end=\"741\">Nat\u00fcrliches Aroma und erfrischender Geschmack<\/p>\n<\/li>\n<li data-start=\"742\" data-end=\"783\">\n<p data-start=\"744\" data-end=\"783\">Ideal f\u00fcr den t\u00e4glichen Genuss<\/p>\n<\/li>\n<li data-start=\"784\" data-end=\"838\">\n<p data-start=\"786\" data-end=\"838\">Geeignet f\u00fcr traditionelle oder moderne Zubereitung<\/p>\n<\/li>\n<\/ul>\n","protected":false},"excerpt":{"rendered":"<p><strong data-start=\"1230\" data-end=\"1258\">Gr\u00fcner Tee Verre d\u2019Or 220g<\/strong>, raffiniert und nat\u00fcrlich, 10 % gratis \u2013 ein Klassiker, den man zu jeder Tageszeit genie\u00dfen kann.<\/p>\n","protected":false},"featured_media":17634,"comment_status":"open","ping_status":"closed","template":"","meta":{"iawp_total_views":0},"product_brand":[],"product_cat":[226,231,258],"product_tag":[],"class_list":{"0":"post-17633","1":"product","2":"type-product","3":"status-publish","4":"has-post-thumbnail","6":"product_cat-alle-unsere-produkte","7":"product_cat-getranke","8":"product_cat-tuerkischer-tee-aufguesse","10":"first","11":"instock","12":"shipping-taxable","13":"purchasable","14":"product-type-simple"},"yoast_head":"<!-- This site is optimized with the Yoast SEO plugin v27.3 - https:\/\/yoast.com\/product\/yoast-seo-wordpress\/ -->\n<title>Gr\u00fcner Tee Verre d\u2019Or \u2013 220g (Chinesischer Gr\u00fcntee) - hakmarfrance.online<\/title>\n<meta name=\"robots\" content=\"index, follow, max-snippet:-1, max-image-preview:large, max-video-preview:-1\" \/>\n<link rel=\"canonical\" href=\"https:\/\/hakmarfrance.online\/de\/produit\/gruener-tee-verre-dor-220g-chinesischer-gruentee\/\" \/>\n<meta property=\"og:locale\" content=\"de_DE\" \/>\n<meta property=\"og:type\" content=\"article\" \/>\n<meta property=\"og:title\" content=\"Gr\u00fcner Tee Verre d\u2019Or \u2013 220g (Chinesischer Gr\u00fcntee) - hakmarfrance.online\" \/>\n<meta property=\"og:description\" content=\"Gr\u00fcner Tee Verre d\u2019Or 220g, raffiniert und nat\u00fcrlich, 10 % gratis \u2013 ein Klassiker, den man zu jeder Tageszeit genie\u00dfen kann.\" \/>\n<meta property=\"og:url\" content=\"https:\/\/hakmarfrance.online\/de\/produit\/gruener-tee-verre-dor-220g-chinesischer-gruentee\/\" \/>\n<meta property=\"og:site_name\" content=\"hakmarfrance.online\" \/>\n<meta property=\"article:publisher\" content=\"https:\/\/www.facebook.com\/HakmarFranceSupermarche\/?locale=fr_FR\" \/>\n<meta property=\"og:image\" content=\"https:\/\/hakmarfrance.online\/wp-content\/uploads\/2025\/07\/the-vert-verre-dor-220g.avif\" \/>\n\t<meta property=\"og:image:width\" content=\"1000\" \/>\n\t<meta property=\"og:image:height\" content=\"800\" \/>\n\t<meta property=\"og:image:type\" content=\"image\/png\" \/>\n<meta name=\"twitter:card\" content=\"summary_large_image\" \/>\n<script type=\"application\/ld+json\" class=\"yoast-schema-graph\">{\"@context\":\"https:\\\/\\\/schema.org\",\"@graph\":[{\"@type\":\"WebPage\",\"@id\":\"https:\\\/\\\/hakmarfrance.online\\\/de\\\/produit\\\/gruener-tee-verre-dor-220g-chinesischer-gruentee\\\/\",\"url\":\"https:\\\/\\\/hakmarfrance.online\\\/de\\\/produit\\\/gruener-tee-verre-dor-220g-chinesischer-gruentee\\\/\",\"name\":\"Gr\u00fcner Tee Verre d\u2019Or \u2013 220g (Chinesischer Gr\u00fcntee) - hakmarfrance.online\",\"isPartOf\":{\"@id\":\"https:\\\/\\\/hakmarfrance.online\\\/de\\\/#website\"},\"primaryImageOfPage\":{\"@id\":\"https:\\\/\\\/hakmarfrance.online\\\/de\\\/produit\\\/gruener-tee-verre-dor-220g-chinesischer-gruentee\\\/#primaryimage\"},\"image\":{\"@id\":\"https:\\\/\\\/hakmarfrance.online\\\/de\\\/produit\\\/gruener-tee-verre-dor-220g-chinesischer-gruentee\\\/#primaryimage\"},\"thumbnailUrl\":\"https:\\\/\\\/hakmarfrance.online\\\/wp-content\\\/uploads\\\/2025\\\/07\\\/the-vert-verre-dor-220g.avif\",\"datePublished\":\"2025-07-09T08:30:34+00:00\",\"breadcrumb\":{\"@id\":\"https:\\\/\\\/hakmarfrance.online\\\/de\\\/produit\\\/gruener-tee-verre-dor-220g-chinesischer-gruentee\\\/#breadcrumb\"},\"inLanguage\":\"de\",\"potentialAction\":[{\"@type\":\"ReadAction\",\"target\":[\"https:\\\/\\\/hakmarfrance.online\\\/de\\\/produit\\\/gruener-tee-verre-dor-220g-chinesischer-gruentee\\\/\"]}]},{\"@type\":\"ImageObject\",\"inLanguage\":\"de\",\"@id\":\"https:\\\/\\\/hakmarfrance.online\\\/de\\\/produit\\\/gruener-tee-verre-dor-220g-chinesischer-gruentee\\\/#primaryimage\",\"url\":\"https:\\\/\\\/hakmarfrance.online\\\/wp-content\\\/uploads\\\/2025\\\/07\\\/the-vert-verre-dor-220g.avif\",\"contentUrl\":\"https:\\\/\\\/hakmarfrance.online\\\/wp-content\\\/uploads\\\/2025\\\/07\\\/the-vert-verre-dor-220g.avif\",\"width\":1000,\"height\":800,\"caption\":\"Chinesischer Gr\u00fcntee Verre d\u2019Or \u2013 220g mit 10 % gratis\"},{\"@type\":\"BreadcrumbList\",\"@id\":\"https:\\\/\\\/hakmarfrance.online\\\/de\\\/produit\\\/gruener-tee-verre-dor-220g-chinesischer-gruentee\\\/#breadcrumb\",\"itemListElement\":[{\"@type\":\"ListItem\",\"position\":1,\"name\":\"Accueil\",\"item\":\"https:\\\/\\\/hakmarfrance.online\\\/de\\\/\"},{\"@type\":\"ListItem\",\"position\":2,\"name\":\"Shop\",\"item\":\"https:\\\/\\\/hakmarfrance.online\\\/de\\\/shop\\\/\"},{\"@type\":\"ListItem\",\"position\":3,\"name\":\"Gr\u00fcner Tee Verre d\u2019Or \u2013 220g (Chinesischer Gr\u00fcntee)\"}]},{\"@type\":\"WebSite\",\"@id\":\"https:\\\/\\\/hakmarfrance.online\\\/de\\\/#website\",\"url\":\"https:\\\/\\\/hakmarfrance.online\\\/de\\\/\",\"name\":\"hakmarfrance.online\",\"description\":\"\",\"publisher\":{\"@id\":\"https:\\\/\\\/hakmarfrance.online\\\/de\\\/#organization\"},\"potentialAction\":[{\"@type\":\"SearchAction\",\"target\":{\"@type\":\"EntryPoint\",\"urlTemplate\":\"https:\\\/\\\/hakmarfrance.online\\\/de\\\/?s={search_term_string}\"},\"query-input\":{\"@type\":\"PropertyValueSpecification\",\"valueRequired\":true,\"valueName\":\"search_term_string\"}}],\"inLanguage\":\"de\"},{\"@type\":\"Organization\",\"@id\":\"https:\\\/\\\/hakmarfrance.online\\\/de\\\/#organization\",\"name\":\"hakmarfrance.online\",\"url\":\"https:\\\/\\\/hakmarfrance.online\\\/de\\\/\",\"logo\":{\"@type\":\"ImageObject\",\"inLanguage\":\"de\",\"@id\":\"https:\\\/\\\/hakmarfrance.online\\\/de\\\/#\\\/schema\\\/logo\\\/image\\\/\",\"url\":\"https:\\\/\\\/hakmarfrance.online\\\/wp-content\\\/uploads\\\/2025\\\/06\\\/logo-hakmarfrance.png\",\"contentUrl\":\"https:\\\/\\\/hakmarfrance.online\\\/wp-content\\\/uploads\\\/2025\\\/06\\\/logo-hakmarfrance.png\",\"width\":528,\"height\":232,\"caption\":\"hakmarfrance.online\"},\"image\":{\"@id\":\"https:\\\/\\\/hakmarfrance.online\\\/de\\\/#\\\/schema\\\/logo\\\/image\\\/\"},\"sameAs\":[\"https:\\\/\\\/www.facebook.com\\\/HakmarFranceSupermarche\\\/?locale=fr_FR\",\"https:\\\/\\\/www.instagram.com\\\/hakmarfrancesupermarche\\\/\"]}]}<\/script>\n<!-- \/ Yoast SEO plugin. -->","yoast_head_json":{"title":"Gr\u00fcner Tee Verre d\u2019Or \u2013 220g (Chinesischer Gr\u00fcntee) - hakmarfrance.online","robots":{"index":"index","follow":"follow","max-snippet":"max-snippet:-1","max-image-preview":"max-image-preview:large","max-video-preview":"max-video-preview:-1"},"canonical":"https:\/\/hakmarfrance.online\/de\/produit\/gruener-tee-verre-dor-220g-chinesischer-gruentee\/","og_locale":"de_DE","og_type":"article","og_title":"Gr\u00fcner Tee Verre d\u2019Or \u2013 220g (Chinesischer Gr\u00fcntee) - hakmarfrance.online","og_description":"Gr\u00fcner Tee Verre d\u2019Or 220g, raffiniert und nat\u00fcrlich, 10 % gratis \u2013 ein Klassiker, den man zu jeder Tageszeit genie\u00dfen kann.","og_url":"https:\/\/hakmarfrance.online\/de\/produit\/gruener-tee-verre-dor-220g-chinesischer-gruentee\/","og_site_name":"hakmarfrance.online","article_publisher":"https:\/\/www.facebook.com\/HakmarFranceSupermarche\/?locale=fr_FR","og_image":[{"width":1000,"height":800,"url":"https:\/\/hakmarfrance.online\/wp-content\/uploads\/2025\/07\/the-vert-verre-dor-220g.avif","type":"image\/png"}],"twitter_card":"summary_large_image","schema":{"@context":"https:\/\/schema.org","@graph":[{"@type":"WebPage","@id":"https:\/\/hakmarfrance.online\/de\/produit\/gruener-tee-verre-dor-220g-chinesischer-gruentee\/","url":"https:\/\/hakmarfrance.online\/de\/produit\/gruener-tee-verre-dor-220g-chinesischer-gruentee\/","name":"Gr\u00fcner Tee Verre d\u2019Or \u2013 220g (Chinesischer Gr\u00fcntee) - hakmarfrance.online","isPartOf":{"@id":"https:\/\/hakmarfrance.online\/de\/#website"},"primaryImageOfPage":{"@id":"https:\/\/hakmarfrance.online\/de\/produit\/gruener-tee-verre-dor-220g-chinesischer-gruentee\/#primaryimage"},"image":{"@id":"https:\/\/hakmarfrance.online\/de\/produit\/gruener-tee-verre-dor-220g-chinesischer-gruentee\/#primaryimage"},"thumbnailUrl":"https:\/\/hakmarfrance.online\/wp-content\/uploads\/2025\/07\/the-vert-verre-dor-220g.avif","datePublished":"2025-07-09T08:30:34+00:00","breadcrumb":{"@id":"https:\/\/hakmarfrance.online\/de\/produit\/gruener-tee-verre-dor-220g-chinesischer-gruentee\/#breadcrumb"},"inLanguage":"de","potentialAction":[{"@type":"ReadAction","target":["https:\/\/hakmarfrance.online\/de\/produit\/gruener-tee-verre-dor-220g-chinesischer-gruentee\/"]}]},{"@type":"ImageObject","inLanguage":"de","@id":"https:\/\/hakmarfrance.online\/de\/produit\/gruener-tee-verre-dor-220g-chinesischer-gruentee\/#primaryimage","url":"https:\/\/hakmarfrance.online\/wp-content\/uploads\/2025\/07\/the-vert-verre-dor-220g.avif","contentUrl":"https:\/\/hakmarfrance.online\/wp-content\/uploads\/2025\/07\/the-vert-verre-dor-220g.avif","width":1000,"height":800,"caption":"Chinesischer Gr\u00fcntee Verre d\u2019Or \u2013 220g mit 10 % gratis"},{"@type":"BreadcrumbList","@id":"https:\/\/hakmarfrance.online\/de\/produit\/gruener-tee-verre-dor-220g-chinesischer-gruentee\/#breadcrumb","itemListElement":[{"@type":"ListItem","position":1,"name":"Accueil","item":"https:\/\/hakmarfrance.online\/de\/"},{"@type":"ListItem","position":2,"name":"Shop","item":"https:\/\/hakmarfrance.online\/de\/shop\/"},{"@type":"ListItem","position":3,"name":"Gr\u00fcner Tee Verre d\u2019Or \u2013 220g (Chinesischer Gr\u00fcntee)"}]},{"@type":"WebSite","@id":"https:\/\/hakmarfrance.online\/de\/#website","url":"https:\/\/hakmarfrance.online\/de\/","name":"hakmarfrance.online","description":"","publisher":{"@id":"https:\/\/hakmarfrance.online\/de\/#organization"},"potentialAction":[{"@type":"SearchAction","target":{"@type":"EntryPoint","urlTemplate":"https:\/\/hakmarfrance.online\/de\/?s={search_term_string}"},"query-input":{"@type":"PropertyValueSpecification","valueRequired":true,"valueName":"search_term_string"}}],"inLanguage":"de"},{"@type":"Organization","@id":"https:\/\/hakmarfrance.online\/de\/#organization","name":"hakmarfrance.online","url":"https:\/\/hakmarfrance.online\/de\/","logo":{"@type":"ImageObject","inLanguage":"de","@id":"https:\/\/hakmarfrance.online\/de\/#\/schema\/logo\/image\/","url":"https:\/\/hakmarfrance.online\/wp-content\/uploads\/2025\/06\/logo-hakmarfrance.png","contentUrl":"https:\/\/hakmarfrance.online\/wp-content\/uploads\/2025\/06\/logo-hakmarfrance.png","width":528,"height":232,"caption":"hakmarfrance.online"},"image":{"@id":"https:\/\/hakmarfrance.online\/de\/#\/schema\/logo\/image\/"},"sameAs":["https:\/\/www.facebook.com\/HakmarFranceSupermarche\/?locale=fr_FR","https:\/\/www.instagram.com\/hakmarfrancesupermarche\/"]}]}},"_links":{"self":[{"href":"https:\/\/hakmarfrance.online\/de\/wp-json\/wp\/v2\/product\/17633","targetHints":{"allow":["GET"]}}],"collection":[{"href":"https:\/\/hakmarfrance.online\/de\/wp-json\/wp\/v2\/product"}],"about":[{"href":"https:\/\/hakmarfrance.online\/de\/wp-json\/wp\/v2\/types\/product"}],"replies":[{"embeddable":true,"href":"https:\/\/hakmarfrance.online\/de\/wp-json\/wp\/v2\/comments?post=17633"}],"version-history":[{"count":0,"href":"https:\/\/hakmarfrance.online\/de\/wp-json\/wp\/v2\/product\/17633\/revisions"}],"wp:featuredmedia":[{"embeddable":true,"href":"https:\/\/hakmarfrance.online\/de\/wp-json\/wp\/v2\/media\/17634"}],"wp:attachment":[{"href":"https:\/\/hakmarfrance.online\/de\/wp-json\/wp\/v2\/media?parent=17633"}],"wp:term":[{"taxonomy":"product_brand","embeddable":true,"href":"https:\/\/hakmarfrance.online\/de\/wp-json\/wp\/v2\/product_brand?post=17633"},{"taxonomy":"product_cat","embeddable":true,"href":"https:\/\/hakmarfrance.online\/de\/wp-json\/wp\/v2\/product_cat?post=17633"},{"taxonomy":"product_tag","embeddable":true,"href":"https:\/\/hakmarfrance.online\/de\/wp-json\/wp\/v2\/product_tag?post=17633"}],"curies":[{"name":"wp","href":"https:\/\/api.w.org\/{rel}","templated":true}]}}