{"id":17637,"date":"2025-07-09T08:27:02","date_gmt":"2025-07-09T08:27:02","guid":{"rendered":"https:\/\/hakmarfrance.online\/produit\/zuckerfreier-minz-kaugummi-uelker-yildiz-dose\/"},"modified":"2025-07-09T08:27:02","modified_gmt":"2025-07-09T08:27:02","slug":"zuckerfreier-minz-kaugummi-uelker-yildiz-dose","status":"publish","type":"product","link":"https:\/\/hakmarfrance.online\/de\/produit\/zuckerfreier-minz-kaugummi-uelker-yildiz-dose\/","title":{"rendered":"Zuckerfreier Minz-Kaugummi \u2013 \u00dclker Y\u0131ld\u0131z (Dose)"},"content":{"rendered":"<p data-start=\"273\" data-end=\"621\">Entdecke die pure Frische mit dem <strong data-start=\"370\" data-end=\"410\">\u00dclker Y\u0131ld\u0131z Minz-Kaugummi<\/strong>, zuckerfrei und mit intensivem Geschmack. Seine erneuerte Formel bietet dir eine zartere Textur und ein lang anhaltendes, erfrischendes Minzaroma. Perfekt, um jederzeit einen frischen Atem zu bewahren!  <\/p>\n<p data-start=\"623\" data-end=\"659\">\u2705 <strong data-start=\"625\" data-end=\"659\">Hauptmerkmale:<\/strong><\/p>\n<ul data-start=\"660\" data-end=\"798\">\n<li data-start=\"660\" data-end=\"695\">\n<p data-start=\"662\" data-end=\"695\">Kaugummi mit Minzgeschmack<\/p>\n<\/li>\n<li data-start=\"696\" data-end=\"708\">\n<p data-start=\"698\" data-end=\"708\">Zuckerfrei<\/p>\n<\/li>\n<li data-start=\"709\" data-end=\"739\">\n<p data-start=\"711\" data-end=\"739\">Neue, zartere Formel<\/p>\n<\/li>\n<li data-start=\"740\" data-end=\"758\">\n<p data-start=\"742\" data-end=\"758\">Sparpackung<\/p>\n<\/li>\n<li data-start=\"759\" data-end=\"798\">\n<p data-start=\"761\" data-end=\"798\">Marke \u00dclker, anerkannte t\u00fcrkische Qualit\u00e4t<\/p>\n<\/li>\n<\/ul>\n","protected":false},"excerpt":{"rendered":"<p><strong data-start=\"1265\" data-end=\"1300\">\u00dclker Y\u0131ld\u0131z Minz-Kaugummi<\/strong>, zuckerfrei, mit zarter Textur und intensivem Geschmack \u2013 f\u00fcr langanhaltende Frische jederzeit!<\/p>\n","protected":false},"featured_media":17638,"comment_status":"open","ping_status":"closed","template":"","meta":{"iawp_total_views":0},"product_brand":[165],"product_cat":[226,268,273],"product_tag":[],"class_list":{"0":"post-17637","1":"product","2":"type-product","3":"status-publish","4":"has-post-thumbnail","6":"product_brand-ulker","7":"product_cat-alle-unsere-produkte","8":"product_cat-herzhafte-lebensmittel","9":"product_cat-snacks-suesswaren","11":"first","12":"instock","13":"shipping-taxable","14":"purchasable","15":"product-type-simple"},"yoast_head":"<!-- This site is optimized with the Yoast SEO plugin v27.3 - https:\/\/yoast.com\/product\/yoast-seo-wordpress\/ -->\n<title>Zuckerfreier Minz-Kaugummi \u2013 \u00dclker Y\u0131ld\u0131z (Dose) - hakmarfrance.online<\/title>\n<meta name=\"robots\" content=\"index, follow, max-snippet:-1, max-image-preview:large, max-video-preview:-1\" \/>\n<link rel=\"canonical\" href=\"https:\/\/hakmarfrance.online\/de\/produit\/zuckerfreier-minz-kaugummi-uelker-yildiz-dose\/\" \/>\n<meta property=\"og:locale\" content=\"de_DE\" \/>\n<meta property=\"og:type\" content=\"article\" \/>\n<meta property=\"og:title\" content=\"Zuckerfreier Minz-Kaugummi \u2013 \u00dclker Y\u0131ld\u0131z (Dose) - hakmarfrance.online\" \/>\n<meta property=\"og:description\" content=\"\u00dclker Y\u0131ld\u0131z Minz-Kaugummi, zuckerfrei, mit zarter Textur und intensivem Geschmack \u2013 f\u00fcr langanhaltende Frische jederzeit!\" \/>\n<meta property=\"og:url\" content=\"https:\/\/hakmarfrance.online\/de\/produit\/zuckerfreier-minz-kaugummi-uelker-yildiz-dose\/\" \/>\n<meta property=\"og:site_name\" content=\"hakmarfrance.online\" \/>\n<meta property=\"article:publisher\" content=\"https:\/\/www.facebook.com\/HakmarFranceSupermarche\/?locale=fr_FR\" \/>\n<meta property=\"og:image\" content=\"https:\/\/hakmarfrance.online\/wp-content\/uploads\/2025\/07\/chewing-gum-menthe-sans-sucre-ulker-yildiz.avif\" \/>\n\t<meta property=\"og:image:width\" content=\"1000\" \/>\n\t<meta property=\"og:image:height\" content=\"800\" \/>\n\t<meta property=\"og:image:type\" content=\"image\/png\" \/>\n<meta name=\"twitter:card\" content=\"summary_large_image\" \/>\n<script type=\"application\/ld+json\" class=\"yoast-schema-graph\">{\"@context\":\"https:\\\/\\\/schema.org\",\"@graph\":[{\"@type\":\"WebPage\",\"@id\":\"https:\\\/\\\/hakmarfrance.online\\\/de\\\/produit\\\/zuckerfreier-minz-kaugummi-uelker-yildiz-dose\\\/\",\"url\":\"https:\\\/\\\/hakmarfrance.online\\\/de\\\/produit\\\/zuckerfreier-minz-kaugummi-uelker-yildiz-dose\\\/\",\"name\":\"Zuckerfreier Minz-Kaugummi \u2013 \u00dclker Y\u0131ld\u0131z (Dose) - hakmarfrance.online\",\"isPartOf\":{\"@id\":\"https:\\\/\\\/hakmarfrance.online\\\/de\\\/#website\"},\"primaryImageOfPage\":{\"@id\":\"https:\\\/\\\/hakmarfrance.online\\\/de\\\/produit\\\/zuckerfreier-minz-kaugummi-uelker-yildiz-dose\\\/#primaryimage\"},\"image\":{\"@id\":\"https:\\\/\\\/hakmarfrance.online\\\/de\\\/produit\\\/zuckerfreier-minz-kaugummi-uelker-yildiz-dose\\\/#primaryimage\"},\"thumbnailUrl\":\"https:\\\/\\\/hakmarfrance.online\\\/wp-content\\\/uploads\\\/2025\\\/07\\\/chewing-gum-menthe-sans-sucre-ulker-yildiz.avif\",\"datePublished\":\"2025-07-09T08:27:02+00:00\",\"breadcrumb\":{\"@id\":\"https:\\\/\\\/hakmarfrance.online\\\/de\\\/produit\\\/zuckerfreier-minz-kaugummi-uelker-yildiz-dose\\\/#breadcrumb\"},\"inLanguage\":\"de\",\"potentialAction\":[{\"@type\":\"ReadAction\",\"target\":[\"https:\\\/\\\/hakmarfrance.online\\\/de\\\/produit\\\/zuckerfreier-minz-kaugummi-uelker-yildiz-dose\\\/\"]}]},{\"@type\":\"ImageObject\",\"inLanguage\":\"de\",\"@id\":\"https:\\\/\\\/hakmarfrance.online\\\/de\\\/produit\\\/zuckerfreier-minz-kaugummi-uelker-yildiz-dose\\\/#primaryimage\",\"url\":\"https:\\\/\\\/hakmarfrance.online\\\/wp-content\\\/uploads\\\/2025\\\/07\\\/chewing-gum-menthe-sans-sucre-ulker-yildiz.avif\",\"contentUrl\":\"https:\\\/\\\/hakmarfrance.online\\\/wp-content\\\/uploads\\\/2025\\\/07\\\/chewing-gum-menthe-sans-sucre-ulker-yildiz.avif\",\"width\":1000,\"height\":800,\"caption\":\"Zuckerfreier Minz-Kaugummi \u00dclker Y\u0131ld\u0131z \u2013 Sparpackung\"},{\"@type\":\"BreadcrumbList\",\"@id\":\"https:\\\/\\\/hakmarfrance.online\\\/de\\\/produit\\\/zuckerfreier-minz-kaugummi-uelker-yildiz-dose\\\/#breadcrumb\",\"itemListElement\":[{\"@type\":\"ListItem\",\"position\":1,\"name\":\"Accueil\",\"item\":\"https:\\\/\\\/hakmarfrance.online\\\/de\\\/\"},{\"@type\":\"ListItem\",\"position\":2,\"name\":\"Shop\",\"item\":\"https:\\\/\\\/hakmarfrance.online\\\/de\\\/shop\\\/\"},{\"@type\":\"ListItem\",\"position\":3,\"name\":\"Zuckerfreier Minz-Kaugummi \u2013 \u00dclker Y\u0131ld\u0131z (Dose)\"}]},{\"@type\":\"WebSite\",\"@id\":\"https:\\\/\\\/hakmarfrance.online\\\/de\\\/#website\",\"url\":\"https:\\\/\\\/hakmarfrance.online\\\/de\\\/\",\"name\":\"hakmarfrance.online\",\"description\":\"\",\"publisher\":{\"@id\":\"https:\\\/\\\/hakmarfrance.online\\\/de\\\/#organization\"},\"potentialAction\":[{\"@type\":\"SearchAction\",\"target\":{\"@type\":\"EntryPoint\",\"urlTemplate\":\"https:\\\/\\\/hakmarfrance.online\\\/de\\\/?s={search_term_string}\"},\"query-input\":{\"@type\":\"PropertyValueSpecification\",\"valueRequired\":true,\"valueName\":\"search_term_string\"}}],\"inLanguage\":\"de\"},{\"@type\":\"Organization\",\"@id\":\"https:\\\/\\\/hakmarfrance.online\\\/de\\\/#organization\",\"name\":\"hakmarfrance.online\",\"url\":\"https:\\\/\\\/hakmarfrance.online\\\/de\\\/\",\"logo\":{\"@type\":\"ImageObject\",\"inLanguage\":\"de\",\"@id\":\"https:\\\/\\\/hakmarfrance.online\\\/de\\\/#\\\/schema\\\/logo\\\/image\\\/\",\"url\":\"https:\\\/\\\/hakmarfrance.online\\\/wp-content\\\/uploads\\\/2025\\\/06\\\/logo-hakmarfrance.png\",\"contentUrl\":\"https:\\\/\\\/hakmarfrance.online\\\/wp-content\\\/uploads\\\/2025\\\/06\\\/logo-hakmarfrance.png\",\"width\":528,\"height\":232,\"caption\":\"hakmarfrance.online\"},\"image\":{\"@id\":\"https:\\\/\\\/hakmarfrance.online\\\/de\\\/#\\\/schema\\\/logo\\\/image\\\/\"},\"sameAs\":[\"https:\\\/\\\/www.facebook.com\\\/HakmarFranceSupermarche\\\/?locale=fr_FR\",\"https:\\\/\\\/www.instagram.com\\\/hakmarfrancesupermarche\\\/\"]}]}<\/script>\n<!-- \/ Yoast SEO plugin. -->","yoast_head_json":{"title":"Zuckerfreier Minz-Kaugummi \u2013 \u00dclker Y\u0131ld\u0131z (Dose) - hakmarfrance.online","robots":{"index":"index","follow":"follow","max-snippet":"max-snippet:-1","max-image-preview":"max-image-preview:large","max-video-preview":"max-video-preview:-1"},"canonical":"https:\/\/hakmarfrance.online\/de\/produit\/zuckerfreier-minz-kaugummi-uelker-yildiz-dose\/","og_locale":"de_DE","og_type":"article","og_title":"Zuckerfreier Minz-Kaugummi \u2013 \u00dclker Y\u0131ld\u0131z (Dose) - hakmarfrance.online","og_description":"\u00dclker Y\u0131ld\u0131z Minz-Kaugummi, zuckerfrei, mit zarter Textur und intensivem Geschmack \u2013 f\u00fcr langanhaltende Frische jederzeit!","og_url":"https:\/\/hakmarfrance.online\/de\/produit\/zuckerfreier-minz-kaugummi-uelker-yildiz-dose\/","og_site_name":"hakmarfrance.online","article_publisher":"https:\/\/www.facebook.com\/HakmarFranceSupermarche\/?locale=fr_FR","og_image":[{"width":1000,"height":800,"url":"https:\/\/hakmarfrance.online\/wp-content\/uploads\/2025\/07\/chewing-gum-menthe-sans-sucre-ulker-yildiz.avif","type":"image\/png"}],"twitter_card":"summary_large_image","schema":{"@context":"https:\/\/schema.org","@graph":[{"@type":"WebPage","@id":"https:\/\/hakmarfrance.online\/de\/produit\/zuckerfreier-minz-kaugummi-uelker-yildiz-dose\/","url":"https:\/\/hakmarfrance.online\/de\/produit\/zuckerfreier-minz-kaugummi-uelker-yildiz-dose\/","name":"Zuckerfreier Minz-Kaugummi \u2013 \u00dclker Y\u0131ld\u0131z (Dose) - hakmarfrance.online","isPartOf":{"@id":"https:\/\/hakmarfrance.online\/de\/#website"},"primaryImageOfPage":{"@id":"https:\/\/hakmarfrance.online\/de\/produit\/zuckerfreier-minz-kaugummi-uelker-yildiz-dose\/#primaryimage"},"image":{"@id":"https:\/\/hakmarfrance.online\/de\/produit\/zuckerfreier-minz-kaugummi-uelker-yildiz-dose\/#primaryimage"},"thumbnailUrl":"https:\/\/hakmarfrance.online\/wp-content\/uploads\/2025\/07\/chewing-gum-menthe-sans-sucre-ulker-yildiz.avif","datePublished":"2025-07-09T08:27:02+00:00","breadcrumb":{"@id":"https:\/\/hakmarfrance.online\/de\/produit\/zuckerfreier-minz-kaugummi-uelker-yildiz-dose\/#breadcrumb"},"inLanguage":"de","potentialAction":[{"@type":"ReadAction","target":["https:\/\/hakmarfrance.online\/de\/produit\/zuckerfreier-minz-kaugummi-uelker-yildiz-dose\/"]}]},{"@type":"ImageObject","inLanguage":"de","@id":"https:\/\/hakmarfrance.online\/de\/produit\/zuckerfreier-minz-kaugummi-uelker-yildiz-dose\/#primaryimage","url":"https:\/\/hakmarfrance.online\/wp-content\/uploads\/2025\/07\/chewing-gum-menthe-sans-sucre-ulker-yildiz.avif","contentUrl":"https:\/\/hakmarfrance.online\/wp-content\/uploads\/2025\/07\/chewing-gum-menthe-sans-sucre-ulker-yildiz.avif","width":1000,"height":800,"caption":"Zuckerfreier Minz-Kaugummi \u00dclker Y\u0131ld\u0131z \u2013 Sparpackung"},{"@type":"BreadcrumbList","@id":"https:\/\/hakmarfrance.online\/de\/produit\/zuckerfreier-minz-kaugummi-uelker-yildiz-dose\/#breadcrumb","itemListElement":[{"@type":"ListItem","position":1,"name":"Accueil","item":"https:\/\/hakmarfrance.online\/de\/"},{"@type":"ListItem","position":2,"name":"Shop","item":"https:\/\/hakmarfrance.online\/de\/shop\/"},{"@type":"ListItem","position":3,"name":"Zuckerfreier Minz-Kaugummi \u2013 \u00dclker Y\u0131ld\u0131z (Dose)"}]},{"@type":"WebSite","@id":"https:\/\/hakmarfrance.online\/de\/#website","url":"https:\/\/hakmarfrance.online\/de\/","name":"hakmarfrance.online","description":"","publisher":{"@id":"https:\/\/hakmarfrance.online\/de\/#organization"},"potentialAction":[{"@type":"SearchAction","target":{"@type":"EntryPoint","urlTemplate":"https:\/\/hakmarfrance.online\/de\/?s={search_term_string}"},"query-input":{"@type":"PropertyValueSpecification","valueRequired":true,"valueName":"search_term_string"}}],"inLanguage":"de"},{"@type":"Organization","@id":"https:\/\/hakmarfrance.online\/de\/#organization","name":"hakmarfrance.online","url":"https:\/\/hakmarfrance.online\/de\/","logo":{"@type":"ImageObject","inLanguage":"de","@id":"https:\/\/hakmarfrance.online\/de\/#\/schema\/logo\/image\/","url":"https:\/\/hakmarfrance.online\/wp-content\/uploads\/2025\/06\/logo-hakmarfrance.png","contentUrl":"https:\/\/hakmarfrance.online\/wp-content\/uploads\/2025\/06\/logo-hakmarfrance.png","width":528,"height":232,"caption":"hakmarfrance.online"},"image":{"@id":"https:\/\/hakmarfrance.online\/de\/#\/schema\/logo\/image\/"},"sameAs":["https:\/\/www.facebook.com\/HakmarFranceSupermarche\/?locale=fr_FR","https:\/\/www.instagram.com\/hakmarfrancesupermarche\/"]}]}},"_links":{"self":[{"href":"https:\/\/hakmarfrance.online\/de\/wp-json\/wp\/v2\/product\/17637","targetHints":{"allow":["GET"]}}],"collection":[{"href":"https:\/\/hakmarfrance.online\/de\/wp-json\/wp\/v2\/product"}],"about":[{"href":"https:\/\/hakmarfrance.online\/de\/wp-json\/wp\/v2\/types\/product"}],"replies":[{"embeddable":true,"href":"https:\/\/hakmarfrance.online\/de\/wp-json\/wp\/v2\/comments?post=17637"}],"version-history":[{"count":0,"href":"https:\/\/hakmarfrance.online\/de\/wp-json\/wp\/v2\/product\/17637\/revisions"}],"wp:featuredmedia":[{"embeddable":true,"href":"https:\/\/hakmarfrance.online\/de\/wp-json\/wp\/v2\/media\/17638"}],"wp:attachment":[{"href":"https:\/\/hakmarfrance.online\/de\/wp-json\/wp\/v2\/media?parent=17637"}],"wp:term":[{"taxonomy":"product_brand","embeddable":true,"href":"https:\/\/hakmarfrance.online\/de\/wp-json\/wp\/v2\/product_brand?post=17637"},{"taxonomy":"product_cat","embeddable":true,"href":"https:\/\/hakmarfrance.online\/de\/wp-json\/wp\/v2\/product_cat?post=17637"},{"taxonomy":"product_tag","embeddable":true,"href":"https:\/\/hakmarfrance.online\/de\/wp-json\/wp\/v2\/product_tag?post=17637"}],"curies":[{"name":"wp","href":"https:\/\/api.w.org\/{rel}","templated":true}]}}