{"id":17639,"date":"2025-07-09T08:37:14","date_gmt":"2025-07-09T08:37:14","guid":{"rendered":"https:\/\/hakmarfrance.online\/produit\/domovina-karamela-100-premium-karamell-patisseriecreme\/"},"modified":"2025-07-09T08:37:14","modified_gmt":"2025-07-09T08:37:14","slug":"domovina-karamela-100-premium-karamell-patisseriecreme","status":"publish","type":"product","link":"https:\/\/hakmarfrance.online\/de\/produit\/domovina-karamela-100-premium-karamell-patisseriecreme\/","title":{"rendered":"DOMOVINA Karamela \u2013 100 % Premium Karamell-P\u00e2tisseriecreme"},"content":{"rendered":"<p data-start=\"253\" data-end=\"619\">Verleihe deinen Desserts eine k\u00f6stliche Note mit der <strong data-start=\"365\" data-end=\"400\">DOMOVINA Karamela Karamellcreme<\/strong>. Diese cremige Paste ist ideal zum Garnieren, Bestreichen oder F\u00fcllen deiner Kuchen, Geb\u00e4ckst\u00fccke oder Cr\u00eapes. Hergestellt aus Premium-Zutaten, veredelt sie jeden Bissen mit einem unwiderstehlichen Karamellgeschmack.  <\/p>\n<p data-start=\"621\" data-end=\"657\">\u2705 <strong data-start=\"623\" data-end=\"657\">Hauptmerkmale:<\/strong><\/p>\n<ul data-start=\"658\" data-end=\"915\">\n<li data-start=\"658\" data-end=\"704\">\n<p data-start=\"660\" data-end=\"704\">Gebrauchsfertige Karamell-P\u00e2tisseriecreme<\/p>\n<\/li>\n<li data-start=\"705\" data-end=\"732\">\n<p data-start=\"707\" data-end=\"732\">Glatte und zartschmelzende Textur<\/p>\n<\/li>\n<li data-start=\"733\" data-end=\"797\">\n<p data-start=\"735\" data-end=\"797\">Einfache Anwendung beim Backen: F\u00fcllung, \u00dcberzug, Glasur<\/p>\n<\/li>\n<li data-start=\"798\" data-end=\"833\">\n<p data-start=\"800\" data-end=\"833\">Reichhaltiger und cremiger Karamellgeschmack<\/p>\n<\/li>\n<li data-start=\"834\" data-end=\"879\">\n<p data-start=\"836\" data-end=\"879\">Praktische Verpackung im wiederverschlie\u00dfbaren Eimer<\/p>\n<\/li>\n<li data-start=\"880\" data-end=\"915\">\n<p data-start=\"882\" data-end=\"915\">Premium-Produkt von DOMOVINA GmbH<\/p>\n<\/li>\n<\/ul>\n","protected":false},"excerpt":{"rendered":"<p><strong data-start=\"1332\" data-end=\"1367\">DOMOVINA Karamela Karamellcreme<\/strong>, perfekt, um deine hausgemachten Desserts mit einer s\u00fc\u00dfen und zartschmelzenden Note zu garnieren.<\/p>\n","protected":false},"featured_media":17640,"comment_status":"open","ping_status":"closed","template":"","meta":{"iawp_total_views":0},"product_brand":[211],"product_cat":[226,274,273,272],"product_tag":[],"class_list":{"0":"post-17639","1":"product","2":"type-product","3":"status-publish","4":"has-post-thumbnail","6":"product_brand-domovina","7":"product_cat-alle-unsere-produkte","8":"product_cat-kekse-orientalische-kuchen","9":"product_cat-snacks-suesswaren","10":"product_cat-suesse-lebensmittel","12":"first","13":"instock","14":"shipping-taxable","15":"purchasable","16":"product-type-simple"},"yoast_head":"<!-- This site is optimized with the Yoast SEO plugin v27.3 - https:\/\/yoast.com\/product\/yoast-seo-wordpress\/ -->\n<title>DOMOVINA Karamela \u2013 100 % Premium Karamell-P\u00e2tisseriecreme - hakmarfrance.online<\/title>\n<meta name=\"robots\" content=\"index, follow, max-snippet:-1, max-image-preview:large, max-video-preview:-1\" \/>\n<link rel=\"canonical\" href=\"https:\/\/hakmarfrance.online\/de\/produit\/domovina-karamela-100-premium-karamell-patisseriecreme\/\" \/>\n<meta property=\"og:locale\" content=\"de_DE\" \/>\n<meta property=\"og:type\" content=\"article\" \/>\n<meta property=\"og:title\" content=\"DOMOVINA Karamela \u2013 100 % Premium Karamell-P\u00e2tisseriecreme - hakmarfrance.online\" \/>\n<meta property=\"og:description\" content=\"DOMOVINA Karamela Karamellcreme, perfekt, um deine hausgemachten Desserts mit einer s\u00fc\u00dfen und zartschmelzenden Note zu garnieren.\" \/>\n<meta property=\"og:url\" content=\"https:\/\/hakmarfrance.online\/de\/produit\/domovina-karamela-100-premium-karamell-patisseriecreme\/\" \/>\n<meta property=\"og:site_name\" content=\"hakmarfrance.online\" \/>\n<meta property=\"article:publisher\" content=\"https:\/\/www.facebook.com\/HakmarFranceSupermarche\/?locale=fr_FR\" \/>\n<meta property=\"og:image\" content=\"https:\/\/hakmarfrance.online\/wp-content\/uploads\/2025\/07\/creme-caramel-domovina-karamela.avif\" \/>\n\t<meta property=\"og:image:width\" content=\"1000\" \/>\n\t<meta property=\"og:image:height\" content=\"800\" \/>\n\t<meta property=\"og:image:type\" content=\"image\/png\" \/>\n<meta name=\"twitter:card\" content=\"summary_large_image\" \/>\n<script type=\"application\/ld+json\" class=\"yoast-schema-graph\">{\"@context\":\"https:\\\/\\\/schema.org\",\"@graph\":[{\"@type\":\"WebPage\",\"@id\":\"https:\\\/\\\/hakmarfrance.online\\\/de\\\/produit\\\/domovina-karamela-100-premium-karamell-patisseriecreme\\\/\",\"url\":\"https:\\\/\\\/hakmarfrance.online\\\/de\\\/produit\\\/domovina-karamela-100-premium-karamell-patisseriecreme\\\/\",\"name\":\"DOMOVINA Karamela \u2013 100 % Premium Karamell-P\u00e2tisseriecreme - hakmarfrance.online\",\"isPartOf\":{\"@id\":\"https:\\\/\\\/hakmarfrance.online\\\/de\\\/#website\"},\"primaryImageOfPage\":{\"@id\":\"https:\\\/\\\/hakmarfrance.online\\\/de\\\/produit\\\/domovina-karamela-100-premium-karamell-patisseriecreme\\\/#primaryimage\"},\"image\":{\"@id\":\"https:\\\/\\\/hakmarfrance.online\\\/de\\\/produit\\\/domovina-karamela-100-premium-karamell-patisseriecreme\\\/#primaryimage\"},\"thumbnailUrl\":\"https:\\\/\\\/hakmarfrance.online\\\/wp-content\\\/uploads\\\/2025\\\/07\\\/creme-caramel-domovina-karamela.avif\",\"datePublished\":\"2025-07-09T08:37:14+00:00\",\"breadcrumb\":{\"@id\":\"https:\\\/\\\/hakmarfrance.online\\\/de\\\/produit\\\/domovina-karamela-100-premium-karamell-patisseriecreme\\\/#breadcrumb\"},\"inLanguage\":\"de\",\"potentialAction\":[{\"@type\":\"ReadAction\",\"target\":[\"https:\\\/\\\/hakmarfrance.online\\\/de\\\/produit\\\/domovina-karamela-100-premium-karamell-patisseriecreme\\\/\"]}]},{\"@type\":\"ImageObject\",\"inLanguage\":\"de\",\"@id\":\"https:\\\/\\\/hakmarfrance.online\\\/de\\\/produit\\\/domovina-karamela-100-premium-karamell-patisseriecreme\\\/#primaryimage\",\"url\":\"https:\\\/\\\/hakmarfrance.online\\\/wp-content\\\/uploads\\\/2025\\\/07\\\/creme-caramel-domovina-karamela.avif\",\"contentUrl\":\"https:\\\/\\\/hakmarfrance.online\\\/wp-content\\\/uploads\\\/2025\\\/07\\\/creme-caramel-domovina-karamela.avif\",\"width\":1000,\"height\":800,\"caption\":\"DOMOVINA Karamela \u2013 K\u00f6stliche Karamellcreme f\u00fcr Desserts und Kuchen\"},{\"@type\":\"BreadcrumbList\",\"@id\":\"https:\\\/\\\/hakmarfrance.online\\\/de\\\/produit\\\/domovina-karamela-100-premium-karamell-patisseriecreme\\\/#breadcrumb\",\"itemListElement\":[{\"@type\":\"ListItem\",\"position\":1,\"name\":\"Accueil\",\"item\":\"https:\\\/\\\/hakmarfrance.online\\\/de\\\/\"},{\"@type\":\"ListItem\",\"position\":2,\"name\":\"Shop\",\"item\":\"https:\\\/\\\/hakmarfrance.online\\\/de\\\/shop\\\/\"},{\"@type\":\"ListItem\",\"position\":3,\"name\":\"DOMOVINA Karamela \u2013 100 % Premium Karamell-P\u00e2tisseriecreme\"}]},{\"@type\":\"WebSite\",\"@id\":\"https:\\\/\\\/hakmarfrance.online\\\/de\\\/#website\",\"url\":\"https:\\\/\\\/hakmarfrance.online\\\/de\\\/\",\"name\":\"hakmarfrance.online\",\"description\":\"\",\"publisher\":{\"@id\":\"https:\\\/\\\/hakmarfrance.online\\\/de\\\/#organization\"},\"potentialAction\":[{\"@type\":\"SearchAction\",\"target\":{\"@type\":\"EntryPoint\",\"urlTemplate\":\"https:\\\/\\\/hakmarfrance.online\\\/de\\\/?s={search_term_string}\"},\"query-input\":{\"@type\":\"PropertyValueSpecification\",\"valueRequired\":true,\"valueName\":\"search_term_string\"}}],\"inLanguage\":\"de\"},{\"@type\":\"Organization\",\"@id\":\"https:\\\/\\\/hakmarfrance.online\\\/de\\\/#organization\",\"name\":\"hakmarfrance.online\",\"url\":\"https:\\\/\\\/hakmarfrance.online\\\/de\\\/\",\"logo\":{\"@type\":\"ImageObject\",\"inLanguage\":\"de\",\"@id\":\"https:\\\/\\\/hakmarfrance.online\\\/de\\\/#\\\/schema\\\/logo\\\/image\\\/\",\"url\":\"https:\\\/\\\/hakmarfrance.online\\\/wp-content\\\/uploads\\\/2025\\\/06\\\/logo-hakmarfrance.png\",\"contentUrl\":\"https:\\\/\\\/hakmarfrance.online\\\/wp-content\\\/uploads\\\/2025\\\/06\\\/logo-hakmarfrance.png\",\"width\":528,\"height\":232,\"caption\":\"hakmarfrance.online\"},\"image\":{\"@id\":\"https:\\\/\\\/hakmarfrance.online\\\/de\\\/#\\\/schema\\\/logo\\\/image\\\/\"},\"sameAs\":[\"https:\\\/\\\/www.facebook.com\\\/HakmarFranceSupermarche\\\/?locale=fr_FR\",\"https:\\\/\\\/www.instagram.com\\\/hakmarfrancesupermarche\\\/\"]}]}<\/script>\n<!-- \/ Yoast SEO plugin. -->","yoast_head_json":{"title":"DOMOVINA Karamela \u2013 100 % Premium Karamell-P\u00e2tisseriecreme - hakmarfrance.online","robots":{"index":"index","follow":"follow","max-snippet":"max-snippet:-1","max-image-preview":"max-image-preview:large","max-video-preview":"max-video-preview:-1"},"canonical":"https:\/\/hakmarfrance.online\/de\/produit\/domovina-karamela-100-premium-karamell-patisseriecreme\/","og_locale":"de_DE","og_type":"article","og_title":"DOMOVINA Karamela \u2013 100 % Premium Karamell-P\u00e2tisseriecreme - hakmarfrance.online","og_description":"DOMOVINA Karamela Karamellcreme, perfekt, um deine hausgemachten Desserts mit einer s\u00fc\u00dfen und zartschmelzenden Note zu garnieren.","og_url":"https:\/\/hakmarfrance.online\/de\/produit\/domovina-karamela-100-premium-karamell-patisseriecreme\/","og_site_name":"hakmarfrance.online","article_publisher":"https:\/\/www.facebook.com\/HakmarFranceSupermarche\/?locale=fr_FR","og_image":[{"width":1000,"height":800,"url":"https:\/\/hakmarfrance.online\/wp-content\/uploads\/2025\/07\/creme-caramel-domovina-karamela.avif","type":"image\/png"}],"twitter_card":"summary_large_image","schema":{"@context":"https:\/\/schema.org","@graph":[{"@type":"WebPage","@id":"https:\/\/hakmarfrance.online\/de\/produit\/domovina-karamela-100-premium-karamell-patisseriecreme\/","url":"https:\/\/hakmarfrance.online\/de\/produit\/domovina-karamela-100-premium-karamell-patisseriecreme\/","name":"DOMOVINA Karamela \u2013 100 % Premium Karamell-P\u00e2tisseriecreme - hakmarfrance.online","isPartOf":{"@id":"https:\/\/hakmarfrance.online\/de\/#website"},"primaryImageOfPage":{"@id":"https:\/\/hakmarfrance.online\/de\/produit\/domovina-karamela-100-premium-karamell-patisseriecreme\/#primaryimage"},"image":{"@id":"https:\/\/hakmarfrance.online\/de\/produit\/domovina-karamela-100-premium-karamell-patisseriecreme\/#primaryimage"},"thumbnailUrl":"https:\/\/hakmarfrance.online\/wp-content\/uploads\/2025\/07\/creme-caramel-domovina-karamela.avif","datePublished":"2025-07-09T08:37:14+00:00","breadcrumb":{"@id":"https:\/\/hakmarfrance.online\/de\/produit\/domovina-karamela-100-premium-karamell-patisseriecreme\/#breadcrumb"},"inLanguage":"de","potentialAction":[{"@type":"ReadAction","target":["https:\/\/hakmarfrance.online\/de\/produit\/domovina-karamela-100-premium-karamell-patisseriecreme\/"]}]},{"@type":"ImageObject","inLanguage":"de","@id":"https:\/\/hakmarfrance.online\/de\/produit\/domovina-karamela-100-premium-karamell-patisseriecreme\/#primaryimage","url":"https:\/\/hakmarfrance.online\/wp-content\/uploads\/2025\/07\/creme-caramel-domovina-karamela.avif","contentUrl":"https:\/\/hakmarfrance.online\/wp-content\/uploads\/2025\/07\/creme-caramel-domovina-karamela.avif","width":1000,"height":800,"caption":"DOMOVINA Karamela \u2013 K\u00f6stliche Karamellcreme f\u00fcr Desserts und Kuchen"},{"@type":"BreadcrumbList","@id":"https:\/\/hakmarfrance.online\/de\/produit\/domovina-karamela-100-premium-karamell-patisseriecreme\/#breadcrumb","itemListElement":[{"@type":"ListItem","position":1,"name":"Accueil","item":"https:\/\/hakmarfrance.online\/de\/"},{"@type":"ListItem","position":2,"name":"Shop","item":"https:\/\/hakmarfrance.online\/de\/shop\/"},{"@type":"ListItem","position":3,"name":"DOMOVINA Karamela \u2013 100 % Premium Karamell-P\u00e2tisseriecreme"}]},{"@type":"WebSite","@id":"https:\/\/hakmarfrance.online\/de\/#website","url":"https:\/\/hakmarfrance.online\/de\/","name":"hakmarfrance.online","description":"","publisher":{"@id":"https:\/\/hakmarfrance.online\/de\/#organization"},"potentialAction":[{"@type":"SearchAction","target":{"@type":"EntryPoint","urlTemplate":"https:\/\/hakmarfrance.online\/de\/?s={search_term_string}"},"query-input":{"@type":"PropertyValueSpecification","valueRequired":true,"valueName":"search_term_string"}}],"inLanguage":"de"},{"@type":"Organization","@id":"https:\/\/hakmarfrance.online\/de\/#organization","name":"hakmarfrance.online","url":"https:\/\/hakmarfrance.online\/de\/","logo":{"@type":"ImageObject","inLanguage":"de","@id":"https:\/\/hakmarfrance.online\/de\/#\/schema\/logo\/image\/","url":"https:\/\/hakmarfrance.online\/wp-content\/uploads\/2025\/06\/logo-hakmarfrance.png","contentUrl":"https:\/\/hakmarfrance.online\/wp-content\/uploads\/2025\/06\/logo-hakmarfrance.png","width":528,"height":232,"caption":"hakmarfrance.online"},"image":{"@id":"https:\/\/hakmarfrance.online\/de\/#\/schema\/logo\/image\/"},"sameAs":["https:\/\/www.facebook.com\/HakmarFranceSupermarche\/?locale=fr_FR","https:\/\/www.instagram.com\/hakmarfrancesupermarche\/"]}]}},"_links":{"self":[{"href":"https:\/\/hakmarfrance.online\/de\/wp-json\/wp\/v2\/product\/17639","targetHints":{"allow":["GET"]}}],"collection":[{"href":"https:\/\/hakmarfrance.online\/de\/wp-json\/wp\/v2\/product"}],"about":[{"href":"https:\/\/hakmarfrance.online\/de\/wp-json\/wp\/v2\/types\/product"}],"replies":[{"embeddable":true,"href":"https:\/\/hakmarfrance.online\/de\/wp-json\/wp\/v2\/comments?post=17639"}],"version-history":[{"count":0,"href":"https:\/\/hakmarfrance.online\/de\/wp-json\/wp\/v2\/product\/17639\/revisions"}],"wp:featuredmedia":[{"embeddable":true,"href":"https:\/\/hakmarfrance.online\/de\/wp-json\/wp\/v2\/media\/17640"}],"wp:attachment":[{"href":"https:\/\/hakmarfrance.online\/de\/wp-json\/wp\/v2\/media?parent=17639"}],"wp:term":[{"taxonomy":"product_brand","embeddable":true,"href":"https:\/\/hakmarfrance.online\/de\/wp-json\/wp\/v2\/product_brand?post=17639"},{"taxonomy":"product_cat","embeddable":true,"href":"https:\/\/hakmarfrance.online\/de\/wp-json\/wp\/v2\/product_cat?post=17639"},{"taxonomy":"product_tag","embeddable":true,"href":"https:\/\/hakmarfrance.online\/de\/wp-json\/wp\/v2\/product_tag?post=17639"}],"curies":[{"name":"wp","href":"https:\/\/api.w.org\/{rel}","templated":true}]}}