{"id":17641,"date":"2025-07-09T08:38:47","date_gmt":"2025-07-09T08:38:47","guid":{"rendered":"https:\/\/hakmarfrance.online\/produit\/creme-karamell-natura-farsitura-karamell\/"},"modified":"2025-07-09T08:38:47","modified_gmt":"2025-07-09T08:38:47","slug":"creme-karamell-natura-farsitura-karamell","status":"publish","type":"product","link":"https:\/\/hakmarfrance.online\/de\/produit\/creme-karamell-natura-farsitura-karamell\/","title":{"rendered":"creme-karamell-natura-farsitura-karamell."},"content":{"rendered":"<p data-start=\"272\" data-end=\"629\">Verleihe deinen Backwaren ein k\u00f6stliches Finish mit der <strong data-start=\"387\" data-end=\"430\">Karamellcreme NATURA Farsitura Karamell<\/strong>. Ihre cremige Textur und ihr intensiver Geschmack machen sie zur perfekten Zutat zum F\u00fcllen, Bestreichen oder Garnieren deiner Desserts. Sorgf\u00e4ltig zubereitet, ist diese Karamellcreme der Verb\u00fcndete aller S\u00fc\u00dfigkeitenliebhaber.  <\/p>\n<p data-start=\"631\" data-end=\"667\">\u2705 <strong data-start=\"633\" data-end=\"667\">Hauptmerkmale:<\/strong><\/p>\n<ul data-start=\"668\" data-end=\"864\">\n<li data-start=\"668\" data-end=\"700\">\n<p data-start=\"670\" data-end=\"700\">Gebrauchsfertige Karamellcreme<\/p>\n<\/li>\n<li data-start=\"701\" data-end=\"730\">\n<p data-start=\"703\" data-end=\"730\">Cremige und zartschmelzende Textur<\/p>\n<\/li>\n<li data-start=\"731\" data-end=\"751\">\n<p data-start=\"733\" data-end=\"751\">100 % Geschmack garantiert<\/p>\n<\/li>\n<li data-start=\"752\" data-end=\"800\">\n<p data-start=\"754\" data-end=\"800\">Ideal f\u00fcr Geb\u00e4ck, Kuchen, Feingeb\u00e4ck<\/p>\n<\/li>\n<li data-start=\"801\" data-end=\"842\">\n<p data-start=\"803\" data-end=\"842\">Wiederverschlie\u00dfbarer Eimer mit Frischesiegel<\/p>\n<\/li>\n<li data-start=\"843\" data-end=\"864\">\n<p data-start=\"845\" data-end=\"864\">Hergestellt von Natura<\/p>\n<\/li>\n<\/ul>\n","protected":false},"excerpt":{"rendered":"<p>Karamellcreme NATURA Farsitura Karamell \u2013 Um deine Desserts mit einer s\u00fc\u00dfen und k\u00f6stlichen Note zu verfeinern.<\/p>\n","protected":false},"featured_media":17642,"comment_status":"open","ping_status":"closed","template":"","meta":{"iawp_total_views":0},"product_brand":[],"product_cat":[226,268,272],"product_tag":[],"class_list":{"0":"post-17641","1":"product","2":"type-product","3":"status-publish","4":"has-post-thumbnail","6":"product_cat-alle-unsere-produkte","7":"product_cat-herzhafte-lebensmittel","8":"product_cat-suesse-lebensmittel","10":"first","11":"instock","12":"shipping-taxable","13":"purchasable","14":"product-type-simple"},"yoast_head":"<!-- This site is optimized with the Yoast SEO plugin v27.3 - https:\/\/yoast.com\/product\/yoast-seo-wordpress\/ -->\n<title>creme-karamell-natura-farsitura-karamell. - hakmarfrance.online<\/title>\n<meta name=\"robots\" content=\"index, follow, max-snippet:-1, max-image-preview:large, max-video-preview:-1\" \/>\n<link rel=\"canonical\" href=\"https:\/\/hakmarfrance.online\/de\/produit\/creme-karamell-natura-farsitura-karamell\/\" \/>\n<meta property=\"og:locale\" content=\"de_DE\" \/>\n<meta property=\"og:type\" content=\"article\" \/>\n<meta property=\"og:title\" content=\"creme-karamell-natura-farsitura-karamell. - hakmarfrance.online\" \/>\n<meta property=\"og:description\" content=\"Karamellcreme NATURA Farsitura Karamell \u2013 Um deine Desserts mit einer s\u00fc\u00dfen und k\u00f6stlichen Note zu verfeinern.\" \/>\n<meta property=\"og:url\" content=\"https:\/\/hakmarfrance.online\/de\/produit\/creme-karamell-natura-farsitura-karamell\/\" \/>\n<meta property=\"og:site_name\" content=\"hakmarfrance.online\" \/>\n<meta property=\"article:publisher\" content=\"https:\/\/www.facebook.com\/HakmarFranceSupermarche\/?locale=fr_FR\" \/>\n<meta property=\"og:image\" content=\"https:\/\/hakmarfrance.online\/wp-content\/uploads\/2025\/07\/creme-caramel-natura-farsitura-karamell.avif\" \/>\n\t<meta property=\"og:image:width\" content=\"1000\" \/>\n\t<meta property=\"og:image:height\" content=\"800\" \/>\n\t<meta property=\"og:image:type\" content=\"image\/png\" \/>\n<meta name=\"twitter:card\" content=\"summary_large_image\" \/>\n<script type=\"application\/ld+json\" class=\"yoast-schema-graph\">{\"@context\":\"https:\\\/\\\/schema.org\",\"@graph\":[{\"@type\":\"WebPage\",\"@id\":\"https:\\\/\\\/hakmarfrance.online\\\/de\\\/produit\\\/creme-karamell-natura-farsitura-karamell\\\/\",\"url\":\"https:\\\/\\\/hakmarfrance.online\\\/de\\\/produit\\\/creme-karamell-natura-farsitura-karamell\\\/\",\"name\":\"creme-karamell-natura-farsitura-karamell. - hakmarfrance.online\",\"isPartOf\":{\"@id\":\"https:\\\/\\\/hakmarfrance.online\\\/de\\\/#website\"},\"primaryImageOfPage\":{\"@id\":\"https:\\\/\\\/hakmarfrance.online\\\/de\\\/produit\\\/creme-karamell-natura-farsitura-karamell\\\/#primaryimage\"},\"image\":{\"@id\":\"https:\\\/\\\/hakmarfrance.online\\\/de\\\/produit\\\/creme-karamell-natura-farsitura-karamell\\\/#primaryimage\"},\"thumbnailUrl\":\"https:\\\/\\\/hakmarfrance.online\\\/wp-content\\\/uploads\\\/2025\\\/07\\\/creme-caramel-natura-farsitura-karamell.avif\",\"datePublished\":\"2025-07-09T08:38:47+00:00\",\"breadcrumb\":{\"@id\":\"https:\\\/\\\/hakmarfrance.online\\\/de\\\/produit\\\/creme-karamell-natura-farsitura-karamell\\\/#breadcrumb\"},\"inLanguage\":\"de\",\"potentialAction\":[{\"@type\":\"ReadAction\",\"target\":[\"https:\\\/\\\/hakmarfrance.online\\\/de\\\/produit\\\/creme-karamell-natura-farsitura-karamell\\\/\"]}]},{\"@type\":\"ImageObject\",\"inLanguage\":\"de\",\"@id\":\"https:\\\/\\\/hakmarfrance.online\\\/de\\\/produit\\\/creme-karamell-natura-farsitura-karamell\\\/#primaryimage\",\"url\":\"https:\\\/\\\/hakmarfrance.online\\\/wp-content\\\/uploads\\\/2025\\\/07\\\/creme-caramel-natura-farsitura-karamell.avif\",\"contentUrl\":\"https:\\\/\\\/hakmarfrance.online\\\/wp-content\\\/uploads\\\/2025\\\/07\\\/creme-caramel-natura-farsitura-karamell.avif\",\"width\":1000,\"height\":800,\"caption\":\"Karamellcreme NATURA \u2013 Farsitura Karamell 100 % Geschmack f\u00fcr Patisserie-F\u00fcllungen\"},{\"@type\":\"BreadcrumbList\",\"@id\":\"https:\\\/\\\/hakmarfrance.online\\\/de\\\/produit\\\/creme-karamell-natura-farsitura-karamell\\\/#breadcrumb\",\"itemListElement\":[{\"@type\":\"ListItem\",\"position\":1,\"name\":\"Accueil\",\"item\":\"https:\\\/\\\/hakmarfrance.online\\\/de\\\/\"},{\"@type\":\"ListItem\",\"position\":2,\"name\":\"Shop\",\"item\":\"https:\\\/\\\/hakmarfrance.online\\\/de\\\/shop\\\/\"},{\"@type\":\"ListItem\",\"position\":3,\"name\":\"creme-karamell-natura-farsitura-karamell.\"}]},{\"@type\":\"WebSite\",\"@id\":\"https:\\\/\\\/hakmarfrance.online\\\/de\\\/#website\",\"url\":\"https:\\\/\\\/hakmarfrance.online\\\/de\\\/\",\"name\":\"hakmarfrance.online\",\"description\":\"\",\"publisher\":{\"@id\":\"https:\\\/\\\/hakmarfrance.online\\\/de\\\/#organization\"},\"potentialAction\":[{\"@type\":\"SearchAction\",\"target\":{\"@type\":\"EntryPoint\",\"urlTemplate\":\"https:\\\/\\\/hakmarfrance.online\\\/de\\\/?s={search_term_string}\"},\"query-input\":{\"@type\":\"PropertyValueSpecification\",\"valueRequired\":true,\"valueName\":\"search_term_string\"}}],\"inLanguage\":\"de\"},{\"@type\":\"Organization\",\"@id\":\"https:\\\/\\\/hakmarfrance.online\\\/de\\\/#organization\",\"name\":\"hakmarfrance.online\",\"url\":\"https:\\\/\\\/hakmarfrance.online\\\/de\\\/\",\"logo\":{\"@type\":\"ImageObject\",\"inLanguage\":\"de\",\"@id\":\"https:\\\/\\\/hakmarfrance.online\\\/de\\\/#\\\/schema\\\/logo\\\/image\\\/\",\"url\":\"https:\\\/\\\/hakmarfrance.online\\\/wp-content\\\/uploads\\\/2025\\\/06\\\/logo-hakmarfrance.png\",\"contentUrl\":\"https:\\\/\\\/hakmarfrance.online\\\/wp-content\\\/uploads\\\/2025\\\/06\\\/logo-hakmarfrance.png\",\"width\":528,\"height\":232,\"caption\":\"hakmarfrance.online\"},\"image\":{\"@id\":\"https:\\\/\\\/hakmarfrance.online\\\/de\\\/#\\\/schema\\\/logo\\\/image\\\/\"},\"sameAs\":[\"https:\\\/\\\/www.facebook.com\\\/HakmarFranceSupermarche\\\/?locale=fr_FR\",\"https:\\\/\\\/www.instagram.com\\\/hakmarfrancesupermarche\\\/\"]}]}<\/script>\n<!-- \/ Yoast SEO plugin. -->","yoast_head_json":{"title":"creme-karamell-natura-farsitura-karamell. - hakmarfrance.online","robots":{"index":"index","follow":"follow","max-snippet":"max-snippet:-1","max-image-preview":"max-image-preview:large","max-video-preview":"max-video-preview:-1"},"canonical":"https:\/\/hakmarfrance.online\/de\/produit\/creme-karamell-natura-farsitura-karamell\/","og_locale":"de_DE","og_type":"article","og_title":"creme-karamell-natura-farsitura-karamell. - hakmarfrance.online","og_description":"Karamellcreme NATURA Farsitura Karamell \u2013 Um deine Desserts mit einer s\u00fc\u00dfen und k\u00f6stlichen Note zu verfeinern.","og_url":"https:\/\/hakmarfrance.online\/de\/produit\/creme-karamell-natura-farsitura-karamell\/","og_site_name":"hakmarfrance.online","article_publisher":"https:\/\/www.facebook.com\/HakmarFranceSupermarche\/?locale=fr_FR","og_image":[{"width":1000,"height":800,"url":"https:\/\/hakmarfrance.online\/wp-content\/uploads\/2025\/07\/creme-caramel-natura-farsitura-karamell.avif","type":"image\/png"}],"twitter_card":"summary_large_image","schema":{"@context":"https:\/\/schema.org","@graph":[{"@type":"WebPage","@id":"https:\/\/hakmarfrance.online\/de\/produit\/creme-karamell-natura-farsitura-karamell\/","url":"https:\/\/hakmarfrance.online\/de\/produit\/creme-karamell-natura-farsitura-karamell\/","name":"creme-karamell-natura-farsitura-karamell. - hakmarfrance.online","isPartOf":{"@id":"https:\/\/hakmarfrance.online\/de\/#website"},"primaryImageOfPage":{"@id":"https:\/\/hakmarfrance.online\/de\/produit\/creme-karamell-natura-farsitura-karamell\/#primaryimage"},"image":{"@id":"https:\/\/hakmarfrance.online\/de\/produit\/creme-karamell-natura-farsitura-karamell\/#primaryimage"},"thumbnailUrl":"https:\/\/hakmarfrance.online\/wp-content\/uploads\/2025\/07\/creme-caramel-natura-farsitura-karamell.avif","datePublished":"2025-07-09T08:38:47+00:00","breadcrumb":{"@id":"https:\/\/hakmarfrance.online\/de\/produit\/creme-karamell-natura-farsitura-karamell\/#breadcrumb"},"inLanguage":"de","potentialAction":[{"@type":"ReadAction","target":["https:\/\/hakmarfrance.online\/de\/produit\/creme-karamell-natura-farsitura-karamell\/"]}]},{"@type":"ImageObject","inLanguage":"de","@id":"https:\/\/hakmarfrance.online\/de\/produit\/creme-karamell-natura-farsitura-karamell\/#primaryimage","url":"https:\/\/hakmarfrance.online\/wp-content\/uploads\/2025\/07\/creme-caramel-natura-farsitura-karamell.avif","contentUrl":"https:\/\/hakmarfrance.online\/wp-content\/uploads\/2025\/07\/creme-caramel-natura-farsitura-karamell.avif","width":1000,"height":800,"caption":"Karamellcreme NATURA \u2013 Farsitura Karamell 100 % Geschmack f\u00fcr Patisserie-F\u00fcllungen"},{"@type":"BreadcrumbList","@id":"https:\/\/hakmarfrance.online\/de\/produit\/creme-karamell-natura-farsitura-karamell\/#breadcrumb","itemListElement":[{"@type":"ListItem","position":1,"name":"Accueil","item":"https:\/\/hakmarfrance.online\/de\/"},{"@type":"ListItem","position":2,"name":"Shop","item":"https:\/\/hakmarfrance.online\/de\/shop\/"},{"@type":"ListItem","position":3,"name":"creme-karamell-natura-farsitura-karamell."}]},{"@type":"WebSite","@id":"https:\/\/hakmarfrance.online\/de\/#website","url":"https:\/\/hakmarfrance.online\/de\/","name":"hakmarfrance.online","description":"","publisher":{"@id":"https:\/\/hakmarfrance.online\/de\/#organization"},"potentialAction":[{"@type":"SearchAction","target":{"@type":"EntryPoint","urlTemplate":"https:\/\/hakmarfrance.online\/de\/?s={search_term_string}"},"query-input":{"@type":"PropertyValueSpecification","valueRequired":true,"valueName":"search_term_string"}}],"inLanguage":"de"},{"@type":"Organization","@id":"https:\/\/hakmarfrance.online\/de\/#organization","name":"hakmarfrance.online","url":"https:\/\/hakmarfrance.online\/de\/","logo":{"@type":"ImageObject","inLanguage":"de","@id":"https:\/\/hakmarfrance.online\/de\/#\/schema\/logo\/image\/","url":"https:\/\/hakmarfrance.online\/wp-content\/uploads\/2025\/06\/logo-hakmarfrance.png","contentUrl":"https:\/\/hakmarfrance.online\/wp-content\/uploads\/2025\/06\/logo-hakmarfrance.png","width":528,"height":232,"caption":"hakmarfrance.online"},"image":{"@id":"https:\/\/hakmarfrance.online\/de\/#\/schema\/logo\/image\/"},"sameAs":["https:\/\/www.facebook.com\/HakmarFranceSupermarche\/?locale=fr_FR","https:\/\/www.instagram.com\/hakmarfrancesupermarche\/"]}]}},"_links":{"self":[{"href":"https:\/\/hakmarfrance.online\/de\/wp-json\/wp\/v2\/product\/17641","targetHints":{"allow":["GET"]}}],"collection":[{"href":"https:\/\/hakmarfrance.online\/de\/wp-json\/wp\/v2\/product"}],"about":[{"href":"https:\/\/hakmarfrance.online\/de\/wp-json\/wp\/v2\/types\/product"}],"replies":[{"embeddable":true,"href":"https:\/\/hakmarfrance.online\/de\/wp-json\/wp\/v2\/comments?post=17641"}],"version-history":[{"count":0,"href":"https:\/\/hakmarfrance.online\/de\/wp-json\/wp\/v2\/product\/17641\/revisions"}],"wp:featuredmedia":[{"embeddable":true,"href":"https:\/\/hakmarfrance.online\/de\/wp-json\/wp\/v2\/media\/17642"}],"wp:attachment":[{"href":"https:\/\/hakmarfrance.online\/de\/wp-json\/wp\/v2\/media?parent=17641"}],"wp:term":[{"taxonomy":"product_brand","embeddable":true,"href":"https:\/\/hakmarfrance.online\/de\/wp-json\/wp\/v2\/product_brand?post=17641"},{"taxonomy":"product_cat","embeddable":true,"href":"https:\/\/hakmarfrance.online\/de\/wp-json\/wp\/v2\/product_cat?post=17641"},{"taxonomy":"product_tag","embeddable":true,"href":"https:\/\/hakmarfrance.online\/de\/wp-json\/wp\/v2\/product_tag?post=17641"}],"curies":[{"name":"wp","href":"https:\/\/api.w.org\/{rel}","templated":true}]}}