{"id":17643,"date":"2025-07-09T08:07:40","date_gmt":"2025-07-09T08:07:40","guid":{"rendered":"https:\/\/hakmarfrance.online\/produit\/nefis-koeyuenuezden-authentischer-tuerkischer-bauernjoghurt\/"},"modified":"2025-07-09T08:07:40","modified_gmt":"2025-07-09T08:07:40","slug":"nefis-koeyuenuezden-authentischer-tuerkischer-bauernjoghurt","status":"publish","type":"product","link":"https:\/\/hakmarfrance.online\/de\/produit\/nefis-koeyuenuezden-authentischer-tuerkischer-bauernjoghurt\/","title":{"rendered":"Nefis K\u00f6y\u00fcn\u00fczden \u2013 Authentischer t\u00fcrkischer Bauernjoghurt"},"content":{"rendered":"<p data-start=\"223\" data-end=\"574\">Genie\u00dfen Sie die Authentizit\u00e4t eines <strong data-start=\"311\" data-end=\"334\">t\u00fcrkischen Bauernjoghurts<\/strong> mit Nefis K\u00f6y\u00fcn\u00fczden. Dieser cremige Joghurt, nach traditionellem Rezept zubereitet, ist ideal als Beilage zu Ihren orientalischen Gerichten oder pur zu genie\u00dfen. Reich an Geschmack und Sanftheit, wird er Sie an die Aromen der t\u00fcrkischen Landschaft erinnern.  <\/p>\n<p data-start=\"576\" data-end=\"612\">\u2705 <strong data-start=\"578\" data-end=\"610\">Hauptmerkmale<\/strong>:<\/p>\n<ul data-start=\"614\" data-end=\"803\">\n<li data-start=\"614\" data-end=\"636\">\n<p data-start=\"616\" data-end=\"636\">T\u00fcrkischer Naturjoghurt<\/p>\n<\/li>\n<li data-start=\"637\" data-end=\"668\">\n<p data-start=\"639\" data-end=\"668\">Dicke, cremige Konsistenz<\/p>\n<\/li>\n<li data-start=\"669\" data-end=\"697\">\n<p data-start=\"671\" data-end=\"697\">Milder und authentischer Geschmack<\/p>\n<\/li>\n<li data-start=\"698\" data-end=\"734\">\n<p data-start=\"700\" data-end=\"734\">Familienpackung im Plastikbecher<\/p>\n<\/li>\n<li data-start=\"735\" data-end=\"803\">\n<p data-start=\"737\" data-end=\"803\">Ideal zum Fr\u00fchst\u00fcck, f\u00fcr herzhafte Gerichte oder hausgemachte Saucen<\/p>\n<\/li>\n<\/ul>\n","protected":false},"excerpt":{"rendered":"<p><strong data-start=\"1205\" data-end=\"1237\">Cremiger t\u00fcrkischer Bauernjoghurt<\/strong>, Nefis K\u00f6y\u00fcn\u00fczden bietet Ihnen einen milden und nat\u00fcrlichen Geschmack, perfekt f\u00fcr Ihre t\u00e4glichen Mahlzeiten.<\/p>\n","protected":false},"featured_media":17644,"comment_status":"open","ping_status":"closed","template":"","meta":{"iawp_total_views":0},"product_brand":[202],"product_cat":[226,251,255,268],"product_tag":[],"class_list":{"0":"post-17643","1":"product","2":"type-product","3":"status-publish","4":"has-post-thumbnail","6":"product_brand-nefis","7":"product_cat-alle-unsere-produkte","8":"product_cat-fleisch-fisch-feinkost","9":"product_cat-frische-produkte-milchprodukte","10":"product_cat-herzhafte-lebensmittel","12":"first","13":"instock","14":"shipping-taxable","15":"purchasable","16":"product-type-simple"},"yoast_head":"<!-- This site is optimized with the Yoast SEO plugin v27.3 - https:\/\/yoast.com\/product\/yoast-seo-wordpress\/ -->\n<title>Nefis K\u00f6y\u00fcn\u00fczden \u2013 Authentischer t\u00fcrkischer Bauernjoghurt - hakmarfrance.online<\/title>\n<meta name=\"robots\" content=\"index, follow, max-snippet:-1, max-image-preview:large, max-video-preview:-1\" \/>\n<link rel=\"canonical\" href=\"https:\/\/hakmarfrance.online\/de\/produit\/nefis-koeyuenuezden-authentischer-tuerkischer-bauernjoghurt\/\" \/>\n<meta property=\"og:locale\" content=\"de_DE\" \/>\n<meta property=\"og:type\" content=\"article\" \/>\n<meta property=\"og:title\" content=\"Nefis K\u00f6y\u00fcn\u00fczden \u2013 Authentischer t\u00fcrkischer Bauernjoghurt - hakmarfrance.online\" \/>\n<meta property=\"og:description\" content=\"Cremiger t\u00fcrkischer Bauernjoghurt, Nefis K\u00f6y\u00fcn\u00fczden bietet Ihnen einen milden und nat\u00fcrlichen Geschmack, perfekt f\u00fcr Ihre t\u00e4glichen Mahlzeiten.\" \/>\n<meta property=\"og:url\" content=\"https:\/\/hakmarfrance.online\/de\/produit\/nefis-koeyuenuezden-authentischer-tuerkischer-bauernjoghurt\/\" \/>\n<meta property=\"og:site_name\" content=\"hakmarfrance.online\" \/>\n<meta property=\"article:publisher\" content=\"https:\/\/www.facebook.com\/HakmarFranceSupermarche\/?locale=fr_FR\" \/>\n<meta property=\"og:image\" content=\"https:\/\/hakmarfrance.online\/wp-content\/uploads\/2025\/07\/yaourt-nefis-koyunuzden.avif\" \/>\n\t<meta property=\"og:image:width\" content=\"1000\" \/>\n\t<meta property=\"og:image:height\" content=\"800\" \/>\n\t<meta property=\"og:image:type\" content=\"image\/png\" \/>\n<meta name=\"twitter:card\" content=\"summary_large_image\" \/>\n<script type=\"application\/ld+json\" class=\"yoast-schema-graph\">{\"@context\":\"https:\\\/\\\/schema.org\",\"@graph\":[{\"@type\":\"WebPage\",\"@id\":\"https:\\\/\\\/hakmarfrance.online\\\/de\\\/produit\\\/nefis-koeyuenuezden-authentischer-tuerkischer-bauernjoghurt\\\/\",\"url\":\"https:\\\/\\\/hakmarfrance.online\\\/de\\\/produit\\\/nefis-koeyuenuezden-authentischer-tuerkischer-bauernjoghurt\\\/\",\"name\":\"Nefis K\u00f6y\u00fcn\u00fczden \u2013 Authentischer t\u00fcrkischer Bauernjoghurt - hakmarfrance.online\",\"isPartOf\":{\"@id\":\"https:\\\/\\\/hakmarfrance.online\\\/de\\\/#website\"},\"primaryImageOfPage\":{\"@id\":\"https:\\\/\\\/hakmarfrance.online\\\/de\\\/produit\\\/nefis-koeyuenuezden-authentischer-tuerkischer-bauernjoghurt\\\/#primaryimage\"},\"image\":{\"@id\":\"https:\\\/\\\/hakmarfrance.online\\\/de\\\/produit\\\/nefis-koeyuenuezden-authentischer-tuerkischer-bauernjoghurt\\\/#primaryimage\"},\"thumbnailUrl\":\"https:\\\/\\\/hakmarfrance.online\\\/wp-content\\\/uploads\\\/2025\\\/07\\\/yaourt-nefis-koyunuzden.avif\",\"datePublished\":\"2025-07-09T08:07:40+00:00\",\"breadcrumb\":{\"@id\":\"https:\\\/\\\/hakmarfrance.online\\\/de\\\/produit\\\/nefis-koeyuenuezden-authentischer-tuerkischer-bauernjoghurt\\\/#breadcrumb\"},\"inLanguage\":\"de\",\"potentialAction\":[{\"@type\":\"ReadAction\",\"target\":[\"https:\\\/\\\/hakmarfrance.online\\\/de\\\/produit\\\/nefis-koeyuenuezden-authentischer-tuerkischer-bauernjoghurt\\\/\"]}]},{\"@type\":\"ImageObject\",\"inLanguage\":\"de\",\"@id\":\"https:\\\/\\\/hakmarfrance.online\\\/de\\\/produit\\\/nefis-koeyuenuezden-authentischer-tuerkischer-bauernjoghurt\\\/#primaryimage\",\"url\":\"https:\\\/\\\/hakmarfrance.online\\\/wp-content\\\/uploads\\\/2025\\\/07\\\/yaourt-nefis-koyunuzden.avif\",\"contentUrl\":\"https:\\\/\\\/hakmarfrance.online\\\/wp-content\\\/uploads\\\/2025\\\/07\\\/yaourt-nefis-koyunuzden.avif\",\"width\":1000,\"height\":800,\"caption\":\"Traditioneller t\u00fcrkischer Joghurt Nefis \u2013 Authentischer Geschmack vom Dorf\"},{\"@type\":\"BreadcrumbList\",\"@id\":\"https:\\\/\\\/hakmarfrance.online\\\/de\\\/produit\\\/nefis-koeyuenuezden-authentischer-tuerkischer-bauernjoghurt\\\/#breadcrumb\",\"itemListElement\":[{\"@type\":\"ListItem\",\"position\":1,\"name\":\"Accueil\",\"item\":\"https:\\\/\\\/hakmarfrance.online\\\/de\\\/\"},{\"@type\":\"ListItem\",\"position\":2,\"name\":\"Shop\",\"item\":\"https:\\\/\\\/hakmarfrance.online\\\/de\\\/shop\\\/\"},{\"@type\":\"ListItem\",\"position\":3,\"name\":\"Nefis K\u00f6y\u00fcn\u00fczden \u2013 Authentischer t\u00fcrkischer Bauernjoghurt\"}]},{\"@type\":\"WebSite\",\"@id\":\"https:\\\/\\\/hakmarfrance.online\\\/de\\\/#website\",\"url\":\"https:\\\/\\\/hakmarfrance.online\\\/de\\\/\",\"name\":\"hakmarfrance.online\",\"description\":\"\",\"publisher\":{\"@id\":\"https:\\\/\\\/hakmarfrance.online\\\/de\\\/#organization\"},\"potentialAction\":[{\"@type\":\"SearchAction\",\"target\":{\"@type\":\"EntryPoint\",\"urlTemplate\":\"https:\\\/\\\/hakmarfrance.online\\\/de\\\/?s={search_term_string}\"},\"query-input\":{\"@type\":\"PropertyValueSpecification\",\"valueRequired\":true,\"valueName\":\"search_term_string\"}}],\"inLanguage\":\"de\"},{\"@type\":\"Organization\",\"@id\":\"https:\\\/\\\/hakmarfrance.online\\\/de\\\/#organization\",\"name\":\"hakmarfrance.online\",\"url\":\"https:\\\/\\\/hakmarfrance.online\\\/de\\\/\",\"logo\":{\"@type\":\"ImageObject\",\"inLanguage\":\"de\",\"@id\":\"https:\\\/\\\/hakmarfrance.online\\\/de\\\/#\\\/schema\\\/logo\\\/image\\\/\",\"url\":\"https:\\\/\\\/hakmarfrance.online\\\/wp-content\\\/uploads\\\/2025\\\/06\\\/logo-hakmarfrance.png\",\"contentUrl\":\"https:\\\/\\\/hakmarfrance.online\\\/wp-content\\\/uploads\\\/2025\\\/06\\\/logo-hakmarfrance.png\",\"width\":528,\"height\":232,\"caption\":\"hakmarfrance.online\"},\"image\":{\"@id\":\"https:\\\/\\\/hakmarfrance.online\\\/de\\\/#\\\/schema\\\/logo\\\/image\\\/\"},\"sameAs\":[\"https:\\\/\\\/www.facebook.com\\\/HakmarFranceSupermarche\\\/?locale=fr_FR\",\"https:\\\/\\\/www.instagram.com\\\/hakmarfrancesupermarche\\\/\"]}]}<\/script>\n<!-- \/ Yoast SEO plugin. -->","yoast_head_json":{"title":"Nefis K\u00f6y\u00fcn\u00fczden \u2013 Authentischer t\u00fcrkischer Bauernjoghurt - hakmarfrance.online","robots":{"index":"index","follow":"follow","max-snippet":"max-snippet:-1","max-image-preview":"max-image-preview:large","max-video-preview":"max-video-preview:-1"},"canonical":"https:\/\/hakmarfrance.online\/de\/produit\/nefis-koeyuenuezden-authentischer-tuerkischer-bauernjoghurt\/","og_locale":"de_DE","og_type":"article","og_title":"Nefis K\u00f6y\u00fcn\u00fczden \u2013 Authentischer t\u00fcrkischer Bauernjoghurt - hakmarfrance.online","og_description":"Cremiger t\u00fcrkischer Bauernjoghurt, Nefis K\u00f6y\u00fcn\u00fczden bietet Ihnen einen milden und nat\u00fcrlichen Geschmack, perfekt f\u00fcr Ihre t\u00e4glichen Mahlzeiten.","og_url":"https:\/\/hakmarfrance.online\/de\/produit\/nefis-koeyuenuezden-authentischer-tuerkischer-bauernjoghurt\/","og_site_name":"hakmarfrance.online","article_publisher":"https:\/\/www.facebook.com\/HakmarFranceSupermarche\/?locale=fr_FR","og_image":[{"width":1000,"height":800,"url":"https:\/\/hakmarfrance.online\/wp-content\/uploads\/2025\/07\/yaourt-nefis-koyunuzden.avif","type":"image\/png"}],"twitter_card":"summary_large_image","schema":{"@context":"https:\/\/schema.org","@graph":[{"@type":"WebPage","@id":"https:\/\/hakmarfrance.online\/de\/produit\/nefis-koeyuenuezden-authentischer-tuerkischer-bauernjoghurt\/","url":"https:\/\/hakmarfrance.online\/de\/produit\/nefis-koeyuenuezden-authentischer-tuerkischer-bauernjoghurt\/","name":"Nefis K\u00f6y\u00fcn\u00fczden \u2013 Authentischer t\u00fcrkischer Bauernjoghurt - hakmarfrance.online","isPartOf":{"@id":"https:\/\/hakmarfrance.online\/de\/#website"},"primaryImageOfPage":{"@id":"https:\/\/hakmarfrance.online\/de\/produit\/nefis-koeyuenuezden-authentischer-tuerkischer-bauernjoghurt\/#primaryimage"},"image":{"@id":"https:\/\/hakmarfrance.online\/de\/produit\/nefis-koeyuenuezden-authentischer-tuerkischer-bauernjoghurt\/#primaryimage"},"thumbnailUrl":"https:\/\/hakmarfrance.online\/wp-content\/uploads\/2025\/07\/yaourt-nefis-koyunuzden.avif","datePublished":"2025-07-09T08:07:40+00:00","breadcrumb":{"@id":"https:\/\/hakmarfrance.online\/de\/produit\/nefis-koeyuenuezden-authentischer-tuerkischer-bauernjoghurt\/#breadcrumb"},"inLanguage":"de","potentialAction":[{"@type":"ReadAction","target":["https:\/\/hakmarfrance.online\/de\/produit\/nefis-koeyuenuezden-authentischer-tuerkischer-bauernjoghurt\/"]}]},{"@type":"ImageObject","inLanguage":"de","@id":"https:\/\/hakmarfrance.online\/de\/produit\/nefis-koeyuenuezden-authentischer-tuerkischer-bauernjoghurt\/#primaryimage","url":"https:\/\/hakmarfrance.online\/wp-content\/uploads\/2025\/07\/yaourt-nefis-koyunuzden.avif","contentUrl":"https:\/\/hakmarfrance.online\/wp-content\/uploads\/2025\/07\/yaourt-nefis-koyunuzden.avif","width":1000,"height":800,"caption":"Traditioneller t\u00fcrkischer Joghurt Nefis \u2013 Authentischer Geschmack vom Dorf"},{"@type":"BreadcrumbList","@id":"https:\/\/hakmarfrance.online\/de\/produit\/nefis-koeyuenuezden-authentischer-tuerkischer-bauernjoghurt\/#breadcrumb","itemListElement":[{"@type":"ListItem","position":1,"name":"Accueil","item":"https:\/\/hakmarfrance.online\/de\/"},{"@type":"ListItem","position":2,"name":"Shop","item":"https:\/\/hakmarfrance.online\/de\/shop\/"},{"@type":"ListItem","position":3,"name":"Nefis K\u00f6y\u00fcn\u00fczden \u2013 Authentischer t\u00fcrkischer Bauernjoghurt"}]},{"@type":"WebSite","@id":"https:\/\/hakmarfrance.online\/de\/#website","url":"https:\/\/hakmarfrance.online\/de\/","name":"hakmarfrance.online","description":"","publisher":{"@id":"https:\/\/hakmarfrance.online\/de\/#organization"},"potentialAction":[{"@type":"SearchAction","target":{"@type":"EntryPoint","urlTemplate":"https:\/\/hakmarfrance.online\/de\/?s={search_term_string}"},"query-input":{"@type":"PropertyValueSpecification","valueRequired":true,"valueName":"search_term_string"}}],"inLanguage":"de"},{"@type":"Organization","@id":"https:\/\/hakmarfrance.online\/de\/#organization","name":"hakmarfrance.online","url":"https:\/\/hakmarfrance.online\/de\/","logo":{"@type":"ImageObject","inLanguage":"de","@id":"https:\/\/hakmarfrance.online\/de\/#\/schema\/logo\/image\/","url":"https:\/\/hakmarfrance.online\/wp-content\/uploads\/2025\/06\/logo-hakmarfrance.png","contentUrl":"https:\/\/hakmarfrance.online\/wp-content\/uploads\/2025\/06\/logo-hakmarfrance.png","width":528,"height":232,"caption":"hakmarfrance.online"},"image":{"@id":"https:\/\/hakmarfrance.online\/de\/#\/schema\/logo\/image\/"},"sameAs":["https:\/\/www.facebook.com\/HakmarFranceSupermarche\/?locale=fr_FR","https:\/\/www.instagram.com\/hakmarfrancesupermarche\/"]}]}},"_links":{"self":[{"href":"https:\/\/hakmarfrance.online\/de\/wp-json\/wp\/v2\/product\/17643","targetHints":{"allow":["GET"]}}],"collection":[{"href":"https:\/\/hakmarfrance.online\/de\/wp-json\/wp\/v2\/product"}],"about":[{"href":"https:\/\/hakmarfrance.online\/de\/wp-json\/wp\/v2\/types\/product"}],"replies":[{"embeddable":true,"href":"https:\/\/hakmarfrance.online\/de\/wp-json\/wp\/v2\/comments?post=17643"}],"version-history":[{"count":0,"href":"https:\/\/hakmarfrance.online\/de\/wp-json\/wp\/v2\/product\/17643\/revisions"}],"wp:featuredmedia":[{"embeddable":true,"href":"https:\/\/hakmarfrance.online\/de\/wp-json\/wp\/v2\/media\/17644"}],"wp:attachment":[{"href":"https:\/\/hakmarfrance.online\/de\/wp-json\/wp\/v2\/media?parent=17643"}],"wp:term":[{"taxonomy":"product_brand","embeddable":true,"href":"https:\/\/hakmarfrance.online\/de\/wp-json\/wp\/v2\/product_brand?post=17643"},{"taxonomy":"product_cat","embeddable":true,"href":"https:\/\/hakmarfrance.online\/de\/wp-json\/wp\/v2\/product_cat?post=17643"},{"taxonomy":"product_tag","embeddable":true,"href":"https:\/\/hakmarfrance.online\/de\/wp-json\/wp\/v2\/product_tag?post=17643"}],"curies":[{"name":"wp","href":"https:\/\/api.w.org\/{rel}","templated":true}]}}