{"id":17649,"date":"2025-07-09T08:35:26","date_gmt":"2025-07-09T08:35:26","guid":{"rendered":"https:\/\/hakmarfrance.online\/produit\/pack-boisson-kizilay-mangue-ananas\/"},"modified":"2025-07-09T08:35:26","modified_gmt":"2025-07-09T08:35:26","slug":"pack-boisson-kizilay-mangue-ananas","status":"publish","type":"product","link":"https:\/\/hakmarfrance.online\/de\/produit\/pack-boisson-kizilay-mangue-ananas\/","title":{"rendered":"pack-boisson-kizilay-mangue-ananas"},"content":{"rendered":"<p data-start=\"275\" data-end=\"646\">Genie\u00dfe die Exotik mit dem <strong data-start=\"362\" data-end=\"404\">KIZILAY Mango-Ananas Getr\u00e4nkepack<\/strong>, einer erfrischenden Fruchtmischung, angereichert mit <strong data-start=\"453\" data-end=\"467\">Vitamin C<\/strong>, um neue Energie zu tanken. Ein ideales Getr\u00e4nk f\u00fcr jede Tageszeit, f\u00fcr Gro\u00df und Klein, gut gek\u00fchlt genie\u00dfen! Praktisch im 6 x 200 ml Format, zum Mitnehmen f\u00fcr unterwegs.  <\/p>\n<p data-start=\"648\" data-end=\"684\">\u2705 <strong data-start=\"650\" data-end=\"684\">Hauptmerkmale:<\/strong><\/p>\n<ul data-start=\"685\" data-end=\"939\">\n<li data-start=\"685\" data-end=\"723\">\n<p data-start=\"687\" data-end=\"723\">Sprudelgetr\u00e4nk mit Mango-Ananas-Geschmack<\/p>\n<\/li>\n<li data-start=\"724\" data-end=\"748\">\n<p data-start=\"726\" data-end=\"748\">Angereichert mit Vitamin C<\/p>\n<\/li>\n<li data-start=\"749\" data-end=\"791\">\n<p data-start=\"751\" data-end=\"791\">Familienpackung: 6 Flaschen \u00e0 200 ml<\/p>\n<\/li>\n<li data-start=\"792\" data-end=\"818\">\n<p data-start=\"794\" data-end=\"818\">Ohne k\u00fcnstliche Farbstoffe<\/p>\n<\/li>\n<li data-start=\"819\" data-end=\"869\">\n<p data-start=\"821\" data-end=\"869\">Ideal zu Mahlzeiten oder als Snack<\/p>\n<\/li>\n<li data-start=\"870\" data-end=\"939\">\n<p data-start=\"872\" data-end=\"939\">Hergestellt von KIZILAY, bekannt f\u00fcr seine nat\u00fcrlichen Mineralgetr\u00e4nke<\/p>\n<\/li>\n<\/ul>\n","protected":false},"excerpt":{"rendered":"<p><strong data-start=\"1371\" data-end=\"1404\">KIZILAY Mango-Ananas 6x200ml<\/strong>, ein erfrischendes und vitaminreiches Getr\u00e4nk mit gutem tropischem Geschmack, ideal f\u00fcr die ganze Familie.<\/p>\n","protected":false},"featured_media":17650,"comment_status":"open","ping_status":"closed","template":"","meta":{"iawp_total_views":0},"product_brand":[],"product_cat":[226,232,231],"product_tag":[],"class_list":{"0":"post-17649","1":"product","2":"type-product","3":"status-publish","4":"has-post-thumbnail","6":"product_cat-alle-unsere-produkte","7":"product_cat-erfrischungsgetrank","8":"product_cat-getranke","10":"first","11":"instock","12":"shipping-taxable","13":"purchasable","14":"product-type-simple"},"yoast_head":"<!-- This site is optimized with the Yoast SEO plugin v27.3 - https:\/\/yoast.com\/product\/yoast-seo-wordpress\/ -->\n<title>pack-boisson-kizilay-mangue-ananas - hakmarfrance.online<\/title>\n<meta name=\"robots\" content=\"index, follow, max-snippet:-1, max-image-preview:large, max-video-preview:-1\" \/>\n<link rel=\"canonical\" href=\"https:\/\/hakmarfrance.online\/de\/produit\/pack-boisson-kizilay-mangue-ananas\/\" \/>\n<meta property=\"og:locale\" content=\"de_DE\" \/>\n<meta property=\"og:type\" content=\"article\" \/>\n<meta property=\"og:title\" content=\"pack-boisson-kizilay-mangue-ananas - hakmarfrance.online\" \/>\n<meta property=\"og:description\" content=\"KIZILAY Mango-Ananas 6x200ml, ein erfrischendes und vitaminreiches Getr\u00e4nk mit gutem tropischem Geschmack, ideal f\u00fcr die ganze Familie.\" \/>\n<meta property=\"og:url\" content=\"https:\/\/hakmarfrance.online\/de\/produit\/pack-boisson-kizilay-mangue-ananas\/\" \/>\n<meta property=\"og:site_name\" content=\"hakmarfrance.online\" \/>\n<meta property=\"article:publisher\" content=\"https:\/\/www.facebook.com\/HakmarFranceSupermarche\/?locale=fr_FR\" \/>\n<meta property=\"og:image\" content=\"https:\/\/hakmarfrance.online\/wp-content\/uploads\/2025\/07\/pack-boisson-kizilay-mangue-ananas.avif\" \/>\n\t<meta property=\"og:image:width\" content=\"1000\" \/>\n\t<meta property=\"og:image:height\" content=\"800\" \/>\n\t<meta property=\"og:image:type\" content=\"image\/png\" \/>\n<meta name=\"twitter:card\" content=\"summary_large_image\" \/>\n<script type=\"application\/ld+json\" class=\"yoast-schema-graph\">{\"@context\":\"https:\\\/\\\/schema.org\",\"@graph\":[{\"@type\":\"WebPage\",\"@id\":\"https:\\\/\\\/hakmarfrance.online\\\/de\\\/produit\\\/pack-boisson-kizilay-mangue-ananas\\\/\",\"url\":\"https:\\\/\\\/hakmarfrance.online\\\/de\\\/produit\\\/pack-boisson-kizilay-mangue-ananas\\\/\",\"name\":\"pack-boisson-kizilay-mangue-ananas - hakmarfrance.online\",\"isPartOf\":{\"@id\":\"https:\\\/\\\/hakmarfrance.online\\\/de\\\/#website\"},\"primaryImageOfPage\":{\"@id\":\"https:\\\/\\\/hakmarfrance.online\\\/de\\\/produit\\\/pack-boisson-kizilay-mangue-ananas\\\/#primaryimage\"},\"image\":{\"@id\":\"https:\\\/\\\/hakmarfrance.online\\\/de\\\/produit\\\/pack-boisson-kizilay-mangue-ananas\\\/#primaryimage\"},\"thumbnailUrl\":\"https:\\\/\\\/hakmarfrance.online\\\/wp-content\\\/uploads\\\/2025\\\/07\\\/pack-boisson-kizilay-mangue-ananas.avif\",\"datePublished\":\"2025-07-09T08:35:26+00:00\",\"breadcrumb\":{\"@id\":\"https:\\\/\\\/hakmarfrance.online\\\/de\\\/produit\\\/pack-boisson-kizilay-mangue-ananas\\\/#breadcrumb\"},\"inLanguage\":\"de\",\"potentialAction\":[{\"@type\":\"ReadAction\",\"target\":[\"https:\\\/\\\/hakmarfrance.online\\\/de\\\/produit\\\/pack-boisson-kizilay-mangue-ananas\\\/\"]}]},{\"@type\":\"ImageObject\",\"inLanguage\":\"de\",\"@id\":\"https:\\\/\\\/hakmarfrance.online\\\/de\\\/produit\\\/pack-boisson-kizilay-mangue-ananas\\\/#primaryimage\",\"url\":\"https:\\\/\\\/hakmarfrance.online\\\/wp-content\\\/uploads\\\/2025\\\/07\\\/pack-boisson-kizilay-mangue-ananas.avif\",\"contentUrl\":\"https:\\\/\\\/hakmarfrance.online\\\/wp-content\\\/uploads\\\/2025\\\/07\\\/pack-boisson-kizilay-mangue-ananas.avif\",\"width\":1000,\"height\":800,\"caption\":\"Fruchtgetr\u00e4nk KIZILAY Mango-Ananas \u2013 6x200 ml Format\"},{\"@type\":\"BreadcrumbList\",\"@id\":\"https:\\\/\\\/hakmarfrance.online\\\/de\\\/produit\\\/pack-boisson-kizilay-mangue-ananas\\\/#breadcrumb\",\"itemListElement\":[{\"@type\":\"ListItem\",\"position\":1,\"name\":\"Accueil\",\"item\":\"https:\\\/\\\/hakmarfrance.online\\\/de\\\/\"},{\"@type\":\"ListItem\",\"position\":2,\"name\":\"Shop\",\"item\":\"https:\\\/\\\/hakmarfrance.online\\\/de\\\/shop\\\/\"},{\"@type\":\"ListItem\",\"position\":3,\"name\":\"pack-boisson-kizilay-mangue-ananas\"}]},{\"@type\":\"WebSite\",\"@id\":\"https:\\\/\\\/hakmarfrance.online\\\/de\\\/#website\",\"url\":\"https:\\\/\\\/hakmarfrance.online\\\/de\\\/\",\"name\":\"hakmarfrance.online\",\"description\":\"\",\"publisher\":{\"@id\":\"https:\\\/\\\/hakmarfrance.online\\\/de\\\/#organization\"},\"potentialAction\":[{\"@type\":\"SearchAction\",\"target\":{\"@type\":\"EntryPoint\",\"urlTemplate\":\"https:\\\/\\\/hakmarfrance.online\\\/de\\\/?s={search_term_string}\"},\"query-input\":{\"@type\":\"PropertyValueSpecification\",\"valueRequired\":true,\"valueName\":\"search_term_string\"}}],\"inLanguage\":\"de\"},{\"@type\":\"Organization\",\"@id\":\"https:\\\/\\\/hakmarfrance.online\\\/de\\\/#organization\",\"name\":\"hakmarfrance.online\",\"url\":\"https:\\\/\\\/hakmarfrance.online\\\/de\\\/\",\"logo\":{\"@type\":\"ImageObject\",\"inLanguage\":\"de\",\"@id\":\"https:\\\/\\\/hakmarfrance.online\\\/de\\\/#\\\/schema\\\/logo\\\/image\\\/\",\"url\":\"https:\\\/\\\/hakmarfrance.online\\\/wp-content\\\/uploads\\\/2025\\\/06\\\/logo-hakmarfrance.png\",\"contentUrl\":\"https:\\\/\\\/hakmarfrance.online\\\/wp-content\\\/uploads\\\/2025\\\/06\\\/logo-hakmarfrance.png\",\"width\":528,\"height\":232,\"caption\":\"hakmarfrance.online\"},\"image\":{\"@id\":\"https:\\\/\\\/hakmarfrance.online\\\/de\\\/#\\\/schema\\\/logo\\\/image\\\/\"},\"sameAs\":[\"https:\\\/\\\/www.facebook.com\\\/HakmarFranceSupermarche\\\/?locale=fr_FR\",\"https:\\\/\\\/www.instagram.com\\\/hakmarfrancesupermarche\\\/\"]}]}<\/script>\n<!-- \/ Yoast SEO plugin. -->","yoast_head_json":{"title":"pack-boisson-kizilay-mangue-ananas - hakmarfrance.online","robots":{"index":"index","follow":"follow","max-snippet":"max-snippet:-1","max-image-preview":"max-image-preview:large","max-video-preview":"max-video-preview:-1"},"canonical":"https:\/\/hakmarfrance.online\/de\/produit\/pack-boisson-kizilay-mangue-ananas\/","og_locale":"de_DE","og_type":"article","og_title":"pack-boisson-kizilay-mangue-ananas - hakmarfrance.online","og_description":"KIZILAY Mango-Ananas 6x200ml, ein erfrischendes und vitaminreiches Getr\u00e4nk mit gutem tropischem Geschmack, ideal f\u00fcr die ganze Familie.","og_url":"https:\/\/hakmarfrance.online\/de\/produit\/pack-boisson-kizilay-mangue-ananas\/","og_site_name":"hakmarfrance.online","article_publisher":"https:\/\/www.facebook.com\/HakmarFranceSupermarche\/?locale=fr_FR","og_image":[{"width":1000,"height":800,"url":"https:\/\/hakmarfrance.online\/wp-content\/uploads\/2025\/07\/pack-boisson-kizilay-mangue-ananas.avif","type":"image\/png"}],"twitter_card":"summary_large_image","schema":{"@context":"https:\/\/schema.org","@graph":[{"@type":"WebPage","@id":"https:\/\/hakmarfrance.online\/de\/produit\/pack-boisson-kizilay-mangue-ananas\/","url":"https:\/\/hakmarfrance.online\/de\/produit\/pack-boisson-kizilay-mangue-ananas\/","name":"pack-boisson-kizilay-mangue-ananas - hakmarfrance.online","isPartOf":{"@id":"https:\/\/hakmarfrance.online\/de\/#website"},"primaryImageOfPage":{"@id":"https:\/\/hakmarfrance.online\/de\/produit\/pack-boisson-kizilay-mangue-ananas\/#primaryimage"},"image":{"@id":"https:\/\/hakmarfrance.online\/de\/produit\/pack-boisson-kizilay-mangue-ananas\/#primaryimage"},"thumbnailUrl":"https:\/\/hakmarfrance.online\/wp-content\/uploads\/2025\/07\/pack-boisson-kizilay-mangue-ananas.avif","datePublished":"2025-07-09T08:35:26+00:00","breadcrumb":{"@id":"https:\/\/hakmarfrance.online\/de\/produit\/pack-boisson-kizilay-mangue-ananas\/#breadcrumb"},"inLanguage":"de","potentialAction":[{"@type":"ReadAction","target":["https:\/\/hakmarfrance.online\/de\/produit\/pack-boisson-kizilay-mangue-ananas\/"]}]},{"@type":"ImageObject","inLanguage":"de","@id":"https:\/\/hakmarfrance.online\/de\/produit\/pack-boisson-kizilay-mangue-ananas\/#primaryimage","url":"https:\/\/hakmarfrance.online\/wp-content\/uploads\/2025\/07\/pack-boisson-kizilay-mangue-ananas.avif","contentUrl":"https:\/\/hakmarfrance.online\/wp-content\/uploads\/2025\/07\/pack-boisson-kizilay-mangue-ananas.avif","width":1000,"height":800,"caption":"Fruchtgetr\u00e4nk KIZILAY Mango-Ananas \u2013 6x200 ml Format"},{"@type":"BreadcrumbList","@id":"https:\/\/hakmarfrance.online\/de\/produit\/pack-boisson-kizilay-mangue-ananas\/#breadcrumb","itemListElement":[{"@type":"ListItem","position":1,"name":"Accueil","item":"https:\/\/hakmarfrance.online\/de\/"},{"@type":"ListItem","position":2,"name":"Shop","item":"https:\/\/hakmarfrance.online\/de\/shop\/"},{"@type":"ListItem","position":3,"name":"pack-boisson-kizilay-mangue-ananas"}]},{"@type":"WebSite","@id":"https:\/\/hakmarfrance.online\/de\/#website","url":"https:\/\/hakmarfrance.online\/de\/","name":"hakmarfrance.online","description":"","publisher":{"@id":"https:\/\/hakmarfrance.online\/de\/#organization"},"potentialAction":[{"@type":"SearchAction","target":{"@type":"EntryPoint","urlTemplate":"https:\/\/hakmarfrance.online\/de\/?s={search_term_string}"},"query-input":{"@type":"PropertyValueSpecification","valueRequired":true,"valueName":"search_term_string"}}],"inLanguage":"de"},{"@type":"Organization","@id":"https:\/\/hakmarfrance.online\/de\/#organization","name":"hakmarfrance.online","url":"https:\/\/hakmarfrance.online\/de\/","logo":{"@type":"ImageObject","inLanguage":"de","@id":"https:\/\/hakmarfrance.online\/de\/#\/schema\/logo\/image\/","url":"https:\/\/hakmarfrance.online\/wp-content\/uploads\/2025\/06\/logo-hakmarfrance.png","contentUrl":"https:\/\/hakmarfrance.online\/wp-content\/uploads\/2025\/06\/logo-hakmarfrance.png","width":528,"height":232,"caption":"hakmarfrance.online"},"image":{"@id":"https:\/\/hakmarfrance.online\/de\/#\/schema\/logo\/image\/"},"sameAs":["https:\/\/www.facebook.com\/HakmarFranceSupermarche\/?locale=fr_FR","https:\/\/www.instagram.com\/hakmarfrancesupermarche\/"]}]}},"_links":{"self":[{"href":"https:\/\/hakmarfrance.online\/de\/wp-json\/wp\/v2\/product\/17649","targetHints":{"allow":["GET"]}}],"collection":[{"href":"https:\/\/hakmarfrance.online\/de\/wp-json\/wp\/v2\/product"}],"about":[{"href":"https:\/\/hakmarfrance.online\/de\/wp-json\/wp\/v2\/types\/product"}],"replies":[{"embeddable":true,"href":"https:\/\/hakmarfrance.online\/de\/wp-json\/wp\/v2\/comments?post=17649"}],"version-history":[{"count":0,"href":"https:\/\/hakmarfrance.online\/de\/wp-json\/wp\/v2\/product\/17649\/revisions"}],"wp:featuredmedia":[{"embeddable":true,"href":"https:\/\/hakmarfrance.online\/de\/wp-json\/wp\/v2\/media\/17650"}],"wp:attachment":[{"href":"https:\/\/hakmarfrance.online\/de\/wp-json\/wp\/v2\/media?parent=17649"}],"wp:term":[{"taxonomy":"product_brand","embeddable":true,"href":"https:\/\/hakmarfrance.online\/de\/wp-json\/wp\/v2\/product_brand?post=17649"},{"taxonomy":"product_cat","embeddable":true,"href":"https:\/\/hakmarfrance.online\/de\/wp-json\/wp\/v2\/product_cat?post=17649"},{"taxonomy":"product_tag","embeddable":true,"href":"https:\/\/hakmarfrance.online\/de\/wp-json\/wp\/v2\/product_tag?post=17649"}],"curies":[{"name":"wp","href":"https:\/\/api.w.org\/{rel}","templated":true}]}}