{"id":17651,"date":"2025-07-09T08:10:56","date_gmt":"2025-07-09T08:10:56","guid":{"rendered":"https:\/\/hakmarfrance.online\/produit\/kuenefe-mit-kaese-orientalisches-dessert-yoerem-hatay-art\/"},"modified":"2025-07-09T08:10:56","modified_gmt":"2025-07-09T08:10:56","slug":"kuenefe-mit-kaese-orientalisches-dessert-yoerem-hatay-art","status":"publish","type":"product","link":"https:\/\/hakmarfrance.online\/de\/produit\/kuenefe-mit-kaese-orientalisches-dessert-yoerem-hatay-art\/","title":{"rendered":"K\u00fcnefe mit K\u00e4se \u2013 Orientalisches Dessert Y\u00f6rem (Hatay-Art)"},"content":{"rendered":"<p data-start=\"232\" data-end=\"626\">Genie\u00dfe die Authentizit\u00e4t eines traditionellen orientalischen Desserts mit dem <strong data-start=\"358\" data-end=\"385\">K\u00fcnefe mit K\u00e4se Y\u00f6rem<\/strong>, zubereitet nach dem Rezept aus Hatay. Dieser knusprige Kuchen aus Kadaif-Teig und schmelzendem K\u00e4se entf\u00fchrt dich mit jedem Bissen auf eine Reise. Warm servieren f\u00fcr ein einzigartiges Geschmackserlebnis, mit einem Schuss Sirup oder einer Prise Pistazien.  <\/p>\n<p data-start=\"628\" data-end=\"664\">\u2705 <strong data-start=\"630\" data-end=\"662\">Hauptmerkmale<\/strong>:<\/p>\n<ul data-start=\"666\" data-end=\"892\">\n<li data-start=\"666\" data-end=\"713\">\n<p data-start=\"668\" data-end=\"713\">Traditionelles t\u00fcrkisches Dessert mit K\u00e4se<\/p>\n<\/li>\n<li data-start=\"714\" data-end=\"748\">\n<p data-start=\"716\" data-end=\"748\">Rezept aus Hatay (Hatay-Art)<\/p>\n<\/li>\n<li data-start=\"749\" data-end=\"793\">\n<p data-start=\"751\" data-end=\"793\">Praktisches Format zum Aufw\u00e4rmen zu Hause<\/p>\n<\/li>\n<li data-start=\"794\" data-end=\"835\">\n<p data-start=\"796\" data-end=\"835\">Knusprige Textur und schmelzender Kern<\/p>\n<\/li>\n<li data-start=\"836\" data-end=\"892\">\n<p data-start=\"838\" data-end=\"892\">Warm genie\u00dfen, ideal als Dessert oder f\u00fcr den Nachmittagssnack<\/p>\n<\/li>\n<\/ul>\n","protected":false},"excerpt":{"rendered":"<p><strong data-start=\"1306\" data-end=\"1337\">Orientalisches K\u00e4sedessert<\/strong>, das K\u00fcnefe Y\u00f6rem bietet eine Explosion s\u00fc\u00dfer und schmelzender Aromen. Warm genie\u00dfen f\u00fcr einen authentischen Genuss. <\/p>\n","protected":false},"featured_media":17652,"comment_status":"open","ping_status":"closed","template":"","meta":{"iawp_total_views":0},"product_brand":[],"product_cat":[226,255,268,269,230],"product_tag":[],"class_list":{"0":"post-17651","1":"product","2":"type-product","3":"status-publish","4":"has-post-thumbnail","6":"product_cat-alle-unsere-produkte","7":"product_cat-frische-produkte-milchprodukte","8":"product_cat-herzhafte-lebensmittel","9":"product_cat-orientalische-lebensmittel","10":"product_cat-traditionelle-turkische-produkte","12":"first","13":"instock","14":"shipping-taxable","15":"purchasable","16":"product-type-simple"},"yoast_head":"<!-- This site is optimized with the Yoast SEO plugin v27.3 - https:\/\/yoast.com\/product\/yoast-seo-wordpress\/ -->\n<title>K\u00fcnefe mit K\u00e4se \u2013 Orientalisches Dessert Y\u00f6rem (Hatay-Art) - hakmarfrance.online<\/title>\n<meta name=\"robots\" content=\"index, follow, max-snippet:-1, max-image-preview:large, max-video-preview:-1\" \/>\n<link rel=\"canonical\" href=\"https:\/\/hakmarfrance.online\/de\/produit\/kuenefe-mit-kaese-orientalisches-dessert-yoerem-hatay-art\/\" \/>\n<meta property=\"og:locale\" content=\"de_DE\" \/>\n<meta property=\"og:type\" content=\"article\" \/>\n<meta property=\"og:title\" content=\"K\u00fcnefe mit K\u00e4se \u2013 Orientalisches Dessert Y\u00f6rem (Hatay-Art) - hakmarfrance.online\" \/>\n<meta property=\"og:description\" content=\"Orientalisches K\u00e4sedessert, das K\u00fcnefe Y\u00f6rem bietet eine Explosion s\u00fc\u00dfer und schmelzender Aromen. Warm genie\u00dfen f\u00fcr einen authentischen Genuss.\" \/>\n<meta property=\"og:url\" content=\"https:\/\/hakmarfrance.online\/de\/produit\/kuenefe-mit-kaese-orientalisches-dessert-yoerem-hatay-art\/\" \/>\n<meta property=\"og:site_name\" content=\"hakmarfrance.online\" \/>\n<meta property=\"article:publisher\" content=\"https:\/\/www.facebook.com\/HakmarFranceSupermarche\/?locale=fr_FR\" \/>\n<meta property=\"og:image\" content=\"https:\/\/hakmarfrance.online\/wp-content\/uploads\/2025\/07\/kunefe-fromage-yorem.avif\" \/>\n\t<meta property=\"og:image:width\" content=\"1000\" \/>\n\t<meta property=\"og:image:height\" content=\"800\" \/>\n\t<meta property=\"og:image:type\" content=\"image\/png\" \/>\n<meta name=\"twitter:card\" content=\"summary_large_image\" \/>\n<script type=\"application\/ld+json\" class=\"yoast-schema-graph\">{\"@context\":\"https:\\\/\\\/schema.org\",\"@graph\":[{\"@type\":\"WebPage\",\"@id\":\"https:\\\/\\\/hakmarfrance.online\\\/de\\\/produit\\\/kuenefe-mit-kaese-orientalisches-dessert-yoerem-hatay-art\\\/\",\"url\":\"https:\\\/\\\/hakmarfrance.online\\\/de\\\/produit\\\/kuenefe-mit-kaese-orientalisches-dessert-yoerem-hatay-art\\\/\",\"name\":\"K\u00fcnefe mit K\u00e4se \u2013 Orientalisches Dessert Y\u00f6rem (Hatay-Art) - hakmarfrance.online\",\"isPartOf\":{\"@id\":\"https:\\\/\\\/hakmarfrance.online\\\/de\\\/#website\"},\"primaryImageOfPage\":{\"@id\":\"https:\\\/\\\/hakmarfrance.online\\\/de\\\/produit\\\/kuenefe-mit-kaese-orientalisches-dessert-yoerem-hatay-art\\\/#primaryimage\"},\"image\":{\"@id\":\"https:\\\/\\\/hakmarfrance.online\\\/de\\\/produit\\\/kuenefe-mit-kaese-orientalisches-dessert-yoerem-hatay-art\\\/#primaryimage\"},\"thumbnailUrl\":\"https:\\\/\\\/hakmarfrance.online\\\/wp-content\\\/uploads\\\/2025\\\/07\\\/kunefe-fromage-yorem.avif\",\"datePublished\":\"2025-07-09T08:10:56+00:00\",\"breadcrumb\":{\"@id\":\"https:\\\/\\\/hakmarfrance.online\\\/de\\\/produit\\\/kuenefe-mit-kaese-orientalisches-dessert-yoerem-hatay-art\\\/#breadcrumb\"},\"inLanguage\":\"de\",\"potentialAction\":[{\"@type\":\"ReadAction\",\"target\":[\"https:\\\/\\\/hakmarfrance.online\\\/de\\\/produit\\\/kuenefe-mit-kaese-orientalisches-dessert-yoerem-hatay-art\\\/\"]}]},{\"@type\":\"ImageObject\",\"inLanguage\":\"de\",\"@id\":\"https:\\\/\\\/hakmarfrance.online\\\/de\\\/produit\\\/kuenefe-mit-kaese-orientalisches-dessert-yoerem-hatay-art\\\/#primaryimage\",\"url\":\"https:\\\/\\\/hakmarfrance.online\\\/wp-content\\\/uploads\\\/2025\\\/07\\\/kunefe-fromage-yorem.avif\",\"contentUrl\":\"https:\\\/\\\/hakmarfrance.online\\\/wp-content\\\/uploads\\\/2025\\\/07\\\/kunefe-fromage-yorem.avif\",\"width\":1000,\"height\":800,\"caption\":\"K\u00fcnefe mit K\u00e4se Y\u00f6rem \u2013 Knuspriger Genuss zum Teilen\"},{\"@type\":\"BreadcrumbList\",\"@id\":\"https:\\\/\\\/hakmarfrance.online\\\/de\\\/produit\\\/kuenefe-mit-kaese-orientalisches-dessert-yoerem-hatay-art\\\/#breadcrumb\",\"itemListElement\":[{\"@type\":\"ListItem\",\"position\":1,\"name\":\"Accueil\",\"item\":\"https:\\\/\\\/hakmarfrance.online\\\/de\\\/\"},{\"@type\":\"ListItem\",\"position\":2,\"name\":\"Shop\",\"item\":\"https:\\\/\\\/hakmarfrance.online\\\/de\\\/shop\\\/\"},{\"@type\":\"ListItem\",\"position\":3,\"name\":\"K\u00fcnefe mit K\u00e4se \u2013 Orientalisches Dessert Y\u00f6rem (Hatay-Art)\"}]},{\"@type\":\"WebSite\",\"@id\":\"https:\\\/\\\/hakmarfrance.online\\\/de\\\/#website\",\"url\":\"https:\\\/\\\/hakmarfrance.online\\\/de\\\/\",\"name\":\"hakmarfrance.online\",\"description\":\"\",\"publisher\":{\"@id\":\"https:\\\/\\\/hakmarfrance.online\\\/de\\\/#organization\"},\"potentialAction\":[{\"@type\":\"SearchAction\",\"target\":{\"@type\":\"EntryPoint\",\"urlTemplate\":\"https:\\\/\\\/hakmarfrance.online\\\/de\\\/?s={search_term_string}\"},\"query-input\":{\"@type\":\"PropertyValueSpecification\",\"valueRequired\":true,\"valueName\":\"search_term_string\"}}],\"inLanguage\":\"de\"},{\"@type\":\"Organization\",\"@id\":\"https:\\\/\\\/hakmarfrance.online\\\/de\\\/#organization\",\"name\":\"hakmarfrance.online\",\"url\":\"https:\\\/\\\/hakmarfrance.online\\\/de\\\/\",\"logo\":{\"@type\":\"ImageObject\",\"inLanguage\":\"de\",\"@id\":\"https:\\\/\\\/hakmarfrance.online\\\/de\\\/#\\\/schema\\\/logo\\\/image\\\/\",\"url\":\"https:\\\/\\\/hakmarfrance.online\\\/wp-content\\\/uploads\\\/2025\\\/06\\\/logo-hakmarfrance.png\",\"contentUrl\":\"https:\\\/\\\/hakmarfrance.online\\\/wp-content\\\/uploads\\\/2025\\\/06\\\/logo-hakmarfrance.png\",\"width\":528,\"height\":232,\"caption\":\"hakmarfrance.online\"},\"image\":{\"@id\":\"https:\\\/\\\/hakmarfrance.online\\\/de\\\/#\\\/schema\\\/logo\\\/image\\\/\"},\"sameAs\":[\"https:\\\/\\\/www.facebook.com\\\/HakmarFranceSupermarche\\\/?locale=fr_FR\",\"https:\\\/\\\/www.instagram.com\\\/hakmarfrancesupermarche\\\/\"]}]}<\/script>\n<!-- \/ Yoast SEO plugin. -->","yoast_head_json":{"title":"K\u00fcnefe mit K\u00e4se \u2013 Orientalisches Dessert Y\u00f6rem (Hatay-Art) - hakmarfrance.online","robots":{"index":"index","follow":"follow","max-snippet":"max-snippet:-1","max-image-preview":"max-image-preview:large","max-video-preview":"max-video-preview:-1"},"canonical":"https:\/\/hakmarfrance.online\/de\/produit\/kuenefe-mit-kaese-orientalisches-dessert-yoerem-hatay-art\/","og_locale":"de_DE","og_type":"article","og_title":"K\u00fcnefe mit K\u00e4se \u2013 Orientalisches Dessert Y\u00f6rem (Hatay-Art) - hakmarfrance.online","og_description":"Orientalisches K\u00e4sedessert, das K\u00fcnefe Y\u00f6rem bietet eine Explosion s\u00fc\u00dfer und schmelzender Aromen. Warm genie\u00dfen f\u00fcr einen authentischen Genuss.","og_url":"https:\/\/hakmarfrance.online\/de\/produit\/kuenefe-mit-kaese-orientalisches-dessert-yoerem-hatay-art\/","og_site_name":"hakmarfrance.online","article_publisher":"https:\/\/www.facebook.com\/HakmarFranceSupermarche\/?locale=fr_FR","og_image":[{"width":1000,"height":800,"url":"https:\/\/hakmarfrance.online\/wp-content\/uploads\/2025\/07\/kunefe-fromage-yorem.avif","type":"image\/png"}],"twitter_card":"summary_large_image","schema":{"@context":"https:\/\/schema.org","@graph":[{"@type":"WebPage","@id":"https:\/\/hakmarfrance.online\/de\/produit\/kuenefe-mit-kaese-orientalisches-dessert-yoerem-hatay-art\/","url":"https:\/\/hakmarfrance.online\/de\/produit\/kuenefe-mit-kaese-orientalisches-dessert-yoerem-hatay-art\/","name":"K\u00fcnefe mit K\u00e4se \u2013 Orientalisches Dessert Y\u00f6rem (Hatay-Art) - hakmarfrance.online","isPartOf":{"@id":"https:\/\/hakmarfrance.online\/de\/#website"},"primaryImageOfPage":{"@id":"https:\/\/hakmarfrance.online\/de\/produit\/kuenefe-mit-kaese-orientalisches-dessert-yoerem-hatay-art\/#primaryimage"},"image":{"@id":"https:\/\/hakmarfrance.online\/de\/produit\/kuenefe-mit-kaese-orientalisches-dessert-yoerem-hatay-art\/#primaryimage"},"thumbnailUrl":"https:\/\/hakmarfrance.online\/wp-content\/uploads\/2025\/07\/kunefe-fromage-yorem.avif","datePublished":"2025-07-09T08:10:56+00:00","breadcrumb":{"@id":"https:\/\/hakmarfrance.online\/de\/produit\/kuenefe-mit-kaese-orientalisches-dessert-yoerem-hatay-art\/#breadcrumb"},"inLanguage":"de","potentialAction":[{"@type":"ReadAction","target":["https:\/\/hakmarfrance.online\/de\/produit\/kuenefe-mit-kaese-orientalisches-dessert-yoerem-hatay-art\/"]}]},{"@type":"ImageObject","inLanguage":"de","@id":"https:\/\/hakmarfrance.online\/de\/produit\/kuenefe-mit-kaese-orientalisches-dessert-yoerem-hatay-art\/#primaryimage","url":"https:\/\/hakmarfrance.online\/wp-content\/uploads\/2025\/07\/kunefe-fromage-yorem.avif","contentUrl":"https:\/\/hakmarfrance.online\/wp-content\/uploads\/2025\/07\/kunefe-fromage-yorem.avif","width":1000,"height":800,"caption":"K\u00fcnefe mit K\u00e4se Y\u00f6rem \u2013 Knuspriger Genuss zum Teilen"},{"@type":"BreadcrumbList","@id":"https:\/\/hakmarfrance.online\/de\/produit\/kuenefe-mit-kaese-orientalisches-dessert-yoerem-hatay-art\/#breadcrumb","itemListElement":[{"@type":"ListItem","position":1,"name":"Accueil","item":"https:\/\/hakmarfrance.online\/de\/"},{"@type":"ListItem","position":2,"name":"Shop","item":"https:\/\/hakmarfrance.online\/de\/shop\/"},{"@type":"ListItem","position":3,"name":"K\u00fcnefe mit K\u00e4se \u2013 Orientalisches Dessert Y\u00f6rem (Hatay-Art)"}]},{"@type":"WebSite","@id":"https:\/\/hakmarfrance.online\/de\/#website","url":"https:\/\/hakmarfrance.online\/de\/","name":"hakmarfrance.online","description":"","publisher":{"@id":"https:\/\/hakmarfrance.online\/de\/#organization"},"potentialAction":[{"@type":"SearchAction","target":{"@type":"EntryPoint","urlTemplate":"https:\/\/hakmarfrance.online\/de\/?s={search_term_string}"},"query-input":{"@type":"PropertyValueSpecification","valueRequired":true,"valueName":"search_term_string"}}],"inLanguage":"de"},{"@type":"Organization","@id":"https:\/\/hakmarfrance.online\/de\/#organization","name":"hakmarfrance.online","url":"https:\/\/hakmarfrance.online\/de\/","logo":{"@type":"ImageObject","inLanguage":"de","@id":"https:\/\/hakmarfrance.online\/de\/#\/schema\/logo\/image\/","url":"https:\/\/hakmarfrance.online\/wp-content\/uploads\/2025\/06\/logo-hakmarfrance.png","contentUrl":"https:\/\/hakmarfrance.online\/wp-content\/uploads\/2025\/06\/logo-hakmarfrance.png","width":528,"height":232,"caption":"hakmarfrance.online"},"image":{"@id":"https:\/\/hakmarfrance.online\/de\/#\/schema\/logo\/image\/"},"sameAs":["https:\/\/www.facebook.com\/HakmarFranceSupermarche\/?locale=fr_FR","https:\/\/www.instagram.com\/hakmarfrancesupermarche\/"]}]}},"_links":{"self":[{"href":"https:\/\/hakmarfrance.online\/de\/wp-json\/wp\/v2\/product\/17651","targetHints":{"allow":["GET"]}}],"collection":[{"href":"https:\/\/hakmarfrance.online\/de\/wp-json\/wp\/v2\/product"}],"about":[{"href":"https:\/\/hakmarfrance.online\/de\/wp-json\/wp\/v2\/types\/product"}],"replies":[{"embeddable":true,"href":"https:\/\/hakmarfrance.online\/de\/wp-json\/wp\/v2\/comments?post=17651"}],"version-history":[{"count":0,"href":"https:\/\/hakmarfrance.online\/de\/wp-json\/wp\/v2\/product\/17651\/revisions"}],"wp:featuredmedia":[{"embeddable":true,"href":"https:\/\/hakmarfrance.online\/de\/wp-json\/wp\/v2\/media\/17652"}],"wp:attachment":[{"href":"https:\/\/hakmarfrance.online\/de\/wp-json\/wp\/v2\/media?parent=17651"}],"wp:term":[{"taxonomy":"product_brand","embeddable":true,"href":"https:\/\/hakmarfrance.online\/de\/wp-json\/wp\/v2\/product_brand?post=17651"},{"taxonomy":"product_cat","embeddable":true,"href":"https:\/\/hakmarfrance.online\/de\/wp-json\/wp\/v2\/product_cat?post=17651"},{"taxonomy":"product_tag","embeddable":true,"href":"https:\/\/hakmarfrance.online\/de\/wp-json\/wp\/v2\/product_tag?post=17651"}],"curies":[{"name":"wp","href":"https:\/\/api.w.org\/{rel}","templated":true}]}}