{"id":17657,"date":"2025-07-09T08:20:28","date_gmt":"2025-07-09T08:20:28","guid":{"rendered":"https:\/\/hakmarfrance.online\/produit\/extra-gesalzene-sonnenblumenkerne-200g-delikatessa\/"},"modified":"2025-07-09T08:20:28","modified_gmt":"2025-07-09T08:20:28","slug":"extra-gesalzene-sonnenblumenkerne-200g-delikatessa","status":"publish","type":"product","link":"https:\/\/hakmarfrance.online\/de\/produit\/extra-gesalzene-sonnenblumenkerne-200g-delikatessa\/","title":{"rendered":"Extra gesalzene Sonnenblumenkerne 200g \u2013 Delikatessa"},"content":{"rendered":"<p data-start=\"278\" data-end=\"625\">G\u00f6nn dir noch intensiveren Genuss mit den <strong data-start=\"389\" data-end=\"438\">extra gesalzenen Delikatessa Sonnenblumenkernen<\/strong>! Knusprig, geschmacksintensiv und gro\u00dfz\u00fcgig gew\u00fcrzt, sind sie ideal f\u00fcr Liebhaber kr\u00e4ftiger Aromen. Perfekt f\u00fcr Aperitifs mit Freunden oder genussvolle Pausen. <\/p>\n<p data-start=\"627\" data-end=\"663\">\u2705 <strong data-start=\"629\" data-end=\"661\">Hauptmerkmale<\/strong>:<\/p>\n<ul data-start=\"664\" data-end=\"843\">\n<li data-start=\"664\" data-end=\"699\">\n<p data-start=\"666\" data-end=\"699\">Ungesch\u00e4lte Sonnenblumenkerne<\/p>\n<\/li>\n<li data-start=\"700\" data-end=\"738\">\n<p data-start=\"702\" data-end=\"738\">Ger\u00f6stet mit extra Salz<\/p>\n<\/li>\n<li data-start=\"739\" data-end=\"763\">\n<p data-start=\"741\" data-end=\"763\">Praktisches 200g-Format<\/p>\n<\/li>\n<li data-start=\"764\" data-end=\"810\">\n<p data-start=\"766\" data-end=\"810\">Intensiverer Geschmack f\u00fcr Salzliebhaber<\/p>\n<\/li>\n<li data-start=\"811\" data-end=\"843\">\n<p data-start=\"813\" data-end=\"843\">Luftdichte und farbenfrohe Verpackung<\/p>\n<\/li>\n<\/ul>\n","protected":false},"excerpt":{"rendered":"<p><strong data-start=\"1304\" data-end=\"1334\">Delikatessa Sonnenblumenkerne 200g<\/strong>, extra gesalzen, knusprig und intensiv, f\u00fcr geschmacksintensive Pausen.<\/p>\n","protected":false},"featured_media":17658,"comment_status":"open","ping_status":"closed","template":"","meta":{"iawp_total_views":0},"product_brand":[207],"product_cat":[226,268,269,273,230],"product_tag":[],"class_list":{"0":"post-17657","1":"product","2":"type-product","3":"status-publish","4":"has-post-thumbnail","6":"product_brand-delikatessa","7":"product_cat-alle-unsere-produkte","8":"product_cat-herzhafte-lebensmittel","9":"product_cat-orientalische-lebensmittel","10":"product_cat-snacks-suesswaren","11":"product_cat-traditionelle-turkische-produkte","13":"first","14":"instock","15":"shipping-taxable","16":"purchasable","17":"product-type-simple"},"yoast_head":"<!-- This site is optimized with the Yoast SEO plugin v27.3 - https:\/\/yoast.com\/product\/yoast-seo-wordpress\/ -->\n<title>Extra gesalzene Sonnenblumenkerne 200g \u2013 Delikatessa - hakmarfrance.online<\/title>\n<meta name=\"robots\" content=\"index, follow, max-snippet:-1, max-image-preview:large, max-video-preview:-1\" \/>\n<link rel=\"canonical\" href=\"https:\/\/hakmarfrance.online\/de\/produit\/extra-gesalzene-sonnenblumenkerne-200g-delikatessa\/\" \/>\n<meta property=\"og:locale\" content=\"de_DE\" \/>\n<meta property=\"og:type\" content=\"article\" \/>\n<meta property=\"og:title\" content=\"Extra gesalzene Sonnenblumenkerne 200g \u2013 Delikatessa - hakmarfrance.online\" \/>\n<meta property=\"og:description\" content=\"Delikatessa Sonnenblumenkerne 200g, extra gesalzen, knusprig und intensiv, f\u00fcr geschmacksintensive Pausen.\" \/>\n<meta property=\"og:url\" content=\"https:\/\/hakmarfrance.online\/de\/produit\/extra-gesalzene-sonnenblumenkerne-200g-delikatessa\/\" \/>\n<meta property=\"og:site_name\" content=\"hakmarfrance.online\" \/>\n<meta property=\"article:publisher\" content=\"https:\/\/www.facebook.com\/HakmarFranceSupermarche\/?locale=fr_FR\" \/>\n<meta property=\"og:image\" content=\"https:\/\/hakmarfrance.online\/wp-content\/uploads\/2025\/07\/delikatessa-graines-tournesol-extra-sel-200g.avif\" \/>\n\t<meta property=\"og:image:width\" content=\"1000\" \/>\n\t<meta property=\"og:image:height\" content=\"800\" \/>\n\t<meta property=\"og:image:type\" content=\"image\/png\" \/>\n<meta name=\"twitter:card\" content=\"summary_large_image\" \/>\n<script type=\"application\/ld+json\" class=\"yoast-schema-graph\">{\"@context\":\"https:\\\/\\\/schema.org\",\"@graph\":[{\"@type\":\"WebPage\",\"@id\":\"https:\\\/\\\/hakmarfrance.online\\\/de\\\/produit\\\/extra-gesalzene-sonnenblumenkerne-200g-delikatessa\\\/\",\"url\":\"https:\\\/\\\/hakmarfrance.online\\\/de\\\/produit\\\/extra-gesalzene-sonnenblumenkerne-200g-delikatessa\\\/\",\"name\":\"Extra gesalzene Sonnenblumenkerne 200g \u2013 Delikatessa - hakmarfrance.online\",\"isPartOf\":{\"@id\":\"https:\\\/\\\/hakmarfrance.online\\\/de\\\/#website\"},\"primaryImageOfPage\":{\"@id\":\"https:\\\/\\\/hakmarfrance.online\\\/de\\\/produit\\\/extra-gesalzene-sonnenblumenkerne-200g-delikatessa\\\/#primaryimage\"},\"image\":{\"@id\":\"https:\\\/\\\/hakmarfrance.online\\\/de\\\/produit\\\/extra-gesalzene-sonnenblumenkerne-200g-delikatessa\\\/#primaryimage\"},\"thumbnailUrl\":\"https:\\\/\\\/hakmarfrance.online\\\/wp-content\\\/uploads\\\/2025\\\/07\\\/delikatessa-graines-tournesol-extra-sel-200g.avif\",\"datePublished\":\"2025-07-09T08:20:28+00:00\",\"breadcrumb\":{\"@id\":\"https:\\\/\\\/hakmarfrance.online\\\/de\\\/produit\\\/extra-gesalzene-sonnenblumenkerne-200g-delikatessa\\\/#breadcrumb\"},\"inLanguage\":\"de\",\"potentialAction\":[{\"@type\":\"ReadAction\",\"target\":[\"https:\\\/\\\/hakmarfrance.online\\\/de\\\/produit\\\/extra-gesalzene-sonnenblumenkerne-200g-delikatessa\\\/\"]}]},{\"@type\":\"ImageObject\",\"inLanguage\":\"de\",\"@id\":\"https:\\\/\\\/hakmarfrance.online\\\/de\\\/produit\\\/extra-gesalzene-sonnenblumenkerne-200g-delikatessa\\\/#primaryimage\",\"url\":\"https:\\\/\\\/hakmarfrance.online\\\/wp-content\\\/uploads\\\/2025\\\/07\\\/delikatessa-graines-tournesol-extra-sel-200g.avif\",\"contentUrl\":\"https:\\\/\\\/hakmarfrance.online\\\/wp-content\\\/uploads\\\/2025\\\/07\\\/delikatessa-graines-tournesol-extra-sel-200g.avif\",\"width\":1000,\"height\":800,\"caption\":\"Delikatessa \u2013 Ungesch\u00e4lte, extra gesalzene Sonnenblumenkerne, 200g Beutel\"},{\"@type\":\"BreadcrumbList\",\"@id\":\"https:\\\/\\\/hakmarfrance.online\\\/de\\\/produit\\\/extra-gesalzene-sonnenblumenkerne-200g-delikatessa\\\/#breadcrumb\",\"itemListElement\":[{\"@type\":\"ListItem\",\"position\":1,\"name\":\"Accueil\",\"item\":\"https:\\\/\\\/hakmarfrance.online\\\/de\\\/\"},{\"@type\":\"ListItem\",\"position\":2,\"name\":\"Shop\",\"item\":\"https:\\\/\\\/hakmarfrance.online\\\/de\\\/shop\\\/\"},{\"@type\":\"ListItem\",\"position\":3,\"name\":\"Extra gesalzene Sonnenblumenkerne 200g \u2013 Delikatessa\"}]},{\"@type\":\"WebSite\",\"@id\":\"https:\\\/\\\/hakmarfrance.online\\\/de\\\/#website\",\"url\":\"https:\\\/\\\/hakmarfrance.online\\\/de\\\/\",\"name\":\"hakmarfrance.online\",\"description\":\"\",\"publisher\":{\"@id\":\"https:\\\/\\\/hakmarfrance.online\\\/de\\\/#organization\"},\"potentialAction\":[{\"@type\":\"SearchAction\",\"target\":{\"@type\":\"EntryPoint\",\"urlTemplate\":\"https:\\\/\\\/hakmarfrance.online\\\/de\\\/?s={search_term_string}\"},\"query-input\":{\"@type\":\"PropertyValueSpecification\",\"valueRequired\":true,\"valueName\":\"search_term_string\"}}],\"inLanguage\":\"de\"},{\"@type\":\"Organization\",\"@id\":\"https:\\\/\\\/hakmarfrance.online\\\/de\\\/#organization\",\"name\":\"hakmarfrance.online\",\"url\":\"https:\\\/\\\/hakmarfrance.online\\\/de\\\/\",\"logo\":{\"@type\":\"ImageObject\",\"inLanguage\":\"de\",\"@id\":\"https:\\\/\\\/hakmarfrance.online\\\/de\\\/#\\\/schema\\\/logo\\\/image\\\/\",\"url\":\"https:\\\/\\\/hakmarfrance.online\\\/wp-content\\\/uploads\\\/2025\\\/06\\\/logo-hakmarfrance.png\",\"contentUrl\":\"https:\\\/\\\/hakmarfrance.online\\\/wp-content\\\/uploads\\\/2025\\\/06\\\/logo-hakmarfrance.png\",\"width\":528,\"height\":232,\"caption\":\"hakmarfrance.online\"},\"image\":{\"@id\":\"https:\\\/\\\/hakmarfrance.online\\\/de\\\/#\\\/schema\\\/logo\\\/image\\\/\"},\"sameAs\":[\"https:\\\/\\\/www.facebook.com\\\/HakmarFranceSupermarche\\\/?locale=fr_FR\",\"https:\\\/\\\/www.instagram.com\\\/hakmarfrancesupermarche\\\/\"]}]}<\/script>\n<!-- \/ Yoast SEO plugin. -->","yoast_head_json":{"title":"Extra gesalzene Sonnenblumenkerne 200g \u2013 Delikatessa - hakmarfrance.online","robots":{"index":"index","follow":"follow","max-snippet":"max-snippet:-1","max-image-preview":"max-image-preview:large","max-video-preview":"max-video-preview:-1"},"canonical":"https:\/\/hakmarfrance.online\/de\/produit\/extra-gesalzene-sonnenblumenkerne-200g-delikatessa\/","og_locale":"de_DE","og_type":"article","og_title":"Extra gesalzene Sonnenblumenkerne 200g \u2013 Delikatessa - hakmarfrance.online","og_description":"Delikatessa Sonnenblumenkerne 200g, extra gesalzen, knusprig und intensiv, f\u00fcr geschmacksintensive Pausen.","og_url":"https:\/\/hakmarfrance.online\/de\/produit\/extra-gesalzene-sonnenblumenkerne-200g-delikatessa\/","og_site_name":"hakmarfrance.online","article_publisher":"https:\/\/www.facebook.com\/HakmarFranceSupermarche\/?locale=fr_FR","og_image":[{"width":1000,"height":800,"url":"https:\/\/hakmarfrance.online\/wp-content\/uploads\/2025\/07\/delikatessa-graines-tournesol-extra-sel-200g.avif","type":"image\/png"}],"twitter_card":"summary_large_image","schema":{"@context":"https:\/\/schema.org","@graph":[{"@type":"WebPage","@id":"https:\/\/hakmarfrance.online\/de\/produit\/extra-gesalzene-sonnenblumenkerne-200g-delikatessa\/","url":"https:\/\/hakmarfrance.online\/de\/produit\/extra-gesalzene-sonnenblumenkerne-200g-delikatessa\/","name":"Extra gesalzene Sonnenblumenkerne 200g \u2013 Delikatessa - hakmarfrance.online","isPartOf":{"@id":"https:\/\/hakmarfrance.online\/de\/#website"},"primaryImageOfPage":{"@id":"https:\/\/hakmarfrance.online\/de\/produit\/extra-gesalzene-sonnenblumenkerne-200g-delikatessa\/#primaryimage"},"image":{"@id":"https:\/\/hakmarfrance.online\/de\/produit\/extra-gesalzene-sonnenblumenkerne-200g-delikatessa\/#primaryimage"},"thumbnailUrl":"https:\/\/hakmarfrance.online\/wp-content\/uploads\/2025\/07\/delikatessa-graines-tournesol-extra-sel-200g.avif","datePublished":"2025-07-09T08:20:28+00:00","breadcrumb":{"@id":"https:\/\/hakmarfrance.online\/de\/produit\/extra-gesalzene-sonnenblumenkerne-200g-delikatessa\/#breadcrumb"},"inLanguage":"de","potentialAction":[{"@type":"ReadAction","target":["https:\/\/hakmarfrance.online\/de\/produit\/extra-gesalzene-sonnenblumenkerne-200g-delikatessa\/"]}]},{"@type":"ImageObject","inLanguage":"de","@id":"https:\/\/hakmarfrance.online\/de\/produit\/extra-gesalzene-sonnenblumenkerne-200g-delikatessa\/#primaryimage","url":"https:\/\/hakmarfrance.online\/wp-content\/uploads\/2025\/07\/delikatessa-graines-tournesol-extra-sel-200g.avif","contentUrl":"https:\/\/hakmarfrance.online\/wp-content\/uploads\/2025\/07\/delikatessa-graines-tournesol-extra-sel-200g.avif","width":1000,"height":800,"caption":"Delikatessa \u2013 Ungesch\u00e4lte, extra gesalzene Sonnenblumenkerne, 200g Beutel"},{"@type":"BreadcrumbList","@id":"https:\/\/hakmarfrance.online\/de\/produit\/extra-gesalzene-sonnenblumenkerne-200g-delikatessa\/#breadcrumb","itemListElement":[{"@type":"ListItem","position":1,"name":"Accueil","item":"https:\/\/hakmarfrance.online\/de\/"},{"@type":"ListItem","position":2,"name":"Shop","item":"https:\/\/hakmarfrance.online\/de\/shop\/"},{"@type":"ListItem","position":3,"name":"Extra gesalzene Sonnenblumenkerne 200g \u2013 Delikatessa"}]},{"@type":"WebSite","@id":"https:\/\/hakmarfrance.online\/de\/#website","url":"https:\/\/hakmarfrance.online\/de\/","name":"hakmarfrance.online","description":"","publisher":{"@id":"https:\/\/hakmarfrance.online\/de\/#organization"},"potentialAction":[{"@type":"SearchAction","target":{"@type":"EntryPoint","urlTemplate":"https:\/\/hakmarfrance.online\/de\/?s={search_term_string}"},"query-input":{"@type":"PropertyValueSpecification","valueRequired":true,"valueName":"search_term_string"}}],"inLanguage":"de"},{"@type":"Organization","@id":"https:\/\/hakmarfrance.online\/de\/#organization","name":"hakmarfrance.online","url":"https:\/\/hakmarfrance.online\/de\/","logo":{"@type":"ImageObject","inLanguage":"de","@id":"https:\/\/hakmarfrance.online\/de\/#\/schema\/logo\/image\/","url":"https:\/\/hakmarfrance.online\/wp-content\/uploads\/2025\/06\/logo-hakmarfrance.png","contentUrl":"https:\/\/hakmarfrance.online\/wp-content\/uploads\/2025\/06\/logo-hakmarfrance.png","width":528,"height":232,"caption":"hakmarfrance.online"},"image":{"@id":"https:\/\/hakmarfrance.online\/de\/#\/schema\/logo\/image\/"},"sameAs":["https:\/\/www.facebook.com\/HakmarFranceSupermarche\/?locale=fr_FR","https:\/\/www.instagram.com\/hakmarfrancesupermarche\/"]}]}},"_links":{"self":[{"href":"https:\/\/hakmarfrance.online\/de\/wp-json\/wp\/v2\/product\/17657","targetHints":{"allow":["GET"]}}],"collection":[{"href":"https:\/\/hakmarfrance.online\/de\/wp-json\/wp\/v2\/product"}],"about":[{"href":"https:\/\/hakmarfrance.online\/de\/wp-json\/wp\/v2\/types\/product"}],"replies":[{"embeddable":true,"href":"https:\/\/hakmarfrance.online\/de\/wp-json\/wp\/v2\/comments?post=17657"}],"version-history":[{"count":0,"href":"https:\/\/hakmarfrance.online\/de\/wp-json\/wp\/v2\/product\/17657\/revisions"}],"wp:featuredmedia":[{"embeddable":true,"href":"https:\/\/hakmarfrance.online\/de\/wp-json\/wp\/v2\/media\/17658"}],"wp:attachment":[{"href":"https:\/\/hakmarfrance.online\/de\/wp-json\/wp\/v2\/media?parent=17657"}],"wp:term":[{"taxonomy":"product_brand","embeddable":true,"href":"https:\/\/hakmarfrance.online\/de\/wp-json\/wp\/v2\/product_brand?post=17657"},{"taxonomy":"product_cat","embeddable":true,"href":"https:\/\/hakmarfrance.online\/de\/wp-json\/wp\/v2\/product_cat?post=17657"},{"taxonomy":"product_tag","embeddable":true,"href":"https:\/\/hakmarfrance.online\/de\/wp-json\/wp\/v2\/product_tag?post=17657"}],"curies":[{"name":"wp","href":"https:\/\/api.w.org\/{rel}","templated":true}]}}