{"id":17665,"date":"2025-07-09T08:05:38","date_gmt":"2025-07-09T08:05:38","guid":{"rendered":"https:\/\/hakmarfrance.online\/produit\/gazi-yumusak-milder-und-cremiger-tuerkischer-weisskaese\/"},"modified":"2025-07-09T08:05:38","modified_gmt":"2025-07-09T08:05:38","slug":"gazi-yumusak-milder-und-cremiger-tuerkischer-weisskaese","status":"publish","type":"product","link":"https:\/\/hakmarfrance.online\/de\/produit\/gazi-yumusak-milder-und-cremiger-tuerkischer-weisskaese\/","title":{"rendered":"GAZ\u0130 Yumu\u015fak \u2013 Milder und cremiger t\u00fcrkischer Wei\u00dfk\u00e4se"},"content":{"rendered":"<p data-start=\"241\" data-end=\"676\">Entdecke den <strong data-start=\"313\" data-end=\"348\">t\u00fcrkischen Wei\u00dfk\u00e4se GAZ\u0130 Yumu\u015fak<\/strong>, eine unverzichtbare Referenz f\u00fcr Liebhaber milder und cremiger Geschmacksrichtungen. Hergestellt aus hochwertiger Milch, wird dieser K\u00e4se gefiltert, um eine einzigartige cremige Textur zu bieten, perfekt als Beilage zu deinem Fr\u00fchst\u00fcck, Salaten oder warmen Gerichten. Sein leichter Geschmack und seine unvergleichliche Milde machen ihn zu einem t\u00e4glichen Begleiter.  <\/p>\n<p data-start=\"678\" data-end=\"714\">\u2705 <strong data-start=\"680\" data-end=\"712\">Hauptmerkmale<\/strong>:<\/p>\n<ul data-start=\"716\" data-end=\"950\">\n<li data-start=\"716\" data-end=\"772\">\n<p data-start=\"718\" data-end=\"772\">Milder t\u00fcrkischer Wei\u00dfk\u00e4se (Yumu\u015fak S\u00fczme Beyaz Peynir)<\/p>\n<\/li>\n<li data-start=\"773\" data-end=\"805\">\n<p data-start=\"775\" data-end=\"805\">Cremige und zartschmelzende Textur<\/p>\n<\/li>\n<li data-start=\"806\" data-end=\"837\">\n<p data-start=\"808\" data-end=\"837\">Hermetische Metalldose<\/p>\n<\/li>\n<li data-start=\"838\" data-end=\"895\">\n<p data-start=\"840\" data-end=\"895\">Ideal f\u00fcr Fr\u00fchst\u00fcck, Salate, B\u00f6rek<\/p>\n<\/li>\n<li data-start=\"896\" data-end=\"950\">\n<p data-start=\"898\" data-end=\"950\">Weltweit anerkanntes GAZ\u0130 Qualit\u00e4tsprodukt<\/p>\n<\/li>\n<\/ul>\n","protected":false},"excerpt":{"rendered":"<p><strong data-start=\"1343\" data-end=\"1381\">Milder und cremiger t\u00fcrkischer Wei\u00dfk\u00e4se<\/strong>, GAZ\u0130 Yumu\u015fak ist ideal f\u00fcr deine traditionellen oder modernen Mahlzeiten. Eine cremige Textur und ein leichter Geschmack f\u00fcr die ganze Familie. <\/p>\n","protected":false},"featured_media":17666,"comment_status":"open","ping_status":"closed","template":"","meta":{"iawp_total_views":0},"product_brand":[174],"product_cat":[226,251,255,268],"product_tag":[],"class_list":{"0":"post-17665","1":"product","2":"type-product","3":"status-publish","4":"has-post-thumbnail","6":"product_brand-gazi","7":"product_cat-alle-unsere-produkte","8":"product_cat-fleisch-fisch-feinkost","9":"product_cat-frische-produkte-milchprodukte","10":"product_cat-herzhafte-lebensmittel","12":"first","13":"instock","14":"shipping-taxable","15":"purchasable","16":"product-type-simple"},"yoast_head":"<!-- This site is optimized with the Yoast SEO plugin v27.3 - https:\/\/yoast.com\/product\/yoast-seo-wordpress\/ -->\n<title>GAZ\u0130 Yumu\u015fak \u2013 Milder und cremiger t\u00fcrkischer Wei\u00dfk\u00e4se - hakmarfrance.online<\/title>\n<meta name=\"robots\" content=\"index, follow, max-snippet:-1, max-image-preview:large, max-video-preview:-1\" \/>\n<link rel=\"canonical\" href=\"https:\/\/hakmarfrance.online\/de\/produit\/gazi-yumusak-milder-und-cremiger-tuerkischer-weisskaese\/\" \/>\n<meta property=\"og:locale\" content=\"de_DE\" \/>\n<meta property=\"og:type\" content=\"article\" \/>\n<meta property=\"og:title\" content=\"GAZ\u0130 Yumu\u015fak \u2013 Milder und cremiger t\u00fcrkischer Wei\u00dfk\u00e4se - hakmarfrance.online\" \/>\n<meta property=\"og:description\" content=\"Milder und cremiger t\u00fcrkischer Wei\u00dfk\u00e4se, GAZ\u0130 Yumu\u015fak ist ideal f\u00fcr deine traditionellen oder modernen Mahlzeiten. Eine cremige Textur und ein leichter Geschmack f\u00fcr die ganze Familie.\" \/>\n<meta property=\"og:url\" content=\"https:\/\/hakmarfrance.online\/de\/produit\/gazi-yumusak-milder-und-cremiger-tuerkischer-weisskaese\/\" \/>\n<meta property=\"og:site_name\" content=\"hakmarfrance.online\" \/>\n<meta property=\"article:publisher\" content=\"https:\/\/www.facebook.com\/HakmarFranceSupermarche\/?locale=fr_FR\" \/>\n<meta property=\"og:image\" content=\"https:\/\/hakmarfrance.online\/wp-content\/uploads\/2025\/07\/fromage-blanc-gazi-yumusak-suzme-beyaz-peynir.avif\" \/>\n\t<meta property=\"og:image:width\" content=\"1000\" \/>\n\t<meta property=\"og:image:height\" content=\"800\" \/>\n\t<meta property=\"og:image:type\" content=\"image\/png\" \/>\n<meta name=\"twitter:card\" content=\"summary_large_image\" \/>\n<script type=\"application\/ld+json\" class=\"yoast-schema-graph\">{\"@context\":\"https:\\\/\\\/schema.org\",\"@graph\":[{\"@type\":\"WebPage\",\"@id\":\"https:\\\/\\\/hakmarfrance.online\\\/de\\\/produit\\\/gazi-yumusak-milder-und-cremiger-tuerkischer-weisskaese\\\/\",\"url\":\"https:\\\/\\\/hakmarfrance.online\\\/de\\\/produit\\\/gazi-yumusak-milder-und-cremiger-tuerkischer-weisskaese\\\/\",\"name\":\"GAZ\u0130 Yumu\u015fak \u2013 Milder und cremiger t\u00fcrkischer Wei\u00dfk\u00e4se - hakmarfrance.online\",\"isPartOf\":{\"@id\":\"https:\\\/\\\/hakmarfrance.online\\\/de\\\/#website\"},\"primaryImageOfPage\":{\"@id\":\"https:\\\/\\\/hakmarfrance.online\\\/de\\\/produit\\\/gazi-yumusak-milder-und-cremiger-tuerkischer-weisskaese\\\/#primaryimage\"},\"image\":{\"@id\":\"https:\\\/\\\/hakmarfrance.online\\\/de\\\/produit\\\/gazi-yumusak-milder-und-cremiger-tuerkischer-weisskaese\\\/#primaryimage\"},\"thumbnailUrl\":\"https:\\\/\\\/hakmarfrance.online\\\/wp-content\\\/uploads\\\/2025\\\/07\\\/fromage-blanc-gazi-yumusak-suzme-beyaz-peynir.avif\",\"datePublished\":\"2025-07-09T08:05:38+00:00\",\"breadcrumb\":{\"@id\":\"https:\\\/\\\/hakmarfrance.online\\\/de\\\/produit\\\/gazi-yumusak-milder-und-cremiger-tuerkischer-weisskaese\\\/#breadcrumb\"},\"inLanguage\":\"de\",\"potentialAction\":[{\"@type\":\"ReadAction\",\"target\":[\"https:\\\/\\\/hakmarfrance.online\\\/de\\\/produit\\\/gazi-yumusak-milder-und-cremiger-tuerkischer-weisskaese\\\/\"]}]},{\"@type\":\"ImageObject\",\"inLanguage\":\"de\",\"@id\":\"https:\\\/\\\/hakmarfrance.online\\\/de\\\/produit\\\/gazi-yumusak-milder-und-cremiger-tuerkischer-weisskaese\\\/#primaryimage\",\"url\":\"https:\\\/\\\/hakmarfrance.online\\\/wp-content\\\/uploads\\\/2025\\\/07\\\/fromage-blanc-gazi-yumusak-suzme-beyaz-peynir.avif\",\"contentUrl\":\"https:\\\/\\\/hakmarfrance.online\\\/wp-content\\\/uploads\\\/2025\\\/07\\\/fromage-blanc-gazi-yumusak-suzme-beyaz-peynir.avif\",\"width\":1000,\"height\":800,\"caption\":\"GAZ\u0130 Wei\u00dfk\u00e4se \u2013 Cremige Textur, authentischer Geschmack\"},{\"@type\":\"BreadcrumbList\",\"@id\":\"https:\\\/\\\/hakmarfrance.online\\\/de\\\/produit\\\/gazi-yumusak-milder-und-cremiger-tuerkischer-weisskaese\\\/#breadcrumb\",\"itemListElement\":[{\"@type\":\"ListItem\",\"position\":1,\"name\":\"Accueil\",\"item\":\"https:\\\/\\\/hakmarfrance.online\\\/de\\\/\"},{\"@type\":\"ListItem\",\"position\":2,\"name\":\"Shop\",\"item\":\"https:\\\/\\\/hakmarfrance.online\\\/de\\\/shop\\\/\"},{\"@type\":\"ListItem\",\"position\":3,\"name\":\"GAZ\u0130 Yumu\u015fak \u2013 Milder und cremiger t\u00fcrkischer Wei\u00dfk\u00e4se\"}]},{\"@type\":\"WebSite\",\"@id\":\"https:\\\/\\\/hakmarfrance.online\\\/de\\\/#website\",\"url\":\"https:\\\/\\\/hakmarfrance.online\\\/de\\\/\",\"name\":\"hakmarfrance.online\",\"description\":\"\",\"publisher\":{\"@id\":\"https:\\\/\\\/hakmarfrance.online\\\/de\\\/#organization\"},\"potentialAction\":[{\"@type\":\"SearchAction\",\"target\":{\"@type\":\"EntryPoint\",\"urlTemplate\":\"https:\\\/\\\/hakmarfrance.online\\\/de\\\/?s={search_term_string}\"},\"query-input\":{\"@type\":\"PropertyValueSpecification\",\"valueRequired\":true,\"valueName\":\"search_term_string\"}}],\"inLanguage\":\"de\"},{\"@type\":\"Organization\",\"@id\":\"https:\\\/\\\/hakmarfrance.online\\\/de\\\/#organization\",\"name\":\"hakmarfrance.online\",\"url\":\"https:\\\/\\\/hakmarfrance.online\\\/de\\\/\",\"logo\":{\"@type\":\"ImageObject\",\"inLanguage\":\"de\",\"@id\":\"https:\\\/\\\/hakmarfrance.online\\\/de\\\/#\\\/schema\\\/logo\\\/image\\\/\",\"url\":\"https:\\\/\\\/hakmarfrance.online\\\/wp-content\\\/uploads\\\/2025\\\/06\\\/logo-hakmarfrance.png\",\"contentUrl\":\"https:\\\/\\\/hakmarfrance.online\\\/wp-content\\\/uploads\\\/2025\\\/06\\\/logo-hakmarfrance.png\",\"width\":528,\"height\":232,\"caption\":\"hakmarfrance.online\"},\"image\":{\"@id\":\"https:\\\/\\\/hakmarfrance.online\\\/de\\\/#\\\/schema\\\/logo\\\/image\\\/\"},\"sameAs\":[\"https:\\\/\\\/www.facebook.com\\\/HakmarFranceSupermarche\\\/?locale=fr_FR\",\"https:\\\/\\\/www.instagram.com\\\/hakmarfrancesupermarche\\\/\"]}]}<\/script>\n<!-- \/ Yoast SEO plugin. -->","yoast_head_json":{"title":"GAZ\u0130 Yumu\u015fak \u2013 Milder und cremiger t\u00fcrkischer Wei\u00dfk\u00e4se - hakmarfrance.online","robots":{"index":"index","follow":"follow","max-snippet":"max-snippet:-1","max-image-preview":"max-image-preview:large","max-video-preview":"max-video-preview:-1"},"canonical":"https:\/\/hakmarfrance.online\/de\/produit\/gazi-yumusak-milder-und-cremiger-tuerkischer-weisskaese\/","og_locale":"de_DE","og_type":"article","og_title":"GAZ\u0130 Yumu\u015fak \u2013 Milder und cremiger t\u00fcrkischer Wei\u00dfk\u00e4se - hakmarfrance.online","og_description":"Milder und cremiger t\u00fcrkischer Wei\u00dfk\u00e4se, GAZ\u0130 Yumu\u015fak ist ideal f\u00fcr deine traditionellen oder modernen Mahlzeiten. Eine cremige Textur und ein leichter Geschmack f\u00fcr die ganze Familie.","og_url":"https:\/\/hakmarfrance.online\/de\/produit\/gazi-yumusak-milder-und-cremiger-tuerkischer-weisskaese\/","og_site_name":"hakmarfrance.online","article_publisher":"https:\/\/www.facebook.com\/HakmarFranceSupermarche\/?locale=fr_FR","og_image":[{"width":1000,"height":800,"url":"https:\/\/hakmarfrance.online\/wp-content\/uploads\/2025\/07\/fromage-blanc-gazi-yumusak-suzme-beyaz-peynir.avif","type":"image\/png"}],"twitter_card":"summary_large_image","schema":{"@context":"https:\/\/schema.org","@graph":[{"@type":"WebPage","@id":"https:\/\/hakmarfrance.online\/de\/produit\/gazi-yumusak-milder-und-cremiger-tuerkischer-weisskaese\/","url":"https:\/\/hakmarfrance.online\/de\/produit\/gazi-yumusak-milder-und-cremiger-tuerkischer-weisskaese\/","name":"GAZ\u0130 Yumu\u015fak \u2013 Milder und cremiger t\u00fcrkischer Wei\u00dfk\u00e4se - hakmarfrance.online","isPartOf":{"@id":"https:\/\/hakmarfrance.online\/de\/#website"},"primaryImageOfPage":{"@id":"https:\/\/hakmarfrance.online\/de\/produit\/gazi-yumusak-milder-und-cremiger-tuerkischer-weisskaese\/#primaryimage"},"image":{"@id":"https:\/\/hakmarfrance.online\/de\/produit\/gazi-yumusak-milder-und-cremiger-tuerkischer-weisskaese\/#primaryimage"},"thumbnailUrl":"https:\/\/hakmarfrance.online\/wp-content\/uploads\/2025\/07\/fromage-blanc-gazi-yumusak-suzme-beyaz-peynir.avif","datePublished":"2025-07-09T08:05:38+00:00","breadcrumb":{"@id":"https:\/\/hakmarfrance.online\/de\/produit\/gazi-yumusak-milder-und-cremiger-tuerkischer-weisskaese\/#breadcrumb"},"inLanguage":"de","potentialAction":[{"@type":"ReadAction","target":["https:\/\/hakmarfrance.online\/de\/produit\/gazi-yumusak-milder-und-cremiger-tuerkischer-weisskaese\/"]}]},{"@type":"ImageObject","inLanguage":"de","@id":"https:\/\/hakmarfrance.online\/de\/produit\/gazi-yumusak-milder-und-cremiger-tuerkischer-weisskaese\/#primaryimage","url":"https:\/\/hakmarfrance.online\/wp-content\/uploads\/2025\/07\/fromage-blanc-gazi-yumusak-suzme-beyaz-peynir.avif","contentUrl":"https:\/\/hakmarfrance.online\/wp-content\/uploads\/2025\/07\/fromage-blanc-gazi-yumusak-suzme-beyaz-peynir.avif","width":1000,"height":800,"caption":"GAZ\u0130 Wei\u00dfk\u00e4se \u2013 Cremige Textur, authentischer Geschmack"},{"@type":"BreadcrumbList","@id":"https:\/\/hakmarfrance.online\/de\/produit\/gazi-yumusak-milder-und-cremiger-tuerkischer-weisskaese\/#breadcrumb","itemListElement":[{"@type":"ListItem","position":1,"name":"Accueil","item":"https:\/\/hakmarfrance.online\/de\/"},{"@type":"ListItem","position":2,"name":"Shop","item":"https:\/\/hakmarfrance.online\/de\/shop\/"},{"@type":"ListItem","position":3,"name":"GAZ\u0130 Yumu\u015fak \u2013 Milder und cremiger t\u00fcrkischer Wei\u00dfk\u00e4se"}]},{"@type":"WebSite","@id":"https:\/\/hakmarfrance.online\/de\/#website","url":"https:\/\/hakmarfrance.online\/de\/","name":"hakmarfrance.online","description":"","publisher":{"@id":"https:\/\/hakmarfrance.online\/de\/#organization"},"potentialAction":[{"@type":"SearchAction","target":{"@type":"EntryPoint","urlTemplate":"https:\/\/hakmarfrance.online\/de\/?s={search_term_string}"},"query-input":{"@type":"PropertyValueSpecification","valueRequired":true,"valueName":"search_term_string"}}],"inLanguage":"de"},{"@type":"Organization","@id":"https:\/\/hakmarfrance.online\/de\/#organization","name":"hakmarfrance.online","url":"https:\/\/hakmarfrance.online\/de\/","logo":{"@type":"ImageObject","inLanguage":"de","@id":"https:\/\/hakmarfrance.online\/de\/#\/schema\/logo\/image\/","url":"https:\/\/hakmarfrance.online\/wp-content\/uploads\/2025\/06\/logo-hakmarfrance.png","contentUrl":"https:\/\/hakmarfrance.online\/wp-content\/uploads\/2025\/06\/logo-hakmarfrance.png","width":528,"height":232,"caption":"hakmarfrance.online"},"image":{"@id":"https:\/\/hakmarfrance.online\/de\/#\/schema\/logo\/image\/"},"sameAs":["https:\/\/www.facebook.com\/HakmarFranceSupermarche\/?locale=fr_FR","https:\/\/www.instagram.com\/hakmarfrancesupermarche\/"]}]}},"_links":{"self":[{"href":"https:\/\/hakmarfrance.online\/de\/wp-json\/wp\/v2\/product\/17665","targetHints":{"allow":["GET"]}}],"collection":[{"href":"https:\/\/hakmarfrance.online\/de\/wp-json\/wp\/v2\/product"}],"about":[{"href":"https:\/\/hakmarfrance.online\/de\/wp-json\/wp\/v2\/types\/product"}],"replies":[{"embeddable":true,"href":"https:\/\/hakmarfrance.online\/de\/wp-json\/wp\/v2\/comments?post=17665"}],"version-history":[{"count":0,"href":"https:\/\/hakmarfrance.online\/de\/wp-json\/wp\/v2\/product\/17665\/revisions"}],"wp:featuredmedia":[{"embeddable":true,"href":"https:\/\/hakmarfrance.online\/de\/wp-json\/wp\/v2\/media\/17666"}],"wp:attachment":[{"href":"https:\/\/hakmarfrance.online\/de\/wp-json\/wp\/v2\/media?parent=17665"}],"wp:term":[{"taxonomy":"product_brand","embeddable":true,"href":"https:\/\/hakmarfrance.online\/de\/wp-json\/wp\/v2\/product_brand?post=17665"},{"taxonomy":"product_cat","embeddable":true,"href":"https:\/\/hakmarfrance.online\/de\/wp-json\/wp\/v2\/product_cat?post=17665"},{"taxonomy":"product_tag","embeddable":true,"href":"https:\/\/hakmarfrance.online\/de\/wp-json\/wp\/v2\/product_tag?post=17665"}],"curies":[{"name":"wp","href":"https:\/\/api.w.org\/{rel}","templated":true}]}}