{"id":17669,"date":"2025-07-09T11:09:02","date_gmt":"2025-07-09T11:09:02","guid":{"rendered":"https:\/\/hakmarfrance.online\/produit\/fanta-madness-traube-15-l-kohlensaeurehaltiges-getraenk-mit-traubengeschmack\/"},"modified":"2025-07-09T11:09:02","modified_gmt":"2025-07-09T11:09:02","slug":"fanta-madness-traube-15-l-kohlensaeurehaltiges-getraenk-mit-traubengeschmack","status":"publish","type":"product","link":"https:\/\/hakmarfrance.online\/de\/produit\/fanta-madness-traube-15-l-kohlensaeurehaltiges-getraenk-mit-traubengeschmack\/","title":{"rendered":"Fanta Madness Traube 1,5 L \u2013 Kohlens\u00e4urehaltiges Getr\u00e4nk mit Traubengeschmack"},"content":{"rendered":"<p data-start=\"241\" data-end=\"617\">Entdecke die <strong data-start=\"313\" data-end=\"342\">Fanta Madness Traube 1,5L<\/strong>, ein k\u00fchnes kohlens\u00e4urehaltiges Getr\u00e4nk mit intensivem Traubengeschmack. Seine dunkle Farbe und sein fruchtiges Aroma machen es zu einer originellen Alternative zu klassischen Limonaden. Ein gro\u00dfz\u00fcgiges Format, ideal zum Teilen bei geselligen Anl\u00e4ssen oder um sich den ganzen Tag \u00fcber zu verw\u00f6hnen.  <\/p>\n<p data-start=\"619\" data-end=\"655\">\u2705 <strong data-start=\"621\" data-end=\"655\">Hauptmerkmale:<\/strong><\/p>\n<ul data-start=\"656\" data-end=\"784\">\n<li data-start=\"656\" data-end=\"673\">\n<p data-start=\"658\" data-end=\"673\">Geschmack: Traube<\/p>\n<\/li>\n<li data-start=\"674\" data-end=\"698\">\n<p data-start=\"676\" data-end=\"698\">Inhalt: 1,5 Liter<\/p>\n<\/li>\n<li data-start=\"699\" data-end=\"723\">\n<p data-start=\"701\" data-end=\"723\">Ges\u00fc\u00dftes kohlens\u00e4urehaltiges Getr\u00e4nk<\/p>\n<\/li>\n<li data-start=\"724\" data-end=\"745\">\n<p data-start=\"726\" data-end=\"745\">Intensiver Fruchtgeschmack<\/p>\n<\/li>\n<li data-start=\"746\" data-end=\"784\">\n<p data-start=\"748\" data-end=\"784\">Flasche aus 100 % recyceltem Kunststoff<\/p>\n<\/li>\n<\/ul>\n","protected":false},"excerpt":{"rendered":"<p>Fanta Madness Traube 1,5L \u2013 fruchtige Limonade mit kr\u00e4ftigem Traubengeschmack. Ideal f\u00fcr originelle Erfrischungsmomente. <\/p>\n","protected":false},"featured_media":17670,"comment_status":"open","ping_status":"closed","template":"","meta":{"iawp_total_views":0},"product_brand":[214],"product_cat":[226,232,231],"product_tag":[],"class_list":{"0":"post-17669","1":"product","2":"type-product","3":"status-publish","4":"has-post-thumbnail","6":"product_brand-fanta","7":"product_cat-alle-unsere-produkte","8":"product_cat-erfrischungsgetrank","9":"product_cat-getranke","11":"first","12":"instock","13":"shipping-taxable","14":"purchasable","15":"product-type-simple"},"yoast_head":"<!-- This site is optimized with the Yoast SEO plugin v27.3 - https:\/\/yoast.com\/product\/yoast-seo-wordpress\/ -->\n<title>Fanta Madness Traube 1,5 L \u2013 Kohlens\u00e4urehaltiges Getr\u00e4nk mit Traubengeschmack - hakmarfrance.online<\/title>\n<meta name=\"robots\" content=\"index, follow, max-snippet:-1, max-image-preview:large, max-video-preview:-1\" \/>\n<link rel=\"canonical\" href=\"https:\/\/hakmarfrance.online\/de\/produit\/fanta-madness-traube-15-l-kohlensaeurehaltiges-getraenk-mit-traubengeschmack\/\" \/>\n<meta property=\"og:locale\" content=\"de_DE\" \/>\n<meta property=\"og:type\" content=\"article\" \/>\n<meta property=\"og:title\" content=\"Fanta Madness Traube 1,5 L \u2013 Kohlens\u00e4urehaltiges Getr\u00e4nk mit Traubengeschmack - hakmarfrance.online\" \/>\n<meta property=\"og:description\" content=\"Fanta Madness Traube 1,5L \u2013 fruchtige Limonade mit kr\u00e4ftigem Traubengeschmack. Ideal f\u00fcr originelle Erfrischungsmomente.\" \/>\n<meta property=\"og:url\" content=\"https:\/\/hakmarfrance.online\/de\/produit\/fanta-madness-traube-15-l-kohlensaeurehaltiges-getraenk-mit-traubengeschmack\/\" \/>\n<meta property=\"og:site_name\" content=\"hakmarfrance.online\" \/>\n<meta property=\"article:publisher\" content=\"https:\/\/www.facebook.com\/HakmarFranceSupermarche\/?locale=fr_FR\" \/>\n<meta property=\"og:image\" content=\"https:\/\/hakmarfrance.online\/wp-content\/uploads\/2025\/07\/fanta-madness-raisin-1-5l.avif\" \/>\n\t<meta property=\"og:image:width\" content=\"1000\" \/>\n\t<meta property=\"og:image:height\" content=\"800\" \/>\n\t<meta property=\"og:image:type\" content=\"image\/png\" \/>\n<meta name=\"twitter:card\" content=\"summary_large_image\" \/>\n<script type=\"application\/ld+json\" class=\"yoast-schema-graph\">{\"@context\":\"https:\\\/\\\/schema.org\",\"@graph\":[{\"@type\":\"WebPage\",\"@id\":\"https:\\\/\\\/hakmarfrance.online\\\/de\\\/produit\\\/fanta-madness-traube-15-l-kohlensaeurehaltiges-getraenk-mit-traubengeschmack\\\/\",\"url\":\"https:\\\/\\\/hakmarfrance.online\\\/de\\\/produit\\\/fanta-madness-traube-15-l-kohlensaeurehaltiges-getraenk-mit-traubengeschmack\\\/\",\"name\":\"Fanta Madness Traube 1,5 L \u2013 Kohlens\u00e4urehaltiges Getr\u00e4nk mit Traubengeschmack - hakmarfrance.online\",\"isPartOf\":{\"@id\":\"https:\\\/\\\/hakmarfrance.online\\\/de\\\/#website\"},\"primaryImageOfPage\":{\"@id\":\"https:\\\/\\\/hakmarfrance.online\\\/de\\\/produit\\\/fanta-madness-traube-15-l-kohlensaeurehaltiges-getraenk-mit-traubengeschmack\\\/#primaryimage\"},\"image\":{\"@id\":\"https:\\\/\\\/hakmarfrance.online\\\/de\\\/produit\\\/fanta-madness-traube-15-l-kohlensaeurehaltiges-getraenk-mit-traubengeschmack\\\/#primaryimage\"},\"thumbnailUrl\":\"https:\\\/\\\/hakmarfrance.online\\\/wp-content\\\/uploads\\\/2025\\\/07\\\/fanta-madness-raisin-1-5l.avif\",\"datePublished\":\"2025-07-09T11:09:02+00:00\",\"breadcrumb\":{\"@id\":\"https:\\\/\\\/hakmarfrance.online\\\/de\\\/produit\\\/fanta-madness-traube-15-l-kohlensaeurehaltiges-getraenk-mit-traubengeschmack\\\/#breadcrumb\"},\"inLanguage\":\"de\",\"potentialAction\":[{\"@type\":\"ReadAction\",\"target\":[\"https:\\\/\\\/hakmarfrance.online\\\/de\\\/produit\\\/fanta-madness-traube-15-l-kohlensaeurehaltiges-getraenk-mit-traubengeschmack\\\/\"]}]},{\"@type\":\"ImageObject\",\"inLanguage\":\"de\",\"@id\":\"https:\\\/\\\/hakmarfrance.online\\\/de\\\/produit\\\/fanta-madness-traube-15-l-kohlensaeurehaltiges-getraenk-mit-traubengeschmack\\\/#primaryimage\",\"url\":\"https:\\\/\\\/hakmarfrance.online\\\/wp-content\\\/uploads\\\/2025\\\/07\\\/fanta-madness-raisin-1-5l.avif\",\"contentUrl\":\"https:\\\/\\\/hakmarfrance.online\\\/wp-content\\\/uploads\\\/2025\\\/07\\\/fanta-madness-raisin-1-5l.avif\",\"width\":1000,\"height\":800,\"caption\":\"Fanta Traube Madness \u2013 1,5L Flasche mit intensivem Traubengeschmack\"},{\"@type\":\"BreadcrumbList\",\"@id\":\"https:\\\/\\\/hakmarfrance.online\\\/de\\\/produit\\\/fanta-madness-traube-15-l-kohlensaeurehaltiges-getraenk-mit-traubengeschmack\\\/#breadcrumb\",\"itemListElement\":[{\"@type\":\"ListItem\",\"position\":1,\"name\":\"Accueil\",\"item\":\"https:\\\/\\\/hakmarfrance.online\\\/de\\\/\"},{\"@type\":\"ListItem\",\"position\":2,\"name\":\"Shop\",\"item\":\"https:\\\/\\\/hakmarfrance.online\\\/de\\\/shop\\\/\"},{\"@type\":\"ListItem\",\"position\":3,\"name\":\"Fanta Madness Traube 1,5 L \u2013 Kohlens\u00e4urehaltiges Getr\u00e4nk mit Traubengeschmack\"}]},{\"@type\":\"WebSite\",\"@id\":\"https:\\\/\\\/hakmarfrance.online\\\/de\\\/#website\",\"url\":\"https:\\\/\\\/hakmarfrance.online\\\/de\\\/\",\"name\":\"hakmarfrance.online\",\"description\":\"\",\"publisher\":{\"@id\":\"https:\\\/\\\/hakmarfrance.online\\\/de\\\/#organization\"},\"potentialAction\":[{\"@type\":\"SearchAction\",\"target\":{\"@type\":\"EntryPoint\",\"urlTemplate\":\"https:\\\/\\\/hakmarfrance.online\\\/de\\\/?s={search_term_string}\"},\"query-input\":{\"@type\":\"PropertyValueSpecification\",\"valueRequired\":true,\"valueName\":\"search_term_string\"}}],\"inLanguage\":\"de\"},{\"@type\":\"Organization\",\"@id\":\"https:\\\/\\\/hakmarfrance.online\\\/de\\\/#organization\",\"name\":\"hakmarfrance.online\",\"url\":\"https:\\\/\\\/hakmarfrance.online\\\/de\\\/\",\"logo\":{\"@type\":\"ImageObject\",\"inLanguage\":\"de\",\"@id\":\"https:\\\/\\\/hakmarfrance.online\\\/de\\\/#\\\/schema\\\/logo\\\/image\\\/\",\"url\":\"https:\\\/\\\/hakmarfrance.online\\\/wp-content\\\/uploads\\\/2025\\\/06\\\/logo-hakmarfrance.png\",\"contentUrl\":\"https:\\\/\\\/hakmarfrance.online\\\/wp-content\\\/uploads\\\/2025\\\/06\\\/logo-hakmarfrance.png\",\"width\":528,\"height\":232,\"caption\":\"hakmarfrance.online\"},\"image\":{\"@id\":\"https:\\\/\\\/hakmarfrance.online\\\/de\\\/#\\\/schema\\\/logo\\\/image\\\/\"},\"sameAs\":[\"https:\\\/\\\/www.facebook.com\\\/HakmarFranceSupermarche\\\/?locale=fr_FR\",\"https:\\\/\\\/www.instagram.com\\\/hakmarfrancesupermarche\\\/\"]}]}<\/script>\n<!-- \/ Yoast SEO plugin. -->","yoast_head_json":{"title":"Fanta Madness Traube 1,5 L \u2013 Kohlens\u00e4urehaltiges Getr\u00e4nk mit Traubengeschmack - hakmarfrance.online","robots":{"index":"index","follow":"follow","max-snippet":"max-snippet:-1","max-image-preview":"max-image-preview:large","max-video-preview":"max-video-preview:-1"},"canonical":"https:\/\/hakmarfrance.online\/de\/produit\/fanta-madness-traube-15-l-kohlensaeurehaltiges-getraenk-mit-traubengeschmack\/","og_locale":"de_DE","og_type":"article","og_title":"Fanta Madness Traube 1,5 L \u2013 Kohlens\u00e4urehaltiges Getr\u00e4nk mit Traubengeschmack - hakmarfrance.online","og_description":"Fanta Madness Traube 1,5L \u2013 fruchtige Limonade mit kr\u00e4ftigem Traubengeschmack. Ideal f\u00fcr originelle Erfrischungsmomente.","og_url":"https:\/\/hakmarfrance.online\/de\/produit\/fanta-madness-traube-15-l-kohlensaeurehaltiges-getraenk-mit-traubengeschmack\/","og_site_name":"hakmarfrance.online","article_publisher":"https:\/\/www.facebook.com\/HakmarFranceSupermarche\/?locale=fr_FR","og_image":[{"width":1000,"height":800,"url":"https:\/\/hakmarfrance.online\/wp-content\/uploads\/2025\/07\/fanta-madness-raisin-1-5l.avif","type":"image\/png"}],"twitter_card":"summary_large_image","schema":{"@context":"https:\/\/schema.org","@graph":[{"@type":"WebPage","@id":"https:\/\/hakmarfrance.online\/de\/produit\/fanta-madness-traube-15-l-kohlensaeurehaltiges-getraenk-mit-traubengeschmack\/","url":"https:\/\/hakmarfrance.online\/de\/produit\/fanta-madness-traube-15-l-kohlensaeurehaltiges-getraenk-mit-traubengeschmack\/","name":"Fanta Madness Traube 1,5 L \u2013 Kohlens\u00e4urehaltiges Getr\u00e4nk mit Traubengeschmack - hakmarfrance.online","isPartOf":{"@id":"https:\/\/hakmarfrance.online\/de\/#website"},"primaryImageOfPage":{"@id":"https:\/\/hakmarfrance.online\/de\/produit\/fanta-madness-traube-15-l-kohlensaeurehaltiges-getraenk-mit-traubengeschmack\/#primaryimage"},"image":{"@id":"https:\/\/hakmarfrance.online\/de\/produit\/fanta-madness-traube-15-l-kohlensaeurehaltiges-getraenk-mit-traubengeschmack\/#primaryimage"},"thumbnailUrl":"https:\/\/hakmarfrance.online\/wp-content\/uploads\/2025\/07\/fanta-madness-raisin-1-5l.avif","datePublished":"2025-07-09T11:09:02+00:00","breadcrumb":{"@id":"https:\/\/hakmarfrance.online\/de\/produit\/fanta-madness-traube-15-l-kohlensaeurehaltiges-getraenk-mit-traubengeschmack\/#breadcrumb"},"inLanguage":"de","potentialAction":[{"@type":"ReadAction","target":["https:\/\/hakmarfrance.online\/de\/produit\/fanta-madness-traube-15-l-kohlensaeurehaltiges-getraenk-mit-traubengeschmack\/"]}]},{"@type":"ImageObject","inLanguage":"de","@id":"https:\/\/hakmarfrance.online\/de\/produit\/fanta-madness-traube-15-l-kohlensaeurehaltiges-getraenk-mit-traubengeschmack\/#primaryimage","url":"https:\/\/hakmarfrance.online\/wp-content\/uploads\/2025\/07\/fanta-madness-raisin-1-5l.avif","contentUrl":"https:\/\/hakmarfrance.online\/wp-content\/uploads\/2025\/07\/fanta-madness-raisin-1-5l.avif","width":1000,"height":800,"caption":"Fanta Traube Madness \u2013 1,5L Flasche mit intensivem Traubengeschmack"},{"@type":"BreadcrumbList","@id":"https:\/\/hakmarfrance.online\/de\/produit\/fanta-madness-traube-15-l-kohlensaeurehaltiges-getraenk-mit-traubengeschmack\/#breadcrumb","itemListElement":[{"@type":"ListItem","position":1,"name":"Accueil","item":"https:\/\/hakmarfrance.online\/de\/"},{"@type":"ListItem","position":2,"name":"Shop","item":"https:\/\/hakmarfrance.online\/de\/shop\/"},{"@type":"ListItem","position":3,"name":"Fanta Madness Traube 1,5 L \u2013 Kohlens\u00e4urehaltiges Getr\u00e4nk mit Traubengeschmack"}]},{"@type":"WebSite","@id":"https:\/\/hakmarfrance.online\/de\/#website","url":"https:\/\/hakmarfrance.online\/de\/","name":"hakmarfrance.online","description":"","publisher":{"@id":"https:\/\/hakmarfrance.online\/de\/#organization"},"potentialAction":[{"@type":"SearchAction","target":{"@type":"EntryPoint","urlTemplate":"https:\/\/hakmarfrance.online\/de\/?s={search_term_string}"},"query-input":{"@type":"PropertyValueSpecification","valueRequired":true,"valueName":"search_term_string"}}],"inLanguage":"de"},{"@type":"Organization","@id":"https:\/\/hakmarfrance.online\/de\/#organization","name":"hakmarfrance.online","url":"https:\/\/hakmarfrance.online\/de\/","logo":{"@type":"ImageObject","inLanguage":"de","@id":"https:\/\/hakmarfrance.online\/de\/#\/schema\/logo\/image\/","url":"https:\/\/hakmarfrance.online\/wp-content\/uploads\/2025\/06\/logo-hakmarfrance.png","contentUrl":"https:\/\/hakmarfrance.online\/wp-content\/uploads\/2025\/06\/logo-hakmarfrance.png","width":528,"height":232,"caption":"hakmarfrance.online"},"image":{"@id":"https:\/\/hakmarfrance.online\/de\/#\/schema\/logo\/image\/"},"sameAs":["https:\/\/www.facebook.com\/HakmarFranceSupermarche\/?locale=fr_FR","https:\/\/www.instagram.com\/hakmarfrancesupermarche\/"]}]}},"_links":{"self":[{"href":"https:\/\/hakmarfrance.online\/de\/wp-json\/wp\/v2\/product\/17669","targetHints":{"allow":["GET"]}}],"collection":[{"href":"https:\/\/hakmarfrance.online\/de\/wp-json\/wp\/v2\/product"}],"about":[{"href":"https:\/\/hakmarfrance.online\/de\/wp-json\/wp\/v2\/types\/product"}],"replies":[{"embeddable":true,"href":"https:\/\/hakmarfrance.online\/de\/wp-json\/wp\/v2\/comments?post=17669"}],"version-history":[{"count":0,"href":"https:\/\/hakmarfrance.online\/de\/wp-json\/wp\/v2\/product\/17669\/revisions"}],"wp:featuredmedia":[{"embeddable":true,"href":"https:\/\/hakmarfrance.online\/de\/wp-json\/wp\/v2\/media\/17670"}],"wp:attachment":[{"href":"https:\/\/hakmarfrance.online\/de\/wp-json\/wp\/v2\/media?parent=17669"}],"wp:term":[{"taxonomy":"product_brand","embeddable":true,"href":"https:\/\/hakmarfrance.online\/de\/wp-json\/wp\/v2\/product_brand?post=17669"},{"taxonomy":"product_cat","embeddable":true,"href":"https:\/\/hakmarfrance.online\/de\/wp-json\/wp\/v2\/product_cat?post=17669"},{"taxonomy":"product_tag","embeddable":true,"href":"https:\/\/hakmarfrance.online\/de\/wp-json\/wp\/v2\/product_tag?post=17669"}],"curies":[{"name":"wp","href":"https:\/\/api.w.org\/{rel}","templated":true}]}}