{"id":17673,"date":"2025-10-02T11:01:49","date_gmt":"2025-10-02T11:01:49","guid":{"rendered":"https:\/\/hakmarfrance.online\/produit\/ferme-primvert-eier-20-frische-mittelgrosse-eier-davon-4-gratis-herkunft-elsass\/"},"modified":"2025-10-02T11:01:49","modified_gmt":"2025-10-02T11:01:49","slug":"ferme-primvert-eier-20-frische-mittelgrosse-eier-davon-4-gratis-herkunft-elsass","status":"publish","type":"product","link":"https:\/\/hakmarfrance.online\/de\/produit\/ferme-primvert-eier-20-frische-mittelgrosse-eier-davon-4-gratis-herkunft-elsass\/","title":{"rendered":"Ferme Prim\u2019Vert Eier \u2013 20 frische mittelgro\u00dfe Eier (davon 4 gratis) \u2013 Herkunft Elsass"},"content":{"rendered":"<p>Entdecke die <strong data-start=\"319\" data-end=\"350\">mittelgro\u00dfen Eier von Ferme Prim\u2019Vert<\/strong>, von H\u00fchnern, die im Elsass mit Sorgfalt und Respekt aufgezogen werden. Diese gro\u00dfz\u00fcgige Packung mit <strong data-start=\"427\" data-end=\"455\" data-is-only-node=\"\">20 Eiern (davon 4 gratis)<\/strong> ist perfekt f\u00fcr deine t\u00e4glichen Rezepte: Fr\u00fchst\u00fcck, Geb\u00e4ck, Familienessen oder Feinschmecker-Zubereitungen. Seit 1996 ist Ferme Prim\u2019Vert der Eier-Spezialist im Elsass und garantiert Frische, Qualit\u00e4t und Authentizit\u00e4t in jeder Packung.  <\/p>\n","protected":false},"excerpt":{"rendered":"<ul>\n<li data-start=\"717\" data-end=\"861\">\n<p data-start=\"719\" data-end=\"861\">Packung mit <strong data-start=\"762\" data-end=\"796\">20 mittelgro\u00dfen Eiern von Ferme Prim\u2019Vert<\/strong>, frisch und lokal, davon 4 gratis. Qualit\u00e4tsprodukt aus dem Elsass. <\/p>\n<\/li>\n<li data-start=\"863\" data-end=\"1120\">\n<p data-start=\"865\" data-end=\"904\">\ud83d\udccb Hauptmerkmale:<\/p>\n<ul data-start=\"907\" data-end=\"1120\">\n<li data-start=\"907\" data-end=\"949\">\n<p data-start=\"909\" data-end=\"949\">Packung mit 20 mittelgro\u00dfen Eiern (16 + 4 gratis)<\/p>\n<\/li>\n<li data-start=\"952\" data-end=\"994\">\n<p data-start=\"954\" data-end=\"994\">Eier von H\u00fchnern aus dem Elsass<\/p>\n<\/li>\n<li data-start=\"997\" data-end=\"1033\">\n<p data-start=\"999\" data-end=\"1033\">Eier-Spezialist seit 1996<\/p>\n<\/li>\n<li data-start=\"1036\" data-end=\"1075\">\n<p data-start=\"1038\" data-end=\"1075\">Lokales, frisches und authentisches Produkt<\/p>\n<\/li>\n<li data-start=\"1078\" data-end=\"1120\">\n<p data-start=\"1080\" data-end=\"1120\">Ideal zum Kochen und Backen<\/p>\n<\/li>\n<\/ul>\n<\/li>\n<\/ul>\n","protected":false},"featured_media":17674,"comment_status":"open","ping_status":"closed","template":"","meta":{"iawp_total_views":0},"product_brand":[],"product_cat":[226,255,268],"product_tag":[],"class_list":{"0":"post-17673","1":"product","2":"type-product","3":"status-publish","4":"has-post-thumbnail","6":"product_cat-alle-unsere-produkte","7":"product_cat-frische-produkte-milchprodukte","8":"product_cat-herzhafte-lebensmittel","10":"first","11":"instock","12":"shipping-taxable","13":"purchasable","14":"product-type-simple"},"yoast_head":"<!-- This site is optimized with the Yoast SEO plugin v27.3 - https:\/\/yoast.com\/product\/yoast-seo-wordpress\/ -->\n<title>Ferme Prim\u2019Vert Eier \u2013 20 frische mittelgro\u00dfe Eier (davon 4 gratis) \u2013 Herkunft Elsass - hakmarfrance.online<\/title>\n<meta name=\"robots\" content=\"index, follow, max-snippet:-1, max-image-preview:large, max-video-preview:-1\" \/>\n<link rel=\"canonical\" href=\"https:\/\/hakmarfrance.online\/de\/produit\/ferme-primvert-eier-20-frische-mittelgrosse-eier-davon-4-gratis-herkunft-elsass\/\" \/>\n<meta property=\"og:locale\" content=\"de_DE\" \/>\n<meta property=\"og:type\" content=\"article\" \/>\n<meta property=\"og:title\" content=\"Ferme Prim\u2019Vert Eier \u2013 20 frische mittelgro\u00dfe Eier (davon 4 gratis) \u2013 Herkunft Elsass - hakmarfrance.online\" \/>\n<meta property=\"og:description\" content=\"Packung mit 20 mittelgro\u00dfen Eiern von Ferme Prim\u2019Vert, frisch und lokal, davon 4 gratis. Qualit\u00e4tsprodukt aus dem Elsass.   \ud83d\udccb Hauptmerkmale:   Packung mit 20 mittelgro\u00dfen Eiern (16 + 4 gratis)   Eier von H\u00fchnern aus dem Elsass   Eier-Spezialist seit 1996   Lokales, frisches und authentisches Produkt   Ideal zum Kochen und Backen\" \/>\n<meta property=\"og:url\" content=\"https:\/\/hakmarfrance.online\/de\/produit\/ferme-primvert-eier-20-frische-mittelgrosse-eier-davon-4-gratis-herkunft-elsass\/\" \/>\n<meta property=\"og:site_name\" content=\"hakmarfrance.online\" \/>\n<meta property=\"article:publisher\" content=\"https:\/\/www.facebook.com\/HakmarFranceSupermarche\/?locale=fr_FR\" \/>\n<meta property=\"og:image\" content=\"https:\/\/hakmarfrance.online\/wp-content\/uploads\/2025\/10\/oeufs-ferme-primvert-20-pieces-alsace.avif\" \/>\n\t<meta property=\"og:image:width\" content=\"1000\" \/>\n\t<meta property=\"og:image:height\" content=\"800\" \/>\n\t<meta property=\"og:image:type\" content=\"image\/png\" \/>\n<meta name=\"twitter:card\" content=\"summary_large_image\" \/>\n<script type=\"application\/ld+json\" class=\"yoast-schema-graph\">{\"@context\":\"https:\\\/\\\/schema.org\",\"@graph\":[{\"@type\":\"WebPage\",\"@id\":\"https:\\\/\\\/hakmarfrance.online\\\/de\\\/produit\\\/ferme-primvert-eier-20-frische-mittelgrosse-eier-davon-4-gratis-herkunft-elsass\\\/\",\"url\":\"https:\\\/\\\/hakmarfrance.online\\\/de\\\/produit\\\/ferme-primvert-eier-20-frische-mittelgrosse-eier-davon-4-gratis-herkunft-elsass\\\/\",\"name\":\"Ferme Prim\u2019Vert Eier \u2013 20 frische mittelgro\u00dfe Eier (davon 4 gratis) \u2013 Herkunft Elsass - hakmarfrance.online\",\"isPartOf\":{\"@id\":\"https:\\\/\\\/hakmarfrance.online\\\/de\\\/#website\"},\"primaryImageOfPage\":{\"@id\":\"https:\\\/\\\/hakmarfrance.online\\\/de\\\/produit\\\/ferme-primvert-eier-20-frische-mittelgrosse-eier-davon-4-gratis-herkunft-elsass\\\/#primaryimage\"},\"image\":{\"@id\":\"https:\\\/\\\/hakmarfrance.online\\\/de\\\/produit\\\/ferme-primvert-eier-20-frische-mittelgrosse-eier-davon-4-gratis-herkunft-elsass\\\/#primaryimage\"},\"thumbnailUrl\":\"https:\\\/\\\/hakmarfrance.online\\\/wp-content\\\/uploads\\\/2025\\\/10\\\/oeufs-ferme-primvert-20-pieces-alsace.avif\",\"datePublished\":\"2025-10-02T11:01:49+00:00\",\"breadcrumb\":{\"@id\":\"https:\\\/\\\/hakmarfrance.online\\\/de\\\/produit\\\/ferme-primvert-eier-20-frische-mittelgrosse-eier-davon-4-gratis-herkunft-elsass\\\/#breadcrumb\"},\"inLanguage\":\"de\",\"potentialAction\":[{\"@type\":\"ReadAction\",\"target\":[\"https:\\\/\\\/hakmarfrance.online\\\/de\\\/produit\\\/ferme-primvert-eier-20-frische-mittelgrosse-eier-davon-4-gratis-herkunft-elsass\\\/\"]}]},{\"@type\":\"ImageObject\",\"inLanguage\":\"de\",\"@id\":\"https:\\\/\\\/hakmarfrance.online\\\/de\\\/produit\\\/ferme-primvert-eier-20-frische-mittelgrosse-eier-davon-4-gratis-herkunft-elsass\\\/#primaryimage\",\"url\":\"https:\\\/\\\/hakmarfrance.online\\\/wp-content\\\/uploads\\\/2025\\\/10\\\/oeufs-ferme-primvert-20-pieces-alsace.avif\",\"contentUrl\":\"https:\\\/\\\/hakmarfrance.online\\\/wp-content\\\/uploads\\\/2025\\\/10\\\/oeufs-ferme-primvert-20-pieces-alsace.avif\",\"width\":1000,\"height\":800,\"caption\":\"Mittelgro\u00dfe Eier Ferme Prim\u2019Vert \u2013 20 Eier, davon 4 gratis \u2013 Elsass\"},{\"@type\":\"BreadcrumbList\",\"@id\":\"https:\\\/\\\/hakmarfrance.online\\\/de\\\/produit\\\/ferme-primvert-eier-20-frische-mittelgrosse-eier-davon-4-gratis-herkunft-elsass\\\/#breadcrumb\",\"itemListElement\":[{\"@type\":\"ListItem\",\"position\":1,\"name\":\"Accueil\",\"item\":\"https:\\\/\\\/hakmarfrance.online\\\/de\\\/\"},{\"@type\":\"ListItem\",\"position\":2,\"name\":\"Shop\",\"item\":\"https:\\\/\\\/hakmarfrance.online\\\/de\\\/shop\\\/\"},{\"@type\":\"ListItem\",\"position\":3,\"name\":\"Ferme Prim\u2019Vert Eier \u2013 20 frische mittelgro\u00dfe Eier (davon 4 gratis) \u2013 Herkunft Elsass\"}]},{\"@type\":\"WebSite\",\"@id\":\"https:\\\/\\\/hakmarfrance.online\\\/de\\\/#website\",\"url\":\"https:\\\/\\\/hakmarfrance.online\\\/de\\\/\",\"name\":\"hakmarfrance.online\",\"description\":\"\",\"publisher\":{\"@id\":\"https:\\\/\\\/hakmarfrance.online\\\/de\\\/#organization\"},\"potentialAction\":[{\"@type\":\"SearchAction\",\"target\":{\"@type\":\"EntryPoint\",\"urlTemplate\":\"https:\\\/\\\/hakmarfrance.online\\\/de\\\/?s={search_term_string}\"},\"query-input\":{\"@type\":\"PropertyValueSpecification\",\"valueRequired\":true,\"valueName\":\"search_term_string\"}}],\"inLanguage\":\"de\"},{\"@type\":\"Organization\",\"@id\":\"https:\\\/\\\/hakmarfrance.online\\\/de\\\/#organization\",\"name\":\"hakmarfrance.online\",\"url\":\"https:\\\/\\\/hakmarfrance.online\\\/de\\\/\",\"logo\":{\"@type\":\"ImageObject\",\"inLanguage\":\"de\",\"@id\":\"https:\\\/\\\/hakmarfrance.online\\\/de\\\/#\\\/schema\\\/logo\\\/image\\\/\",\"url\":\"https:\\\/\\\/hakmarfrance.online\\\/wp-content\\\/uploads\\\/2025\\\/06\\\/logo-hakmarfrance.png\",\"contentUrl\":\"https:\\\/\\\/hakmarfrance.online\\\/wp-content\\\/uploads\\\/2025\\\/06\\\/logo-hakmarfrance.png\",\"width\":528,\"height\":232,\"caption\":\"hakmarfrance.online\"},\"image\":{\"@id\":\"https:\\\/\\\/hakmarfrance.online\\\/de\\\/#\\\/schema\\\/logo\\\/image\\\/\"},\"sameAs\":[\"https:\\\/\\\/www.facebook.com\\\/HakmarFranceSupermarche\\\/?locale=fr_FR\",\"https:\\\/\\\/www.instagram.com\\\/hakmarfrancesupermarche\\\/\"]}]}<\/script>\n<!-- \/ Yoast SEO plugin. -->","yoast_head_json":{"title":"Ferme Prim\u2019Vert Eier \u2013 20 frische mittelgro\u00dfe Eier (davon 4 gratis) \u2013 Herkunft Elsass - hakmarfrance.online","robots":{"index":"index","follow":"follow","max-snippet":"max-snippet:-1","max-image-preview":"max-image-preview:large","max-video-preview":"max-video-preview:-1"},"canonical":"https:\/\/hakmarfrance.online\/de\/produit\/ferme-primvert-eier-20-frische-mittelgrosse-eier-davon-4-gratis-herkunft-elsass\/","og_locale":"de_DE","og_type":"article","og_title":"Ferme Prim\u2019Vert Eier \u2013 20 frische mittelgro\u00dfe Eier (davon 4 gratis) \u2013 Herkunft Elsass - hakmarfrance.online","og_description":"Packung mit 20 mittelgro\u00dfen Eiern von Ferme Prim\u2019Vert, frisch und lokal, davon 4 gratis. Qualit\u00e4tsprodukt aus dem Elsass.   \ud83d\udccb Hauptmerkmale:   Packung mit 20 mittelgro\u00dfen Eiern (16 + 4 gratis)   Eier von H\u00fchnern aus dem Elsass   Eier-Spezialist seit 1996   Lokales, frisches und authentisches Produkt   Ideal zum Kochen und Backen","og_url":"https:\/\/hakmarfrance.online\/de\/produit\/ferme-primvert-eier-20-frische-mittelgrosse-eier-davon-4-gratis-herkunft-elsass\/","og_site_name":"hakmarfrance.online","article_publisher":"https:\/\/www.facebook.com\/HakmarFranceSupermarche\/?locale=fr_FR","og_image":[{"width":1000,"height":800,"url":"https:\/\/hakmarfrance.online\/wp-content\/uploads\/2025\/10\/oeufs-ferme-primvert-20-pieces-alsace.avif","type":"image\/png"}],"twitter_card":"summary_large_image","schema":{"@context":"https:\/\/schema.org","@graph":[{"@type":"WebPage","@id":"https:\/\/hakmarfrance.online\/de\/produit\/ferme-primvert-eier-20-frische-mittelgrosse-eier-davon-4-gratis-herkunft-elsass\/","url":"https:\/\/hakmarfrance.online\/de\/produit\/ferme-primvert-eier-20-frische-mittelgrosse-eier-davon-4-gratis-herkunft-elsass\/","name":"Ferme Prim\u2019Vert Eier \u2013 20 frische mittelgro\u00dfe Eier (davon 4 gratis) \u2013 Herkunft Elsass - hakmarfrance.online","isPartOf":{"@id":"https:\/\/hakmarfrance.online\/de\/#website"},"primaryImageOfPage":{"@id":"https:\/\/hakmarfrance.online\/de\/produit\/ferme-primvert-eier-20-frische-mittelgrosse-eier-davon-4-gratis-herkunft-elsass\/#primaryimage"},"image":{"@id":"https:\/\/hakmarfrance.online\/de\/produit\/ferme-primvert-eier-20-frische-mittelgrosse-eier-davon-4-gratis-herkunft-elsass\/#primaryimage"},"thumbnailUrl":"https:\/\/hakmarfrance.online\/wp-content\/uploads\/2025\/10\/oeufs-ferme-primvert-20-pieces-alsace.avif","datePublished":"2025-10-02T11:01:49+00:00","breadcrumb":{"@id":"https:\/\/hakmarfrance.online\/de\/produit\/ferme-primvert-eier-20-frische-mittelgrosse-eier-davon-4-gratis-herkunft-elsass\/#breadcrumb"},"inLanguage":"de","potentialAction":[{"@type":"ReadAction","target":["https:\/\/hakmarfrance.online\/de\/produit\/ferme-primvert-eier-20-frische-mittelgrosse-eier-davon-4-gratis-herkunft-elsass\/"]}]},{"@type":"ImageObject","inLanguage":"de","@id":"https:\/\/hakmarfrance.online\/de\/produit\/ferme-primvert-eier-20-frische-mittelgrosse-eier-davon-4-gratis-herkunft-elsass\/#primaryimage","url":"https:\/\/hakmarfrance.online\/wp-content\/uploads\/2025\/10\/oeufs-ferme-primvert-20-pieces-alsace.avif","contentUrl":"https:\/\/hakmarfrance.online\/wp-content\/uploads\/2025\/10\/oeufs-ferme-primvert-20-pieces-alsace.avif","width":1000,"height":800,"caption":"Mittelgro\u00dfe Eier Ferme Prim\u2019Vert \u2013 20 Eier, davon 4 gratis \u2013 Elsass"},{"@type":"BreadcrumbList","@id":"https:\/\/hakmarfrance.online\/de\/produit\/ferme-primvert-eier-20-frische-mittelgrosse-eier-davon-4-gratis-herkunft-elsass\/#breadcrumb","itemListElement":[{"@type":"ListItem","position":1,"name":"Accueil","item":"https:\/\/hakmarfrance.online\/de\/"},{"@type":"ListItem","position":2,"name":"Shop","item":"https:\/\/hakmarfrance.online\/de\/shop\/"},{"@type":"ListItem","position":3,"name":"Ferme Prim\u2019Vert Eier \u2013 20 frische mittelgro\u00dfe Eier (davon 4 gratis) \u2013 Herkunft Elsass"}]},{"@type":"WebSite","@id":"https:\/\/hakmarfrance.online\/de\/#website","url":"https:\/\/hakmarfrance.online\/de\/","name":"hakmarfrance.online","description":"","publisher":{"@id":"https:\/\/hakmarfrance.online\/de\/#organization"},"potentialAction":[{"@type":"SearchAction","target":{"@type":"EntryPoint","urlTemplate":"https:\/\/hakmarfrance.online\/de\/?s={search_term_string}"},"query-input":{"@type":"PropertyValueSpecification","valueRequired":true,"valueName":"search_term_string"}}],"inLanguage":"de"},{"@type":"Organization","@id":"https:\/\/hakmarfrance.online\/de\/#organization","name":"hakmarfrance.online","url":"https:\/\/hakmarfrance.online\/de\/","logo":{"@type":"ImageObject","inLanguage":"de","@id":"https:\/\/hakmarfrance.online\/de\/#\/schema\/logo\/image\/","url":"https:\/\/hakmarfrance.online\/wp-content\/uploads\/2025\/06\/logo-hakmarfrance.png","contentUrl":"https:\/\/hakmarfrance.online\/wp-content\/uploads\/2025\/06\/logo-hakmarfrance.png","width":528,"height":232,"caption":"hakmarfrance.online"},"image":{"@id":"https:\/\/hakmarfrance.online\/de\/#\/schema\/logo\/image\/"},"sameAs":["https:\/\/www.facebook.com\/HakmarFranceSupermarche\/?locale=fr_FR","https:\/\/www.instagram.com\/hakmarfrancesupermarche\/"]}]}},"_links":{"self":[{"href":"https:\/\/hakmarfrance.online\/de\/wp-json\/wp\/v2\/product\/17673","targetHints":{"allow":["GET"]}}],"collection":[{"href":"https:\/\/hakmarfrance.online\/de\/wp-json\/wp\/v2\/product"}],"about":[{"href":"https:\/\/hakmarfrance.online\/de\/wp-json\/wp\/v2\/types\/product"}],"replies":[{"embeddable":true,"href":"https:\/\/hakmarfrance.online\/de\/wp-json\/wp\/v2\/comments?post=17673"}],"version-history":[{"count":0,"href":"https:\/\/hakmarfrance.online\/de\/wp-json\/wp\/v2\/product\/17673\/revisions"}],"wp:featuredmedia":[{"embeddable":true,"href":"https:\/\/hakmarfrance.online\/de\/wp-json\/wp\/v2\/media\/17674"}],"wp:attachment":[{"href":"https:\/\/hakmarfrance.online\/de\/wp-json\/wp\/v2\/media?parent=17673"}],"wp:term":[{"taxonomy":"product_brand","embeddable":true,"href":"https:\/\/hakmarfrance.online\/de\/wp-json\/wp\/v2\/product_brand?post=17673"},{"taxonomy":"product_cat","embeddable":true,"href":"https:\/\/hakmarfrance.online\/de\/wp-json\/wp\/v2\/product_cat?post=17673"},{"taxonomy":"product_tag","embeddable":true,"href":"https:\/\/hakmarfrance.online\/de\/wp-json\/wp\/v2\/product_tag?post=17673"}],"curies":[{"name":"wp","href":"https:\/\/api.w.org\/{rel}","templated":true}]}}