{"id":17675,"date":"2025-10-02T11:01:10","date_gmt":"2025-10-02T11:01:10","guid":{"rendered":"https:\/\/hakmarfrance.online\/produit\/ferme-primvert-freilandeier-20-mittelgrosse-eier-4-gratis-lokales-produkt-aus-dem-elsass\/"},"modified":"2025-10-02T11:01:10","modified_gmt":"2025-10-02T11:01:10","slug":"ferme-primvert-freilandeier-20-mittelgrosse-eier-4-gratis-lokales-produkt-aus-dem-elsass","status":"publish","type":"product","link":"https:\/\/hakmarfrance.online\/de\/produit\/ferme-primvert-freilandeier-20-mittelgrosse-eier-4-gratis-lokales-produkt-aus-dem-elsass\/","title":{"rendered":"Ferme Prim\u2019Vert Freilandeier \u2013 20 mittelgro\u00dfe Eier (4 gratis) \u2013 Lokales Produkt aus dem Elsass"},"content":{"rendered":"<p>Entdecke die <strong data-start=\"319\" data-end=\"350\">mittelgro\u00dfen Eier von Ferme Prim\u2019Vert<\/strong>, von H\u00fchnern, die im Elsass mit Sorgfalt und Respekt aufgezogen werden. Dieses gro\u00dfz\u00fcgige Paket mit <g id=\"gid_1\">20 Eiern (davon 4 gratis)<\/g> ist perfekt f\u00fcr deine t\u00e4glichen Rezepte: Fr\u00fchst\u00fcck, Geb\u00e4ck, Familienessen oder Feinschmecker-Zubereitungen. Seit 1996 ist Ferme Prim\u2019Vert der Eierspezialist im Elsass und garantiert Frische, Qualit\u00e4t und Authentizit\u00e4t in jeder Packung.  <\/p>\n","protected":false},"excerpt":{"rendered":"<ul>\n<li data-start=\"704\" data-end=\"857\">\n<p data-start=\"706\" data-end=\"857\">Packung mit <strong data-start=\"749\" data-end=\"786\">20 Ferme Prim\u2019Vert Freilandeiern<\/strong>, frisch und lokal, im Elsass gelegt. Ideal zum Kochen und Backen. <\/p>\n<\/li>\n<li data-start=\"859\" data-end=\"1134\">\n<p data-start=\"861\" data-end=\"900\">\ud83d\udccb Hauptmerkmale:<\/p>\n<ul data-start=\"903\" data-end=\"1134\">\n<li data-start=\"903\" data-end=\"945\">\n<p data-start=\"905\" data-end=\"945\">Packung mit 20 mittelgro\u00dfen Eiern (16 + 4 gratis)<\/p>\n<\/li>\n<li data-start=\"948\" data-end=\"997\">\n<p data-start=\"950\" data-end=\"997\">Eier von Freilandh\u00fchnern aus dem Elsass<\/p>\n<\/li>\n<li data-start=\"1000\" data-end=\"1038\">\n<p data-start=\"1002\" data-end=\"1038\">Lokales Produkt \u2013 Geschmack des Elsass<\/p>\n<\/li>\n<li data-start=\"1041\" data-end=\"1086\">\n<p data-start=\"1043\" data-end=\"1086\">Geeignet zum Kochen und Backen<\/p>\n<\/li>\n<li data-start=\"1089\" data-end=\"1134\">\n<p data-start=\"1091\" data-end=\"1134\">Ohne systematische Antibiotikabehandlung<\/p>\n<\/li>\n<\/ul>\n<\/li>\n<\/ul>\n","protected":false},"featured_media":17676,"comment_status":"open","ping_status":"closed","template":"","meta":{"iawp_total_views":0},"product_brand":[],"product_cat":[226,255,268],"product_tag":[],"class_list":{"0":"post-17675","1":"product","2":"type-product","3":"status-publish","4":"has-post-thumbnail","6":"product_cat-alle-unsere-produkte","7":"product_cat-frische-produkte-milchprodukte","8":"product_cat-herzhafte-lebensmittel","10":"first","11":"instock","12":"shipping-taxable","13":"purchasable","14":"product-type-simple"},"yoast_head":"<!-- This site is optimized with the Yoast SEO plugin v27.3 - https:\/\/yoast.com\/product\/yoast-seo-wordpress\/ -->\n<title>Ferme Prim\u2019Vert Freilandeier \u2013 20 mittelgro\u00dfe Eier (4 gratis) \u2013 Lokales Produkt aus dem Elsass - hakmarfrance.online<\/title>\n<meta name=\"robots\" content=\"index, follow, max-snippet:-1, max-image-preview:large, max-video-preview:-1\" \/>\n<link rel=\"canonical\" href=\"https:\/\/hakmarfrance.online\/de\/produit\/ferme-primvert-freilandeier-20-mittelgrosse-eier-4-gratis-lokales-produkt-aus-dem-elsass\/\" \/>\n<meta property=\"og:locale\" content=\"de_DE\" \/>\n<meta property=\"og:type\" content=\"article\" \/>\n<meta property=\"og:title\" content=\"Ferme Prim\u2019Vert Freilandeier \u2013 20 mittelgro\u00dfe Eier (4 gratis) \u2013 Lokales Produkt aus dem Elsass - hakmarfrance.online\" \/>\n<meta property=\"og:description\" content=\"Packung mit 20 Ferme Prim\u2019Vert Freilandeiern, frisch und lokal, im Elsass gelegt. Ideal zum Kochen und Backen.   \ud83d\udccb Hauptmerkmale:   Packung mit 20 mittelgro\u00dfen Eiern (16 + 4 gratis)   Eier von Freilandh\u00fchnern aus dem Elsass   Lokales Produkt \u2013 Geschmack des Elsass   Geeignet zum Kochen und Backen   Ohne systematische Antibiotikabehandlung\" \/>\n<meta property=\"og:url\" content=\"https:\/\/hakmarfrance.online\/de\/produit\/ferme-primvert-freilandeier-20-mittelgrosse-eier-4-gratis-lokales-produkt-aus-dem-elsass\/\" \/>\n<meta property=\"og:site_name\" content=\"hakmarfrance.online\" \/>\n<meta property=\"article:publisher\" content=\"https:\/\/www.facebook.com\/HakmarFranceSupermarche\/?locale=fr_FR\" \/>\n<meta property=\"og:image\" content=\"https:\/\/hakmarfrance.online\/wp-content\/uploads\/2025\/10\/oeufs-plein-air-ferme-primvert-20-pieces.avif\" \/>\n\t<meta property=\"og:image:width\" content=\"1000\" \/>\n\t<meta property=\"og:image:height\" content=\"800\" \/>\n\t<meta property=\"og:image:type\" content=\"image\/png\" \/>\n<meta name=\"twitter:card\" content=\"summary_large_image\" \/>\n<script type=\"application\/ld+json\" class=\"yoast-schema-graph\">{\"@context\":\"https:\\\/\\\/schema.org\",\"@graph\":[{\"@type\":\"WebPage\",\"@id\":\"https:\\\/\\\/hakmarfrance.online\\\/de\\\/produit\\\/ferme-primvert-freilandeier-20-mittelgrosse-eier-4-gratis-lokales-produkt-aus-dem-elsass\\\/\",\"url\":\"https:\\\/\\\/hakmarfrance.online\\\/de\\\/produit\\\/ferme-primvert-freilandeier-20-mittelgrosse-eier-4-gratis-lokales-produkt-aus-dem-elsass\\\/\",\"name\":\"Ferme Prim\u2019Vert Freilandeier \u2013 20 mittelgro\u00dfe Eier (4 gratis) \u2013 Lokales Produkt aus dem Elsass - hakmarfrance.online\",\"isPartOf\":{\"@id\":\"https:\\\/\\\/hakmarfrance.online\\\/de\\\/#website\"},\"primaryImageOfPage\":{\"@id\":\"https:\\\/\\\/hakmarfrance.online\\\/de\\\/produit\\\/ferme-primvert-freilandeier-20-mittelgrosse-eier-4-gratis-lokales-produkt-aus-dem-elsass\\\/#primaryimage\"},\"image\":{\"@id\":\"https:\\\/\\\/hakmarfrance.online\\\/de\\\/produit\\\/ferme-primvert-freilandeier-20-mittelgrosse-eier-4-gratis-lokales-produkt-aus-dem-elsass\\\/#primaryimage\"},\"thumbnailUrl\":\"https:\\\/\\\/hakmarfrance.online\\\/wp-content\\\/uploads\\\/2025\\\/10\\\/oeufs-plein-air-ferme-primvert-20-pieces.avif\",\"datePublished\":\"2025-10-02T11:01:10+00:00\",\"breadcrumb\":{\"@id\":\"https:\\\/\\\/hakmarfrance.online\\\/de\\\/produit\\\/ferme-primvert-freilandeier-20-mittelgrosse-eier-4-gratis-lokales-produkt-aus-dem-elsass\\\/#breadcrumb\"},\"inLanguage\":\"de\",\"potentialAction\":[{\"@type\":\"ReadAction\",\"target\":[\"https:\\\/\\\/hakmarfrance.online\\\/de\\\/produit\\\/ferme-primvert-freilandeier-20-mittelgrosse-eier-4-gratis-lokales-produkt-aus-dem-elsass\\\/\"]}]},{\"@type\":\"ImageObject\",\"inLanguage\":\"de\",\"@id\":\"https:\\\/\\\/hakmarfrance.online\\\/de\\\/produit\\\/ferme-primvert-freilandeier-20-mittelgrosse-eier-4-gratis-lokales-produkt-aus-dem-elsass\\\/#primaryimage\",\"url\":\"https:\\\/\\\/hakmarfrance.online\\\/wp-content\\\/uploads\\\/2025\\\/10\\\/oeufs-plein-air-ferme-primvert-20-pieces.avif\",\"contentUrl\":\"https:\\\/\\\/hakmarfrance.online\\\/wp-content\\\/uploads\\\/2025\\\/10\\\/oeufs-plein-air-ferme-primvert-20-pieces.avif\",\"width\":1000,\"height\":800,\"caption\":\"Ferme Prim\u2019Vert Freilandeier \u2013 20 mittelgro\u00dfe Eier, davon 4 gratis\"},{\"@type\":\"BreadcrumbList\",\"@id\":\"https:\\\/\\\/hakmarfrance.online\\\/de\\\/produit\\\/ferme-primvert-freilandeier-20-mittelgrosse-eier-4-gratis-lokales-produkt-aus-dem-elsass\\\/#breadcrumb\",\"itemListElement\":[{\"@type\":\"ListItem\",\"position\":1,\"name\":\"Accueil\",\"item\":\"https:\\\/\\\/hakmarfrance.online\\\/de\\\/\"},{\"@type\":\"ListItem\",\"position\":2,\"name\":\"Shop\",\"item\":\"https:\\\/\\\/hakmarfrance.online\\\/de\\\/shop\\\/\"},{\"@type\":\"ListItem\",\"position\":3,\"name\":\"Ferme Prim\u2019Vert Freilandeier \u2013 20 mittelgro\u00dfe Eier (4 gratis) \u2013 Lokales Produkt aus dem Elsass\"}]},{\"@type\":\"WebSite\",\"@id\":\"https:\\\/\\\/hakmarfrance.online\\\/de\\\/#website\",\"url\":\"https:\\\/\\\/hakmarfrance.online\\\/de\\\/\",\"name\":\"hakmarfrance.online\",\"description\":\"\",\"publisher\":{\"@id\":\"https:\\\/\\\/hakmarfrance.online\\\/de\\\/#organization\"},\"potentialAction\":[{\"@type\":\"SearchAction\",\"target\":{\"@type\":\"EntryPoint\",\"urlTemplate\":\"https:\\\/\\\/hakmarfrance.online\\\/de\\\/?s={search_term_string}\"},\"query-input\":{\"@type\":\"PropertyValueSpecification\",\"valueRequired\":true,\"valueName\":\"search_term_string\"}}],\"inLanguage\":\"de\"},{\"@type\":\"Organization\",\"@id\":\"https:\\\/\\\/hakmarfrance.online\\\/de\\\/#organization\",\"name\":\"hakmarfrance.online\",\"url\":\"https:\\\/\\\/hakmarfrance.online\\\/de\\\/\",\"logo\":{\"@type\":\"ImageObject\",\"inLanguage\":\"de\",\"@id\":\"https:\\\/\\\/hakmarfrance.online\\\/de\\\/#\\\/schema\\\/logo\\\/image\\\/\",\"url\":\"https:\\\/\\\/hakmarfrance.online\\\/wp-content\\\/uploads\\\/2025\\\/06\\\/logo-hakmarfrance.png\",\"contentUrl\":\"https:\\\/\\\/hakmarfrance.online\\\/wp-content\\\/uploads\\\/2025\\\/06\\\/logo-hakmarfrance.png\",\"width\":528,\"height\":232,\"caption\":\"hakmarfrance.online\"},\"image\":{\"@id\":\"https:\\\/\\\/hakmarfrance.online\\\/de\\\/#\\\/schema\\\/logo\\\/image\\\/\"},\"sameAs\":[\"https:\\\/\\\/www.facebook.com\\\/HakmarFranceSupermarche\\\/?locale=fr_FR\",\"https:\\\/\\\/www.instagram.com\\\/hakmarfrancesupermarche\\\/\"]}]}<\/script>\n<!-- \/ Yoast SEO plugin. -->","yoast_head_json":{"title":"Ferme Prim\u2019Vert Freilandeier \u2013 20 mittelgro\u00dfe Eier (4 gratis) \u2013 Lokales Produkt aus dem Elsass - hakmarfrance.online","robots":{"index":"index","follow":"follow","max-snippet":"max-snippet:-1","max-image-preview":"max-image-preview:large","max-video-preview":"max-video-preview:-1"},"canonical":"https:\/\/hakmarfrance.online\/de\/produit\/ferme-primvert-freilandeier-20-mittelgrosse-eier-4-gratis-lokales-produkt-aus-dem-elsass\/","og_locale":"de_DE","og_type":"article","og_title":"Ferme Prim\u2019Vert Freilandeier \u2013 20 mittelgro\u00dfe Eier (4 gratis) \u2013 Lokales Produkt aus dem Elsass - hakmarfrance.online","og_description":"Packung mit 20 Ferme Prim\u2019Vert Freilandeiern, frisch und lokal, im Elsass gelegt. Ideal zum Kochen und Backen.   \ud83d\udccb Hauptmerkmale:   Packung mit 20 mittelgro\u00dfen Eiern (16 + 4 gratis)   Eier von Freilandh\u00fchnern aus dem Elsass   Lokales Produkt \u2013 Geschmack des Elsass   Geeignet zum Kochen und Backen   Ohne systematische Antibiotikabehandlung","og_url":"https:\/\/hakmarfrance.online\/de\/produit\/ferme-primvert-freilandeier-20-mittelgrosse-eier-4-gratis-lokales-produkt-aus-dem-elsass\/","og_site_name":"hakmarfrance.online","article_publisher":"https:\/\/www.facebook.com\/HakmarFranceSupermarche\/?locale=fr_FR","og_image":[{"width":1000,"height":800,"url":"https:\/\/hakmarfrance.online\/wp-content\/uploads\/2025\/10\/oeufs-plein-air-ferme-primvert-20-pieces.avif","type":"image\/png"}],"twitter_card":"summary_large_image","schema":{"@context":"https:\/\/schema.org","@graph":[{"@type":"WebPage","@id":"https:\/\/hakmarfrance.online\/de\/produit\/ferme-primvert-freilandeier-20-mittelgrosse-eier-4-gratis-lokales-produkt-aus-dem-elsass\/","url":"https:\/\/hakmarfrance.online\/de\/produit\/ferme-primvert-freilandeier-20-mittelgrosse-eier-4-gratis-lokales-produkt-aus-dem-elsass\/","name":"Ferme Prim\u2019Vert Freilandeier \u2013 20 mittelgro\u00dfe Eier (4 gratis) \u2013 Lokales Produkt aus dem Elsass - hakmarfrance.online","isPartOf":{"@id":"https:\/\/hakmarfrance.online\/de\/#website"},"primaryImageOfPage":{"@id":"https:\/\/hakmarfrance.online\/de\/produit\/ferme-primvert-freilandeier-20-mittelgrosse-eier-4-gratis-lokales-produkt-aus-dem-elsass\/#primaryimage"},"image":{"@id":"https:\/\/hakmarfrance.online\/de\/produit\/ferme-primvert-freilandeier-20-mittelgrosse-eier-4-gratis-lokales-produkt-aus-dem-elsass\/#primaryimage"},"thumbnailUrl":"https:\/\/hakmarfrance.online\/wp-content\/uploads\/2025\/10\/oeufs-plein-air-ferme-primvert-20-pieces.avif","datePublished":"2025-10-02T11:01:10+00:00","breadcrumb":{"@id":"https:\/\/hakmarfrance.online\/de\/produit\/ferme-primvert-freilandeier-20-mittelgrosse-eier-4-gratis-lokales-produkt-aus-dem-elsass\/#breadcrumb"},"inLanguage":"de","potentialAction":[{"@type":"ReadAction","target":["https:\/\/hakmarfrance.online\/de\/produit\/ferme-primvert-freilandeier-20-mittelgrosse-eier-4-gratis-lokales-produkt-aus-dem-elsass\/"]}]},{"@type":"ImageObject","inLanguage":"de","@id":"https:\/\/hakmarfrance.online\/de\/produit\/ferme-primvert-freilandeier-20-mittelgrosse-eier-4-gratis-lokales-produkt-aus-dem-elsass\/#primaryimage","url":"https:\/\/hakmarfrance.online\/wp-content\/uploads\/2025\/10\/oeufs-plein-air-ferme-primvert-20-pieces.avif","contentUrl":"https:\/\/hakmarfrance.online\/wp-content\/uploads\/2025\/10\/oeufs-plein-air-ferme-primvert-20-pieces.avif","width":1000,"height":800,"caption":"Ferme Prim\u2019Vert Freilandeier \u2013 20 mittelgro\u00dfe Eier, davon 4 gratis"},{"@type":"BreadcrumbList","@id":"https:\/\/hakmarfrance.online\/de\/produit\/ferme-primvert-freilandeier-20-mittelgrosse-eier-4-gratis-lokales-produkt-aus-dem-elsass\/#breadcrumb","itemListElement":[{"@type":"ListItem","position":1,"name":"Accueil","item":"https:\/\/hakmarfrance.online\/de\/"},{"@type":"ListItem","position":2,"name":"Shop","item":"https:\/\/hakmarfrance.online\/de\/shop\/"},{"@type":"ListItem","position":3,"name":"Ferme Prim\u2019Vert Freilandeier \u2013 20 mittelgro\u00dfe Eier (4 gratis) \u2013 Lokales Produkt aus dem Elsass"}]},{"@type":"WebSite","@id":"https:\/\/hakmarfrance.online\/de\/#website","url":"https:\/\/hakmarfrance.online\/de\/","name":"hakmarfrance.online","description":"","publisher":{"@id":"https:\/\/hakmarfrance.online\/de\/#organization"},"potentialAction":[{"@type":"SearchAction","target":{"@type":"EntryPoint","urlTemplate":"https:\/\/hakmarfrance.online\/de\/?s={search_term_string}"},"query-input":{"@type":"PropertyValueSpecification","valueRequired":true,"valueName":"search_term_string"}}],"inLanguage":"de"},{"@type":"Organization","@id":"https:\/\/hakmarfrance.online\/de\/#organization","name":"hakmarfrance.online","url":"https:\/\/hakmarfrance.online\/de\/","logo":{"@type":"ImageObject","inLanguage":"de","@id":"https:\/\/hakmarfrance.online\/de\/#\/schema\/logo\/image\/","url":"https:\/\/hakmarfrance.online\/wp-content\/uploads\/2025\/06\/logo-hakmarfrance.png","contentUrl":"https:\/\/hakmarfrance.online\/wp-content\/uploads\/2025\/06\/logo-hakmarfrance.png","width":528,"height":232,"caption":"hakmarfrance.online"},"image":{"@id":"https:\/\/hakmarfrance.online\/de\/#\/schema\/logo\/image\/"},"sameAs":["https:\/\/www.facebook.com\/HakmarFranceSupermarche\/?locale=fr_FR","https:\/\/www.instagram.com\/hakmarfrancesupermarche\/"]}]}},"_links":{"self":[{"href":"https:\/\/hakmarfrance.online\/de\/wp-json\/wp\/v2\/product\/17675","targetHints":{"allow":["GET"]}}],"collection":[{"href":"https:\/\/hakmarfrance.online\/de\/wp-json\/wp\/v2\/product"}],"about":[{"href":"https:\/\/hakmarfrance.online\/de\/wp-json\/wp\/v2\/types\/product"}],"replies":[{"embeddable":true,"href":"https:\/\/hakmarfrance.online\/de\/wp-json\/wp\/v2\/comments?post=17675"}],"version-history":[{"count":0,"href":"https:\/\/hakmarfrance.online\/de\/wp-json\/wp\/v2\/product\/17675\/revisions"}],"wp:featuredmedia":[{"embeddable":true,"href":"https:\/\/hakmarfrance.online\/de\/wp-json\/wp\/v2\/media\/17676"}],"wp:attachment":[{"href":"https:\/\/hakmarfrance.online\/de\/wp-json\/wp\/v2\/media?parent=17675"}],"wp:term":[{"taxonomy":"product_brand","embeddable":true,"href":"https:\/\/hakmarfrance.online\/de\/wp-json\/wp\/v2\/product_brand?post=17675"},{"taxonomy":"product_cat","embeddable":true,"href":"https:\/\/hakmarfrance.online\/de\/wp-json\/wp\/v2\/product_cat?post=17675"},{"taxonomy":"product_tag","embeddable":true,"href":"https:\/\/hakmarfrance.online\/de\/wp-json\/wp\/v2\/product_tag?post=17675"}],"curies":[{"name":"wp","href":"https:\/\/api.w.org\/{rel}","templated":true}]}}