{"id":17679,"date":"2025-07-09T10:51:17","date_gmt":"2025-07-09T10:51:17","guid":{"rendered":"https:\/\/hakmarfrance.online\/produit\/fanta-citron-frappe-15-l-sprudelgetraenk-mit-zitronen-eisgeschmack\/"},"modified":"2025-07-09T10:51:17","modified_gmt":"2025-07-09T10:51:17","slug":"fanta-citron-frappe-15-l-sprudelgetraenk-mit-zitronen-eisgeschmack","status":"publish","type":"product","link":"https:\/\/hakmarfrance.online\/de\/produit\/fanta-citron-frappe-15-l-sprudelgetraenk-mit-zitronen-eisgeschmack\/","title":{"rendered":"Fanta Citron Frapp\u00e9 1,5 L \u2013 Sprudelgetr\u00e4nk mit Zitronen-Eisgeschmack"},"content":{"rendered":"<p data-start=\"238\" data-end=\"677\">Tauche ein in einen Wirbelwind der Frische mit <strong data-start=\"345\" data-end=\"368\">Fanta Citron Frapp\u00e9<\/strong>! Ein prickelndes Sprudelgetr\u00e4nk mit intensivem Zitronengeschmack, speziell entwickelt, um dir ein einzigartiges Eisgef\u00fchl zu bieten. Ideal, um sich im Sommer zu erfrischen, machen sein s\u00e4uerlicher Geschmack und seine leichte Textur es zum perfekten Begleiter f\u00fcr entspannte Momente. Sehr kalt servieren f\u00fcr eine Explosion der Frische.  <\/p>\n<p data-start=\"679\" data-end=\"715\">\u2705 <strong data-start=\"681\" data-end=\"715\">Hauptmerkmale:<\/strong><\/p>\n<ul data-start=\"716\" data-end=\"887\">\n<li data-start=\"716\" data-end=\"753\">\n<p data-start=\"718\" data-end=\"753\">Geschmack: Zitronen-Frapp\u00e9 (Eisgeschmack)<\/p>\n<\/li>\n<li data-start=\"754\" data-end=\"792\">\n<p data-start=\"756\" data-end=\"792\">Inhalt: 1,5-Liter-Flasche<\/p>\n<\/li>\n<li data-start=\"793\" data-end=\"824\">\n<p data-start=\"795\" data-end=\"824\">Erfrischend und prickelnd<\/p>\n<\/li>\n<li data-start=\"825\" data-end=\"853\">\n<p data-start=\"827\" data-end=\"853\">Ohne k\u00fcnstliche Farbstoffe<\/p>\n<\/li>\n<li data-start=\"854\" data-end=\"887\">\n<p data-start=\"856\" data-end=\"887\">Marke Fanta \u2013 Coca-Cola Gruppe<\/p>\n<\/li>\n<\/ul>\n","protected":false},"excerpt":{"rendered":"<p>Fanta Citron Frapp\u00e9 1,5L \u2013 Ultra-frisches Sprudelgetr\u00e4nk mit Zitronen-Eisgeschmack. Prickelnd und durstl\u00f6schend, am besten eiskalt genie\u00dfen! <\/p>\n","protected":false},"featured_media":17680,"comment_status":"open","ping_status":"closed","template":"","meta":{"iawp_total_views":2},"product_brand":[214],"product_cat":[226,232,231],"product_tag":[],"class_list":{"0":"post-17679","1":"product","2":"type-product","3":"status-publish","4":"has-post-thumbnail","6":"product_brand-fanta","7":"product_cat-alle-unsere-produkte","8":"product_cat-erfrischungsgetrank","9":"product_cat-getranke","11":"first","12":"instock","13":"shipping-taxable","14":"purchasable","15":"product-type-simple"},"yoast_head":"<!-- This site is optimized with the Yoast SEO plugin v27.3 - https:\/\/yoast.com\/product\/yoast-seo-wordpress\/ -->\n<title>Fanta Citron Frapp\u00e9 1,5 L \u2013 Sprudelgetr\u00e4nk mit Zitronen-Eisgeschmack - hakmarfrance.online<\/title>\n<meta name=\"robots\" content=\"index, follow, max-snippet:-1, max-image-preview:large, max-video-preview:-1\" \/>\n<link rel=\"canonical\" href=\"https:\/\/hakmarfrance.online\/de\/produit\/fanta-citron-frappe-15-l-sprudelgetraenk-mit-zitronen-eisgeschmack\/\" \/>\n<meta property=\"og:locale\" content=\"de_DE\" \/>\n<meta property=\"og:type\" content=\"article\" \/>\n<meta property=\"og:title\" content=\"Fanta Citron Frapp\u00e9 1,5 L \u2013 Sprudelgetr\u00e4nk mit Zitronen-Eisgeschmack - hakmarfrance.online\" \/>\n<meta property=\"og:description\" content=\"Fanta Citron Frapp\u00e9 1,5L \u2013 Ultra-frisches Sprudelgetr\u00e4nk mit Zitronen-Eisgeschmack. Prickelnd und durstl\u00f6schend, am besten eiskalt genie\u00dfen!\" \/>\n<meta property=\"og:url\" content=\"https:\/\/hakmarfrance.online\/de\/produit\/fanta-citron-frappe-15-l-sprudelgetraenk-mit-zitronen-eisgeschmack\/\" \/>\n<meta property=\"og:site_name\" content=\"hakmarfrance.online\" \/>\n<meta property=\"article:publisher\" content=\"https:\/\/www.facebook.com\/HakmarFranceSupermarche\/?locale=fr_FR\" \/>\n<meta property=\"og:image\" content=\"https:\/\/hakmarfrance.online\/wp-content\/uploads\/2025\/07\/fanta-citron-frappe-1-5.avif\" \/>\n\t<meta property=\"og:image:width\" content=\"1000\" \/>\n\t<meta property=\"og:image:height\" content=\"800\" \/>\n\t<meta property=\"og:image:type\" content=\"image\/png\" \/>\n<meta name=\"twitter:card\" content=\"summary_large_image\" \/>\n<script type=\"application\/ld+json\" class=\"yoast-schema-graph\">{\"@context\":\"https:\\\/\\\/schema.org\",\"@graph\":[{\"@type\":\"WebPage\",\"@id\":\"https:\\\/\\\/hakmarfrance.online\\\/de\\\/produit\\\/fanta-citron-frappe-15-l-sprudelgetraenk-mit-zitronen-eisgeschmack\\\/\",\"url\":\"https:\\\/\\\/hakmarfrance.online\\\/de\\\/produit\\\/fanta-citron-frappe-15-l-sprudelgetraenk-mit-zitronen-eisgeschmack\\\/\",\"name\":\"Fanta Citron Frapp\u00e9 1,5 L \u2013 Sprudelgetr\u00e4nk mit Zitronen-Eisgeschmack - hakmarfrance.online\",\"isPartOf\":{\"@id\":\"https:\\\/\\\/hakmarfrance.online\\\/de\\\/#website\"},\"primaryImageOfPage\":{\"@id\":\"https:\\\/\\\/hakmarfrance.online\\\/de\\\/produit\\\/fanta-citron-frappe-15-l-sprudelgetraenk-mit-zitronen-eisgeschmack\\\/#primaryimage\"},\"image\":{\"@id\":\"https:\\\/\\\/hakmarfrance.online\\\/de\\\/produit\\\/fanta-citron-frappe-15-l-sprudelgetraenk-mit-zitronen-eisgeschmack\\\/#primaryimage\"},\"thumbnailUrl\":\"https:\\\/\\\/hakmarfrance.online\\\/wp-content\\\/uploads\\\/2025\\\/07\\\/fanta-citron-frappe-1-5.avif\",\"datePublished\":\"2025-07-09T10:51:17+00:00\",\"breadcrumb\":{\"@id\":\"https:\\\/\\\/hakmarfrance.online\\\/de\\\/produit\\\/fanta-citron-frappe-15-l-sprudelgetraenk-mit-zitronen-eisgeschmack\\\/#breadcrumb\"},\"inLanguage\":\"de\",\"potentialAction\":[{\"@type\":\"ReadAction\",\"target\":[\"https:\\\/\\\/hakmarfrance.online\\\/de\\\/produit\\\/fanta-citron-frappe-15-l-sprudelgetraenk-mit-zitronen-eisgeschmack\\\/\"]}]},{\"@type\":\"ImageObject\",\"inLanguage\":\"de\",\"@id\":\"https:\\\/\\\/hakmarfrance.online\\\/de\\\/produit\\\/fanta-citron-frappe-15-l-sprudelgetraenk-mit-zitronen-eisgeschmack\\\/#primaryimage\",\"url\":\"https:\\\/\\\/hakmarfrance.online\\\/wp-content\\\/uploads\\\/2025\\\/07\\\/fanta-citron-frappe-1-5.avif\",\"contentUrl\":\"https:\\\/\\\/hakmarfrance.online\\\/wp-content\\\/uploads\\\/2025\\\/07\\\/fanta-citron-frappe-1-5.avif\",\"width\":1000,\"height\":800,\"caption\":\"Fanta Citron Frapp\u00e9 \u2013 Sprudelgetr\u00e4nk mit Zitronen-Eisgeschmack \u2013 1,5 L\"},{\"@type\":\"BreadcrumbList\",\"@id\":\"https:\\\/\\\/hakmarfrance.online\\\/de\\\/produit\\\/fanta-citron-frappe-15-l-sprudelgetraenk-mit-zitronen-eisgeschmack\\\/#breadcrumb\",\"itemListElement\":[{\"@type\":\"ListItem\",\"position\":1,\"name\":\"Accueil\",\"item\":\"https:\\\/\\\/hakmarfrance.online\\\/de\\\/\"},{\"@type\":\"ListItem\",\"position\":2,\"name\":\"Shop\",\"item\":\"https:\\\/\\\/hakmarfrance.online\\\/de\\\/shop\\\/\"},{\"@type\":\"ListItem\",\"position\":3,\"name\":\"Fanta Citron Frapp\u00e9 1,5 L \u2013 Sprudelgetr\u00e4nk mit Zitronen-Eisgeschmack\"}]},{\"@type\":\"WebSite\",\"@id\":\"https:\\\/\\\/hakmarfrance.online\\\/de\\\/#website\",\"url\":\"https:\\\/\\\/hakmarfrance.online\\\/de\\\/\",\"name\":\"hakmarfrance.online\",\"description\":\"\",\"publisher\":{\"@id\":\"https:\\\/\\\/hakmarfrance.online\\\/de\\\/#organization\"},\"potentialAction\":[{\"@type\":\"SearchAction\",\"target\":{\"@type\":\"EntryPoint\",\"urlTemplate\":\"https:\\\/\\\/hakmarfrance.online\\\/de\\\/?s={search_term_string}\"},\"query-input\":{\"@type\":\"PropertyValueSpecification\",\"valueRequired\":true,\"valueName\":\"search_term_string\"}}],\"inLanguage\":\"de\"},{\"@type\":\"Organization\",\"@id\":\"https:\\\/\\\/hakmarfrance.online\\\/de\\\/#organization\",\"name\":\"hakmarfrance.online\",\"url\":\"https:\\\/\\\/hakmarfrance.online\\\/de\\\/\",\"logo\":{\"@type\":\"ImageObject\",\"inLanguage\":\"de\",\"@id\":\"https:\\\/\\\/hakmarfrance.online\\\/de\\\/#\\\/schema\\\/logo\\\/image\\\/\",\"url\":\"https:\\\/\\\/hakmarfrance.online\\\/wp-content\\\/uploads\\\/2025\\\/06\\\/logo-hakmarfrance.png\",\"contentUrl\":\"https:\\\/\\\/hakmarfrance.online\\\/wp-content\\\/uploads\\\/2025\\\/06\\\/logo-hakmarfrance.png\",\"width\":528,\"height\":232,\"caption\":\"hakmarfrance.online\"},\"image\":{\"@id\":\"https:\\\/\\\/hakmarfrance.online\\\/de\\\/#\\\/schema\\\/logo\\\/image\\\/\"},\"sameAs\":[\"https:\\\/\\\/www.facebook.com\\\/HakmarFranceSupermarche\\\/?locale=fr_FR\",\"https:\\\/\\\/www.instagram.com\\\/hakmarfrancesupermarche\\\/\"]}]}<\/script>\n<!-- \/ Yoast SEO plugin. -->","yoast_head_json":{"title":"Fanta Citron Frapp\u00e9 1,5 L \u2013 Sprudelgetr\u00e4nk mit Zitronen-Eisgeschmack - hakmarfrance.online","robots":{"index":"index","follow":"follow","max-snippet":"max-snippet:-1","max-image-preview":"max-image-preview:large","max-video-preview":"max-video-preview:-1"},"canonical":"https:\/\/hakmarfrance.online\/de\/produit\/fanta-citron-frappe-15-l-sprudelgetraenk-mit-zitronen-eisgeschmack\/","og_locale":"de_DE","og_type":"article","og_title":"Fanta Citron Frapp\u00e9 1,5 L \u2013 Sprudelgetr\u00e4nk mit Zitronen-Eisgeschmack - hakmarfrance.online","og_description":"Fanta Citron Frapp\u00e9 1,5L \u2013 Ultra-frisches Sprudelgetr\u00e4nk mit Zitronen-Eisgeschmack. Prickelnd und durstl\u00f6schend, am besten eiskalt genie\u00dfen!","og_url":"https:\/\/hakmarfrance.online\/de\/produit\/fanta-citron-frappe-15-l-sprudelgetraenk-mit-zitronen-eisgeschmack\/","og_site_name":"hakmarfrance.online","article_publisher":"https:\/\/www.facebook.com\/HakmarFranceSupermarche\/?locale=fr_FR","og_image":[{"width":1000,"height":800,"url":"https:\/\/hakmarfrance.online\/wp-content\/uploads\/2025\/07\/fanta-citron-frappe-1-5.avif","type":"image\/png"}],"twitter_card":"summary_large_image","schema":{"@context":"https:\/\/schema.org","@graph":[{"@type":"WebPage","@id":"https:\/\/hakmarfrance.online\/de\/produit\/fanta-citron-frappe-15-l-sprudelgetraenk-mit-zitronen-eisgeschmack\/","url":"https:\/\/hakmarfrance.online\/de\/produit\/fanta-citron-frappe-15-l-sprudelgetraenk-mit-zitronen-eisgeschmack\/","name":"Fanta Citron Frapp\u00e9 1,5 L \u2013 Sprudelgetr\u00e4nk mit Zitronen-Eisgeschmack - hakmarfrance.online","isPartOf":{"@id":"https:\/\/hakmarfrance.online\/de\/#website"},"primaryImageOfPage":{"@id":"https:\/\/hakmarfrance.online\/de\/produit\/fanta-citron-frappe-15-l-sprudelgetraenk-mit-zitronen-eisgeschmack\/#primaryimage"},"image":{"@id":"https:\/\/hakmarfrance.online\/de\/produit\/fanta-citron-frappe-15-l-sprudelgetraenk-mit-zitronen-eisgeschmack\/#primaryimage"},"thumbnailUrl":"https:\/\/hakmarfrance.online\/wp-content\/uploads\/2025\/07\/fanta-citron-frappe-1-5.avif","datePublished":"2025-07-09T10:51:17+00:00","breadcrumb":{"@id":"https:\/\/hakmarfrance.online\/de\/produit\/fanta-citron-frappe-15-l-sprudelgetraenk-mit-zitronen-eisgeschmack\/#breadcrumb"},"inLanguage":"de","potentialAction":[{"@type":"ReadAction","target":["https:\/\/hakmarfrance.online\/de\/produit\/fanta-citron-frappe-15-l-sprudelgetraenk-mit-zitronen-eisgeschmack\/"]}]},{"@type":"ImageObject","inLanguage":"de","@id":"https:\/\/hakmarfrance.online\/de\/produit\/fanta-citron-frappe-15-l-sprudelgetraenk-mit-zitronen-eisgeschmack\/#primaryimage","url":"https:\/\/hakmarfrance.online\/wp-content\/uploads\/2025\/07\/fanta-citron-frappe-1-5.avif","contentUrl":"https:\/\/hakmarfrance.online\/wp-content\/uploads\/2025\/07\/fanta-citron-frappe-1-5.avif","width":1000,"height":800,"caption":"Fanta Citron Frapp\u00e9 \u2013 Sprudelgetr\u00e4nk mit Zitronen-Eisgeschmack \u2013 1,5 L"},{"@type":"BreadcrumbList","@id":"https:\/\/hakmarfrance.online\/de\/produit\/fanta-citron-frappe-15-l-sprudelgetraenk-mit-zitronen-eisgeschmack\/#breadcrumb","itemListElement":[{"@type":"ListItem","position":1,"name":"Accueil","item":"https:\/\/hakmarfrance.online\/de\/"},{"@type":"ListItem","position":2,"name":"Shop","item":"https:\/\/hakmarfrance.online\/de\/shop\/"},{"@type":"ListItem","position":3,"name":"Fanta Citron Frapp\u00e9 1,5 L \u2013 Sprudelgetr\u00e4nk mit Zitronen-Eisgeschmack"}]},{"@type":"WebSite","@id":"https:\/\/hakmarfrance.online\/de\/#website","url":"https:\/\/hakmarfrance.online\/de\/","name":"hakmarfrance.online","description":"","publisher":{"@id":"https:\/\/hakmarfrance.online\/de\/#organization"},"potentialAction":[{"@type":"SearchAction","target":{"@type":"EntryPoint","urlTemplate":"https:\/\/hakmarfrance.online\/de\/?s={search_term_string}"},"query-input":{"@type":"PropertyValueSpecification","valueRequired":true,"valueName":"search_term_string"}}],"inLanguage":"de"},{"@type":"Organization","@id":"https:\/\/hakmarfrance.online\/de\/#organization","name":"hakmarfrance.online","url":"https:\/\/hakmarfrance.online\/de\/","logo":{"@type":"ImageObject","inLanguage":"de","@id":"https:\/\/hakmarfrance.online\/de\/#\/schema\/logo\/image\/","url":"https:\/\/hakmarfrance.online\/wp-content\/uploads\/2025\/06\/logo-hakmarfrance.png","contentUrl":"https:\/\/hakmarfrance.online\/wp-content\/uploads\/2025\/06\/logo-hakmarfrance.png","width":528,"height":232,"caption":"hakmarfrance.online"},"image":{"@id":"https:\/\/hakmarfrance.online\/de\/#\/schema\/logo\/image\/"},"sameAs":["https:\/\/www.facebook.com\/HakmarFranceSupermarche\/?locale=fr_FR","https:\/\/www.instagram.com\/hakmarfrancesupermarche\/"]}]}},"_links":{"self":[{"href":"https:\/\/hakmarfrance.online\/de\/wp-json\/wp\/v2\/product\/17679","targetHints":{"allow":["GET"]}}],"collection":[{"href":"https:\/\/hakmarfrance.online\/de\/wp-json\/wp\/v2\/product"}],"about":[{"href":"https:\/\/hakmarfrance.online\/de\/wp-json\/wp\/v2\/types\/product"}],"replies":[{"embeddable":true,"href":"https:\/\/hakmarfrance.online\/de\/wp-json\/wp\/v2\/comments?post=17679"}],"version-history":[{"count":0,"href":"https:\/\/hakmarfrance.online\/de\/wp-json\/wp\/v2\/product\/17679\/revisions"}],"wp:featuredmedia":[{"embeddable":true,"href":"https:\/\/hakmarfrance.online\/de\/wp-json\/wp\/v2\/media\/17680"}],"wp:attachment":[{"href":"https:\/\/hakmarfrance.online\/de\/wp-json\/wp\/v2\/media?parent=17679"}],"wp:term":[{"taxonomy":"product_brand","embeddable":true,"href":"https:\/\/hakmarfrance.online\/de\/wp-json\/wp\/v2\/product_brand?post=17679"},{"taxonomy":"product_cat","embeddable":true,"href":"https:\/\/hakmarfrance.online\/de\/wp-json\/wp\/v2\/product_cat?post=17679"},{"taxonomy":"product_tag","embeddable":true,"href":"https:\/\/hakmarfrance.online\/de\/wp-json\/wp\/v2\/product_tag?post=17679"}],"curies":[{"name":"wp","href":"https:\/\/api.w.org\/{rel}","templated":true}]}}