{"id":17681,"date":"2025-07-09T10:53:20","date_gmt":"2025-07-09T10:53:20","guid":{"rendered":"https:\/\/hakmarfrance.online\/produit\/fanta-orange-15-l-fruchtiges-orangen-erfrischungsgetraenk\/"},"modified":"2025-07-09T10:53:20","modified_gmt":"2025-07-09T10:53:20","slug":"fanta-orange-15-l-fruchtiges-orangen-erfrischungsgetraenk","status":"publish","type":"product","link":"https:\/\/hakmarfrance.online\/de\/produit\/fanta-orange-15-l-fruchtiges-orangen-erfrischungsgetraenk\/","title":{"rendered":"Fanta Orange 1,5 L \u2013 Fruchtiges Orangen-Erfrischungsgetr\u00e4nk"},"content":{"rendered":"<p data-start=\"241\" data-end=\"662\">G\u00f6nn dir eine Explosion der Frische mit <strong data-start=\"347\" data-end=\"368\">Fanta Orange 1,5L<\/strong>, dem ikonischen Erfrischungsgetr\u00e4nk mit intensivem und erfrischendem Orangengeschmack. Ideal, um den Durst mit Familie oder Freunden zu l\u00f6schen, garantiert dir diese gro\u00dfe Flasche fruchtigen Genuss bei jedem Schluck. Ohne k\u00fcnstliche Farbstoffe begeistert Fanta Gro\u00df und Klein mit seinem einzigartigen und spritzigen Geschmack.  <\/p>\n<p data-start=\"664\" data-end=\"700\">\u2705 <strong data-start=\"666\" data-end=\"700\">Hauptmerkmale:<\/strong><\/p>\n<ul data-start=\"701\" data-end=\"837\">\n<li data-start=\"701\" data-end=\"718\">\n<p data-start=\"703\" data-end=\"718\">Geschmack: Orange<\/p>\n<\/li>\n<li data-start=\"719\" data-end=\"743\">\n<p data-start=\"721\" data-end=\"743\">Inhalt: 1,5 Liter<\/p>\n<\/li>\n<li data-start=\"744\" data-end=\"768\">\n<p data-start=\"746\" data-end=\"768\">Ges\u00fc\u00dftes kohlens\u00e4urehaltiges Getr\u00e4nk<\/p>\n<\/li>\n<li data-start=\"769\" data-end=\"797\">\n<p data-start=\"771\" data-end=\"797\">Ohne k\u00fcnstliche Farbstoffe<\/p>\n<\/li>\n<li data-start=\"798\" data-end=\"837\">\n<p data-start=\"800\" data-end=\"837\">Familienformat, ideal zum Teilen<\/p>\n<\/li>\n<\/ul>\n","protected":false},"excerpt":{"rendered":"<p>Fanta Orange 1,5L Limonade \u2013 ein Familienformat mit fruchtigem Orangengeschmack, perfekt f\u00fcr all deine Erfrischungspausen.<\/p>\n","protected":false},"featured_media":17682,"comment_status":"open","ping_status":"closed","template":"","meta":{"iawp_total_views":0},"product_brand":[214],"product_cat":[226,232,231],"product_tag":[],"class_list":{"0":"post-17681","1":"product","2":"type-product","3":"status-publish","4":"has-post-thumbnail","6":"product_brand-fanta","7":"product_cat-alle-unsere-produkte","8":"product_cat-erfrischungsgetrank","9":"product_cat-getranke","11":"first","12":"instock","13":"shipping-taxable","14":"purchasable","15":"product-type-simple"},"yoast_head":"<!-- This site is optimized with the Yoast SEO plugin v27.3 - https:\/\/yoast.com\/product\/yoast-seo-wordpress\/ -->\n<title>Fanta Orange 1,5 L \u2013 Fruchtiges Orangen-Erfrischungsgetr\u00e4nk - hakmarfrance.online<\/title>\n<meta name=\"robots\" content=\"index, follow, max-snippet:-1, max-image-preview:large, max-video-preview:-1\" \/>\n<link rel=\"canonical\" href=\"https:\/\/hakmarfrance.online\/de\/produit\/fanta-orange-15-l-fruchtiges-orangen-erfrischungsgetraenk\/\" \/>\n<meta property=\"og:locale\" content=\"de_DE\" \/>\n<meta property=\"og:type\" content=\"article\" \/>\n<meta property=\"og:title\" content=\"Fanta Orange 1,5 L \u2013 Fruchtiges Orangen-Erfrischungsgetr\u00e4nk - hakmarfrance.online\" \/>\n<meta property=\"og:description\" content=\"Fanta Orange 1,5L Limonade \u2013 ein Familienformat mit fruchtigem Orangengeschmack, perfekt f\u00fcr all deine Erfrischungspausen.\" \/>\n<meta property=\"og:url\" content=\"https:\/\/hakmarfrance.online\/de\/produit\/fanta-orange-15-l-fruchtiges-orangen-erfrischungsgetraenk\/\" \/>\n<meta property=\"og:site_name\" content=\"hakmarfrance.online\" \/>\n<meta property=\"article:publisher\" content=\"https:\/\/www.facebook.com\/HakmarFranceSupermarche\/?locale=fr_FR\" \/>\n<meta property=\"og:image\" content=\"https:\/\/hakmarfrance.online\/wp-content\/uploads\/2025\/07\/fanta-orange-1-5l.avif\" \/>\n\t<meta property=\"og:image:width\" content=\"1000\" \/>\n\t<meta property=\"og:image:height\" content=\"800\" \/>\n\t<meta property=\"og:image:type\" content=\"image\/png\" \/>\n<meta name=\"twitter:card\" content=\"summary_large_image\" \/>\n<script type=\"application\/ld+json\" class=\"yoast-schema-graph\">{\"@context\":\"https:\\\/\\\/schema.org\",\"@graph\":[{\"@type\":\"WebPage\",\"@id\":\"https:\\\/\\\/hakmarfrance.online\\\/de\\\/produit\\\/fanta-orange-15-l-fruchtiges-orangen-erfrischungsgetraenk\\\/\",\"url\":\"https:\\\/\\\/hakmarfrance.online\\\/de\\\/produit\\\/fanta-orange-15-l-fruchtiges-orangen-erfrischungsgetraenk\\\/\",\"name\":\"Fanta Orange 1,5 L \u2013 Fruchtiges Orangen-Erfrischungsgetr\u00e4nk - hakmarfrance.online\",\"isPartOf\":{\"@id\":\"https:\\\/\\\/hakmarfrance.online\\\/de\\\/#website\"},\"primaryImageOfPage\":{\"@id\":\"https:\\\/\\\/hakmarfrance.online\\\/de\\\/produit\\\/fanta-orange-15-l-fruchtiges-orangen-erfrischungsgetraenk\\\/#primaryimage\"},\"image\":{\"@id\":\"https:\\\/\\\/hakmarfrance.online\\\/de\\\/produit\\\/fanta-orange-15-l-fruchtiges-orangen-erfrischungsgetraenk\\\/#primaryimage\"},\"thumbnailUrl\":\"https:\\\/\\\/hakmarfrance.online\\\/wp-content\\\/uploads\\\/2025\\\/07\\\/fanta-orange-1-5l.avif\",\"datePublished\":\"2025-07-09T10:53:20+00:00\",\"breadcrumb\":{\"@id\":\"https:\\\/\\\/hakmarfrance.online\\\/de\\\/produit\\\/fanta-orange-15-l-fruchtiges-orangen-erfrischungsgetraenk\\\/#breadcrumb\"},\"inLanguage\":\"de\",\"potentialAction\":[{\"@type\":\"ReadAction\",\"target\":[\"https:\\\/\\\/hakmarfrance.online\\\/de\\\/produit\\\/fanta-orange-15-l-fruchtiges-orangen-erfrischungsgetraenk\\\/\"]}]},{\"@type\":\"ImageObject\",\"inLanguage\":\"de\",\"@id\":\"https:\\\/\\\/hakmarfrance.online\\\/de\\\/produit\\\/fanta-orange-15-l-fruchtiges-orangen-erfrischungsgetraenk\\\/#primaryimage\",\"url\":\"https:\\\/\\\/hakmarfrance.online\\\/wp-content\\\/uploads\\\/2025\\\/07\\\/fanta-orange-1-5l.avif\",\"contentUrl\":\"https:\\\/\\\/hakmarfrance.online\\\/wp-content\\\/uploads\\\/2025\\\/07\\\/fanta-orange-1-5l.avif\",\"width\":1000,\"height\":800,\"caption\":\"Fanta Orange \u2013 1,5L Flasche sprudelndes Orangengetr\u00e4nk\"},{\"@type\":\"BreadcrumbList\",\"@id\":\"https:\\\/\\\/hakmarfrance.online\\\/de\\\/produit\\\/fanta-orange-15-l-fruchtiges-orangen-erfrischungsgetraenk\\\/#breadcrumb\",\"itemListElement\":[{\"@type\":\"ListItem\",\"position\":1,\"name\":\"Accueil\",\"item\":\"https:\\\/\\\/hakmarfrance.online\\\/de\\\/\"},{\"@type\":\"ListItem\",\"position\":2,\"name\":\"Shop\",\"item\":\"https:\\\/\\\/hakmarfrance.online\\\/de\\\/shop\\\/\"},{\"@type\":\"ListItem\",\"position\":3,\"name\":\"Fanta Orange 1,5 L \u2013 Fruchtiges Orangen-Erfrischungsgetr\u00e4nk\"}]},{\"@type\":\"WebSite\",\"@id\":\"https:\\\/\\\/hakmarfrance.online\\\/de\\\/#website\",\"url\":\"https:\\\/\\\/hakmarfrance.online\\\/de\\\/\",\"name\":\"hakmarfrance.online\",\"description\":\"\",\"publisher\":{\"@id\":\"https:\\\/\\\/hakmarfrance.online\\\/de\\\/#organization\"},\"potentialAction\":[{\"@type\":\"SearchAction\",\"target\":{\"@type\":\"EntryPoint\",\"urlTemplate\":\"https:\\\/\\\/hakmarfrance.online\\\/de\\\/?s={search_term_string}\"},\"query-input\":{\"@type\":\"PropertyValueSpecification\",\"valueRequired\":true,\"valueName\":\"search_term_string\"}}],\"inLanguage\":\"de\"},{\"@type\":\"Organization\",\"@id\":\"https:\\\/\\\/hakmarfrance.online\\\/de\\\/#organization\",\"name\":\"hakmarfrance.online\",\"url\":\"https:\\\/\\\/hakmarfrance.online\\\/de\\\/\",\"logo\":{\"@type\":\"ImageObject\",\"inLanguage\":\"de\",\"@id\":\"https:\\\/\\\/hakmarfrance.online\\\/de\\\/#\\\/schema\\\/logo\\\/image\\\/\",\"url\":\"https:\\\/\\\/hakmarfrance.online\\\/wp-content\\\/uploads\\\/2025\\\/06\\\/logo-hakmarfrance.png\",\"contentUrl\":\"https:\\\/\\\/hakmarfrance.online\\\/wp-content\\\/uploads\\\/2025\\\/06\\\/logo-hakmarfrance.png\",\"width\":528,\"height\":232,\"caption\":\"hakmarfrance.online\"},\"image\":{\"@id\":\"https:\\\/\\\/hakmarfrance.online\\\/de\\\/#\\\/schema\\\/logo\\\/image\\\/\"},\"sameAs\":[\"https:\\\/\\\/www.facebook.com\\\/HakmarFranceSupermarche\\\/?locale=fr_FR\",\"https:\\\/\\\/www.instagram.com\\\/hakmarfrancesupermarche\\\/\"]}]}<\/script>\n<!-- \/ Yoast SEO plugin. -->","yoast_head_json":{"title":"Fanta Orange 1,5 L \u2013 Fruchtiges Orangen-Erfrischungsgetr\u00e4nk - hakmarfrance.online","robots":{"index":"index","follow":"follow","max-snippet":"max-snippet:-1","max-image-preview":"max-image-preview:large","max-video-preview":"max-video-preview:-1"},"canonical":"https:\/\/hakmarfrance.online\/de\/produit\/fanta-orange-15-l-fruchtiges-orangen-erfrischungsgetraenk\/","og_locale":"de_DE","og_type":"article","og_title":"Fanta Orange 1,5 L \u2013 Fruchtiges Orangen-Erfrischungsgetr\u00e4nk - hakmarfrance.online","og_description":"Fanta Orange 1,5L Limonade \u2013 ein Familienformat mit fruchtigem Orangengeschmack, perfekt f\u00fcr all deine Erfrischungspausen.","og_url":"https:\/\/hakmarfrance.online\/de\/produit\/fanta-orange-15-l-fruchtiges-orangen-erfrischungsgetraenk\/","og_site_name":"hakmarfrance.online","article_publisher":"https:\/\/www.facebook.com\/HakmarFranceSupermarche\/?locale=fr_FR","og_image":[{"width":1000,"height":800,"url":"https:\/\/hakmarfrance.online\/wp-content\/uploads\/2025\/07\/fanta-orange-1-5l.avif","type":"image\/png"}],"twitter_card":"summary_large_image","schema":{"@context":"https:\/\/schema.org","@graph":[{"@type":"WebPage","@id":"https:\/\/hakmarfrance.online\/de\/produit\/fanta-orange-15-l-fruchtiges-orangen-erfrischungsgetraenk\/","url":"https:\/\/hakmarfrance.online\/de\/produit\/fanta-orange-15-l-fruchtiges-orangen-erfrischungsgetraenk\/","name":"Fanta Orange 1,5 L \u2013 Fruchtiges Orangen-Erfrischungsgetr\u00e4nk - hakmarfrance.online","isPartOf":{"@id":"https:\/\/hakmarfrance.online\/de\/#website"},"primaryImageOfPage":{"@id":"https:\/\/hakmarfrance.online\/de\/produit\/fanta-orange-15-l-fruchtiges-orangen-erfrischungsgetraenk\/#primaryimage"},"image":{"@id":"https:\/\/hakmarfrance.online\/de\/produit\/fanta-orange-15-l-fruchtiges-orangen-erfrischungsgetraenk\/#primaryimage"},"thumbnailUrl":"https:\/\/hakmarfrance.online\/wp-content\/uploads\/2025\/07\/fanta-orange-1-5l.avif","datePublished":"2025-07-09T10:53:20+00:00","breadcrumb":{"@id":"https:\/\/hakmarfrance.online\/de\/produit\/fanta-orange-15-l-fruchtiges-orangen-erfrischungsgetraenk\/#breadcrumb"},"inLanguage":"de","potentialAction":[{"@type":"ReadAction","target":["https:\/\/hakmarfrance.online\/de\/produit\/fanta-orange-15-l-fruchtiges-orangen-erfrischungsgetraenk\/"]}]},{"@type":"ImageObject","inLanguage":"de","@id":"https:\/\/hakmarfrance.online\/de\/produit\/fanta-orange-15-l-fruchtiges-orangen-erfrischungsgetraenk\/#primaryimage","url":"https:\/\/hakmarfrance.online\/wp-content\/uploads\/2025\/07\/fanta-orange-1-5l.avif","contentUrl":"https:\/\/hakmarfrance.online\/wp-content\/uploads\/2025\/07\/fanta-orange-1-5l.avif","width":1000,"height":800,"caption":"Fanta Orange \u2013 1,5L Flasche sprudelndes Orangengetr\u00e4nk"},{"@type":"BreadcrumbList","@id":"https:\/\/hakmarfrance.online\/de\/produit\/fanta-orange-15-l-fruchtiges-orangen-erfrischungsgetraenk\/#breadcrumb","itemListElement":[{"@type":"ListItem","position":1,"name":"Accueil","item":"https:\/\/hakmarfrance.online\/de\/"},{"@type":"ListItem","position":2,"name":"Shop","item":"https:\/\/hakmarfrance.online\/de\/shop\/"},{"@type":"ListItem","position":3,"name":"Fanta Orange 1,5 L \u2013 Fruchtiges Orangen-Erfrischungsgetr\u00e4nk"}]},{"@type":"WebSite","@id":"https:\/\/hakmarfrance.online\/de\/#website","url":"https:\/\/hakmarfrance.online\/de\/","name":"hakmarfrance.online","description":"","publisher":{"@id":"https:\/\/hakmarfrance.online\/de\/#organization"},"potentialAction":[{"@type":"SearchAction","target":{"@type":"EntryPoint","urlTemplate":"https:\/\/hakmarfrance.online\/de\/?s={search_term_string}"},"query-input":{"@type":"PropertyValueSpecification","valueRequired":true,"valueName":"search_term_string"}}],"inLanguage":"de"},{"@type":"Organization","@id":"https:\/\/hakmarfrance.online\/de\/#organization","name":"hakmarfrance.online","url":"https:\/\/hakmarfrance.online\/de\/","logo":{"@type":"ImageObject","inLanguage":"de","@id":"https:\/\/hakmarfrance.online\/de\/#\/schema\/logo\/image\/","url":"https:\/\/hakmarfrance.online\/wp-content\/uploads\/2025\/06\/logo-hakmarfrance.png","contentUrl":"https:\/\/hakmarfrance.online\/wp-content\/uploads\/2025\/06\/logo-hakmarfrance.png","width":528,"height":232,"caption":"hakmarfrance.online"},"image":{"@id":"https:\/\/hakmarfrance.online\/de\/#\/schema\/logo\/image\/"},"sameAs":["https:\/\/www.facebook.com\/HakmarFranceSupermarche\/?locale=fr_FR","https:\/\/www.instagram.com\/hakmarfrancesupermarche\/"]}]}},"_links":{"self":[{"href":"https:\/\/hakmarfrance.online\/de\/wp-json\/wp\/v2\/product\/17681","targetHints":{"allow":["GET"]}}],"collection":[{"href":"https:\/\/hakmarfrance.online\/de\/wp-json\/wp\/v2\/product"}],"about":[{"href":"https:\/\/hakmarfrance.online\/de\/wp-json\/wp\/v2\/types\/product"}],"replies":[{"embeddable":true,"href":"https:\/\/hakmarfrance.online\/de\/wp-json\/wp\/v2\/comments?post=17681"}],"version-history":[{"count":0,"href":"https:\/\/hakmarfrance.online\/de\/wp-json\/wp\/v2\/product\/17681\/revisions"}],"wp:featuredmedia":[{"embeddable":true,"href":"https:\/\/hakmarfrance.online\/de\/wp-json\/wp\/v2\/media\/17682"}],"wp:attachment":[{"href":"https:\/\/hakmarfrance.online\/de\/wp-json\/wp\/v2\/media?parent=17681"}],"wp:term":[{"taxonomy":"product_brand","embeddable":true,"href":"https:\/\/hakmarfrance.online\/de\/wp-json\/wp\/v2\/product_brand?post=17681"},{"taxonomy":"product_cat","embeddable":true,"href":"https:\/\/hakmarfrance.online\/de\/wp-json\/wp\/v2\/product_cat?post=17681"},{"taxonomy":"product_tag","embeddable":true,"href":"https:\/\/hakmarfrance.online\/de\/wp-json\/wp\/v2\/product_tag?post=17681"}],"curies":[{"name":"wp","href":"https:\/\/api.w.org\/{rel}","templated":true}]}}